{"id":8336,"date":"2021-10-12T14:48:54","date_gmt":"2021-10-12T14:48:54","guid":{"rendered":"https:\/\/exogen.com\/how-to-get-exogen\/"},"modified":"2023-09-27T18:41:06","modified_gmt":"2023-09-27T18:41:06","slug":"how-to-get-exogen","status":"publish","type":"page","link":"https:\/\/www.exogen.com\/ch\/how-to-get-exogen\/","title":{"rendered":"How to Get EXOGEN"},"content":{"rendered":"<div class=\"wpb-content-wrapper\"><p>[vc_row row_height_percent=&#187;0&#8243; back_image=&#187;239&#8243; back_repeat=&#187;no-repeat&#187; back_position=&#187;center center&#187; overlay_alpha=&#187;50&#8243; gutter_size=&#187;3&#8243; column_width_percent=&#187;100&#8243; shift_y=&#187;0&#8243; z_index=&#187;0&#8243; uncode_shortcode_id=&#187;103976&#8243; row_height_pixel=&#187;460&#8243; back_size=&#187;cover&#187; el_class=&#187;inner-banner&#187; css=&#187;.vc_custom_1634312010018{margin-top: 88px !important;margin-bottom: 60px !important;}&#187;][vc_column column_width_percent=&#187;100&#8243; position_vertical=&#187;middle&#187; gutter_size=&#187;3&#8243; overlay_alpha=&#187;50&#8243; shift_x=&#187;0&#8243; shift_y=&#187;0&#8243; shift_y_down=&#187;0&#8243; z_index=&#187;0&#8243; medium_width=&#187;0&#8243; mobile_width=&#187;0&#8243; width=&#187;1\/2&#8243; uncode_shortcode_id=&#187;208174&#8243; css=&#187;.vc_custom_1634042877970{padding-top: 60px !important;}&#187;][vc_custom_heading text_color=&#187;color-xsdn&#187; heading_semantic=&#187;h1&#8243; text_size=&#187;fontsize-942846&#8243; text_weight=&#187;400&#8243; text_transform=&#187;uppercase&#187; text_height=&#187;fontheight-667169&#8243; uncode_shortcode_id=&#187;442324&#8243; text_color_type=&#187;uncode-palette&#187;]So erhalten Sie<br \/>\n<span style=\"font-weight: 700 !important;\"> EXOGEN<\/span>[\/vc_custom_heading][\/vc_column][vc_column width=&#187;1\/2&#8243;][\/vc_column][\/vc_row][vc_row][vc_column width=&#187;1\/12&#8243;][\/vc_column][vc_column column_width_percent=&#187;100&#8243; align_horizontal=&#187;align_center&#187; gutter_size=&#187;3&#8243; overlay_alpha=&#187;50&#8243; shift_x=&#187;0&#8243; shift_y=&#187;0&#8243; shift_y_down=&#187;0&#8243; z_index=&#187;0&#8243; medium_width=&#187;0&#8243; mobile_width=&#187;0&#8243; width=&#187;10\/12&#8243; uncode_shortcode_id=&#187;129910&#8243; el_class=&#187;begining-text&#187;][vc_custom_heading text_color=&#187;color-121277&#8243; heading_semantic=&#187;h3&#8243; text_font=&#187;font-559666&#8243; text_size=&#187;fontsize-242148&#8243; text_transform=&#187;uppercase&#187; text_height=&#187;fontheight-133340&#8243; text_space=&#187;fontspace-572008&#8243; uncode_shortcode_id=&#187;107421&#8243; text_color_type=&#187;uncode-palette&#187;]EXOGEN erhalten[\/vc_custom_heading][vc_empty_space empty_h=&#187;1&#8243;][vc_column_text uncode_shortcode_id=&#187;693115&#8243; css=&#187;.vc_custom_1640609484500{margin-top: 5px !important;}&#187;]<strong>Das EXOGEN Ultraschall-Knochenheilungssystem erhalten Sie auf Verschreibung durch Ihren Arzt. <\/strong>[\/vc_column_text][vc_row_inner row_inner_height_percent=&#187;0&#8243; overlay_alpha=&#187;50&#8243; gutter_size=&#187;3&#8243; shift_y=&#187;0&#8243; z_index=&#187;0&#8243; uncode_shortcode_id=&#187;194768&#8243; css=&#187;.vc_custom_1634785891659{margin-top: 20px !important;border-bottom-width: 0px !important;padding-top: 0px !important;padding-bottom: 0px !important;}&#187;][vc_column_inner width=&#187;3\/12&#8243;][\/vc_column_inner][vc_column_inner column_width_percent=&#187;100&#8243; gutter_size=&#187;3&#8243; overlay_alpha=&#187;50&#8243; shift_x=&#187;0&#8243; shift_y=&#187;0&#8243; shift_y_down=&#187;0&#8243; z_index=&#187;0&#8243; medium_width=&#187;0&#8243; mobile_width=&#187;0&#8243; width=&#187;6\/12&#8243; uncode_shortcode_id=&#187;148487&#8243;][vc_column_text uncode_shortcode_id=&#187;145352&#8243; css=&#187;.vc_custom_1642014442449{margin-top: 30px !important;margin-bottom: 10px !important;padding-top: 0px !important;padding-bottom: 0px !important;}&#187;]<\/p>\n<ol>\n<li>Fragen Sie Ihren Arzt nach EXOGEN<\/li>\n<li>Lassen Sie das Ger\u00e4t anpassen<\/li>\n<li>Beginnen Sie den Heilungsprozess von daheim<\/li>\n<\/ol>\n<p>[\/vc_column_text][\/vc_column_inner][vc_column_inner width=&#187;3\/12&#8243;][\/vc_column_inner][\/vc_row_inner][vc_column_text uncode_shortcode_id=&#187;214141&#8243; css=&#187;.vc_custom_1642014605550{margin-top: 5px !important;}&#187;]Unser <span class=\"orange-font\"><a href=\"\/wp-content\/uploads\/2021\/10\/SMK-002294_EXOGEN_Bone-Healing-Discussion-Guide_US-1.pdf\" target=\"_blank\" rel=\"noopener\">EXOGEN Gespr\u00e4chsleitfaden zur Knochenheilung<\/a><\/span> hilft Ihnen und Ihrem Arzt festzustellen, ob EXOGEN f\u00fcr Sie geeignet ist. F\u00fcllen Sie diesen Bewertungsbogen zur Unterst\u00fctzung einfach aus und bringen Sie ihn zum n\u00e4chsten Arzttermin mit.[\/vc_column_text][vc_button button_color=&#187;color-207599&#8243; size=&#187;btn-sm&#187; radius=&#187;btn-circle&#187; hover_fx=&#187;full-colored&#187; border_width=&#187;0&#8243; icon_position=&#187;right&#187; uncode_shortcode_id=&#187;239783&#8243; button_color_type=&#187;uncode-palette&#187; icon=&#187;fa fa-arrow-right2&#8243; link=&#187;url:%2Fde%2Fcontact-an-exogen-rep%2F&#187;]Sind Sie ein Gesundheitsdienstleister? Kontaktieren Sie einen EXOGEN Vertreter [\/vc_button][vc_column_text uncode_shortcode_id=&#187;195620&#8243; css=&#187;.vc_custom_1642014535517{margin-top: 5px !important;}&#187;]F\u00fcr weitere Informationen wenden Sie sich bitte an den Bioventus Kundendienst<\/p>\n<p>Konaktdaten Bioventus<br \/>\nKundendienst<br \/>\n<strong>T<\/strong>: <a href=\"tel:0800-1833735\">0800-1833735<\/a> (Kostenfrei)<br \/>\n<strong>E<\/strong>: <a href=\"mailto:CustomerCare-International@BioventusGlobal.com\">CustomerCare-International@BioventusGlobal.com<\/a><\/p>\n<p>Bioventus Global<br \/>\n<a href=\"http:\/\/www.Bioventus.com\" target=\"_blank\" rel=\"noopener\">www.Bioventus.com<\/a>[\/vc_column_text][\/vc_column][vc_column width=&#187;1\/12&#8243;][\/vc_column][\/vc_row]<\/p>\n<\/div>","protected":false},"excerpt":{"rendered":"<p>[vc_row row_height_percent=&#187;0&#8243; back_image=&#187;239&#8243; back_repeat=&#187;no-repeat&#187; back_position=&#187;center center&#187; overlay_alpha=&#187;50&#8243; gutter_size=&#187;3&#8243; column_width_percent=&#187;100&#8243; shift_y=&#187;0&#8243; z_index=&#187;0&#8243; uncode_shortcode_id=&#187;103976&#8243; row_height_pixel=&#187;460&#8243; back_size=&#187;cover&#187; el_class=&#187;inner-banner&#187; css=&#187;.vc_custom_1634312010018{margin-top: 88px !important;margin-bottom: 60px !important;}&#187;][vc_column [&hellip;]<\/p>\n","protected":false},"author":1,"featured_media":0,"parent":0,"menu_order":0,"comment_status":"closed","ping_status":"closed","template":"","meta":{"_acf_changed":false,"_five9_enable_chat":"","footnotes":""},"class_list":["post-8336","page","type-page","status-publish","hentry"],"acf":[],"yoast_head":"<!-- This site is optimized with the Yoast SEO plugin v27.3 - https:\/\/yoast.com\/product\/yoast-seo-wordpress\/ -->\n<title>So erhalten SieEXOGEN - EXOGEN Knochenheilungs-Ultraschallsystem<\/title>\n<meta name=\"robots\" content=\"index, follow, max-snippet:-1, max-image-preview:large, max-video-preview:-1\" \/>\n<link rel=\"canonical\" href=\"https:\/\/www.exogen.com\/ch\/how-to-get-exogen\/\" \/>\n<meta property=\"og:locale\" content=\"de_DE\" \/>\n<meta property=\"og:type\" content=\"article\" \/>\n<meta property=\"og:title\" content=\"So erhalten SieEXOGEN - EXOGEN Knochenheilungs-Ultraschallsystem\" \/>\n<meta property=\"og:description\" content=\"[vc_row row_height_percent=&#187;0&#8243; back_image=&#187;239&#8243; back_repeat=&#187;no-repeat&#187; back_position=&#187;center center&#187; overlay_alpha=&#187;50&#8243; gutter_size=&#187;3&#8243; column_width_percent=&#187;100&#8243; shift_y=&#187;0&#8243; z_index=&#187;0&#8243; uncode_shortcode_id=&#187;103976&#8243; row_height_pixel=&#187;460&#8243; back_size=&#187;cover&#187; el_class=&#187;inner-banner&#187; css=&#187;.vc_custom_1634312010018{margin-top: 88px !important;margin-bottom: 60px !important;}&#187;][vc_column [&hellip;]\" \/>\n<meta property=\"og:url\" content=\"https:\/\/www.exogen.com\/ch\/how-to-get-exogen\/\" \/>\n<meta property=\"og:site_name\" content=\"EXOGEN Ultrasound Bone Healing System\" \/>\n<meta property=\"article:publisher\" content=\"https:\/\/www.facebook.com\/exogenbonehealing\/\" \/>\n<meta property=\"article:modified_time\" content=\"2023-09-27T18:41:06+00:00\" \/>\n<meta name=\"twitter:card\" content=\"summary_large_image\" \/>\n<meta name=\"twitter:label1\" content=\"Gesch\u00e4tzte Lesezeit\" \/>\n\t<meta name=\"twitter:data1\" content=\"1 Minute\" \/>\n<script type=\"application\/ld+json\" class=\"yoast-schema-graph\">{\"@context\":\"https:\\\/\\\/schema.org\",\"@graph\":[{\"@type\":\"WebPage\",\"@id\":\"https:\\\/\\\/www.exogen.com\\\/ch\\\/how-to-get-exogen\\\/\",\"url\":\"https:\\\/\\\/www.exogen.com\\\/ch\\\/how-to-get-exogen\\\/\",\"name\":\"So erhalten SieEXOGEN - EXOGEN Knochenheilungs-Ultraschallsystem\",\"isPartOf\":{\"@id\":\"https:\\\/\\\/www.exogen.com\\\/ch\\\/#website\"},\"datePublished\":\"2021-10-12T14:48:54+00:00\",\"dateModified\":\"2023-09-27T18:41:06+00:00\",\"breadcrumb\":{\"@id\":\"https:\\\/\\\/www.exogen.com\\\/ch\\\/how-to-get-exogen\\\/#breadcrumb\"},\"inLanguage\":\"de-CH\",\"potentialAction\":[{\"@type\":\"ReadAction\",\"target\":[\"https:\\\/\\\/www.exogen.com\\\/ch\\\/how-to-get-exogen\\\/\"]}]},{\"@type\":\"BreadcrumbList\",\"@id\":\"https:\\\/\\\/www.exogen.com\\\/ch\\\/how-to-get-exogen\\\/#breadcrumb\",\"itemListElement\":[{\"@type\":\"ListItem\",\"position\":1,\"name\":\"Home\",\"item\":\"https:\\\/\\\/www.exogen.com\\\/ch\\\/\"},{\"@type\":\"ListItem\",\"position\":2,\"name\":\"How to Get EXOGEN\"}]},{\"@type\":\"WebSite\",\"@id\":\"https:\\\/\\\/www.exogen.com\\\/ch\\\/#website\",\"url\":\"https:\\\/\\\/www.exogen.com\\\/ch\\\/\",\"name\":\"EXOGEN Ultrasound Bone Healing System\",\"description\":\"Ultrasound Bone Healing System\",\"publisher\":{\"@id\":\"https:\\\/\\\/www.exogen.com\\\/ch\\\/#organization\"},\"potentialAction\":[{\"@type\":\"SearchAction\",\"target\":{\"@type\":\"EntryPoint\",\"urlTemplate\":\"https:\\\/\\\/www.exogen.com\\\/ch\\\/?s={search_term_string}\"},\"query-input\":{\"@type\":\"PropertyValueSpecification\",\"valueRequired\":true,\"valueName\":\"search_term_string\"}}],\"inLanguage\":\"de-CH\"},{\"@type\":\"Organization\",\"@id\":\"https:\\\/\\\/www.exogen.com\\\/ch\\\/#organization\",\"name\":\"EXOGEN\",\"url\":\"https:\\\/\\\/www.exogen.com\\\/ch\\\/\",\"logo\":{\"@type\":\"ImageObject\",\"inLanguage\":\"de-CH\",\"@id\":\"https:\\\/\\\/www.exogen.com\\\/ch\\\/#\\\/schema\\\/logo\\\/image\\\/\",\"url\":\"https:\\\/\\\/www.exogen.com\\\/wp-content\\\/uploads\\\/2021\\\/10\\\/purple-logo.png\",\"contentUrl\":\"https:\\\/\\\/www.exogen.com\\\/wp-content\\\/uploads\\\/2021\\\/10\\\/purple-logo.png\",\"width\":264,\"height\":100,\"caption\":\"EXOGEN\"},\"image\":{\"@id\":\"https:\\\/\\\/www.exogen.com\\\/ch\\\/#\\\/schema\\\/logo\\\/image\\\/\"},\"sameAs\":[\"https:\\\/\\\/www.facebook.com\\\/exogenbonehealing\\\/\",\"https:\\\/\\\/www.instagram.com\\\/exogenbonehealing\\\/\",\"https:\\\/\\\/www.youtube.com\\\/channel\\\/UCP5jnVTUjZZKlr_b-mxr49w\"]}]}<\/script>\n<!-- \/ Yoast SEO plugin. -->","yoast_head_json":{"title":"So erhalten SieEXOGEN - EXOGEN Knochenheilungs-Ultraschallsystem","robots":{"index":"index","follow":"follow","max-snippet":"max-snippet:-1","max-image-preview":"max-image-preview:large","max-video-preview":"max-video-preview:-1"},"canonical":"https:\/\/www.exogen.com\/ch\/how-to-get-exogen\/","og_locale":"de_DE","og_type":"article","og_title":"So erhalten SieEXOGEN - EXOGEN Knochenheilungs-Ultraschallsystem","og_description":"[vc_row row_height_percent=&#187;0&#8243; back_image=&#187;239&#8243; back_repeat=&#187;no-repeat&#187; back_position=&#187;center center&#187; overlay_alpha=&#187;50&#8243; gutter_size=&#187;3&#8243; column_width_percent=&#187;100&#8243; shift_y=&#187;0&#8243; z_index=&#187;0&#8243; uncode_shortcode_id=&#187;103976&#8243; row_height_pixel=&#187;460&#8243; back_size=&#187;cover&#187; el_class=&#187;inner-banner&#187; css=&#187;.vc_custom_1634312010018{margin-top: 88px !important;margin-bottom: 60px !important;}&#187;][vc_column [&hellip;]","og_url":"https:\/\/www.exogen.com\/ch\/how-to-get-exogen\/","og_site_name":"EXOGEN Ultrasound Bone Healing System","article_publisher":"https:\/\/www.facebook.com\/exogenbonehealing\/","article_modified_time":"2023-09-27T18:41:06+00:00","twitter_card":"summary_large_image","twitter_misc":{"Gesch\u00e4tzte Lesezeit":"1 Minute"},"schema":{"@context":"https:\/\/schema.org","@graph":[{"@type":"WebPage","@id":"https:\/\/www.exogen.com\/ch\/how-to-get-exogen\/","url":"https:\/\/www.exogen.com\/ch\/how-to-get-exogen\/","name":"So erhalten SieEXOGEN - EXOGEN Knochenheilungs-Ultraschallsystem","isPartOf":{"@id":"https:\/\/www.exogen.com\/ch\/#website"},"datePublished":"2021-10-12T14:48:54+00:00","dateModified":"2023-09-27T18:41:06+00:00","breadcrumb":{"@id":"https:\/\/www.exogen.com\/ch\/how-to-get-exogen\/#breadcrumb"},"inLanguage":"de-CH","potentialAction":[{"@type":"ReadAction","target":["https:\/\/www.exogen.com\/ch\/how-to-get-exogen\/"]}]},{"@type":"BreadcrumbList","@id":"https:\/\/www.exogen.com\/ch\/how-to-get-exogen\/#breadcrumb","itemListElement":[{"@type":"ListItem","position":1,"name":"Home","item":"https:\/\/www.exogen.com\/ch\/"},{"@type":"ListItem","position":2,"name":"How to Get EXOGEN"}]},{"@type":"WebSite","@id":"https:\/\/www.exogen.com\/ch\/#website","url":"https:\/\/www.exogen.com\/ch\/","name":"EXOGEN Ultrasound Bone Healing System","description":"Ultrasound Bone Healing System","publisher":{"@id":"https:\/\/www.exogen.com\/ch\/#organization"},"potentialAction":[{"@type":"SearchAction","target":{"@type":"EntryPoint","urlTemplate":"https:\/\/www.exogen.com\/ch\/?s={search_term_string}"},"query-input":{"@type":"PropertyValueSpecification","valueRequired":true,"valueName":"search_term_string"}}],"inLanguage":"de-CH"},{"@type":"Organization","@id":"https:\/\/www.exogen.com\/ch\/#organization","name":"EXOGEN","url":"https:\/\/www.exogen.com\/ch\/","logo":{"@type":"ImageObject","inLanguage":"de-CH","@id":"https:\/\/www.exogen.com\/ch\/#\/schema\/logo\/image\/","url":"https:\/\/www.exogen.com\/wp-content\/uploads\/2021\/10\/purple-logo.png","contentUrl":"https:\/\/www.exogen.com\/wp-content\/uploads\/2021\/10\/purple-logo.png","width":264,"height":100,"caption":"EXOGEN"},"image":{"@id":"https:\/\/www.exogen.com\/ch\/#\/schema\/logo\/image\/"},"sameAs":["https:\/\/www.facebook.com\/exogenbonehealing\/","https:\/\/www.instagram.com\/exogenbonehealing\/","https:\/\/www.youtube.com\/channel\/UCP5jnVTUjZZKlr_b-mxr49w"]}]}},"_links":{"self":[{"href":"https:\/\/www.exogen.com\/ch\/wp-json\/wp\/v2\/pages\/8336","targetHints":{"allow":["GET"]}}],"collection":[{"href":"https:\/\/www.exogen.com\/ch\/wp-json\/wp\/v2\/pages"}],"about":[{"href":"https:\/\/www.exogen.com\/ch\/wp-json\/wp\/v2\/types\/page"}],"author":[{"embeddable":true,"href":"https:\/\/www.exogen.com\/ch\/wp-json\/wp\/v2\/users\/1"}],"replies":[{"embeddable":true,"href":"https:\/\/www.exogen.com\/ch\/wp-json\/wp\/v2\/comments?post=8336"}],"version-history":[{"count":0,"href":"https:\/\/www.exogen.com\/ch\/wp-json\/wp\/v2\/pages\/8336\/revisions"}],"wp:attachment":[{"href":"https:\/\/www.exogen.com\/ch\/wp-json\/wp\/v2\/media?parent=8336"}],"curies":[{"name":"wp","href":"https:\/\/api.w.org\/{rel}","templated":true}]}}