{"id":8342,"date":"2021-10-12T12:08:52","date_gmt":"2021-10-12T12:08:52","guid":{"rendered":"https:\/\/exogen.com\/contact-an-exogen-rep\/"},"modified":"2023-09-28T16:27:51","modified_gmt":"2023-09-28T16:27:51","slug":"contact-an-exogen-rep","status":"publish","type":"page","link":"https:\/\/www.exogen.com\/ch\/contact-an-exogen-rep\/","title":{"rendered":"Contact an EXOGEN Rep"},"content":{"rendered":"<div class=\"wpb-content-wrapper\"><p>[vc_row row_height_percent=&#187;0&#8243; back_image=&#187;226&#8243; back_repeat=&#187;no-repeat&#187; back_position=&#187;center center&#187; overlay_alpha=&#187;50&#8243; gutter_size=&#187;3&#8243; column_width_percent=&#187;100&#8243; shift_y=&#187;0&#8243; z_index=&#187;0&#8243; uncode_shortcode_id=&#187;264319&#8243; row_height_pixel=&#187;460&#8243; back_size=&#187;cover&#187; el_class=&#187;inner-banner&#187; css=&#187;.vc_custom_1634311826563{margin-top: 88px !important;margin-bottom: 20px !important;}&#187;][vc_column column_width_percent=&#187;100&#8243; position_vertical=&#187;middle&#187; gutter_size=&#187;3&#8243; overlay_alpha=&#187;50&#8243; shift_x=&#187;0&#8243; shift_y=&#187;0&#8243; shift_y_down=&#187;0&#8243; z_index=&#187;0&#8243; medium_width=&#187;0&#8243; mobile_width=&#187;0&#8243; width=&#187;1\/2&#8243; uncode_shortcode_id=&#187;208174&#8243; css=&#187;.vc_custom_1634042877970{padding-top: 60px !important;}&#187;][vc_custom_heading text_color=&#187;color-xsdn&#187; heading_semantic=&#187;h1&#8243; text_size=&#187;fontsize-942846&#8243; text_weight=&#187;400&#8243; text_transform=&#187;uppercase&#187; text_height=&#187;fontheight-667169&#8243; uncode_shortcode_id=&#187;319855&#8243; text_color_type=&#187;uncode-palette&#187;]Einen EXOGEN<br \/>\n<span style=\"font-weight: 700 !important;\">Vertreter kontaktieren<\/span> [\/vc_custom_heading][vc_button size=&#187;btn-lg&#187; radius=&#187;btn-circle&#187; hover_fx=&#187;outlined&#187; border_width=&#187;1&#8243; icon_position=&#187;right&#187; uncode_shortcode_id=&#187;204878&#8243; button_color_type=&#187;uncode-solid&#187; icon=&#187;fa fa-arrow-right2&#8243; link=&#187;url:%23form&#187; button_color_solid=&#187;rgba(0,0,0,0.01)&#187; el_id=&#187;button-transparent&#187;]Erste Schritte mit EXOGEN[\/vc_button][\/vc_column][vc_column width=&#187;1\/2&#8243;][\/vc_column][\/vc_row][vc_row row_height_percent=&#187;0&#8243; overlay_alpha=&#187;50&#8243; gutter_size=&#187;3&#8243; column_width_percent=&#187;100&#8243; shift_y=&#187;0&#8243; z_index=&#187;0&#8243; uncode_shortcode_id=&#187;836963&#8243; css=&#187;.vc_custom_1634042099421{padding-top: 50px !important;padding-bottom: 50px !important;}&#187;][vc_column column_width_percent=&#187;100&#8243; align_horizontal=&#187;align_center&#187; gutter_size=&#187;3&#8243; overlay_alpha=&#187;50&#8243; shift_x=&#187;0&#8243; shift_y=&#187;0&#8243; shift_y_down=&#187;0&#8243; z_index=&#187;0&#8243; medium_width=&#187;0&#8243; mobile_width=&#187;0&#8243; width=&#187;1\/1&#8243; uncode_shortcode_id=&#187;102895&#8243;][vc_row_inner row_inner_height_percent=&#187;0&#8243; overlay_alpha=&#187;50&#8243; gutter_size=&#187;3&#8243; shift_y=&#187;0&#8243; z_index=&#187;0&#8243; uncode_shortcode_id=&#187;117771&#8243; el_id=&#187;Exo_get_wrap&#187; el_class=&#187;web-purple-color&#187; limit_content=&#187;&#187;][vc_column_inner column_width_percent=&#187;100&#8243; align_horizontal=&#187;align_center&#187; gutter_size=&#187;3&#8243; overlay_alpha=&#187;50&#8243; shift_x=&#187;0&#8243; shift_y=&#187;0&#8243; shift_y_down=&#187;0&#8243; z_index=&#187;0&#8243; medium_width=&#187;0&#8243; mobile_width=&#187;0&#8243; width=&#187;1\/1&#8243; uncode_shortcode_id=&#187;301508&#8243;][vc_custom_heading text_color=&#187;color-121277&#8243; heading_semantic=&#187;h3&#8243; text_font=&#187;font-559666&#8243; text_size=&#187;fontsize-242148&#8243; text_weight=&#187;300&#8243; text_transform=&#187;uppercase&#187; text_height=&#187;fontheight-133340&#8243; uncode_shortcode_id=&#187;521796&#8243; text_color_type=&#187;uncode-palette&#187;]Erste Schritte mit EXOGEN[\/vc_custom_heading][vc_empty_space empty_h=&#187;1&#8243;][vc_raw_html el_class=&#187;list-step&#187;]JTNDZGl2JTIwY2xhc3MlM0QlMjJtb2RhbC1zdGVwcyUyMiUzRSUwQSUzQ2RpdiUyMGNsYXNzJTNEJTIyc3RlcCUyMGN1cnJlbnQlMjIlMjBkYXRhLXN0ZXAlM0QlMjIxJTIyJTIwZGF0YS1zdGVwLXNraXAlM0QlMjJmYWxzZSUyMiUzRSUwQSUyMCUyMCUyMCUyMCUyMCUyMCUyMCUyMCUyMCUyMCUyMCUyMCUyMCUyMCUyMCUyMCUyMCUyMCUyMCUyMCUyMCUyMCUyMCUyMCUyMCUyMCUyMCUyMCUyMCUyMCUyMCUyMCUzQ2RpdiUyMGNsYXNzJTNEJTIyZG90JTIyJTNFMSUzQyUyRmRpdiUzRSUwQSUyMCUyMCUyMCUyMCUyMCUyMCUyMCUyMCUyMCUyMCUyMCUyMCUyMCUyMCUyMCUyMCUyMCUyMCUyMCUyMCUyMCUyMCUyMCUyMCUyMCUyMCUyMCUyMCUyMCUyMCUyMCUyMCUzQ2xhYmVsJTIwY2xhc3MlM0QlMjJsYWJlbCUyMiUzRUlkZW50aWZpemllcmVuJTIwU2llJTIwUGF0aWVudGVuJTJDJTIwZGllJTIwdm9uJTIwRVhPR0VOJTIwcHJvZml0aWVyZW4lMjBrJUMzJUI2bm50ZW4lM0MlMkZsYWJlbCUzRSUwQSUyMCUyMCUyMCUyMCUyMCUyMCUyMCUyMCUyMCUyMCUyMCUyMCUyMCUyMCUyMCUyMCUyMCUyMCUyMCUyMCUyMCUyMCUyMCUyMCUyMCUyMCUyMCUyMCUyMCUyMCUyMCUyMCUzQyUyRmRpdiUzRSUzQ2RpdiUyMGNsYXNzJTNEJTIyc3RlcCUyMiUzRSUwQSUyMCUyMCUyMCUyMCUyMCUyMCUyMCUyMCUyMCUyMCUyMCUyMCUyMCUyMCUyMCUyMCUyMCUyMCUyMCUyMCUyMCUyMCUyMCUyMCUyMCUyMCUyMCUyMCUyMCUyMCUyMCUyMCUzQ2RpdiUyMGNsYXNzJTNEJTIyZG90JTIyJTNFMiUzQyUyRmRpdiUzRSUwQSUyMCUyMCUyMCUyMCUyMCUyMCUyMCUyMCUyMCUyMCUyMCUyMCUyMCUyMCUyMCUyMCUyMCUyMCUyMCUyMCUyMCUyMCUyMCUyMCUyMCUyMCUyMCUyMCUyMCUyMCUyMCUyMCUzQ2xhYmVsJTIwY2xhc3MlM0QlMjJsYWJlbCUyMiUzRUtvbnRha3RpZXJlbiUyMFNpZSUyMGVpbmVuJTIwVmVydHJldGVyJTNDJTJGbGFiZWwlM0UlMEElMjAlMjAlMjAlMjAlMjAlMjAlMjAlMjAlMjAlMjAlMjAlMjAlMjAlMjAlMjAlMjAlMjAlMjAlMjAlMjAlMjAlMjAlMjAlMjAlMjAlMjAlMjAlMjAlMjAlMjAlMjAlMjAlM0MlMkZkaXYlM0UlM0NkaXYlMjBjbGFzcyUzRCUyMnN0ZXAlMjIlMjAlM0UlMEElMjAlMjAlMjAlMjAlMjAlMjAlMjAlMjAlMjAlMjAlMjAlMjAlMjAlMjAlMjAlMjAlMjAlMjAlMjAlMjAlMjAlMjAlMjAlMjAlMjAlMjAlMjAlMjAlMjAlMjAlMjAlMjAlMEElMjAlMjAlMjAlMjAlMjAlMjAlMjAlMjAlMjAlMjAlMjAlMjAlMjAlMjAlMjAlMjAlMjAlMjAlMjAlMjAlMjAlMjAlMjAlMjAlMjAlMjAlMjAlMjAlMjAlMjAlMjAlMjAlM0NkaXYlMjBjbGFzcyUzRCUyMmRvdCUyMiUzRTMlM0MlMkZkaXYlM0UlMEElMjAlMjAlMjAlMjAlMjAlMjAlMjAlMjAlMjAlMjAlMjAlMjAlMjAlMjAlMjAlMjAlMjAlMjAlMjAlMjAlMjAlMjAlMjAlMjAlMjAlMjAlMjAlMjAlMjAlMjAlMjAlMjAlM0NsYWJlbCUyMGNsYXNzJTNEJTIybGFiZWwlMjIlM0VVbmQlMjBhYiUyMGRhJTIwJUMzJUJDYmVybmVobWVuJTIwd2lyJTNDJTJGbGFiZWwlM0UlMEElMjAlMjAlMjAlMjAlMjAlMjAlMjAlMjAlMjAlMjAlMjAlMjAlMjAlMjAlMjAlMjAlMjAlMjAlMjAlMjAlMjAlMjAlMjAlMjAlMjAlMjAlMjAlMjAlMjAlMjAlMjAlMjAlM0MlMkZkaXYlM0UlM0MlMkZkaXYlM0U=[\/vc_raw_html][\/vc_column_inner][\/vc_row_inner][\/vc_column][\/vc_row][vc_row row_height_percent=&#187;0&#8243; back_color=&#187;color-763025&#8243; overlay_alpha=&#187;50&#8243; gutter_size=&#187;4&#8243; column_width_percent=&#187;100&#8243; shift_y=&#187;0&#8243; z_index=&#187;0&#8243; uncode_shortcode_id=&#187;303115&#8243; back_color_type=&#187;uncode-palette&#187; css=&#187;.vc_custom_1635955441154{padding-top: 80px !important;padding-bottom: 80px !important;}&#187; row_name=&#187;form&#187;][vc_column column_width_percent=&#187;100&#8243; gutter_size=&#187;3&#8243; overlay_alpha=&#187;50&#8243; shift_x=&#187;0&#8243; shift_y=&#187;0&#8243; shift_y_down=&#187;0&#8243; z_index=&#187;0&#8243; medium_width=&#187;0&#8243; mobile_width=&#187;0&#8243; width=&#187;1\/1&#8243; uncode_shortcode_id=&#187;184396&#8243; el_id=&#187;form-top&#187;][vc_custom_heading text_color=&#187;color-107303&#8243; heading_semantic=&#187;h3&#8243; text_font=&#187;font-559666&#8243; text_size=&#187;fontsize-950476&#8243; uncode_shortcode_id=&#187;148544&#8243; text_color_type=&#187;uncode-palette&#187;]Contact Us[\/vc_custom_heading][vc_column_text uncode_shortcode_id=&#187;641414&#8243; css=&#187;.vc_custom_1640084290859{margin-top: 10px !important;margin-bottom: 5px !important;}&#187;]Bitte f\u00fcllen Sie das untenstehende Formular aus, wenn Sie an unseren Produkten interessiert sind, damit wir den Kontakt zu einem Vertriebsmitarbeiter herstellen k\u00f6nnen. Sollten Sie Fragen haben oder Hilfe w\u00fcnschen, kontaktieren Sie den Bioventus Kundenservice. Vielen Dank f\u00fcr Ihr Interesse an unseren Produkten.[\/vc_column_text]\n<div class=\"wpcf7 no-js\" id=\"wpcf7-f8273-o1\" lang=\"de-CH\" dir=\"ltr\" data-wpcf7-id=\"8273\">\n<div class=\"screen-reader-response\"><p role=\"status\" aria-live=\"polite\" aria-atomic=\"true\"><\/p> <ul><\/ul><\/div>\n<form action=\"\/ch\/wp-json\/wp\/v2\/pages\/8342#wpcf7-f8273-o1\" method=\"post\" class=\"wpcf7-form init\" aria-label=\"Contact form\" novalidate=\"novalidate\" data-status=\"init\">\n<fieldset class=\"hidden-fields-container\"><input type=\"hidden\" name=\"_wpcf7\" value=\"8273\" \/><input type=\"hidden\" name=\"_wpcf7_version\" value=\"6.1.5\" \/><input type=\"hidden\" name=\"_wpcf7_locale\" value=\"de_CH\" \/><input type=\"hidden\" name=\"_wpcf7_unit_tag\" value=\"wpcf7-f8273-o1\" \/><input type=\"hidden\" name=\"_wpcf7_container_post\" value=\"0\" \/><input type=\"hidden\" name=\"_wpcf7_posted_data_hash\" value=\"\" \/><input type=\"hidden\" name=\"_wpcf7cf_hidden_group_fields\" value=\"[]\" \/><input type=\"hidden\" name=\"_wpcf7cf_hidden_groups\" value=\"[]\" \/><input type=\"hidden\" name=\"_wpcf7cf_visible_groups\" value=\"[]\" \/><input type=\"hidden\" name=\"_wpcf7cf_repeaters\" value=\"[]\" \/><input type=\"hidden\" name=\"_wpcf7cf_steps\" value=\"{}\" \/><input type=\"hidden\" name=\"_wpcf7cf_options\" value=\"{&quot;form_id&quot;:8273,&quot;conditions&quot;:[],&quot;settings&quot;:{&quot;animation&quot;:&quot;yes&quot;,&quot;animation_intime&quot;:200,&quot;animation_outtime&quot;:200,&quot;conditions_ui&quot;:&quot;normal&quot;,&quot;notice_dismissed&quot;:false,&quot;notice_dismissed_rollback-cf7-5.9.5&quot;:true}}\" \/><input type=\"hidden\" name=\"_wpcf7_recaptcha_response\" value=\"\" \/>\n<\/fieldset>\n<table class=\"contact-reference\">\n\t<tr>\n\t\t<td class=\"first\">\n\t\t\t<p><label> Vorname<span>*<\/span> <\/label><br \/>\n<span class=\"wpcf7-form-control-wrap\" data-name=\"your-name\"><input size=\"40\" maxlength=\"400\" class=\"wpcf7-form-control wpcf7-text wpcf7-validates-as-required\" aria-required=\"true\" aria-invalid=\"false\" placeholder=\"Vorname\" value=\"\" type=\"text\" name=\"your-name\" \/><\/span>\n\t\t\t<\/p>\n\t\t<\/td>\n\t\t<td class=\"second\">\n\t\t\t<p><label> Nachname<span>*<\/span> <\/label><br \/>\n<span class=\"wpcf7-form-control-wrap\" data-name=\"last-name\"><input size=\"40\" maxlength=\"400\" class=\"wpcf7-form-control wpcf7-text wpcf7-validates-as-required\" aria-required=\"true\" aria-invalid=\"false\" placeholder=\"Nachname\" value=\"\" type=\"text\" name=\"last-name\" \/><\/span>\n\t\t\t<\/p>\n\t\t<\/td>\n\t<\/tr>\n\t<tr>\n\t\t<td class=\"first\">\n\t\t\t<p><label> E-Mail<span>*<\/span> <\/label><br \/>\n<span class=\"wpcf7-form-control-wrap\" data-name=\"your-email\"><input size=\"40\" maxlength=\"400\" class=\"wpcf7-form-control wpcf7-email wpcf7-validates-as-required wpcf7-text wpcf7-validates-as-email\" aria-required=\"true\" aria-invalid=\"false\" placeholder=\"E-Mail\" value=\"\" type=\"email\" name=\"your-email\" \/><\/span>\n\t\t\t<\/p>\n\t\t<\/td>\n\t\t<td class=\"second\">\n\t\t\t<p><label> E-Mail best\u00e4tigen<span>*<\/span> <\/label><br \/>\n<span class=\"wpcf7-form-control-wrap\" data-name=\"con-email\"><input size=\"40\" maxlength=\"400\" class=\"wpcf7-form-control wpcf7-email wpcf7-validates-as-required wpcf7-text wpcf7-validates-as-email\" aria-required=\"true\" aria-invalid=\"false\" placeholder=\"E-Mail best\u00e4tigen\" value=\"\" type=\"email\" name=\"con-email\" \/><\/span>\n\t\t\t<\/p>\n\t\t<\/td>\n\t<\/tr>\n\t<tr>\n\t\t<td class=\"first\">\n\t\t\t<p><label> Telefonnummer <\/label><br \/>\n<span class=\"wpcf7-form-control-wrap\" data-name=\"your-phone\"><input size=\"40\" maxlength=\"400\" class=\"wpcf7-form-control wpcf7-tel wpcf7-text wpcf7-validates-as-tel\" aria-invalid=\"false\" placeholder=\"Telefonnummer\" value=\"\" type=\"tel\" name=\"your-phone\" \/><\/span>\n\t\t\t<\/p>\n\t\t<\/td>\n\t\t<td class=\"second\">\n\t\t\t<p><label>Fachgebiet\/Position<span>*<\/span> <\/label><br \/>\n<span class=\"wpcf7-form-control-wrap\" data-name=\"job\"><input size=\"40\" maxlength=\"400\" class=\"wpcf7-form-control wpcf7-text wpcf7-validates-as-required\" aria-required=\"true\" aria-invalid=\"false\" placeholder=\"Specialty \/ Job Title\" value=\"\" type=\"text\" name=\"job\" \/><\/span>\n\t\t\t<\/p>\n\t\t<\/td>\n\t<\/tr>\n\t<tr>\n\t\t<td class=\"first\">\n\t\t\t<p><label> Postleitzahl<span>*<\/span> <\/label><br \/>\n<span class=\"wpcf7-form-control-wrap\" data-name=\"your-zip\"><input size=\"40\" maxlength=\"400\" class=\"wpcf7-form-control wpcf7-text wpcf7-validates-as-required\" aria-required=\"true\" aria-invalid=\"false\" placeholder=\"Postleitzahl\" value=\"\" type=\"text\" name=\"your-zip\" \/><\/span>\n\t\t\t<\/p>\n\t\t<\/td>\n\t\t<td class=\"second\">\n\t\t\t<p><label>Gegenstand<span>*<\/span> <\/label><br \/>\n<span class=\"wpcf7-form-control-wrap\" data-name=\"subject\"><select class=\"wpcf7-form-control wpcf7-select wpcf7-validates-as-required\" aria-required=\"true\" aria-invalid=\"false\" name=\"subject\"><option value=\"select\">select<\/option><option value=\"Customer Service\">Customer Service<\/option><option value=\"Product Assistance\">Product Assistance<\/option><option value=\"Sales Inquiry\/Contact Rep\">Sales Inquiry\/Contact Rep<\/option><\/select><\/span>\n\t\t\t<\/p>\n\t\t<\/td>\n\t<\/tr>\n\t<tr>\n\t\t<td colspan=\"2\" class=\"last-td\">\n\t\t\t<p><label> Nachricht <\/label><br \/>\n<span class=\"wpcf7-form-control-wrap\" data-name=\"your-message\"><textarea cols=\"40\" rows=\"10\" maxlength=\"2000\" class=\"wpcf7-form-control wpcf7-textarea\" aria-invalid=\"false\" placeholder=\"Nachricht\" name=\"your-message\"><\/textarea><\/span>\n\t\t\t<\/p>\n\t\t\t<p><span class=\"wpcf7-form-control-wrap\" data-name=\"acceptance\"><span class=\"wpcf7-form-control wpcf7-acceptance\"><span class=\"wpcf7-list-item\"><label><input type=\"checkbox\" name=\"acceptance\" value=\"1\" aria-invalid=\"false\" \/><span class=\"wpcf7-list-item-label\">Datenschutz* Mit der Nutzung dieses Formulars erkl\u00e4ren Sie sich mit der Speicherung und Verarbeitung Ihrer personenbezogenen Daten in \u00dcbereinstimmung mit unserer Datenschutzrichtlinie einverstanden<\/span><\/label><\/span><\/span><\/span>\n\t\t\t<\/p>\n\t\t\n\t\t\t<p><input class=\"wpcf7-form-control wpcf7-submit has-spinner\" type=\"submit\" value=\"Nachricht senden\" \/>\n\t\t\t<\/p>\n\t\t<\/td>\n\t<\/tr>\n<\/table><p style=\"display: none !important;\" class=\"akismet-fields-container\" data-prefix=\"_wpcf7_ak_\"><label>&#916;<textarea name=\"_wpcf7_ak_hp_textarea\" cols=\"45\" rows=\"8\" maxlength=\"100\"><\/textarea><\/label><input type=\"hidden\" id=\"ak_js_1\" name=\"_wpcf7_ak_js\" value=\"161\"\/><script>document.getElementById( \"ak_js_1\" ).setAttribute( \"value\", ( new Date() ).getTime() );<\/script><\/p><input type='hidden' class='wpcf7-pum' value='{\"closepopup\":false,\"closedelay\":0,\"openpopup\":false,\"openpopup_id\":0}' \/><div class=\"wpcf7-response-output\" aria-hidden=\"true\"><\/div>\n<\/form>\n<\/div>\n[\/vc_column][\/vc_row][vc_row row_height_percent=&#187;0&#8243; overlay_alpha=&#187;50&#8243; gutter_size=&#187;3&#8243; column_width_percent=&#187;100&#8243; border_color=&#187;color-gyho&#187; border_style=&#187;solid&#187; shift_y=&#187;0&#8243; z_index=&#187;0&#8243; uncode_shortcode_id=&#187;206930&#8243; css=&#187;.vc_custom_1633839934035{margin-top: 40px !important;margin-bottom: 0px !important;border-top-width: 1px !important;}&#187; el_id=&#187;description_text&#187; border_color_type=&#187;uncode-palette&#187;][vc_column width=&#187;1\/1&#8243;][vc_column_text uncode_shortcode_id=&#187;798112&#8243;]<strong style=\"margin-bottom: 15px;\">Summary of Indications for Use<\/strong><\/p>\n<p>The EXOGEN Ultrasound Bone Healing System is indicated for the non-invasive treatment of established nonunions* excluding skull and vertebra. The EXOGEN device has also been reported as effective as an adjunctive non-invasive treatment of established nonunions in patients:<\/p>\n<ul>\n<li>With internal or external fracture fixation hardware present. EXOGEN cannot penetrate metal and therefore should not be applied directly over hardware.<\/li>\n<li>Undergoing treatment for infection at the fracture site. EXOGEN is not intended to treat the infection.<\/li>\n<li>Believed to have diminished bone quality. EXOGEN is not intended to treat diminished bone quality.<\/li>\n<\/ul>\n<p>In addition, EXOGEN is indicated for accelerating the time to a healed fracture for fresh, closed, posteriorly displaced distal radius fractures and fresh, closed or Grade I open tibial diaphysis fractures in skeletally mature individuals when these fractures are orthopedically managed by closed reduction and cast immobilization.<\/p>\n<p>There are no known contraindications for the EXOGEN device. Safety and effectiveness have not been established for individuals lacking skeletal maturity, pregnant or nursing women, patients with cardiac pacemakers, on fractures due to bone cancer, or on patients with poor blood circulation or clotting problems. Some patients may be sensitive to the ultrasound gel.<\/p>\n<p>*A nonunion is considered to be established when the fracture site shows no visibly progressive signs of healing.<\/p>\n<p>Full prescribing information can be found in product labelling, at <a href=\"https:\/\/www.exogen.com\/\">EXOGEN.com<\/a>, or by calling Customer Service at <a href=\"tel:1-800-836-4080\"><strong>1-800-836-4080<\/strong><\/a>.[\/vc_column_text][\/vc_column][\/vc_row]<\/p>\n<\/div>","protected":false},"excerpt":{"rendered":"<p>[vc_row row_height_percent=&#187;0&#8243; back_image=&#187;226&#8243; back_repeat=&#187;no-repeat&#187; back_position=&#187;center center&#187; overlay_alpha=&#187;50&#8243; gutter_size=&#187;3&#8243; column_width_percent=&#187;100&#8243; shift_y=&#187;0&#8243; z_index=&#187;0&#8243; uncode_shortcode_id=&#187;264319&#8243; row_height_pixel=&#187;460&#8243; back_size=&#187;cover&#187; el_class=&#187;inner-banner&#187; css=&#187;.vc_custom_1634311826563{margin-top: 88px !important;margin-bottom: 20px !important;}&#187;][vc_column [&hellip;]<\/p>\n","protected":false},"author":1,"featured_media":0,"parent":0,"menu_order":0,"comment_status":"closed","ping_status":"closed","template":"","meta":{"_acf_changed":false,"_five9_enable_chat":"","footnotes":""},"class_list":["post-8342","page","type-page","status-publish","hentry"],"acf":[],"yoast_head":"<!-- This site is optimized with the Yoast SEO plugin v27.3 - https:\/\/yoast.com\/product\/yoast-seo-wordpress\/ -->\n<title>Einen EXOGEN Vertreter kontaktieren - EXOGEN Knochenheilungs-Ultraschallsystem<\/title>\n<meta name=\"robots\" content=\"index, follow, max-snippet:-1, max-image-preview:large, max-video-preview:-1\" \/>\n<link rel=\"canonical\" href=\"https:\/\/www.exogen.com\/ch\/contact-an-exogen-rep\/\" \/>\n<meta property=\"og:locale\" content=\"de_DE\" \/>\n<meta property=\"og:type\" content=\"article\" \/>\n<meta property=\"og:title\" content=\"Einen EXOGEN Vertreter kontaktieren - EXOGEN Knochenheilungs-Ultraschallsystem\" \/>\n<meta property=\"og:description\" content=\"[vc_row row_height_percent=&#187;0&#8243; back_image=&#187;226&#8243; back_repeat=&#187;no-repeat&#187; back_position=&#187;center center&#187; overlay_alpha=&#187;50&#8243; gutter_size=&#187;3&#8243; column_width_percent=&#187;100&#8243; shift_y=&#187;0&#8243; z_index=&#187;0&#8243; uncode_shortcode_id=&#187;264319&#8243; row_height_pixel=&#187;460&#8243; back_size=&#187;cover&#187; el_class=&#187;inner-banner&#187; css=&#187;.vc_custom_1634311826563{margin-top: 88px !important;margin-bottom: 20px !important;}&#187;][vc_column [&hellip;]\" \/>\n<meta property=\"og:url\" content=\"https:\/\/www.exogen.com\/ch\/contact-an-exogen-rep\/\" \/>\n<meta property=\"og:site_name\" content=\"EXOGEN Ultrasound Bone Healing System\" \/>\n<meta property=\"article:publisher\" content=\"https:\/\/www.facebook.com\/exogenbonehealing\/\" \/>\n<meta property=\"article:modified_time\" content=\"2023-09-28T16:27:51+00:00\" \/>\n<meta name=\"twitter:card\" content=\"summary_large_image\" \/>\n<meta name=\"twitter:label1\" content=\"Gesch\u00e4tzte Lesezeit\" \/>\n\t<meta name=\"twitter:data1\" content=\"3 Minuten\" \/>\n<script type=\"application\/ld+json\" class=\"yoast-schema-graph\">{\"@context\":\"https:\\\/\\\/schema.org\",\"@graph\":[{\"@type\":\"WebPage\",\"@id\":\"https:\\\/\\\/www.exogen.com\\\/ch\\\/contact-an-exogen-rep\\\/\",\"url\":\"https:\\\/\\\/www.exogen.com\\\/ch\\\/contact-an-exogen-rep\\\/\",\"name\":\"Einen EXOGEN Vertreter kontaktieren - EXOGEN Knochenheilungs-Ultraschallsystem\",\"isPartOf\":{\"@id\":\"https:\\\/\\\/www.exogen.com\\\/ch\\\/#website\"},\"datePublished\":\"2021-10-12T12:08:52+00:00\",\"dateModified\":\"2023-09-28T16:27:51+00:00\",\"breadcrumb\":{\"@id\":\"https:\\\/\\\/www.exogen.com\\\/ch\\\/contact-an-exogen-rep\\\/#breadcrumb\"},\"inLanguage\":\"de-CH\",\"potentialAction\":[{\"@type\":\"ReadAction\",\"target\":[\"https:\\\/\\\/www.exogen.com\\\/ch\\\/contact-an-exogen-rep\\\/\"]}]},{\"@type\":\"BreadcrumbList\",\"@id\":\"https:\\\/\\\/www.exogen.com\\\/ch\\\/contact-an-exogen-rep\\\/#breadcrumb\",\"itemListElement\":[{\"@type\":\"ListItem\",\"position\":1,\"name\":\"Home\",\"item\":\"https:\\\/\\\/www.exogen.com\\\/ch\\\/\"},{\"@type\":\"ListItem\",\"position\":2,\"name\":\"Contact an EXOGEN Rep\"}]},{\"@type\":\"WebSite\",\"@id\":\"https:\\\/\\\/www.exogen.com\\\/ch\\\/#website\",\"url\":\"https:\\\/\\\/www.exogen.com\\\/ch\\\/\",\"name\":\"EXOGEN Ultrasound Bone Healing System\",\"description\":\"Ultrasound Bone Healing System\",\"publisher\":{\"@id\":\"https:\\\/\\\/www.exogen.com\\\/ch\\\/#organization\"},\"potentialAction\":[{\"@type\":\"SearchAction\",\"target\":{\"@type\":\"EntryPoint\",\"urlTemplate\":\"https:\\\/\\\/www.exogen.com\\\/ch\\\/?s={search_term_string}\"},\"query-input\":{\"@type\":\"PropertyValueSpecification\",\"valueRequired\":true,\"valueName\":\"search_term_string\"}}],\"inLanguage\":\"de-CH\"},{\"@type\":\"Organization\",\"@id\":\"https:\\\/\\\/www.exogen.com\\\/ch\\\/#organization\",\"name\":\"EXOGEN\",\"url\":\"https:\\\/\\\/www.exogen.com\\\/ch\\\/\",\"logo\":{\"@type\":\"ImageObject\",\"inLanguage\":\"de-CH\",\"@id\":\"https:\\\/\\\/www.exogen.com\\\/ch\\\/#\\\/schema\\\/logo\\\/image\\\/\",\"url\":\"https:\\\/\\\/www.exogen.com\\\/wp-content\\\/uploads\\\/2021\\\/10\\\/purple-logo.png\",\"contentUrl\":\"https:\\\/\\\/www.exogen.com\\\/wp-content\\\/uploads\\\/2021\\\/10\\\/purple-logo.png\",\"width\":264,\"height\":100,\"caption\":\"EXOGEN\"},\"image\":{\"@id\":\"https:\\\/\\\/www.exogen.com\\\/ch\\\/#\\\/schema\\\/logo\\\/image\\\/\"},\"sameAs\":[\"https:\\\/\\\/www.facebook.com\\\/exogenbonehealing\\\/\",\"https:\\\/\\\/www.instagram.com\\\/exogenbonehealing\\\/\",\"https:\\\/\\\/www.youtube.com\\\/channel\\\/UCP5jnVTUjZZKlr_b-mxr49w\"]}]}<\/script>\n<!-- \/ Yoast SEO plugin. -->","yoast_head_json":{"title":"Einen EXOGEN Vertreter kontaktieren - EXOGEN Knochenheilungs-Ultraschallsystem","robots":{"index":"index","follow":"follow","max-snippet":"max-snippet:-1","max-image-preview":"max-image-preview:large","max-video-preview":"max-video-preview:-1"},"canonical":"https:\/\/www.exogen.com\/ch\/contact-an-exogen-rep\/","og_locale":"de_DE","og_type":"article","og_title":"Einen EXOGEN Vertreter kontaktieren - EXOGEN Knochenheilungs-Ultraschallsystem","og_description":"[vc_row row_height_percent=&#187;0&#8243; back_image=&#187;226&#8243; back_repeat=&#187;no-repeat&#187; back_position=&#187;center center&#187; overlay_alpha=&#187;50&#8243; gutter_size=&#187;3&#8243; column_width_percent=&#187;100&#8243; shift_y=&#187;0&#8243; z_index=&#187;0&#8243; uncode_shortcode_id=&#187;264319&#8243; row_height_pixel=&#187;460&#8243; back_size=&#187;cover&#187; el_class=&#187;inner-banner&#187; css=&#187;.vc_custom_1634311826563{margin-top: 88px !important;margin-bottom: 20px !important;}&#187;][vc_column [&hellip;]","og_url":"https:\/\/www.exogen.com\/ch\/contact-an-exogen-rep\/","og_site_name":"EXOGEN Ultrasound Bone Healing System","article_publisher":"https:\/\/www.facebook.com\/exogenbonehealing\/","article_modified_time":"2023-09-28T16:27:51+00:00","twitter_card":"summary_large_image","twitter_misc":{"Gesch\u00e4tzte Lesezeit":"3 Minuten"},"schema":{"@context":"https:\/\/schema.org","@graph":[{"@type":"WebPage","@id":"https:\/\/www.exogen.com\/ch\/contact-an-exogen-rep\/","url":"https:\/\/www.exogen.com\/ch\/contact-an-exogen-rep\/","name":"Einen EXOGEN Vertreter kontaktieren - EXOGEN Knochenheilungs-Ultraschallsystem","isPartOf":{"@id":"https:\/\/www.exogen.com\/ch\/#website"},"datePublished":"2021-10-12T12:08:52+00:00","dateModified":"2023-09-28T16:27:51+00:00","breadcrumb":{"@id":"https:\/\/www.exogen.com\/ch\/contact-an-exogen-rep\/#breadcrumb"},"inLanguage":"de-CH","potentialAction":[{"@type":"ReadAction","target":["https:\/\/www.exogen.com\/ch\/contact-an-exogen-rep\/"]}]},{"@type":"BreadcrumbList","@id":"https:\/\/www.exogen.com\/ch\/contact-an-exogen-rep\/#breadcrumb","itemListElement":[{"@type":"ListItem","position":1,"name":"Home","item":"https:\/\/www.exogen.com\/ch\/"},{"@type":"ListItem","position":2,"name":"Contact an EXOGEN Rep"}]},{"@type":"WebSite","@id":"https:\/\/www.exogen.com\/ch\/#website","url":"https:\/\/www.exogen.com\/ch\/","name":"EXOGEN Ultrasound Bone Healing System","description":"Ultrasound Bone Healing System","publisher":{"@id":"https:\/\/www.exogen.com\/ch\/#organization"},"potentialAction":[{"@type":"SearchAction","target":{"@type":"EntryPoint","urlTemplate":"https:\/\/www.exogen.com\/ch\/?s={search_term_string}"},"query-input":{"@type":"PropertyValueSpecification","valueRequired":true,"valueName":"search_term_string"}}],"inLanguage":"de-CH"},{"@type":"Organization","@id":"https:\/\/www.exogen.com\/ch\/#organization","name":"EXOGEN","url":"https:\/\/www.exogen.com\/ch\/","logo":{"@type":"ImageObject","inLanguage":"de-CH","@id":"https:\/\/www.exogen.com\/ch\/#\/schema\/logo\/image\/","url":"https:\/\/www.exogen.com\/wp-content\/uploads\/2021\/10\/purple-logo.png","contentUrl":"https:\/\/www.exogen.com\/wp-content\/uploads\/2021\/10\/purple-logo.png","width":264,"height":100,"caption":"EXOGEN"},"image":{"@id":"https:\/\/www.exogen.com\/ch\/#\/schema\/logo\/image\/"},"sameAs":["https:\/\/www.facebook.com\/exogenbonehealing\/","https:\/\/www.instagram.com\/exogenbonehealing\/","https:\/\/www.youtube.com\/channel\/UCP5jnVTUjZZKlr_b-mxr49w"]}]}},"_links":{"self":[{"href":"https:\/\/www.exogen.com\/ch\/wp-json\/wp\/v2\/pages\/8342","targetHints":{"allow":["GET"]}}],"collection":[{"href":"https:\/\/www.exogen.com\/ch\/wp-json\/wp\/v2\/pages"}],"about":[{"href":"https:\/\/www.exogen.com\/ch\/wp-json\/wp\/v2\/types\/page"}],"author":[{"embeddable":true,"href":"https:\/\/www.exogen.com\/ch\/wp-json\/wp\/v2\/users\/1"}],"replies":[{"embeddable":true,"href":"https:\/\/www.exogen.com\/ch\/wp-json\/wp\/v2\/comments?post=8342"}],"version-history":[{"count":0,"href":"https:\/\/www.exogen.com\/ch\/wp-json\/wp\/v2\/pages\/8342\/revisions"}],"wp:attachment":[{"href":"https:\/\/www.exogen.com\/ch\/wp-json\/wp\/v2\/media?parent=8342"}],"curies":[{"name":"wp","href":"https:\/\/api.w.org\/{rel}","templated":true}]}}