{"id":8369,"date":"2021-10-08T12:45:26","date_gmt":"2021-10-08T12:45:26","guid":{"rendered":"https:\/\/exogen.com\/does-a-broken-bone-hurt-when-healing\/"},"modified":"2023-09-28T17:34:37","modified_gmt":"2023-09-28T17:34:37","slug":"does-a-broken-bone-hurt-when-healing","status":"publish","type":"page","link":"https:\/\/www.exogen.com\/ch\/does-a-broken-bone-hurt-when-healing\/","title":{"rendered":"Tun gebrochene Knochen beim Heilen weh"},"content":{"rendered":"<div class=\"wpb-content-wrapper\"><p>[vc_row row_height_percent=&#187;0&#8243; overlay_alpha=&#187;50&#8243; gutter_size=&#187;3&#8243; column_width_percent=&#187;100&#8243; shift_y=&#187;0&#8243; z_index=&#187;0&#8243; uncode_shortcode_id=&#187;141354&#8243; row_height_pixel=&#187;145&#8243; back_color_type=&#187;uncode-gradient&#187; back_color_gradient=&#187;{&#171;css&#171;:&#171;background: linear-gradient(to bottom , rgb(211, 211, 211) , rgb(243, 240, 244) 34%);&#171;,&#171;sliders&#171;:`{`{&#171;color&#171;:&#171;rgb(211, 211, 211)&#171;,&#171;position&#171;:0},{&#171;color&#171;:&#171;rgb(243, 240, 244)&#171;,&#171;position&#171;:34}`}`,&#171;type&#171;:&#171;linear&#171;,&#171;direction&#171;:&#171;top&#171;}&#187; css=&#187;.vc_custom_1633698520117{margin-top: 80px !important;margin-bottom: 60px !important;}&#187;][vc_column column_width_percent=&#187;100&#8243; position_vertical=&#187;middle&#187; gutter_size=&#187;3&#8243; overlay_alpha=&#187;50&#8243; shift_x=&#187;0&#8243; shift_y=&#187;0&#8243; shift_y_down=&#187;0&#8243; z_index=&#187;0&#8243; medium_width=&#187;0&#8243; mobile_width=&#187;0&#8243; width=&#187;1\/1&#8243; uncode_shortcode_id=&#187;697530&#8243;][vc_column_text text_color=&#187;color-107303&#8243; uncode_shortcode_id=&#187;164201&#8243; text_color_type=&#187;uncode-palette&#187; css=&#187;.vc_custom_1640254095986{margin-top: 0px !important;margin-bottom: -30px !important;padding-top: 0px !important;padding-bottom: 0px !important;}&#187; el_class=&#187;top-link&#187;]<a href=\"\/de\/faqs\/\"><i class=\"fa fa-angle-left\"><\/i> BACK<\/a>[\/vc_column_text][vc_custom_heading auto_text=&#187;yes&#187; text_color=&#187;color-121277&#8243; heading_semantic=&#187;h1&#8243; text_font=&#187;font-559666&#8243; text_size=&#187;fontsize-242148&#8243; text_transform=&#187;uppercase&#187; text_height=&#187;fontheight-133340&#8243; uncode_shortcode_id=&#187;160749&#8243; text_color_type=&#187;uncode-palette&#187;]This is a custom heading element.[\/vc_custom_heading][\/vc_column][\/vc_row][vc_row row_height_percent=&#187;0&#8243; overlay_alpha=&#187;50&#8243; gutter_size=&#187;3&#8243; column_width_percent=&#187;100&#8243; shift_y=&#187;0&#8243; z_index=&#187;0&#8243; uncode_shortcode_id=&#187;169022&#8243; css=&#187;.vc_custom_1633699476839{margin-bottom: 40px !important;}&#187;][vc_column width=&#187;1\/1&#8243;][vc_column_text uncode_shortcode_id=&#187;130682&#8243; css=&#187;.vc_custom_1640254117424{margin-top: 0px !important;}&#187; el_class=&#187;faq-page-content&#187;]Schmerz ist die nat\u00fcrliche Reaktion des K\u00f6rpers auf einen Knochenbruch. Unmittelbar nach der Verletzung tritt in der Regel ein intensives Ziehen oder ein scharfer Schmerz auf; diese werden vom Bruch selbst und von weiteren Verletzungen des K\u00f6rpers nahe der Bruchstelle verursacht. Leider h\u00f6ren die Schmerzen damit nicht auf. Auch w\u00e4hrend des Heilungsprozesses k\u00f6nnen Sie Schmerzen sp\u00fcren.<sup><a href=\"https:\/\/www.exogen.com\/de\/references\/\">40<\/a><\/sup><\/p>\n<p><strong>Die Schmerzphasen w\u00e4hrend des Heilungsprozesses einer Fraktur<\/strong><\/p>\n<p>Allgemein werden nach einem Knochenbruch drei Schmerzphasen unterschieden. Sie werden als akute, subakute und chronische Schmerzen bezeichnet. Akute Schmerzen treten gew\u00f6hnlich sofort nach der Verletzung auf. Nach etwa ein oder zwei Wochen sind die schlimmsten Schmerzen meist vor\u00fcber. Als n\u00e4chstes beginnen der gebrochene Knochen und das umgebende Weichgewebe zu heilen. Dies dauert einige Wochen und die Schmerzen, die w\u00e4hrend dieser Phase auftreten k\u00f6nnen, werden subakut genannt. Die letzte Schmerzphase ist der chronische Schmerz. Diese Art von Schmerz kann lange \u00fcber die Heilung von Fraktur und Weichgewebe hinaus anhalten.<sup><a href=\"https:\/\/www.exogen.com\/de\/references\/\">39<\/a><\/sup><\/p>\n<p>Alle Frakturen verursachen alle oder auch nur einige dieser Schmerzarten.<\/p>\n<p><strong>Akute Schmerzen sofort nach der Verletzung<\/strong><\/p>\n<p>Wenn Sie einen Knochenbruch erleiden, versp\u00fcren Sie akute Schmerzen. In dieser Phase werden gegen die schlimmsten Schmerzen oft Medikamente verschrieben. Der akute Schmerz l\u00e4sst mit der Zeit nach.<sup><a href=\"https:\/\/www.exogen.com\/de\/references\/\">39<\/a><\/sup><\/p>\n<p>Nach einem Knochenbruch ben\u00f6tigen Sie m\u00f6glicherweise eine Operation, damit der Arzt die Bruchst\u00fccke wieder auf ihre normale Position bringt, einen Gips oder eine andere Vorrichtung, um den gebrochenen Knochen ruhigzustellen, oder eine andere medizinische Behandlung. Egal mit welcher Methode Ihr Knochenbruch behandelt wird: Entscheidend ist, dass die Knochenenden eingerichtet werden und die Fraktur mehrere Wochen fixiert wird, damit der Knochen aush\u00e4rten und richtig heilen kann.<sup><a href=\"https:\/\/www.exogen.com\/de\/references\/\">39<\/a><\/sup><\/p>\n<p>F\u00fcr einen m\u00f6glichst reibungslosen Ablauf dieser Phase des Heilungsprozesses ist es sehr wichtig, dass Sie die Anweisungen Ihres behandelnden Arztes befolgen, insbesondere was Ruhe und das Vermeiden unn\u00f6tiger Bewegungen angeht, damit der Knochenbruch ordnungsgem\u00e4\u00df heilen kann.<sup><a href=\"https:\/\/www.exogen.com\/de\/references\/\">39<\/a><\/sup><\/p>\n<p><strong>Subakute Schmerzen w\u00e4hrend der Knochenheilung<\/strong><\/p>\n<p>Nach etwa ein oder zwei Wochen sind die schlimmsten Schmerzen vor\u00fcber. Als n\u00e4chstes beginnen der gebrochene Knochen und das umgebende Weichgewebe zu heilen. Dies dauert einige Wochen und die begleitenden Schmerzen werden subakut genannt.<sup><a href=\"https:\/\/www.exogen.com\/de\/references\/\">39<\/a><\/sup><\/p>\n<p>Subakute Schmerzen werden haupts\u00e4chlich durch den Bewegungsmangel erzeugt, der zur Unterst\u00fctzung der Knochenheilung erforderlich ist. Durch die Inaktivit\u00e4t k\u00f6nnen das Weichgewebe rund um die Verletzung steif und die Muskeln geschw\u00e4cht werden. Daneben haben sich unter Umst\u00e4nden im Weichgewebe Narben und Entz\u00fcndungen gebildet, w\u00e4hrend der Knochenbruch heilte. Auch dies kann Schmerzen erzeugen und Bewegungen erschweren.<sup><a href=\"https:\/\/www.exogen.com\/de\/references\/\">39<\/a><\/sup><\/p>\n<p>In dieser Phase der Genesung wird h\u00e4ufig Physiotherapie empfohlen. Physiotherapeuten k\u00f6nnen Ihnen helfen, die Steifigkeit zu verringern, und Ihnen \u00dcbungen zeigen, die gleichzeitig auch die Muskeln st\u00e4rken und den Bewegungsumfang vergr\u00f6\u00dfern. Dies tr\u00e4gt zur Schmerzreduzierung bei und verbessert die K\u00f6rperfunktion, die von der Verletzung betroffen war.<sup><a href=\"https:\/\/www.exogen.com\/de\/references\/\">39<\/a><\/sup><\/p>\n<p><strong>Chronische Schmerzen nach erfolgreicher Heilung<\/strong><\/p>\n<p>Wenn Sie einen Knochenbruch erleiden, wird er schlussendlich heilen und bis zu dem Punkt wiederhergestellt werden, an dem Sie keine Schmerzen mehr haben. Leider geschieht dies nicht in allen F\u00e4llen. Manche Menschen haben weiterhin Schmerzen, lange nachdem die Fraktur und das Weichgewebe v\u00f6llig verheilt sind. Diese Schmerzen werden als chronisch bezeichnet.<sup><a href=\"https:\/\/www.exogen.com\/de\/references\/\">39<\/a><\/sup><\/p>\n<p>Chronische Schmerzen k\u00f6nnen von Nervensch\u00e4den, der Entwicklung von Narbengewebe, der Verschlechterung einer bereits bestehenden Arthritis oder anderen Faktoren verursacht werden. Gl\u00fccklicherweise kann diese Art von Schmerzen oft behandelt werden. Die konkrete Behandlung h\u00e4ngt dabei von der urspr\u00fcnglichen Verletzung und der Ursache Ihrer chronischen Schmerzen ab.<sup><a href=\"https:\/\/www.exogen.com\/de\/references\/\">39<\/a><\/sup><\/p>\n<p>Die h\u00e4ufigsten Behandlungsformen bei chronischen Schmerzen sind:<sup><a href=\"https:\/\/www.exogen.com\/de\/references\/\">39<\/a><\/sup><\/p>\n<ul>\n<li>Physiotherapie<\/li>\n<li>Bewegung<\/li>\n<li>Medikamente<\/li>\n<\/ul>\n<p>Es ist nicht garantiert, dass diese Behandlungen Ihre Schmerzen beseitigen, doch sie k\u00f6nnen dazu beitragen, die chronischen Schmerzen zu lindern und zu verringern. Die meisten Menschen sind in der Lage, ihre chronischen Schmerzen unter Kontrolle zu bringen, um ihre t\u00e4glichen Aktivit\u00e4ten wieder aufnehmen und eine h\u00f6here Lebensqualit\u00e4t genie\u00dfen zu k\u00f6nnen.<\/p>\n<p>Bei einem kleinen Prozentsatz derjenigen, die unter anhaltenden, chronischen Schmerzen leiden, sind diese jedoch ein Symptom daf\u00fcr, dass der gebrochene Knochen nicht richtig heilt. Andere Symptome sind m\u00f6glicherweise eine Druckempfindlichkeit des Knochens, Schwellungen und ein ziehender Schmerz, der tief im betroffenen Knochen zu sp\u00fcren ist.<sup><a href=\"https:\/\/www.exogen.com\/de\/references\/\">41<\/a><\/sup><\/p>\n<p>Die meisten Knochen heilen, wenn sie korrekt eingerichtet und fixiert werden. Allerdings k\u00f6nnen Knochenbr\u00fcche nur heilen, wenn die Bruchstelle ausreichend mit Blut versorgt wird. Faktoren, die die Durchblutung der Bruchstelle beeintr\u00e4chtigen, k\u00f6nnen die Knochenheilung verz\u00f6gern oder ganz verhindern.[\/vc_column_text][vc_custom_heading text_color=&#187;color-nhtu&#187; heading_semantic=&#187;h4&#8243; text_font=&#187;font-126816&#8243; text_size=&#187;h4&#8243; text_weight=&#187;700&#8243; text_height=&#187;fontheight-143712&#8243; uncode_shortcode_id=&#187;206223&#8243; text_color_type=&#187;uncode-palette&#187;]Falls Ihr Knochenbruch nicht in einem angemessenen Zeitrahmen heilt, kann EXOGEN Ihnen vielleicht helfen[\/vc_custom_heading][vc_column_text uncode_shortcode_id=&#187;186010&#8243; css=&#187;.vc_custom_1639810680795{margin-top: 0px !important;}&#187;]Eine bew\u00e4hrte Methode, den Knochenheilungsprozess zu beschleunigen, ist die t\u00e4gliche Stimulation des betroffenen Gewebes mit Ultraschall. EXOGEN ist ein Ger\u00e4t, das niedrigdosierte Ultraschallwellen an den gebrochenen Knochen abgibt. Dank dieser Stimulation verlaufen die an der Knochenheilung beteiligten Prozesse nachweislich schneller.<sup>*<a href=\"https:\/\/www.exogen.com\/de\/references\/\">33,34<\/a><\/sup><\/p>\n<p><a href=\"https:\/\/www.exogen.com\/de\/how-it-works\/\">Lesen Sie mehr \u00fcber die Funktionsweise des EXOGEN Knochenstimulators und finden Sie heraus, ob er f\u00fcr Sie geeignet ist.<\/a>[\/vc_column_text][vc_column_text text_lead=&#187;small&#187; uncode_shortcode_id=&#187;188054&#8243;]*The clinical relevance of in vivo findings is unknown.[\/vc_column_text][\/vc_column][\/vc_row][vc_row row_height_percent=&#187;0&#8243; overlay_alpha=&#187;50&#8243; gutter_size=&#187;3&#8243; column_width_percent=&#187;100&#8243; border_color=&#187;color-gyho&#187; border_style=&#187;solid&#187; shift_y=&#187;0&#8243; z_index=&#187;0&#8243; uncode_shortcode_id=&#187;193465&#8243; css=&#187;.vc_custom_1633696557289{margin-top: 40px !important;margin-bottom: 0px !important;border-top-width: 1px !important;}&#187; el_id=&#187;description_text&#187; border_color_type=&#187;uncode-palette&#187;][vc_column width=&#187;1\/1&#8243;][vc_column_text uncode_shortcode_id=&#187;167284&#8243;]<strong>Summary of Indications for Use<\/strong><br \/>\nThe EXOGEN Ultrasound Bone Healing System is indicated for the non-invasive treatment of established nonunions* excluding skull and vertebra. The EXOGEN device has also been reported as effective as an adjunctive non-invasive treatment of established nonunions in patients:<\/p>\n<ul>\n<li>With internal or external fracture fixation hardware present. EXOGEN cannot penetrate metal and therefore should not be applied directly over hardware.<\/li>\n<li>Undergoing treatment for infection at the fracture site. EXOGEN is not intended to treat the infection.<\/li>\n<li>Believed to have diminished bone quality. EXOGEN is not intended to treat diminished bone quality.<\/li>\n<\/ul>\n<p>In addition, EXOGEN is indicated for accelerating the time to a healed fracture for fresh, closed, posteriorly displaced distal radius fractures and fresh, closed or Grade I open tibial diaphysis fractures in skeletally mature individuals when these fractures are orthopedically managed by closed reduction and cast immobilization.<\/p>\n<p>There are no known contraindications for the EXOGEN device. Safety and effectiveness have not been established for individuals lacking skeletal maturity, pregnant or nursing women, patients with cardiac pacemakers, on fractures due to bone cancer, or on patients with poor blood circulation or clotting problems. Some patients may be sensitive to the ultrasound gel.<\/p>\n<p>*A nonunion is considered to be established when the fracture site shows no visibly progressive signs of healing.<\/p>\n<p>Full prescribing information can be found in product labelling, at <a href=\"https:\/\/www.exogen.com\/\">EXOGEN.com<\/a>, or by calling Customer Service at <a href=\"tel:1-800-836-4080\"><strong>1-800-836-4080<\/strong><\/a>.[\/vc_column_text][\/vc_column][\/vc_row]<\/p>\n<\/div>","protected":false},"excerpt":{"rendered":"<p>[vc_row row_height_percent=&#187;0&#8243; overlay_alpha=&#187;50&#8243; gutter_size=&#187;3&#8243; column_width_percent=&#187;100&#8243; shift_y=&#187;0&#8243; z_index=&#187;0&#8243; uncode_shortcode_id=&#187;141354&#8243; row_height_pixel=&#187;145&#8243; back_color_type=&#187;uncode-gradient&#187; back_color_gradient=&#187;{&#171;css&#171;:&#171;background: linear-gradient(to bottom , rgb(211, 211, 211) , rgb(243, 240, [&hellip;]<\/p>\n","protected":false},"author":1,"featured_media":0,"parent":0,"menu_order":0,"comment_status":"closed","ping_status":"closed","template":"","meta":{"_acf_changed":false,"_five9_enable_chat":"","footnotes":""},"class_list":["post-8369","page","type-page","status-publish","hentry"],"acf":[],"yoast_head":"<!-- This site is optimized with the Yoast SEO plugin v27.3 - https:\/\/yoast.com\/product\/yoast-seo-wordpress\/ -->\n<title>Tun gebrochene Knochen beim Heilen weh | EXOGEN Ultrasound Bone Healing System<\/title>\n<meta name=\"robots\" content=\"index, follow, max-snippet:-1, max-image-preview:large, max-video-preview:-1\" \/>\n<link rel=\"canonical\" href=\"https:\/\/www.exogen.com\/ch\/does-a-broken-bone-hurt-when-healing\/\" \/>\n<meta property=\"og:locale\" content=\"de_DE\" \/>\n<meta property=\"og:type\" content=\"article\" \/>\n<meta property=\"og:title\" content=\"Tun gebrochene Knochen beim Heilen weh | EXOGEN Ultrasound Bone Healing System\" \/>\n<meta property=\"og:description\" content=\"[vc_row row_height_percent=&#187;0&#8243; overlay_alpha=&#187;50&#8243; gutter_size=&#187;3&#8243; column_width_percent=&#187;100&#8243; shift_y=&#187;0&#8243; z_index=&#187;0&#8243; uncode_shortcode_id=&#187;141354&#8243; row_height_pixel=&#187;145&#8243; back_color_type=&#187;uncode-gradient&#187; back_color_gradient=&#187;{&#171;css&#171;:&#171;background: linear-gradient(to bottom , rgb(211, 211, 211) , rgb(243, 240, [&hellip;]\" \/>\n<meta property=\"og:url\" content=\"https:\/\/www.exogen.com\/ch\/does-a-broken-bone-hurt-when-healing\/\" \/>\n<meta property=\"og:site_name\" content=\"EXOGEN Ultrasound Bone Healing System\" \/>\n<meta property=\"article:publisher\" content=\"https:\/\/www.facebook.com\/exogenbonehealing\/\" \/>\n<meta property=\"article:modified_time\" content=\"2023-09-28T17:34:37+00:00\" \/>\n<meta name=\"twitter:card\" content=\"summary_large_image\" \/>\n<meta name=\"twitter:label1\" content=\"Gesch\u00e4tzte Lesezeit\" \/>\n\t<meta name=\"twitter:data1\" content=\"5 Minuten\" \/>\n<script type=\"application\/ld+json\" class=\"yoast-schema-graph\">{\"@context\":\"https:\\\/\\\/schema.org\",\"@graph\":[{\"@type\":\"WebPage\",\"@id\":\"https:\\\/\\\/www.exogen.com\\\/ch\\\/does-a-broken-bone-hurt-when-healing\\\/\",\"url\":\"https:\\\/\\\/www.exogen.com\\\/ch\\\/does-a-broken-bone-hurt-when-healing\\\/\",\"name\":\"Tun gebrochene Knochen beim Heilen weh | EXOGEN Ultrasound Bone Healing System\",\"isPartOf\":{\"@id\":\"https:\\\/\\\/www.exogen.com\\\/ch\\\/#website\"},\"datePublished\":\"2021-10-08T12:45:26+00:00\",\"dateModified\":\"2023-09-28T17:34:37+00:00\",\"breadcrumb\":{\"@id\":\"https:\\\/\\\/www.exogen.com\\\/ch\\\/does-a-broken-bone-hurt-when-healing\\\/#breadcrumb\"},\"inLanguage\":\"de-CH\",\"potentialAction\":[{\"@type\":\"ReadAction\",\"target\":[\"https:\\\/\\\/www.exogen.com\\\/ch\\\/does-a-broken-bone-hurt-when-healing\\\/\"]}]},{\"@type\":\"BreadcrumbList\",\"@id\":\"https:\\\/\\\/www.exogen.com\\\/ch\\\/does-a-broken-bone-hurt-when-healing\\\/#breadcrumb\",\"itemListElement\":[{\"@type\":\"ListItem\",\"position\":1,\"name\":\"Home\",\"item\":\"https:\\\/\\\/www.exogen.com\\\/ch\\\/\"},{\"@type\":\"ListItem\",\"position\":2,\"name\":\"Tun gebrochene Knochen beim Heilen weh\"}]},{\"@type\":\"WebSite\",\"@id\":\"https:\\\/\\\/www.exogen.com\\\/ch\\\/#website\",\"url\":\"https:\\\/\\\/www.exogen.com\\\/ch\\\/\",\"name\":\"EXOGEN Ultrasound Bone Healing System\",\"description\":\"Ultrasound Bone Healing System\",\"publisher\":{\"@id\":\"https:\\\/\\\/www.exogen.com\\\/ch\\\/#organization\"},\"potentialAction\":[{\"@type\":\"SearchAction\",\"target\":{\"@type\":\"EntryPoint\",\"urlTemplate\":\"https:\\\/\\\/www.exogen.com\\\/ch\\\/?s={search_term_string}\"},\"query-input\":{\"@type\":\"PropertyValueSpecification\",\"valueRequired\":true,\"valueName\":\"search_term_string\"}}],\"inLanguage\":\"de-CH\"},{\"@type\":\"Organization\",\"@id\":\"https:\\\/\\\/www.exogen.com\\\/ch\\\/#organization\",\"name\":\"EXOGEN\",\"url\":\"https:\\\/\\\/www.exogen.com\\\/ch\\\/\",\"logo\":{\"@type\":\"ImageObject\",\"inLanguage\":\"de-CH\",\"@id\":\"https:\\\/\\\/www.exogen.com\\\/ch\\\/#\\\/schema\\\/logo\\\/image\\\/\",\"url\":\"https:\\\/\\\/www.exogen.com\\\/wp-content\\\/uploads\\\/2021\\\/10\\\/purple-logo.png\",\"contentUrl\":\"https:\\\/\\\/www.exogen.com\\\/wp-content\\\/uploads\\\/2021\\\/10\\\/purple-logo.png\",\"width\":264,\"height\":100,\"caption\":\"EXOGEN\"},\"image\":{\"@id\":\"https:\\\/\\\/www.exogen.com\\\/ch\\\/#\\\/schema\\\/logo\\\/image\\\/\"},\"sameAs\":[\"https:\\\/\\\/www.facebook.com\\\/exogenbonehealing\\\/\",\"https:\\\/\\\/www.instagram.com\\\/exogenbonehealing\\\/\",\"https:\\\/\\\/www.youtube.com\\\/channel\\\/UCP5jnVTUjZZKlr_b-mxr49w\"]}]}<\/script>\n<!-- \/ Yoast SEO plugin. -->","yoast_head_json":{"title":"Tun gebrochene Knochen beim Heilen weh | EXOGEN Ultrasound Bone Healing System","robots":{"index":"index","follow":"follow","max-snippet":"max-snippet:-1","max-image-preview":"max-image-preview:large","max-video-preview":"max-video-preview:-1"},"canonical":"https:\/\/www.exogen.com\/ch\/does-a-broken-bone-hurt-when-healing\/","og_locale":"de_DE","og_type":"article","og_title":"Tun gebrochene Knochen beim Heilen weh | EXOGEN Ultrasound Bone Healing System","og_description":"[vc_row row_height_percent=&#187;0&#8243; overlay_alpha=&#187;50&#8243; gutter_size=&#187;3&#8243; column_width_percent=&#187;100&#8243; shift_y=&#187;0&#8243; z_index=&#187;0&#8243; uncode_shortcode_id=&#187;141354&#8243; row_height_pixel=&#187;145&#8243; back_color_type=&#187;uncode-gradient&#187; back_color_gradient=&#187;{&#171;css&#171;:&#171;background: linear-gradient(to bottom , rgb(211, 211, 211) , rgb(243, 240, [&hellip;]","og_url":"https:\/\/www.exogen.com\/ch\/does-a-broken-bone-hurt-when-healing\/","og_site_name":"EXOGEN Ultrasound Bone Healing System","article_publisher":"https:\/\/www.facebook.com\/exogenbonehealing\/","article_modified_time":"2023-09-28T17:34:37+00:00","twitter_card":"summary_large_image","twitter_misc":{"Gesch\u00e4tzte Lesezeit":"5 Minuten"},"schema":{"@context":"https:\/\/schema.org","@graph":[{"@type":"WebPage","@id":"https:\/\/www.exogen.com\/ch\/does-a-broken-bone-hurt-when-healing\/","url":"https:\/\/www.exogen.com\/ch\/does-a-broken-bone-hurt-when-healing\/","name":"Tun gebrochene Knochen beim Heilen weh | EXOGEN Ultrasound Bone Healing System","isPartOf":{"@id":"https:\/\/www.exogen.com\/ch\/#website"},"datePublished":"2021-10-08T12:45:26+00:00","dateModified":"2023-09-28T17:34:37+00:00","breadcrumb":{"@id":"https:\/\/www.exogen.com\/ch\/does-a-broken-bone-hurt-when-healing\/#breadcrumb"},"inLanguage":"de-CH","potentialAction":[{"@type":"ReadAction","target":["https:\/\/www.exogen.com\/ch\/does-a-broken-bone-hurt-when-healing\/"]}]},{"@type":"BreadcrumbList","@id":"https:\/\/www.exogen.com\/ch\/does-a-broken-bone-hurt-when-healing\/#breadcrumb","itemListElement":[{"@type":"ListItem","position":1,"name":"Home","item":"https:\/\/www.exogen.com\/ch\/"},{"@type":"ListItem","position":2,"name":"Tun gebrochene Knochen beim Heilen weh"}]},{"@type":"WebSite","@id":"https:\/\/www.exogen.com\/ch\/#website","url":"https:\/\/www.exogen.com\/ch\/","name":"EXOGEN Ultrasound Bone Healing System","description":"Ultrasound Bone Healing System","publisher":{"@id":"https:\/\/www.exogen.com\/ch\/#organization"},"potentialAction":[{"@type":"SearchAction","target":{"@type":"EntryPoint","urlTemplate":"https:\/\/www.exogen.com\/ch\/?s={search_term_string}"},"query-input":{"@type":"PropertyValueSpecification","valueRequired":true,"valueName":"search_term_string"}}],"inLanguage":"de-CH"},{"@type":"Organization","@id":"https:\/\/www.exogen.com\/ch\/#organization","name":"EXOGEN","url":"https:\/\/www.exogen.com\/ch\/","logo":{"@type":"ImageObject","inLanguage":"de-CH","@id":"https:\/\/www.exogen.com\/ch\/#\/schema\/logo\/image\/","url":"https:\/\/www.exogen.com\/wp-content\/uploads\/2021\/10\/purple-logo.png","contentUrl":"https:\/\/www.exogen.com\/wp-content\/uploads\/2021\/10\/purple-logo.png","width":264,"height":100,"caption":"EXOGEN"},"image":{"@id":"https:\/\/www.exogen.com\/ch\/#\/schema\/logo\/image\/"},"sameAs":["https:\/\/www.facebook.com\/exogenbonehealing\/","https:\/\/www.instagram.com\/exogenbonehealing\/","https:\/\/www.youtube.com\/channel\/UCP5jnVTUjZZKlr_b-mxr49w"]}]}},"_links":{"self":[{"href":"https:\/\/www.exogen.com\/ch\/wp-json\/wp\/v2\/pages\/8369","targetHints":{"allow":["GET"]}}],"collection":[{"href":"https:\/\/www.exogen.com\/ch\/wp-json\/wp\/v2\/pages"}],"about":[{"href":"https:\/\/www.exogen.com\/ch\/wp-json\/wp\/v2\/types\/page"}],"author":[{"embeddable":true,"href":"https:\/\/www.exogen.com\/ch\/wp-json\/wp\/v2\/users\/1"}],"replies":[{"embeddable":true,"href":"https:\/\/www.exogen.com\/ch\/wp-json\/wp\/v2\/comments?post=8369"}],"version-history":[{"count":0,"href":"https:\/\/www.exogen.com\/ch\/wp-json\/wp\/v2\/pages\/8369\/revisions"}],"wp:attachment":[{"href":"https:\/\/www.exogen.com\/ch\/wp-json\/wp\/v2\/media?parent=8369"}],"curies":[{"name":"wp","href":"https:\/\/api.w.org\/{rel}","templated":true}]}}