{"id":1897,"date":"2021-10-25T13:48:22","date_gmt":"2021-10-25T13:48:22","guid":{"rendered":"https:\/\/exogen.com\/what-is-a-bone-stimulator\/"},"modified":"2025-05-27T20:00:50","modified_gmt":"2025-05-27T20:00:50","slug":"what-is-a-bone-stimulator","status":"publish","type":"page","link":"https:\/\/www.exogen.com\/cs\/what-is-a-bone-stimulator\/","title":{"rendered":"Co je stimul\u00e1tor kost\u00ed?"},"content":{"rendered":"<div class=\"wpb-content-wrapper\"><p>[vc_row row_height_percent=&#8220;0&#8243; overlay_alpha=&#8220;50&#8243; gutter_size=&#8220;3&#8243; column_width_percent=&#8220;100&#8243; shift_y=&#8220;0&#8243; z_index=&#8220;0&#8243; uncode_shortcode_id=&#8220;141354&#8243; row_height_pixel=&#8220;145&#8243; back_color_type=&#8220;uncode-gradient&#8220; back_color_gradient=&#8220;{&#8222;css&#8222;:&#8222;background: linear-gradient(to bottom , rgb(211, 211, 211) , rgb(243, 240, 244) 34%);&#8222;,&#8222;sliders&#8222;:`{`{&#8222;color&#8222;:&#8222;rgb(211, 211, 211)&#8222;,&#8222;position&#8222;:0},{&#8222;color&#8222;:&#8222;rgb(243, 240, 244)&#8222;,&#8222;position&#8222;:34}`}`,&#8222;type&#8222;:&#8222;linear&#8222;,&#8222;direction&#8222;:&#8222;top&#8222;}&#8220; css=&#8220;.vc_custom_1633698520117{margin-top: 80px !important;margin-bottom: 60px !important;}&#8220;][vc_column column_width_percent=&#8220;100&#8243; position_vertical=&#8220;middle&#8220; gutter_size=&#8220;3&#8243; overlay_alpha=&#8220;50&#8243; shift_x=&#8220;0&#8243; shift_y=&#8220;0&#8243; shift_y_down=&#8220;0&#8243; z_index=&#8220;0&#8243; medium_width=&#8220;0&#8243; mobile_width=&#8220;0&#8243; width=&#8220;1\/1&#8243; uncode_shortcode_id=&#8220;697530&#8243;][vc_column_text text_color=&#8220;color-107303&#8243; uncode_shortcode_id=&#8220;142410&#8243; text_color_type=&#8220;uncode-palette&#8220; css=&#8220;.vc_custom_1640855499931{margin-top: 0px !important;margin-bottom: -30px !important;padding-top: 0px !important;padding-bottom: 0px !important;}&#8220; el_class=&#8220;top-link&#8220;]<a href=\"https:\/\/www.exogen.com\/cs\/faqs\/\"><i class=\"fa fa-angle-left\"><\/i> BACK<\/a>[\/vc_column_text][vc_custom_heading auto_text=&#8220;yes&#8220; text_color=&#8220;color-121277&#8243; heading_semantic=&#8220;h1&#8243; text_font=&#8220;font-559666&#8243; text_size=&#8220;fontsize-242148&#8243; text_transform=&#8220;uppercase&#8220; text_height=&#8220;fontheight-133340&#8243; uncode_shortcode_id=&#8220;311603&#8243; text_color_type=&#8220;uncode-palette&#8220;]This is a custom heading element.[\/vc_custom_heading][\/vc_column][\/vc_row][vc_row row_height_percent=&#8220;0&#8243; overlay_alpha=&#8220;50&#8243; gutter_size=&#8220;3&#8243; column_width_percent=&#8220;100&#8243; shift_y=&#8220;0&#8243; z_index=&#8220;0&#8243; uncode_shortcode_id=&#8220;169022&#8243; css=&#8220;.vc_custom_1633699476839{margin-bottom: 40px !important;}&#8220;][vc_column width=&#8220;1\/1&#8243;][vc_column_text uncode_shortcode_id=&#8220;739055&#8243; css=&#8220;.vc_custom_1748376084463{margin-top: 0px !important;}&#8220; el_class=&#8220;faq-page-content&#8220;]Stimul\u00e1tor kost\u00ed je za\u0159\u00edzen\u00ed, kter\u00e9 podporuje hojen\u00ed kosti pomoc\u00ed energetick\u00fdch pol\u00ed sm\u011b\u0159ovan\u00fdch na m\u00edsto indikovan\u00e9 akutn\u00ed zlomeniny nebo pakloubu.<sup><a href=\"https:\/\/www.exogen.com\/cs\/references\/\">48<\/a><\/sup><\/p>\n<p>Lidsk\u00e1 kost je \u017eiv\u00e1 tk\u00e1\u0148, a je tud\u00ed\u017e schopn\u00e1 se v p\u0159\u00edpad\u011b poran\u011bn\u00ed nebo po\u0161kozen\u00ed zahojit. B\u011bhem procesu hojen\u00ed kosti doch\u00e1z\u00ed k mno\u017estv\u00ed komplexn\u00edch molekul\u00e1rn\u00edch reakc\u00ed.<sup><a href=\"https:\/\/www.exogen.com\/cs\/references\/\">48<\/a><\/sup> Stimul\u00e1tory kost\u00ed podporuj\u00ed hojen\u00ed kosti t\u00edm, \u017ee stimuluj\u00ed tento aspekt p\u0159irozen\u00e9ho procesu hojen\u00ed.<sup><a href=\"https:\/\/www.exogen.com\/cs\/references\/\">48<\/a><\/sup><br \/>\nEnergie z t\u011bchto za\u0159\u00edzen\u00ed podporuje hojen\u00ed kosti spu\u0161t\u011bn\u00edm kask\u00e1dy komplexn\u00edch molekul\u00e1rn\u00edch reakc\u00ed, k nim\u017e b\u011bhem cel\u00e9ho procesu doch\u00e1z\u00ed.<sup><a href=\"https:\/\/www.exogen.com\/cs\/references\/\">48<\/a><\/sup><\/p>\n<p>Kostn\u00ed stimul\u00e1tory pou\u017e\u00edvaj\u00ed k vytvo\u0159en\u00ed energie aplikovan\u00e9 do zlomen\u00e9 kosti n\u011bkolik r\u016fzn\u00fdch typ\u016f technologi\u00ed. Mezi tyto technologie pat\u0159\u00ed stejnosm\u011brn\u00fd proud, kapacitn\u00ed spojen\u00ed, pulzn\u00ed elektromagnetick\u00e1 pole a pulzn\u00ed ultrazvuk o n\u00edzk\u00e9 intenzit\u011b.<sup><a href=\"https:\/\/www.exogen.com\/cs\/references\/\">49<\/a><\/sup> Nej\u010dast\u011bji pou\u017e\u00edvan\u00e9 kostn\u00ed stimul\u00e1tory jsou elektrick\u00e9 a ultrazvukov\u00e9 stimul\u00e1tory.<sup><a href=\"https:\/\/www.exogen.com\/cs\/references\/\">49<\/a><\/sup><\/p>\n<p>Stimul\u00e1tory kost\u00ed se dod\u00e1vaj\u00ed v r\u016fzn\u00fdch tvarech a velikostech. Zdrojem energie v\u011bt\u0161iny kostn\u00edch stimul\u00e1tor\u016f je mal\u00e1 baterie. Kostn\u00ed stimul\u00e1tory se obvykle p\u0159ikl\u00e1daj\u00ed k m\u00edstu zlomeniny a nos\u00ed se ka\u017ed\u00fd den po ur\u010ditou dobu, v \u0159\u00e1du minut a\u017e hodin.<sup><a href=\"https:\/\/www.exogen.com\/cs\/references\/\">48<\/a><\/sup><\/p>\n<p><strong>Paklouby<\/strong><br \/>\nStimul\u00e1tory kost\u00ed podporuj\u00ed hojen\u00ed akutn\u00edch nebo \u010derstv\u00fdch zlomenin i pakloub\u016f.<sup><a href=\"https:\/\/www.exogen.com\/cs\/references\/\">48<\/a><\/sup> Tyto typy zlomenin mohou b\u00fdt v\u00fdsledkem komplikace, nap\u0159. infekce v m\u00edst\u011b poran\u011bn\u00ed nebo naru\u0161en\u00e9ho toku krve do kostn\u00ed tk\u00e1n\u011b. Naru\u0161en\u00fd tok krve do poran\u011bn\u00e9 kosti mohou m\u00edt pacienti s cukrovkou nebo ku\u0159\u00e1ci cigaret.<sup><a href=\"https:\/\/www.exogen.com\/cs\/references\/\">8,10,45<\/a><\/sup> Dal\u0161\u00ed p\u0159\u00ed\u010dinou vzniku pakloubu m\u016f\u017ee b\u00fdt nespr\u00e1vn\u00e9 zarovn\u00e1n\u00ed konc\u016f zlomen\u00e9 kosti nebo nedostate\u010dn\u00e9 znehybn\u011bn\u00ed b\u011bhem procesu hojen\u00ed.<sup><a href=\"https:\/\/www.exogen.com\/cs\/references\/\">45<\/a><\/sup><\/p>\n<p><strong>\u00da\u010dinnost ultrazvukov\u00e9 stimulace kosti<\/strong><br \/>\nP\u0159edklinick\u00fd v\u00fdzkum u laboratorn\u00edch zv\u00ed\u0159at zjistil, \u017ee pulzn\u00ed ultrazvukov\u00e9 vlny o n\u00edzk\u00e9 intenzit\u011b podporuj\u00ed mnoho molekul\u00e1rn\u00edch reakc\u00ed pod\u00edlej\u00edc\u00edch se na hojen\u00ed kosti.*<sup>\u2020<a href=\"https:\/\/www.exogen.com\/cs\/references\/\">37,38,50,51<\/a><\/sup> Klinick\u00fd v\u00fdzkum u pacient\u016f se zlomeninou kosti d\u00e1le podpo\u0159il \u00fa\u010dinnost ultrazvukov\u00e9 stimulace kosti: za pou\u017eit\u00ed ultrazvukov\u00e9 stimulace kosti byla doba do zhojen\u00ed konkr\u00e9tn\u00edch \u010derstv\u00fdch zlomenin zkr\u00e1cena o 38 % a zahojeno bylo 86 % p\u0159\u00edpad\u016f pakloub\u016f.<sup><a href=\"https:\/\/www.exogen.com\/cs\/references\/\">1-3<\/a><\/sup><\/p>\n<p><strong>Ultrazvukov\u00fd syst\u00e9m k\u00a0hojen\u00ed kost\u00ed EXOGEN<\/strong><br \/>\nSyst\u00e9m EXOGEN poskytuje stimulaci kosti pulzn\u00edm ultrazvukem. Toto za\u0159\u00edzen\u00ed pou\u017e\u00edv\u00e1 bezpe\u010dn\u00e9 ultrazvukov\u00e9 vlny o n\u00edzk\u00e9 intenzit\u011b ke spu\u0161t\u011bn\u00ed p\u0159irozen\u00e9ho procesu hojen\u00ed kosti. Ka\u017edodenn\u00ed l\u00e9\u010dba syst\u00e9mem EXOGEN podporuje p\u0159irozen\u00e9 hojen\u00ed kosti v t\u011bchto t\u0159ech kroc\u00edch:<\/p>\n<p><strong>1. Stimulace*<sup><a href=\"https:\/\/www.exogen.com\/cs\/references\/\">36<\/a><\/sup><\/strong><br \/>\nSyst\u00e9m EXOGEN vys\u00edl\u00e1 ultrazvukov\u00e9 vlny proch\u00e1zej\u00edc\u00ed p\u0159es k\u016f\u017ei, \u010d\u00edm\u017e doch\u00e1z\u00ed k\u00a0pohybu, kter\u00fd stimuluje bu\u0148ky v\u00a0t\u011ble.<\/p>\n<p><strong>2. Aktivace*<sup><a href=\"https:\/\/www.exogen.com\/cs\/references\/\">37<\/a><\/sup><\/strong><br \/>\nSyst\u00e9m EXOGEN ultrazvukem aktivuje bu\u0148ky ve va\u0161em t\u011ble.<\/p>\n<p><strong>3. Zv\u00fd\u0161en\u00ed hladiny faktor\u016f*<sup><a href=\"https:\/\/www.exogen.com\/cs\/references\/\">38<\/a><\/sup><\/strong><br \/>\nUltrazvukov\u00e9 vlny dod\u00e1van\u00e9 syst\u00e9mem EXOGEN zvy\u0161uj\u00ed hladiny faktor\u016f, je\u017e pom\u00e1haj\u00ed nastartovat proces hojen\u00ed zlomeniny.[\/vc_column_text][vc_column_text uncode_shortcode_id=&#8220;116748&#8243; css=&#8220;.vc_custom_1748376137214{margin-top: 20px !important;}&#8220;]<a href=\"https:\/\/www.exogen.com\/cs\/is-exogen-right-for-me\/\">Zde si p\u0159e\u010dt\u011bte v\u00edce o tom, jak stimul\u00e1tor kost\u00ed EXOGEN funguje, a zjist\u011bte, zda je pro v\u00e1s vhodn\u00fd.<\/a><\/p>\n<p><small>*Klinick\u00fd v\u00fdznam t\u011bchto zji\u0161t\u011bn\u00ed nen\u00ed zn\u00e1m.<br \/>\n<sup>\u2020<\/sup>P\u0159e\u010dt\u011bte si pln\u00e9 zn\u011bn\u00ed informac\u00ed k p\u0159edepisov\u00e1n\u00ed na webov\u00e9 str\u00e1nce www.exogen.com nebo zavolejte na z\u00e1kaznick\u00fd servis spole\u010dnosti Bioventus.<\/small>[\/vc_column_text][\/vc_column][\/vc_row]<\/p>\n<\/div>","protected":false},"excerpt":{"rendered":"<p>[vc_row row_height_percent=&#8220;0&#8243; overlay_alpha=&#8220;50&#8243; gutter_size=&#8220;3&#8243; column_width_percent=&#8220;100&#8243; shift_y=&#8220;0&#8243; z_index=&#8220;0&#8243; uncode_shortcode_id=&#8220;141354&#8243; row_height_pixel=&#8220;145&#8243; back_color_type=&#8220;uncode-gradient&#8220; back_color_gradient=&#8220;{&#8222;css&#8222;:&#8222;background: linear-gradient(to bottom , rgb(211, 211, 211) , rgb(243, 240, [&hellip;]<\/p>\n","protected":false},"author":1,"featured_media":0,"parent":0,"menu_order":0,"comment_status":"closed","ping_status":"closed","template":"","meta":{"_acf_changed":false,"_five9_enable_chat":"","footnotes":""},"class_list":["post-1897","page","type-page","status-publish","hentry"],"acf":[],"yoast_head":"<!-- This site is optimized with the Yoast SEO plugin v27.4 - https:\/\/yoast.com\/product\/yoast-seo-wordpress\/ -->\n<title>Co je stimul\u00e1tor kost\u00ed? | EXOGEN Ultrasound Bone Healing System<\/title>\n<meta name=\"robots\" content=\"index, follow, max-snippet:-1, max-image-preview:large, max-video-preview:-1\" \/>\n<link rel=\"canonical\" href=\"https:\/\/www.exogen.com\/cs\/what-is-a-bone-stimulator\/\" \/>\n<meta property=\"og:locale\" content=\"cs_CZ\" \/>\n<meta property=\"og:type\" content=\"article\" \/>\n<meta property=\"og:title\" content=\"Co je stimul\u00e1tor kost\u00ed? | EXOGEN Ultrasound Bone Healing System\" \/>\n<meta property=\"og:description\" content=\"[vc_row row_height_percent=&#8220;0&#8243; overlay_alpha=&#8220;50&#8243; gutter_size=&#8220;3&#8243; column_width_percent=&#8220;100&#8243; shift_y=&#8220;0&#8243; z_index=&#8220;0&#8243; uncode_shortcode_id=&#8220;141354&#8243; row_height_pixel=&#8220;145&#8243; back_color_type=&#8220;uncode-gradient&#8220; back_color_gradient=&#8220;{&#8222;css&#8222;:&#8222;background: linear-gradient(to bottom , rgb(211, 211, 211) , rgb(243, 240, [&hellip;]\" \/>\n<meta property=\"og:url\" content=\"https:\/\/www.exogen.com\/cs\/what-is-a-bone-stimulator\/\" \/>\n<meta property=\"og:site_name\" content=\"EXOGEN Ultrasound Bone Healing System\" \/>\n<meta property=\"article:publisher\" content=\"https:\/\/www.facebook.com\/exogenbonehealing\/\" \/>\n<meta property=\"article:modified_time\" content=\"2025-05-27T20:00:50+00:00\" \/>\n<meta name=\"twitter:card\" content=\"summary_large_image\" \/>\n<meta name=\"twitter:label1\" content=\"Odhadovan\u00e1 doba \u010dten\u00ed\" \/>\n\t<meta name=\"twitter:data1\" content=\"3 minuty\" \/>\n<script type=\"application\/ld+json\" class=\"yoast-schema-graph\">{\"@context\":\"https:\\\/\\\/schema.org\",\"@graph\":[{\"@type\":\"WebPage\",\"@id\":\"https:\\\/\\\/www.exogen.com\\\/cs\\\/what-is-a-bone-stimulator\\\/\",\"url\":\"https:\\\/\\\/www.exogen.com\\\/cs\\\/what-is-a-bone-stimulator\\\/\",\"name\":\"Co je stimul\u00e1tor kost\u00ed? | EXOGEN Ultrasound Bone Healing System\",\"isPartOf\":{\"@id\":\"https:\\\/\\\/www.exogen.com\\\/cs\\\/#website\"},\"datePublished\":\"2021-10-25T13:48:22+00:00\",\"dateModified\":\"2025-05-27T20:00:50+00:00\",\"breadcrumb\":{\"@id\":\"https:\\\/\\\/www.exogen.com\\\/cs\\\/what-is-a-bone-stimulator\\\/#breadcrumb\"},\"inLanguage\":\"cs\",\"potentialAction\":[{\"@type\":\"ReadAction\",\"target\":[\"https:\\\/\\\/www.exogen.com\\\/cs\\\/what-is-a-bone-stimulator\\\/\"]}]},{\"@type\":\"BreadcrumbList\",\"@id\":\"https:\\\/\\\/www.exogen.com\\\/cs\\\/what-is-a-bone-stimulator\\\/#breadcrumb\",\"itemListElement\":[{\"@type\":\"ListItem\",\"position\":1,\"name\":\"Home\",\"item\":\"https:\\\/\\\/www.exogen.com\\\/cs\\\/\"},{\"@type\":\"ListItem\",\"position\":2,\"name\":\"Co je stimul\u00e1tor kost\u00ed?\"}]},{\"@type\":\"WebSite\",\"@id\":\"https:\\\/\\\/www.exogen.com\\\/cs\\\/#website\",\"url\":\"https:\\\/\\\/www.exogen.com\\\/cs\\\/\",\"name\":\"EXOGEN Ultrasound Bone Healing System\",\"description\":\"Ultrasound Bone Healing System\",\"publisher\":{\"@id\":\"https:\\\/\\\/www.exogen.com\\\/cs\\\/#organization\"},\"potentialAction\":[{\"@type\":\"SearchAction\",\"target\":{\"@type\":\"EntryPoint\",\"urlTemplate\":\"https:\\\/\\\/www.exogen.com\\\/cs\\\/?s={search_term_string}\"},\"query-input\":{\"@type\":\"PropertyValueSpecification\",\"valueRequired\":true,\"valueName\":\"search_term_string\"}}],\"inLanguage\":\"cs\"},{\"@type\":\"Organization\",\"@id\":\"https:\\\/\\\/www.exogen.com\\\/cs\\\/#organization\",\"name\":\"EXOGEN\",\"url\":\"https:\\\/\\\/www.exogen.com\\\/cs\\\/\",\"logo\":{\"@type\":\"ImageObject\",\"inLanguage\":\"cs\",\"@id\":\"https:\\\/\\\/www.exogen.com\\\/cs\\\/#\\\/schema\\\/logo\\\/image\\\/\",\"url\":\"https:\\\/\\\/www.exogen.com\\\/wp-content\\\/uploads\\\/2021\\\/10\\\/purple-logo.png\",\"contentUrl\":\"https:\\\/\\\/www.exogen.com\\\/wp-content\\\/uploads\\\/2021\\\/10\\\/purple-logo.png\",\"width\":264,\"height\":100,\"caption\":\"EXOGEN\"},\"image\":{\"@id\":\"https:\\\/\\\/www.exogen.com\\\/cs\\\/#\\\/schema\\\/logo\\\/image\\\/\"},\"sameAs\":[\"https:\\\/\\\/www.facebook.com\\\/exogenbonehealing\\\/\",\"https:\\\/\\\/www.instagram.com\\\/exogenbonehealing\\\/\",\"https:\\\/\\\/www.youtube.com\\\/channel\\\/UCP5jnVTUjZZKlr_b-mxr49w\"]}]}<\/script>\n<!-- \/ Yoast SEO plugin. -->","yoast_head_json":{"title":"Co je stimul\u00e1tor kost\u00ed? | EXOGEN Ultrasound Bone Healing System","robots":{"index":"index","follow":"follow","max-snippet":"max-snippet:-1","max-image-preview":"max-image-preview:large","max-video-preview":"max-video-preview:-1"},"canonical":"https:\/\/www.exogen.com\/cs\/what-is-a-bone-stimulator\/","og_locale":"cs_CZ","og_type":"article","og_title":"Co je stimul\u00e1tor kost\u00ed? | EXOGEN Ultrasound Bone Healing System","og_description":"[vc_row row_height_percent=&#8220;0&#8243; overlay_alpha=&#8220;50&#8243; gutter_size=&#8220;3&#8243; column_width_percent=&#8220;100&#8243; shift_y=&#8220;0&#8243; z_index=&#8220;0&#8243; uncode_shortcode_id=&#8220;141354&#8243; row_height_pixel=&#8220;145&#8243; back_color_type=&#8220;uncode-gradient&#8220; back_color_gradient=&#8220;{&#8222;css&#8222;:&#8222;background: linear-gradient(to bottom , rgb(211, 211, 211) , rgb(243, 240, [&hellip;]","og_url":"https:\/\/www.exogen.com\/cs\/what-is-a-bone-stimulator\/","og_site_name":"EXOGEN Ultrasound Bone Healing System","article_publisher":"https:\/\/www.facebook.com\/exogenbonehealing\/","article_modified_time":"2025-05-27T20:00:50+00:00","twitter_card":"summary_large_image","twitter_misc":{"Odhadovan\u00e1 doba \u010dten\u00ed":"3 minuty"},"schema":{"@context":"https:\/\/schema.org","@graph":[{"@type":"WebPage","@id":"https:\/\/www.exogen.com\/cs\/what-is-a-bone-stimulator\/","url":"https:\/\/www.exogen.com\/cs\/what-is-a-bone-stimulator\/","name":"Co je stimul\u00e1tor kost\u00ed? | EXOGEN Ultrasound Bone Healing System","isPartOf":{"@id":"https:\/\/www.exogen.com\/cs\/#website"},"datePublished":"2021-10-25T13:48:22+00:00","dateModified":"2025-05-27T20:00:50+00:00","breadcrumb":{"@id":"https:\/\/www.exogen.com\/cs\/what-is-a-bone-stimulator\/#breadcrumb"},"inLanguage":"cs","potentialAction":[{"@type":"ReadAction","target":["https:\/\/www.exogen.com\/cs\/what-is-a-bone-stimulator\/"]}]},{"@type":"BreadcrumbList","@id":"https:\/\/www.exogen.com\/cs\/what-is-a-bone-stimulator\/#breadcrumb","itemListElement":[{"@type":"ListItem","position":1,"name":"Home","item":"https:\/\/www.exogen.com\/cs\/"},{"@type":"ListItem","position":2,"name":"Co je stimul\u00e1tor kost\u00ed?"}]},{"@type":"WebSite","@id":"https:\/\/www.exogen.com\/cs\/#website","url":"https:\/\/www.exogen.com\/cs\/","name":"EXOGEN Ultrasound Bone Healing System","description":"Ultrasound Bone Healing System","publisher":{"@id":"https:\/\/www.exogen.com\/cs\/#organization"},"potentialAction":[{"@type":"SearchAction","target":{"@type":"EntryPoint","urlTemplate":"https:\/\/www.exogen.com\/cs\/?s={search_term_string}"},"query-input":{"@type":"PropertyValueSpecification","valueRequired":true,"valueName":"search_term_string"}}],"inLanguage":"cs"},{"@type":"Organization","@id":"https:\/\/www.exogen.com\/cs\/#organization","name":"EXOGEN","url":"https:\/\/www.exogen.com\/cs\/","logo":{"@type":"ImageObject","inLanguage":"cs","@id":"https:\/\/www.exogen.com\/cs\/#\/schema\/logo\/image\/","url":"https:\/\/www.exogen.com\/wp-content\/uploads\/2021\/10\/purple-logo.png","contentUrl":"https:\/\/www.exogen.com\/wp-content\/uploads\/2021\/10\/purple-logo.png","width":264,"height":100,"caption":"EXOGEN"},"image":{"@id":"https:\/\/www.exogen.com\/cs\/#\/schema\/logo\/image\/"},"sameAs":["https:\/\/www.facebook.com\/exogenbonehealing\/","https:\/\/www.instagram.com\/exogenbonehealing\/","https:\/\/www.youtube.com\/channel\/UCP5jnVTUjZZKlr_b-mxr49w"]}]}},"_links":{"self":[{"href":"https:\/\/www.exogen.com\/cs\/wp-json\/wp\/v2\/pages\/1897","targetHints":{"allow":["GET"]}}],"collection":[{"href":"https:\/\/www.exogen.com\/cs\/wp-json\/wp\/v2\/pages"}],"about":[{"href":"https:\/\/www.exogen.com\/cs\/wp-json\/wp\/v2\/types\/page"}],"author":[{"embeddable":true,"href":"https:\/\/www.exogen.com\/cs\/wp-json\/wp\/v2\/users\/1"}],"replies":[{"embeddable":true,"href":"https:\/\/www.exogen.com\/cs\/wp-json\/wp\/v2\/comments?post=1897"}],"version-history":[{"count":0,"href":"https:\/\/www.exogen.com\/cs\/wp-json\/wp\/v2\/pages\/1897\/revisions"}],"wp:attachment":[{"href":"https:\/\/www.exogen.com\/cs\/wp-json\/wp\/v2\/media?parent=1897"}],"curies":[{"name":"wp","href":"https:\/\/api.w.org\/{rel}","templated":true}]}}