{"id":1929,"date":"2021-10-25T13:32:42","date_gmt":"2021-10-25T13:32:42","guid":{"rendered":"https:\/\/exogen.com\/are-there-ways-to-speed-up-bone-healing\/"},"modified":"2025-05-27T19:45:16","modified_gmt":"2025-05-27T19:45:16","slug":"are-there-ways-to-speed-up-bone-healing","status":"publish","type":"page","link":"https:\/\/www.exogen.com\/cs\/are-there-ways-to-speed-up-bone-healing\/","title":{"rendered":"Existuj\u00ed n\u011bjak\u00e9 zp\u016fsoby, jak urychlit hojen\u00ed kosti?"},"content":{"rendered":"<div class=\"wpb-content-wrapper\"><p>[vc_row row_height_percent=&#8220;0&#8243; overlay_alpha=&#8220;50&#8243; gutter_size=&#8220;3&#8243; column_width_percent=&#8220;100&#8243; shift_y=&#8220;0&#8243; z_index=&#8220;0&#8243; uncode_shortcode_id=&#8220;141354&#8243; row_height_pixel=&#8220;145&#8243; back_color_type=&#8220;uncode-gradient&#8220; back_color_gradient=&#8220;{&#8222;css&#8222;:&#8222;background: linear-gradient(to bottom , rgb(211, 211, 211) , rgb(243, 240, 244) 34%);&#8222;,&#8222;sliders&#8222;:`{`{&#8222;color&#8222;:&#8222;rgb(211, 211, 211)&#8222;,&#8222;position&#8222;:0},{&#8222;color&#8222;:&#8222;rgb(243, 240, 244)&#8222;,&#8222;position&#8222;:34}`}`,&#8222;type&#8222;:&#8222;linear&#8222;,&#8222;direction&#8222;:&#8222;top&#8222;}&#8220; css=&#8220;.vc_custom_1633698520117{margin-top: 80px !important;margin-bottom: 60px !important;}&#8220;][vc_column column_width_percent=&#8220;100&#8243; position_vertical=&#8220;middle&#8220; gutter_size=&#8220;3&#8243; overlay_alpha=&#8220;50&#8243; shift_x=&#8220;0&#8243; shift_y=&#8220;0&#8243; shift_y_down=&#8220;0&#8243; z_index=&#8220;0&#8243; medium_width=&#8220;0&#8243; mobile_width=&#8220;0&#8243; width=&#8220;1\/1&#8243; uncode_shortcode_id=&#8220;697530&#8243;][vc_column_text text_color=&#8220;color-107303&#8243; uncode_shortcode_id=&#8220;666547&#8243; text_color_type=&#8220;uncode-palette&#8220; css=&#8220;.vc_custom_1640248412364{margin-top: 0px !important;margin-bottom: -30px !important;padding-top: 0px !important;padding-bottom: 0px !important;}&#8220; el_class=&#8220;top-link&#8220;]<a href=\"https:\/\/www.exogen.com\/cs\/faqs\/\"><i class=\"fa fa-angle-left\"><\/i> BACK<\/a>[\/vc_column_text][vc_custom_heading auto_text=&#8220;yes&#8220; text_color=&#8220;color-121277&#8243; heading_semantic=&#8220;h1&#8243; text_font=&#8220;font-559666&#8243; text_size=&#8220;fontsize-242148&#8243; text_transform=&#8220;uppercase&#8220; text_height=&#8220;fontheight-133340&#8243; uncode_shortcode_id=&#8220;311603&#8243; text_color_type=&#8220;uncode-palette&#8220;]This is a custom heading element.[\/vc_custom_heading][\/vc_column][\/vc_row][vc_row row_height_percent=&#8220;0&#8243; overlay_alpha=&#8220;50&#8243; gutter_size=&#8220;3&#8243; column_width_percent=&#8220;100&#8243; shift_y=&#8220;0&#8243; z_index=&#8220;0&#8243; uncode_shortcode_id=&#8220;169022&#8243; css=&#8220;.vc_custom_1633699476839{margin-bottom: 40px !important;}&#8220;][vc_column width=&#8220;1\/1&#8243;][vc_column_text uncode_shortcode_id=&#8220;793228&#8243; css=&#8220;.vc_custom_1748374820379{margin-bottom: 15px !important;}&#8220;]Urychlit proces hojen\u00ed kost\u00ed je mo\u017en\u00e9 n\u011bkolika zp\u016fsoby. Pod\u00edvejme se na opat\u0159en\u00ed, kter\u00e1 mohou pomoci hojen\u00ed kost\u00ed urychlit.[\/vc_column_text][vc_column_text uncode_shortcode_id=&#8220;205613&#8243; css=&#8220;.vc_custom_1748375179311{margin-top: 0px !important;}&#8220; el_class=&#8220;faq-page-content&#8220;]<strong>Cvi\u010dte a neku\u0159te<\/strong><\/p>\n<p>Jakmile v\u00e1m v\u00e1\u0161 l\u00e9ka\u0159 povol\u00ed zat\u00ed\u017eit oblast nebo kon\u010detinu, kter\u00e1 byla zlomen\u00e1, jste p\u0159ipraveni za\u010d\u00edt s lehk\u00fdm cvi\u010den\u00edm. Cvi\u010den\u00ed zlep\u0161uje tok krve do poran\u011bn\u00e9ho m\u00edsta. Krom\u011b toho tak\u00e9 pom\u00e1h\u00e1 obnovit svaly kolem m\u00edsta poran\u011bn\u00ed. V\u017edy dodr\u017eujte pokyny sv\u00e9ho l\u00e9ka\u0159e ohledn\u011b odpo\u010dinku a fyzick\u00e9ho pohybu, abyste p\u0159ede\u0161li probl\u00e9m\u016fm s hojen\u00edm <sup><a href=\"https:\/\/www.exogen.com\/cs\/references\/\">47<\/a><\/sup><\/p>\n<p>Kou\u0159en\u00ed b\u011bhem procesu hojen\u00ed m\u016f\u017ee v\u00e9st k opo\u017ed\u011bn\u00e9mu hojen\u00ed kosti.<sup><a href=\"https:\/\/www.exogen.com\/cs\/references\/\">10,47<\/a><\/sup><\/p>\n<p><strong>Profesion\u00e1ln\u00ed postupy zdravotn\u00ed p\u00e9\u010de k urychlen\u00ed hojen\u00ed kost\u00ed<\/strong><br \/>\nV kone\u010dn\u00e9 f\u00e1zi cesty k pln\u00e9mu zotaven\u00ed se \u010dasto doporu\u010duje fyzioterapie.<br \/>\n<strong>Fyzioterapie<\/strong><br \/>\nFyzioterapie pom\u00e1h\u00e1 v mnoha sm\u011brech, ale p\u0159edev\u0161\u00edm m\u016f\u017ee pomoci:<sup><a href=\"https:\/\/www.exogen.com\/cs\/references\/\">43<\/a><\/sup><\/p>\n<ul>\n<li>sn\u00ed\u017eit ztuhlost,<\/li>\n<li>pos\u00edlit oslaben\u00e9 svaly,<\/li>\n<li>zlep\u0161it rozsah pohybu,<\/li>\n<li>utlumit bolest,<\/li>\n<li>zlep\u0161it funkci t\u011bla, kter\u00e1 byla zlomeninou posti\u017eena.<\/li>\n<\/ul>\n<p>V\u0161echny tyto v\u00fdhody v\u00e1m m\u016f\u017ee p\u0159in\u00e9st cvi\u010den\u00ed, kter\u00e9 budete prov\u00e1d\u011bt s fyzioterapeutem.<\/p>\n<p><strong>Stimul\u00e1tory kost\u00ed, nap\u0159. syst\u00e9m EXOGEN<\/strong><\/p>\n<p>N\u011bkter\u00e9 fraktury se samy hoj\u00ed nep\u0159\u00edjemn\u011b pomalu. Ultrazvukov\u00fd syst\u00e9m k hojen\u00ed kost\u00ed EXOGEN podporuje rychlej\u0161\u00ed hojen\u00ed kosti. Tento syst\u00e9m pou\u017e\u00edv\u00e1 bezpe\u010dn\u00e9 ultrazvukov\u00e9 vlny o n\u00edzk\u00e9 intenzit\u011b k pos\u00edlen\u00ed p\u0159irozen\u00e9ho procesu hojen\u00ed kosti.<\/p>\n<p>V klinick\u00fdch hodnocen\u00edch zkr\u00e1til ultrazvukov\u00fd syst\u00e9m k hojen\u00ed kost\u00ed EXOGEN dobu do zahojen\u00ed konkr\u00e9tn\u00edch kostn\u00edch zlomenin o 38 % a podpo\u0159il hojen\u00ed kosti v 86 % p\u0159\u00edpad\u016f pakloub\u016f.*<sup><a href=\"https:\/\/www.exogen.com\/cs\/references\/\">1-3<\/a><\/sup><\/p>\n<p>Ka\u017edodenn\u00ed l\u00e9\u010dba syst\u00e9mem EXOGEN podporuje p\u0159irozen\u00e9 hojen\u00ed kosti v t\u011bchto t\u0159ech kroc\u00edch:<sup>\u2020<\/sup><\/p>\n<p><strong>1. Stimulace<sup><a href=\"https:\/\/www.exogen.com\/cs\/references\/\">36<\/a><\/sup><\/strong><br \/>\nSyst\u00e9m EXOGEN vys\u00edl\u00e1 ultrazvukov\u00e9 vlny proch\u00e1zej\u00edc\u00ed p\u0159es k\u016f\u017ei, \u010d\u00edm\u017e doch\u00e1z\u00ed k pohybu, kter\u00fd stimuluje bu\u0148ky v t\u011ble.<\/p>\n<p><strong>2. Aktivace<sup><a href=\"https:\/\/www.exogen.com\/cs\/references\/\">37<\/a><\/sup><\/strong><br \/>\nSyst\u00e9m EXOGEN ultrazvukem aktivuje bu\u0148ky ve va\u0161em t\u011ble.<\/p>\n<p><strong>3. Zv\u00fd\u0161en\u00ed hladiny faktor\u016f<sup><a href=\"https:\/\/www.exogen.com\/cs\/references\/\">38<\/a><\/sup><\/strong><br \/>\nUltrazvukov\u00e9 vlny dod\u00e1van\u00e9 syst\u00e9mem EXOGEN zvy\u0161uj\u00ed hladiny faktor\u016f, je\u017e pom\u00e1haj\u00ed nastartovat proces hojen\u00ed zlomeniny.[\/vc_column_text][vc_column_text uncode_shortcode_id=&#8220;986053&#8243; css=&#8220;.vc_custom_1748375203542{margin-top: 20px !important;}&#8220;]<a href=\"https:\/\/www.exogen.com\/cs\/is-exogen-right-for-me\/\">Zde si p\u0159e\u010dt\u011bte v\u00edce o tom, jak stimul\u00e1tor kost\u00ed EXOGEN funguje, a zjist\u011bte, zda je pro v\u00e1s vhodn\u00fd.<\/a>[\/vc_column_text][\/vc_column][\/vc_row][vc_row row_height_percent=&#8220;0&#8243; overlay_alpha=&#8220;50&#8243; gutter_size=&#8220;3&#8243; column_width_percent=&#8220;100&#8243; border_color=&#8220;color-gyho&#8220; border_style=&#8220;solid&#8220; shift_y=&#8220;0&#8243; z_index=&#8220;0&#8243; uncode_shortcode_id=&#8220;211498&#8243; css=&#8220;.vc_custom_1641945294172{margin-top: 40px !important;margin-bottom: 0px !important;border-top-width: 1px !important;}&#8220; border_color_type=&#8220;uncode-palette&#8220;][vc_column width=&#8220;1\/1&#8243;][vc_column_text text_lead=&#8220;small&#8220; uncode_shortcode_id=&#8220;318756&#8243; css=&#8220;.vc_custom_1641945310547{margin-top: 20px !important;}&#8220;]*B\u011bhem t\u011bchto studi\u00ed nebyly pozorov\u00e1ny \u017e\u00e1dn\u00e9 v\u00fdznamn\u00e9 komplikace ani ne\u017e\u00e1douc\u00ed p\u0159\u00edhody.<br \/>\n\u2020Funk\u010dnost in vitro nemus\u00ed sv\u011bd\u010dit pro funk\u010dnost u lid\u00ed.[\/vc_column_text][\/vc_column][\/vc_row]<\/p>\n<\/div>","protected":false},"excerpt":{"rendered":"<p>[vc_row row_height_percent=&#8220;0&#8243; overlay_alpha=&#8220;50&#8243; gutter_size=&#8220;3&#8243; column_width_percent=&#8220;100&#8243; shift_y=&#8220;0&#8243; z_index=&#8220;0&#8243; uncode_shortcode_id=&#8220;141354&#8243; row_height_pixel=&#8220;145&#8243; back_color_type=&#8220;uncode-gradient&#8220; back_color_gradient=&#8220;{&#8222;css&#8222;:&#8222;background: linear-gradient(to bottom , rgb(211, 211, 211) , rgb(243, 240, [&hellip;]<\/p>\n","protected":false},"author":1,"featured_media":0,"parent":0,"menu_order":0,"comment_status":"closed","ping_status":"closed","template":"","meta":{"_acf_changed":false,"_five9_enable_chat":"","footnotes":""},"class_list":["post-1929","page","type-page","status-publish","hentry"],"acf":[],"yoast_head":"<!-- This site is optimized with the Yoast SEO plugin v27.3 - https:\/\/yoast.com\/product\/yoast-seo-wordpress\/ -->\n<title>Existuj\u00ed n\u011bjak\u00e9 zp\u016fsoby, jak urychlit hojen\u00ed kosti? | EXOGEN Ultrasound Bone Healing System<\/title>\n<meta name=\"robots\" content=\"index, follow, max-snippet:-1, max-image-preview:large, max-video-preview:-1\" \/>\n<link rel=\"canonical\" href=\"https:\/\/www.exogen.com\/cs\/are-there-ways-to-speed-up-bone-healing\/\" \/>\n<meta property=\"og:locale\" content=\"cs_CZ\" \/>\n<meta property=\"og:type\" content=\"article\" \/>\n<meta property=\"og:title\" content=\"Existuj\u00ed n\u011bjak\u00e9 zp\u016fsoby, jak urychlit hojen\u00ed kosti? | EXOGEN Ultrasound Bone Healing System\" \/>\n<meta property=\"og:description\" content=\"[vc_row row_height_percent=&#8220;0&#8243; overlay_alpha=&#8220;50&#8243; gutter_size=&#8220;3&#8243; column_width_percent=&#8220;100&#8243; shift_y=&#8220;0&#8243; z_index=&#8220;0&#8243; uncode_shortcode_id=&#8220;141354&#8243; row_height_pixel=&#8220;145&#8243; back_color_type=&#8220;uncode-gradient&#8220; back_color_gradient=&#8220;{&#8222;css&#8222;:&#8222;background: linear-gradient(to bottom , rgb(211, 211, 211) , rgb(243, 240, [&hellip;]\" \/>\n<meta property=\"og:url\" content=\"https:\/\/www.exogen.com\/cs\/are-there-ways-to-speed-up-bone-healing\/\" \/>\n<meta property=\"og:site_name\" content=\"EXOGEN Ultrasound Bone Healing System\" \/>\n<meta property=\"article:publisher\" content=\"https:\/\/www.facebook.com\/exogenbonehealing\/\" \/>\n<meta property=\"article:modified_time\" content=\"2025-05-27T19:45:16+00:00\" \/>\n<meta name=\"twitter:card\" content=\"summary_large_image\" \/>\n<meta name=\"twitter:label1\" content=\"Odhadovan\u00e1 doba \u010dten\u00ed\" \/>\n\t<meta name=\"twitter:data1\" content=\"2 minuty\" \/>\n<script type=\"application\/ld+json\" class=\"yoast-schema-graph\">{\"@context\":\"https:\\\/\\\/schema.org\",\"@graph\":[{\"@type\":\"WebPage\",\"@id\":\"https:\\\/\\\/www.exogen.com\\\/cs\\\/are-there-ways-to-speed-up-bone-healing\\\/\",\"url\":\"https:\\\/\\\/www.exogen.com\\\/cs\\\/are-there-ways-to-speed-up-bone-healing\\\/\",\"name\":\"Existuj\u00ed n\u011bjak\u00e9 zp\u016fsoby, jak urychlit hojen\u00ed kosti? | EXOGEN Ultrasound Bone Healing System\",\"isPartOf\":{\"@id\":\"https:\\\/\\\/www.exogen.com\\\/cs\\\/#website\"},\"datePublished\":\"2021-10-25T13:32:42+00:00\",\"dateModified\":\"2025-05-27T19:45:16+00:00\",\"breadcrumb\":{\"@id\":\"https:\\\/\\\/www.exogen.com\\\/cs\\\/are-there-ways-to-speed-up-bone-healing\\\/#breadcrumb\"},\"inLanguage\":\"cs\",\"potentialAction\":[{\"@type\":\"ReadAction\",\"target\":[\"https:\\\/\\\/www.exogen.com\\\/cs\\\/are-there-ways-to-speed-up-bone-healing\\\/\"]}]},{\"@type\":\"BreadcrumbList\",\"@id\":\"https:\\\/\\\/www.exogen.com\\\/cs\\\/are-there-ways-to-speed-up-bone-healing\\\/#breadcrumb\",\"itemListElement\":[{\"@type\":\"ListItem\",\"position\":1,\"name\":\"Home\",\"item\":\"https:\\\/\\\/www.exogen.com\\\/cs\\\/\"},{\"@type\":\"ListItem\",\"position\":2,\"name\":\"Existuj\u00ed n\u011bjak\u00e9 zp\u016fsoby, jak urychlit hojen\u00ed kosti?\"}]},{\"@type\":\"WebSite\",\"@id\":\"https:\\\/\\\/www.exogen.com\\\/cs\\\/#website\",\"url\":\"https:\\\/\\\/www.exogen.com\\\/cs\\\/\",\"name\":\"EXOGEN Ultrasound Bone Healing System\",\"description\":\"Ultrasound Bone Healing System\",\"publisher\":{\"@id\":\"https:\\\/\\\/www.exogen.com\\\/cs\\\/#organization\"},\"potentialAction\":[{\"@type\":\"SearchAction\",\"target\":{\"@type\":\"EntryPoint\",\"urlTemplate\":\"https:\\\/\\\/www.exogen.com\\\/cs\\\/?s={search_term_string}\"},\"query-input\":{\"@type\":\"PropertyValueSpecification\",\"valueRequired\":true,\"valueName\":\"search_term_string\"}}],\"inLanguage\":\"cs\"},{\"@type\":\"Organization\",\"@id\":\"https:\\\/\\\/www.exogen.com\\\/cs\\\/#organization\",\"name\":\"EXOGEN\",\"url\":\"https:\\\/\\\/www.exogen.com\\\/cs\\\/\",\"logo\":{\"@type\":\"ImageObject\",\"inLanguage\":\"cs\",\"@id\":\"https:\\\/\\\/www.exogen.com\\\/cs\\\/#\\\/schema\\\/logo\\\/image\\\/\",\"url\":\"https:\\\/\\\/www.exogen.com\\\/wp-content\\\/uploads\\\/2021\\\/10\\\/purple-logo.png\",\"contentUrl\":\"https:\\\/\\\/www.exogen.com\\\/wp-content\\\/uploads\\\/2021\\\/10\\\/purple-logo.png\",\"width\":264,\"height\":100,\"caption\":\"EXOGEN\"},\"image\":{\"@id\":\"https:\\\/\\\/www.exogen.com\\\/cs\\\/#\\\/schema\\\/logo\\\/image\\\/\"},\"sameAs\":[\"https:\\\/\\\/www.facebook.com\\\/exogenbonehealing\\\/\",\"https:\\\/\\\/www.instagram.com\\\/exogenbonehealing\\\/\",\"https:\\\/\\\/www.youtube.com\\\/channel\\\/UCP5jnVTUjZZKlr_b-mxr49w\"]}]}<\/script>\n<!-- \/ Yoast SEO plugin. -->","yoast_head_json":{"title":"Existuj\u00ed n\u011bjak\u00e9 zp\u016fsoby, jak urychlit hojen\u00ed kosti? | EXOGEN Ultrasound Bone Healing System","robots":{"index":"index","follow":"follow","max-snippet":"max-snippet:-1","max-image-preview":"max-image-preview:large","max-video-preview":"max-video-preview:-1"},"canonical":"https:\/\/www.exogen.com\/cs\/are-there-ways-to-speed-up-bone-healing\/","og_locale":"cs_CZ","og_type":"article","og_title":"Existuj\u00ed n\u011bjak\u00e9 zp\u016fsoby, jak urychlit hojen\u00ed kosti? | EXOGEN Ultrasound Bone Healing System","og_description":"[vc_row row_height_percent=&#8220;0&#8243; overlay_alpha=&#8220;50&#8243; gutter_size=&#8220;3&#8243; column_width_percent=&#8220;100&#8243; shift_y=&#8220;0&#8243; z_index=&#8220;0&#8243; uncode_shortcode_id=&#8220;141354&#8243; row_height_pixel=&#8220;145&#8243; back_color_type=&#8220;uncode-gradient&#8220; back_color_gradient=&#8220;{&#8222;css&#8222;:&#8222;background: linear-gradient(to bottom , rgb(211, 211, 211) , rgb(243, 240, [&hellip;]","og_url":"https:\/\/www.exogen.com\/cs\/are-there-ways-to-speed-up-bone-healing\/","og_site_name":"EXOGEN Ultrasound Bone Healing System","article_publisher":"https:\/\/www.facebook.com\/exogenbonehealing\/","article_modified_time":"2025-05-27T19:45:16+00:00","twitter_card":"summary_large_image","twitter_misc":{"Odhadovan\u00e1 doba \u010dten\u00ed":"2 minuty"},"schema":{"@context":"https:\/\/schema.org","@graph":[{"@type":"WebPage","@id":"https:\/\/www.exogen.com\/cs\/are-there-ways-to-speed-up-bone-healing\/","url":"https:\/\/www.exogen.com\/cs\/are-there-ways-to-speed-up-bone-healing\/","name":"Existuj\u00ed n\u011bjak\u00e9 zp\u016fsoby, jak urychlit hojen\u00ed kosti? | EXOGEN Ultrasound Bone Healing System","isPartOf":{"@id":"https:\/\/www.exogen.com\/cs\/#website"},"datePublished":"2021-10-25T13:32:42+00:00","dateModified":"2025-05-27T19:45:16+00:00","breadcrumb":{"@id":"https:\/\/www.exogen.com\/cs\/are-there-ways-to-speed-up-bone-healing\/#breadcrumb"},"inLanguage":"cs","potentialAction":[{"@type":"ReadAction","target":["https:\/\/www.exogen.com\/cs\/are-there-ways-to-speed-up-bone-healing\/"]}]},{"@type":"BreadcrumbList","@id":"https:\/\/www.exogen.com\/cs\/are-there-ways-to-speed-up-bone-healing\/#breadcrumb","itemListElement":[{"@type":"ListItem","position":1,"name":"Home","item":"https:\/\/www.exogen.com\/cs\/"},{"@type":"ListItem","position":2,"name":"Existuj\u00ed n\u011bjak\u00e9 zp\u016fsoby, jak urychlit hojen\u00ed kosti?"}]},{"@type":"WebSite","@id":"https:\/\/www.exogen.com\/cs\/#website","url":"https:\/\/www.exogen.com\/cs\/","name":"EXOGEN Ultrasound Bone Healing System","description":"Ultrasound Bone Healing System","publisher":{"@id":"https:\/\/www.exogen.com\/cs\/#organization"},"potentialAction":[{"@type":"SearchAction","target":{"@type":"EntryPoint","urlTemplate":"https:\/\/www.exogen.com\/cs\/?s={search_term_string}"},"query-input":{"@type":"PropertyValueSpecification","valueRequired":true,"valueName":"search_term_string"}}],"inLanguage":"cs"},{"@type":"Organization","@id":"https:\/\/www.exogen.com\/cs\/#organization","name":"EXOGEN","url":"https:\/\/www.exogen.com\/cs\/","logo":{"@type":"ImageObject","inLanguage":"cs","@id":"https:\/\/www.exogen.com\/cs\/#\/schema\/logo\/image\/","url":"https:\/\/www.exogen.com\/wp-content\/uploads\/2021\/10\/purple-logo.png","contentUrl":"https:\/\/www.exogen.com\/wp-content\/uploads\/2021\/10\/purple-logo.png","width":264,"height":100,"caption":"EXOGEN"},"image":{"@id":"https:\/\/www.exogen.com\/cs\/#\/schema\/logo\/image\/"},"sameAs":["https:\/\/www.facebook.com\/exogenbonehealing\/","https:\/\/www.instagram.com\/exogenbonehealing\/","https:\/\/www.youtube.com\/channel\/UCP5jnVTUjZZKlr_b-mxr49w"]}]}},"_links":{"self":[{"href":"https:\/\/www.exogen.com\/cs\/wp-json\/wp\/v2\/pages\/1929","targetHints":{"allow":["GET"]}}],"collection":[{"href":"https:\/\/www.exogen.com\/cs\/wp-json\/wp\/v2\/pages"}],"about":[{"href":"https:\/\/www.exogen.com\/cs\/wp-json\/wp\/v2\/types\/page"}],"author":[{"embeddable":true,"href":"https:\/\/www.exogen.com\/cs\/wp-json\/wp\/v2\/users\/1"}],"replies":[{"embeddable":true,"href":"https:\/\/www.exogen.com\/cs\/wp-json\/wp\/v2\/comments?post=1929"}],"version-history":[{"count":0,"href":"https:\/\/www.exogen.com\/cs\/wp-json\/wp\/v2\/pages\/1929\/revisions"}],"wp:attachment":[{"href":"https:\/\/www.exogen.com\/cs\/wp-json\/wp\/v2\/media?parent=1929"}],"curies":[{"name":"wp","href":"https:\/\/api.w.org\/{rel}","templated":true}]}}