{"id":3388,"date":"2021-10-12T14:20:05","date_gmt":"2021-10-12T14:20:05","guid":{"rendered":"https:\/\/exogen.com\/contact-us\/"},"modified":"2023-09-27T21:00:44","modified_gmt":"2023-09-27T21:00:44","slug":"contact-us","status":"publish","type":"page","link":"https:\/\/www.exogen.com\/cs\/contact-us\/","title":{"rendered":"Contact Us"},"content":{"rendered":"<div class=\"wpb-content-wrapper\"><p>[vc_row row_height_percent=&#8220;0&#8243; back_image=&#8220;232&#8243; back_repeat=&#8220;no-repeat&#8220; back_position=&#8220;center center&#8220; overlay_alpha=&#8220;50&#8243; gutter_size=&#8220;3&#8243; column_width_percent=&#8220;100&#8243; shift_y=&#8220;0&#8243; z_index=&#8220;0&#8243; uncode_shortcode_id=&#8220;209530&#8243; row_height_pixel=&#8220;460&#8243; back_size=&#8220;cover&#8220; el_class=&#8220;inner-banner&#8220; css=&#8220;.vc_custom_1634311894691{margin-top: 88px !important;margin-bottom: 20px !important;}&#8220;][vc_column column_width_percent=&#8220;100&#8243; position_vertical=&#8220;middle&#8220; gutter_size=&#8220;3&#8243; overlay_alpha=&#8220;50&#8243; shift_x=&#8220;0&#8243; shift_y=&#8220;0&#8243; shift_y_down=&#8220;0&#8243; z_index=&#8220;0&#8243; medium_width=&#8220;0&#8243; mobile_width=&#8220;0&#8243; width=&#8220;1\/2&#8243; uncode_shortcode_id=&#8220;208174&#8243; css=&#8220;.vc_custom_1634042877970{padding-top: 60px !important;}&#8220;][vc_custom_heading text_color=&#8220;color-xsdn&#8220; heading_semantic=&#8220;h1&#8243; text_size=&#8220;fontsize-942846&#8243; text_weight=&#8220;400&#8243; text_transform=&#8220;uppercase&#8220; text_height=&#8220;fontheight-667169&#8243; uncode_shortcode_id=&#8220;155386&#8243; text_color_type=&#8220;uncode-palette&#8220;]<span style=\"font-weight: 700 !important;\">Contact Us<\/span>[\/vc_custom_heading][\/vc_column][vc_column width=&#8220;1\/2&#8243;][\/vc_column][\/vc_row][vc_row row_height_percent=&#8220;0&#8243; overlay_alpha=&#8220;50&#8243; gutter_size=&#8220;4&#8243; column_width_percent=&#8220;100&#8243; shift_y=&#8220;0&#8243; z_index=&#8220;0&#8243; uncode_shortcode_id=&#8220;165624&#8243; css=&#8220;.vc_custom_1634049789220{padding-top: 30px !important;padding-bottom: 30px !important;}&#8220;][vc_column column_width_percent=&#8220;100&#8243; gutter_size=&#8220;3&#8243; overlay_alpha=&#8220;50&#8243; shift_x=&#8220;0&#8243; shift_y=&#8220;0&#8243; shift_y_down=&#8220;0&#8243; z_index=&#8220;0&#8243; medium_width=&#8220;0&#8243; mobile_width=&#8220;0&#8243; width=&#8220;2\/3&#8243; uncode_shortcode_id=&#8220;727465&#8243; el_class=&#8220;exogen-form&#8220;][vc_custom_heading text_color=&#8220;color-121277&#8243; text_font=&#8220;font-559666&#8243; text_size=&#8220;fontsize-242148&#8243; text_weight=&#8220;700&#8243; text_transform=&#8220;uppercase&#8220; text_height=&#8220;fontheight-133340&#8243; uncode_shortcode_id=&#8220;127652&#8243; text_color_type=&#8220;uncode-palette&#8220;]Thank you for your interest in EXOGEN[\/vc_custom_heading][vc_column_text uncode_shortcode_id=&#8220;944253&#8243; css=&#8220;.vc_custom_1635150936025{margin-top: 10px !important;margin-bottom: 5px !important;}&#8220;]We\u2019re happy to answer questions about EXOGEN or Bioventus.<\/p>\n<p>If you have questions about your fracture, health, or any medical condition, please consult your physician. We cannot answer any questions or comment regarding the suitability of EXOGEN or other treatments for your medical condition.[\/vc_column_text]\n<div class=\"wpcf7 no-js\" id=\"wpcf7-f3380-o1\" lang=\"cs-CZ\" dir=\"ltr\" data-wpcf7-id=\"3380\">\n<div class=\"screen-reader-response\"><p role=\"status\" aria-live=\"polite\" aria-atomic=\"true\"><\/p> <ul><\/ul><\/div>\n<form action=\"\/cs\/wp-json\/wp\/v2\/pages\/3388#wpcf7-f3380-o1\" method=\"post\" class=\"wpcf7-form init\" aria-label=\"Kontaktn\u00ed formul\u00e1\u0159\" novalidate=\"novalidate\" data-status=\"init\">\n<fieldset class=\"hidden-fields-container\"><input type=\"hidden\" name=\"_wpcf7\" value=\"3380\" \/><input type=\"hidden\" name=\"_wpcf7_version\" value=\"6.1.5\" \/><input type=\"hidden\" name=\"_wpcf7_locale\" value=\"cs_CZ\" \/><input type=\"hidden\" name=\"_wpcf7_unit_tag\" value=\"wpcf7-f3380-o1\" \/><input type=\"hidden\" name=\"_wpcf7_container_post\" value=\"0\" \/><input type=\"hidden\" name=\"_wpcf7_posted_data_hash\" value=\"\" \/><input type=\"hidden\" name=\"_wpcf7cf_hidden_group_fields\" value=\"[]\" \/><input type=\"hidden\" name=\"_wpcf7cf_hidden_groups\" value=\"[]\" \/><input type=\"hidden\" name=\"_wpcf7cf_visible_groups\" value=\"[]\" \/><input type=\"hidden\" name=\"_wpcf7cf_repeaters\" value=\"[]\" \/><input type=\"hidden\" name=\"_wpcf7cf_steps\" value=\"{}\" \/><input type=\"hidden\" name=\"_wpcf7cf_options\" value=\"{&quot;form_id&quot;:3380,&quot;conditions&quot;:[{&quot;then_field&quot;:&quot;speciality&quot;,&quot;and_rules&quot;:[{&quot;if_field&quot;:&quot;&quot;,&quot;operator&quot;:&quot;equals&quot;,&quot;if_value&quot;:&quot;Healthcare Provider\\\/Administrator&quot;},{&quot;if_field&quot;:&quot;&quot;,&quot;operator&quot;:&quot;equals&quot;,&quot;if_value&quot;:&quot;Healthcare Provider\\\/Administrator&quot;}]}],&quot;settings&quot;:{&quot;animation&quot;:&quot;yes&quot;,&quot;animation_intime&quot;:200,&quot;animation_outtime&quot;:200,&quot;conditions_ui&quot;:&quot;normal&quot;,&quot;notice_dismissed&quot;:false,&quot;notice_dismissed_rollback-cf7-5.9.5&quot;:true}}\" \/><input type=\"hidden\" name=\"_wpcf7_recaptcha_response\" value=\"\" \/>\n<\/fieldset>\n<table class=\"contact-reference contact-us\">\n\t<tr>\n\t\t<td colspan=\"2\" class=\"last-td\">\n\t\t\t<p><label>I am a<span>*<\/span>:<\/label>&nbsp;&nbsp;<span class=\"wpcf7-form-control-wrap\" data-name=\"checkbox-243\"><span class=\"wpcf7-form-control wpcf7-checkbox wpcf7-validates-as-required wpcf7-exclusive-checkbox\"><span class=\"wpcf7-list-item first\"><input type=\"checkbox\" name=\"checkbox-243\" value=\"Patient\" \/><span class=\"wpcf7-list-item-label\">Patient<\/span><\/span><span class=\"wpcf7-list-item last\"><input type=\"checkbox\" name=\"checkbox-243\" value=\"Healthcare Provider\/Administrator\" \/><span class=\"wpcf7-list-item-label\">Healthcare Provider\/Administrator<\/span><\/span><\/span><\/span>\n\t\t\t<\/p>\n\t\t<\/td>\n\t<\/tr>\n\t<tr>\n\t\t<td class=\"first\">\n\t\t\t<p><label> First Name<span>*<\/span> <\/label><br \/>\n<span class=\"wpcf7-form-control-wrap\" data-name=\"your-name\"><input size=\"40\" maxlength=\"400\" class=\"wpcf7-form-control wpcf7-text wpcf7-validates-as-required\" aria-required=\"true\" aria-invalid=\"false\" placeholder=\"First Name\" value=\"\" type=\"text\" name=\"your-name\" \/><\/span>\n\t\t\t<\/p>\n\t\t<\/td>\n\t\t<td class=\"second\">\n\t\t\t<p><label> Last Name<span>*<\/span> <\/label><br \/>\n<span class=\"wpcf7-form-control-wrap\" data-name=\"last-name\"><input size=\"40\" maxlength=\"400\" class=\"wpcf7-form-control wpcf7-text wpcf7-validates-as-required\" aria-required=\"true\" aria-invalid=\"false\" placeholder=\"Last Name\" value=\"\" type=\"text\" name=\"last-name\" \/><\/span>\n\t\t\t<\/p>\n\t\t<\/td>\n\t<\/tr>\n\t<tr>\n\t\t<td class=\"first\">\n\t\t\t<p><label> Email Address<span>*<\/span> <\/label><br \/>\n<span class=\"wpcf7-form-control-wrap\" data-name=\"your-email\"><input size=\"40\" maxlength=\"400\" class=\"wpcf7-form-control wpcf7-email wpcf7-validates-as-required wpcf7-text wpcf7-validates-as-email\" aria-required=\"true\" aria-invalid=\"false\" placeholder=\"Email Address\" value=\"\" type=\"email\" name=\"your-email\" \/><\/span>\n\t\t\t<\/p>\n\t\t<\/td>\n\t\t<td class=\"second\">\n\t\t\t<p><label> Confirm Email Address<span>*<\/span> <\/label><br \/>\n<span class=\"wpcf7-form-control-wrap\" data-name=\"con-email\"><input size=\"40\" maxlength=\"400\" class=\"wpcf7-form-control wpcf7-email wpcf7-validates-as-required wpcf7-text wpcf7-validates-as-email\" aria-required=\"true\" aria-invalid=\"false\" placeholder=\"Confirm Email Address\" value=\"\" type=\"email\" name=\"con-email\" \/><\/span>\n\t\t\t<\/p>\n\t\t<\/td>\n\t<\/tr>\n\t<tr>\n\t\t<td class=\"first\">\n\t\t\t<p><label> Phone Number <\/label><br \/>\n<span class=\"wpcf7-form-control-wrap\" data-name=\"your-phone\"><input size=\"40\" maxlength=\"400\" class=\"wpcf7-form-control wpcf7-tel wpcf7-text wpcf7-validates-as-tel\" aria-invalid=\"false\" placeholder=\"(XXX) XXX-XXXX\" value=\"\" type=\"tel\" name=\"your-phone\" \/><\/span>\n\t\t\t<\/p>\n\t\t<\/td>\n\t\t<td class=\"second\">\n\t\t\t<div data-id=\"speciality\" data-orig_data_id=\"speciality\"  class=\"\" data-class=\"wpcf7cf_group\">\n\t\t\t\t<p><label>Job title\/Specialty (if healthcare provider\/admin)<span>*<\/span><\/label><br \/>\n<span class=\"wpcf7-form-control-wrap\" data-name=\"job\"><input size=\"40\" maxlength=\"400\" class=\"wpcf7-form-control wpcf7-text wpcf7-validates-as-required\" aria-required=\"true\" aria-invalid=\"false\" placeholder=\"Job title\/Specialty\" value=\"\" type=\"text\" name=\"job\" \/><\/span>\n\t\t\t\t<\/p>\n\t\t\t<\/div>\n\t\t<\/td>\n\t<\/tr>\n\t<tr>\n\t\t<td class=\"first\">\n\t\t\t<p><label> Zip Code<span>*<\/span> <\/label><br \/>\n<span class=\"wpcf7-form-control-wrap\" data-name=\"your-zip\"><input size=\"40\" maxlength=\"400\" class=\"wpcf7-form-control wpcf7-text wpcf7-validates-as-required\" aria-required=\"true\" aria-invalid=\"false\" placeholder=\"Zip Code\" value=\"\" type=\"text\" name=\"your-zip\" \/><\/span>\n\t\t\t<\/p>\n\t\t<\/td>\n\t\t<td class=\"second\">\n\t\t\t<div data-id=\"hcp\" data-orig_data_id=\"hcp\"  class=\"\" data-class=\"wpcf7cf_group\">\n\t\t\t\t<p><label>Subject<span>*<\/span> <\/label><br \/>\n<span class=\"wpcf7-form-control-wrap\" data-name=\"subject_hcp\"><select class=\"wpcf7-form-control wpcf7-select wpcf7-validates-as-required\" aria-required=\"true\" aria-invalid=\"false\" name=\"subject_hcp\"><option value=\"Select\">Select<\/option><option value=\"I have a patient who needs EXOGEN\">I have a patient who needs EXOGEN<\/option><option value=\"I may have a patient need soon\">I may have a patient need soon<\/option><option value=\"I need other help or information\">I need other help or information<\/option><\/select><\/span>\n\t\t\t\t<\/p>\n\t\t\t<\/div>\n\t\t\t<div data-id=\"dtp\" data-orig_data_id=\"dtp\"  class=\"\" data-class=\"wpcf7cf_group\">\n\t\t\t\t<p><label>Subject<span>*<\/span> <\/label><br \/>\n<span class=\"wpcf7-form-control-wrap\" data-name=\"subject_dtp\"><select class=\"wpcf7-form-control wpcf7-select wpcf7-validates-as-required\" aria-required=\"true\" aria-invalid=\"false\" name=\"subject_dtp\"><option value=\"Select\">Select<\/option><option value=\"I need help with my EXOGEN device\">I need help with my EXOGEN device<\/option><option value=\"I want an EXOGEN device\">I want an EXOGEN device<\/option><option value=\"I need other help or information\">I need other help or information<\/option><\/select><\/span>\n\t\t\t\t<\/p>\n\t\t\t<\/div>\n\t\t<\/td>\n\t<\/tr>\n\t<tr>\n\t\t<td colspan=\"2\" class=\"last-td\">\n\t\t\t<p><label> Message<span>*<\/span> <\/label><br \/>\n<span class=\"wpcf7-form-control-wrap\" data-name=\"your-message\"><textarea cols=\"40\" rows=\"10\" maxlength=\"2000\" class=\"wpcf7-form-control wpcf7-textarea wpcf7-validates-as-required\" aria-required=\"true\" aria-invalid=\"false\" placeholder=\"Start typing here\u2026\" name=\"your-message\"><\/textarea><\/span>\n\t\t\t<\/p>\n\t\t\t<p><span class=\"wpcf7-form-control-wrap\" data-name=\"acceptance\"><span class=\"wpcf7-form-control wpcf7-acceptance\"><span class=\"wpcf7-list-item\"><label><input type=\"checkbox\" name=\"acceptance\" value=\"1\" aria-invalid=\"false\" \/><span class=\"wpcf7-list-item-label\">By using this form you agree to receive communications from EXOGEN and Bioventus, and agree with the storage and handling of your personal data in accordance with our  <a href=\"\/privacy-policy\/\">Privacy Policy<\/a>.<\/span><\/label><\/span><\/span><\/span>\n\t\t\t<\/p>\n\t\t\t<p><input class=\"wpcf7-form-control wpcf7-submit has-spinner\" type=\"submit\" value=\"Send Message\" \/>\n\t\t\t<\/p>\n\t\t<\/td>\n\t<\/tr>\n<\/table><p style=\"display: none !important;\" class=\"akismet-fields-container\" data-prefix=\"_wpcf7_ak_\"><label>&#916;<textarea name=\"_wpcf7_ak_hp_textarea\" cols=\"45\" rows=\"8\" maxlength=\"100\"><\/textarea><\/label><input type=\"hidden\" id=\"ak_js_1\" name=\"_wpcf7_ak_js\" value=\"124\"\/><script type=\"text\/javascript\">\n\/* <![CDATA[ *\/\ndocument.getElementById( \"ak_js_1\" ).setAttribute( \"value\", ( new Date() ).getTime() );\n\/* ]]> *\/\n<\/script>\n<\/p><input type='hidden' class='wpcf7-pum' value='{\"closepopup\":false,\"closedelay\":0,\"openpopup\":false,\"openpopup_id\":0}' \/><div class=\"wpcf7-response-output\" aria-hidden=\"true\"><\/div>\n<\/form>\n<\/div>\n[\/vc_column][vc_column column_width_percent=&#8220;100&#8243; gutter_size=&#8220;3&#8243; overlay_alpha=&#8220;50&#8243; shift_x=&#8220;0&#8243; shift_y=&#8220;0&#8243; shift_y_down=&#8220;0&#8243; z_index=&#8220;0&#8243; medium_width=&#8220;0&#8243; mobile_width=&#8220;0&#8243; width=&#8220;1\/3&#8243; uncode_shortcode_id=&#8220;850808&#8243; el_class=&#8220;begining-text&#8220;][vc_single_image media=&#8220;233&#8243; media_width_percent=&#8220;100&#8243; uncode_shortcode_id=&#8220;563311&#8243;][vc_row_inner row_inner_height_percent=&#8220;0&#8243; back_color=&#8220;color-763025&#8243; overlay_alpha=&#8220;50&#8243; gutter_size=&#8220;3&#8243; shift_y=&#8220;0&#8243; z_index=&#8220;0&#8243; uncode_shortcode_id=&#8220;916902&#8243; back_color_type=&#8220;uncode-palette&#8220; css=&#8220;.vc_custom_1635150980921{margin-top: 0px !important;margin-bottom: 50px !important;padding-top: 40px !important;padding-right: 25px !important;padding-bottom: 40px !important;padding-left: 25px !important;}&#8220;][vc_column_inner width=&#8220;1\/1&#8243;][vc_custom_heading text_color=&#8220;color-nhtu&#8220; heading_semantic=&#8220;h4&#8243; text_font=&#8220;font-559666&#8243; text_size=&#8220;h4&#8243; text_weight=&#8220;700&#8243; text_height=&#8220;fontheight-143712&#8243; uncode_shortcode_id=&#8220;165358&#8243; text_color_type=&#8220;uncode-palette&#8220;]Your life is waiting. Ready to get your fracture healed?[\/vc_custom_heading][vc_button button_color=&#8220;color-207599&#8243; size=&#8220;btn-sm&#8220; radius=&#8220;btn-circle&#8220; hover_fx=&#8220;full-colored&#8220; border_width=&#8220;0&#8243; icon_position=&#8220;right&#8220; uncode_shortcode_id=&#8220;139598&#8243; button_color_type=&#8220;uncode-palette&#8220; icon=&#8220;fa fa-arrow-right2&#8243; link=&#8220;url:%2Fhow-to-get-exogen%2F&#8220;]Find a Physician[\/vc_button][\/vc_column_inner][\/vc_row_inner][vc_column_text uncode_shortcode_id=&#8220;680326&#8243;]<strong>Bioventus Customer Service<\/strong><br \/>\n<a href=\"tel:1-800-836-4080\">1-800-836-4080<\/a><br \/>\n<a href=\"mailto:customerserviceusa@bioventusglobal.com\">customerserviceusa@bioventusglobal.com<\/a><\/p>\n<p><strong>Bioventus <\/strong><br \/>\n<a href=\"https:\/\/www.bioventus.com\/\" target=\"_blank\" rel=\"noopener\">www.Bioventus.com<\/a><\/p>\n<p>Bioventus will never make your email address available to third parties, except to distribute requested materials.[\/vc_column_text][\/vc_column][\/vc_row][vc_row row_height_percent=&#8220;0&#8243; overlay_alpha=&#8220;50&#8243; gutter_size=&#8220;3&#8243; column_width_percent=&#8220;100&#8243; border_color=&#8220;color-gyho&#8220; border_style=&#8220;solid&#8220; shift_y=&#8220;0&#8243; z_index=&#8220;0&#8243; uncode_shortcode_id=&#8220;206930&#8243; css=&#8220;.vc_custom_1633839934035{margin-top: 40px !important;margin-bottom: 0px !important;border-top-width: 1px !important;}&#8220; el_id=&#8220;description_text&#8220; border_color_type=&#8220;uncode-palette&#8220;][vc_column width=&#8220;1\/1&#8243;][vc_column_text uncode_shortcode_id=&#8220;302327&#8243;]<strong style=\"margin-bottom: 15px;\">Summary of Indications for Use<\/strong><\/p>\n<p>The EXOGEN Ultrasound Bone Healing System is indicated for the non-invasive treatment of established nonunions* excluding skull and vertebra. The EXOGEN device has also been reported as effective as an adjunctive non-invasive treatment of established nonunions in patients:<\/p>\n<ul>\n<li>With internal or external fracture fixation hardware present. EXOGEN cannot penetrate metal and therefore should not be applied directly over hardware.<\/li>\n<li>Undergoing treatment for infection at the fracture site. EXOGEN is not intended to treat the infection.<\/li>\n<li>Believed to have diminished bone quality. EXOGEN is not intended to treat diminished bone quality.<\/li>\n<\/ul>\n<p>In addition, EXOGEN is indicated for accelerating the time to a healed fracture for fresh, closed, posteriorly displaced distal radius fractures and fresh, closed or Grade I open tibial diaphysis fractures in skeletally mature individuals when these fractures are orthopedically managed by closed reduction and cast immobilization.<\/p>\n<p>There are no known contraindications for the EXOGEN device. Safety and effectiveness have not been established for individuals lacking skeletal maturity, pregnant or nursing women, patients with cardiac pacemakers, on fractures due to bone cancer, or on patients with poor blood circulation or clotting problems. Some patients may be sensitive to the ultrasound gel.<\/p>\n<p>*A nonunion is considered to be established when the fracture site shows no visibly progressive signs of healing.<\/p>\n<p>Full prescribing information can be found in product labelling, at <a href=\"https:\/\/www.exogen.com\/\">EXOGEN.com<\/a>, or by calling Customer Service at <a href=\"tel:1-800-836-4080\"><strong>1-800-836-4080<\/strong><\/a>.[\/vc_column_text][\/vc_column][\/vc_row]<\/p>\n<\/div>","protected":false},"excerpt":{"rendered":"<p>[vc_row row_height_percent=&#8220;0&#8243; back_image=&#8220;232&#8243; back_repeat=&#8220;no-repeat&#8220; back_position=&#8220;center center&#8220; overlay_alpha=&#8220;50&#8243; gutter_size=&#8220;3&#8243; column_width_percent=&#8220;100&#8243; shift_y=&#8220;0&#8243; z_index=&#8220;0&#8243; uncode_shortcode_id=&#8220;209530&#8243; row_height_pixel=&#8220;460&#8243; back_size=&#8220;cover&#8220; el_class=&#8220;inner-banner&#8220; css=&#8220;.vc_custom_1634311894691{margin-top: 88px !important;margin-bottom: 20px !important;}&#8220;][vc_column [&hellip;]<\/p>\n","protected":false},"author":1,"featured_media":0,"parent":0,"menu_order":0,"comment_status":"closed","ping_status":"closed","template":"","meta":{"_acf_changed":false,"_five9_enable_chat":"","footnotes":""},"class_list":["post-3388","page","type-page","status-publish","hentry"],"acf":[],"yoast_head":"<!-- This site is optimized with the Yoast SEO plugin v27.5 - https:\/\/yoast.com\/product\/yoast-seo-wordpress\/ -->\n<title>Contact Us | EXOGEN Ultrasound Bone Healing System<\/title>\n<meta name=\"robots\" content=\"index, follow, max-snippet:-1, max-image-preview:large, max-video-preview:-1\" \/>\n<link rel=\"canonical\" href=\"https:\/\/www.exogen.com\/cs\/contact-us\/\" \/>\n<meta property=\"og:locale\" content=\"cs_CZ\" \/>\n<meta property=\"og:type\" content=\"article\" \/>\n<meta property=\"og:title\" content=\"Contact Us | EXOGEN Ultrasound Bone Healing System\" \/>\n<meta property=\"og:description\" content=\"[vc_row row_height_percent=&#8220;0&#8243; back_image=&#8220;232&#8243; back_repeat=&#8220;no-repeat&#8220; back_position=&#8220;center center&#8220; overlay_alpha=&#8220;50&#8243; gutter_size=&#8220;3&#8243; column_width_percent=&#8220;100&#8243; shift_y=&#8220;0&#8243; z_index=&#8220;0&#8243; uncode_shortcode_id=&#8220;209530&#8243; row_height_pixel=&#8220;460&#8243; back_size=&#8220;cover&#8220; el_class=&#8220;inner-banner&#8220; css=&#8220;.vc_custom_1634311894691{margin-top: 88px !important;margin-bottom: 20px !important;}&#8220;][vc_column [&hellip;]\" \/>\n<meta property=\"og:url\" content=\"https:\/\/www.exogen.com\/cs\/contact-us\/\" \/>\n<meta property=\"og:site_name\" content=\"EXOGEN Ultrasound Bone Healing System\" \/>\n<meta property=\"article:publisher\" content=\"https:\/\/www.facebook.com\/exogenbonehealing\/\" \/>\n<meta property=\"article:modified_time\" content=\"2023-09-27T21:00:44+00:00\" \/>\n<meta name=\"twitter:card\" content=\"summary_large_image\" \/>\n<meta name=\"twitter:label1\" content=\"Odhadovan\u00e1 doba \u010dten\u00ed\" \/>\n\t<meta name=\"twitter:data1\" content=\"3 minuty\" \/>\n<script type=\"application\/ld+json\" class=\"yoast-schema-graph\">{\"@context\":\"https:\\\/\\\/schema.org\",\"@graph\":[{\"@type\":\"WebPage\",\"@id\":\"https:\\\/\\\/www.exogen.com\\\/cs\\\/contact-us\\\/\",\"url\":\"https:\\\/\\\/www.exogen.com\\\/cs\\\/contact-us\\\/\",\"name\":\"Contact Us | EXOGEN Ultrasound Bone Healing System\",\"isPartOf\":{\"@id\":\"https:\\\/\\\/www.exogen.com\\\/cs\\\/#website\"},\"datePublished\":\"2021-10-12T14:20:05+00:00\",\"dateModified\":\"2023-09-27T21:00:44+00:00\",\"breadcrumb\":{\"@id\":\"https:\\\/\\\/www.exogen.com\\\/cs\\\/contact-us\\\/#breadcrumb\"},\"inLanguage\":\"cs\",\"potentialAction\":[{\"@type\":\"ReadAction\",\"target\":[\"https:\\\/\\\/www.exogen.com\\\/cs\\\/contact-us\\\/\"]}]},{\"@type\":\"BreadcrumbList\",\"@id\":\"https:\\\/\\\/www.exogen.com\\\/cs\\\/contact-us\\\/#breadcrumb\",\"itemListElement\":[{\"@type\":\"ListItem\",\"position\":1,\"name\":\"Home\",\"item\":\"https:\\\/\\\/www.exogen.com\\\/cs\\\/\"},{\"@type\":\"ListItem\",\"position\":2,\"name\":\"Contact Us\"}]},{\"@type\":\"WebSite\",\"@id\":\"https:\\\/\\\/www.exogen.com\\\/cs\\\/#website\",\"url\":\"https:\\\/\\\/www.exogen.com\\\/cs\\\/\",\"name\":\"EXOGEN Ultrasound Bone Healing System\",\"description\":\"Ultrasound Bone Healing System\",\"publisher\":{\"@id\":\"https:\\\/\\\/www.exogen.com\\\/cs\\\/#organization\"},\"potentialAction\":[{\"@type\":\"SearchAction\",\"target\":{\"@type\":\"EntryPoint\",\"urlTemplate\":\"https:\\\/\\\/www.exogen.com\\\/cs\\\/?s={search_term_string}\"},\"query-input\":{\"@type\":\"PropertyValueSpecification\",\"valueRequired\":true,\"valueName\":\"search_term_string\"}}],\"inLanguage\":\"cs\"},{\"@type\":\"Organization\",\"@id\":\"https:\\\/\\\/www.exogen.com\\\/cs\\\/#organization\",\"name\":\"EXOGEN\",\"url\":\"https:\\\/\\\/www.exogen.com\\\/cs\\\/\",\"logo\":{\"@type\":\"ImageObject\",\"inLanguage\":\"cs\",\"@id\":\"https:\\\/\\\/www.exogen.com\\\/cs\\\/#\\\/schema\\\/logo\\\/image\\\/\",\"url\":\"https:\\\/\\\/www.exogen.com\\\/wp-content\\\/uploads\\\/2021\\\/10\\\/purple-logo.png\",\"contentUrl\":\"https:\\\/\\\/www.exogen.com\\\/wp-content\\\/uploads\\\/2021\\\/10\\\/purple-logo.png\",\"width\":264,\"height\":100,\"caption\":\"EXOGEN\"},\"image\":{\"@id\":\"https:\\\/\\\/www.exogen.com\\\/cs\\\/#\\\/schema\\\/logo\\\/image\\\/\"},\"sameAs\":[\"https:\\\/\\\/www.facebook.com\\\/exogenbonehealing\\\/\",\"https:\\\/\\\/www.instagram.com\\\/exogenbonehealing\\\/\",\"https:\\\/\\\/www.youtube.com\\\/channel\\\/UCP5jnVTUjZZKlr_b-mxr49w\"]}]}<\/script>\n<!-- \/ Yoast SEO plugin. -->","yoast_head_json":{"title":"Contact Us | EXOGEN Ultrasound Bone Healing System","robots":{"index":"index","follow":"follow","max-snippet":"max-snippet:-1","max-image-preview":"max-image-preview:large","max-video-preview":"max-video-preview:-1"},"canonical":"https:\/\/www.exogen.com\/cs\/contact-us\/","og_locale":"cs_CZ","og_type":"article","og_title":"Contact Us | EXOGEN Ultrasound Bone Healing System","og_description":"[vc_row row_height_percent=&#8220;0&#8243; back_image=&#8220;232&#8243; back_repeat=&#8220;no-repeat&#8220; back_position=&#8220;center center&#8220; overlay_alpha=&#8220;50&#8243; gutter_size=&#8220;3&#8243; column_width_percent=&#8220;100&#8243; shift_y=&#8220;0&#8243; z_index=&#8220;0&#8243; uncode_shortcode_id=&#8220;209530&#8243; row_height_pixel=&#8220;460&#8243; back_size=&#8220;cover&#8220; el_class=&#8220;inner-banner&#8220; css=&#8220;.vc_custom_1634311894691{margin-top: 88px !important;margin-bottom: 20px !important;}&#8220;][vc_column [&hellip;]","og_url":"https:\/\/www.exogen.com\/cs\/contact-us\/","og_site_name":"EXOGEN Ultrasound Bone Healing System","article_publisher":"https:\/\/www.facebook.com\/exogenbonehealing\/","article_modified_time":"2023-09-27T21:00:44+00:00","twitter_card":"summary_large_image","twitter_misc":{"Odhadovan\u00e1 doba \u010dten\u00ed":"3 minuty"},"schema":{"@context":"https:\/\/schema.org","@graph":[{"@type":"WebPage","@id":"https:\/\/www.exogen.com\/cs\/contact-us\/","url":"https:\/\/www.exogen.com\/cs\/contact-us\/","name":"Contact Us | EXOGEN Ultrasound Bone Healing System","isPartOf":{"@id":"https:\/\/www.exogen.com\/cs\/#website"},"datePublished":"2021-10-12T14:20:05+00:00","dateModified":"2023-09-27T21:00:44+00:00","breadcrumb":{"@id":"https:\/\/www.exogen.com\/cs\/contact-us\/#breadcrumb"},"inLanguage":"cs","potentialAction":[{"@type":"ReadAction","target":["https:\/\/www.exogen.com\/cs\/contact-us\/"]}]},{"@type":"BreadcrumbList","@id":"https:\/\/www.exogen.com\/cs\/contact-us\/#breadcrumb","itemListElement":[{"@type":"ListItem","position":1,"name":"Home","item":"https:\/\/www.exogen.com\/cs\/"},{"@type":"ListItem","position":2,"name":"Contact Us"}]},{"@type":"WebSite","@id":"https:\/\/www.exogen.com\/cs\/#website","url":"https:\/\/www.exogen.com\/cs\/","name":"EXOGEN Ultrasound Bone Healing System","description":"Ultrasound Bone Healing System","publisher":{"@id":"https:\/\/www.exogen.com\/cs\/#organization"},"potentialAction":[{"@type":"SearchAction","target":{"@type":"EntryPoint","urlTemplate":"https:\/\/www.exogen.com\/cs\/?s={search_term_string}"},"query-input":{"@type":"PropertyValueSpecification","valueRequired":true,"valueName":"search_term_string"}}],"inLanguage":"cs"},{"@type":"Organization","@id":"https:\/\/www.exogen.com\/cs\/#organization","name":"EXOGEN","url":"https:\/\/www.exogen.com\/cs\/","logo":{"@type":"ImageObject","inLanguage":"cs","@id":"https:\/\/www.exogen.com\/cs\/#\/schema\/logo\/image\/","url":"https:\/\/www.exogen.com\/wp-content\/uploads\/2021\/10\/purple-logo.png","contentUrl":"https:\/\/www.exogen.com\/wp-content\/uploads\/2021\/10\/purple-logo.png","width":264,"height":100,"caption":"EXOGEN"},"image":{"@id":"https:\/\/www.exogen.com\/cs\/#\/schema\/logo\/image\/"},"sameAs":["https:\/\/www.facebook.com\/exogenbonehealing\/","https:\/\/www.instagram.com\/exogenbonehealing\/","https:\/\/www.youtube.com\/channel\/UCP5jnVTUjZZKlr_b-mxr49w"]}]}},"_links":{"self":[{"href":"https:\/\/www.exogen.com\/cs\/wp-json\/wp\/v2\/pages\/3388","targetHints":{"allow":["GET"]}}],"collection":[{"href":"https:\/\/www.exogen.com\/cs\/wp-json\/wp\/v2\/pages"}],"about":[{"href":"https:\/\/www.exogen.com\/cs\/wp-json\/wp\/v2\/types\/page"}],"author":[{"embeddable":true,"href":"https:\/\/www.exogen.com\/cs\/wp-json\/wp\/v2\/users\/1"}],"replies":[{"embeddable":true,"href":"https:\/\/www.exogen.com\/cs\/wp-json\/wp\/v2\/comments?post=3388"}],"version-history":[{"count":0,"href":"https:\/\/www.exogen.com\/cs\/wp-json\/wp\/v2\/pages\/3388\/revisions"}],"wp:attachment":[{"href":"https:\/\/www.exogen.com\/cs\/wp-json\/wp\/v2\/media?parent=3388"}],"curies":[{"name":"wp","href":"https:\/\/api.w.org\/{rel}","templated":true}]}}