{"id":3468,"date":"2021-10-08T13:47:51","date_gmt":"2021-10-08T13:47:51","guid":{"rendered":"https:\/\/exogen.com\/faqs\/"},"modified":"2025-05-27T19:19:36","modified_gmt":"2025-05-27T19:19:36","slug":"faqs","status":"publish","type":"page","link":"https:\/\/www.exogen.com\/cs\/faqs\/","title":{"rendered":"FAQs"},"content":{"rendered":"<div class=\"wpb-content-wrapper\"><p>[vc_row row_height_percent=&#8220;0&#8243; back_color=&#8220;color-jevc&#8220; back_image=&#8220;11225&#8243; back_repeat=&#8220;no-repeat&#8220; back_position=&#8220;center center&#8220; overlay_alpha=&#8220;50&#8243; gutter_size=&#8220;3&#8243; column_width_percent=&#8220;100&#8243; shift_y=&#8220;0&#8243; z_index=&#8220;0&#8243; uncode_shortcode_id=&#8220;121039&#8243; row_height_pixel=&#8220;460&#8243; back_size=&#8220;cover&#8220; el_class=&#8220;inner-banner&#8220; css=&#8220;.vc_custom_1712250069535{margin-top: 88px !important;margin-bottom: 44px !important;}&#8220; back_color_type=&#8220;uncode-palette&#8220;][vc_column column_width_percent=&#8220;100&#8243; position_vertical=&#8220;middle&#8220; gutter_size=&#8220;3&#8243; overlay_alpha=&#8220;50&#8243; shift_x=&#8220;0&#8243; shift_y=&#8220;0&#8243; shift_y_down=&#8220;0&#8243; z_index=&#8220;0&#8243; medium_width=&#8220;0&#8243; mobile_width=&#8220;0&#8243; width=&#8220;1\/2&#8243; uncode_shortcode_id=&#8220;652607&#8243;][vc_custom_heading text_color=&#8220;color-xsdn&#8220; heading_semantic=&#8220;h1&#8243; text_size=&#8220;fontsize-942846&#8243; text_weight=&#8220;400&#8243; uncode_shortcode_id=&#8220;211307&#8243; text_color_type=&#8220;uncode-palette&#8220;]\u010cast\u00e9 dotazy[\/vc_custom_heading][vc_button size=&#8220;btn-lg&#8220; radius=&#8220;btn-circle&#8220; hover_fx=&#8220;outlined&#8220; border_width=&#8220;1&#8243; icon_position=&#8220;right&#8220; uncode_shortcode_id=&#8220;301797&#8243; button_color_type=&#8220;uncode-solid&#8220; icon=&#8220;fa fa-arrow-right2&#8243; link=&#8220;url:%2Fcs%2Fhow-to-get-exogen%2F&#8220; button_color_solid=&#8220;rgba(0,0,0,0.01)&#8220; el_id=&#8220;button-transparent&#8220;]Z\u00edskejte syst\u00e9m EXOGEN hned te\u010f[\/vc_button][\/vc_column][vc_column width=&#8220;1\/2&#8243;][\/vc_column][\/vc_row][vc_row row_height_percent=&#8220;0&#8243; overlay_alpha=&#8220;50&#8243; gutter_size=&#8220;4&#8243; column_width_percent=&#8220;100&#8243; shift_y=&#8220;0&#8243; z_index=&#8220;0&#8243; uncode_shortcode_id=&#8220;900682&#8243;][vc_column width=&#8220;8\/12&#8243;][vc_custom_heading text_color=&#8220;color-107303&#8243; heading_semantic=&#8220;h3&#8243; text_font=&#8220;font-559666&#8243; text_size=&#8220;fontsize-950476&#8243; text_weight=&#8220;700&#8243; text_height=&#8220;fontheight-143712&#8243; uncode_shortcode_id=&#8220;936759&#8243; text_color_type=&#8220;uncode-palette&#8220;]Hojen\u00ed zlomenin[\/vc_custom_heading][vc_accordion sign=&#8220;plus&#8220; el_class=&#8220;faq-wrapper&#8220;][vc_accordion_tab gutter_size=&#8220;2&#8243; column_padding=&#8220;2&#8243; title=&#8220;Co je zlomenina?&#8220; tab_id=&#8220;1633691501-1-1616337001838181633700902267&#8243;][vc_column_text uncode_shortcode_id=&#8220;392040&#8243;]Zlomenina (fraktura) je zlomen\u00e1 kost. Zlomen\u00e1 kost, prasknut\u00e1 kost, fraktura kosti \u2013 v\u0161echny tyto term\u00edny maj\u00ed podobn\u00fd v\u00fdznam: do\u0161lo ke zm\u011bn\u011b kosti, kter\u00e1 ji\u017e nen\u00ed neporu\u0161en\u00e1.<sup><a href=\"\/references\/\">42<\/a><\/sup>[\/vc_column_text][\/vc_accordion_tab][vc_accordion_tab gutter_size=&#8220;2&#8243; column_padding=&#8220;2&#8243; title=&#8220;Bol\u00ed zlomen\u00e1 kost p\u0159i hojen\u00ed?&#8220; tab_id=&#8220;1633691501-2-5716337001838181633700902267&#8243;][vc_column_text uncode_shortcode_id=&#8220;140906&#8243;]Ano. Kdy\u017e si lid\u00e9 zlom\u00ed kost, v\u011bt\u0161ina z nich poci\u0165uje bolest. Bolest je p\u0159irozen\u00e1 odpov\u011b\u010f t\u011bla na zlomeninu.<sup><a href=\"\/references\/\">43<\/a><\/sup><br \/>\nObecn\u011b existuj\u00ed t\u0159i f\u00e1ze bolesti po zlomen\u00ed kosti. Jde o akutn\u00ed, subakutn\u00ed a chronickou bolest.<sup><a href=\"\/references\/\">43<\/a><\/sup><br \/>\nPodle toho, kterou kost jste si zlomili nebo jak\u00e9ho rozsahu je va\u0161e zran\u011bn\u00ed, se u v\u00e1s mohou vyskytnout dal\u0161\u00ed bolestiv\u00e9 p\u0159\u00edznaky, jako nap\u0159\u00edklad mod\u0159iny, ztuhlost, otok nebo slabost.<sup><a href=\"\/references\/\">44<\/a><\/sup><br \/>\nChcete zjistit v\u00edce? <a href=\"\/does-a-broken-bone-hurt-when-healing\/\">P\u0159e\u010dt\u011bte si \u010dl\u00e1nek, kter\u00fd o bolestech u zlomenin pojedn\u00e1v\u00e1 podrobn\u011bji.<\/a>[\/vc_column_text][\/vc_accordion_tab][vc_accordion_tab gutter_size=&#8220;2&#8243; column_padding=&#8220;2&#8243; title=&#8220;Existuj\u00ed n\u011bjak\u00e9 zp\u016fsoby, jak urychlit hojen\u00ed kost\u00ed?&#8220; tab_id=&#8220;1633693522943-2-916337001838181633700902267&#8243;][vc_column_text uncode_shortcode_id=&#8220;184591&#8243;]A\u010dkoli se doba hojen\u00ed zlomen\u00e9 kosti u r\u016fzn\u00fdch lid\u00ed li\u0161\u00ed, m\u016f\u017ee trvat t\u0159i a\u017e \u0161est m\u011bs\u00edc\u016f, ne\u017e se kost dostate\u010dn\u011b zahoj\u00ed.<sup><a href=\"\/references\/\">46<\/a><\/sup><\/p>\n<p>Pokud je to d\u00e9le, ne\u017e jste ochotni \u010dekat, m\u016f\u017eete proces hojen\u00ed kosti usp\u00ed\u0161it, vyu\u017eijete-li n\u011bkolik odborn\u00fdch postup\u016f. Mo\u017en\u00e1 \u0159e\u0161en\u00ed pro urychlen\u00ed procesu hojen\u00ed kosti zahrnuj\u00ed cvi\u010den\u00ed, fyzioterapii a pou\u017eit\u00ed stimul\u00e1toru kost\u00ed EXOGEN.<sup><a href=\"\/references\/\">1,2,43<\/a><\/sup><\/p>\n<p><a href=\"\/are-there-ways-to-speed-up-bone-healing\/\">P\u0159e\u010dt\u011bte si \u010dl\u00e1nek, kter\u00fd o mo\u017enostech urychlen\u00ed hojen\u00ed kosti pojedn\u00e1v\u00e1 podrobn\u011bji.<\/a>[\/vc_column_text][\/vc_accordion_tab][\/vc_accordion][vc_empty_space empty_h=&#8220;2&#8243;][vc_custom_heading text_color=&#8220;color-107303&#8243; heading_semantic=&#8220;h3&#8243; text_font=&#8220;font-559666&#8243; text_size=&#8220;fontsize-950476&#8243; text_weight=&#8220;700&#8243; text_height=&#8220;fontheight-143712&#8243; uncode_shortcode_id=&#8220;192700&#8243; text_color_type=&#8220;uncode-palette&#8220;]Pou\u017eit\u00ed syst\u00e9mu EXOGEN k l\u00e9\u010db\u011b zlomeniny[\/vc_custom_heading][vc_accordion sign=&#8220;plus&#8220; el_class=&#8220;faq-wrapper&#8220; active_tab=&#8220;#&#8220;][vc_accordion_tab gutter_size=&#8220;2&#8243; column_padding=&#8220;2&#8243; title=&#8220;Co je stimul\u00e1tor kost\u00ed?&#8220; tab_id=&#8220;1633694628-1-9316337001838181633700902267&#8243;][vc_column_text uncode_shortcode_id=&#8220;312386&#8243;]Stimul\u00e1tor kost\u00ed je za\u0159\u00edzen\u00ed, kter\u00e9 podporuje hojen\u00ed kosti pomoc\u00ed energetick\u00fdch pol\u00ed sm\u011b\u0159ovan\u00fdch na m\u00edsto indikovan\u00e9 akutn\u00ed zlomeniny nebo pakloubu.<sup><a href=\"\/references\/\">48<\/a><\/sup><\/p>\n<p><a href=\"\/what-is-a-bone-stimulator\/\">P\u0159e\u010dt\u011bte si \u010dl\u00e1nek, kter\u00fd o stimul\u00e1torech kost\u00ed pojedn\u00e1v\u00e1 podrobn\u011bji.<\/a>[\/vc_column_text][\/vc_accordion_tab][vc_accordion_tab gutter_size=&#8220;2&#8243; column_padding=&#8220;2&#8243; title=&#8220;Je syst\u00e9m EXOGEN bezpe\u010dn\u00fd?&#8220; tab_id=&#8220;1633694628-2-4016337001838181633700902267&#8243;][vc_column_text uncode_shortcode_id=&#8220;152865&#8243;]Syst\u00e9m EXOGEN je schv\u00e1len \u00fa\u0159adem FDA a\u00a0v\u00a0klinick\u00fdch studi\u00edch zkoumaj\u00edc\u00edch jeho indikovan\u00e1 pou\u017eit\u00ed byla prok\u00e1z\u00e1na jeho bezpe\u010dnost.[\/vc_column_text][\/vc_accordion_tab][vc_accordion_tab gutter_size=&#8220;2&#8243; column_padding=&#8220;2&#8243; title=&#8220;Je l\u00e9\u010dba syst\u00e9mem EXOGEN bolestiv\u00e1?&#8220; tab_id=&#8220;1633695962047-2-616337001838181633700902267&#8243;][vc_column_text uncode_shortcode_id=&#8220;714834&#8243;]V\u011bt\u0161ina pacient\u016f v\u00a0m\u00edst\u011b o\u0161et\u0159en\u00ed nic nec\u00edt\u00ed.[\/vc_column_text][\/vc_accordion_tab][vc_accordion_tab gutter_size=&#8220;2&#8243; column_padding=&#8220;2&#8243; title=&#8220;Co kdy\u017e vynech\u00e1m o\u0161et\u0159en\u00ed?&#8220; tab_id=&#8220;1633695978326-3-916337001838181633700902267&#8243;][vc_column_text uncode_shortcode_id=&#8220;161134&#8243;]Pokuste se co nejd\u0159\u00edve vr\u00e1tit k\u00a0p\u016fvodn\u00edmu harmonogramu. Abyste zajistili, \u017ee budete o\u0161et\u0159en\u00ed prov\u00e1d\u011bt pravideln\u011b, otev\u0159ete si kalend\u00e1\u0159 ke sledov\u00e1n\u00ed l\u00e9\u010dby na sv\u00e9m za\u0159\u00edzen\u00ed a\u00a0najd\u011bte vhodnou dobu, kdy budete schopni syst\u00e9m EXOGEN ka\u017ed\u00fd den pou\u017e\u00edvat. Tak\u00e9 si m\u016f\u017eete st\u00e1hnout aplikaci EXOGEN CONNECTS (<a title=\"https:\/\/apps.apple.com\/us\/app\/exogen-connects-us-version\/id887605150\" contenteditable=\"false\" href=\"https:\/\/apps.apple.com\/us\/app\/exogen-connects-us-version\/id887605150\" target=\"_blank\" rel=\"noopener noreferrer\">Apple App Store<\/a>, <a title=\"https:\/\/play.google.com\/store\/apps\/details?id=com.exogenus.app \" contenteditable=\"false\" href=\"https:\/\/play.google.com\/store\/apps\/details?id=com.exogenus.app\" target=\"_blank\" rel=\"noopener noreferrer\">Google Play<\/a>), co\u017e je bezplatn\u00e1 aplikace, kter\u00e1 slou\u017e\u00ed k p\u0159ipomenut\u00ed l\u00e9\u010dby.[\/vc_column_text][\/vc_accordion_tab][vc_accordion_tab gutter_size=&#8220;2&#8243; column_padding=&#8220;2&#8243; title=&#8220;M\u00e1 syst\u00e9m EXOGEN n\u011bjak\u00e9 kontraindikace?&#8220; tab_id=&#8220;1633695996230-4-1016337001838181633700902267&#8243;][vc_column_text uncode_shortcode_id=&#8220;179091&#8243;]Pou\u017eit\u00ed za\u0159\u00edzen\u00ed EXOGEN se nepoj\u00ed se \u017e\u00e1dn\u00fdmi zn\u00e1m\u00fdmi kontraindikacemi. P\u0159\u00edbalov\u00e1 informace syst\u00e9mu EXOGEN obsahuje \u010d\u00e1st Upozorn\u011bn\u00ed a\u00a0opat\u0159en\u00ed, kter\u00e1 varuje p\u0159ed situacemi, ve kter\u00fdch nebyla bezpe\u010dnost a\u00a0\u00fa\u010dinnost syst\u00e9mu EXOGEN stanovena, nap\u0159. specifick\u00e9 p\u0159\u00edpady souvisej\u00edc\u00ed s\u00a0ur\u010dit\u00fdmi typy l\u00e9k\u016f, kter\u00e9 pacient u\u017e\u00edv\u00e1, nebo s\u00a0onemocn\u011bn\u00edmi jin\u00fdmi ne\u017e zlomeniny.[\/vc_column_text][\/vc_accordion_tab][vc_accordion_tab gutter_size=&#8220;2&#8243; column_padding=&#8220;2&#8243; title=&#8220;Hrad\u00ed poji\u0161\u0165ovna n\u00e1klady na syst\u00e9m EXOGEN?&#8220; tab_id=&#8220;1633701182350-5-10&#8243;][vc_column_text uncode_shortcode_id=&#8220;133408&#8243;]Syst\u00e9m EXOGEN hrad\u00ed v\u011bt\u0161ina poji\u0161\u0165ovac\u00edch program\u016f.<sup><a href=\"\/references\/\">13-16<\/a><\/sup> Pokud si chcete ov\u011b\u0159it, \u017ee se va\u0161e poji\u0161t\u011bn\u00ed na syst\u00e9m EXOGEN vztahuje, obra\u0165te se na z\u00e1stupce z\u00e1kaznick\u00e9ho servisu spole\u010dnosti Bioventus.[\/vc_column_text][\/vc_accordion_tab][\/vc_accordion][vc_empty_space empty_h=&#8220;2&#8243;][vc_custom_heading text_color=&#8220;color-107303&#8243; heading_semantic=&#8220;h3&#8243; text_font=&#8220;font-559666&#8243; text_size=&#8220;fontsize-950476&#8243; text_weight=&#8220;700&#8243; text_height=&#8220;fontheight-143712&#8243; uncode_shortcode_id=&#8220;192943&#8243; text_color_type=&#8220;uncode-palette&#8220;]Z\u00e1kaznick\u00fd servis[\/vc_custom_heading][vc_accordion sign=&#8220;plus&#8220; el_class=&#8220;faq-wrapper&#8220; active_tab=&#8220;#&#8220;][vc_accordion_tab gutter_size=&#8220;2&#8243; column_padding=&#8220;2&#8243; title=&#8220;Co kdy\u017e mi dojde kontaktn\u00ed gel?&#8220; tab_id=&#8220;1633696683-1-3116337001838181633700902267&#8243;][vc_column_text uncode_shortcode_id=&#8220;907338&#8243;]M\u00edsto kontaktn\u00edho gelu dod\u00e1van\u00e9ho se za\u0159\u00edzen\u00edm EXOGEN m\u016f\u017eete pou\u017e\u00edvat miner\u00e1ln\u00ed olej. Vazel\u00edna nen\u00ed vhodnou n\u00e1hra\u017ekou. V\u00edce kontaktn\u00edho gelu si <a href=\"tel:+48 22 364 44 74\">+48 22 364 44 74<\/a>.[\/vc_column_text][\/vc_accordion_tab][vc_accordion_tab gutter_size=&#8220;2&#8243; column_padding=&#8220;2&#8243; title=&#8220;Kde najdu odpov\u011bdi na ot\u00e1zky t\u00fdkaj\u00edc\u00ed se syst\u00e9mu EXOGEN?&#8220; tab_id=&#8220;1633696683-2-9716337001838181633700902267&#8243;][vc_column_text uncode_shortcode_id=&#8220;673512&#8243;]Zavolejte na z\u00e1kaznick\u00fd servis spole\u010dnosti Bioventus na \u010d\u00edsle <a href=\"+48 22 364 44 74\">+48 22 364 44 74<\/a>[\/vc_column_text][\/vc_accordion_tab][\/vc_accordion][\/vc_column][vc_column width=&#8220;4\/12&#8243;][vc_single_image media=&#8220;127&#8243; media_width_percent=&#8220;100&#8243; uncode_shortcode_id=&#8220;155189&#8243;][vc_row_inner row_inner_height_percent=&#8220;0&#8243; overlay_alpha=&#8220;50&#8243; gutter_size=&#8220;3&#8243; shift_y=&#8220;0&#8243; z_index=&#8220;0&#8243; uncode_shortcode_id=&#8220;174241&#8243; css=&#8220;.vc_custom_1633693982448{margin-top: 0px !important;}&#8220;][vc_column_inner column_width_percent=&#8220;100&#8243; gutter_size=&#8220;3&#8243; back_color=&#8220;color-763025&#8243; overlay_alpha=&#8220;50&#8243; shift_x=&#8220;0&#8243; shift_y=&#8220;0&#8243; shift_y_down=&#8220;0&#8243; z_index=&#8220;0&#8243; medium_width=&#8220;0&#8243; mobile_width=&#8220;0&#8243; width=&#8220;1\/1&#8243; uncode_shortcode_id=&#8220;253682&#8243; back_color_type=&#8220;uncode-palette&#8220;][vc_custom_heading text_color=&#8220;color-nhtu&#8220; heading_semantic=&#8220;h4&#8243; text_font=&#8220;font-559666&#8243; text_size=&#8220;h4&#8243; text_weight=&#8220;700&#8243; text_height=&#8220;fontheight-143712&#8243; uncode_shortcode_id=&#8220;682298&#8243; text_color_type=&#8220;uncode-palette&#8220;]Can\u2019t find an answer to your question?[\/vc_custom_heading][vc_column_text uncode_shortcode_id=&#8220;130590&#8243; css=&#8220;.vc_custom_1633693871358{margin-top: 0px !important;margin-bottom: 0px !important;padding-top: 0px !important;padding-bottom: 0px !important;}&#8220;]Contact us directly to speak to a representative.[\/vc_column_text][vc_button button_color=&#8220;color-207599&#8243; size=&#8220;btn-sm&#8220; radius=&#8220;btn-circle&#8220; hover_fx=&#8220;full-colored&#8220; border_width=&#8220;0&#8243; icon_position=&#8220;right&#8220; uncode_shortcode_id=&#8220;141850&#8243; button_color_type=&#8220;uncode-palette&#8220; icon=&#8220;fa fa-arrow-right2&#8243; link=&#8220;url:%2Fcs%2Fcontact-us%2F&#8220;]Contact Us Now[\/vc_button][\/vc_column_inner][\/vc_row_inner][\/vc_column][\/vc_row][vc_row row_height_percent=&#8220;0&#8243; overlay_alpha=&#8220;50&#8243; gutter_size=&#8220;3&#8243; column_width_percent=&#8220;100&#8243; border_color=&#8220;color-gyho&#8220; border_style=&#8220;solid&#8220; shift_y=&#8220;0&#8243; z_index=&#8220;0&#8243; uncode_shortcode_id=&#8220;193465&#8243; css=&#8220;.vc_custom_1633696557289{margin-top: 40px !important;margin-bottom: 0px !important;border-top-width: 1px !important;}&#8220; el_id=&#8220;description_text&#8220; border_color_type=&#8220;uncode-palette&#8220;][vc_column width=&#8220;1\/1&#8243;][vc_column_text uncode_shortcode_id=&#8220;201223&#8243;]<strong style=\"margin-bottom: 15px;\">Summary of Indications for Use<\/strong><\/p>\n<p>The EXOGEN Ultrasound Bone Healing System is indicated for the non-invasive treatment of established nonunions* excluding skull and vertebra. The EXOGEN device has also been reported as effective as an adjunctive non-invasive treatment of established nonunions in patients:<\/p>\n<ul>\n<li>With internal or external fracture fixation hardware present. EXOGEN cannot penetrate metal and therefore should not be applied directly over hardware.<\/li>\n<li>Undergoing treatment for infection at the fracture site. EXOGEN is not intended to treat the infection.<\/li>\n<li>Believed to have diminished bone quality. EXOGEN is not intended to treat diminished bone quality.<\/li>\n<\/ul>\n<p>In addition, EXOGEN is indicated for accelerating the time to a healed fracture for fresh, closed, posteriorly displaced distal radius fractures and fresh, closed or Grade I open tibial diaphysis fractures in skeletally mature individuals when these fractures are orthopedically managed by closed reduction and cast immobilization.<\/p>\n<p>There are no known contraindications for the EXOGEN device. Safety and effectiveness have not been established for individuals lacking skeletal maturity, pregnant or nursing women, patients with cardiac pacemakers, on fractures due to bone cancer, or on patients with poor blood circulation or clotting problems. Some patients may be sensitive to the ultrasound gel.<\/p>\n<p>*A nonunion is considered to be established when the fracture site shows no visibly progressive signs of healing.<\/p>\n<p>Full prescribing information can be found in product labelling, at <a href=\"https:\/\/www.exogen.com\/\">EXOGEN.com<\/a>, or by calling Customer Service at <a href=\"tel:1-800-836-4080\"><strong>1-800-836-4080<\/strong><\/a>.[\/vc_column_text][\/vc_column][\/vc_row]<\/p>\n<\/div>","protected":false},"excerpt":{"rendered":"<p>[vc_row row_height_percent=&#8220;0&#8243; back_color=&#8220;color-jevc&#8220; back_image=&#8220;11225&#8243; back_repeat=&#8220;no-repeat&#8220; back_position=&#8220;center center&#8220; overlay_alpha=&#8220;50&#8243; gutter_size=&#8220;3&#8243; column_width_percent=&#8220;100&#8243; shift_y=&#8220;0&#8243; z_index=&#8220;0&#8243; uncode_shortcode_id=&#8220;121039&#8243; row_height_pixel=&#8220;460&#8243; back_size=&#8220;cover&#8220; el_class=&#8220;inner-banner&#8220; css=&#8220;.vc_custom_1712250069535{margin-top: 88px !important;margin-bottom: 44px [&hellip;]<\/p>\n","protected":false},"author":1,"featured_media":0,"parent":0,"menu_order":0,"comment_status":"closed","ping_status":"closed","template":"","meta":{"_acf_changed":false,"_five9_enable_chat":"","footnotes":""},"class_list":["post-3468","page","type-page","status-publish","hentry"],"acf":[],"yoast_head":"<!-- This site is optimized with the Yoast SEO plugin v27.3 - https:\/\/yoast.com\/product\/yoast-seo-wordpress\/ -->\n<title>\u010casto Kladen\u00e9 Ot\u00e1zky - Ultrazvukov\u00fd syst\u00e9m hojen\u00ed kost\u00ed EXOGEN<\/title>\n<meta name=\"robots\" content=\"index, follow, max-snippet:-1, max-image-preview:large, max-video-preview:-1\" \/>\n<link rel=\"canonical\" href=\"https:\/\/www.exogen.com\/cs\/faqs\/\" \/>\n<meta property=\"og:locale\" content=\"cs_CZ\" \/>\n<meta property=\"og:type\" content=\"article\" \/>\n<meta property=\"og:title\" content=\"\u010casto Kladen\u00e9 Ot\u00e1zky - Ultrazvukov\u00fd syst\u00e9m hojen\u00ed kost\u00ed EXOGEN\" \/>\n<meta property=\"og:description\" content=\"[vc_row row_height_percent=&#8220;0&#8243; back_color=&#8220;color-jevc&#8220; back_image=&#8220;11225&#8243; back_repeat=&#8220;no-repeat&#8220; back_position=&#8220;center center&#8220; overlay_alpha=&#8220;50&#8243; gutter_size=&#8220;3&#8243; column_width_percent=&#8220;100&#8243; shift_y=&#8220;0&#8243; z_index=&#8220;0&#8243; uncode_shortcode_id=&#8220;121039&#8243; row_height_pixel=&#8220;460&#8243; back_size=&#8220;cover&#8220; el_class=&#8220;inner-banner&#8220; css=&#8220;.vc_custom_1712250069535{margin-top: 88px !important;margin-bottom: 44px [&hellip;]\" \/>\n<meta property=\"og:url\" content=\"https:\/\/www.exogen.com\/cs\/faqs\/\" \/>\n<meta property=\"og:site_name\" content=\"EXOGEN Ultrasound Bone Healing System\" \/>\n<meta property=\"article:publisher\" content=\"https:\/\/www.facebook.com\/exogenbonehealing\/\" \/>\n<meta property=\"article:modified_time\" content=\"2025-05-27T19:19:36+00:00\" \/>\n<meta name=\"twitter:card\" content=\"summary_large_image\" \/>\n<meta name=\"twitter:label1\" content=\"Odhadovan\u00e1 doba \u010dten\u00ed\" \/>\n\t<meta name=\"twitter:data1\" content=\"5 minut\" \/>\n<script type=\"application\/ld+json\" class=\"yoast-schema-graph\">{\"@context\":\"https:\\\/\\\/schema.org\",\"@graph\":[{\"@type\":\"WebPage\",\"@id\":\"https:\\\/\\\/www.exogen.com\\\/cs\\\/faqs\\\/\",\"url\":\"https:\\\/\\\/www.exogen.com\\\/cs\\\/faqs\\\/\",\"name\":\"\u010casto Kladen\u00e9 Ot\u00e1zky - Ultrazvukov\u00fd syst\u00e9m hojen\u00ed kost\u00ed EXOGEN\",\"isPartOf\":{\"@id\":\"https:\\\/\\\/www.exogen.com\\\/cs\\\/#website\"},\"datePublished\":\"2021-10-08T13:47:51+00:00\",\"dateModified\":\"2025-05-27T19:19:36+00:00\",\"breadcrumb\":{\"@id\":\"https:\\\/\\\/www.exogen.com\\\/cs\\\/faqs\\\/#breadcrumb\"},\"inLanguage\":\"cs\",\"potentialAction\":[{\"@type\":\"ReadAction\",\"target\":[\"https:\\\/\\\/www.exogen.com\\\/cs\\\/faqs\\\/\"]}]},{\"@type\":\"BreadcrumbList\",\"@id\":\"https:\\\/\\\/www.exogen.com\\\/cs\\\/faqs\\\/#breadcrumb\",\"itemListElement\":[{\"@type\":\"ListItem\",\"position\":1,\"name\":\"Home\",\"item\":\"https:\\\/\\\/www.exogen.com\\\/cs\\\/\"},{\"@type\":\"ListItem\",\"position\":2,\"name\":\"FAQs\"}]},{\"@type\":\"WebSite\",\"@id\":\"https:\\\/\\\/www.exogen.com\\\/cs\\\/#website\",\"url\":\"https:\\\/\\\/www.exogen.com\\\/cs\\\/\",\"name\":\"EXOGEN Ultrasound Bone Healing System\",\"description\":\"Ultrasound Bone Healing System\",\"publisher\":{\"@id\":\"https:\\\/\\\/www.exogen.com\\\/cs\\\/#organization\"},\"potentialAction\":[{\"@type\":\"SearchAction\",\"target\":{\"@type\":\"EntryPoint\",\"urlTemplate\":\"https:\\\/\\\/www.exogen.com\\\/cs\\\/?s={search_term_string}\"},\"query-input\":{\"@type\":\"PropertyValueSpecification\",\"valueRequired\":true,\"valueName\":\"search_term_string\"}}],\"inLanguage\":\"cs\"},{\"@type\":\"Organization\",\"@id\":\"https:\\\/\\\/www.exogen.com\\\/cs\\\/#organization\",\"name\":\"EXOGEN\",\"url\":\"https:\\\/\\\/www.exogen.com\\\/cs\\\/\",\"logo\":{\"@type\":\"ImageObject\",\"inLanguage\":\"cs\",\"@id\":\"https:\\\/\\\/www.exogen.com\\\/cs\\\/#\\\/schema\\\/logo\\\/image\\\/\",\"url\":\"https:\\\/\\\/www.exogen.com\\\/wp-content\\\/uploads\\\/2021\\\/10\\\/purple-logo.png\",\"contentUrl\":\"https:\\\/\\\/www.exogen.com\\\/wp-content\\\/uploads\\\/2021\\\/10\\\/purple-logo.png\",\"width\":264,\"height\":100,\"caption\":\"EXOGEN\"},\"image\":{\"@id\":\"https:\\\/\\\/www.exogen.com\\\/cs\\\/#\\\/schema\\\/logo\\\/image\\\/\"},\"sameAs\":[\"https:\\\/\\\/www.facebook.com\\\/exogenbonehealing\\\/\",\"https:\\\/\\\/www.instagram.com\\\/exogenbonehealing\\\/\",\"https:\\\/\\\/www.youtube.com\\\/channel\\\/UCP5jnVTUjZZKlr_b-mxr49w\"]}]}<\/script>\n<!-- \/ Yoast SEO plugin. -->","yoast_head_json":{"title":"\u010casto Kladen\u00e9 Ot\u00e1zky - Ultrazvukov\u00fd syst\u00e9m hojen\u00ed kost\u00ed EXOGEN","robots":{"index":"index","follow":"follow","max-snippet":"max-snippet:-1","max-image-preview":"max-image-preview:large","max-video-preview":"max-video-preview:-1"},"canonical":"https:\/\/www.exogen.com\/cs\/faqs\/","og_locale":"cs_CZ","og_type":"article","og_title":"\u010casto Kladen\u00e9 Ot\u00e1zky - Ultrazvukov\u00fd syst\u00e9m hojen\u00ed kost\u00ed EXOGEN","og_description":"[vc_row row_height_percent=&#8220;0&#8243; back_color=&#8220;color-jevc&#8220; back_image=&#8220;11225&#8243; back_repeat=&#8220;no-repeat&#8220; back_position=&#8220;center center&#8220; overlay_alpha=&#8220;50&#8243; gutter_size=&#8220;3&#8243; column_width_percent=&#8220;100&#8243; shift_y=&#8220;0&#8243; z_index=&#8220;0&#8243; uncode_shortcode_id=&#8220;121039&#8243; row_height_pixel=&#8220;460&#8243; back_size=&#8220;cover&#8220; el_class=&#8220;inner-banner&#8220; css=&#8220;.vc_custom_1712250069535{margin-top: 88px !important;margin-bottom: 44px [&hellip;]","og_url":"https:\/\/www.exogen.com\/cs\/faqs\/","og_site_name":"EXOGEN Ultrasound Bone Healing System","article_publisher":"https:\/\/www.facebook.com\/exogenbonehealing\/","article_modified_time":"2025-05-27T19:19:36+00:00","twitter_card":"summary_large_image","twitter_misc":{"Odhadovan\u00e1 doba \u010dten\u00ed":"5 minut"},"schema":{"@context":"https:\/\/schema.org","@graph":[{"@type":"WebPage","@id":"https:\/\/www.exogen.com\/cs\/faqs\/","url":"https:\/\/www.exogen.com\/cs\/faqs\/","name":"\u010casto Kladen\u00e9 Ot\u00e1zky - Ultrazvukov\u00fd syst\u00e9m hojen\u00ed kost\u00ed EXOGEN","isPartOf":{"@id":"https:\/\/www.exogen.com\/cs\/#website"},"datePublished":"2021-10-08T13:47:51+00:00","dateModified":"2025-05-27T19:19:36+00:00","breadcrumb":{"@id":"https:\/\/www.exogen.com\/cs\/faqs\/#breadcrumb"},"inLanguage":"cs","potentialAction":[{"@type":"ReadAction","target":["https:\/\/www.exogen.com\/cs\/faqs\/"]}]},{"@type":"BreadcrumbList","@id":"https:\/\/www.exogen.com\/cs\/faqs\/#breadcrumb","itemListElement":[{"@type":"ListItem","position":1,"name":"Home","item":"https:\/\/www.exogen.com\/cs\/"},{"@type":"ListItem","position":2,"name":"FAQs"}]},{"@type":"WebSite","@id":"https:\/\/www.exogen.com\/cs\/#website","url":"https:\/\/www.exogen.com\/cs\/","name":"EXOGEN Ultrasound Bone Healing System","description":"Ultrasound Bone Healing System","publisher":{"@id":"https:\/\/www.exogen.com\/cs\/#organization"},"potentialAction":[{"@type":"SearchAction","target":{"@type":"EntryPoint","urlTemplate":"https:\/\/www.exogen.com\/cs\/?s={search_term_string}"},"query-input":{"@type":"PropertyValueSpecification","valueRequired":true,"valueName":"search_term_string"}}],"inLanguage":"cs"},{"@type":"Organization","@id":"https:\/\/www.exogen.com\/cs\/#organization","name":"EXOGEN","url":"https:\/\/www.exogen.com\/cs\/","logo":{"@type":"ImageObject","inLanguage":"cs","@id":"https:\/\/www.exogen.com\/cs\/#\/schema\/logo\/image\/","url":"https:\/\/www.exogen.com\/wp-content\/uploads\/2021\/10\/purple-logo.png","contentUrl":"https:\/\/www.exogen.com\/wp-content\/uploads\/2021\/10\/purple-logo.png","width":264,"height":100,"caption":"EXOGEN"},"image":{"@id":"https:\/\/www.exogen.com\/cs\/#\/schema\/logo\/image\/"},"sameAs":["https:\/\/www.facebook.com\/exogenbonehealing\/","https:\/\/www.instagram.com\/exogenbonehealing\/","https:\/\/www.youtube.com\/channel\/UCP5jnVTUjZZKlr_b-mxr49w"]}]}},"_links":{"self":[{"href":"https:\/\/www.exogen.com\/cs\/wp-json\/wp\/v2\/pages\/3468","targetHints":{"allow":["GET"]}}],"collection":[{"href":"https:\/\/www.exogen.com\/cs\/wp-json\/wp\/v2\/pages"}],"about":[{"href":"https:\/\/www.exogen.com\/cs\/wp-json\/wp\/v2\/types\/page"}],"author":[{"embeddable":true,"href":"https:\/\/www.exogen.com\/cs\/wp-json\/wp\/v2\/users\/1"}],"replies":[{"embeddable":true,"href":"https:\/\/www.exogen.com\/cs\/wp-json\/wp\/v2\/comments?post=3468"}],"version-history":[{"count":0,"href":"https:\/\/www.exogen.com\/cs\/wp-json\/wp\/v2\/pages\/3468\/revisions"}],"wp:attachment":[{"href":"https:\/\/www.exogen.com\/cs\/wp-json\/wp\/v2\/media?parent=3468"}],"curies":[{"name":"wp","href":"https:\/\/api.w.org\/{rel}","templated":true}]}}