{"id":3476,"date":"2021-10-08T13:34:35","date_gmt":"2021-10-08T13:34:35","guid":{"rendered":"https:\/\/exogen.com\/frequently-asked-questions\/"},"modified":"2025-06-25T19:08:04","modified_gmt":"2025-06-25T19:08:04","slug":"frequently-asked-questions","status":"publish","type":"page","link":"https:\/\/www.exogen.com\/cs\/frequently-asked-questions\/","title":{"rendered":"Frequently Asked Questions"},"content":{"rendered":"<div class=\"wpb-content-wrapper\"><p>[vc_row row_height_percent=&#8220;0&#8243; back_image=&#8220;11355&#8243; back_repeat=&#8220;no-repeat&#8220; back_position=&#8220;center center&#8220; overlay_alpha=&#8220;50&#8243; gutter_size=&#8220;3&#8243; column_width_percent=&#8220;100&#8243; shift_y=&#8220;0&#8243; z_index=&#8220;0&#8243; uncode_shortcode_id=&#8220;704911&#8243; row_height_pixel=&#8220;460&#8243; back_size=&#8220;cover&#8220; el_class=&#8220;inner-banner&#8220; css=&#8220;.vc_custom_1750878428618{margin-top: 88px !important;margin-bottom: 44px !important;}&#8220; shape_dividers=&#8220;&#8220;][vc_column column_width_percent=&#8220;100&#8243; position_vertical=&#8220;middle&#8220; gutter_size=&#8220;3&#8243; overlay_alpha=&#8220;50&#8243; shift_x=&#8220;0&#8243; shift_y=&#8220;0&#8243; shift_y_down=&#8220;0&#8243; z_index=&#8220;0&#8243; medium_width=&#8220;0&#8243; mobile_width=&#8220;0&#8243; width=&#8220;1\/2&#8243; uncode_shortcode_id=&#8220;652607&#8243;][vc_custom_heading text_color=&#8220;color-xsdn&#8220; heading_semantic=&#8220;h1&#8243; text_size=&#8220;fontsize-942846&#8243; text_weight=&#8220;400&#8243; text_height=&#8220;fontheight-667169&#8243; uncode_shortcode_id=&#8220;176357&#8243; text_color_type=&#8220;uncode-palette&#8220;]\u010cast\u00e9 dotazy[\/vc_custom_heading][vc_button size=&#8220;btn-lg&#8220; radius=&#8220;btn-circle&#8220; hover_fx=&#8220;outlined&#8220; border_width=&#8220;1&#8243; icon_position=&#8220;right&#8220; uncode_shortcode_id=&#8220;156941&#8243; button_color_type=&#8220;uncode-solid&#8220; icon=&#8220;fa fa-arrow-right2&#8243; link=&#8220;url:%2Fcs%2Fcontact-an-exogen-rep%2F&#8220; button_color_solid=&#8220;rgba(0,0,0,0.01)&#8220; el_id=&#8220;button-transparent&#8220;]Kontaktujte z\u00e1stupce pro produkt EXOGEN[\/vc_button][\/vc_column][vc_column width=&#8220;1\/2&#8243;][\/vc_column][\/vc_row][vc_row row_height_percent=&#8220;0&#8243; overlay_alpha=&#8220;50&#8243; gutter_size=&#8220;4&#8243; column_width_percent=&#8220;100&#8243; shift_y=&#8220;0&#8243; z_index=&#8220;0&#8243; uncode_shortcode_id=&#8220;900682&#8243;][vc_column width=&#8220;8\/12&#8243;][vc_custom_heading text_color=&#8220;color-107303&#8243; heading_semantic=&#8220;h3&#8243; text_font=&#8220;font-559666&#8243; text_size=&#8220;fontsize-950476&#8243; text_weight=&#8220;700&#8243; text_height=&#8220;fontheight-143712&#8243; uncode_shortcode_id=&#8220;205906&#8243; text_color_type=&#8220;uncode-palette&#8220;]Indikace pro pou\u017eit\u00ed[\/vc_custom_heading][vc_accordion sign=&#8220;plus&#8220; el_class=&#8220;faq-wrapper&#8220;][vc_accordion_tab gutter_size=&#8220;2&#8243; column_padding=&#8220;2&#8243; title=&#8220;Jak\u00e9 jsou schv\u00e1len\u00e9 indikace syst\u00e9mu EXOGEN?&#8220; tab_id=&#8220;1633691501-1-161633700183818&#8243;][vc_column_text uncode_shortcode_id=&#8220;826511&#8243;]Syst\u00e9m EXOGEN je indikov\u00e1n k\u00a0neinvazivn\u00edmu o\u0161et\u0159en\u00ed kostn\u00edch defekt\u016f (mimo obratl\u016f a\u00a0lebky), kam pat\u0159\u00ed l\u00e9\u010dba opo\u017ed\u011bn\u00e9ho hojen\u00ed, pakloub\u016f,* z\u00e1t\u011b\u017eov\u00fdch zlomenin a\u00a0f\u00faze kloub\u016f. Syst\u00e9m EXOGEN je tak\u00e9 indikov\u00e1n za \u00fa\u010delem urychlen\u00ed hojen\u00ed \u010derstv\u00fdch zlomenin, hojen\u00ed po osteotomii, hojen\u00ed po z\u00e1kroc\u00edch s\u00a0p\u0159esunem kosti a\u00a0hojen\u00ed po z\u00e1kroc\u00edch s\u00a0distrak\u010dn\u00ed osteogen\u00e9zou.[\/vc_column_text][\/vc_accordion_tab][vc_accordion_tab gutter_size=&#8220;2&#8243; column_padding=&#8220;2&#8243; title=&#8220;M\u00e1 syst\u00e9m EXOGEN n\u011bjak\u00e9 kontraindikace?&#8220; tab_id=&#8220;1633691501-2-571633700183818&#8243;][vc_column_text uncode_shortcode_id=&#8220;140124&#8243;]Syst\u00e9m EXOGEN nem\u00e1 \u017e\u00e1dn\u00e9 zn\u00e1m\u00e9 kontraindikace.[\/vc_column_text][\/vc_accordion_tab][\/vc_accordion][vc_empty_space empty_h=&#8220;2&#8243;][vc_custom_heading text_color=&#8220;color-107303&#8243; heading_semantic=&#8220;h3&#8243; text_font=&#8220;font-559666&#8243; text_size=&#8220;fontsize-950476&#8243; text_weight=&#8220;700&#8243; text_height=&#8220;fontheight-143712&#8243; uncode_shortcode_id=&#8220;116389&#8243; text_color_type=&#8220;uncode-palette&#8220;]L\u00e9\u010dba zlomenin[\/vc_custom_heading][vc_accordion sign=&#8220;plus&#8220; el_class=&#8220;faq-wrapper&#8220; active_tab=&#8220;#&#8220;][vc_accordion_tab gutter_size=&#8220;2&#8243; column_padding=&#8220;2&#8243; title=&#8220;Je syst\u00e9m EXOGEN schopen vyl\u00e9\u010dit celou fakturu?&#8220; tab_id=&#8220;1633694628-1-931633700183818&#8243;][vc_column_text uncode_shortcode_id=&#8220;272865&#8243;]Ano, biologick\u00fd \u00fa\u010dinek ultrazvukov\u00e9ho svazku proch\u00e1z\u00ed kolem cel\u00e9 zlomeniny st\u0159i\u017en\u00fdmi vlnami.<sup><a href=\"https:\/\/www.exogen.com\/cs\/references\/\">61<\/a><\/sup>[\/vc_column_text][\/vc_accordion_tab][vc_accordion_tab gutter_size=&#8220;2&#8243; column_padding=&#8220;2&#8243; title=&#8220;Je l\u00e9\u010dba syst\u00e9mem EXOGEN efektivn\u00ed u hlubok\u00fdch zlomenin, nap\u0159. u femuru?&#8220; tab_id=&#8220;1633694628-2-401633700183818&#8243;][vc_column_text uncode_shortcode_id=&#8220;110847&#8243;]V\u00a0klinick\u00e9m hodnocen\u00ed m\u011bl syst\u00e9m EXOGEN 84,3\u00a0% \u00fasp\u011b\u0161nost v\u00a0l\u00e9\u010db\u011b pakloub\u016f femuru, co\u017e nazna\u010duje, \u017ee\u00a0je syst\u00e9m EXOGEN pro pacienty s\u00a0hlubok\u00fdmi zlomeninami v\u00fdte\u010dnou volbou.<sup><a href=\"https:\/\/www.exogen.com\/cs\/references\/\">31<\/a><\/sup>Doporu\u010dujeme za \u00fa\u010delem identifikace polohy zlomeniny pou\u017e\u00edvat zam\u011b\u0159ov\u00e1n\u00ed.<sup><a href=\"https:\/\/www.exogen.com\/cs\/references\/\">62<\/a><\/sup>[\/vc_column_text][\/vc_accordion_tab][vc_accordion_tab gutter_size=&#8220;2&#8243; column_padding=&#8220;2&#8243; title=&#8220;Jak efektivn\u011b pronik\u00e1 syst\u00e9m EXOGEN m\u011bkk\u00fdmi tk\u00e1n\u011bmi?&#8220; tab_id=&#8220;1633695962047-2-61633700183818&#8243;][vc_column_text uncode_shortcode_id=&#8220;559346&#8243;]Ultrazvukov\u00e9 vlny syst\u00e9mu EXOGEN mohou pronikat k\u016f\u017e\u00ed a m\u011bkk\u00fdmi tk\u00e1n\u011bmi do efektivn\u00ed hloubky pr\u016fniku asi 254\u00a0mm.<sup><a href=\"https:\/\/www.exogen.com\/cs\/references\/\">61<\/a><\/sup>[\/vc_column_text][\/vc_accordion_tab][vc_accordion_tab gutter_size=&#8220;2&#8243; column_padding=&#8220;2&#8243; title=&#8220;Mohou syst\u00e9m EXOGEN pou\u017e\u00edvat pacienti s kardiostimul\u00e1tory nebo jin\u00fdm aktivn\u00edm implantabiln\u00edm prost\u0159edkem?&#8220; tab_id=&#8220;1633695978326-3-91633700183818&#8243;][vc_column_text uncode_shortcode_id=&#8220;296989&#8243;]Aktivn\u00ed implantabiln\u00ed prost\u0159edky jako kardiostimul\u00e1tory mohou b\u00fdt bl\u00edzkou expozic\u00ed prost\u0159edku EXOGEN negativn\u011b ovlivn\u011bny. Pacienti nebo jin\u00e9 osoby v\u00a0t\u011bsn\u00e9 bl\u00edzkosti b\u011bhem o\u0161et\u0159en\u00ed by m\u011bli p\u0159ed pou\u017eit\u00edm syst\u00e9mu EXOGEN podstoupit vy\u0161et\u0159en\u00ed kardiologem nebo l\u00e9ka\u0159em.[\/vc_column_text][\/vc_accordion_tab][vc_accordion_tab gutter_size=&#8220;2&#8243; column_padding=&#8220;2&#8243; title=&#8220;Co m\u00e1m ud\u011blat, abych pacienta p\u0159ipravil na l\u00e9\u010dbu syst\u00e9mem EXOGEN?&#8220; tab_id=&#8220;1633695996230-4-101633700183818&#8243;][vc_column_text uncode_shortcode_id=&#8220;186344&#8243;]Ozna\u010dte u\u00a0pacienta polohu zlomeniny. Sonda EXOGEN mus\u00ed b\u00fdt v\u00a0p\u0159\u00edm\u00e9m kontaktu s\u00a0k\u016f\u017e\u00ed, tak\u017ee pokud v\u00e1\u0161 pacient pot\u0159ebuje nebo v\u00a0sou\u010dasnosti pou\u017e\u00edv\u00e1 dlahu, bude nutn\u00e9 zabudovat port sondy nebo vytvo\u0159it ok\u00e9nko. N\u00e1\u0161 za\u0161kolen\u00fd specialista EXOGEN v\u00e1m pom\u016f\u017ee se spr\u00e1vn\u00fdm um\u00edst\u011bn\u00edm portu sondy p\u0159i vytv\u00e1\u0159en\u00ed dlahy a\u00a0s\u00a0pou\u017eit\u00edm s\u00a0kovy u\u00a0pakloub\u016f. Pokud m\u00e1te z\u00e1jem o\u00a0dal\u0161\u00ed informace, st\u00e1hn\u011bte si dokument <a href=\"https:\/\/www.exogen.com\/cs\/physician-resources\/\">Techniky aplikace dlahy EXOGEN<\/a>\u00a0nebo kontaktujte\u00a0<a href=\"https:\/\/www.exogen.com\/cs\/contact-an-exogen-rep\/\">z\u00e1kaznick\u00fd servis spole\u010dnosti Bioventus<\/a>.[\/vc_column_text][\/vc_accordion_tab][\/vc_accordion][vc_empty_space empty_h=&#8220;2&#8243;][vc_custom_heading text_color=&#8220;color-107303&#8243; heading_semantic=&#8220;h3&#8243; text_font=&#8220;font-559666&#8243; text_size=&#8220;fontsize-950476&#8243; text_weight=&#8220;700&#8243; text_height=&#8220;fontheight-143712&#8243; uncode_shortcode_id=&#8220;135513&#8243; text_color_type=&#8220;uncode-palette&#8220;]Za\u0159\u00edzen\u00ed EXOGEN a\u00a0kryt\u00ed[\/vc_custom_heading][vc_accordion sign=&#8220;plus&#8220; el_class=&#8220;faq-wrapper&#8220; active_tab=&#8220;#&#8220;][vc_accordion_tab gutter_size=&#8220;2&#8243; column_padding=&#8220;2&#8243; title=&#8220;Co obsahuje jednotka EXOGEN?&#8220; tab_id=&#8220;1633696683-1-311633700183818&#8243;][vc_column_text uncode_shortcode_id=&#8220;180257&#8243;]Jednotka EXOGEN sest\u00e1v\u00e1 z\u00a0hlavn\u00ed provozn\u00ed jednotky a\u00a0p\u0159ipojen\u00e9ho kabelu s\u00a0hlavou sondy. Pacienti tak\u00e9 dostanou aplika\u010dn\u00ed popruh, kontaktn\u00ed gel a\u00a0nab\u00edje\u010dku baterie.[\/vc_column_text][\/vc_accordion_tab][vc_accordion_tab gutter_size=&#8220;2&#8243; column_padding=&#8220;2&#8243; title=&#8220;Je syst\u00e9m EXOGEN kryt v r\u00e1mci nemocni\u010dn\u00ed p\u00e9\u010de a\/nebo z poji\u0161t\u011bn\u00ed?&#8220; tab_id=&#8220;1633696683-2-971633700183818&#8243;][vc_column_text uncode_shortcode_id=&#8220;207449&#8243;]Mnoho poji\u0161\u0165oven kryt\u00ed na za\u0159\u00edzen\u00ed EXOGEN poskytuje. Dal\u0161\u00ed informace v\u00e1m poskytne v\u00e1\u0161 m\u00edstn\u00ed z\u00e1stupce spole\u010dnosti EXOGEN nebo kontaktuje <a href=\"https:\/\/www.exogen.com\/us\/physician\/contact\/\">z\u00e1kaznick\u00fd servis spole\u010dnosti Bioventus<\/a>.[\/vc_column_text][\/vc_accordion_tab][\/vc_accordion][\/vc_column][vc_column width=&#8220;4\/12&#8243;][vc_single_image media=&#8220;127&#8243; media_width_percent=&#8220;100&#8243; uncode_shortcode_id=&#8220;155189&#8243;][vc_row_inner row_inner_height_percent=&#8220;0&#8243; overlay_alpha=&#8220;50&#8243; gutter_size=&#8220;3&#8243; shift_y=&#8220;0&#8243; z_index=&#8220;0&#8243; uncode_shortcode_id=&#8220;174241&#8243; css=&#8220;.vc_custom_1633693982448{margin-top: 0px !important;}&#8220; limit_content=&#8220;&#8220;][vc_column_inner column_width_percent=&#8220;100&#8243; gutter_size=&#8220;3&#8243; back_color=&#8220;color-763025&#8243; overlay_alpha=&#8220;50&#8243; shift_x=&#8220;0&#8243; shift_y=&#8220;0&#8243; shift_y_down=&#8220;0&#8243; z_index=&#8220;0&#8243; medium_width=&#8220;0&#8243; mobile_width=&#8220;0&#8243; width=&#8220;1\/1&#8243; uncode_shortcode_id=&#8220;121928&#8243; back_color_type=&#8220;uncode-palette&#8220;][vc_custom_heading text_color=&#8220;color-nhtu&#8220; heading_semantic=&#8220;h4&#8243; text_font=&#8220;font-559666&#8243; text_size=&#8220;fontsize-467755&#8243; text_weight=&#8220;700&#8243; text_height=&#8220;fontheight-143712&#8243; uncode_shortcode_id=&#8220;193916&#8243; text_color_type=&#8220;uncode-palette&#8220;]Neda\u0159\u00ed se v\u00e1m naj\u00edt odpov\u011b\u010f na va\u0161i ot\u00e1zku?[\/vc_custom_heading][vc_column_text uncode_shortcode_id=&#8220;426649&#8243; css=&#8220;.vc_custom_1639547366976{margin-top: 0px !important;margin-bottom: 0px !important;padding-top: 0px !important;padding-bottom: 0px !important;}&#8220;]Kontaktujte n\u00e1s[\/vc_column_text][vc_button button_color=&#8220;color-207599&#8243; size=&#8220;btn-sm&#8220; radius=&#8220;btn-circle&#8220; hover_fx=&#8220;full-colored&#8220; border_width=&#8220;0&#8243; icon_position=&#8220;right&#8220; uncode_shortcode_id=&#8220;438529&#8243; button_color_type=&#8220;uncode-palette&#8220; icon=&#8220;fa fa-arrow-right2&#8243; link=&#8220;url:%2Fcs%2Fcontact-us%2F&#8220;]Kontaktujte n\u00e1s[\/vc_button][\/vc_column_inner][\/vc_row_inner][\/vc_column][\/vc_row][vc_row row_height_percent=&#8220;0&#8243; overlay_alpha=&#8220;50&#8243; gutter_size=&#8220;3&#8243; column_width_percent=&#8220;100&#8243; border_color=&#8220;color-gyho&#8220; border_style=&#8220;solid&#8220; shift_y=&#8220;0&#8243; z_index=&#8220;0&#8243; uncode_shortcode_id=&#8220;193465&#8243; css=&#8220;.vc_custom_1633696557289{margin-top: 40px !important;margin-bottom: 0px !important;border-top-width: 1px !important;}&#8220; el_id=&#8220;description_text&#8220; border_color_type=&#8220;uncode-palette&#8220;][vc_column width=&#8220;1\/1&#8243;][vc_column_text uncode_shortcode_id=&#8220;291167&#8243;]<strong style=\"margin-bottom: 15px;\">Souhrn indikac\u00ed pro u\u017e\u00edv\u00e1n\u00ed<br \/>\n<\/strong><\/p>\n<p>Syst\u00e9m EXOGEN je indikov\u00e1n k\u00a0neinvazivn\u00edmu o\u0161et\u0159en\u00ed kostn\u00edch defekt\u016f (mimo obratl\u016f a\u00a0lebky), kam pat\u0159\u00ed l\u00e9\u010dba opo\u017ed\u011bn\u00e9ho hojen\u00ed, pakloub\u016f,* z\u00e1t\u011b\u017eov\u00fdch zlomenin a\u00a0f\u00faze kloub\u016f. Syst\u00e9m EXOGEN je tak\u00e9 indikov\u00e1n za \u00fa\u010delem urychlen\u00ed hojen\u00ed \u010derstv\u00fdch zlomenin, hojen\u00ed po osteotomii, hojen\u00ed po z\u00e1kroc\u00edch s\u00a0p\u0159esunem kosti a\u00a0hojen\u00ed po z\u00e1kroc\u00edch s\u00a0distrak\u010dn\u00ed osteogen\u00e9zou.<\/p>\n<p>Syst\u00e9m EXOGEN se nepoj\u00ed se \u017e\u00e1dn\u00fdmi zn\u00e1m\u00fdmi kontraindikacemi. Bezpe\u010dnost a \u00fa\u010dinnost nebyly stanoveny u\u00a0osob, kter\u00e9 nedos\u00e1hly skelet\u00e1ln\u00ed dosp\u011blosti, t\u011bhotn\u00fdch nebo koj\u00edc\u00edch \u017een, pacient\u016f s\u00a0kardiostimul\u00e1tory, u\u00a0onkologick\u00fdch fraktur nebo u\u00a0pacient\u016f se \u0161patn\u00fdm krevn\u00edm ob\u011bhem nebo koagula\u010dn\u00edmi probl\u00e9my. N\u011bkte\u0159\u00ed pacienti mohou b\u00fdt citliv\u00ed na ultrazvukov\u00fd gel.<\/p>\n<p>Kompletn\u00ed preskrip\u010dn\u00ed informace naleznete na \u0161t\u00edtku produktu, str\u00e1nk\u00e1ch <a href=\"https:\/\/www.exogen.com\/\">Exogen.com<\/a> nebo si je m\u016f\u017eete vy\u017e\u00e1dat od z\u00e1kaznick\u00e9ho servisu spole\u010dnosti Bioventus.<\/p>\n<p>*Pakloub je pova\u017eov\u00e1n za kone\u010dn\u00fd, kdy\u017e m\u00edsto zlomeniny nevykazuje viditeln\u011b progresivn\u00ed zn\u00e1mky hojen\u00ed.[\/vc_column_text][\/vc_column][\/vc_row]<\/p>\n<\/div>","protected":false},"excerpt":{"rendered":"<p>[vc_row row_height_percent=&#8220;0&#8243; back_image=&#8220;11355&#8243; back_repeat=&#8220;no-repeat&#8220; back_position=&#8220;center center&#8220; overlay_alpha=&#8220;50&#8243; gutter_size=&#8220;3&#8243; column_width_percent=&#8220;100&#8243; shift_y=&#8220;0&#8243; z_index=&#8220;0&#8243; uncode_shortcode_id=&#8220;704911&#8243; row_height_pixel=&#8220;460&#8243; back_size=&#8220;cover&#8220; el_class=&#8220;inner-banner&#8220; css=&#8220;.vc_custom_1750878428618{margin-top: 88px !important;margin-bottom: 44px !important;}&#8220; [&hellip;]<\/p>\n","protected":false},"author":1,"featured_media":0,"parent":0,"menu_order":0,"comment_status":"closed","ping_status":"closed","template":"","meta":{"_acf_changed":false,"_five9_enable_chat":"","footnotes":""},"class_list":["post-3476","page","type-page","status-publish","hentry","page_category-hcp-cs"],"acf":[],"yoast_head":"<!-- This site is optimized with the Yoast SEO plugin v27.3 - https:\/\/yoast.com\/product\/yoast-seo-wordpress\/ -->\n<title>Pro poskytovatele - \u010casto Kladen\u00e9 Ot\u00e1zky - Ultrazvukov\u00fd syst\u00e9m hojen\u00ed kost\u00ed EXOGEN<\/title>\n<meta name=\"robots\" content=\"index, follow, max-snippet:-1, max-image-preview:large, max-video-preview:-1\" \/>\n<link rel=\"canonical\" href=\"https:\/\/www.exogen.com\/cs\/frequently-asked-questions\/\" \/>\n<meta property=\"og:locale\" content=\"cs_CZ\" \/>\n<meta property=\"og:type\" content=\"article\" \/>\n<meta property=\"og:title\" content=\"Pro poskytovatele - \u010casto Kladen\u00e9 Ot\u00e1zky - Ultrazvukov\u00fd syst\u00e9m hojen\u00ed kost\u00ed EXOGEN\" \/>\n<meta property=\"og:description\" content=\"[vc_row row_height_percent=&#8220;0&#8243; back_image=&#8220;11355&#8243; back_repeat=&#8220;no-repeat&#8220; back_position=&#8220;center center&#8220; overlay_alpha=&#8220;50&#8243; gutter_size=&#8220;3&#8243; column_width_percent=&#8220;100&#8243; shift_y=&#8220;0&#8243; z_index=&#8220;0&#8243; uncode_shortcode_id=&#8220;704911&#8243; row_height_pixel=&#8220;460&#8243; back_size=&#8220;cover&#8220; el_class=&#8220;inner-banner&#8220; css=&#8220;.vc_custom_1750878428618{margin-top: 88px !important;margin-bottom: 44px !important;}&#8220; [&hellip;]\" \/>\n<meta property=\"og:url\" content=\"https:\/\/www.exogen.com\/cs\/frequently-asked-questions\/\" \/>\n<meta property=\"og:site_name\" content=\"EXOGEN Ultrasound Bone Healing System\" \/>\n<meta property=\"article:publisher\" content=\"https:\/\/www.facebook.com\/exogenbonehealing\/\" \/>\n<meta property=\"article:modified_time\" content=\"2025-06-25T19:08:04+00:00\" \/>\n<meta name=\"twitter:card\" content=\"summary_large_image\" \/>\n<meta name=\"twitter:label1\" content=\"Odhadovan\u00e1 doba \u010dten\u00ed\" \/>\n\t<meta name=\"twitter:data1\" content=\"4 minuty\" \/>\n<script type=\"application\/ld+json\" class=\"yoast-schema-graph\">{\"@context\":\"https:\\\/\\\/schema.org\",\"@graph\":[{\"@type\":\"WebPage\",\"@id\":\"https:\\\/\\\/www.exogen.com\\\/cs\\\/frequently-asked-questions\\\/\",\"url\":\"https:\\\/\\\/www.exogen.com\\\/cs\\\/frequently-asked-questions\\\/\",\"name\":\"Pro poskytovatele - \u010casto Kladen\u00e9 Ot\u00e1zky - Ultrazvukov\u00fd syst\u00e9m hojen\u00ed kost\u00ed EXOGEN\",\"isPartOf\":{\"@id\":\"https:\\\/\\\/www.exogen.com\\\/cs\\\/#website\"},\"datePublished\":\"2021-10-08T13:34:35+00:00\",\"dateModified\":\"2025-06-25T19:08:04+00:00\",\"breadcrumb\":{\"@id\":\"https:\\\/\\\/www.exogen.com\\\/cs\\\/frequently-asked-questions\\\/#breadcrumb\"},\"inLanguage\":\"cs\",\"potentialAction\":[{\"@type\":\"ReadAction\",\"target\":[\"https:\\\/\\\/www.exogen.com\\\/cs\\\/frequently-asked-questions\\\/\"]}]},{\"@type\":\"BreadcrumbList\",\"@id\":\"https:\\\/\\\/www.exogen.com\\\/cs\\\/frequently-asked-questions\\\/#breadcrumb\",\"itemListElement\":[{\"@type\":\"ListItem\",\"position\":1,\"name\":\"Home\",\"item\":\"https:\\\/\\\/www.exogen.com\\\/cs\\\/\"},{\"@type\":\"ListItem\",\"position\":2,\"name\":\"Frequently Asked Questions\"}]},{\"@type\":\"WebSite\",\"@id\":\"https:\\\/\\\/www.exogen.com\\\/cs\\\/#website\",\"url\":\"https:\\\/\\\/www.exogen.com\\\/cs\\\/\",\"name\":\"EXOGEN Ultrasound Bone Healing System\",\"description\":\"Ultrasound Bone Healing System\",\"publisher\":{\"@id\":\"https:\\\/\\\/www.exogen.com\\\/cs\\\/#organization\"},\"potentialAction\":[{\"@type\":\"SearchAction\",\"target\":{\"@type\":\"EntryPoint\",\"urlTemplate\":\"https:\\\/\\\/www.exogen.com\\\/cs\\\/?s={search_term_string}\"},\"query-input\":{\"@type\":\"PropertyValueSpecification\",\"valueRequired\":true,\"valueName\":\"search_term_string\"}}],\"inLanguage\":\"cs\"},{\"@type\":\"Organization\",\"@id\":\"https:\\\/\\\/www.exogen.com\\\/cs\\\/#organization\",\"name\":\"EXOGEN\",\"url\":\"https:\\\/\\\/www.exogen.com\\\/cs\\\/\",\"logo\":{\"@type\":\"ImageObject\",\"inLanguage\":\"cs\",\"@id\":\"https:\\\/\\\/www.exogen.com\\\/cs\\\/#\\\/schema\\\/logo\\\/image\\\/\",\"url\":\"https:\\\/\\\/www.exogen.com\\\/wp-content\\\/uploads\\\/2021\\\/10\\\/purple-logo.png\",\"contentUrl\":\"https:\\\/\\\/www.exogen.com\\\/wp-content\\\/uploads\\\/2021\\\/10\\\/purple-logo.png\",\"width\":264,\"height\":100,\"caption\":\"EXOGEN\"},\"image\":{\"@id\":\"https:\\\/\\\/www.exogen.com\\\/cs\\\/#\\\/schema\\\/logo\\\/image\\\/\"},\"sameAs\":[\"https:\\\/\\\/www.facebook.com\\\/exogenbonehealing\\\/\",\"https:\\\/\\\/www.instagram.com\\\/exogenbonehealing\\\/\",\"https:\\\/\\\/www.youtube.com\\\/channel\\\/UCP5jnVTUjZZKlr_b-mxr49w\"]}]}<\/script>\n<!-- \/ Yoast SEO plugin. -->","yoast_head_json":{"title":"Pro poskytovatele - \u010casto Kladen\u00e9 Ot\u00e1zky - Ultrazvukov\u00fd syst\u00e9m hojen\u00ed kost\u00ed EXOGEN","robots":{"index":"index","follow":"follow","max-snippet":"max-snippet:-1","max-image-preview":"max-image-preview:large","max-video-preview":"max-video-preview:-1"},"canonical":"https:\/\/www.exogen.com\/cs\/frequently-asked-questions\/","og_locale":"cs_CZ","og_type":"article","og_title":"Pro poskytovatele - \u010casto Kladen\u00e9 Ot\u00e1zky - Ultrazvukov\u00fd syst\u00e9m hojen\u00ed kost\u00ed EXOGEN","og_description":"[vc_row row_height_percent=&#8220;0&#8243; back_image=&#8220;11355&#8243; back_repeat=&#8220;no-repeat&#8220; back_position=&#8220;center center&#8220; overlay_alpha=&#8220;50&#8243; gutter_size=&#8220;3&#8243; column_width_percent=&#8220;100&#8243; shift_y=&#8220;0&#8243; z_index=&#8220;0&#8243; uncode_shortcode_id=&#8220;704911&#8243; row_height_pixel=&#8220;460&#8243; back_size=&#8220;cover&#8220; el_class=&#8220;inner-banner&#8220; css=&#8220;.vc_custom_1750878428618{margin-top: 88px !important;margin-bottom: 44px !important;}&#8220; [&hellip;]","og_url":"https:\/\/www.exogen.com\/cs\/frequently-asked-questions\/","og_site_name":"EXOGEN Ultrasound Bone Healing System","article_publisher":"https:\/\/www.facebook.com\/exogenbonehealing\/","article_modified_time":"2025-06-25T19:08:04+00:00","twitter_card":"summary_large_image","twitter_misc":{"Odhadovan\u00e1 doba \u010dten\u00ed":"4 minuty"},"schema":{"@context":"https:\/\/schema.org","@graph":[{"@type":"WebPage","@id":"https:\/\/www.exogen.com\/cs\/frequently-asked-questions\/","url":"https:\/\/www.exogen.com\/cs\/frequently-asked-questions\/","name":"Pro poskytovatele - \u010casto Kladen\u00e9 Ot\u00e1zky - Ultrazvukov\u00fd syst\u00e9m hojen\u00ed kost\u00ed EXOGEN","isPartOf":{"@id":"https:\/\/www.exogen.com\/cs\/#website"},"datePublished":"2021-10-08T13:34:35+00:00","dateModified":"2025-06-25T19:08:04+00:00","breadcrumb":{"@id":"https:\/\/www.exogen.com\/cs\/frequently-asked-questions\/#breadcrumb"},"inLanguage":"cs","potentialAction":[{"@type":"ReadAction","target":["https:\/\/www.exogen.com\/cs\/frequently-asked-questions\/"]}]},{"@type":"BreadcrumbList","@id":"https:\/\/www.exogen.com\/cs\/frequently-asked-questions\/#breadcrumb","itemListElement":[{"@type":"ListItem","position":1,"name":"Home","item":"https:\/\/www.exogen.com\/cs\/"},{"@type":"ListItem","position":2,"name":"Frequently Asked Questions"}]},{"@type":"WebSite","@id":"https:\/\/www.exogen.com\/cs\/#website","url":"https:\/\/www.exogen.com\/cs\/","name":"EXOGEN Ultrasound Bone Healing System","description":"Ultrasound Bone Healing System","publisher":{"@id":"https:\/\/www.exogen.com\/cs\/#organization"},"potentialAction":[{"@type":"SearchAction","target":{"@type":"EntryPoint","urlTemplate":"https:\/\/www.exogen.com\/cs\/?s={search_term_string}"},"query-input":{"@type":"PropertyValueSpecification","valueRequired":true,"valueName":"search_term_string"}}],"inLanguage":"cs"},{"@type":"Organization","@id":"https:\/\/www.exogen.com\/cs\/#organization","name":"EXOGEN","url":"https:\/\/www.exogen.com\/cs\/","logo":{"@type":"ImageObject","inLanguage":"cs","@id":"https:\/\/www.exogen.com\/cs\/#\/schema\/logo\/image\/","url":"https:\/\/www.exogen.com\/wp-content\/uploads\/2021\/10\/purple-logo.png","contentUrl":"https:\/\/www.exogen.com\/wp-content\/uploads\/2021\/10\/purple-logo.png","width":264,"height":100,"caption":"EXOGEN"},"image":{"@id":"https:\/\/www.exogen.com\/cs\/#\/schema\/logo\/image\/"},"sameAs":["https:\/\/www.facebook.com\/exogenbonehealing\/","https:\/\/www.instagram.com\/exogenbonehealing\/","https:\/\/www.youtube.com\/channel\/UCP5jnVTUjZZKlr_b-mxr49w"]}]}},"_links":{"self":[{"href":"https:\/\/www.exogen.com\/cs\/wp-json\/wp\/v2\/pages\/3476","targetHints":{"allow":["GET"]}}],"collection":[{"href":"https:\/\/www.exogen.com\/cs\/wp-json\/wp\/v2\/pages"}],"about":[{"href":"https:\/\/www.exogen.com\/cs\/wp-json\/wp\/v2\/types\/page"}],"author":[{"embeddable":true,"href":"https:\/\/www.exogen.com\/cs\/wp-json\/wp\/v2\/users\/1"}],"replies":[{"embeddable":true,"href":"https:\/\/www.exogen.com\/cs\/wp-json\/wp\/v2\/comments?post=3476"}],"version-history":[{"count":0,"href":"https:\/\/www.exogen.com\/cs\/wp-json\/wp\/v2\/pages\/3476\/revisions"}],"wp:attachment":[{"href":"https:\/\/www.exogen.com\/cs\/wp-json\/wp\/v2\/media?parent=3476"}],"curies":[{"name":"wp","href":"https:\/\/api.w.org\/{rel}","templated":true}]}}