{"id":3484,"date":"2021-10-08T12:45:26","date_gmt":"2021-10-08T12:45:26","guid":{"rendered":"https:\/\/exogen.com\/does-a-broken-bone-hurt-when-healing\/"},"modified":"2025-05-27T19:36:33","modified_gmt":"2025-05-27T19:36:33","slug":"does-a-broken-bone-hurt-when-healing","status":"publish","type":"page","link":"https:\/\/www.exogen.com\/cs\/does-a-broken-bone-hurt-when-healing\/","title":{"rendered":"Bol\u00ed zlomen\u00e1 kost p\u0159i hojen\u00ed?"},"content":{"rendered":"<div class=\"wpb-content-wrapper\"><p>[vc_row row_height_percent=&#8220;0&#8243; overlay_alpha=&#8220;50&#8243; gutter_size=&#8220;3&#8243; column_width_percent=&#8220;100&#8243; shift_y=&#8220;0&#8243; z_index=&#8220;0&#8243; uncode_shortcode_id=&#8220;141354&#8243; row_height_pixel=&#8220;145&#8243; back_color_type=&#8220;uncode-gradient&#8220; back_color_gradient=&#8220;{&#8222;css&#8222;:&#8222;background: linear-gradient(to bottom , rgb(211, 211, 211) , rgb(243, 240, 244) 34%);&#8222;,&#8222;sliders&#8222;:`{`{&#8222;color&#8222;:&#8222;rgb(211, 211, 211)&#8222;,&#8222;position&#8222;:0},{&#8222;color&#8222;:&#8222;rgb(243, 240, 244)&#8222;,&#8222;position&#8222;:34}`}`,&#8222;type&#8222;:&#8222;linear&#8222;,&#8222;direction&#8222;:&#8222;top&#8222;}&#8220; css=&#8220;.vc_custom_1633698520117{margin-top: 80px !important;margin-bottom: 60px !important;}&#8220;][vc_column column_width_percent=&#8220;100&#8243; position_vertical=&#8220;middle&#8220; gutter_size=&#8220;3&#8243; overlay_alpha=&#8220;50&#8243; shift_x=&#8220;0&#8243; shift_y=&#8220;0&#8243; shift_y_down=&#8220;0&#8243; z_index=&#8220;0&#8243; medium_width=&#8220;0&#8243; mobile_width=&#8220;0&#8243; width=&#8220;1\/1&#8243; uncode_shortcode_id=&#8220;697530&#8243;][vc_column_text text_color=&#8220;color-107303&#8243; uncode_shortcode_id=&#8220;103630&#8243; text_color_type=&#8220;uncode-palette&#8220; css=&#8220;.vc_custom_1640254157458{margin-top: 0px !important;margin-bottom: -30px !important;padding-top: 0px !important;padding-bottom: 0px !important;}&#8220; el_class=&#8220;top-link&#8220;]<a href=\"\/cs\/faqs\/\"><i class=\"fa fa-angle-left\"><\/i> BACK<\/a>[\/vc_column_text][vc_custom_heading auto_text=&#8220;yes&#8220; text_color=&#8220;color-121277&#8243; heading_semantic=&#8220;h1&#8243; text_font=&#8220;font-559666&#8243; text_size=&#8220;fontsize-242148&#8243; text_transform=&#8220;uppercase&#8220; text_height=&#8220;fontheight-133340&#8243; uncode_shortcode_id=&#8220;160749&#8243; text_color_type=&#8220;uncode-palette&#8220;]This is a custom heading element.[\/vc_custom_heading][\/vc_column][\/vc_row][vc_row row_height_percent=&#8220;0&#8243; overlay_alpha=&#8220;50&#8243; gutter_size=&#8220;3&#8243; column_width_percent=&#8220;100&#8243; shift_y=&#8220;0&#8243; z_index=&#8220;0&#8243; uncode_shortcode_id=&#8220;169022&#8243; css=&#8220;.vc_custom_1633699476839{margin-bottom: 40px !important;}&#8220;][vc_column width=&#8220;1\/1&#8243;][vc_column_text uncode_shortcode_id=&#8220;708813&#8243; css=&#8220;.vc_custom_1748374398239{margin-top: 0px !important;}&#8220; el_class=&#8220;faq-page-content&#8220;]Bolest je p\u0159irozen\u00e1 reakce t\u011bla na zlomeninu kosti. Ihned po poran\u011bn\u00ed typicky vznikne intenzivn\u00ed nebo ostr\u00e1 bolest \u2013 jednak p\u0159\u00edmo v m\u00edst\u011b zlomeniny, ale i v jej\u00ed bl\u00edzkosti, n\u00e1sledkem mo\u017en\u00fdch dal\u0161\u00edch poran\u011bn\u00ed. T\u00edm to v\u0161ak bohu\u017eel nekon\u010d\u00ed. Bolest se m\u016f\u017ee objevit i b\u011bhem hojen\u00ed zlomeniny.<sup><a href=\"https:\/\/www.exogen.com\/cs\/references\/\">44<\/a><\/sup><\/p>\n<p><strong>F\u00e1ze bolesti b\u011bhem procesu hojen\u00ed zlomeniny<\/strong><\/p>\n<p>Obecn\u011b existuj\u00ed t\u0159i f\u00e1ze bolesti po zlomen\u00ed kosti. Jde o bolest akutn\u00ed, subakutn\u00ed a chronickou. K akutn\u00ed bolesti doch\u00e1z\u00ed ihned po poran\u011bn\u00ed. Nejhor\u0161\u00ed bolest obvykle ust\u00e1v\u00e1 p\u0159ibli\u017en\u011b po jednom \u010di dvou t\u00fddnech. Pot\u00e9 se za\u010dne zlomen\u00e1 kost a okoln\u00ed m\u011bkk\u00e1 tk\u00e1\u0148 hojit. To trv\u00e1 n\u011bkolik t\u00fddn\u016f a bolest, kterou m\u016f\u017eete v tomto stadiu poci\u0165ovat, se naz\u00fdv\u00e1 subakutn\u00ed bolest. Posledn\u00ed f\u00e1ze bolesti je chronick\u00e1 bolest. Tento typ bolesti p\u0159etrv\u00e1v\u00e1 dlouho po zahojen\u00ed zlomeniny a m\u011bkk\u00e9 tk\u00e1n\u011b.<sup><a href=\"https:\/\/www.exogen.com\/cs\/references\/\">43<\/a><\/sup><\/p>\n<p>Ne ka\u017ed\u00e1 zlomenina zp\u016fsobuje v\u0161echny tyto typy bolesti.<\/p>\n<p><strong>Akutn\u00ed bolest okam\u017eit\u011b po poran\u011bn\u00ed<\/strong><\/p>\n<p>Okam\u017eit\u011b po zlomenin\u011b se projev\u00ed akutn\u00ed bolest. B\u011bhem tohoto stadia jsou \u010dasto p\u0159edepisov\u00e1ny l\u00e9ky, jejich\u017e \u00fa\u010delem je nejhor\u0161\u00ed bolest utlumit. Intenzita akutn\u00ed bolesti postupn\u011b kles\u00e1.<sup><a href=\"https:\/\/www.exogen.com\/cs\/references\/\">43<\/a><\/sup><\/p>\n<p>Zlomenina m\u016f\u017ee vy\u017eadovat operaci, pokud je nutn\u00e9 zlomenou kost narovnat. M\u016f\u017eete pot\u0159ebovat dlahu nebo jin\u00fd prost\u0159edek, kter\u00fd udr\u017e\u00ed zlomenou kost nehybnou, p\u0159\u00edpadn\u011b m\u016f\u017ee b\u00fdt pot\u0159eba jin\u00e1 l\u00e9\u010dba. Bez ohledu na metodu pou\u017eitou k o\u0161et\u0159en\u00ed zlomen\u00e9 kosti je z\u00e1sadn\u011b d\u016fle\u017eit\u00e9 znovu zarovnat konce kosti a zlomeninu na n\u011bkolik t\u00fddn\u016f znehybnit, aby se kost mohla spr\u00e1vn\u011b usadit a zahojit.<sup><a href=\"https:\/\/www.exogen.com\/cs\/references\/\">43<\/a><\/sup><\/p>\n<p>Je velice d\u016fle\u017eit\u00e9 dodr\u017eovat pokyny o\u0161et\u0159uj\u00edc\u00edho l\u00e9ka\u0159e, zejm\u00e9na klid a p\u0159edch\u00e1zen\u00ed zbyte\u010dn\u00fdm pohyb\u016fm, aby tato \u010d\u00e1st procesu hojen\u00ed prob\u011bhla co nejhlad\u010deji a zlomenina se mohla spr\u00e1vn\u011b zahojit.<sup><a href=\"https:\/\/www.exogen.com\/cs\/references\/\">43<\/a><\/sup><\/p>\n<p><strong>Subakutn\u00ed bolest b\u011bhem hojen\u00ed kosti<\/strong><\/p>\n<p>Nejhor\u0161\u00ed bolest obvykle ust\u00e1v\u00e1 p\u0159ibli\u017en\u011b po jednom \u010di dvou t\u00fddnech. Pot\u00e9 se za\u010dne zlomen\u00e1 kost a okoln\u00ed m\u011bkk\u00e1 tk\u00e1\u0148 hojit. Tento proces trv\u00e1 n\u011bkolik t\u00fddn\u016f a m\u016f\u017eete b\u011bhem n\u011bj poci\u0165ovat subakutn\u00ed bolest.<sup><a href=\"https:\/\/www.exogen.com\/cs\/references\/\">43<\/a><\/sup><\/p>\n<p>Subakutn\u00ed bolest je zp\u016fsobena zejm\u00e9na nedostatkem pohybu, kter\u00fd je v\u0161ak nutn\u00fd k zahojen\u00ed kosti. Neaktivita m\u016f\u017ee v\u00e9st ke ztuhnut\u00ed m\u011bkk\u00fdch tk\u00e1n\u00ed kolem m\u00edsta poran\u011bn\u00ed a k oslaben\u00ed sval\u016f. Krom\u011b toho m\u016f\u017ee b\u011bhem hojen\u00ed zlomeniny vzniknout v m\u011bkk\u00fdch tk\u00e1n\u00edch jizva \u010di z\u00e1n\u011bt. To tak\u00e9 m\u016f\u017ee v\u00e9st k bolesti a zhor\u0161en\u00ed hybnosti.<sup><a href=\"https:\/\/www.exogen.com\/cs\/references\/\">43<\/a><\/sup><\/p>\n<p>V tomto stadiu zotavov\u00e1n\u00ed se \u010dasto doporu\u010duje fyzioterapie. Fyzioterapeuti mohou pomoci sn\u00ed\u017eit ztuhnut\u00ed tk\u00e1n\u00ed cvi\u010den\u00edm, kter\u00e9 tak\u00e9 pos\u00edl\u00ed oslaben\u00e9 svaly a zlep\u0161\u00ed rozsah pohybu. To pom\u016f\u017ee sn\u00ed\u017eit bolest a zlep\u0161it funkce t\u011bla, kter\u00e9 zran\u011bn\u00ed ovlivnilo.<sup><a href=\"https:\/\/www.exogen.com\/cs\/references\/\">43<\/a><\/sup><\/p>\n<p><strong>Chronick\u00e1 bolest po dokon\u010den\u00ed hojen\u00ed<\/strong><\/p>\n<p>Kdy\u017e utrp\u00edte zlomeninu, poran\u011bn\u00ed se nakonec zahoj\u00ed a vr\u00e1t\u00edte se do stavu, kdy ji\u017e nepoci\u0165ujete \u017e\u00e1dnou bolest. V\u0161ichni v\u0161ak nemaj\u00ed takov\u00e9 \u0161t\u011bst\u00ed. N\u011bkte\u0159\u00ed lid\u00e9 mohou poci\u0165ovat bolest i dlouho po zahojen\u00ed zlomeniny a m\u011bkk\u00fdch tk\u00e1n\u00ed. Tomu \u0159\u00edk\u00e1me chronick\u00e1 bolest.<sup><a href=\"https:\/\/www.exogen.com\/cs\/references\/\">43<\/a><\/sup><\/p>\n<p>Chronick\u00e1 bolest m\u016f\u017ee b\u00fdt zp\u016fsobena po\u0161kozen\u00edm nerv\u016f, vznikem jizevnat\u00e9 tk\u00e1n\u011b, zhor\u0161en\u00edm ji\u017e existuj\u00edc\u00ed artritidy nebo jin\u00fdmi faktory. Na\u0161t\u011bst\u00ed lze \u010dasto tento typ bolesti l\u00e9\u010dit. Typ l\u00e9\u010dby z\u00e1vis\u00ed na typu poran\u011bn\u00ed a p\u0159\u00ed\u010din\u011b chronick\u00e9 bolesti.<sup><a href=\"https:\/\/www.exogen.com\/cs\/references\/\">43<\/a><\/sup><\/p>\n<p>Nej\u010dast\u011bji pou\u017e\u00edvan\u00e9 zp\u016fsoby l\u00e9\u010dby chronick\u00e9 bolesti jsou:<sup><a href=\"https:\/\/www.exogen.com\/cs\/references\/\">43<\/a><\/sup><\/p>\n<ul>\n<li>fyzioterapie,<\/li>\n<li>cvi\u010den\u00ed,<\/li>\n<li>l\u00e9ky.<\/li>\n<\/ul>\n<p>Tyto l\u00e9\u010debn\u00e9 postupy nemus\u00ed vy\u0159e\u0161it va\u0161e bolesti, ale mohou pomoci kontrolovat a sn\u00ed\u017eit chronickou bolest. U v\u011bt\u0161iny lid\u00ed je mo\u017en\u00e9 chronickou bolest udr\u017eet pod kontrolou, tak\u017ee se mohou vr\u00e1tit k b\u011b\u017en\u00fdm \u010dinnostem, ani\u017e by je bolest omezovala.<\/p>\n<p>Pro malou \u010d\u00e1st pacient\u016f, kte\u0159\u00ed trp\u00ed p\u0159etrv\u00e1vaj\u00edc\u00ed chronickou bolest\u00ed, v\u0161ak pr\u00e1v\u011b bolest m\u016f\u017ee b\u00fdt jedn\u00edm z p\u0159\u00edznak\u016f, \u017ee se zlomen\u00e1 kost nehoj\u00ed spr\u00e1vn\u011b. Dal\u0161\u00ed p\u0159\u00edznaky mohou zahrnovat citlivost kosti, otok a bolest hluboko v kosti.<sup><a href=\"https:\/\/www.exogen.com\/cs\/references\/\">45<\/a><\/sup><\/p>\n<p>V\u011bt\u0161ina zlomen\u00fdch kost\u00ed, kter\u00e9 byly spr\u00e1vn\u011b zarovn\u00e1ny a znehybn\u011bny, se zahoj\u00ed. Zlomen\u00e9 kosti v\u0161ak pot\u0159ebuj\u00ed adekv\u00e1tn\u00ed p\u0159\u00edvod krve do poran\u011bn\u00e9ho m\u00edsta. Jak\u00e9koli onemocn\u011bn\u00ed, kter\u00e9 m\u016f\u017ee naru\u0161ovat tok krve do m\u00edsta zlomeniny, m\u016f\u017ee v\u00e9st ke zpomalen\u00ed hojen\u00ed kosti nebo zahojen\u00ed kosti zabr\u00e1nit.<sup><a href=\"https:\/\/www.exogen.com\/cs\/references\/\">45<\/a><\/sup>[\/vc_column_text][vc_custom_heading text_color=&#8220;color-nhtu&#8220; heading_semantic=&#8220;h4&#8243; text_font=&#8220;font-126816&#8243; text_size=&#8220;h4&#8243; text_weight=&#8220;700&#8243; text_height=&#8220;fontheight-143712&#8243; uncode_shortcode_id=&#8220;105779&#8243; text_color_type=&#8220;uncode-palette&#8220;]Pokud se v\u00e1m zlomenina nehoj\u00ed dostate\u010dn\u011b rychle, m\u016f\u017ee pro v\u00e1s b\u00fdt syst\u00e9m EXOGEN vhodn\u00fd[\/vc_custom_heading][vc_column_text uncode_shortcode_id=&#8220;144623&#8243; css=&#8220;.vc_custom_1748374473551{margin-top: 0px !important;}&#8220;]Jedn\u00edm z dolo\u017een\u00fdch zp\u016fsob\u016f, jak urychlit proces hojen\u00ed kosti, je ka\u017edodenn\u00ed ultrazvukov\u00e1 stimulace tk\u00e1n\u011b zlomen\u00e9 kosti. Syst\u00e9m EXOGEN je za\u0159\u00edzen\u00ed, kter\u00e9 do zlomen\u00e9 kosti vys\u00edl\u00e1 ultrazvukov\u00e9 vlny o n\u00edzk\u00e9 intenzit\u011b. Tato stimulace prokazateln\u011b pom\u00e1h\u00e1 urychlit procesy pod\u00edlej\u00edc\u00ed se na hojen\u00ed kosti.<sup>*<a href=\"https:\/\/www.exogen.com\/cs\/references\/\">37, 38<\/a><\/sup><\/p>\n<p><a href=\"https:\/\/www.exogen.com\/cs\/how-it-works\/\">Zde si p\u0159e\u010dt\u011bte v\u00edce o tom, jak stimul\u00e1tor kost\u00ed EXOGEN funguje, a zjist\u011bte, zda je pro v\u00e1s vhodn\u00fd.<\/a>[\/vc_column_text][vc_column_text text_lead=&#8220;small&#8220; uncode_shortcode_id=&#8220;779722&#8243;]*Klinick\u00fd v\u00fdznam zji\u0161t\u011bn\u00ed in vivo nen\u00ed zn\u00e1m.[\/vc_column_text][\/vc_column][\/vc_row][vc_row row_height_percent=&#8220;0&#8243; overlay_alpha=&#8220;50&#8243; gutter_size=&#8220;3&#8243; column_width_percent=&#8220;100&#8243; border_color=&#8220;color-gyho&#8220; border_style=&#8220;solid&#8220; shift_y=&#8220;0&#8243; z_index=&#8220;0&#8243; uncode_shortcode_id=&#8220;193465&#8243; css=&#8220;.vc_custom_1633696557289{margin-top: 40px !important;margin-bottom: 0px !important;border-top-width: 1px !important;}&#8220; el_id=&#8220;description_text&#8220; border_color_type=&#8220;uncode-palette&#8220;][vc_column width=&#8220;1\/1&#8243;][vc_column_text uncode_shortcode_id=&#8220;167284&#8243;]<strong>Summary of Indications for Use<\/strong><br \/>\nThe EXOGEN Ultrasound Bone Healing System is indicated for the non-invasive treatment of established nonunions* excluding skull and vertebra. The EXOGEN device has also been reported as effective as an adjunctive non-invasive treatment of established nonunions in patients:<\/p>\n<ul>\n<li>With internal or external fracture fixation hardware present. EXOGEN cannot penetrate metal and therefore should not be applied directly over hardware.<\/li>\n<li>Undergoing treatment for infection at the fracture site. EXOGEN is not intended to treat the infection.<\/li>\n<li>Believed to have diminished bone quality. EXOGEN is not intended to treat diminished bone quality.<\/li>\n<\/ul>\n<p>In addition, EXOGEN is indicated for accelerating the time to a healed fracture for fresh, closed, posteriorly displaced distal radius fractures and fresh, closed or Grade I open tibial diaphysis fractures in skeletally mature individuals when these fractures are orthopedically managed by closed reduction and cast immobilization.<\/p>\n<p>There are no known contraindications for the EXOGEN device. Safety and effectiveness have not been established for individuals lacking skeletal maturity, pregnant or nursing women, patients with cardiac pacemakers, on fractures due to bone cancer, or on patients with poor blood circulation or clotting problems. Some patients may be sensitive to the ultrasound gel.<\/p>\n<p>*A nonunion is considered to be established when the fracture site shows no visibly progressive signs of healing.<\/p>\n<p>Full prescribing information can be found in product labelling, at <a href=\"https:\/\/www.exogen.com\/\">EXOGEN.com<\/a>, or by calling Customer Service at <a href=\"tel:1-800-836-4080\"><strong>1-800-836-4080<\/strong><\/a>.[\/vc_column_text][\/vc_column][\/vc_row]<\/p>\n<\/div>","protected":false},"excerpt":{"rendered":"<p>[vc_row row_height_percent=&#8220;0&#8243; overlay_alpha=&#8220;50&#8243; gutter_size=&#8220;3&#8243; column_width_percent=&#8220;100&#8243; shift_y=&#8220;0&#8243; z_index=&#8220;0&#8243; uncode_shortcode_id=&#8220;141354&#8243; row_height_pixel=&#8220;145&#8243; back_color_type=&#8220;uncode-gradient&#8220; back_color_gradient=&#8220;{&#8222;css&#8222;:&#8222;background: linear-gradient(to bottom , rgb(211, 211, 211) , rgb(243, 240, [&hellip;]<\/p>\n","protected":false},"author":1,"featured_media":0,"parent":0,"menu_order":0,"comment_status":"closed","ping_status":"closed","template":"","meta":{"_acf_changed":false,"_five9_enable_chat":"","footnotes":""},"class_list":["post-3484","page","type-page","status-publish","hentry"],"acf":[],"yoast_head":"<!-- This site is optimized with the Yoast SEO plugin v27.3 - https:\/\/yoast.com\/product\/yoast-seo-wordpress\/ -->\n<title>Bol\u00ed zlomen\u00e1 kost p\u0159i hojen\u00ed? | EXOGEN Ultrasound Bone Healing System<\/title>\n<meta name=\"robots\" content=\"index, follow, max-snippet:-1, max-image-preview:large, max-video-preview:-1\" \/>\n<link rel=\"canonical\" href=\"https:\/\/www.exogen.com\/cs\/does-a-broken-bone-hurt-when-healing\/\" \/>\n<meta property=\"og:locale\" content=\"cs_CZ\" \/>\n<meta property=\"og:type\" content=\"article\" \/>\n<meta property=\"og:title\" content=\"Bol\u00ed zlomen\u00e1 kost p\u0159i hojen\u00ed? | EXOGEN Ultrasound Bone Healing System\" \/>\n<meta property=\"og:description\" content=\"[vc_row row_height_percent=&#8220;0&#8243; overlay_alpha=&#8220;50&#8243; gutter_size=&#8220;3&#8243; column_width_percent=&#8220;100&#8243; shift_y=&#8220;0&#8243; z_index=&#8220;0&#8243; uncode_shortcode_id=&#8220;141354&#8243; row_height_pixel=&#8220;145&#8243; back_color_type=&#8220;uncode-gradient&#8220; back_color_gradient=&#8220;{&#8222;css&#8222;:&#8222;background: linear-gradient(to bottom , rgb(211, 211, 211) , rgb(243, 240, [&hellip;]\" \/>\n<meta property=\"og:url\" content=\"https:\/\/www.exogen.com\/cs\/does-a-broken-bone-hurt-when-healing\/\" \/>\n<meta property=\"og:site_name\" content=\"EXOGEN Ultrasound Bone Healing System\" \/>\n<meta property=\"article:publisher\" content=\"https:\/\/www.facebook.com\/exogenbonehealing\/\" \/>\n<meta property=\"article:modified_time\" content=\"2025-05-27T19:36:33+00:00\" \/>\n<meta name=\"twitter:card\" content=\"summary_large_image\" \/>\n<meta name=\"twitter:label1\" content=\"Odhadovan\u00e1 doba \u010dten\u00ed\" \/>\n\t<meta name=\"twitter:data1\" content=\"5 minut\" \/>\n<script type=\"application\/ld+json\" class=\"yoast-schema-graph\">{\"@context\":\"https:\\\/\\\/schema.org\",\"@graph\":[{\"@type\":\"WebPage\",\"@id\":\"https:\\\/\\\/www.exogen.com\\\/cs\\\/does-a-broken-bone-hurt-when-healing\\\/\",\"url\":\"https:\\\/\\\/www.exogen.com\\\/cs\\\/does-a-broken-bone-hurt-when-healing\\\/\",\"name\":\"Bol\u00ed zlomen\u00e1 kost p\u0159i hojen\u00ed? | EXOGEN Ultrasound Bone Healing System\",\"isPartOf\":{\"@id\":\"https:\\\/\\\/www.exogen.com\\\/cs\\\/#website\"},\"datePublished\":\"2021-10-08T12:45:26+00:00\",\"dateModified\":\"2025-05-27T19:36:33+00:00\",\"breadcrumb\":{\"@id\":\"https:\\\/\\\/www.exogen.com\\\/cs\\\/does-a-broken-bone-hurt-when-healing\\\/#breadcrumb\"},\"inLanguage\":\"cs\",\"potentialAction\":[{\"@type\":\"ReadAction\",\"target\":[\"https:\\\/\\\/www.exogen.com\\\/cs\\\/does-a-broken-bone-hurt-when-healing\\\/\"]}]},{\"@type\":\"BreadcrumbList\",\"@id\":\"https:\\\/\\\/www.exogen.com\\\/cs\\\/does-a-broken-bone-hurt-when-healing\\\/#breadcrumb\",\"itemListElement\":[{\"@type\":\"ListItem\",\"position\":1,\"name\":\"Home\",\"item\":\"https:\\\/\\\/www.exogen.com\\\/cs\\\/\"},{\"@type\":\"ListItem\",\"position\":2,\"name\":\"Bol\u00ed zlomen\u00e1 kost p\u0159i hojen\u00ed?\"}]},{\"@type\":\"WebSite\",\"@id\":\"https:\\\/\\\/www.exogen.com\\\/cs\\\/#website\",\"url\":\"https:\\\/\\\/www.exogen.com\\\/cs\\\/\",\"name\":\"EXOGEN Ultrasound Bone Healing System\",\"description\":\"Ultrasound Bone Healing System\",\"publisher\":{\"@id\":\"https:\\\/\\\/www.exogen.com\\\/cs\\\/#organization\"},\"potentialAction\":[{\"@type\":\"SearchAction\",\"target\":{\"@type\":\"EntryPoint\",\"urlTemplate\":\"https:\\\/\\\/www.exogen.com\\\/cs\\\/?s={search_term_string}\"},\"query-input\":{\"@type\":\"PropertyValueSpecification\",\"valueRequired\":true,\"valueName\":\"search_term_string\"}}],\"inLanguage\":\"cs\"},{\"@type\":\"Organization\",\"@id\":\"https:\\\/\\\/www.exogen.com\\\/cs\\\/#organization\",\"name\":\"EXOGEN\",\"url\":\"https:\\\/\\\/www.exogen.com\\\/cs\\\/\",\"logo\":{\"@type\":\"ImageObject\",\"inLanguage\":\"cs\",\"@id\":\"https:\\\/\\\/www.exogen.com\\\/cs\\\/#\\\/schema\\\/logo\\\/image\\\/\",\"url\":\"https:\\\/\\\/www.exogen.com\\\/wp-content\\\/uploads\\\/2021\\\/10\\\/purple-logo.png\",\"contentUrl\":\"https:\\\/\\\/www.exogen.com\\\/wp-content\\\/uploads\\\/2021\\\/10\\\/purple-logo.png\",\"width\":264,\"height\":100,\"caption\":\"EXOGEN\"},\"image\":{\"@id\":\"https:\\\/\\\/www.exogen.com\\\/cs\\\/#\\\/schema\\\/logo\\\/image\\\/\"},\"sameAs\":[\"https:\\\/\\\/www.facebook.com\\\/exogenbonehealing\\\/\",\"https:\\\/\\\/www.instagram.com\\\/exogenbonehealing\\\/\",\"https:\\\/\\\/www.youtube.com\\\/channel\\\/UCP5jnVTUjZZKlr_b-mxr49w\"]}]}<\/script>\n<!-- \/ Yoast SEO plugin. -->","yoast_head_json":{"title":"Bol\u00ed zlomen\u00e1 kost p\u0159i hojen\u00ed? | EXOGEN Ultrasound Bone Healing System","robots":{"index":"index","follow":"follow","max-snippet":"max-snippet:-1","max-image-preview":"max-image-preview:large","max-video-preview":"max-video-preview:-1"},"canonical":"https:\/\/www.exogen.com\/cs\/does-a-broken-bone-hurt-when-healing\/","og_locale":"cs_CZ","og_type":"article","og_title":"Bol\u00ed zlomen\u00e1 kost p\u0159i hojen\u00ed? | EXOGEN Ultrasound Bone Healing System","og_description":"[vc_row row_height_percent=&#8220;0&#8243; overlay_alpha=&#8220;50&#8243; gutter_size=&#8220;3&#8243; column_width_percent=&#8220;100&#8243; shift_y=&#8220;0&#8243; z_index=&#8220;0&#8243; uncode_shortcode_id=&#8220;141354&#8243; row_height_pixel=&#8220;145&#8243; back_color_type=&#8220;uncode-gradient&#8220; back_color_gradient=&#8220;{&#8222;css&#8222;:&#8222;background: linear-gradient(to bottom , rgb(211, 211, 211) , rgb(243, 240, [&hellip;]","og_url":"https:\/\/www.exogen.com\/cs\/does-a-broken-bone-hurt-when-healing\/","og_site_name":"EXOGEN Ultrasound Bone Healing System","article_publisher":"https:\/\/www.facebook.com\/exogenbonehealing\/","article_modified_time":"2025-05-27T19:36:33+00:00","twitter_card":"summary_large_image","twitter_misc":{"Odhadovan\u00e1 doba \u010dten\u00ed":"5 minut"},"schema":{"@context":"https:\/\/schema.org","@graph":[{"@type":"WebPage","@id":"https:\/\/www.exogen.com\/cs\/does-a-broken-bone-hurt-when-healing\/","url":"https:\/\/www.exogen.com\/cs\/does-a-broken-bone-hurt-when-healing\/","name":"Bol\u00ed zlomen\u00e1 kost p\u0159i hojen\u00ed? | EXOGEN Ultrasound Bone Healing System","isPartOf":{"@id":"https:\/\/www.exogen.com\/cs\/#website"},"datePublished":"2021-10-08T12:45:26+00:00","dateModified":"2025-05-27T19:36:33+00:00","breadcrumb":{"@id":"https:\/\/www.exogen.com\/cs\/does-a-broken-bone-hurt-when-healing\/#breadcrumb"},"inLanguage":"cs","potentialAction":[{"@type":"ReadAction","target":["https:\/\/www.exogen.com\/cs\/does-a-broken-bone-hurt-when-healing\/"]}]},{"@type":"BreadcrumbList","@id":"https:\/\/www.exogen.com\/cs\/does-a-broken-bone-hurt-when-healing\/#breadcrumb","itemListElement":[{"@type":"ListItem","position":1,"name":"Home","item":"https:\/\/www.exogen.com\/cs\/"},{"@type":"ListItem","position":2,"name":"Bol\u00ed zlomen\u00e1 kost p\u0159i hojen\u00ed?"}]},{"@type":"WebSite","@id":"https:\/\/www.exogen.com\/cs\/#website","url":"https:\/\/www.exogen.com\/cs\/","name":"EXOGEN Ultrasound Bone Healing System","description":"Ultrasound Bone Healing System","publisher":{"@id":"https:\/\/www.exogen.com\/cs\/#organization"},"potentialAction":[{"@type":"SearchAction","target":{"@type":"EntryPoint","urlTemplate":"https:\/\/www.exogen.com\/cs\/?s={search_term_string}"},"query-input":{"@type":"PropertyValueSpecification","valueRequired":true,"valueName":"search_term_string"}}],"inLanguage":"cs"},{"@type":"Organization","@id":"https:\/\/www.exogen.com\/cs\/#organization","name":"EXOGEN","url":"https:\/\/www.exogen.com\/cs\/","logo":{"@type":"ImageObject","inLanguage":"cs","@id":"https:\/\/www.exogen.com\/cs\/#\/schema\/logo\/image\/","url":"https:\/\/www.exogen.com\/wp-content\/uploads\/2021\/10\/purple-logo.png","contentUrl":"https:\/\/www.exogen.com\/wp-content\/uploads\/2021\/10\/purple-logo.png","width":264,"height":100,"caption":"EXOGEN"},"image":{"@id":"https:\/\/www.exogen.com\/cs\/#\/schema\/logo\/image\/"},"sameAs":["https:\/\/www.facebook.com\/exogenbonehealing\/","https:\/\/www.instagram.com\/exogenbonehealing\/","https:\/\/www.youtube.com\/channel\/UCP5jnVTUjZZKlr_b-mxr49w"]}]}},"_links":{"self":[{"href":"https:\/\/www.exogen.com\/cs\/wp-json\/wp\/v2\/pages\/3484","targetHints":{"allow":["GET"]}}],"collection":[{"href":"https:\/\/www.exogen.com\/cs\/wp-json\/wp\/v2\/pages"}],"about":[{"href":"https:\/\/www.exogen.com\/cs\/wp-json\/wp\/v2\/types\/page"}],"author":[{"embeddable":true,"href":"https:\/\/www.exogen.com\/cs\/wp-json\/wp\/v2\/users\/1"}],"replies":[{"embeddable":true,"href":"https:\/\/www.exogen.com\/cs\/wp-json\/wp\/v2\/comments?post=3484"}],"version-history":[{"count":0,"href":"https:\/\/www.exogen.com\/cs\/wp-json\/wp\/v2\/pages\/3484\/revisions"}],"wp:attachment":[{"href":"https:\/\/www.exogen.com\/cs\/wp-json\/wp\/v2\/media?parent=3484"}],"curies":[{"name":"wp","href":"https:\/\/api.w.org\/{rel}","templated":true}]}}