{"id":801,"date":"2021-10-25T13:48:22","date_gmt":"2021-10-25T13:48:22","guid":{"rendered":"https:\/\/exogen.com\/what-is-a-bone-stimulator\/"},"modified":"2022-01-13T23:38:48","modified_gmt":"2022-01-13T23:38:48","slug":"what-is-a-bone-stimulator","status":"publish","type":"page","link":"https:\/\/www.exogen.com\/de\/what-is-a-bone-stimulator\/","title":{"rendered":"What is a bone stimulator?"},"content":{"rendered":"<div class=\"wpb-content-wrapper\"><p>[vc_row row_height_percent=&#8220;0&#8243; overlay_alpha=&#8220;50&#8243; gutter_size=&#8220;3&#8243; column_width_percent=&#8220;100&#8243; shift_y=&#8220;0&#8243; z_index=&#8220;0&#8243; uncode_shortcode_id=&#8220;141354&#8243; row_height_pixel=&#8220;145&#8243; back_color_type=&#8220;uncode-gradient&#8220; back_color_gradient=&#8220;{&#8222;css&#8222;:&#8222;background: linear-gradient(to bottom , rgb(211, 211, 211) , rgb(243, 240, 244) 34%);&#8222;,&#8222;sliders&#8222;:`{`{&#8222;color&#8222;:&#8222;rgb(211, 211, 211)&#8222;,&#8222;position&#8222;:0},{&#8222;color&#8222;:&#8222;rgb(243, 240, 244)&#8222;,&#8222;position&#8222;:34}`}`,&#8222;type&#8222;:&#8222;linear&#8222;,&#8222;direction&#8222;:&#8222;top&#8222;}&#8220; css=&#8220;.vc_custom_1633698520117{margin-top: 80px !important;margin-bottom: 60px !important;}&#8220;][vc_column column_width_percent=&#8220;100&#8243; position_vertical=&#8220;middle&#8220; gutter_size=&#8220;3&#8243; overlay_alpha=&#8220;50&#8243; shift_x=&#8220;0&#8243; shift_y=&#8220;0&#8243; shift_y_down=&#8220;0&#8243; z_index=&#8220;0&#8243; medium_width=&#8220;0&#8243; mobile_width=&#8220;0&#8243; width=&#8220;1\/1&#8243; uncode_shortcode_id=&#8220;697530&#8243;][vc_column_text text_color=&#8220;color-107303&#8243; uncode_shortcode_id=&#8220;121004&#8243; text_color_type=&#8220;uncode-palette&#8220; css=&#8220;.vc_custom_1640854426032{margin-top: 0px !important;margin-bottom: -30px !important;padding-top: 0px !important;padding-bottom: 0px !important;}&#8220; el_class=&#8220;top-link&#8220;]<a href=\"https:\/\/www.exogen.com\/de\/faqs\/\"><i class=\"fa fa-angle-left\"><\/i> zur\u00fcck<\/a>[\/vc_column_text][vc_custom_heading text_color=&#8220;color-121277&#8243; heading_semantic=&#8220;h1&#8243; text_font=&#8220;font-559666&#8243; text_size=&#8220;fontsize-242148&#8243; text_transform=&#8220;uppercase&#8220; text_height=&#8220;fontheight-133340&#8243; uncode_shortcode_id=&#8220;113793&#8243; text_color_type=&#8220;uncode-palette&#8220;]Was ist ein Knochenstimulator?[\/vc_custom_heading][\/vc_column][\/vc_row][vc_row row_height_percent=&#8220;0&#8243; overlay_alpha=&#8220;50&#8243; gutter_size=&#8220;3&#8243; column_width_percent=&#8220;100&#8243; shift_y=&#8220;0&#8243; z_index=&#8220;0&#8243; uncode_shortcode_id=&#8220;169022&#8243; css=&#8220;.vc_custom_1633699476839{margin-bottom: 40px !important;}&#8220;][vc_column width=&#8220;1\/1&#8243;][vc_column_text uncode_shortcode_id=&#8220;443431&#8243; css=&#8220;.vc_custom_1642007529635{margin-top: 0px !important;}&#8220; el_class=&#8220;faq-page-content&#8220;]Menschlicher Knochen ist lebendes Gewebe und besitzt daher die F\u00e4higkeit, sich bei einer Verletzung oder einem Bruch selbst zu heilen. W\u00e4hrend des Heilungsprozesses l\u00e4uft eine Reihe komplexer Reaktionen auf Molekularebene ab.<sup><a href=\"\/de\/references\/\">44<\/a><\/sup><\/p>\n<p>Knochenstimulatoren f\u00f6rdern die Knochenheilung, indem sie diesen Aspekt des k\u00f6rpereigenen Heilungsprozesses nachahmen.<sup><a href=\"\/de\/references\/\">44<\/a><\/sup> Die von diesen Ger\u00e4ten abgegebene Energie l\u00f6st eine Kaskade komplexer molekularer Reaktionen aus, die w\u00e4hrend der Knochenheilung auftreten, und verleiht so dem Heilungsprozess einen Schub.<sup><a href=\"\/de\/references\/\">44<\/a><\/sup><\/p>\n<p>Zur Erzeugung der Energie, die Knochenstimulatoren an einen gebrochenen Knochen abgeben, werden verschiedene Technologien genutzt. Hierzu geh\u00f6ren Gleichspannung, kapazitative Kopplung, gepulste elektromagnetische Felder und niedrigdosierter gepulster Ultraschall.<sup><a href=\"\/de\/references\/\">45<\/a><\/sup> Am h\u00e4ufigsten werden Stimulatoren eingesetzt, die mit elektrischem Strom bzw. Ultraschall arbeiten.<sup><a href=\"\/de\/references\/\">45<\/a><\/sup><\/p>\n<p>Knochenstimulatoren sind in verschiedenen Formen und Gr\u00f6\u00dfen erh\u00e4ltlich. In den meisten F\u00e4llen wird ein kleiner Batterieblock als Energiequelle verwendet. Knochenstimulatoren werden gew\u00f6hnlich an der Bruchstelle befestigt und t\u00e4glich f\u00fcr einen bestimmten Zeitraum getragen, von einigen Minuten bis hin zu Stunden.<sup><a href=\"\/de\/references\/\">44<\/a><\/sup><\/p>\n<p><strong>Frakturen mit Pseudarthrose<\/strong><\/p>\n<p>Knochenstimulatoren werden genutzt, um die Heilung von akuten oder frischen Frakturen sowie von Frakturen mit Pseudarthrose zu f\u00f6rdern.<sup><a href=\"\/de\/references\/\">44<\/a><\/sup> Derartige Frakturen k\u00f6nnen aufgrund von Komplikationen entstehen, etwa durch Entz\u00fcndungen an der Bruchstelle oder eine beeintr\u00e4chtigte Durchblutung des Knochengewebes. Wenn Patienten unter Diabetes leiden oder rauchen, kann dies den Blutfluss zum gebrochenen Knochen verringern.<sup><a href=\"\/de\/references\/\">8,10,41<\/a><\/sup> Auch ein fehlerhaftes Einrichten der gebrochenen Knochenenden oder eine mangelhafte Fixierung w\u00e4hrend des Heilungsprozesses k\u00f6nnen Ursachen von Pseudarthrosen sein.<sup><a href=\"\/de\/references\/\">41<\/a><\/sup><\/p>\n<p><strong>Wirksamkeit der Ultraschall-Knochenstimulation<\/strong><\/p>\n<p>Pr\u00e4klinische Studien an Labortieren kamen zu dem Ergebnis, dass niedrigdosierter gepulster Ultraschall eine Reihe von molekularen Reaktionen anregt, die an der Knochenheilung beteiligt sind.<sup><a href=\"\/de\/references\/\">*\u202033,34,46,47<\/a><\/sup> Die klinische Forschung an Patienten mit Knochenfrakturen hat weitere Unterst\u00fctzung f\u00fcr die Wirksamkeit der Ultraschall-Knochenstimulation erbracht; bestimmte frische Frakturen heilten um 38 % rascher, und 86 % der festgestellten Pseudarthrosen heilten mithilfe der Ultraschall-Knochenstimulation.<sup><a href=\"\/de\/references\/\">1-3<\/a><\/sup><\/p>\n<p><strong>EXOGEN Ultraschall-Knochenheilungssystem<\/strong><\/p>\n<p>EXOGEN stimuliert den Knochen mittels gepulstem Ultraschall. Das Ger\u00e4t gibt sichere, niedrigdosierte Ultraschallwellen ab, um den nat\u00fcrlichen Knochenheilungsprozess auszul\u00f6sen. Bei t\u00e4glicher Anwendung f\u00f6rdert EXOGEN die nat\u00fcrliche Knochenheilung auf dreifache Weise:<\/p>\n<p><strong>1. Stimulation*<sup><a href=\"\/de\/references\/\">32<\/a><\/sup><\/strong><br \/>\nEXOGEN sendet Ultraschallwellen durch die Haut und erzeugt eine Bewegung, die die Zellen des K\u00f6rpers anregt.<\/p>\n<p><strong>2. Aktivierung*<sup><a href=\"\/de\/references\/\">33<\/a><\/sup><\/strong><br \/>\nDer Ultraschall von EXOGEN aktiviert Zellen in Ihrem K\u00f6rper.<\/p>\n<p><strong>3. Hochregulierung*<sup><a href=\"\/de\/references\/\">34<\/a><\/sup><\/strong><br \/>\nDie Ultraschallwellen von EXOGEN steigern die Hochregulierung; sie regen Faktoren an, die den Genesungskr\u00e4ften des K\u00f6rpers einen Schub verleihen, damit Ihr Knochenbruch heilen kann.<\/p>\n<p>Lesen Sie mehr \u00fcber die Funktionsweise des EXOGEN Knochenstimulators und finden Sie heraus, ob er f\u00fcr Sie geeignet ist![\/vc_column_text][\/vc_column][\/vc_row][vc_row][vc_column width=&#8220;1\/1&#8243;][vc_column_text text_lead=&#8220;small&#8220; uncode_shortcode_id=&#8220;172545&#8243; css=&#8220;.vc_custom_1642007545096{margin-top: 20px !important;}&#8220;]*Die klinische Bedeutung dieser Ergebnisse ist nicht bekannt.<\/p>\n<p><sup>\u2020<\/sup>\u00a0<sup>\u2020<\/sup>Please see full prescribing information at www.exogen.com or by calling Bioventus Customer Service.[\/vc_column_text][\/vc_column][\/vc_row]<\/p>\n<\/div>","protected":false},"excerpt":{"rendered":"<p>[vc_row row_height_percent=&#8220;0&#8243; overlay_alpha=&#8220;50&#8243; gutter_size=&#8220;3&#8243; column_width_percent=&#8220;100&#8243; shift_y=&#8220;0&#8243; z_index=&#8220;0&#8243; uncode_shortcode_id=&#8220;141354&#8243; row_height_pixel=&#8220;145&#8243; back_color_type=&#8220;uncode-gradient&#8220; back_color_gradient=&#8220;{&#8222;css&#8222;:&#8222;background: linear-gradient(to bottom , rgb(211, 211, 211) , rgb(243, 240, [&hellip;]<\/p>\n","protected":false},"author":1,"featured_media":0,"parent":0,"menu_order":0,"comment_status":"closed","ping_status":"closed","template":"","meta":{"_acf_changed":false,"_five9_enable_chat":"","footnotes":""},"class_list":["post-801","page","type-page","status-publish","hentry"],"acf":[],"yoast_head":"<!-- This site is optimized with the Yoast SEO plugin v27.3 - https:\/\/yoast.com\/product\/yoast-seo-wordpress\/ -->\n<title>Was ist ein Knochenstimulator? - EXOGEN Knochenheilungs-Ultraschallsystem<\/title>\n<meta name=\"robots\" content=\"index, follow, max-snippet:-1, max-image-preview:large, max-video-preview:-1\" \/>\n<link rel=\"canonical\" href=\"https:\/\/www.exogen.com\/de\/what-is-a-bone-stimulator\/\" \/>\n<meta property=\"og:locale\" content=\"de_DE\" \/>\n<meta property=\"og:type\" content=\"article\" \/>\n<meta property=\"og:title\" content=\"Was ist ein Knochenstimulator? - EXOGEN Knochenheilungs-Ultraschallsystem\" \/>\n<meta property=\"og:description\" content=\"[vc_row row_height_percent=&#8220;0&#8243; overlay_alpha=&#8220;50&#8243; gutter_size=&#8220;3&#8243; column_width_percent=&#8220;100&#8243; shift_y=&#8220;0&#8243; z_index=&#8220;0&#8243; uncode_shortcode_id=&#8220;141354&#8243; row_height_pixel=&#8220;145&#8243; back_color_type=&#8220;uncode-gradient&#8220; back_color_gradient=&#8220;{&#8222;css&#8222;:&#8222;background: linear-gradient(to bottom , rgb(211, 211, 211) , rgb(243, 240, [&hellip;]\" \/>\n<meta property=\"og:url\" content=\"https:\/\/www.exogen.com\/de\/what-is-a-bone-stimulator\/\" \/>\n<meta property=\"og:site_name\" content=\"EXOGEN Ultrasound Bone Healing System\" \/>\n<meta property=\"article:publisher\" content=\"https:\/\/www.facebook.com\/exogenbonehealing\/\" \/>\n<meta property=\"article:modified_time\" content=\"2022-01-13T23:38:48+00:00\" \/>\n<meta name=\"twitter:card\" content=\"summary_large_image\" \/>\n<meta name=\"twitter:label1\" content=\"Gesch\u00e4tzte Lesezeit\" \/>\n\t<meta name=\"twitter:data1\" content=\"3 Minuten\" \/>\n<script type=\"application\/ld+json\" class=\"yoast-schema-graph\">{\"@context\":\"https:\\\/\\\/schema.org\",\"@graph\":[{\"@type\":\"WebPage\",\"@id\":\"https:\\\/\\\/www.exogen.com\\\/de\\\/what-is-a-bone-stimulator\\\/\",\"url\":\"https:\\\/\\\/www.exogen.com\\\/de\\\/what-is-a-bone-stimulator\\\/\",\"name\":\"Was ist ein Knochenstimulator? - EXOGEN Knochenheilungs-Ultraschallsystem\",\"isPartOf\":{\"@id\":\"https:\\\/\\\/www.exogen.com\\\/de\\\/#website\"},\"datePublished\":\"2021-10-25T13:48:22+00:00\",\"dateModified\":\"2022-01-13T23:38:48+00:00\",\"breadcrumb\":{\"@id\":\"https:\\\/\\\/www.exogen.com\\\/de\\\/what-is-a-bone-stimulator\\\/#breadcrumb\"},\"inLanguage\":\"de-DE\",\"potentialAction\":[{\"@type\":\"ReadAction\",\"target\":[\"https:\\\/\\\/www.exogen.com\\\/de\\\/what-is-a-bone-stimulator\\\/\"]}]},{\"@type\":\"BreadcrumbList\",\"@id\":\"https:\\\/\\\/www.exogen.com\\\/de\\\/what-is-a-bone-stimulator\\\/#breadcrumb\",\"itemListElement\":[{\"@type\":\"ListItem\",\"position\":1,\"name\":\"Home\",\"item\":\"https:\\\/\\\/www.exogen.com\\\/de\\\/\"},{\"@type\":\"ListItem\",\"position\":2,\"name\":\"What is a bone stimulator?\"}]},{\"@type\":\"WebSite\",\"@id\":\"https:\\\/\\\/www.exogen.com\\\/de\\\/#website\",\"url\":\"https:\\\/\\\/www.exogen.com\\\/de\\\/\",\"name\":\"EXOGEN Ultrasound Bone Healing System\",\"description\":\"Ultrasound Bone Healing System\",\"publisher\":{\"@id\":\"https:\\\/\\\/www.exogen.com\\\/de\\\/#organization\"},\"potentialAction\":[{\"@type\":\"SearchAction\",\"target\":{\"@type\":\"EntryPoint\",\"urlTemplate\":\"https:\\\/\\\/www.exogen.com\\\/de\\\/?s={search_term_string}\"},\"query-input\":{\"@type\":\"PropertyValueSpecification\",\"valueRequired\":true,\"valueName\":\"search_term_string\"}}],\"inLanguage\":\"de-DE\"},{\"@type\":\"Organization\",\"@id\":\"https:\\\/\\\/www.exogen.com\\\/de\\\/#organization\",\"name\":\"EXOGEN\",\"url\":\"https:\\\/\\\/www.exogen.com\\\/de\\\/\",\"logo\":{\"@type\":\"ImageObject\",\"inLanguage\":\"de-DE\",\"@id\":\"https:\\\/\\\/www.exogen.com\\\/de\\\/#\\\/schema\\\/logo\\\/image\\\/\",\"url\":\"https:\\\/\\\/www.exogen.com\\\/wp-content\\\/uploads\\\/2021\\\/10\\\/purple-logo.png\",\"contentUrl\":\"https:\\\/\\\/www.exogen.com\\\/wp-content\\\/uploads\\\/2021\\\/10\\\/purple-logo.png\",\"width\":264,\"height\":100,\"caption\":\"EXOGEN\"},\"image\":{\"@id\":\"https:\\\/\\\/www.exogen.com\\\/de\\\/#\\\/schema\\\/logo\\\/image\\\/\"},\"sameAs\":[\"https:\\\/\\\/www.facebook.com\\\/exogenbonehealing\\\/\",\"https:\\\/\\\/www.instagram.com\\\/exogenbonehealing\\\/\",\"https:\\\/\\\/www.youtube.com\\\/channel\\\/UCP5jnVTUjZZKlr_b-mxr49w\"]}]}<\/script>\n<!-- \/ Yoast SEO plugin. -->","yoast_head_json":{"title":"Was ist ein Knochenstimulator? - EXOGEN Knochenheilungs-Ultraschallsystem","robots":{"index":"index","follow":"follow","max-snippet":"max-snippet:-1","max-image-preview":"max-image-preview:large","max-video-preview":"max-video-preview:-1"},"canonical":"https:\/\/www.exogen.com\/de\/what-is-a-bone-stimulator\/","og_locale":"de_DE","og_type":"article","og_title":"Was ist ein Knochenstimulator? - EXOGEN Knochenheilungs-Ultraschallsystem","og_description":"[vc_row row_height_percent=&#8220;0&#8243; overlay_alpha=&#8220;50&#8243; gutter_size=&#8220;3&#8243; column_width_percent=&#8220;100&#8243; shift_y=&#8220;0&#8243; z_index=&#8220;0&#8243; uncode_shortcode_id=&#8220;141354&#8243; row_height_pixel=&#8220;145&#8243; back_color_type=&#8220;uncode-gradient&#8220; back_color_gradient=&#8220;{&#8222;css&#8222;:&#8222;background: linear-gradient(to bottom , rgb(211, 211, 211) , rgb(243, 240, [&hellip;]","og_url":"https:\/\/www.exogen.com\/de\/what-is-a-bone-stimulator\/","og_site_name":"EXOGEN Ultrasound Bone Healing System","article_publisher":"https:\/\/www.facebook.com\/exogenbonehealing\/","article_modified_time":"2022-01-13T23:38:48+00:00","twitter_card":"summary_large_image","twitter_misc":{"Gesch\u00e4tzte Lesezeit":"3 Minuten"},"schema":{"@context":"https:\/\/schema.org","@graph":[{"@type":"WebPage","@id":"https:\/\/www.exogen.com\/de\/what-is-a-bone-stimulator\/","url":"https:\/\/www.exogen.com\/de\/what-is-a-bone-stimulator\/","name":"Was ist ein Knochenstimulator? - EXOGEN Knochenheilungs-Ultraschallsystem","isPartOf":{"@id":"https:\/\/www.exogen.com\/de\/#website"},"datePublished":"2021-10-25T13:48:22+00:00","dateModified":"2022-01-13T23:38:48+00:00","breadcrumb":{"@id":"https:\/\/www.exogen.com\/de\/what-is-a-bone-stimulator\/#breadcrumb"},"inLanguage":"de-DE","potentialAction":[{"@type":"ReadAction","target":["https:\/\/www.exogen.com\/de\/what-is-a-bone-stimulator\/"]}]},{"@type":"BreadcrumbList","@id":"https:\/\/www.exogen.com\/de\/what-is-a-bone-stimulator\/#breadcrumb","itemListElement":[{"@type":"ListItem","position":1,"name":"Home","item":"https:\/\/www.exogen.com\/de\/"},{"@type":"ListItem","position":2,"name":"What is a bone stimulator?"}]},{"@type":"WebSite","@id":"https:\/\/www.exogen.com\/de\/#website","url":"https:\/\/www.exogen.com\/de\/","name":"EXOGEN Ultrasound Bone Healing System","description":"Ultrasound Bone Healing System","publisher":{"@id":"https:\/\/www.exogen.com\/de\/#organization"},"potentialAction":[{"@type":"SearchAction","target":{"@type":"EntryPoint","urlTemplate":"https:\/\/www.exogen.com\/de\/?s={search_term_string}"},"query-input":{"@type":"PropertyValueSpecification","valueRequired":true,"valueName":"search_term_string"}}],"inLanguage":"de-DE"},{"@type":"Organization","@id":"https:\/\/www.exogen.com\/de\/#organization","name":"EXOGEN","url":"https:\/\/www.exogen.com\/de\/","logo":{"@type":"ImageObject","inLanguage":"de-DE","@id":"https:\/\/www.exogen.com\/de\/#\/schema\/logo\/image\/","url":"https:\/\/www.exogen.com\/wp-content\/uploads\/2021\/10\/purple-logo.png","contentUrl":"https:\/\/www.exogen.com\/wp-content\/uploads\/2021\/10\/purple-logo.png","width":264,"height":100,"caption":"EXOGEN"},"image":{"@id":"https:\/\/www.exogen.com\/de\/#\/schema\/logo\/image\/"},"sameAs":["https:\/\/www.facebook.com\/exogenbonehealing\/","https:\/\/www.instagram.com\/exogenbonehealing\/","https:\/\/www.youtube.com\/channel\/UCP5jnVTUjZZKlr_b-mxr49w"]}]}},"_links":{"self":[{"href":"https:\/\/www.exogen.com\/de\/wp-json\/wp\/v2\/pages\/801","targetHints":{"allow":["GET"]}}],"collection":[{"href":"https:\/\/www.exogen.com\/de\/wp-json\/wp\/v2\/pages"}],"about":[{"href":"https:\/\/www.exogen.com\/de\/wp-json\/wp\/v2\/types\/page"}],"author":[{"embeddable":true,"href":"https:\/\/www.exogen.com\/de\/wp-json\/wp\/v2\/users\/1"}],"replies":[{"embeddable":true,"href":"https:\/\/www.exogen.com\/de\/wp-json\/wp\/v2\/comments?post=801"}],"version-history":[{"count":0,"href":"https:\/\/www.exogen.com\/de\/wp-json\/wp\/v2\/pages\/801\/revisions"}],"wp:attachment":[{"href":"https:\/\/www.exogen.com\/de\/wp-json\/wp\/v2\/media?parent=801"}],"curies":[{"name":"wp","href":"https:\/\/api.w.org\/{rel}","templated":true}]}}