{"id":803,"date":"2021-10-25T13:32:42","date_gmt":"2021-10-25T13:32:42","guid":{"rendered":"https:\/\/exogen.com\/are-there-ways-to-speed-up-bone-healing\/"},"modified":"2022-01-13T23:30:07","modified_gmt":"2022-01-13T23:30:07","slug":"are-there-ways-to-speed-up-bone-healing","status":"publish","type":"page","link":"https:\/\/www.exogen.com\/de\/are-there-ways-to-speed-up-bone-healing\/","title":{"rendered":"Are There Ways to Speed Up Bone Healing?"},"content":{"rendered":"<div class=\"wpb-content-wrapper\"><p>[vc_row row_height_percent=&#8220;0&#8243; overlay_alpha=&#8220;50&#8243; gutter_size=&#8220;3&#8243; column_width_percent=&#8220;100&#8243; shift_y=&#8220;0&#8243; z_index=&#8220;0&#8243; uncode_shortcode_id=&#8220;141354&#8243; row_height_pixel=&#8220;145&#8243; back_color_type=&#8220;uncode-gradient&#8220; back_color_gradient=&#8220;{&#8222;css&#8222;:&#8222;background: linear-gradient(to bottom , rgb(211, 211, 211) , rgb(243, 240, 244) 34%);&#8222;,&#8222;sliders&#8222;:`{`{&#8222;color&#8222;:&#8222;rgb(211, 211, 211)&#8222;,&#8222;position&#8222;:0},{&#8222;color&#8222;:&#8222;rgb(243, 240, 244)&#8222;,&#8222;position&#8222;:34}`}`,&#8222;type&#8222;:&#8222;linear&#8222;,&#8222;direction&#8222;:&#8222;top&#8222;}&#8220; css=&#8220;.vc_custom_1633698520117{margin-top: 80px !important;margin-bottom: 60px !important;}&#8220;][vc_column column_width_percent=&#8220;100&#8243; position_vertical=&#8220;middle&#8220; gutter_size=&#8220;3&#8243; overlay_alpha=&#8220;50&#8243; shift_x=&#8220;0&#8243; shift_y=&#8220;0&#8243; shift_y_down=&#8220;0&#8243; z_index=&#8220;0&#8243; medium_width=&#8220;0&#8243; mobile_width=&#8220;0&#8243; width=&#8220;1\/1&#8243; uncode_shortcode_id=&#8220;697530&#8243;][vc_column_text text_color=&#8220;color-107303&#8243; uncode_shortcode_id=&#8220;913308&#8243; text_color_type=&#8220;uncode-palette&#8220; css=&#8220;.vc_custom_1639485653654{margin-top: 0px !important;margin-bottom: -30px !important;padding-top: 0px !important;padding-bottom: 0px !important;}&#8220; el_class=&#8220;top-link&#8220;]<a href=\"https:\/\/www.exogen.com\/de\/faqs\/\"><i class=\"fa fa-angle-left\"><\/i> Zur\u00fcck<\/a>[\/vc_column_text][vc_custom_heading text_color=&#8220;color-121277&#8243; heading_semantic=&#8220;h1&#8243; text_font=&#8220;font-559666&#8243; text_size=&#8220;fontsize-242148&#8243; text_transform=&#8220;uppercase&#8220; text_height=&#8220;fontheight-133340&#8243; uncode_shortcode_id=&#8220;110931&#8243; text_color_type=&#8220;uncode-palette&#8220;]Gibt es M\u00f6glichkeiten, die Knochenheilung zu beschleunigen?[\/vc_custom_heading][\/vc_column][\/vc_row][vc_row row_height_percent=&#8220;0&#8243; overlay_alpha=&#8220;50&#8243; gutter_size=&#8220;3&#8243; column_width_percent=&#8220;100&#8243; shift_y=&#8220;0&#8243; z_index=&#8220;0&#8243; uncode_shortcode_id=&#8220;169022&#8243; css=&#8220;.vc_custom_1633699476839{margin-bottom: 40px !important;}&#8220;][vc_column width=&#8220;1\/1&#8243;][vc_column_text uncode_shortcode_id=&#8220;152382&#8243; css=&#8220;.vc_custom_1639485947436{margin-bottom: 15px !important;}&#8220;]Es gibt mehrere Methoden, mit denen Sie den Prozess der Knochenheilung vorantreiben k\u00f6nnen. Sehen wir uns also an, mit welchen Mitteln Sie den Heilungsprozess auf Touren bringen.[\/vc_column_text][vc_column_text uncode_shortcode_id=&#8220;488707&#8243; css=&#8220;.vc_custom_1642007251455{margin-top: 0px !important;}&#8220; el_class=&#8220;faq-page-content&#8220;]<strong>Bewegung, nicht rauchen<\/strong><\/p>\n<p>Sobald Sie die \u00e4rztliche Erlaubnis haben, den gebrochenen Bereich oder die gebrochene Extremit\u00e4t wieder mit Ihrem K\u00f6rpergewicht zu belasten, steht sportlicher Bet\u00e4tigung nichts mehr im Wege. Bewegung verbessert die Durchblutung der verletzten Stelle. Au\u00dferdem tr\u00e4gt Sport dazu bei, die Muskulatur rund um die Verletzung wieder aufzubauen. Beachten Sie stets die \u00e4rztlichen Anweisungen zu Ruhe und k\u00f6rperlicher Bet\u00e4tigung, um Heilungsschwierigkeiten zu vermeiden.<sup><a href=\"https:\/\/www.exogen.com\/de\/references\/\">47<\/a><\/sup><\/p>\n<p>Wenn Sie w\u00e4hrend des Heilungsprozesses rauchen, kann dies die Knochenheilung verlangsamen.<sup><a href=\"https:\/\/www.exogen.com\/de\/references\/\">10,47<\/a><\/sup><\/p>\n<p><strong>Professionelle Behandlungsmethoden f\u00fcr eine raschere Knochenheilung<\/strong><br \/>\nIn der letzten Phase Ihres Weges hin zu einer vollst\u00e4ndigen Wiederherstellung wird h\u00e4ufig Physiotherapie empfohlen.<\/p>\n<p><strong>Physiotherapie <\/strong><br \/>\nPhysiotherapie ist in vielerlei Hinsicht hilfreich; am wichtigsten sind jedoch die folgenden Punkte:<sup><a href=\"https:\/\/www.exogen.com\/de\/references\/\">43<\/a><\/sup><\/p>\n<ul>\n<li>Reduziert Steifigkeit<\/li>\n<li>St\u00e4rkt geschw\u00e4chte Muskeln<\/li>\n<li>Erweitert den Bewegungsumfang<\/li>\n<li>Reduziert Schmerzen<\/li>\n<li>Verbessert die von der Fraktur betroffene K\u00f6rperfunktion<\/li>\n<\/ul>\n<p>Die \u00dcbungen, die Sie mit physiotherapeutischer Unterst\u00fctzung ausf\u00fchren, k\u00f6nnen alle diese vorteilhaften Wirkungen haben.<\/p>\n<p><strong>Knochenstimulatoren wie beispielsweise EXOGEN<br \/>\n<\/strong>Manche Frakturen heilen nur in einem frustrierend langsamen Tempo von selbst. Eine Option zur F\u00f6rderung einer rascheren Knochenheilung ist das EXOGEN Ultraschall-Knochenheilungssystem. Es verwendet sichere, niedrigdosierte Ultraschallwellen, um den nat\u00fcrlichen Knochenheilungsprozess zu verst\u00e4rken.<br \/>\nIn klinischen Studien verk\u00fcrzte das EXOGEN Ultraschall-Knochenheilungssystem bei bestimmten Knochenfrakturen die Heilungsdauer um 38 % und f\u00f6rderte die Knochenheilung bei 86 % aller Pseudarthrosen<sup><a href=\"https:\/\/www.exogen.com\/de\/references\/\">*1-3<\/a><\/sup><\/p>\n<p>Bei t\u00e4glicher Anwendung verst\u00e4rkt EXOGEN die nat\u00fcrliche Knochenheilung auf dreifache Weise:<sup>\u2020<\/sup><\/p>\n<p><strong>1. Stimulation<sup><a href=\"https:\/\/www.exogen.com\/de\/references\/\">32<\/a><\/sup><\/strong><br \/>\nEXOGEN sendet Ultraschallwellen durch die Haut und erzeugt eine Bewegung, die die Zellen des K\u00f6rpers anregt.<\/p>\n<p><strong>2. Aktivierung<sup><a href=\"https:\/\/www.exogen.com\/de\/references\/\">33<\/a><\/sup><\/strong><br \/>\nDer Ultraschall von EXOGEN aktiviert Zellen in Ihrem K\u00f6rper.<\/p>\n<p><strong>3. Hochregulierung<sup><a href=\"https:\/\/www.exogen.com\/de\/references\/\">34<\/a><\/sup><\/strong><br \/>\nDie Ultraschallwellen von EXOGEN steigern die Hochregulierung; sie regen Faktoren an, die den Genesungskr\u00e4ften des K\u00f6rpers einen Schub verleihen, damit Ihr Knochenbruch heilen kann.[\/vc_column_text][vc_column_text uncode_shortcode_id=&#8220;648505&#8243; css=&#8220;.vc_custom_1639486838170{margin-top: 20px !important;}&#8220;]<a href=\"https:\/\/www.exogen.com\/de\/is-exogen-right-for-me\/\">Lesen Sie mehr \u00fcber die Funktionsweise des EXOGEN Knochenstimulators und finden Sie heraus, ob er f\u00fcr Sie geeignet ist!<\/a>[\/vc_column_text][\/vc_column][\/vc_row][vc_row row_height_percent=&#8220;0&#8243; overlay_alpha=&#8220;50&#8243; gutter_size=&#8220;3&#8243; column_width_percent=&#8220;100&#8243; border_color=&#8220;color-gyho&#8220; border_style=&#8220;solid&#8220; shift_y=&#8220;0&#8243; z_index=&#8220;0&#8243; uncode_shortcode_id=&#8220;208682&#8243; css=&#8220;.vc_custom_1642007121342{margin-top: 40px !important;margin-bottom: 0px !important;border-top-width: 1px !important;}&#8220; border_color_type=&#8220;uncode-palette&#8220;][vc_column width=&#8220;1\/1&#8243;][vc_column_text text_lead=&#8220;small&#8220; uncode_shortcode_id=&#8220;809130&#8243; css=&#8220;.vc_custom_1642007129123{margin-top: 20px !important;}&#8220;]*In diesen Studien wurden keine schweren Komplikationen oder unerw\u00fcnschte Auswirkungen berichtet.<br \/>\n<sup>\u2020<\/sup>Die In-vitro-Leistung gibt m\u00f6glicherweise keinen Aufschluss \u00fcber die Wirkung beim Menschen.[\/vc_column_text][\/vc_column][\/vc_row]<\/p>\n<\/div>","protected":false},"excerpt":{"rendered":"<p>[vc_row row_height_percent=&#8220;0&#8243; overlay_alpha=&#8220;50&#8243; gutter_size=&#8220;3&#8243; column_width_percent=&#8220;100&#8243; shift_y=&#8220;0&#8243; z_index=&#8220;0&#8243; uncode_shortcode_id=&#8220;141354&#8243; row_height_pixel=&#8220;145&#8243; back_color_type=&#8220;uncode-gradient&#8220; back_color_gradient=&#8220;{&#8222;css&#8222;:&#8222;background: linear-gradient(to bottom , rgb(211, 211, 211) , rgb(243, 240, [&hellip;]<\/p>\n","protected":false},"author":1,"featured_media":0,"parent":0,"menu_order":0,"comment_status":"closed","ping_status":"closed","template":"","meta":{"_acf_changed":false,"_five9_enable_chat":"","footnotes":""},"class_list":["post-803","page","type-page","status-publish","hentry"],"acf":[],"yoast_head":"<!-- This site is optimized with the Yoast SEO plugin v27.3 - https:\/\/yoast.com\/product\/yoast-seo-wordpress\/ -->\n<title>Gibt es M\u00f6glichkeiten, die Knochenheilung zu beschleunigen? - EXOGEN Knochenheilungs-Ultraschallsystem<\/title>\n<meta name=\"robots\" content=\"index, follow, max-snippet:-1, max-image-preview:large, max-video-preview:-1\" \/>\n<link rel=\"canonical\" href=\"https:\/\/www.exogen.com\/de\/are-there-ways-to-speed-up-bone-healing\/\" \/>\n<meta property=\"og:locale\" content=\"de_DE\" \/>\n<meta property=\"og:type\" content=\"article\" \/>\n<meta property=\"og:title\" content=\"Gibt es M\u00f6glichkeiten, die Knochenheilung zu beschleunigen? - EXOGEN Knochenheilungs-Ultraschallsystem\" \/>\n<meta property=\"og:description\" content=\"[vc_row row_height_percent=&#8220;0&#8243; overlay_alpha=&#8220;50&#8243; gutter_size=&#8220;3&#8243; column_width_percent=&#8220;100&#8243; shift_y=&#8220;0&#8243; z_index=&#8220;0&#8243; uncode_shortcode_id=&#8220;141354&#8243; row_height_pixel=&#8220;145&#8243; back_color_type=&#8220;uncode-gradient&#8220; back_color_gradient=&#8220;{&#8222;css&#8222;:&#8222;background: linear-gradient(to bottom , rgb(211, 211, 211) , rgb(243, 240, [&hellip;]\" \/>\n<meta property=\"og:url\" content=\"https:\/\/www.exogen.com\/de\/are-there-ways-to-speed-up-bone-healing\/\" \/>\n<meta property=\"og:site_name\" content=\"EXOGEN Ultrasound Bone Healing System\" \/>\n<meta property=\"article:publisher\" content=\"https:\/\/www.facebook.com\/exogenbonehealing\/\" \/>\n<meta property=\"article:modified_time\" content=\"2022-01-13T23:30:07+00:00\" \/>\n<meta name=\"twitter:card\" content=\"summary_large_image\" \/>\n<meta name=\"twitter:label1\" content=\"Gesch\u00e4tzte Lesezeit\" \/>\n\t<meta name=\"twitter:data1\" content=\"3 Minuten\" \/>\n<script type=\"application\/ld+json\" class=\"yoast-schema-graph\">{\"@context\":\"https:\\\/\\\/schema.org\",\"@graph\":[{\"@type\":\"WebPage\",\"@id\":\"https:\\\/\\\/www.exogen.com\\\/de\\\/are-there-ways-to-speed-up-bone-healing\\\/\",\"url\":\"https:\\\/\\\/www.exogen.com\\\/de\\\/are-there-ways-to-speed-up-bone-healing\\\/\",\"name\":\"Gibt es M\u00f6glichkeiten, die Knochenheilung zu beschleunigen? - EXOGEN Knochenheilungs-Ultraschallsystem\",\"isPartOf\":{\"@id\":\"https:\\\/\\\/www.exogen.com\\\/de\\\/#website\"},\"datePublished\":\"2021-10-25T13:32:42+00:00\",\"dateModified\":\"2022-01-13T23:30:07+00:00\",\"breadcrumb\":{\"@id\":\"https:\\\/\\\/www.exogen.com\\\/de\\\/are-there-ways-to-speed-up-bone-healing\\\/#breadcrumb\"},\"inLanguage\":\"de-DE\",\"potentialAction\":[{\"@type\":\"ReadAction\",\"target\":[\"https:\\\/\\\/www.exogen.com\\\/de\\\/are-there-ways-to-speed-up-bone-healing\\\/\"]}]},{\"@type\":\"BreadcrumbList\",\"@id\":\"https:\\\/\\\/www.exogen.com\\\/de\\\/are-there-ways-to-speed-up-bone-healing\\\/#breadcrumb\",\"itemListElement\":[{\"@type\":\"ListItem\",\"position\":1,\"name\":\"Home\",\"item\":\"https:\\\/\\\/www.exogen.com\\\/de\\\/\"},{\"@type\":\"ListItem\",\"position\":2,\"name\":\"Are There Ways to Speed Up Bone Healing?\"}]},{\"@type\":\"WebSite\",\"@id\":\"https:\\\/\\\/www.exogen.com\\\/de\\\/#website\",\"url\":\"https:\\\/\\\/www.exogen.com\\\/de\\\/\",\"name\":\"EXOGEN Ultrasound Bone Healing System\",\"description\":\"Ultrasound Bone Healing System\",\"publisher\":{\"@id\":\"https:\\\/\\\/www.exogen.com\\\/de\\\/#organization\"},\"potentialAction\":[{\"@type\":\"SearchAction\",\"target\":{\"@type\":\"EntryPoint\",\"urlTemplate\":\"https:\\\/\\\/www.exogen.com\\\/de\\\/?s={search_term_string}\"},\"query-input\":{\"@type\":\"PropertyValueSpecification\",\"valueRequired\":true,\"valueName\":\"search_term_string\"}}],\"inLanguage\":\"de-DE\"},{\"@type\":\"Organization\",\"@id\":\"https:\\\/\\\/www.exogen.com\\\/de\\\/#organization\",\"name\":\"EXOGEN\",\"url\":\"https:\\\/\\\/www.exogen.com\\\/de\\\/\",\"logo\":{\"@type\":\"ImageObject\",\"inLanguage\":\"de-DE\",\"@id\":\"https:\\\/\\\/www.exogen.com\\\/de\\\/#\\\/schema\\\/logo\\\/image\\\/\",\"url\":\"https:\\\/\\\/www.exogen.com\\\/wp-content\\\/uploads\\\/2021\\\/10\\\/purple-logo.png\",\"contentUrl\":\"https:\\\/\\\/www.exogen.com\\\/wp-content\\\/uploads\\\/2021\\\/10\\\/purple-logo.png\",\"width\":264,\"height\":100,\"caption\":\"EXOGEN\"},\"image\":{\"@id\":\"https:\\\/\\\/www.exogen.com\\\/de\\\/#\\\/schema\\\/logo\\\/image\\\/\"},\"sameAs\":[\"https:\\\/\\\/www.facebook.com\\\/exogenbonehealing\\\/\",\"https:\\\/\\\/www.instagram.com\\\/exogenbonehealing\\\/\",\"https:\\\/\\\/www.youtube.com\\\/channel\\\/UCP5jnVTUjZZKlr_b-mxr49w\"]}]}<\/script>\n<!-- \/ Yoast SEO plugin. -->","yoast_head_json":{"title":"Gibt es M\u00f6glichkeiten, die Knochenheilung zu beschleunigen? - EXOGEN Knochenheilungs-Ultraschallsystem","robots":{"index":"index","follow":"follow","max-snippet":"max-snippet:-1","max-image-preview":"max-image-preview:large","max-video-preview":"max-video-preview:-1"},"canonical":"https:\/\/www.exogen.com\/de\/are-there-ways-to-speed-up-bone-healing\/","og_locale":"de_DE","og_type":"article","og_title":"Gibt es M\u00f6glichkeiten, die Knochenheilung zu beschleunigen? - EXOGEN Knochenheilungs-Ultraschallsystem","og_description":"[vc_row row_height_percent=&#8220;0&#8243; overlay_alpha=&#8220;50&#8243; gutter_size=&#8220;3&#8243; column_width_percent=&#8220;100&#8243; shift_y=&#8220;0&#8243; z_index=&#8220;0&#8243; uncode_shortcode_id=&#8220;141354&#8243; row_height_pixel=&#8220;145&#8243; back_color_type=&#8220;uncode-gradient&#8220; back_color_gradient=&#8220;{&#8222;css&#8222;:&#8222;background: linear-gradient(to bottom , rgb(211, 211, 211) , rgb(243, 240, [&hellip;]","og_url":"https:\/\/www.exogen.com\/de\/are-there-ways-to-speed-up-bone-healing\/","og_site_name":"EXOGEN Ultrasound Bone Healing System","article_publisher":"https:\/\/www.facebook.com\/exogenbonehealing\/","article_modified_time":"2022-01-13T23:30:07+00:00","twitter_card":"summary_large_image","twitter_misc":{"Gesch\u00e4tzte Lesezeit":"3 Minuten"},"schema":{"@context":"https:\/\/schema.org","@graph":[{"@type":"WebPage","@id":"https:\/\/www.exogen.com\/de\/are-there-ways-to-speed-up-bone-healing\/","url":"https:\/\/www.exogen.com\/de\/are-there-ways-to-speed-up-bone-healing\/","name":"Gibt es M\u00f6glichkeiten, die Knochenheilung zu beschleunigen? - EXOGEN Knochenheilungs-Ultraschallsystem","isPartOf":{"@id":"https:\/\/www.exogen.com\/de\/#website"},"datePublished":"2021-10-25T13:32:42+00:00","dateModified":"2022-01-13T23:30:07+00:00","breadcrumb":{"@id":"https:\/\/www.exogen.com\/de\/are-there-ways-to-speed-up-bone-healing\/#breadcrumb"},"inLanguage":"de-DE","potentialAction":[{"@type":"ReadAction","target":["https:\/\/www.exogen.com\/de\/are-there-ways-to-speed-up-bone-healing\/"]}]},{"@type":"BreadcrumbList","@id":"https:\/\/www.exogen.com\/de\/are-there-ways-to-speed-up-bone-healing\/#breadcrumb","itemListElement":[{"@type":"ListItem","position":1,"name":"Home","item":"https:\/\/www.exogen.com\/de\/"},{"@type":"ListItem","position":2,"name":"Are There Ways to Speed Up Bone Healing?"}]},{"@type":"WebSite","@id":"https:\/\/www.exogen.com\/de\/#website","url":"https:\/\/www.exogen.com\/de\/","name":"EXOGEN Ultrasound Bone Healing System","description":"Ultrasound Bone Healing System","publisher":{"@id":"https:\/\/www.exogen.com\/de\/#organization"},"potentialAction":[{"@type":"SearchAction","target":{"@type":"EntryPoint","urlTemplate":"https:\/\/www.exogen.com\/de\/?s={search_term_string}"},"query-input":{"@type":"PropertyValueSpecification","valueRequired":true,"valueName":"search_term_string"}}],"inLanguage":"de-DE"},{"@type":"Organization","@id":"https:\/\/www.exogen.com\/de\/#organization","name":"EXOGEN","url":"https:\/\/www.exogen.com\/de\/","logo":{"@type":"ImageObject","inLanguage":"de-DE","@id":"https:\/\/www.exogen.com\/de\/#\/schema\/logo\/image\/","url":"https:\/\/www.exogen.com\/wp-content\/uploads\/2021\/10\/purple-logo.png","contentUrl":"https:\/\/www.exogen.com\/wp-content\/uploads\/2021\/10\/purple-logo.png","width":264,"height":100,"caption":"EXOGEN"},"image":{"@id":"https:\/\/www.exogen.com\/de\/#\/schema\/logo\/image\/"},"sameAs":["https:\/\/www.facebook.com\/exogenbonehealing\/","https:\/\/www.instagram.com\/exogenbonehealing\/","https:\/\/www.youtube.com\/channel\/UCP5jnVTUjZZKlr_b-mxr49w"]}]}},"_links":{"self":[{"href":"https:\/\/www.exogen.com\/de\/wp-json\/wp\/v2\/pages\/803","targetHints":{"allow":["GET"]}}],"collection":[{"href":"https:\/\/www.exogen.com\/de\/wp-json\/wp\/v2\/pages"}],"about":[{"href":"https:\/\/www.exogen.com\/de\/wp-json\/wp\/v2\/types\/page"}],"author":[{"embeddable":true,"href":"https:\/\/www.exogen.com\/de\/wp-json\/wp\/v2\/users\/1"}],"replies":[{"embeddable":true,"href":"https:\/\/www.exogen.com\/de\/wp-json\/wp\/v2\/comments?post=803"}],"version-history":[{"count":0,"href":"https:\/\/www.exogen.com\/de\/wp-json\/wp\/v2\/pages\/803\/revisions"}],"wp:attachment":[{"href":"https:\/\/www.exogen.com\/de\/wp-json\/wp\/v2\/media?parent=803"}],"curies":[{"name":"wp","href":"https:\/\/api.w.org\/{rel}","templated":true}]}}