{"id":878,"date":"2021-10-13T14:16:01","date_gmt":"2021-10-13T14:16:01","guid":{"rendered":"https:\/\/exogen.com\/terms-of-use\/"},"modified":"2023-09-27T21:05:36","modified_gmt":"2023-09-27T21:05:36","slug":"terms-of-use","status":"publish","type":"page","link":"https:\/\/www.exogen.com\/de\/terms-of-use\/","title":{"rendered":"Nutzungsbestimmungen"},"content":{"rendered":"<div class=\"wpb-content-wrapper\"><p>[vc_row row_height_percent=&#8220;0&#8243; overlay_alpha=&#8220;50&#8243; gutter_size=&#8220;3&#8243; column_width_percent=&#8220;100&#8243; shift_y=&#8220;0&#8243; z_index=&#8220;0&#8243; uncode_shortcode_id=&#8220;112756&#8243; row_height_pixel=&#8220;145&#8243; back_color_type=&#8220;uncode-gradient&#8220; back_color_gradient=&#8220;{&#8222;css&#8222;:&#8222;background: linear-gradient(to bottom , rgb(211, 211, 211) , rgb(243, 240, 244) 34%);&#8222;,&#8222;sliders&#8222;:`{`{&#8222;color&#8222;:&#8222;rgb(211, 211, 211)&#8222;,&#8222;position&#8222;:0},{&#8222;color&#8222;:&#8222;rgb(243, 240, 244)&#8222;,&#8222;position&#8222;:34}`}`,&#8222;type&#8222;:&#8222;linear&#8222;,&#8222;direction&#8222;:&#8222;top&#8222;}&#8220; css=&#8220;.vc_custom_1634125203557{margin-top: 80px !important;margin-bottom: 0px !important;}&#8220;][vc_column column_width_percent=&#8220;100&#8243; position_vertical=&#8220;middle&#8220; gutter_size=&#8220;3&#8243; overlay_alpha=&#8220;50&#8243; shift_x=&#8220;0&#8243; shift_y=&#8220;0&#8243; shift_y_down=&#8220;0&#8243; z_index=&#8220;0&#8243; medium_width=&#8220;0&#8243; mobile_width=&#8220;0&#8243; width=&#8220;1\/1&#8243; uncode_shortcode_id=&#8220;697530&#8243;][vc_custom_heading auto_text=&#8220;yes&#8220; text_color=&#8220;color-121277&#8243; heading_semantic=&#8220;h1&#8243; text_font=&#8220;font-559666&#8243; text_size=&#8220;fontsize-242148&#8243; text_transform=&#8220;uppercase&#8220; text_height=&#8220;fontheight-133340&#8243; uncode_shortcode_id=&#8220;149333&#8243; text_color_type=&#8220;uncode-palette&#8220;]This is a custom heading element.[\/vc_custom_heading][\/vc_column][\/vc_row][vc_row row_height_percent=&#8220;0&#8243; overlay_alpha=&#8220;50&#8243; gutter_size=&#8220;3&#8243; column_width_percent=&#8220;100&#8243; shift_y=&#8220;0&#8243; z_index=&#8220;0&#8243; uncode_shortcode_id=&#8220;605836&#8243; css=&#8220;.vc_custom_1634133113099{padding-top: 50px !important;padding-bottom: 50px !important;}&#8220;][vc_column width=&#8220;1\/1&#8243;][vc_custom_heading text_color=&#8220;color-nhtu&#8220; heading_semantic=&#8220;h5&#8243; text_size=&#8220;h5&#8243; uncode_shortcode_id=&#8220;385720&#8243; text_color_type=&#8220;uncode-palette&#8220;]Lesen Sie diese Nutzungsbedingungen sorgf\u00e4ltig durch, bevor Sie diese Website nutzen.[\/vc_custom_heading][vc_column_text uncode_shortcode_id=&#8220;109421&#8243;]<strong>Das Akzeptieren der Nutzungsbestimmungen ist Voraussetzung f\u00fcr die Nutzung der Website<\/strong><\/p>\n<p>Willkommen auf der Website von Bioventus LLC. (im Nachfolgenden \u201eBioventus\u201c), <a href=\"https:\/\/www.exogen.com\/\">exogen.com<\/a> (die \u201eWebsite\u201c). Indem Sie auf die Website zugreifen und diese nutzen, erkl\u00e4ren Sie sich mit den folgenden <a href=\"https:\/\/www.exogen.com\/us\/physician\/terms-of-use\/\">Nutzungsbestimmungen<\/a>, insbesondere dem Ausschluss von ausdr\u00fccklichen und stillschweigenden Garantien, dem Haftungsausschluss sowie der <a href=\"https:\/\/www.exogen.com\/us\/physician\/privacy-policy\/\">Datenschutzrichtlinie<\/a> einverstanden. Wenn Sie mit den <a href=\"https:\/\/www.exogen.com\/us\/physician\/terms-of-use\/\">Nutzungsbestimmungen<\/a> nicht einverstanden sind, ist Ihnen die Nutzung der Website nicht gestattet.[\/vc_column_text][vc_column_text uncode_shortcode_id=&#8220;125328&#8243;]<strong>Geltungsbereich<\/strong><br \/>\nDie in dieser Vereinbarung dargelegten <a href=\"https:\/\/www.exogen.com\/us\/physician\/terms-of-use\/\">Nutzungsbestimmungen<\/a> gelten ausschlie\u00dflich f\u00fcr Ihre Nutzung der Website. Bioventus betreibt weitere Websites, f\u00fcr die jeweils eigene Nutzungsbedingungen gelten und am betreffenden Ort angegeben sind.<\/p>\n<p><strong>Gesundheitsinformationen<\/strong><br \/>\nDie auf dieser Website enthaltenen Informationen werden ausschlie\u00dflich zu Informationszwecken bereitgestellt. Die auf dieser Website enthaltenen Informationen sollen Patienten und ihren Familien helfen, bestimmte Erkrankungen und die Behandlungsm\u00f6glichkeiten besser zu verstehen. Die Inhalte sind unter keinen Umst\u00e4nden als Ersatz f\u00fcr eine professionelle medizinische Beratung oder als Behandlungsempfehlungen zu verstehen. Nur ein Arzt, der sich pers\u00f6nlich mit dem Patienten befasst hat, Zugang zu dessen Krankenakte hatte und entsprechende Nachuntersuchungen durchf\u00fchren konnte, kann eine Behandlungsempfehlung aussprechen. Holen Sie immer den Rat Ihres Arztes oder eines anderen qualifizierten Gesundheitsdienstleisters ein, wenn Sie Fragen zu einer Erkrankung haben. Die Inhalte der Website sind nicht als Diagnose- oder Behandlungsgrundlage anzusehen. Lassen Sie medizinische Ratschl\u00e4ge niemals au\u00dfer Acht und z\u00f6gern Sie nie, einen Rat einzuholen, nur weil Sie etwas auf dieser Website gelesen haben.<\/p>\n<p><strong>Recht zur \u00c4nderung dieser <a href=\"https:\/\/www.exogen.com\/us\/physician\/terms-of-use\/\">Nutzungsbestimmungen<\/a><\/strong><br \/>\nBioventus beh\u00e4lt sich das Recht vor, diese <a href=\"https:\/\/www.exogen.com\/us\/physician\/terms-of-use\/\">Nutzungsbestimmungen<\/a> jederzeit nach eigenem Ermessen und mit oder ohne Ank\u00fcndigung zu \u00e4ndern. Jegliche \u00c4nderungen an diesen <a href=\"https:\/\/www.exogen.com\/us\/physician\/terms-of-use\/\">Nutzungsbestimmungen<\/a> treten unmittelbar in Kraft, sobald Sie auf der Website ver\u00f6ffentlicht werden. Sie erkl\u00e4ren sich damit einverstanden, diese Webseite jedes Mal zu pr\u00fcfen, bevor Sie auf die Website zugreifen, um sich so \u00fcber etwaige \u00c4nderungen zu informieren. Wenn Sie die Website weiterhin nutzen, erkl\u00e4ren Sie sich mit den jeweiligen \u00c4nderungen an den <a href=\"https:\/\/www.exogen.com\/us\/physician\/terms-of-use\/\">Nutzungsbestimmungen<\/a> einverstanden.<\/p>\n<p><strong>Anwendbarkeit nur bei Online-Aktivit\u00e4ten<\/strong><br \/>\nSie nehmen zur Kenntnis und erkl\u00e4ren sich damit einverstanden, dass diese <a href=\"https:\/\/www.exogen.com\/us\/physician\/terms-of-use\/\">Nutzungsbestimmungen<\/a> nur f\u00fcr diese Website und die Online-Aktivit\u00e4ten von Bioventus \u00fcber die Website, und nicht f\u00fcr die Offline-Aktivit\u00e4ten von Bioventus gelten, es sei denn, Bioventus sieht ausdr\u00fccklich etwas anderes vor.<\/p>\n<p><strong>Zur Nutzung berechtigte Personen<\/strong><br \/>\nDie Website und deren Services stehen nur nat\u00fcrlichen und juristischen Personen zur Verf\u00fcgung, die nach jeweils geltendem Recht in der Lage sind, rechtlich verbindliche Vertr\u00e4ge einzugehen. Ohne Einschr\u00e4nkung des Vorstehenden stehen die Website und deren Services keinen Personen unter 13 (dreizehn) Jahren zur Verf\u00fcgung. Wenn Sie die in diesem Abschnitt dargelegten Voraussetzungen nicht erf\u00fcllen, ist Ihnen die Nutzung der Website nicht gestattet.<\/p>\n<p><strong>Recht zur Sperrung des Zugriffs<\/strong><br \/>\nBioventus kann nach eigenem Ermessen und mit oder ohne Grund Ihren Zugriff auf die Website sperren. Bioventus kann seine Rechte gem\u00e4\u00df diesem Abschnitt jederzeit ohne Vorank\u00fcndigung geltend machen, ohne dass Ihnen oder einem Dritten gegen\u00fcber eine Haftung entsteht.<\/p>\n<p><strong>Urheberrechtshinweis<\/strong><br \/>\nAlle Inhalte der Website, insbesondere Texte, Grafiken, Logos, Bilder, Fotos, Videos, Musik und Sounds, sind Eigentum von Bioventus (\u00a9 2021 Bioventus LLC. Alle Rechte vorbehalten) oder werden mit Genehmigung verwendet und stehen vollst\u00e4ndig unter dem Schutz der US-amerikanischen und internationalen Urheberrechtsgesetze. Die Website und deren Inhalte d\u00fcrfen nur mit Genehmigung von Bioventus auf der Website genutzt werden. Sie d\u00fcrfen Inhalte nur f\u00fcr pers\u00f6nliche und nicht kommerzielle Zwecke herunterladen. Alle anderen Vervielf\u00e4ltigungen und Nutzungen, etwa die Vervielf\u00e4ltigung zu kommerziellen Zwecken oder nicht pers\u00f6nlichen Zwecken, die \u00c4nderung, Verteilung, \u00dcbertragung, Wiederver\u00f6ffentlichung, Darstellung<br \/>\noder Vorf\u00fchrung der Inhalte, sind streng verboten, sofern nicht die ausdr\u00fcckliche, vorherige und schriftliche Genehmigung von Bioventus eingeholt wird. Sie d\u00fcrfen keine Frames oder Links zur Website erstellen, ohne vorher die ausdr\u00fcckliche, schriftliche Genehmigung von Bioventus einzuholen. Verst\u00f6\u00dfe gegen die Urheberrechte von Bioventus k\u00f6nnen erhebliche zivil- und strafrechtliche Strafen nach sich ziehen.<\/p>\n<p><strong>Markenhinweis<\/strong><br \/>\nMarken, die auf der Website erscheinen, insbesondere die Marken BIOVENTUS und EXOGEN, sind Eigentum ihrer jeweiligen Eigent\u00fcmer und d\u00fcrfen nicht ohne die ausdr\u00fcckliche schriftliche Genehmigung ihrer Eigent\u00fcmer vervielf\u00e4ltigt werden. Die Gestaltung der Website ist als Handelsaufmachung gesch\u00fctzt und darf weder ganz noch teilweise vervielf\u00e4ltigt oder nachgeahmt werden. Ein Versto\u00df gegen die Markenrechte von Bioventus kann erhebliche zivil- und strafrechtliche Strafen nach sich ziehen.<\/p>\n<p><strong>Von Ihnen f\u00fcr Bioventus bereitgestellte Informationen<\/strong><br \/>\nWenn Sie Ideen, Vorschl\u00e4ge, Zeichnungen, Grafiken, Konzepte oder andere Informationen (zusammen \u201eIdeen\u201c) an Bioventus \u00fcbermitteln, \u00fcberlassen Sie diese und die Rechte daran Bioventus kostenlos. Solche Ideen gelten als nicht vertraulich, und Bioventus tr\u00e4gt in Zusammenhang mit solchen Ideen keinerlei Verpflichtungen und kann diese frei und uneingeschr\u00e4nkt nutzen, vervielf\u00e4ltigen, an andere weitergeben und verteilen, ohne dass Ihre Zustimmung eingeholt oder eine Verg\u00fctung an Sie oder jemand anderen daf\u00fcr gezahlt werden muss. Bioventus steht es frei, in solchen Ideen enthaltene Fachkenntnisse oder Techniken zu beliebigen Zwecken zu nutzen, etwa zur Entwicklung, Herstellung und Vermarktung von Produkten, f\u00fcr die die entsprechenden Informationen relevant sind.<\/p>\n<p><strong>Ausschluss von Garantien; Haftungsausschluss<\/strong><br \/>\nIndem Sie auf diese Website zugreifen, erkl\u00e4ren Sie sich damit einverstanden, dass Sie die Website auf eigenes Risiko nutzen. Die Website kann fachliche oder typografische Fehler aufweisen. Bioventus gibt keine Garantie, dass die Informationen oder Aussagen auf der Website korrekt sind.<br \/>\nDIESE WEBSITE WIRD VON BIOVENTUS \u201eWIE BESEHEN\u201c UND \u201eWIE VERF\u00dcGBAR\u201c BEREITGESTELLT. BIOVENTUS MACHT KEINERLEI ZUSICHERUNGEN ODER AUSDR\u00dcCKLICHEN ODER STILLSCHWEIGENDEN GARANTIEN IN HINBLICK AUF DEN BETRIEB DER WEBSITE ODER DIE DORT ENTHALTENEN INFORMATIONEN, INHALTE, MATERIALIEN ODER PRODUKTE. BIOVENTUS SCHLIE\u1e9eT IM GESETZLICH ZUL\u00c4SSIGEN UMFANG ALLE AUSDR\u00dcCKLICHEN ODER STILLSCHWEIGENDEN GARANTIEN AUS, INSBESONDERE STILLSCHWEIGENDE GARANTIEN IN BEZUG AUF DIE MARKTG\u00c4NGIGKEIT, EIGNUNG F\u00dcR EINEN BESTIMMTEN ZWECK ODER DIE NICHTVERLETZUNG VON SCHUTZRECHTEN DRITTER.<br \/>\nBIOVENTUS KANN F\u00dcR KEINERLEI SCH\u00c4DEN AUS ODER IN ZUSAMMENHANG MIT DER NUTZUNG DIESER WEBSITE HAFTBAR GEMACHT WERDEN; DIES GILT INSBESONDERE F\u00dcR DIREKTE, INDIREKTE, BEIL\u00c4UFIGE ODER FOLGESCH\u00c4DEN ODER STRAFSCHADENSERSATZ. WEDER M\u00dcNDLICH NOCH SCHRIFTLICH VON BIOVENTUS BEREITGESTELLTE INFORMATIONEN BEGR\u00dcNDEN EINE GARANTIE, UND SIE D\u00dcRFEN SICH NICHT AUF SOLCHE INFORMATIONEN ODER RATSCHL\u00c4GE VERLASSEN.<\/p>\n<p><strong>Haftungsausschluss f\u00fcr auf \u201everlinkten Websites\u201c ver\u00f6ffentlichtes Material<\/strong><br \/>\nAuf der Website wird unter Umst\u00e4nden auf andere Websites verlinkt. Bioventus \u00fcbernimmt keine Haftung oder Verantwortung f\u00fcr Inhalte, Services, Bilder, Grafiken, Produkte oder Aussagen auf verlinkten Websites. Bioventus macht keinerlei Garantien oder Zusicherungen in Hinblick darauf, dass Inhalte von verlinkten Websites richtig, legal oder unanst\u00f6\u00dfig sind oder dass diese Websites keine Viren enthalten oder Ihrem Computer nicht anderweitig Schaden zuf\u00fcgen k\u00f6nnten. Bioventus stellt Ihnen Links zu anderen Websites nur zu Informationszwecken zur Verf\u00fcgung. Wenn Bioventus einen Link bereitstellt, bedeutet dies nicht, dass Bioventus die verlinkte Website unterst\u00fctzt, empfiehlt oder mit dieser Seite zusammenarbeitet.<\/p>\n<p><strong>Freistellung<\/strong><br \/>\nAls Voraussetzung f\u00fcr Ihre Nutzung der Website sichern Sie gegen\u00fcber Bioventus zu, dass Sie die Website nicht zu rechtswidrigen Zwecken oder auf eine Art und Weise nutzen werden, die durch diese <a href=\"https:\/\/www.exogen.com\/us\/physician\/terms-of-use\/\">Nutzungsbestimmungen<\/a> verboten ist, die die Funktionsweise der Website einschr\u00e4nken oder die Website au\u00dfer Betrieb setzen k\u00f6nnte oder die die Nutzung der Website durch andere st\u00f6ren k\u00f6nnte. Sie willigen hiermit ein, Bioventus und seine F\u00fchrungskr\u00e4fte, Beauftragten und Mitarbeiter von allen Verlusten, Verbindlichkeiten, Sch\u00e4den, Kosten und Ausgaben einschlie\u00dflich angemessener Anwaltsgeb\u00fchren schad- und klaglos zu halten, die aus Klagen, Verfahren oder Forderungen durch eine dritte Partei entstehen und auf Ihre Nutzung der Website zur\u00fcckgehen oder sich auf diese beziehen.<\/p>\n<p><strong>Datenschutzrichtlinie<\/strong><br \/>\nBioventus sch\u00fctzt die Privatsph\u00e4re seiner Nutzer in \u00dcbereinstimmung mit den Bestimmungen der Website-Datenschutzrichtlinie. Die Website-Datenschutzrichtlinie finden Sie <a href=\"https:\/\/www.exogen.com\/us\/physician\/privacy-policy\/\">hier.<\/p>\n<p><strong>Anwendbares Recht<\/strong><br \/>\nBioventus hat seinen Gesch\u00e4ftssitz in Durham, North Carolina, USA. Jegliche Streitigkeiten aus oder in Zusammenhang mit diesen <a href=\"https:\/\/www.exogen.com\/us\/physician\/terms-of-use\/\">Nutzungsbestimmungen<\/a> unterliegen unter Ausschluss der Bestimmungen des internationalen Privatrechts den Gesetzen des US-Bundesstaats North Carolina. Sie stimmen hiermit unwiderruflich und bedingungslos zu, sich f\u00fcr jeden Rechtsstreit, der aus diesen oder in Bezug auf diese <a href=\"https:\/\/www.exogen.com\/us\/physician\/terms-of-use\/\">Nutzungsbestimmungen<\/a> entsteht, der ausschlie\u00dflichen Gerichtsbarkeit der Staats- und Bundesgerichte in Durham County, North Carolina zu unterwerfen.<\/p>\n<p><strong>Salvatorische Klausel<\/strong><br \/>\nDie Bestimmungen dieser <a href=\"https:\/\/www.exogen.com\/us\/physician\/terms-of-use\/\">Nutzungsbestimmungen<\/a> gelten unabh\u00e4ngig voneinander, und die Ung\u00fcltigkeit oder Undurchsetzbarkeit einer Bestimmung ber\u00fchrt nicht die G\u00fcltigkeit oder Durchsetzbarkeit anderer Bestimmungen.<\/p>\n<p><strong>Gesamte Vereinbarung<\/strong><br \/>\nDiese <a href=\"https:\/\/www.exogen.com\/us\/physician\/terms-of-use\/\">Nutzungsbestimmungen<\/a> bilden zusammen mit der Datenschutzrichtlinie und anderen Richtlinien, die durch Verweis Bestandteil dieser Bestimmungen werden, die gesamte Vereinbarung zwischen den Parteien bez\u00fcglich des Gegenstands der Vereinbarung und ersetzen alle vorherigen schriftlichen oder m\u00fcndlichen Zusicherungen oder Vereinbarungen zwischen den Parteien.<\/p>\n<p><strong>Letzte \u00c4nderung<\/strong><br \/>\nDiese <a href=\"https:\/\/www.exogen.com\/us\/physician\/terms-of-use\/\">Nutzungsbestimmungen<\/a> wurden zuletzt am 5.\u00a0August 2021 ge\u00e4ndert.[\/vc_column_text][\/vc_column][\/vc_row][vc_row row_height_percent=&#8220;0&#8243; overlay_alpha=&#8220;50&#8243; gutter_size=&#8220;3&#8243; column_width_percent=&#8220;100&#8243; border_color=&#8220;color-gyho&#8220; border_style=&#8220;solid&#8220; shift_y=&#8220;0&#8243; z_index=&#8220;0&#8243; uncode_shortcode_id=&#8220;206930&#8243; css=&#8220;.vc_custom_1633839934035{margin-top: 40px !important;margin-bottom: 0px !important;border-top-width: 1px !important;}&#8220; el_id=&#8220;description_text&#8220; border_color_type=&#8220;uncode-palette&#8220;][vc_column width=&#8220;1\/1&#8243;][vc_column_text uncode_shortcode_id=&#8220;843293&#8243;]<strong style=\"margin-bottom: 15px;\">Summary of Indications for Use<\/strong><br \/>\nThe EXOGEN Ultrasound Bone Healing System is indicated for the non-invasive treatment of established nonunions* excluding skull and vertebra. The EXOGEN device has also been reported as effective as an adjunctive non-invasive treatment of established nonunions in patients:<\/p>\n<ul>\n<li>With internal or external fracture fixation hardware present. EXOGEN cannot penetrate metal and therefore should not be applied directly over hardware.<\/li>\n<li>Undergoing treatment for infection at the fracture site. EXOGEN is not intended to treat the infection.<\/li>\n<li>Believed to have diminished bone quality. EXOGEN is not intended to treat diminished bone quality.<\/li>\n<\/ul>\n<p>In addition, EXOGEN is indicated for accelerating the time to a healed fracture for fresh, closed, posteriorly displaced distal radius fractures and fresh, closed or Grade I open tibial diaphysis fractures in skeletally mature individuals when these fractures are orthopedically managed by closed reduction and cast immobilization.<\/p>\n<p>There are no known contraindications for the EXOGEN device. Safety and effectiveness have not been established for individuals lacking skeletal maturity, pregnant or nursing women, patients with cardiac pacemakers, on fractures due to bone cancer, or on patients with poor blood circulation or clotting problems. Some patients may be sensitive to the ultrasound gel.<\/p>\n<p>*A nonunion is considered to be established when the fracture site shows no visibly progressive signs of healing.<\/p>\n<p>Full prescribing information can be found in product labelling, at <a href=\"https:\/\/www.exogen.com\/\">EXOGEN.com<\/a>, or by calling Customer Service at <a href=\"tel:1-800-836-4080\"><strong>1-800-836-4080<\/strong><\/a>.[\/vc_column_text][\/vc_column][\/vc_row]<\/p>\n<\/div>","protected":false},"excerpt":{"rendered":"<p>[vc_row row_height_percent=&#8220;0&#8243; overlay_alpha=&#8220;50&#8243; gutter_size=&#8220;3&#8243; column_width_percent=&#8220;100&#8243; shift_y=&#8220;0&#8243; z_index=&#8220;0&#8243; uncode_shortcode_id=&#8220;112756&#8243; row_height_pixel=&#8220;145&#8243; back_color_type=&#8220;uncode-gradient&#8220; back_color_gradient=&#8220;{&#8222;css&#8222;:&#8222;background: linear-gradient(to bottom , rgb(211, 211, 211) , rgb(243, 240, [&hellip;]<\/p>\n","protected":false},"author":1,"featured_media":0,"parent":0,"menu_order":0,"comment_status":"closed","ping_status":"open","template":"","meta":{"_acf_changed":false,"_five9_enable_chat":"","footnotes":""},"class_list":["post-878","page","type-page","status-publish","hentry"],"acf":[],"yoast_head":"<!-- This site is optimized with the Yoast SEO plugin v27.4 - https:\/\/yoast.com\/product\/yoast-seo-wordpress\/ -->\n<title>Nutzungsbestimmungen | EXOGEN Ultrasound Bone Healing System<\/title>\n<meta name=\"robots\" content=\"index, follow, max-snippet:-1, max-image-preview:large, max-video-preview:-1\" \/>\n<link rel=\"canonical\" href=\"https:\/\/www.exogen.com\/de\/terms-of-use\/\" \/>\n<meta property=\"og:locale\" content=\"de_DE\" \/>\n<meta property=\"og:type\" content=\"article\" \/>\n<meta property=\"og:title\" content=\"Nutzungsbestimmungen | EXOGEN Ultrasound Bone Healing System\" \/>\n<meta property=\"og:description\" content=\"[vc_row row_height_percent=&#8220;0&#8243; overlay_alpha=&#8220;50&#8243; gutter_size=&#8220;3&#8243; column_width_percent=&#8220;100&#8243; shift_y=&#8220;0&#8243; z_index=&#8220;0&#8243; uncode_shortcode_id=&#8220;112756&#8243; row_height_pixel=&#8220;145&#8243; back_color_type=&#8220;uncode-gradient&#8220; back_color_gradient=&#8220;{&#8222;css&#8222;:&#8222;background: linear-gradient(to bottom , rgb(211, 211, 211) , rgb(243, 240, [&hellip;]\" \/>\n<meta property=\"og:url\" content=\"https:\/\/www.exogen.com\/de\/terms-of-use\/\" \/>\n<meta property=\"og:site_name\" content=\"EXOGEN Ultrasound Bone Healing System\" \/>\n<meta property=\"article:publisher\" content=\"https:\/\/www.facebook.com\/exogenbonehealing\/\" \/>\n<meta property=\"article:modified_time\" content=\"2023-09-27T21:05:36+00:00\" \/>\n<meta name=\"twitter:card\" content=\"summary_large_image\" \/>\n<meta name=\"twitter:label1\" content=\"Gesch\u00e4tzte Lesezeit\" \/>\n\t<meta name=\"twitter:data1\" content=\"8 Minuten\" \/>\n<script type=\"application\/ld+json\" class=\"yoast-schema-graph\">{\"@context\":\"https:\\\/\\\/schema.org\",\"@graph\":[{\"@type\":\"WebPage\",\"@id\":\"https:\\\/\\\/www.exogen.com\\\/de\\\/terms-of-use\\\/\",\"url\":\"https:\\\/\\\/www.exogen.com\\\/de\\\/terms-of-use\\\/\",\"name\":\"Nutzungsbestimmungen | EXOGEN Ultrasound Bone Healing System\",\"isPartOf\":{\"@id\":\"https:\\\/\\\/www.exogen.com\\\/de\\\/#website\"},\"datePublished\":\"2021-10-13T14:16:01+00:00\",\"dateModified\":\"2023-09-27T21:05:36+00:00\",\"breadcrumb\":{\"@id\":\"https:\\\/\\\/www.exogen.com\\\/de\\\/terms-of-use\\\/#breadcrumb\"},\"inLanguage\":\"de-DE\",\"potentialAction\":[{\"@type\":\"ReadAction\",\"target\":[\"https:\\\/\\\/www.exogen.com\\\/de\\\/terms-of-use\\\/\"]}]},{\"@type\":\"BreadcrumbList\",\"@id\":\"https:\\\/\\\/www.exogen.com\\\/de\\\/terms-of-use\\\/#breadcrumb\",\"itemListElement\":[{\"@type\":\"ListItem\",\"position\":1,\"name\":\"Home\",\"item\":\"https:\\\/\\\/www.exogen.com\\\/de\\\/\"},{\"@type\":\"ListItem\",\"position\":2,\"name\":\"Nutzungsbestimmungen\"}]},{\"@type\":\"WebSite\",\"@id\":\"https:\\\/\\\/www.exogen.com\\\/de\\\/#website\",\"url\":\"https:\\\/\\\/www.exogen.com\\\/de\\\/\",\"name\":\"EXOGEN Ultrasound Bone Healing System\",\"description\":\"Ultrasound Bone Healing System\",\"publisher\":{\"@id\":\"https:\\\/\\\/www.exogen.com\\\/de\\\/#organization\"},\"potentialAction\":[{\"@type\":\"SearchAction\",\"target\":{\"@type\":\"EntryPoint\",\"urlTemplate\":\"https:\\\/\\\/www.exogen.com\\\/de\\\/?s={search_term_string}\"},\"query-input\":{\"@type\":\"PropertyValueSpecification\",\"valueRequired\":true,\"valueName\":\"search_term_string\"}}],\"inLanguage\":\"de-DE\"},{\"@type\":\"Organization\",\"@id\":\"https:\\\/\\\/www.exogen.com\\\/de\\\/#organization\",\"name\":\"EXOGEN\",\"url\":\"https:\\\/\\\/www.exogen.com\\\/de\\\/\",\"logo\":{\"@type\":\"ImageObject\",\"inLanguage\":\"de-DE\",\"@id\":\"https:\\\/\\\/www.exogen.com\\\/de\\\/#\\\/schema\\\/logo\\\/image\\\/\",\"url\":\"https:\\\/\\\/www.exogen.com\\\/wp-content\\\/uploads\\\/2021\\\/10\\\/purple-logo.png\",\"contentUrl\":\"https:\\\/\\\/www.exogen.com\\\/wp-content\\\/uploads\\\/2021\\\/10\\\/purple-logo.png\",\"width\":264,\"height\":100,\"caption\":\"EXOGEN\"},\"image\":{\"@id\":\"https:\\\/\\\/www.exogen.com\\\/de\\\/#\\\/schema\\\/logo\\\/image\\\/\"},\"sameAs\":[\"https:\\\/\\\/www.facebook.com\\\/exogenbonehealing\\\/\",\"https:\\\/\\\/www.instagram.com\\\/exogenbonehealing\\\/\",\"https:\\\/\\\/www.youtube.com\\\/channel\\\/UCP5jnVTUjZZKlr_b-mxr49w\"]}]}<\/script>\n<!-- \/ Yoast SEO plugin. -->","yoast_head_json":{"title":"Nutzungsbestimmungen | EXOGEN Ultrasound Bone Healing System","robots":{"index":"index","follow":"follow","max-snippet":"max-snippet:-1","max-image-preview":"max-image-preview:large","max-video-preview":"max-video-preview:-1"},"canonical":"https:\/\/www.exogen.com\/de\/terms-of-use\/","og_locale":"de_DE","og_type":"article","og_title":"Nutzungsbestimmungen | EXOGEN Ultrasound Bone Healing System","og_description":"[vc_row row_height_percent=&#8220;0&#8243; overlay_alpha=&#8220;50&#8243; gutter_size=&#8220;3&#8243; column_width_percent=&#8220;100&#8243; shift_y=&#8220;0&#8243; z_index=&#8220;0&#8243; uncode_shortcode_id=&#8220;112756&#8243; row_height_pixel=&#8220;145&#8243; back_color_type=&#8220;uncode-gradient&#8220; back_color_gradient=&#8220;{&#8222;css&#8222;:&#8222;background: linear-gradient(to bottom , rgb(211, 211, 211) , rgb(243, 240, [&hellip;]","og_url":"https:\/\/www.exogen.com\/de\/terms-of-use\/","og_site_name":"EXOGEN Ultrasound Bone Healing System","article_publisher":"https:\/\/www.facebook.com\/exogenbonehealing\/","article_modified_time":"2023-09-27T21:05:36+00:00","twitter_card":"summary_large_image","twitter_misc":{"Gesch\u00e4tzte Lesezeit":"8 Minuten"},"schema":{"@context":"https:\/\/schema.org","@graph":[{"@type":"WebPage","@id":"https:\/\/www.exogen.com\/de\/terms-of-use\/","url":"https:\/\/www.exogen.com\/de\/terms-of-use\/","name":"Nutzungsbestimmungen | EXOGEN Ultrasound Bone Healing System","isPartOf":{"@id":"https:\/\/www.exogen.com\/de\/#website"},"datePublished":"2021-10-13T14:16:01+00:00","dateModified":"2023-09-27T21:05:36+00:00","breadcrumb":{"@id":"https:\/\/www.exogen.com\/de\/terms-of-use\/#breadcrumb"},"inLanguage":"de-DE","potentialAction":[{"@type":"ReadAction","target":["https:\/\/www.exogen.com\/de\/terms-of-use\/"]}]},{"@type":"BreadcrumbList","@id":"https:\/\/www.exogen.com\/de\/terms-of-use\/#breadcrumb","itemListElement":[{"@type":"ListItem","position":1,"name":"Home","item":"https:\/\/www.exogen.com\/de\/"},{"@type":"ListItem","position":2,"name":"Nutzungsbestimmungen"}]},{"@type":"WebSite","@id":"https:\/\/www.exogen.com\/de\/#website","url":"https:\/\/www.exogen.com\/de\/","name":"EXOGEN Ultrasound Bone Healing System","description":"Ultrasound Bone Healing System","publisher":{"@id":"https:\/\/www.exogen.com\/de\/#organization"},"potentialAction":[{"@type":"SearchAction","target":{"@type":"EntryPoint","urlTemplate":"https:\/\/www.exogen.com\/de\/?s={search_term_string}"},"query-input":{"@type":"PropertyValueSpecification","valueRequired":true,"valueName":"search_term_string"}}],"inLanguage":"de-DE"},{"@type":"Organization","@id":"https:\/\/www.exogen.com\/de\/#organization","name":"EXOGEN","url":"https:\/\/www.exogen.com\/de\/","logo":{"@type":"ImageObject","inLanguage":"de-DE","@id":"https:\/\/www.exogen.com\/de\/#\/schema\/logo\/image\/","url":"https:\/\/www.exogen.com\/wp-content\/uploads\/2021\/10\/purple-logo.png","contentUrl":"https:\/\/www.exogen.com\/wp-content\/uploads\/2021\/10\/purple-logo.png","width":264,"height":100,"caption":"EXOGEN"},"image":{"@id":"https:\/\/www.exogen.com\/de\/#\/schema\/logo\/image\/"},"sameAs":["https:\/\/www.facebook.com\/exogenbonehealing\/","https:\/\/www.instagram.com\/exogenbonehealing\/","https:\/\/www.youtube.com\/channel\/UCP5jnVTUjZZKlr_b-mxr49w"]}]}},"_links":{"self":[{"href":"https:\/\/www.exogen.com\/de\/wp-json\/wp\/v2\/pages\/878","targetHints":{"allow":["GET"]}}],"collection":[{"href":"https:\/\/www.exogen.com\/de\/wp-json\/wp\/v2\/pages"}],"about":[{"href":"https:\/\/www.exogen.com\/de\/wp-json\/wp\/v2\/types\/page"}],"author":[{"embeddable":true,"href":"https:\/\/www.exogen.com\/de\/wp-json\/wp\/v2\/users\/1"}],"replies":[{"embeddable":true,"href":"https:\/\/www.exogen.com\/de\/wp-json\/wp\/v2\/comments?post=878"}],"version-history":[{"count":0,"href":"https:\/\/www.exogen.com\/de\/wp-json\/wp\/v2\/pages\/878\/revisions"}],"wp:attachment":[{"href":"https:\/\/www.exogen.com\/de\/wp-json\/wp\/v2\/media?parent=878"}],"curies":[{"name":"wp","href":"https:\/\/api.w.org\/{rel}","templated":true}]}}