{"id":912,"date":"2021-10-12T14:48:54","date_gmt":"2021-10-12T14:48:54","guid":{"rendered":"https:\/\/exogen.com\/how-to-get-exogen\/"},"modified":"2022-01-13T23:37:01","modified_gmt":"2022-01-13T23:37:01","slug":"how-to-get-exogen","status":"publish","type":"page","link":"https:\/\/www.exogen.com\/de\/how-to-get-exogen\/","title":{"rendered":"How to Get EXOGEN"},"content":{"rendered":"<div class=\"wpb-content-wrapper\"><p>[vc_row row_height_percent=&#8220;0&#8243; back_image=&#8220;239&#8243; back_repeat=&#8220;no-repeat&#8220; back_position=&#8220;center center&#8220; overlay_alpha=&#8220;50&#8243; gutter_size=&#8220;3&#8243; column_width_percent=&#8220;100&#8243; shift_y=&#8220;0&#8243; z_index=&#8220;0&#8243; uncode_shortcode_id=&#8220;103976&#8243; row_height_pixel=&#8220;460&#8243; back_size=&#8220;cover&#8220; el_class=&#8220;inner-banner&#8220; css=&#8220;.vc_custom_1634312010018{margin-top: 88px !important;margin-bottom: 60px !important;}&#8220;][vc_column column_width_percent=&#8220;100&#8243; position_vertical=&#8220;middle&#8220; gutter_size=&#8220;3&#8243; overlay_alpha=&#8220;50&#8243; shift_x=&#8220;0&#8243; shift_y=&#8220;0&#8243; shift_y_down=&#8220;0&#8243; z_index=&#8220;0&#8243; medium_width=&#8220;0&#8243; mobile_width=&#8220;0&#8243; width=&#8220;1\/2&#8243; uncode_shortcode_id=&#8220;208174&#8243; css=&#8220;.vc_custom_1634042877970{padding-top: 60px !important;}&#8220;][vc_custom_heading text_color=&#8220;color-xsdn&#8220; heading_semantic=&#8220;h1&#8243; text_size=&#8220;fontsize-942846&#8243; text_weight=&#8220;400&#8243; text_transform=&#8220;uppercase&#8220; text_height=&#8220;fontheight-667169&#8243; uncode_shortcode_id=&#8220;442324&#8243; text_color_type=&#8220;uncode-palette&#8220;]So erhalten Sie<br \/>\n<span style=\"font-weight: 700 !important;\"> EXOGEN<\/span>[\/vc_custom_heading][\/vc_column][vc_column width=&#8220;1\/2&#8243;][\/vc_column][\/vc_row][vc_row][vc_column width=&#8220;1\/12&#8243;][\/vc_column][vc_column column_width_percent=&#8220;100&#8243; align_horizontal=&#8220;align_center&#8220; gutter_size=&#8220;3&#8243; overlay_alpha=&#8220;50&#8243; shift_x=&#8220;0&#8243; shift_y=&#8220;0&#8243; shift_y_down=&#8220;0&#8243; z_index=&#8220;0&#8243; medium_width=&#8220;0&#8243; mobile_width=&#8220;0&#8243; width=&#8220;10\/12&#8243; uncode_shortcode_id=&#8220;129910&#8243; el_class=&#8220;begining-text&#8220;][vc_custom_heading text_color=&#8220;color-121277&#8243; heading_semantic=&#8220;h3&#8243; text_font=&#8220;font-559666&#8243; text_size=&#8220;fontsize-242148&#8243; text_transform=&#8220;uppercase&#8220; text_height=&#8220;fontheight-133340&#8243; text_space=&#8220;fontspace-572008&#8243; uncode_shortcode_id=&#8220;107421&#8243; text_color_type=&#8220;uncode-palette&#8220;]EXOGEN erhalten[\/vc_custom_heading][vc_empty_space empty_h=&#8220;1&#8243;][vc_column_text uncode_shortcode_id=&#8220;693115&#8243; css=&#8220;.vc_custom_1640609484500{margin-top: 5px !important;}&#8220;]<strong>Das EXOGEN Ultraschall-Knochenheilungssystem erhalten Sie auf Verschreibung durch Ihren Arzt. <\/strong>[\/vc_column_text][vc_row_inner row_inner_height_percent=&#8220;0&#8243; overlay_alpha=&#8220;50&#8243; gutter_size=&#8220;3&#8243; shift_y=&#8220;0&#8243; z_index=&#8220;0&#8243; uncode_shortcode_id=&#8220;194768&#8243; css=&#8220;.vc_custom_1634785891659{margin-top: 20px !important;border-bottom-width: 0px !important;padding-top: 0px !important;padding-bottom: 0px !important;}&#8220;][vc_column_inner width=&#8220;3\/12&#8243;][\/vc_column_inner][vc_column_inner column_width_percent=&#8220;100&#8243; gutter_size=&#8220;3&#8243; overlay_alpha=&#8220;50&#8243; shift_x=&#8220;0&#8243; shift_y=&#8220;0&#8243; shift_y_down=&#8220;0&#8243; z_index=&#8220;0&#8243; medium_width=&#8220;0&#8243; mobile_width=&#8220;0&#8243; width=&#8220;6\/12&#8243; uncode_shortcode_id=&#8220;148487&#8243;][vc_column_text uncode_shortcode_id=&#8220;145352&#8243; css=&#8220;.vc_custom_1642014442449{margin-top: 30px !important;margin-bottom: 10px !important;padding-top: 0px !important;padding-bottom: 0px !important;}&#8220;]<\/p>\n<ol>\n<li>Fragen Sie Ihren Arzt nach EXOGEN<\/li>\n<li>Lassen Sie das Ger\u00e4t anpassen<\/li>\n<li>Beginnen Sie den Heilungsprozess von daheim<\/li>\n<\/ol>\n<p>[\/vc_column_text][\/vc_column_inner][vc_column_inner width=&#8220;3\/12&#8243;][\/vc_column_inner][\/vc_row_inner][vc_column_text uncode_shortcode_id=&#8220;214141&#8243; css=&#8220;.vc_custom_1642014605550{margin-top: 5px !important;}&#8220;]Unser <span class=\"orange-font\"><a href=\"\/wp-content\/uploads\/2021\/10\/SMK-002294_EXOGEN_Bone-Healing-Discussion-Guide_US-1.pdf\" target=\"_blank\" rel=\"noopener\">EXOGEN Gespr\u00e4chsleitfaden zur Knochenheilung<\/a><\/span> hilft Ihnen und Ihrem Arzt festzustellen, ob EXOGEN f\u00fcr Sie geeignet ist. F\u00fcllen Sie diesen Bewertungsbogen zur Unterst\u00fctzung einfach aus und bringen Sie ihn zum n\u00e4chsten Arzttermin mit.[\/vc_column_text][vc_button button_color=&#8220;color-207599&#8243; size=&#8220;btn-sm&#8220; radius=&#8220;btn-circle&#8220; hover_fx=&#8220;full-colored&#8220; border_width=&#8220;0&#8243; icon_position=&#8220;right&#8220; uncode_shortcode_id=&#8220;239783&#8243; button_color_type=&#8220;uncode-palette&#8220; icon=&#8220;fa fa-arrow-right2&#8243; link=&#8220;url:%2Fde%2Fcontact-an-exogen-rep%2F&#8220;]Sind Sie ein Gesundheitsdienstleister? Kontaktieren Sie einen EXOGEN Vertreter [\/vc_button][vc_column_text uncode_shortcode_id=&#8220;195620&#8243; css=&#8220;.vc_custom_1642014535517{margin-top: 5px !important;}&#8220;]F\u00fcr weitere Informationen wenden Sie sich bitte an den Bioventus Kundendienst<\/p>\n<p>Konaktdaten Bioventus<br \/>\nKundendienst<br \/>\n<strong>T<\/strong>: <a href=\"tel:0800-1833735\">0800-1833735<\/a> (Kostenfrei)<br \/>\n<strong>E<\/strong>: <a href=\"mailto:CustomerCare-International@BioventusGlobal.com\">CustomerCare-International@BioventusGlobal.com<\/a><\/p>\n<p>Bioventus Global<br \/>\n<a href=\"http:\/\/www.Bioventus.com\" target=\"_blank\" rel=\"noopener\">www.Bioventus.com<\/a>[\/vc_column_text][\/vc_column][vc_column width=&#8220;1\/12&#8243;][\/vc_column][\/vc_row]<\/p>\n<\/div>","protected":false},"excerpt":{"rendered":"<p>[vc_row row_height_percent=&#8220;0&#8243; back_image=&#8220;239&#8243; back_repeat=&#8220;no-repeat&#8220; back_position=&#8220;center center&#8220; overlay_alpha=&#8220;50&#8243; gutter_size=&#8220;3&#8243; column_width_percent=&#8220;100&#8243; shift_y=&#8220;0&#8243; z_index=&#8220;0&#8243; uncode_shortcode_id=&#8220;103976&#8243; row_height_pixel=&#8220;460&#8243; back_size=&#8220;cover&#8220; el_class=&#8220;inner-banner&#8220; css=&#8220;.vc_custom_1634312010018{margin-top: 88px !important;margin-bottom: 60px !important;}&#8220;][vc_column [&hellip;]<\/p>\n","protected":false},"author":1,"featured_media":0,"parent":0,"menu_order":0,"comment_status":"closed","ping_status":"closed","template":"","meta":{"_acf_changed":false,"_five9_enable_chat":"","footnotes":""},"class_list":["post-912","page","type-page","status-publish","hentry"],"acf":[],"yoast_head":"<!-- This site is optimized with the Yoast SEO plugin v27.3 - https:\/\/yoast.com\/product\/yoast-seo-wordpress\/ -->\n<title>So erhalten SieEXOGEN - EXOGEN Knochenheilungs-Ultraschallsystem<\/title>\n<meta name=\"robots\" content=\"index, follow, max-snippet:-1, max-image-preview:large, max-video-preview:-1\" \/>\n<link rel=\"canonical\" href=\"https:\/\/www.exogen.com\/de\/how-to-get-exogen\/\" \/>\n<meta property=\"og:locale\" content=\"de_DE\" \/>\n<meta property=\"og:type\" content=\"article\" \/>\n<meta property=\"og:title\" content=\"So erhalten SieEXOGEN - EXOGEN Knochenheilungs-Ultraschallsystem\" \/>\n<meta property=\"og:description\" content=\"[vc_row row_height_percent=&#8220;0&#8243; back_image=&#8220;239&#8243; back_repeat=&#8220;no-repeat&#8220; back_position=&#8220;center center&#8220; overlay_alpha=&#8220;50&#8243; gutter_size=&#8220;3&#8243; column_width_percent=&#8220;100&#8243; shift_y=&#8220;0&#8243; z_index=&#8220;0&#8243; uncode_shortcode_id=&#8220;103976&#8243; row_height_pixel=&#8220;460&#8243; back_size=&#8220;cover&#8220; el_class=&#8220;inner-banner&#8220; css=&#8220;.vc_custom_1634312010018{margin-top: 88px !important;margin-bottom: 60px !important;}&#8220;][vc_column [&hellip;]\" \/>\n<meta property=\"og:url\" content=\"https:\/\/www.exogen.com\/de\/how-to-get-exogen\/\" \/>\n<meta property=\"og:site_name\" content=\"EXOGEN Ultrasound Bone Healing System\" \/>\n<meta property=\"article:publisher\" content=\"https:\/\/www.facebook.com\/exogenbonehealing\/\" \/>\n<meta property=\"article:modified_time\" content=\"2022-01-13T23:37:01+00:00\" \/>\n<meta name=\"twitter:card\" content=\"summary_large_image\" \/>\n<meta name=\"twitter:label1\" content=\"Gesch\u00e4tzte Lesezeit\" \/>\n\t<meta name=\"twitter:data1\" content=\"2 Minuten\" \/>\n<script type=\"application\/ld+json\" class=\"yoast-schema-graph\">{\"@context\":\"https:\\\/\\\/schema.org\",\"@graph\":[{\"@type\":\"WebPage\",\"@id\":\"https:\\\/\\\/www.exogen.com\\\/de\\\/how-to-get-exogen\\\/\",\"url\":\"https:\\\/\\\/www.exogen.com\\\/de\\\/how-to-get-exogen\\\/\",\"name\":\"So erhalten SieEXOGEN - EXOGEN Knochenheilungs-Ultraschallsystem\",\"isPartOf\":{\"@id\":\"https:\\\/\\\/www.exogen.com\\\/de\\\/#website\"},\"datePublished\":\"2021-10-12T14:48:54+00:00\",\"dateModified\":\"2022-01-13T23:37:01+00:00\",\"breadcrumb\":{\"@id\":\"https:\\\/\\\/www.exogen.com\\\/de\\\/how-to-get-exogen\\\/#breadcrumb\"},\"inLanguage\":\"de-DE\",\"potentialAction\":[{\"@type\":\"ReadAction\",\"target\":[\"https:\\\/\\\/www.exogen.com\\\/de\\\/how-to-get-exogen\\\/\"]}]},{\"@type\":\"BreadcrumbList\",\"@id\":\"https:\\\/\\\/www.exogen.com\\\/de\\\/how-to-get-exogen\\\/#breadcrumb\",\"itemListElement\":[{\"@type\":\"ListItem\",\"position\":1,\"name\":\"Home\",\"item\":\"https:\\\/\\\/www.exogen.com\\\/de\\\/\"},{\"@type\":\"ListItem\",\"position\":2,\"name\":\"How to Get EXOGEN\"}]},{\"@type\":\"WebSite\",\"@id\":\"https:\\\/\\\/www.exogen.com\\\/de\\\/#website\",\"url\":\"https:\\\/\\\/www.exogen.com\\\/de\\\/\",\"name\":\"EXOGEN Ultrasound Bone Healing System\",\"description\":\"Ultrasound Bone Healing System\",\"publisher\":{\"@id\":\"https:\\\/\\\/www.exogen.com\\\/de\\\/#organization\"},\"potentialAction\":[{\"@type\":\"SearchAction\",\"target\":{\"@type\":\"EntryPoint\",\"urlTemplate\":\"https:\\\/\\\/www.exogen.com\\\/de\\\/?s={search_term_string}\"},\"query-input\":{\"@type\":\"PropertyValueSpecification\",\"valueRequired\":true,\"valueName\":\"search_term_string\"}}],\"inLanguage\":\"de-DE\"},{\"@type\":\"Organization\",\"@id\":\"https:\\\/\\\/www.exogen.com\\\/de\\\/#organization\",\"name\":\"EXOGEN\",\"url\":\"https:\\\/\\\/www.exogen.com\\\/de\\\/\",\"logo\":{\"@type\":\"ImageObject\",\"inLanguage\":\"de-DE\",\"@id\":\"https:\\\/\\\/www.exogen.com\\\/de\\\/#\\\/schema\\\/logo\\\/image\\\/\",\"url\":\"https:\\\/\\\/www.exogen.com\\\/wp-content\\\/uploads\\\/2021\\\/10\\\/purple-logo.png\",\"contentUrl\":\"https:\\\/\\\/www.exogen.com\\\/wp-content\\\/uploads\\\/2021\\\/10\\\/purple-logo.png\",\"width\":264,\"height\":100,\"caption\":\"EXOGEN\"},\"image\":{\"@id\":\"https:\\\/\\\/www.exogen.com\\\/de\\\/#\\\/schema\\\/logo\\\/image\\\/\"},\"sameAs\":[\"https:\\\/\\\/www.facebook.com\\\/exogenbonehealing\\\/\",\"https:\\\/\\\/www.instagram.com\\\/exogenbonehealing\\\/\",\"https:\\\/\\\/www.youtube.com\\\/channel\\\/UCP5jnVTUjZZKlr_b-mxr49w\"]}]}<\/script>\n<!-- \/ Yoast SEO plugin. -->","yoast_head_json":{"title":"So erhalten SieEXOGEN - EXOGEN Knochenheilungs-Ultraschallsystem","robots":{"index":"index","follow":"follow","max-snippet":"max-snippet:-1","max-image-preview":"max-image-preview:large","max-video-preview":"max-video-preview:-1"},"canonical":"https:\/\/www.exogen.com\/de\/how-to-get-exogen\/","og_locale":"de_DE","og_type":"article","og_title":"So erhalten SieEXOGEN - EXOGEN Knochenheilungs-Ultraschallsystem","og_description":"[vc_row row_height_percent=&#8220;0&#8243; back_image=&#8220;239&#8243; back_repeat=&#8220;no-repeat&#8220; back_position=&#8220;center center&#8220; overlay_alpha=&#8220;50&#8243; gutter_size=&#8220;3&#8243; column_width_percent=&#8220;100&#8243; shift_y=&#8220;0&#8243; z_index=&#8220;0&#8243; uncode_shortcode_id=&#8220;103976&#8243; row_height_pixel=&#8220;460&#8243; back_size=&#8220;cover&#8220; el_class=&#8220;inner-banner&#8220; css=&#8220;.vc_custom_1634312010018{margin-top: 88px !important;margin-bottom: 60px !important;}&#8220;][vc_column [&hellip;]","og_url":"https:\/\/www.exogen.com\/de\/how-to-get-exogen\/","og_site_name":"EXOGEN Ultrasound Bone Healing System","article_publisher":"https:\/\/www.facebook.com\/exogenbonehealing\/","article_modified_time":"2022-01-13T23:37:01+00:00","twitter_card":"summary_large_image","twitter_misc":{"Gesch\u00e4tzte Lesezeit":"2 Minuten"},"schema":{"@context":"https:\/\/schema.org","@graph":[{"@type":"WebPage","@id":"https:\/\/www.exogen.com\/de\/how-to-get-exogen\/","url":"https:\/\/www.exogen.com\/de\/how-to-get-exogen\/","name":"So erhalten SieEXOGEN - EXOGEN Knochenheilungs-Ultraschallsystem","isPartOf":{"@id":"https:\/\/www.exogen.com\/de\/#website"},"datePublished":"2021-10-12T14:48:54+00:00","dateModified":"2022-01-13T23:37:01+00:00","breadcrumb":{"@id":"https:\/\/www.exogen.com\/de\/how-to-get-exogen\/#breadcrumb"},"inLanguage":"de-DE","potentialAction":[{"@type":"ReadAction","target":["https:\/\/www.exogen.com\/de\/how-to-get-exogen\/"]}]},{"@type":"BreadcrumbList","@id":"https:\/\/www.exogen.com\/de\/how-to-get-exogen\/#breadcrumb","itemListElement":[{"@type":"ListItem","position":1,"name":"Home","item":"https:\/\/www.exogen.com\/de\/"},{"@type":"ListItem","position":2,"name":"How to Get EXOGEN"}]},{"@type":"WebSite","@id":"https:\/\/www.exogen.com\/de\/#website","url":"https:\/\/www.exogen.com\/de\/","name":"EXOGEN Ultrasound Bone Healing System","description":"Ultrasound Bone Healing System","publisher":{"@id":"https:\/\/www.exogen.com\/de\/#organization"},"potentialAction":[{"@type":"SearchAction","target":{"@type":"EntryPoint","urlTemplate":"https:\/\/www.exogen.com\/de\/?s={search_term_string}"},"query-input":{"@type":"PropertyValueSpecification","valueRequired":true,"valueName":"search_term_string"}}],"inLanguage":"de-DE"},{"@type":"Organization","@id":"https:\/\/www.exogen.com\/de\/#organization","name":"EXOGEN","url":"https:\/\/www.exogen.com\/de\/","logo":{"@type":"ImageObject","inLanguage":"de-DE","@id":"https:\/\/www.exogen.com\/de\/#\/schema\/logo\/image\/","url":"https:\/\/www.exogen.com\/wp-content\/uploads\/2021\/10\/purple-logo.png","contentUrl":"https:\/\/www.exogen.com\/wp-content\/uploads\/2021\/10\/purple-logo.png","width":264,"height":100,"caption":"EXOGEN"},"image":{"@id":"https:\/\/www.exogen.com\/de\/#\/schema\/logo\/image\/"},"sameAs":["https:\/\/www.facebook.com\/exogenbonehealing\/","https:\/\/www.instagram.com\/exogenbonehealing\/","https:\/\/www.youtube.com\/channel\/UCP5jnVTUjZZKlr_b-mxr49w"]}]}},"_links":{"self":[{"href":"https:\/\/www.exogen.com\/de\/wp-json\/wp\/v2\/pages\/912","targetHints":{"allow":["GET"]}}],"collection":[{"href":"https:\/\/www.exogen.com\/de\/wp-json\/wp\/v2\/pages"}],"about":[{"href":"https:\/\/www.exogen.com\/de\/wp-json\/wp\/v2\/types\/page"}],"author":[{"embeddable":true,"href":"https:\/\/www.exogen.com\/de\/wp-json\/wp\/v2\/users\/1"}],"replies":[{"embeddable":true,"href":"https:\/\/www.exogen.com\/de\/wp-json\/wp\/v2\/comments?post=912"}],"version-history":[{"count":0,"href":"https:\/\/www.exogen.com\/de\/wp-json\/wp\/v2\/pages\/912\/revisions"}],"wp:attachment":[{"href":"https:\/\/www.exogen.com\/de\/wp-json\/wp\/v2\/media?parent=912"}],"curies":[{"name":"wp","href":"https:\/\/api.w.org\/{rel}","templated":true}]}}