{"id":956,"date":"2021-10-08T13:47:51","date_gmt":"2021-10-08T13:47:51","guid":{"rendered":"https:\/\/exogen.com\/faqs\/"},"modified":"2022-01-13T23:32:32","modified_gmt":"2022-01-13T23:32:32","slug":"faqs","status":"publish","type":"page","link":"https:\/\/www.exogen.com\/de\/faqs\/","title":{"rendered":"FAQs"},"content":{"rendered":"<div class=\"wpb-content-wrapper\"><p>[vc_row row_height_percent=&#8220;0&#8243; back_image=&#8220;119&#8243; back_repeat=&#8220;no-repeat&#8220; back_position=&#8220;center center&#8220; overlay_alpha=&#8220;50&#8243; gutter_size=&#8220;3&#8243; column_width_percent=&#8220;100&#8243; shift_y=&#8220;0&#8243; z_index=&#8220;0&#8243; uncode_shortcode_id=&#8220;603748&#8243; row_height_pixel=&#8220;460&#8243; back_size=&#8220;cover&#8220; el_class=&#8220;inner-banner&#8220; css=&#8220;.vc_custom_1634307666998{margin-top: 88px !important;margin-bottom: 44px !important;}&#8220;][vc_column column_width_percent=&#8220;100&#8243; position_vertical=&#8220;middle&#8220; gutter_size=&#8220;3&#8243; overlay_alpha=&#8220;50&#8243; shift_x=&#8220;0&#8243; shift_y=&#8220;0&#8243; shift_y_down=&#8220;0&#8243; z_index=&#8220;0&#8243; medium_width=&#8220;0&#8243; mobile_width=&#8220;0&#8243; width=&#8220;1\/2&#8243; uncode_shortcode_id=&#8220;652607&#8243;][vc_custom_heading text_color=&#8220;color-xsdn&#8220; heading_semantic=&#8220;h1&#8243; text_size=&#8220;fontsize-942846&#8243; text_weight=&#8220;400&#8243; text_transform=&#8220;uppercase&#8220; text_height=&#8220;fontheight-667169&#8243; uncode_shortcode_id=&#8220;135283&#8243; text_color_type=&#8220;uncode-palette&#8220;]H\u00e4ufig gestellte <span style=\"font-weight: 700 !important;\">Fragen<\/span>[\/vc_custom_heading][vc_button size=&#8220;btn-lg&#8220; radius=&#8220;btn-circle&#8220; hover_fx=&#8220;outlined&#8220; border_width=&#8220;1&#8243; icon_position=&#8220;right&#8220; uncode_shortcode_id=&#8220;134953&#8243; button_color_type=&#8220;uncode-solid&#8220; icon=&#8220;fa fa-arrow-right2&#8243; link=&#8220;url:%2Fde%2Fhow-to-get-exogen%2F&#8220; button_color_solid=&#8220;rgba(0,0,0,0.01)&#8220; el_id=&#8220;button-transparent&#8220;]EXOGEN jetzt erhalten[\/vc_button][\/vc_column][vc_column width=&#8220;1\/2&#8243;][\/vc_column][\/vc_row][vc_row row_height_percent=&#8220;0&#8243; overlay_alpha=&#8220;50&#8243; gutter_size=&#8220;4&#8243; column_width_percent=&#8220;100&#8243; shift_y=&#8220;0&#8243; z_index=&#8220;0&#8243; uncode_shortcode_id=&#8220;900682&#8243;][vc_column width=&#8220;8\/12&#8243;][vc_custom_heading text_color=&#8220;color-107303&#8243; heading_semantic=&#8220;h3&#8243; text_font=&#8220;font-559666&#8243; text_size=&#8220;fontsize-950476&#8243; text_weight=&#8220;700&#8243; text_height=&#8220;fontheight-143712&#8243; uncode_shortcode_id=&#8220;488265&#8243; text_color_type=&#8220;uncode-palette&#8220;]Frakturheilung[\/vc_custom_heading][vc_accordion sign=&#8220;plus&#8220; el_class=&#8220;faq-wrapper&#8220;][vc_accordion_tab gutter_size=&#8220;2&#8243; column_padding=&#8220;2&#8243; title=&#8220;Was ist eine Fraktur?&#8220; tab_id=&#8220;1633691501-1-1616337001838181633700902267&#8243;][vc_column_text uncode_shortcode_id=&#8220;186207&#8243;]\u201eFraktur\u201c ist der medizinische Fachausdruck f\u00fcr einen Knochenbruch. Bruch, Knochenbruch, Fraktur: Alle diese Begriffe haben eine \u00e4hnliche Bedeutung und bezeichnen einen Knochen, der so besch\u00e4digt wurde, dass seine Struktur nicht mehr intakt ist.<sup><a href=\"\/de\/references\/\">38<\/a><\/sup>[\/vc_column_text][\/vc_accordion_tab][vc_accordion_tab gutter_size=&#8220;2&#8243; column_padding=&#8220;2&#8243; title=&#8220;Tun gebrochene Knochen beim Heilen weh?&#8220; tab_id=&#8220;1633691501-2-5716337001838181633700902267&#8243;][vc_column_text uncode_shortcode_id=&#8220;156782&#8243;]Ja, die meisten Menschen haben bei einem Knochenbruch Schmerzen. Schmerz ist die nat\u00fcrliche Reaktion des K\u00f6rpers auf einen Knochenbruch.<sup><a href=\"\/de\/references\/\">39<\/a><\/sup><br \/>\nAllgemein werden nach einem Knochenbruch drei Schmerzphasen unterschieden. Sie werden als akute, subakute und chronische Schmerzen bezeichnet.<sup><a href=\"\/de\/references\/\">39<\/a><\/sup><br \/>\nAu\u00dferdem k\u00f6nnen andere Schmerzsymptome auftreten, die teilweise vom Ort der Bruchstelle und dem Ausma\u00df des Traumas abh\u00e4ngen; hierzu geh\u00f6ren Prellungen, Steifigkeit, Schwellungen und Schw\u00e4che.<sup><a href=\"\/de\/references\/\">40<\/a><\/sup><br \/>\nM\u00f6chten Sie mehr erfahren? <a href=\"\/de\/does-a-broken-bone-hurt-when-healing\/\">Klicken Sie hier, um einen l\u00e4ngeren Artikel \u00fcber Schmerzen bei Knochenbr\u00fcchen zu lesen.<\/a>[\/vc_column_text][\/vc_accordion_tab][vc_accordion_tab gutter_size=&#8220;2&#8243; column_padding=&#8220;2&#8243; title=&#8220;Gibt es M\u00f6glichkeiten, die Knochenheilung zu beschleunigen?&#8220; tab_id=&#8220;1633693522943-2-916337001838181633700902267&#8243;][vc_column_text uncode_shortcode_id=&#8220;893295&#8243;]Auch wenn es individuell unterschiedlich ist, wie lange ein Knochenbruch zum Heilen ben\u00f6tigt, ben\u00f6tigen Knochen meist drei bis sechs Monate f\u00fcr die wesentlichen Heilungsschritte.<sup><a href=\"\/de\/references\/\">42<\/a><\/sup><\/p>\n<p>Wenn Sie es sich nicht leisten k\u00f6nnen, so lange auszufallen, gibt es mehrere professionelle Hilfsmittel, um den Prozess der Knochenheilung zu beschleunigen. Dazu geh\u00f6ren unter anderem sportliche Bet\u00e4tigung, Physiotherapie und der EXOGEN Knochenstimulator.<sup><a href=\"\/de\/references\/\">1,2,39<\/a><\/sup><\/p>\n<p><a href=\"\/de\/are-there-ways-to-speed-up-bone-healing\/\">Klicken Sie hier, um einen l\u00e4ngeren Artikel \u00fcber M\u00f6glichkeiten zur Beschleunigung der Knochenheilung zu lesen.<\/a>[\/vc_column_text][\/vc_accordion_tab][\/vc_accordion][vc_empty_space empty_h=&#8220;2&#8243;][vc_custom_heading text_color=&#8220;color-107303&#8243; heading_semantic=&#8220;h3&#8243; text_font=&#8220;font-559666&#8243; text_size=&#8220;fontsize-950476&#8243; text_weight=&#8220;700&#8243; text_height=&#8220;fontheight-143712&#8243; uncode_shortcode_id=&#8220;170337&#8243; text_color_type=&#8220;uncode-palette&#8220;]Frakturen mit EXOGEN behandeln[\/vc_custom_heading][vc_accordion sign=&#8220;plus&#8220; el_class=&#8220;faq-wrapper&#8220; active_tab=&#8220;#&#8220;][vc_accordion_tab gutter_size=&#8220;2&#8243; column_padding=&#8220;2&#8243; title=&#8220;Was ist ein Knochenstimulator?&#8220; tab_id=&#8220;1633694628-1-9316337001838181633700902267&#8243;][vc_column_text uncode_shortcode_id=&#8220;179492&#8243;]Knochenstimulatoren sind Ger\u00e4te, die Energiefelder auf indizierte akute Frakturen und Pseudarthrosen richten und so die Knochenheilung f\u00f6rdern.<sup><a href=\"\/de\/references\/\">44<\/a><\/sup><\/p>\n<p><a href=\"\/de\/what-is-a-bone-stimulator\/\">Klicken Sie hier, um einen l\u00e4ngeren Artikel \u00fcber Knochenstimulatoren zu lesen.<\/a>[\/vc_column_text][\/vc_accordion_tab][vc_accordion_tab gutter_size=&#8220;2&#8243; column_padding=&#8220;2&#8243; title=&#8220;Ist die EXOGEN Behandlung schmerzhaft?&#8220; tab_id=&#8220;1633695962047-2-616337001838181633700902267&#8243;][vc_column_text uncode_shortcode_id=&#8220;107244&#8243;]Die meisten Patienten sp\u00fcren gar nichts an der Behandlungsstelle.[\/vc_column_text][\/vc_accordion_tab][vc_accordion_tab gutter_size=&#8220;2&#8243; column_padding=&#8220;2&#8243; title=&#8220;Was ist, wenn ich eine Behandlung vergessen habe?&#8220; tab_id=&#8220;1633695978326-3-916337001838181633700902267&#8243;][vc_column_text uncode_shortcode_id=&#8220;517641&#8243;]Versuchen Sie, den Behandlungsplan sobald wie m\u00f6glich wiederaufzunehmen. Um Ihre Behandlungen konsequent durchzuf\u00fchren, k\u00f6nnen Sie den Kalender zur Protokollierung des Behandlungsverlaufs auf Ihrem Ger\u00e4t nutzen und einen geeigneten Zeitpunkt f\u00fcr die t\u00e4gliche Verwendung von EXOGEN ermitteln. Dar\u00fcber hinaus k\u00f6nnen Sie die kostenlose App EXOGEN CONNECTS zur Behandlungserinnerung herunterladen.[\/vc_column_text][\/vc_accordion_tab][vc_accordion_tab gutter_size=&#8220;2&#8243; column_padding=&#8220;2&#8243; title=&#8220;Sind f\u00fcr EXOGEN Gegenanzeigen bekannt?&#8220; tab_id=&#8220;1633695996230-4-1016337001838181633700902267&#8243;][vc_column_text uncode_shortcode_id=&#8220;180481&#8243;]Es gibt keine bekannten Gegenanzeigen f\u00fcr die Verwendung des EXOGEN Systems. In der EXOGEN Packungsbeilage finden Sie einen Abschnitt zu Vorsichtshinweisen und Warnungen, in dem Situationen beschrieben sind, f\u00fcr die die Sicherheit und Wirksamkeit von EXOGEN noch nicht festgestellt wurde, zum Beispiel spezielle Ausgangssituationen, in denen bestimmte Medikamente eingenommen werden oder andere medizinische Probleme zus\u00e4tzlich zu Knochenbr\u00fcchen bestehen.[\/vc_column_text][\/vc_accordion_tab][vc_accordion_tab gutter_size=&#8220;2&#8243; column_padding=&#8220;2&#8243; title=&#8220;Wie lange muss ich EXOGEN anwenden?&#8220; tab_id=&#8220;1633701182350-5-10&#8243;][vc_column_text uncode_shortcode_id=&#8220;447095&#8243;]Verschiedene Frakturen heilen unterschiedlich schnell. Ihr Arzt wird die notwendige Dauer Ihrer Behandlung bei Nachsorgeterminen bestimmen.[\/vc_column_text][\/vc_accordion_tab][\/vc_accordion][vc_empty_space empty_h=&#8220;2&#8243;][vc_custom_heading text_color=&#8220;color-107303&#8243; heading_semantic=&#8220;h3&#8243; text_font=&#8220;font-559666&#8243; text_size=&#8220;fontsize-950476&#8243; text_weight=&#8220;700&#8243; text_height=&#8220;fontheight-143712&#8243; uncode_shortcode_id=&#8220;151717&#8243; text_color_type=&#8220;uncode-palette&#8220;]Kundenservice[\/vc_custom_heading][vc_accordion sign=&#8220;plus&#8220; el_class=&#8220;faq-wrapper&#8220; active_tab=&#8220;#&#8220;][vc_accordion_tab gutter_size=&#8220;2&#8243; column_padding=&#8220;2&#8243; title=&#8220;Was ist, wenn ich das Kontaktgel aufgebraucht habe?&#8220; tab_id=&#8220;1633696683-1-3116337001838181633700902267&#8243;][vc_column_text uncode_shortcode_id=&#8220;197270&#8243;]Anstelle des mit dem EXOGEN Ger\u00e4t mitgelieferten Kontaktgel k\u00f6nnen Sie auch Wei\u00df\u00f6l verwenden. Vaseline ist jedoch keine zul\u00e4ssige Alternative. Beim Bioventus Kundenservice unter <a href=\"tel:0800-1833735\">0800-1833735<\/a> k\u00f6nnen Sie mehr Kontaktgel anfordern.[\/vc_column_text][\/vc_accordion_tab][vc_accordion_tab gutter_size=&#8220;2&#8243; column_padding=&#8220;2&#8243; title=&#8220;Wo erhalte ich Antworten auf Fragen zu EXOGEN?&#8220; tab_id=&#8220;1633696683-2-9716337001838181633700902267&#8243;][vc_column_text uncode_shortcode_id=&#8220;196973&#8243;]Bitte kontaktieren Sie den Bioventus Kundenservice unter <a href=\"tel:0800-1833735\">0800-1833735<\/a>.[\/vc_column_text][\/vc_accordion_tab][\/vc_accordion][\/vc_column][vc_column width=&#8220;4\/12&#8243;][vc_single_image media=&#8220;127&#8243; media_width_percent=&#8220;100&#8243; uncode_shortcode_id=&#8220;155189&#8243;][vc_row_inner row_inner_height_percent=&#8220;0&#8243; overlay_alpha=&#8220;50&#8243; gutter_size=&#8220;3&#8243; shift_y=&#8220;0&#8243; z_index=&#8220;0&#8243; uncode_shortcode_id=&#8220;174241&#8243; css=&#8220;.vc_custom_1633693982448{margin-top: 0px !important;}&#8220; limit_content=&#8220;&#8220;][vc_column_inner column_width_percent=&#8220;100&#8243; gutter_size=&#8220;3&#8243; back_color=&#8220;color-763025&#8243; overlay_alpha=&#8220;50&#8243; shift_x=&#8220;0&#8243; shift_y=&#8220;0&#8243; shift_y_down=&#8220;0&#8243; z_index=&#8220;0&#8243; medium_width=&#8220;0&#8243; mobile_width=&#8220;0&#8243; width=&#8220;1\/1&#8243; uncode_shortcode_id=&#8220;253682&#8243; back_color_type=&#8220;uncode-palette&#8220;][vc_custom_heading text_color=&#8220;color-nhtu&#8220; heading_semantic=&#8220;h4&#8243; text_font=&#8220;font-559666&#8243; text_size=&#8220;h4&#8243; text_weight=&#8220;700&#8243; text_height=&#8220;fontheight-143712&#8243; uncode_shortcode_id=&#8220;893424&#8243; text_color_type=&#8220;uncode-palette&#8220;]Sie finden keine Antwort auf Ihre Frage?[\/vc_custom_heading][vc_column_text uncode_shortcode_id=&#8220;751007&#8243; css=&#8220;.vc_custom_1639809943825{margin-top: 0px !important;margin-bottom: 0px !important;padding-top: 0px !important;padding-bottom: 0px !important;}&#8220;]Kontaktieren Sie uns[\/vc_column_text][vc_button button_color=&#8220;color-207599&#8243; size=&#8220;btn-sm&#8220; radius=&#8220;btn-circle&#8220; hover_fx=&#8220;full-colored&#8220; border_width=&#8220;0&#8243; icon_position=&#8220;right&#8220; uncode_shortcode_id=&#8220;729995&#8243; button_color_type=&#8220;uncode-palette&#8220; icon=&#8220;fa fa-arrow-right2&#8243; link=&#8220;url:%2Fde%2Fcontact-us%2F&#8220;]Kontaktieren Sie uns[\/vc_button][\/vc_column_inner][\/vc_row_inner][\/vc_column][\/vc_row][vc_row row_height_percent=&#8220;0&#8243; overlay_alpha=&#8220;50&#8243; gutter_size=&#8220;3&#8243; column_width_percent=&#8220;100&#8243; border_color=&#8220;color-gyho&#8220; border_style=&#8220;solid&#8220; shift_y=&#8220;0&#8243; z_index=&#8220;0&#8243; uncode_shortcode_id=&#8220;193465&#8243; css=&#8220;.vc_custom_1633696557289{margin-top: 40px !important;margin-bottom: 0px !important;border-top-width: 1px !important;}&#8220; el_id=&#8220;description_text&#8220; border_color_type=&#8220;uncode-palette&#8220;][vc_column width=&#8220;1\/1&#8243;][vc_column_text uncode_shortcode_id=&#8220;201223&#8243;]<strong style=\"margin-bottom: 15px;\">Summary of Indications for Use<\/strong><\/p>\n<p>The EXOGEN Ultrasound Bone Healing System is indicated for the non-invasive treatment of established nonunions* excluding skull and vertebra. The EXOGEN device has also been reported as effective as an adjunctive non-invasive treatment of established nonunions in patients:<\/p>\n<ul>\n<li>With internal or external fracture fixation hardware present. EXOGEN cannot penetrate metal and therefore should not be applied directly over hardware.<\/li>\n<li>Undergoing treatment for infection at the fracture site. EXOGEN is not intended to treat the infection.<\/li>\n<li>Believed to have diminished bone quality. EXOGEN is not intended to treat diminished bone quality.<\/li>\n<\/ul>\n<p>In addition, EXOGEN is indicated for accelerating the time to a healed fracture for fresh, closed, posteriorly displaced distal radius fractures and fresh, closed or Grade I open tibial diaphysis fractures in skeletally mature individuals when these fractures are orthopedically managed by closed reduction and cast immobilization.<\/p>\n<p>There are no known contraindications for the EXOGEN device. Safety and effectiveness have not been established for individuals lacking skeletal maturity, pregnant or nursing women, patients with cardiac pacemakers, on fractures due to bone cancer, or on patients with poor blood circulation or clotting problems. Some patients may be sensitive to the ultrasound gel.<\/p>\n<p>*A nonunion is considered to be established when the fracture site shows no visibly progressive signs of healing.<\/p>\n<p>Full prescribing information can be found in product labelling, at <a href=\"https:\/\/www.exogen.com\/\">EXOGEN.com<\/a>, or by calling Customer Service at <a href=\"tel:1-800-836-4080\"><strong>1-800-836-4080<\/strong><\/a>.[\/vc_column_text][\/vc_column][\/vc_row]<\/p>\n<\/div>","protected":false},"excerpt":{"rendered":"<p>[vc_row row_height_percent=&#8220;0&#8243; back_image=&#8220;119&#8243; back_repeat=&#8220;no-repeat&#8220; back_position=&#8220;center center&#8220; overlay_alpha=&#8220;50&#8243; gutter_size=&#8220;3&#8243; column_width_percent=&#8220;100&#8243; shift_y=&#8220;0&#8243; z_index=&#8220;0&#8243; uncode_shortcode_id=&#8220;603748&#8243; row_height_pixel=&#8220;460&#8243; back_size=&#8220;cover&#8220; el_class=&#8220;inner-banner&#8220; css=&#8220;.vc_custom_1634307666998{margin-top: 88px !important;margin-bottom: 44px !important;}&#8220;][vc_column [&hellip;]<\/p>\n","protected":false},"author":1,"featured_media":0,"parent":0,"menu_order":0,"comment_status":"closed","ping_status":"closed","template":"","meta":{"_acf_changed":false,"_five9_enable_chat":"","footnotes":""},"class_list":["post-956","page","type-page","status-publish","hentry"],"acf":[],"yoast_head":"<!-- This site is optimized with the Yoast SEO plugin v27.3 - https:\/\/yoast.com\/product\/yoast-seo-wordpress\/ -->\n<title>H\u00e4ufig gestellte Fragen - EXOGEN Knochenheilungs-Ultraschallsystem<\/title>\n<meta name=\"robots\" content=\"index, follow, max-snippet:-1, max-image-preview:large, max-video-preview:-1\" \/>\n<link rel=\"canonical\" href=\"https:\/\/www.exogen.com\/de\/faqs\/\" \/>\n<meta property=\"og:locale\" content=\"de_DE\" \/>\n<meta property=\"og:type\" content=\"article\" \/>\n<meta property=\"og:title\" content=\"H\u00e4ufig gestellte Fragen - EXOGEN Knochenheilungs-Ultraschallsystem\" \/>\n<meta property=\"og:description\" content=\"[vc_row row_height_percent=&#8220;0&#8243; back_image=&#8220;119&#8243; back_repeat=&#8220;no-repeat&#8220; back_position=&#8220;center center&#8220; overlay_alpha=&#8220;50&#8243; gutter_size=&#8220;3&#8243; column_width_percent=&#8220;100&#8243; shift_y=&#8220;0&#8243; z_index=&#8220;0&#8243; uncode_shortcode_id=&#8220;603748&#8243; row_height_pixel=&#8220;460&#8243; back_size=&#8220;cover&#8220; el_class=&#8220;inner-banner&#8220; css=&#8220;.vc_custom_1634307666998{margin-top: 88px !important;margin-bottom: 44px !important;}&#8220;][vc_column [&hellip;]\" \/>\n<meta property=\"og:url\" content=\"https:\/\/www.exogen.com\/de\/faqs\/\" \/>\n<meta property=\"og:site_name\" content=\"EXOGEN Ultrasound Bone Healing System\" \/>\n<meta property=\"article:publisher\" content=\"https:\/\/www.facebook.com\/exogenbonehealing\/\" \/>\n<meta property=\"article:modified_time\" content=\"2022-01-13T23:32:32+00:00\" \/>\n<meta name=\"twitter:card\" content=\"summary_large_image\" \/>\n<meta name=\"twitter:label1\" content=\"Gesch\u00e4tzte Lesezeit\" \/>\n\t<meta name=\"twitter:data1\" content=\"5 Minuten\" \/>\n<script type=\"application\/ld+json\" class=\"yoast-schema-graph\">{\"@context\":\"https:\\\/\\\/schema.org\",\"@graph\":[{\"@type\":\"WebPage\",\"@id\":\"https:\\\/\\\/www.exogen.com\\\/de\\\/faqs\\\/\",\"url\":\"https:\\\/\\\/www.exogen.com\\\/de\\\/faqs\\\/\",\"name\":\"H\u00e4ufig gestellte Fragen - EXOGEN Knochenheilungs-Ultraschallsystem\",\"isPartOf\":{\"@id\":\"https:\\\/\\\/www.exogen.com\\\/de\\\/#website\"},\"datePublished\":\"2021-10-08T13:47:51+00:00\",\"dateModified\":\"2022-01-13T23:32:32+00:00\",\"breadcrumb\":{\"@id\":\"https:\\\/\\\/www.exogen.com\\\/de\\\/faqs\\\/#breadcrumb\"},\"inLanguage\":\"de-DE\",\"potentialAction\":[{\"@type\":\"ReadAction\",\"target\":[\"https:\\\/\\\/www.exogen.com\\\/de\\\/faqs\\\/\"]}]},{\"@type\":\"BreadcrumbList\",\"@id\":\"https:\\\/\\\/www.exogen.com\\\/de\\\/faqs\\\/#breadcrumb\",\"itemListElement\":[{\"@type\":\"ListItem\",\"position\":1,\"name\":\"Home\",\"item\":\"https:\\\/\\\/www.exogen.com\\\/de\\\/\"},{\"@type\":\"ListItem\",\"position\":2,\"name\":\"FAQs\"}]},{\"@type\":\"WebSite\",\"@id\":\"https:\\\/\\\/www.exogen.com\\\/de\\\/#website\",\"url\":\"https:\\\/\\\/www.exogen.com\\\/de\\\/\",\"name\":\"EXOGEN Ultrasound Bone Healing System\",\"description\":\"Ultrasound Bone Healing System\",\"publisher\":{\"@id\":\"https:\\\/\\\/www.exogen.com\\\/de\\\/#organization\"},\"potentialAction\":[{\"@type\":\"SearchAction\",\"target\":{\"@type\":\"EntryPoint\",\"urlTemplate\":\"https:\\\/\\\/www.exogen.com\\\/de\\\/?s={search_term_string}\"},\"query-input\":{\"@type\":\"PropertyValueSpecification\",\"valueRequired\":true,\"valueName\":\"search_term_string\"}}],\"inLanguage\":\"de-DE\"},{\"@type\":\"Organization\",\"@id\":\"https:\\\/\\\/www.exogen.com\\\/de\\\/#organization\",\"name\":\"EXOGEN\",\"url\":\"https:\\\/\\\/www.exogen.com\\\/de\\\/\",\"logo\":{\"@type\":\"ImageObject\",\"inLanguage\":\"de-DE\",\"@id\":\"https:\\\/\\\/www.exogen.com\\\/de\\\/#\\\/schema\\\/logo\\\/image\\\/\",\"url\":\"https:\\\/\\\/www.exogen.com\\\/wp-content\\\/uploads\\\/2021\\\/10\\\/purple-logo.png\",\"contentUrl\":\"https:\\\/\\\/www.exogen.com\\\/wp-content\\\/uploads\\\/2021\\\/10\\\/purple-logo.png\",\"width\":264,\"height\":100,\"caption\":\"EXOGEN\"},\"image\":{\"@id\":\"https:\\\/\\\/www.exogen.com\\\/de\\\/#\\\/schema\\\/logo\\\/image\\\/\"},\"sameAs\":[\"https:\\\/\\\/www.facebook.com\\\/exogenbonehealing\\\/\",\"https:\\\/\\\/www.instagram.com\\\/exogenbonehealing\\\/\",\"https:\\\/\\\/www.youtube.com\\\/channel\\\/UCP5jnVTUjZZKlr_b-mxr49w\"]}]}<\/script>\n<!-- \/ Yoast SEO plugin. -->","yoast_head_json":{"title":"H\u00e4ufig gestellte Fragen - EXOGEN Knochenheilungs-Ultraschallsystem","robots":{"index":"index","follow":"follow","max-snippet":"max-snippet:-1","max-image-preview":"max-image-preview:large","max-video-preview":"max-video-preview:-1"},"canonical":"https:\/\/www.exogen.com\/de\/faqs\/","og_locale":"de_DE","og_type":"article","og_title":"H\u00e4ufig gestellte Fragen - EXOGEN Knochenheilungs-Ultraschallsystem","og_description":"[vc_row row_height_percent=&#8220;0&#8243; back_image=&#8220;119&#8243; back_repeat=&#8220;no-repeat&#8220; back_position=&#8220;center center&#8220; overlay_alpha=&#8220;50&#8243; gutter_size=&#8220;3&#8243; column_width_percent=&#8220;100&#8243; shift_y=&#8220;0&#8243; z_index=&#8220;0&#8243; uncode_shortcode_id=&#8220;603748&#8243; row_height_pixel=&#8220;460&#8243; back_size=&#8220;cover&#8220; el_class=&#8220;inner-banner&#8220; css=&#8220;.vc_custom_1634307666998{margin-top: 88px !important;margin-bottom: 44px !important;}&#8220;][vc_column [&hellip;]","og_url":"https:\/\/www.exogen.com\/de\/faqs\/","og_site_name":"EXOGEN Ultrasound Bone Healing System","article_publisher":"https:\/\/www.facebook.com\/exogenbonehealing\/","article_modified_time":"2022-01-13T23:32:32+00:00","twitter_card":"summary_large_image","twitter_misc":{"Gesch\u00e4tzte Lesezeit":"5 Minuten"},"schema":{"@context":"https:\/\/schema.org","@graph":[{"@type":"WebPage","@id":"https:\/\/www.exogen.com\/de\/faqs\/","url":"https:\/\/www.exogen.com\/de\/faqs\/","name":"H\u00e4ufig gestellte Fragen - EXOGEN Knochenheilungs-Ultraschallsystem","isPartOf":{"@id":"https:\/\/www.exogen.com\/de\/#website"},"datePublished":"2021-10-08T13:47:51+00:00","dateModified":"2022-01-13T23:32:32+00:00","breadcrumb":{"@id":"https:\/\/www.exogen.com\/de\/faqs\/#breadcrumb"},"inLanguage":"de-DE","potentialAction":[{"@type":"ReadAction","target":["https:\/\/www.exogen.com\/de\/faqs\/"]}]},{"@type":"BreadcrumbList","@id":"https:\/\/www.exogen.com\/de\/faqs\/#breadcrumb","itemListElement":[{"@type":"ListItem","position":1,"name":"Home","item":"https:\/\/www.exogen.com\/de\/"},{"@type":"ListItem","position":2,"name":"FAQs"}]},{"@type":"WebSite","@id":"https:\/\/www.exogen.com\/de\/#website","url":"https:\/\/www.exogen.com\/de\/","name":"EXOGEN Ultrasound Bone Healing System","description":"Ultrasound Bone Healing System","publisher":{"@id":"https:\/\/www.exogen.com\/de\/#organization"},"potentialAction":[{"@type":"SearchAction","target":{"@type":"EntryPoint","urlTemplate":"https:\/\/www.exogen.com\/de\/?s={search_term_string}"},"query-input":{"@type":"PropertyValueSpecification","valueRequired":true,"valueName":"search_term_string"}}],"inLanguage":"de-DE"},{"@type":"Organization","@id":"https:\/\/www.exogen.com\/de\/#organization","name":"EXOGEN","url":"https:\/\/www.exogen.com\/de\/","logo":{"@type":"ImageObject","inLanguage":"de-DE","@id":"https:\/\/www.exogen.com\/de\/#\/schema\/logo\/image\/","url":"https:\/\/www.exogen.com\/wp-content\/uploads\/2021\/10\/purple-logo.png","contentUrl":"https:\/\/www.exogen.com\/wp-content\/uploads\/2021\/10\/purple-logo.png","width":264,"height":100,"caption":"EXOGEN"},"image":{"@id":"https:\/\/www.exogen.com\/de\/#\/schema\/logo\/image\/"},"sameAs":["https:\/\/www.facebook.com\/exogenbonehealing\/","https:\/\/www.instagram.com\/exogenbonehealing\/","https:\/\/www.youtube.com\/channel\/UCP5jnVTUjZZKlr_b-mxr49w"]}]}},"_links":{"self":[{"href":"https:\/\/www.exogen.com\/de\/wp-json\/wp\/v2\/pages\/956","targetHints":{"allow":["GET"]}}],"collection":[{"href":"https:\/\/www.exogen.com\/de\/wp-json\/wp\/v2\/pages"}],"about":[{"href":"https:\/\/www.exogen.com\/de\/wp-json\/wp\/v2\/types\/page"}],"author":[{"embeddable":true,"href":"https:\/\/www.exogen.com\/de\/wp-json\/wp\/v2\/users\/1"}],"replies":[{"embeddable":true,"href":"https:\/\/www.exogen.com\/de\/wp-json\/wp\/v2\/comments?post=956"}],"version-history":[{"count":0,"href":"https:\/\/www.exogen.com\/de\/wp-json\/wp\/v2\/pages\/956\/revisions"}],"wp:attachment":[{"href":"https:\/\/www.exogen.com\/de\/wp-json\/wp\/v2\/media?parent=956"}],"curies":[{"name":"wp","href":"https:\/\/api.w.org\/{rel}","templated":true}]}}