{"id":960,"date":"2021-10-08T13:34:35","date_gmt":"2021-10-08T13:34:35","guid":{"rendered":"https:\/\/exogen.com\/frequently-asked-questions\/"},"modified":"2023-10-05T17:43:59","modified_gmt":"2023-10-05T17:43:59","slug":"frequently-asked-questions","status":"publish","type":"page","link":"https:\/\/www.exogen.com\/de\/frequently-asked-questions\/","title":{"rendered":"Frequently Asked Questions"},"content":{"rendered":"<div class=\"wpb-content-wrapper\"><p>[vc_row row_height_percent=&#8220;0&#8243; back_image=&#8220;138&#8243; back_repeat=&#8220;no-repeat&#8220; back_position=&#8220;center center&#8220; overlay_alpha=&#8220;50&#8243; gutter_size=&#8220;3&#8243; column_width_percent=&#8220;100&#8243; shift_y=&#8220;0&#8243; z_index=&#8220;0&#8243; uncode_shortcode_id=&#8220;124924&#8243; row_height_pixel=&#8220;460&#8243; back_size=&#8220;cover&#8220; el_class=&#8220;inner-banner&#8220; css=&#8220;.vc_custom_1634311194426{margin-top: 88px !important;margin-bottom: 44px !important;}&#8220;][vc_column column_width_percent=&#8220;100&#8243; position_vertical=&#8220;middle&#8220; gutter_size=&#8220;3&#8243; overlay_alpha=&#8220;50&#8243; shift_x=&#8220;0&#8243; shift_y=&#8220;0&#8243; shift_y_down=&#8220;0&#8243; z_index=&#8220;0&#8243; medium_width=&#8220;0&#8243; mobile_width=&#8220;0&#8243; width=&#8220;1\/2&#8243; uncode_shortcode_id=&#8220;652607&#8243;][vc_custom_heading text_color=&#8220;color-xsdn&#8220; heading_semantic=&#8220;h1&#8243; text_size=&#8220;fontsize-942846&#8243; text_weight=&#8220;400&#8243; text_transform=&#8220;uppercase&#8220; text_height=&#8220;fontheight-667169&#8243; uncode_shortcode_id=&#8220;202918&#8243; text_color_type=&#8220;uncode-palette&#8220;]H\u00e4ufig gestellte <span style=\"font-weight: 700 !important;\">Fragen<\/span>[\/vc_custom_heading][vc_button size=&#8220;btn-lg&#8220; radius=&#8220;btn-circle&#8220; hover_fx=&#8220;outlined&#8220; border_width=&#8220;1&#8243; icon_position=&#8220;right&#8220; uncode_shortcode_id=&#8220;179174&#8243; button_color_type=&#8220;uncode-solid&#8220; icon=&#8220;fa fa-arrow-right2&#8243; link=&#8220;url:%2Fcontact-an-exogen-rep%2F&#8220; button_color_solid=&#8220;rgba(0,0,0,0.01)&#8220; el_id=&#8220;button-transparent&#8220;]Einen EXOGEN Vertreter kontaktieren[\/vc_button][\/vc_column][vc_column width=&#8220;1\/2&#8243;][\/vc_column][\/vc_row][vc_row row_height_percent=&#8220;0&#8243; overlay_alpha=&#8220;50&#8243; gutter_size=&#8220;4&#8243; column_width_percent=&#8220;100&#8243; shift_y=&#8220;0&#8243; z_index=&#8220;0&#8243; uncode_shortcode_id=&#8220;900682&#8243;][vc_column width=&#8220;8\/12&#8243;][vc_custom_heading text_color=&#8220;color-107303&#8243; heading_semantic=&#8220;h3&#8243; text_font=&#8220;font-559666&#8243; text_size=&#8220;fontsize-950476&#8243; text_weight=&#8220;700&#8243; text_height=&#8220;fontheight-143712&#8243; uncode_shortcode_id=&#8220;143690&#8243; text_color_type=&#8220;uncode-palette&#8220;]Indikationen[\/vc_custom_heading][vc_accordion sign=&#8220;plus&#8220; el_class=&#8220;faq-wrapper&#8220;][vc_accordion_tab gutter_size=&#8220;2&#8243; column_padding=&#8220;2&#8243; title=&#8220;Wof\u00fcr ist EXOGEN zugelassen?&#8220; tab_id=&#8220;1633691501-1-161633700183818&#8243;][vc_column_text uncode_shortcode_id=&#8220;169950&#8243;]EXOGEN ist f\u00fcr die nicht-invasive Behandlung oss\u00e4rer Defekte (mit Ausnahme der Wirbel und des Sch\u00e4dels) sowie zur Behandlung von verz\u00f6gert ausheilenden Br\u00fcchen, Pseudarthrosen*, Belastungsbr\u00fcchen und Gelenkfusionen indiziert. EXOGEN ist au\u00dferdem f\u00fcr eine beschleunigte Ausheilung frischer Frakturen, zur Wiederherstellung nach Osteotomie, zur Wiederherstellung nach Knochentransportverfahren und zur Wiederherstellung nach Distraktionsosteogeneseverfahren indiziert.[\/vc_column_text][\/vc_accordion_tab][vc_accordion_tab gutter_size=&#8220;2&#8243; column_padding=&#8220;2&#8243; title=&#8220;Sind f\u00fcr EXOGEN Gegenanzeigen bekannt?&#8220; tab_id=&#8220;1633693522943-2-91633700183818&#8243;][vc_column_text uncode_shortcode_id=&#8220;407898&#8243;]F\u00fcr EXOGEN sind keine Gegenanzeigen bekannt.[\/vc_column_text][\/vc_accordion_tab][\/vc_accordion][vc_empty_space empty_h=&#8220;2&#8243;][vc_custom_heading text_color=&#8220;color-107303&#8243; heading_semantic=&#8220;h3&#8243; text_font=&#8220;font-559666&#8243; text_size=&#8220;fontsize-950476&#8243; text_weight=&#8220;700&#8243; text_height=&#8220;fontheight-143712&#8243; uncode_shortcode_id=&#8220;202162&#8243; text_color_type=&#8220;uncode-palette&#8220;]Behandlung von Frakturen[\/vc_custom_heading][vc_accordion sign=&#8220;plus&#8220; el_class=&#8220;faq-wrapper&#8220; active_tab=&#8220;#&#8220;][vc_accordion_tab gutter_size=&#8220;2&#8243; column_padding=&#8220;2&#8243; title=&#8220;Ist EXOGEN in der Lage, die gesamte Fraktur zu behandeln?&#8220; tab_id=&#8220;1633694628-1-931633700183818&#8243;][vc_column_text uncode_shortcode_id=&#8220;146219&#8243;]Ja, der biologische Effekt des Ultraschallstrahls wird \u00fcber Transversalwellen um die gesamte Bruchstelle \u00fcbertragen.<sup><a href=\"https:\/\/www.exogen.com\/de\/references\/\">61<\/a><\/sup>[\/vc_column_text][\/vc_accordion_tab][vc_accordion_tab gutter_size=&#8220;2&#8243; column_padding=&#8220;2&#8243; title=&#8220;Ist die Behandlung mit EXOGEN bei tiefen Frakturen wirksam, etwa bei Femurfrakturen?&#8220; tab_id=&#8220;1633694628-2-401633700183818&#8243;][vc_column_text uncode_shortcode_id=&#8220;948477&#8243;]In einer klinischen Evaluierung konnte mit EXOGEN eine Erfolgsrate von 84,3\u00a0% bei der Behandlung von Pseudarthrosen des Femur erzielt werden, was deutlich macht, dass EXOGEN f\u00fcr Patienten mit tiefen Frakturen eine hervorragende Behandlungsm\u00f6glichkeit darstellt.<sup><a href=\"https:\/\/www.exogen.com\/de\/references\/\">31<\/a><\/sup> Es wird empfohlen, die Bruchstelle mittels Targeting zu identifizieren.<sup><a href=\"https:\/\/www.exogen.com\/de\/references\/\">62<\/a><\/sup>[\/vc_column_text][\/vc_accordion_tab][vc_accordion_tab gutter_size=&#8220;2&#8243; column_padding=&#8220;2&#8243; title=&#8220;Wie wirkungsvoll dringt EXOGEN in das Weichgewebe ein?&#8220; tab_id=&#8220;1633695962047-2-61633700183818&#8243;][vc_column_text uncode_shortcode_id=&#8220;135645&#8243;]Die Ultraschallwellen von EXOGEN k\u00f6nnen Haut und Weichgewebe bis zu einer effektiven Tiefe von ~254\u00a0mm durchdringen.<sup><a href=\"https:\/\/www.exogen.com\/de\/references\/\">61<\/a><\/sup>[\/vc_column_text][\/vc_accordion_tab][vc_accordion_tab gutter_size=&#8220;2&#8243; column_padding=&#8220;2&#8243; title=&#8220;K\u00f6nnen Patienten mit Herzschrittmachern oder anderen aktiven, implantierbaren Ger\u00e4ten EXOGEN verwenden?&#8220; tab_id=&#8220;1633695978326-3-91633700183818&#8243;][vc_column_text uncode_shortcode_id=&#8220;145814&#8243;]Die Funktion aktiver implantierbarer Ger\u00e4te wie Herzschrittmacher kann durch Exposition gegen\u00fcber dem EXOGEN\u00a0Ger\u00e4t beeintr\u00e4chtigt werden. Patienten oder andere Personen, die sich w\u00e4hrend der Behandlung in unmittelbarer N\u00e4he des Ger\u00e4ts aufhalten, sollten vor Verwendung des EXOGEN\u00a0Ger\u00e4ts einen Kardiologen oder Arzt zu Rate ziehen.[\/vc_column_text][\/vc_accordion_tab][vc_accordion_tab gutter_size=&#8220;2&#8243; column_padding=&#8220;2&#8243; title=&#8220;Wie bereite ich meinen Patienten auf die Behandlung mit EXOGEN vor?&#8220; tab_id=&#8220;1633695996230-4-101633700183818&#8243;][vc_column_text uncode_shortcode_id=&#8220;220438&#8243;]Markieren Sie den Ort der Fraktur am Patienten. Der EXOGEN Schallkopf muss sich in direktem Kontakt mit der Haut befinden. Wenn der Patient also einen Gipsverband ben\u00f6tigt oder bereits tr\u00e4gt, muss ein Schallkopfeingang eingebaut oder eine \u00d6ffnung angelegt werden. Unsere geschulten EXOGEN\u00a0Spezialisten helfen Ihnen bei der korrekten Platzierung des Schallkopfeingangs bei Anlegung des Gipsverbands und bei Verwendung von Metallen bei Pseudarthrosen. F\u00fcr weitere Informationen laden Sie die <a href=\"https:\/\/www.exogen.com\/de\/physician-resources\/\">EXOGEN Anlegetechniken f\u00fcr den Gipsverband<\/a> herunter oder kontaktieren Sie den <a href=\"https:\/\/www.exogen.com\/de\/contact-an-exogen-rep\/\">Bioventus Kundenservice<\/a>.[\/vc_column_text][\/vc_accordion_tab][\/vc_accordion][vc_empty_space empty_h=&#8220;2&#8243;][vc_custom_heading text_color=&#8220;color-107303&#8243; heading_semantic=&#8220;h3&#8243; text_font=&#8220;font-559666&#8243; text_size=&#8220;fontsize-950476&#8243; text_weight=&#8220;700&#8243; text_height=&#8220;fontheight-143712&#8243; uncode_shortcode_id=&#8220;409302&#8243; text_color_type=&#8220;uncode-palette&#8220;]EXOGEN Ger\u00e4t und Kosten\u00fcbernahme[\/vc_custom_heading][vc_accordion sign=&#8220;plus&#8220; el_class=&#8220;faq-wrapper&#8220; active_tab=&#8220;#&#8220;][vc_accordion_tab gutter_size=&#8220;2&#8243; column_padding=&#8220;2&#8243; title=&#8220;Welche Komponenten umfasst das EXOGEN Ger\u00e4t?&#8220; tab_id=&#8220;1633696683-1-311633700183818&#8243;][vc_column_text uncode_shortcode_id=&#8220;422557&#8243;]Das EXOGEN Ger\u00e4t umfasst die Hauptbedieneinheit und das daran befestigte Kabel mit dem Schallkopf. Patienten erhalten au\u00dferdem einen Anwendungsgurt, Kontaktgel und ein Batterieladeger\u00e4t.[\/vc_column_text][\/vc_accordion_tab][vc_accordion_tab gutter_size=&#8220;2&#8243; column_padding=&#8220;2&#8243; title=&#8220;\u00dcbernehmen Krankenh\u00e4user und\/oder Krankenkassen die Kosten f\u00fcr EXOGEN?&#8220; tab_id=&#8220;1633696683-2-971633700183818&#8243;][vc_column_text uncode_shortcode_id=&#8220;217237&#8243;]Viele Krankenkassen \u00fcbernehmen die Kosten f\u00fcr das EXOGEN\u00a0Ger\u00e4t. F\u00fcr weitere Informationen wenden Sie sich bitte an Ihren EXOGEN-Vertreter vor Ort oder an den <a href=\"https:\/\/www.exogen.com\/us\/physician\/contact\/\">Bioventus Kundenservice<\/a>.[\/vc_column_text][\/vc_accordion_tab][\/vc_accordion][\/vc_column][vc_column width=&#8220;4\/12&#8243;][vc_single_image media=&#8220;127&#8243; media_width_percent=&#8220;100&#8243; uncode_shortcode_id=&#8220;155189&#8243;][vc_row_inner row_inner_height_percent=&#8220;0&#8243; overlay_alpha=&#8220;50&#8243; gutter_size=&#8220;3&#8243; shift_y=&#8220;0&#8243; z_index=&#8220;0&#8243; uncode_shortcode_id=&#8220;174241&#8243; css=&#8220;.vc_custom_1633693982448{margin-top: 0px !important;}&#8220; limit_content=&#8220;&#8220;][vc_column_inner column_width_percent=&#8220;100&#8243; gutter_size=&#8220;3&#8243; back_color=&#8220;color-763025&#8243; overlay_alpha=&#8220;50&#8243; shift_x=&#8220;0&#8243; shift_y=&#8220;0&#8243; shift_y_down=&#8220;0&#8243; z_index=&#8220;0&#8243; medium_width=&#8220;0&#8243; mobile_width=&#8220;0&#8243; width=&#8220;1\/1&#8243; uncode_shortcode_id=&#8220;121928&#8243; back_color_type=&#8220;uncode-palette&#8220;][vc_custom_heading text_color=&#8220;color-nhtu&#8220; heading_semantic=&#8220;h4&#8243; text_font=&#8220;font-559666&#8243; text_size=&#8220;fontsize-467755&#8243; text_weight=&#8220;700&#8243; text_height=&#8220;fontheight-143712&#8243; uncode_shortcode_id=&#8220;352279&#8243; text_color_type=&#8220;uncode-palette&#8220;]Sie finden keine Antwort auf Ihre Frage?[\/vc_custom_heading][vc_column_text uncode_shortcode_id=&#8220;149697&#8243; css=&#8220;.vc_custom_1639547733360{margin-top: 0px !important;margin-bottom: 0px !important;padding-top: 0px !important;padding-bottom: 0px !important;}&#8220;]Kontaktieren Sie uns[\/vc_column_text][vc_button button_color=&#8220;color-207599&#8243; size=&#8220;btn-sm&#8220; radius=&#8220;btn-circle&#8220; hover_fx=&#8220;full-colored&#8220; border_width=&#8220;0&#8243; icon_position=&#8220;right&#8220; uncode_shortcode_id=&#8220;190058&#8243; button_color_type=&#8220;uncode-palette&#8220; icon=&#8220;fa fa-arrow-right2&#8243; link=&#8220;url:%2Fcontact-us%2F&#8220;]Kontaktieren Sie uns[\/vc_button][\/vc_column_inner][\/vc_row_inner][\/vc_column][\/vc_row][vc_row row_height_percent=&#8220;0&#8243; overlay_alpha=&#8220;50&#8243; gutter_size=&#8220;3&#8243; column_width_percent=&#8220;100&#8243; border_color=&#8220;color-gyho&#8220; border_style=&#8220;solid&#8220; shift_y=&#8220;0&#8243; z_index=&#8220;0&#8243; uncode_shortcode_id=&#8220;193465&#8243; css=&#8220;.vc_custom_1633696557289{margin-top: 40px !important;margin-bottom: 0px !important;border-top-width: 1px !important;}&#8220; el_id=&#8220;description_text&#8220; border_color_type=&#8220;uncode-palette&#8220;][vc_column width=&#8220;1\/1&#8243;][vc_column_text uncode_shortcode_id=&#8220;198835&#8243;]<strong style=\"margin-bottom: 15px;\">Zusammenfassung der Anwendungsindikationen<br \/>\n<\/strong><\/p>\n<p>EXOGEN ist f\u00fcr die nicht-invasive Behandlung oss\u00e4rer Defekte (mit Ausnahme der Wirbel und des Sch\u00e4dels) sowie zur Behandlung von verz\u00f6gert ausheilenden Br\u00fcchen, Pseudarthrosen*, Belastungsbr\u00fcchen und Gelenkfusionen indiziert. EXOGEN ist au\u00dferdem f\u00fcr eine beschleunigte Ausheilung frischer Frakturen, zur Wiederherstellung nach Osteotomie, zur Wiederherstellung nach Knochentransportverfahren und zur Wiederherstellung nach Distraktionsosteogeneseverfahren indiziert.<\/p>\n<p>Es gibt keine bekannten Gegenanzeigen f\u00fcr das EXOGEN-System. Es wurden keine Untersuchungen zu Sicherheit und Wirksamkeit bei Personen mit unreifem Skelett und bei schwangeren oder stillenden Frauen, bei Patienten mit Herzschrittmacher, bei knochenkrebsbedingten Frakturen oder bei Patienten mit Durchblutungs- oder Blutgerinnungsst\u00f6rungen durchgef\u00fchrt. Manche Patienten k\u00f6nnen empfindlich auf das Ultraschallgel reagieren.<\/p>\n<p>Vollst\u00e4ndige Informationen zur Verordnung finden Sie auf der Produktetikettierung, unter <a href=\"https:\/\/www.exogen.com\/\">EXOGEN.com<\/a>, oder telefonisch mit einem Anruf beim Bioventus Kundenservice. <a href=\"tel:1-800-836-4080\"><strong>1-800-836-4080<\/strong><\/a>.<\/p>\n<p>*Eine schlecht heilende Knochenfraktur liegt vor, wenn die Bruchstelle keine sichtbaren Anzeichen eines fortschreitenden Heilungsprozesses aufweist.[\/vc_column_text][\/vc_column][\/vc_row]<\/p>\n<\/div>","protected":false},"excerpt":{"rendered":"<p>[vc_row row_height_percent=&#8220;0&#8243; back_image=&#8220;138&#8243; back_repeat=&#8220;no-repeat&#8220; back_position=&#8220;center center&#8220; overlay_alpha=&#8220;50&#8243; gutter_size=&#8220;3&#8243; column_width_percent=&#8220;100&#8243; shift_y=&#8220;0&#8243; z_index=&#8220;0&#8243; uncode_shortcode_id=&#8220;124924&#8243; row_height_pixel=&#8220;460&#8243; back_size=&#8220;cover&#8220; el_class=&#8220;inner-banner&#8220; css=&#8220;.vc_custom_1634311194426{margin-top: 88px !important;margin-bottom: 44px !important;}&#8220;][vc_column [&hellip;]<\/p>\n","protected":false},"author":1,"featured_media":0,"parent":0,"menu_order":0,"comment_status":"closed","ping_status":"closed","template":"","meta":{"_acf_changed":false,"_five9_enable_chat":"","footnotes":""},"class_list":["post-960","page","type-page","status-publish","hentry","page_category-hcp-de"],"acf":[],"yoast_head":"<!-- This site is optimized with the Yoast SEO plugin v27.3 - https:\/\/yoast.com\/product\/yoast-seo-wordpress\/ -->\n<title>F\u00fcr gesundheitsdienstleister - H\u00e4ufig gestellte Fragen - EXOGEN Knochenheilungs-Ultraschallsystem<\/title>\n<meta name=\"robots\" content=\"index, follow, max-snippet:-1, max-image-preview:large, max-video-preview:-1\" \/>\n<link rel=\"canonical\" href=\"https:\/\/www.exogen.com\/de\/frequently-asked-questions\/\" \/>\n<meta property=\"og:locale\" content=\"de_DE\" \/>\n<meta property=\"og:type\" content=\"article\" \/>\n<meta property=\"og:title\" content=\"F\u00fcr gesundheitsdienstleister - H\u00e4ufig gestellte Fragen - EXOGEN Knochenheilungs-Ultraschallsystem\" \/>\n<meta property=\"og:description\" content=\"[vc_row row_height_percent=&#8220;0&#8243; back_image=&#8220;138&#8243; back_repeat=&#8220;no-repeat&#8220; back_position=&#8220;center center&#8220; overlay_alpha=&#8220;50&#8243; gutter_size=&#8220;3&#8243; column_width_percent=&#8220;100&#8243; shift_y=&#8220;0&#8243; z_index=&#8220;0&#8243; uncode_shortcode_id=&#8220;124924&#8243; row_height_pixel=&#8220;460&#8243; back_size=&#8220;cover&#8220; el_class=&#8220;inner-banner&#8220; css=&#8220;.vc_custom_1634311194426{margin-top: 88px !important;margin-bottom: 44px !important;}&#8220;][vc_column [&hellip;]\" \/>\n<meta property=\"og:url\" content=\"https:\/\/www.exogen.com\/de\/frequently-asked-questions\/\" \/>\n<meta property=\"og:site_name\" content=\"EXOGEN Ultrasound Bone Healing System\" \/>\n<meta property=\"article:publisher\" content=\"https:\/\/www.facebook.com\/exogenbonehealing\/\" \/>\n<meta property=\"article:modified_time\" content=\"2023-10-05T17:43:59+00:00\" \/>\n<meta name=\"twitter:card\" content=\"summary_large_image\" \/>\n<meta name=\"twitter:label1\" content=\"Gesch\u00e4tzte Lesezeit\" \/>\n\t<meta name=\"twitter:data1\" content=\"4 Minuten\" \/>\n<script type=\"application\/ld+json\" class=\"yoast-schema-graph\">{\"@context\":\"https:\\\/\\\/schema.org\",\"@graph\":[{\"@type\":\"WebPage\",\"@id\":\"https:\\\/\\\/www.exogen.com\\\/de\\\/frequently-asked-questions\\\/\",\"url\":\"https:\\\/\\\/www.exogen.com\\\/de\\\/frequently-asked-questions\\\/\",\"name\":\"F\u00fcr gesundheitsdienstleister - H\u00e4ufig gestellte Fragen - EXOGEN Knochenheilungs-Ultraschallsystem\",\"isPartOf\":{\"@id\":\"https:\\\/\\\/www.exogen.com\\\/de\\\/#website\"},\"datePublished\":\"2021-10-08T13:34:35+00:00\",\"dateModified\":\"2023-10-05T17:43:59+00:00\",\"breadcrumb\":{\"@id\":\"https:\\\/\\\/www.exogen.com\\\/de\\\/frequently-asked-questions\\\/#breadcrumb\"},\"inLanguage\":\"de-DE\",\"potentialAction\":[{\"@type\":\"ReadAction\",\"target\":[\"https:\\\/\\\/www.exogen.com\\\/de\\\/frequently-asked-questions\\\/\"]}]},{\"@type\":\"BreadcrumbList\",\"@id\":\"https:\\\/\\\/www.exogen.com\\\/de\\\/frequently-asked-questions\\\/#breadcrumb\",\"itemListElement\":[{\"@type\":\"ListItem\",\"position\":1,\"name\":\"Home\",\"item\":\"https:\\\/\\\/www.exogen.com\\\/de\\\/\"},{\"@type\":\"ListItem\",\"position\":2,\"name\":\"Frequently Asked Questions\"}]},{\"@type\":\"WebSite\",\"@id\":\"https:\\\/\\\/www.exogen.com\\\/de\\\/#website\",\"url\":\"https:\\\/\\\/www.exogen.com\\\/de\\\/\",\"name\":\"EXOGEN Ultrasound Bone Healing System\",\"description\":\"Ultrasound Bone Healing System\",\"publisher\":{\"@id\":\"https:\\\/\\\/www.exogen.com\\\/de\\\/#organization\"},\"potentialAction\":[{\"@type\":\"SearchAction\",\"target\":{\"@type\":\"EntryPoint\",\"urlTemplate\":\"https:\\\/\\\/www.exogen.com\\\/de\\\/?s={search_term_string}\"},\"query-input\":{\"@type\":\"PropertyValueSpecification\",\"valueRequired\":true,\"valueName\":\"search_term_string\"}}],\"inLanguage\":\"de-DE\"},{\"@type\":\"Organization\",\"@id\":\"https:\\\/\\\/www.exogen.com\\\/de\\\/#organization\",\"name\":\"EXOGEN\",\"url\":\"https:\\\/\\\/www.exogen.com\\\/de\\\/\",\"logo\":{\"@type\":\"ImageObject\",\"inLanguage\":\"de-DE\",\"@id\":\"https:\\\/\\\/www.exogen.com\\\/de\\\/#\\\/schema\\\/logo\\\/image\\\/\",\"url\":\"https:\\\/\\\/www.exogen.com\\\/wp-content\\\/uploads\\\/2021\\\/10\\\/purple-logo.png\",\"contentUrl\":\"https:\\\/\\\/www.exogen.com\\\/wp-content\\\/uploads\\\/2021\\\/10\\\/purple-logo.png\",\"width\":264,\"height\":100,\"caption\":\"EXOGEN\"},\"image\":{\"@id\":\"https:\\\/\\\/www.exogen.com\\\/de\\\/#\\\/schema\\\/logo\\\/image\\\/\"},\"sameAs\":[\"https:\\\/\\\/www.facebook.com\\\/exogenbonehealing\\\/\",\"https:\\\/\\\/www.instagram.com\\\/exogenbonehealing\\\/\",\"https:\\\/\\\/www.youtube.com\\\/channel\\\/UCP5jnVTUjZZKlr_b-mxr49w\"]}]}<\/script>\n<!-- \/ Yoast SEO plugin. -->","yoast_head_json":{"title":"F\u00fcr gesundheitsdienstleister - H\u00e4ufig gestellte Fragen - EXOGEN Knochenheilungs-Ultraschallsystem","robots":{"index":"index","follow":"follow","max-snippet":"max-snippet:-1","max-image-preview":"max-image-preview:large","max-video-preview":"max-video-preview:-1"},"canonical":"https:\/\/www.exogen.com\/de\/frequently-asked-questions\/","og_locale":"de_DE","og_type":"article","og_title":"F\u00fcr gesundheitsdienstleister - H\u00e4ufig gestellte Fragen - EXOGEN Knochenheilungs-Ultraschallsystem","og_description":"[vc_row row_height_percent=&#8220;0&#8243; back_image=&#8220;138&#8243; back_repeat=&#8220;no-repeat&#8220; back_position=&#8220;center center&#8220; overlay_alpha=&#8220;50&#8243; gutter_size=&#8220;3&#8243; column_width_percent=&#8220;100&#8243; shift_y=&#8220;0&#8243; z_index=&#8220;0&#8243; uncode_shortcode_id=&#8220;124924&#8243; row_height_pixel=&#8220;460&#8243; back_size=&#8220;cover&#8220; el_class=&#8220;inner-banner&#8220; css=&#8220;.vc_custom_1634311194426{margin-top: 88px !important;margin-bottom: 44px !important;}&#8220;][vc_column [&hellip;]","og_url":"https:\/\/www.exogen.com\/de\/frequently-asked-questions\/","og_site_name":"EXOGEN Ultrasound Bone Healing System","article_publisher":"https:\/\/www.facebook.com\/exogenbonehealing\/","article_modified_time":"2023-10-05T17:43:59+00:00","twitter_card":"summary_large_image","twitter_misc":{"Gesch\u00e4tzte Lesezeit":"4 Minuten"},"schema":{"@context":"https:\/\/schema.org","@graph":[{"@type":"WebPage","@id":"https:\/\/www.exogen.com\/de\/frequently-asked-questions\/","url":"https:\/\/www.exogen.com\/de\/frequently-asked-questions\/","name":"F\u00fcr gesundheitsdienstleister - H\u00e4ufig gestellte Fragen - EXOGEN Knochenheilungs-Ultraschallsystem","isPartOf":{"@id":"https:\/\/www.exogen.com\/de\/#website"},"datePublished":"2021-10-08T13:34:35+00:00","dateModified":"2023-10-05T17:43:59+00:00","breadcrumb":{"@id":"https:\/\/www.exogen.com\/de\/frequently-asked-questions\/#breadcrumb"},"inLanguage":"de-DE","potentialAction":[{"@type":"ReadAction","target":["https:\/\/www.exogen.com\/de\/frequently-asked-questions\/"]}]},{"@type":"BreadcrumbList","@id":"https:\/\/www.exogen.com\/de\/frequently-asked-questions\/#breadcrumb","itemListElement":[{"@type":"ListItem","position":1,"name":"Home","item":"https:\/\/www.exogen.com\/de\/"},{"@type":"ListItem","position":2,"name":"Frequently Asked Questions"}]},{"@type":"WebSite","@id":"https:\/\/www.exogen.com\/de\/#website","url":"https:\/\/www.exogen.com\/de\/","name":"EXOGEN Ultrasound Bone Healing System","description":"Ultrasound Bone Healing System","publisher":{"@id":"https:\/\/www.exogen.com\/de\/#organization"},"potentialAction":[{"@type":"SearchAction","target":{"@type":"EntryPoint","urlTemplate":"https:\/\/www.exogen.com\/de\/?s={search_term_string}"},"query-input":{"@type":"PropertyValueSpecification","valueRequired":true,"valueName":"search_term_string"}}],"inLanguage":"de-DE"},{"@type":"Organization","@id":"https:\/\/www.exogen.com\/de\/#organization","name":"EXOGEN","url":"https:\/\/www.exogen.com\/de\/","logo":{"@type":"ImageObject","inLanguage":"de-DE","@id":"https:\/\/www.exogen.com\/de\/#\/schema\/logo\/image\/","url":"https:\/\/www.exogen.com\/wp-content\/uploads\/2021\/10\/purple-logo.png","contentUrl":"https:\/\/www.exogen.com\/wp-content\/uploads\/2021\/10\/purple-logo.png","width":264,"height":100,"caption":"EXOGEN"},"image":{"@id":"https:\/\/www.exogen.com\/de\/#\/schema\/logo\/image\/"},"sameAs":["https:\/\/www.facebook.com\/exogenbonehealing\/","https:\/\/www.instagram.com\/exogenbonehealing\/","https:\/\/www.youtube.com\/channel\/UCP5jnVTUjZZKlr_b-mxr49w"]}]}},"_links":{"self":[{"href":"https:\/\/www.exogen.com\/de\/wp-json\/wp\/v2\/pages\/960","targetHints":{"allow":["GET"]}}],"collection":[{"href":"https:\/\/www.exogen.com\/de\/wp-json\/wp\/v2\/pages"}],"about":[{"href":"https:\/\/www.exogen.com\/de\/wp-json\/wp\/v2\/types\/page"}],"author":[{"embeddable":true,"href":"https:\/\/www.exogen.com\/de\/wp-json\/wp\/v2\/users\/1"}],"replies":[{"embeddable":true,"href":"https:\/\/www.exogen.com\/de\/wp-json\/wp\/v2\/comments?post=960"}],"version-history":[{"count":0,"href":"https:\/\/www.exogen.com\/de\/wp-json\/wp\/v2\/pages\/960\/revisions"}],"wp:attachment":[{"href":"https:\/\/www.exogen.com\/de\/wp-json\/wp\/v2\/media?parent=960"}],"curies":[{"name":"wp","href":"https:\/\/api.w.org\/{rel}","templated":true}]}}