{"id":1951,"date":"2021-10-25T13:32:42","date_gmt":"2021-10-25T13:32:42","guid":{"rendered":"https:\/\/exogen.com\/are-there-ways-to-speed-up-bone-healing\/"},"modified":"2025-07-31T12:54:07","modified_gmt":"2025-07-31T12:54:07","slug":"are-there-ways-to-speed-up-bone-healing","status":"publish","type":"page","link":"https:\/\/www.exogen.com\/es\/are-there-ways-to-speed-up-bone-healing\/","title":{"rendered":"\u00bfHay alguna forma de acelerar la consolidaci\u00f3n \u00f3sea?"},"content":{"rendered":"<div class=\"wpb-content-wrapper\"><p>[vc_row row_height_percent=\u00bb0&#8243; overlay_alpha=\u00bb50&#8243; gutter_size=\u00bb3&#8243; column_width_percent=\u00bb100&#8243; shift_y=\u00bb0&#8243; z_index=\u00bb0&#8243; uncode_shortcode_id=\u00bb141354&#8243; row_height_pixel=\u00bb145&#8243; back_color_type=\u00bbuncode-gradient\u00bb back_color_gradient=\u00bb{\u00abcss\u00ab:\u00abbackground: linear-gradient(to bottom , rgb(211, 211, 211) , rgb(243, 240, 244) 34%);\u00ab,\u00absliders\u00ab:`{`{\u00abcolor\u00ab:\u00abrgb(211, 211, 211)\u00ab,\u00abposition\u00ab:0},{\u00abcolor\u00ab:\u00abrgb(243, 240, 244)\u00ab,\u00abposition\u00ab:34}`}`,\u00abtype\u00ab:\u00ablinear\u00ab,\u00abdirection\u00ab:\u00abtop\u00ab}\u00bb css=\u00bb.vc_custom_1633698520117{margin-top: 80px !important;margin-bottom: 60px !important;}\u00bb][vc_column column_width_percent=\u00bb100&#8243; position_vertical=\u00bbmiddle\u00bb gutter_size=\u00bb3&#8243; overlay_alpha=\u00bb50&#8243; shift_x=\u00bb0&#8243; shift_y=\u00bb0&#8243; shift_y_down=\u00bb0&#8243; z_index=\u00bb0&#8243; medium_width=\u00bb0&#8243; mobile_width=\u00bb0&#8243; width=\u00bb1\/1&#8243; uncode_shortcode_id=\u00bb697530&#8243;][vc_column_text text_color=\u00bbcolor-107303&#8243; uncode_shortcode_id=\u00bb130554&#8243; text_color_type=\u00bbuncode-palette\u00bb css=\u00bb.vc_custom_1753965385751{margin-top: 0px !important;margin-bottom: -30px !important;padding-top: 0px !important;padding-bottom: 0px !important;}\u00bb el_class=\u00bbtop-link\u00bb]<a href=\"https:\/\/www.exogen.com\/es\/faqs\/\"><i class=\"fa fa-angle-left\"><\/i> Atr\u00e1s<\/a>[\/vc_column_text][vc_custom_heading auto_text=\u00bbyes\u00bb text_color=\u00bbcolor-121277&#8243; heading_semantic=\u00bbh1&#8243; text_font=\u00bbfont-559666&#8243; text_size=\u00bbfontsize-242148&#8243; text_transform=\u00bbuppercase\u00bb text_height=\u00bbfontheight-133340&#8243; uncode_shortcode_id=\u00bb311603&#8243; text_color_type=\u00bbuncode-palette\u00bb]This is a custom heading element.[\/vc_custom_heading][\/vc_column][\/vc_row][vc_row row_height_percent=\u00bb0&#8243; overlay_alpha=\u00bb50&#8243; gutter_size=\u00bb3&#8243; column_width_percent=\u00bb100&#8243; shift_y=\u00bb0&#8243; z_index=\u00bb0&#8243; uncode_shortcode_id=\u00bb169022&#8243; css=\u00bb.vc_custom_1633699476839{margin-bottom: 40px !important;}\u00bb][vc_column width=\u00bb1\/1&#8243;][vc_column_text uncode_shortcode_id=\u00bb724430&#8243; css=\u00bb.vc_custom_1639923097994{margin-bottom: 15px !important;}\u00bb]Hay varias formas de acelerar el proceso de consolidaci\u00f3n \u00f3sea. Echemos un vistazo a\u00a0los remedios que pueden acelerar la consolidaci\u00f3n \u00f3sea.[\/vc_column_text][vc_column_text uncode_shortcode_id=\u00bb128881&#8243; css=\u00bb.vc_custom_1753966342820{margin-top: 0px !important;}\u00bb el_class=\u00bbfaq-page-content\u00bb]<strong>Haga ejercicio, no fume<\/strong><\/p>\n<p>Una vez que el m\u00e9dico le permita cargar peso corporal sobre la zona o extremidad que se ha roto, podr\u00e1 comenzar a hacer algo de ejercicio. El ejercicio mejora el riego sangu\u00edneo de la zona lesionada. Aparte de esto, el ejercicio ayuda a recuperar los m\u00fasculos alrededor de la lesi\u00f3n. Siga siempre las instrucciones de su m\u00e9dico relativas al reposo y al movimiento f\u00edsico para evitar problemas durante la curaci\u00f3n.<sup><a href=\"https:\/\/www.exogen.com\/es\/references\/\">47<\/a><\/sup><\/p>\n<p>Fumar durante el proceso de curaci\u00f3n puede retardar la consolidaci\u00f3n \u00f3sea.<sup><a href=\"https:\/\/www.exogen.com\/es\/references\/\">10,47<\/a><\/sup><\/p>\n<p><strong>M\u00e9todos de profesionales sanitarios para acelerar la consolidaci\u00f3n \u00f3sea<\/strong><br \/>\nLa fisioterapia se suele recomendar en la fase final del proceso de recuperaci\u00f3n plena.<\/p>\n<p><strong>Fisioterapia<\/strong><br \/>\nLa fisioterapia le ayuda de muchas formas diferentes, pero lo m\u00e1s importante es que le ayuda a:<sup><a href=\"https:\/\/www.exogen.com\/es\/references\/\">43<\/a><\/sup><\/p>\n<ul>\n<li>Reducir la rigidez<\/li>\n<li>Fortalecer los m\u00fasculos debilitados<\/li>\n<li>Mejorar el rango de movimiento<\/li>\n<li>Reducir el dolor<\/li>\n<li>Mejorar la funci\u00f3n del cuerpo afectada por la fractura<\/li>\n<\/ul>\n<p>Todos estos beneficios pueden ser resultado de los ejercicios que realizar\u00e1 con un fisioterapeuta.<\/p>\n<p><strong>Estimuladores \u00f3seos como EXOGEN<br \/>\n<\/strong>Es desesperante lo que tardan algunas fracturas en consolidar por s\u00ed solas. El sistema de consolidaci\u00f3n \u00f3sea por ultrasonido EXOGEN es una opci\u00f3n que le ayuda a acelerar la curaci\u00f3n del hueso. Este sistema utiliza ondas de ultrasonido seguras de baja intensidad para amplificar el proceso natural de consolidaci\u00f3n \u00f3sea.<br \/>\nEn ensayos cl\u00ednicos, el sistema de consolidaci\u00f3n \u00f3sea por ultrasonido EXOGEN aceler\u00f3 la curaci\u00f3n de determinadas fracturas \u00f3seas en un 38 % y favoreci\u00f3 la consolidaci\u00f3n \u00f3sea en el 86 % de las fracturas de no consolidaci\u00f3n.<sup><a href=\"https:\/\/www.exogen.com\/es\/references\/\">*1-3<\/a><\/sup><\/p>\n<p>El tratamiento diario con EXOGEN amplifica la consolidaci\u00f3n natural del hueso mediante tres acciones:<sup>\u2020<\/sup><\/p>\n<p><strong>1. Estimulaci\u00f3n<sup><a href=\"https:\/\/www.exogen.com\/es\/references\/\">36<\/a><\/sup><\/strong><br \/>\nEXOGEN env\u00eda ondas de ultrasonido a\u00a0trav\u00e9s de la piel, creando un movimiento que estimula las c\u00e9lulas del organismo.<\/p>\n<p><strong>2. Activaci\u00f3n<sup><a href=\"https:\/\/www.exogen.com\/es\/references\/\">37<\/a><\/sup><\/strong><br \/>\nEl ultrasonido de EXOGEN activa las c\u00e9lulas del cuerpo.<\/p>\n<p><strong>3. Regulaci\u00f3n por aumento<sup><a href=\"https:\/\/www.exogen.com\/es\/references\/\">38<\/a><\/sup><\/strong><br \/>\nLas ondas de ultrasonido de EXOGEN intensifican la regulaci\u00f3n por aumento, incrementando los factores que ayudan a activar el cuerpo para que se cure la fractura.[\/vc_column_text][vc_column_text uncode_shortcode_id=\u00bb101154&#8243; css=\u00bb.vc_custom_1753966373562{margin-top: 20px !important;}\u00bb]<a href=\"https:\/\/www.exogen.com\/es\/is-exogen-right-for-me\/\">Lea m\u00e1s informaci\u00f3n aqu\u00ed sobre c\u00f3mo funciona el estimulador \u00f3seo EXOGEN y averig\u00fce si es adecuado para usted.<\/a>[\/vc_column_text][vc_column_text uncode_shortcode_id=\u00bb175556&#8243; css=\u00bb.vc_custom_1641360943728{margin-top: 20px !important;}\u00bb]<small><sup>*<\/sup>Durante estos ensayos no se notificaron complicaciones ni efectos adversos importantes.<br \/>\n<sup>\u2020<\/sup>El rendimiento in vitro podr\u00eda no ser indicativo del rendimiento en humanos.<\/small>[\/vc_column_text][\/vc_column][\/vc_row][vc_row row_height_percent=\u00bb0&#8243; overlay_alpha=\u00bb50&#8243; gutter_size=\u00bb3&#8243; column_width_percent=\u00bb100&#8243; border_color=\u00bbcolor-gyho\u00bb border_style=\u00bbsolid\u00bb shift_y=\u00bb0&#8243; z_index=\u00bb0&#8243; uncode_shortcode_id=\u00bb193465&#8243; css=\u00bb.vc_custom_1633696557289{margin-top: 40px !important;margin-bottom: 0px !important;border-top-width: 1px !important;}\u00bb el_id=\u00bbdescription_text\u00bb border_color_type=\u00bbuncode-palette\u00bb][vc_column width=\u00bb1\/1&#8243;][vc_column_text uncode_shortcode_id=\u00bb118486&#8243; css=\u00bb.vc_custom_1639923417569{margin-top: 20px !important;}\u00bb]*Durante estos ensayos no se notificaron complicaciones ni efectos adversos importantes.<br \/>\n<sup>\u2020<\/sup>El rendimiento in vitro podr\u00eda no ser indicativo del rendimiento en humanos.[\/vc_column_text][vc_column_text uncode_shortcode_id=\u00bb176828&#8243;]<strong style=\"margin-bottom: 15px;\">Summary of Indications for Use<\/strong><\/p>\n<p>The EXOGEN Ultrasound Bone Healing System is indicated for the non-invasive treatment of established nonunions* excluding skull and vertebra. The EXOGEN device has also been reported as effective as an adjunctive non-invasive treatment of established nonunions in patients:<\/p>\n<ul>\n<li>With internal or external fracture fixation hardware present. EXOGEN cannot penetrate metal and therefore should not be applied directly over hardware.<\/li>\n<li>Undergoing treatment for infection at the fracture site. EXOGEN is not intended to treat the infection.<\/li>\n<li>Believed to have diminished bone quality. EXOGEN is not intended to treat diminished bone quality.<\/li>\n<\/ul>\n<p>In addition, EXOGEN is indicated for accelerating the time to a healed fracture for fresh, closed, posteriorly displaced distal radius fractures and fresh, closed or Grade I open tibial diaphysis fractures in skeletally mature individuals when these fractures are orthopedically managed by closed reduction and cast immobilization.<\/p>\n<p>There are no known contraindications for the EXOGEN device. Safety and effectiveness have not been established for individuals lacking skeletal maturity, pregnant or nursing women, patients with cardiac pacemakers, on fractures due to bone cancer, or on patients with poor blood circulation or clotting problems. Some patients may be sensitive to the ultrasound gel.<\/p>\n<p>*A nonunion is considered to be established when the fracture site shows no visibly progressive signs of healing.<\/p>\n<p>Full prescribing information can be found in product labelling, at <a href=\"https:\/\/www.exogen.com\/\">EXOGEN.com<\/a>, or by calling Customer Service at <a href=\"tel:1-800-836-4080\"><strong>1-800-836-4080<\/strong><\/a>.[\/vc_column_text][\/vc_column][\/vc_row]<\/p>\n<\/div>","protected":false},"excerpt":{"rendered":"<p>[vc_row row_height_percent=\u00bb0&#8243; overlay_alpha=\u00bb50&#8243; gutter_size=\u00bb3&#8243; column_width_percent=\u00bb100&#8243; shift_y=\u00bb0&#8243; z_index=\u00bb0&#8243; uncode_shortcode_id=\u00bb141354&#8243; row_height_pixel=\u00bb145&#8243; back_color_type=\u00bbuncode-gradient\u00bb back_color_gradient=\u00bb{\u00abcss\u00ab:\u00abbackground: linear-gradient(to bottom , rgb(211, 211, 211) , rgb(243, 240, [&hellip;]<\/p>\n","protected":false},"author":1,"featured_media":0,"parent":0,"menu_order":0,"comment_status":"closed","ping_status":"closed","template":"","meta":{"_acf_changed":false,"_five9_enable_chat":"","footnotes":""},"class_list":["post-1951","page","type-page","status-publish","hentry"],"acf":[],"yoast_head":"<!-- This site is optimized with the Yoast SEO plugin v27.3 - https:\/\/yoast.com\/product\/yoast-seo-wordpress\/ -->\n<title>\u00bfHay alguna forma de acelerar la consolidaci\u00f3n \u00f3sea? | EXOGEN Ultrasound Bone Healing System<\/title>\n<meta name=\"robots\" content=\"index, follow, max-snippet:-1, max-image-preview:large, max-video-preview:-1\" \/>\n<link rel=\"canonical\" href=\"https:\/\/www.exogen.com\/es\/are-there-ways-to-speed-up-bone-healing\/\" \/>\n<meta property=\"og:locale\" content=\"es_ES\" \/>\n<meta property=\"og:type\" content=\"article\" \/>\n<meta property=\"og:title\" content=\"\u00bfHay alguna forma de acelerar la consolidaci\u00f3n \u00f3sea? | EXOGEN Ultrasound Bone Healing System\" \/>\n<meta property=\"og:description\" content=\"[vc_row row_height_percent=\u00bb0&#8243; overlay_alpha=\u00bb50&#8243; gutter_size=\u00bb3&#8243; column_width_percent=\u00bb100&#8243; shift_y=\u00bb0&#8243; z_index=\u00bb0&#8243; uncode_shortcode_id=\u00bb141354&#8243; row_height_pixel=\u00bb145&#8243; back_color_type=\u00bbuncode-gradient\u00bb back_color_gradient=\u00bb{\u00abcss\u00ab:\u00abbackground: linear-gradient(to bottom , rgb(211, 211, 211) , rgb(243, 240, [&hellip;]\" \/>\n<meta property=\"og:url\" content=\"https:\/\/www.exogen.com\/es\/are-there-ways-to-speed-up-bone-healing\/\" \/>\n<meta property=\"og:site_name\" content=\"EXOGEN Ultrasound Bone Healing System\" \/>\n<meta property=\"article:publisher\" content=\"https:\/\/www.facebook.com\/exogenbonehealing\/\" \/>\n<meta property=\"article:modified_time\" content=\"2025-07-31T12:54:07+00:00\" \/>\n<meta name=\"twitter:card\" content=\"summary_large_image\" \/>\n<meta name=\"twitter:label1\" content=\"Tiempo de lectura\" \/>\n\t<meta name=\"twitter:data1\" content=\"4 minutos\" \/>\n<script type=\"application\/ld+json\" class=\"yoast-schema-graph\">{\"@context\":\"https:\\\/\\\/schema.org\",\"@graph\":[{\"@type\":\"WebPage\",\"@id\":\"https:\\\/\\\/www.exogen.com\\\/es\\\/are-there-ways-to-speed-up-bone-healing\\\/\",\"url\":\"https:\\\/\\\/www.exogen.com\\\/es\\\/are-there-ways-to-speed-up-bone-healing\\\/\",\"name\":\"\u00bfHay alguna forma de acelerar la consolidaci\u00f3n \u00f3sea? | EXOGEN Ultrasound Bone Healing System\",\"isPartOf\":{\"@id\":\"https:\\\/\\\/www.exogen.com\\\/es\\\/#website\"},\"datePublished\":\"2021-10-25T13:32:42+00:00\",\"dateModified\":\"2025-07-31T12:54:07+00:00\",\"breadcrumb\":{\"@id\":\"https:\\\/\\\/www.exogen.com\\\/es\\\/are-there-ways-to-speed-up-bone-healing\\\/#breadcrumb\"},\"inLanguage\":\"es\",\"potentialAction\":[{\"@type\":\"ReadAction\",\"target\":[\"https:\\\/\\\/www.exogen.com\\\/es\\\/are-there-ways-to-speed-up-bone-healing\\\/\"]}]},{\"@type\":\"BreadcrumbList\",\"@id\":\"https:\\\/\\\/www.exogen.com\\\/es\\\/are-there-ways-to-speed-up-bone-healing\\\/#breadcrumb\",\"itemListElement\":[{\"@type\":\"ListItem\",\"position\":1,\"name\":\"Home\",\"item\":\"https:\\\/\\\/www.exogen.com\\\/es\\\/\"},{\"@type\":\"ListItem\",\"position\":2,\"name\":\"\u00bfHay alguna forma de acelerar la consolidaci\u00f3n \u00f3sea?\"}]},{\"@type\":\"WebSite\",\"@id\":\"https:\\\/\\\/www.exogen.com\\\/es\\\/#website\",\"url\":\"https:\\\/\\\/www.exogen.com\\\/es\\\/\",\"name\":\"EXOGEN Ultrasound Bone Healing System\",\"description\":\"Ultrasound Bone Healing System\",\"publisher\":{\"@id\":\"https:\\\/\\\/www.exogen.com\\\/es\\\/#organization\"},\"potentialAction\":[{\"@type\":\"SearchAction\",\"target\":{\"@type\":\"EntryPoint\",\"urlTemplate\":\"https:\\\/\\\/www.exogen.com\\\/es\\\/?s={search_term_string}\"},\"query-input\":{\"@type\":\"PropertyValueSpecification\",\"valueRequired\":true,\"valueName\":\"search_term_string\"}}],\"inLanguage\":\"es\"},{\"@type\":\"Organization\",\"@id\":\"https:\\\/\\\/www.exogen.com\\\/es\\\/#organization\",\"name\":\"EXOGEN\",\"url\":\"https:\\\/\\\/www.exogen.com\\\/es\\\/\",\"logo\":{\"@type\":\"ImageObject\",\"inLanguage\":\"es\",\"@id\":\"https:\\\/\\\/www.exogen.com\\\/es\\\/#\\\/schema\\\/logo\\\/image\\\/\",\"url\":\"https:\\\/\\\/www.exogen.com\\\/wp-content\\\/uploads\\\/2021\\\/10\\\/purple-logo.png\",\"contentUrl\":\"https:\\\/\\\/www.exogen.com\\\/wp-content\\\/uploads\\\/2021\\\/10\\\/purple-logo.png\",\"width\":264,\"height\":100,\"caption\":\"EXOGEN\"},\"image\":{\"@id\":\"https:\\\/\\\/www.exogen.com\\\/es\\\/#\\\/schema\\\/logo\\\/image\\\/\"},\"sameAs\":[\"https:\\\/\\\/www.facebook.com\\\/exogenbonehealing\\\/\",\"https:\\\/\\\/www.instagram.com\\\/exogenbonehealing\\\/\",\"https:\\\/\\\/www.youtube.com\\\/channel\\\/UCP5jnVTUjZZKlr_b-mxr49w\"]}]}<\/script>\n<!-- \/ Yoast SEO plugin. -->","yoast_head_json":{"title":"\u00bfHay alguna forma de acelerar la consolidaci\u00f3n \u00f3sea? | EXOGEN Ultrasound Bone Healing System","robots":{"index":"index","follow":"follow","max-snippet":"max-snippet:-1","max-image-preview":"max-image-preview:large","max-video-preview":"max-video-preview:-1"},"canonical":"https:\/\/www.exogen.com\/es\/are-there-ways-to-speed-up-bone-healing\/","og_locale":"es_ES","og_type":"article","og_title":"\u00bfHay alguna forma de acelerar la consolidaci\u00f3n \u00f3sea? | EXOGEN Ultrasound Bone Healing System","og_description":"[vc_row row_height_percent=\u00bb0&#8243; overlay_alpha=\u00bb50&#8243; gutter_size=\u00bb3&#8243; column_width_percent=\u00bb100&#8243; shift_y=\u00bb0&#8243; z_index=\u00bb0&#8243; uncode_shortcode_id=\u00bb141354&#8243; row_height_pixel=\u00bb145&#8243; back_color_type=\u00bbuncode-gradient\u00bb back_color_gradient=\u00bb{\u00abcss\u00ab:\u00abbackground: linear-gradient(to bottom , rgb(211, 211, 211) , rgb(243, 240, [&hellip;]","og_url":"https:\/\/www.exogen.com\/es\/are-there-ways-to-speed-up-bone-healing\/","og_site_name":"EXOGEN Ultrasound Bone Healing System","article_publisher":"https:\/\/www.facebook.com\/exogenbonehealing\/","article_modified_time":"2025-07-31T12:54:07+00:00","twitter_card":"summary_large_image","twitter_misc":{"Tiempo de lectura":"4 minutos"},"schema":{"@context":"https:\/\/schema.org","@graph":[{"@type":"WebPage","@id":"https:\/\/www.exogen.com\/es\/are-there-ways-to-speed-up-bone-healing\/","url":"https:\/\/www.exogen.com\/es\/are-there-ways-to-speed-up-bone-healing\/","name":"\u00bfHay alguna forma de acelerar la consolidaci\u00f3n \u00f3sea? | EXOGEN Ultrasound Bone Healing System","isPartOf":{"@id":"https:\/\/www.exogen.com\/es\/#website"},"datePublished":"2021-10-25T13:32:42+00:00","dateModified":"2025-07-31T12:54:07+00:00","breadcrumb":{"@id":"https:\/\/www.exogen.com\/es\/are-there-ways-to-speed-up-bone-healing\/#breadcrumb"},"inLanguage":"es","potentialAction":[{"@type":"ReadAction","target":["https:\/\/www.exogen.com\/es\/are-there-ways-to-speed-up-bone-healing\/"]}]},{"@type":"BreadcrumbList","@id":"https:\/\/www.exogen.com\/es\/are-there-ways-to-speed-up-bone-healing\/#breadcrumb","itemListElement":[{"@type":"ListItem","position":1,"name":"Home","item":"https:\/\/www.exogen.com\/es\/"},{"@type":"ListItem","position":2,"name":"\u00bfHay alguna forma de acelerar la consolidaci\u00f3n \u00f3sea?"}]},{"@type":"WebSite","@id":"https:\/\/www.exogen.com\/es\/#website","url":"https:\/\/www.exogen.com\/es\/","name":"EXOGEN Ultrasound Bone Healing System","description":"Ultrasound Bone Healing System","publisher":{"@id":"https:\/\/www.exogen.com\/es\/#organization"},"potentialAction":[{"@type":"SearchAction","target":{"@type":"EntryPoint","urlTemplate":"https:\/\/www.exogen.com\/es\/?s={search_term_string}"},"query-input":{"@type":"PropertyValueSpecification","valueRequired":true,"valueName":"search_term_string"}}],"inLanguage":"es"},{"@type":"Organization","@id":"https:\/\/www.exogen.com\/es\/#organization","name":"EXOGEN","url":"https:\/\/www.exogen.com\/es\/","logo":{"@type":"ImageObject","inLanguage":"es","@id":"https:\/\/www.exogen.com\/es\/#\/schema\/logo\/image\/","url":"https:\/\/www.exogen.com\/wp-content\/uploads\/2021\/10\/purple-logo.png","contentUrl":"https:\/\/www.exogen.com\/wp-content\/uploads\/2021\/10\/purple-logo.png","width":264,"height":100,"caption":"EXOGEN"},"image":{"@id":"https:\/\/www.exogen.com\/es\/#\/schema\/logo\/image\/"},"sameAs":["https:\/\/www.facebook.com\/exogenbonehealing\/","https:\/\/www.instagram.com\/exogenbonehealing\/","https:\/\/www.youtube.com\/channel\/UCP5jnVTUjZZKlr_b-mxr49w"]}]}},"_links":{"self":[{"href":"https:\/\/www.exogen.com\/es\/wp-json\/wp\/v2\/pages\/1951","targetHints":{"allow":["GET"]}}],"collection":[{"href":"https:\/\/www.exogen.com\/es\/wp-json\/wp\/v2\/pages"}],"about":[{"href":"https:\/\/www.exogen.com\/es\/wp-json\/wp\/v2\/types\/page"}],"author":[{"embeddable":true,"href":"https:\/\/www.exogen.com\/es\/wp-json\/wp\/v2\/users\/1"}],"replies":[{"embeddable":true,"href":"https:\/\/www.exogen.com\/es\/wp-json\/wp\/v2\/comments?post=1951"}],"version-history":[{"count":0,"href":"https:\/\/www.exogen.com\/es\/wp-json\/wp\/v2\/pages\/1951\/revisions"}],"wp:attachment":[{"href":"https:\/\/www.exogen.com\/es\/wp-json\/wp\/v2\/media?parent=1951"}],"curies":[{"name":"wp","href":"https:\/\/api.w.org\/{rel}","templated":true}]}}