{"id":3378,"date":"2021-10-12T14:48:54","date_gmt":"2021-10-12T14:48:54","guid":{"rendered":"https:\/\/exogen.com\/how-to-get-exogen\/"},"modified":"2023-10-03T14:30:34","modified_gmt":"2023-10-03T14:30:34","slug":"how-to-get-exogen","status":"publish","type":"page","link":"https:\/\/www.exogen.com\/es\/how-to-get-exogen\/","title":{"rendered":"How to Get EXOGEN"},"content":{"rendered":"<div class=\"wpb-content-wrapper\"><p>[vc_row row_height_percent=\u00bb0&#8243; back_image=\u00bb239&#8243; back_repeat=\u00bbno-repeat\u00bb back_position=\u00bbcenter center\u00bb overlay_alpha=\u00bb50&#8243; gutter_size=\u00bb3&#8243; column_width_percent=\u00bb100&#8243; shift_y=\u00bb0&#8243; z_index=\u00bb0&#8243; uncode_shortcode_id=\u00bb103976&#8243; row_height_pixel=\u00bb460&#8243; back_size=\u00bbcover\u00bb el_class=\u00bbinner-banner\u00bb css=\u00bb.vc_custom_1634312010018{margin-top: 88px !important;margin-bottom: 60px !important;}\u00bb][vc_column column_width_percent=\u00bb100&#8243; position_vertical=\u00bbmiddle\u00bb gutter_size=\u00bb3&#8243; overlay_alpha=\u00bb50&#8243; shift_x=\u00bb0&#8243; shift_y=\u00bb0&#8243; shift_y_down=\u00bb0&#8243; z_index=\u00bb0&#8243; medium_width=\u00bb0&#8243; mobile_width=\u00bb0&#8243; width=\u00bb1\/2&#8243; uncode_shortcode_id=\u00bb208174&#8243; css=\u00bb.vc_custom_1634042877970{padding-top: 60px !important;}\u00bb][vc_custom_heading text_color=\u00bbcolor-xsdn\u00bb heading_semantic=\u00bbh1&#8243; text_size=\u00bbfontsize-942846&#8243; text_weight=\u00bb400&#8243; text_transform=\u00bbuppercase\u00bb text_height=\u00bbfontheight-667169&#8243; uncode_shortcode_id=\u00bb463385&#8243; text_color_type=\u00bbuncode-palette\u00bb]C\u00f3mo obtener<br \/>\n<span style=\"font-weight: 700 !important;\"> EXOGEN<\/span>[\/vc_custom_heading][\/vc_column][vc_column width=\u00bb1\/2&#8243;][\/vc_column][\/vc_row][vc_row][vc_column width=\u00bb1\/12&#8243;][\/vc_column][vc_column column_width_percent=\u00bb100&#8243; align_horizontal=\u00bbalign_center\u00bb gutter_size=\u00bb3&#8243; overlay_alpha=\u00bb50&#8243; shift_x=\u00bb0&#8243; shift_y=\u00bb0&#8243; shift_y_down=\u00bb0&#8243; z_index=\u00bb0&#8243; medium_width=\u00bb0&#8243; mobile_width=\u00bb0&#8243; width=\u00bb10\/12&#8243; uncode_shortcode_id=\u00bb129910&#8243; el_class=\u00bbbegining-text\u00bb][vc_custom_heading text_color=\u00bbcolor-121277&#8243; heading_semantic=\u00bbh3&#8243; text_font=\u00bbfont-559666&#8243; text_size=\u00bbfontsize-242148&#8243; text_transform=\u00bbuppercase\u00bb text_height=\u00bbfontheight-133340&#8243; text_space=\u00bbfontspace-572008&#8243; uncode_shortcode_id=\u00bb190102&#8243; text_color_type=\u00bbuncode-palette\u00bb]Obtener EXOGEN[\/vc_custom_heading][vc_empty_space empty_h=\u00bb1&#8243;][vc_column_text uncode_shortcode_id=\u00bb537937&#8243; css=\u00bb.vc_custom_1641387353649{margin-top: 5px !important;}\u00bb]<strong>Los sistemas de consolidaci\u00f3n \u00f3sea por ultrasonido EXOGEN est\u00e1n disponibles con receta de su profesional sanitario.<\/strong>[\/vc_column_text][vc_row_inner row_inner_height_percent=\u00bb0&#8243; overlay_alpha=\u00bb50&#8243; gutter_size=\u00bb3&#8243; shift_y=\u00bb0&#8243; z_index=\u00bb0&#8243; uncode_shortcode_id=\u00bb194768&#8243; css=\u00bb.vc_custom_1634785891659{margin-top: 20px !important;border-bottom-width: 0px !important;padding-top: 0px !important;padding-bottom: 0px !important;}\u00bb limit_content=\u00bb\u00bb][vc_column_inner width=\u00bb3\/12&#8243;][\/vc_column_inner][vc_column_inner column_width_percent=\u00bb100&#8243; gutter_size=\u00bb3&#8243; overlay_alpha=\u00bb50&#8243; shift_x=\u00bb0&#8243; shift_y=\u00bb0&#8243; shift_y_down=\u00bb0&#8243; z_index=\u00bb0&#8243; medium_width=\u00bb0&#8243; mobile_width=\u00bb0&#8243; width=\u00bb6\/12&#8243; uncode_shortcode_id=\u00bb148487&#8243;][vc_column_text uncode_shortcode_id=\u00bb530738&#8243; css=\u00bb.vc_custom_1641387391049{margin-top: 30px !important;margin-bottom: 10px !important;padding-top: 0px !important;padding-bottom: 0px !important;}\u00bb]1. Pregunte a\u00a0su m\u00e9dico por EXOGEN<br \/>\n2. Se le facilita el dispositivo<br \/>\n3. Comience el proceso de consolidaci\u00f3n desde casa[\/vc_column_text][\/vc_column_inner][vc_column_inner width=\u00bb3\/12&#8243;][\/vc_column_inner][\/vc_row_inner][vc_column_text uncode_shortcode_id=\u00bb108243&#8243; css=\u00bb.vc_custom_1696343430854{margin-top: 5px !important;}\u00bb]Nuestra <a href=\"https:\/\/www.exogen.com\/wp-content\/uploads\/2021\/10\/SMK-002294_EXOGEN_Bone-Healing-Discussion-Guide_US-1.pdf\">Gu\u00eda de discusi\u00f3n de consolidaci\u00f3n \u00f3sea de EXOGEN<\/a> le ayudar\u00e1 a\u00a0usted y\u00a0a\u00a0su m\u00e9dico a\u00a0determinar si EXOGEN es adecuado para usted. Rellene y\u00a0ll\u00e9vese esta \u00fatil herramienta de evaluaci\u00f3n a\u00a0su siguiente cita m\u00e9dica.[\/vc_column_text][vc_button button_color=\u00bbcolor-207599&#8243; size=\u00bbbtn-sm\u00bb radius=\u00bbbtn-circle\u00bb hover_fx=\u00bbfull-colored\u00bb border_width=\u00bb0&#8243; icon_position=\u00bbright\u00bb uncode_shortcode_id=\u00bb580214&#8243; button_color_type=\u00bbuncode-palette\u00bb icon=\u00bbfa fa-arrow-right2&#8243; link=\u00bburl:%2Fes%2Fcontact-an-exogen-rep%2F\u00bb]\u00bfEs usted un profesional sanitario? P\u00f3ngase en contacto con un representante de EXOGEN[\/vc_button][vc_column_text uncode_shortcode_id=\u00bb497659&#8243; css=\u00bb.vc_custom_1641387644987{margin-top: 45px !important;}\u00bb]P\u00f3ngase en contacto con el servicio de atenci\u00f3n al cliente de Bioventus llamando al 93.541.37.45 para obtener m\u00e1s informaci\u00f3n.<\/p>\n<p>Tel: <a href=\"tel:93.541.37.45\">93.541.37.45<\/a><br \/>\nCorreo electr\u00f3nico: <a href=\"mailto:sergidiaz@sdtrauma.com\">sergidiaz@sdtrauma.com<\/a><\/p>\n<p><strong>Bioventus Global<\/strong><br \/>\n<a href=\"https:\/\/www.bioventus.com\/\" target=\"_blank\" rel=\"noopener\">www.Bioventus.com<\/a>[\/vc_column_text][\/vc_column][vc_column width=\u00bb1\/12&#8243;][\/vc_column][\/vc_row]<\/p>\n<\/div>","protected":false},"excerpt":{"rendered":"<p>[vc_row row_height_percent=\u00bb0&#8243; back_image=\u00bb239&#8243; back_repeat=\u00bbno-repeat\u00bb back_position=\u00bbcenter center\u00bb overlay_alpha=\u00bb50&#8243; gutter_size=\u00bb3&#8243; column_width_percent=\u00bb100&#8243; shift_y=\u00bb0&#8243; z_index=\u00bb0&#8243; uncode_shortcode_id=\u00bb103976&#8243; row_height_pixel=\u00bb460&#8243; back_size=\u00bbcover\u00bb el_class=\u00bbinner-banner\u00bb css=\u00bb.vc_custom_1634312010018{margin-top: 88px !important;margin-bottom: 60px !important;}\u00bb][vc_column [&hellip;]<\/p>\n","protected":false},"author":1,"featured_media":0,"parent":0,"menu_order":0,"comment_status":"closed","ping_status":"closed","template":"","meta":{"_acf_changed":false,"_five9_enable_chat":"","footnotes":""},"class_list":["post-3378","page","type-page","status-publish","hentry"],"acf":[],"yoast_head":"<!-- This site is optimized with the Yoast SEO plugin v27.3 - https:\/\/yoast.com\/product\/yoast-seo-wordpress\/ -->\n<title>C\u00f3mo obtener EXOGEN - El Sistema de Consolidaci\u00f3n \u00d3sea por Ultrasonido EXOGEN<\/title>\n<meta name=\"robots\" content=\"index, follow, max-snippet:-1, max-image-preview:large, max-video-preview:-1\" \/>\n<link rel=\"canonical\" href=\"https:\/\/www.exogen.com\/es\/how-to-get-exogen\/\" \/>\n<meta property=\"og:locale\" content=\"es_ES\" \/>\n<meta property=\"og:type\" content=\"article\" \/>\n<meta property=\"og:title\" content=\"C\u00f3mo obtener EXOGEN - El Sistema de Consolidaci\u00f3n \u00d3sea por Ultrasonido EXOGEN\" \/>\n<meta property=\"og:description\" content=\"[vc_row row_height_percent=\u00bb0&#8243; back_image=\u00bb239&#8243; back_repeat=\u00bbno-repeat\u00bb back_position=\u00bbcenter center\u00bb overlay_alpha=\u00bb50&#8243; gutter_size=\u00bb3&#8243; column_width_percent=\u00bb100&#8243; shift_y=\u00bb0&#8243; z_index=\u00bb0&#8243; uncode_shortcode_id=\u00bb103976&#8243; row_height_pixel=\u00bb460&#8243; back_size=\u00bbcover\u00bb el_class=\u00bbinner-banner\u00bb css=\u00bb.vc_custom_1634312010018{margin-top: 88px !important;margin-bottom: 60px !important;}\u00bb][vc_column [&hellip;]\" \/>\n<meta property=\"og:url\" content=\"https:\/\/www.exogen.com\/es\/how-to-get-exogen\/\" \/>\n<meta property=\"og:site_name\" content=\"EXOGEN Ultrasound Bone Healing System\" \/>\n<meta property=\"article:publisher\" content=\"https:\/\/www.facebook.com\/exogenbonehealing\/\" \/>\n<meta property=\"article:modified_time\" content=\"2023-10-03T14:30:34+00:00\" \/>\n<meta name=\"twitter:card\" content=\"summary_large_image\" \/>\n<meta name=\"twitter:label1\" content=\"Tiempo de lectura\" \/>\n\t<meta name=\"twitter:data1\" content=\"2 minutos\" \/>\n<script type=\"application\/ld+json\" class=\"yoast-schema-graph\">{\"@context\":\"https:\\\/\\\/schema.org\",\"@graph\":[{\"@type\":\"WebPage\",\"@id\":\"https:\\\/\\\/www.exogen.com\\\/es\\\/how-to-get-exogen\\\/\",\"url\":\"https:\\\/\\\/www.exogen.com\\\/es\\\/how-to-get-exogen\\\/\",\"name\":\"C\u00f3mo obtener EXOGEN - El Sistema de Consolidaci\u00f3n \u00d3sea por Ultrasonido EXOGEN\",\"isPartOf\":{\"@id\":\"https:\\\/\\\/www.exogen.com\\\/es\\\/#website\"},\"datePublished\":\"2021-10-12T14:48:54+00:00\",\"dateModified\":\"2023-10-03T14:30:34+00:00\",\"breadcrumb\":{\"@id\":\"https:\\\/\\\/www.exogen.com\\\/es\\\/how-to-get-exogen\\\/#breadcrumb\"},\"inLanguage\":\"es\",\"potentialAction\":[{\"@type\":\"ReadAction\",\"target\":[\"https:\\\/\\\/www.exogen.com\\\/es\\\/how-to-get-exogen\\\/\"]}]},{\"@type\":\"BreadcrumbList\",\"@id\":\"https:\\\/\\\/www.exogen.com\\\/es\\\/how-to-get-exogen\\\/#breadcrumb\",\"itemListElement\":[{\"@type\":\"ListItem\",\"position\":1,\"name\":\"Home\",\"item\":\"https:\\\/\\\/www.exogen.com\\\/es\\\/\"},{\"@type\":\"ListItem\",\"position\":2,\"name\":\"How to Get EXOGEN\"}]},{\"@type\":\"WebSite\",\"@id\":\"https:\\\/\\\/www.exogen.com\\\/es\\\/#website\",\"url\":\"https:\\\/\\\/www.exogen.com\\\/es\\\/\",\"name\":\"EXOGEN Ultrasound Bone Healing System\",\"description\":\"Ultrasound Bone Healing System\",\"publisher\":{\"@id\":\"https:\\\/\\\/www.exogen.com\\\/es\\\/#organization\"},\"potentialAction\":[{\"@type\":\"SearchAction\",\"target\":{\"@type\":\"EntryPoint\",\"urlTemplate\":\"https:\\\/\\\/www.exogen.com\\\/es\\\/?s={search_term_string}\"},\"query-input\":{\"@type\":\"PropertyValueSpecification\",\"valueRequired\":true,\"valueName\":\"search_term_string\"}}],\"inLanguage\":\"es\"},{\"@type\":\"Organization\",\"@id\":\"https:\\\/\\\/www.exogen.com\\\/es\\\/#organization\",\"name\":\"EXOGEN\",\"url\":\"https:\\\/\\\/www.exogen.com\\\/es\\\/\",\"logo\":{\"@type\":\"ImageObject\",\"inLanguage\":\"es\",\"@id\":\"https:\\\/\\\/www.exogen.com\\\/es\\\/#\\\/schema\\\/logo\\\/image\\\/\",\"url\":\"https:\\\/\\\/www.exogen.com\\\/wp-content\\\/uploads\\\/2021\\\/10\\\/purple-logo.png\",\"contentUrl\":\"https:\\\/\\\/www.exogen.com\\\/wp-content\\\/uploads\\\/2021\\\/10\\\/purple-logo.png\",\"width\":264,\"height\":100,\"caption\":\"EXOGEN\"},\"image\":{\"@id\":\"https:\\\/\\\/www.exogen.com\\\/es\\\/#\\\/schema\\\/logo\\\/image\\\/\"},\"sameAs\":[\"https:\\\/\\\/www.facebook.com\\\/exogenbonehealing\\\/\",\"https:\\\/\\\/www.instagram.com\\\/exogenbonehealing\\\/\",\"https:\\\/\\\/www.youtube.com\\\/channel\\\/UCP5jnVTUjZZKlr_b-mxr49w\"]}]}<\/script>\n<!-- \/ Yoast SEO plugin. -->","yoast_head_json":{"title":"C\u00f3mo obtener EXOGEN - El Sistema de Consolidaci\u00f3n \u00d3sea por Ultrasonido EXOGEN","robots":{"index":"index","follow":"follow","max-snippet":"max-snippet:-1","max-image-preview":"max-image-preview:large","max-video-preview":"max-video-preview:-1"},"canonical":"https:\/\/www.exogen.com\/es\/how-to-get-exogen\/","og_locale":"es_ES","og_type":"article","og_title":"C\u00f3mo obtener EXOGEN - El Sistema de Consolidaci\u00f3n \u00d3sea por Ultrasonido EXOGEN","og_description":"[vc_row row_height_percent=\u00bb0&#8243; back_image=\u00bb239&#8243; back_repeat=\u00bbno-repeat\u00bb back_position=\u00bbcenter center\u00bb overlay_alpha=\u00bb50&#8243; gutter_size=\u00bb3&#8243; column_width_percent=\u00bb100&#8243; shift_y=\u00bb0&#8243; z_index=\u00bb0&#8243; uncode_shortcode_id=\u00bb103976&#8243; row_height_pixel=\u00bb460&#8243; back_size=\u00bbcover\u00bb el_class=\u00bbinner-banner\u00bb css=\u00bb.vc_custom_1634312010018{margin-top: 88px !important;margin-bottom: 60px !important;}\u00bb][vc_column [&hellip;]","og_url":"https:\/\/www.exogen.com\/es\/how-to-get-exogen\/","og_site_name":"EXOGEN Ultrasound Bone Healing System","article_publisher":"https:\/\/www.facebook.com\/exogenbonehealing\/","article_modified_time":"2023-10-03T14:30:34+00:00","twitter_card":"summary_large_image","twitter_misc":{"Tiempo de lectura":"2 minutos"},"schema":{"@context":"https:\/\/schema.org","@graph":[{"@type":"WebPage","@id":"https:\/\/www.exogen.com\/es\/how-to-get-exogen\/","url":"https:\/\/www.exogen.com\/es\/how-to-get-exogen\/","name":"C\u00f3mo obtener EXOGEN - El Sistema de Consolidaci\u00f3n \u00d3sea por Ultrasonido EXOGEN","isPartOf":{"@id":"https:\/\/www.exogen.com\/es\/#website"},"datePublished":"2021-10-12T14:48:54+00:00","dateModified":"2023-10-03T14:30:34+00:00","breadcrumb":{"@id":"https:\/\/www.exogen.com\/es\/how-to-get-exogen\/#breadcrumb"},"inLanguage":"es","potentialAction":[{"@type":"ReadAction","target":["https:\/\/www.exogen.com\/es\/how-to-get-exogen\/"]}]},{"@type":"BreadcrumbList","@id":"https:\/\/www.exogen.com\/es\/how-to-get-exogen\/#breadcrumb","itemListElement":[{"@type":"ListItem","position":1,"name":"Home","item":"https:\/\/www.exogen.com\/es\/"},{"@type":"ListItem","position":2,"name":"How to Get EXOGEN"}]},{"@type":"WebSite","@id":"https:\/\/www.exogen.com\/es\/#website","url":"https:\/\/www.exogen.com\/es\/","name":"EXOGEN Ultrasound Bone Healing System","description":"Ultrasound Bone Healing System","publisher":{"@id":"https:\/\/www.exogen.com\/es\/#organization"},"potentialAction":[{"@type":"SearchAction","target":{"@type":"EntryPoint","urlTemplate":"https:\/\/www.exogen.com\/es\/?s={search_term_string}"},"query-input":{"@type":"PropertyValueSpecification","valueRequired":true,"valueName":"search_term_string"}}],"inLanguage":"es"},{"@type":"Organization","@id":"https:\/\/www.exogen.com\/es\/#organization","name":"EXOGEN","url":"https:\/\/www.exogen.com\/es\/","logo":{"@type":"ImageObject","inLanguage":"es","@id":"https:\/\/www.exogen.com\/es\/#\/schema\/logo\/image\/","url":"https:\/\/www.exogen.com\/wp-content\/uploads\/2021\/10\/purple-logo.png","contentUrl":"https:\/\/www.exogen.com\/wp-content\/uploads\/2021\/10\/purple-logo.png","width":264,"height":100,"caption":"EXOGEN"},"image":{"@id":"https:\/\/www.exogen.com\/es\/#\/schema\/logo\/image\/"},"sameAs":["https:\/\/www.facebook.com\/exogenbonehealing\/","https:\/\/www.instagram.com\/exogenbonehealing\/","https:\/\/www.youtube.com\/channel\/UCP5jnVTUjZZKlr_b-mxr49w"]}]}},"_links":{"self":[{"href":"https:\/\/www.exogen.com\/es\/wp-json\/wp\/v2\/pages\/3378","targetHints":{"allow":["GET"]}}],"collection":[{"href":"https:\/\/www.exogen.com\/es\/wp-json\/wp\/v2\/pages"}],"about":[{"href":"https:\/\/www.exogen.com\/es\/wp-json\/wp\/v2\/types\/page"}],"author":[{"embeddable":true,"href":"https:\/\/www.exogen.com\/es\/wp-json\/wp\/v2\/users\/1"}],"replies":[{"embeddable":true,"href":"https:\/\/www.exogen.com\/es\/wp-json\/wp\/v2\/comments?post=3378"}],"version-history":[{"count":0,"href":"https:\/\/www.exogen.com\/es\/wp-json\/wp\/v2\/pages\/3378\/revisions"}],"wp:attachment":[{"href":"https:\/\/www.exogen.com\/es\/wp-json\/wp\/v2\/media?parent=3378"}],"curies":[{"name":"wp","href":"https:\/\/api.w.org\/{rel}","templated":true}]}}