{"id":3482,"date":"2021-10-08T13:34:35","date_gmt":"2021-10-08T13:34:35","guid":{"rendered":"https:\/\/exogen.com\/frequently-asked-questions\/"},"modified":"2025-08-22T13:21:11","modified_gmt":"2025-08-22T13:21:11","slug":"frequently-asked-questions","status":"publish","type":"page","link":"https:\/\/www.exogen.com\/es\/frequently-asked-questions\/","title":{"rendered":"Frequently Asked Questions"},"content":{"rendered":"<div class=\"wpb-content-wrapper\"><p>[vc_row row_height_percent=\u00bb0&#8243; back_image=\u00bb11367&#8243; back_repeat=\u00bbno-repeat\u00bb back_position=\u00bbcenter center\u00bb overlay_alpha=\u00bb50&#8243; gutter_size=\u00bb3&#8243; column_width_percent=\u00bb100&#8243; shift_y=\u00bb0&#8243; z_index=\u00bb0&#8243; content_parallax=\u00bb0&#8243; uncode_shortcode_id=\u00bb191826&#8243; row_height_pixel=\u00bb460&#8243; back_size=\u00bbcover\u00bb el_class=\u00bbinner-banner\u00bb css=\u00bb.vc_custom_1755868867171{margin-top: 88px !important;margin-bottom: 44px !important;}\u00bb][vc_column column_width_percent=\u00bb100&#8243; position_vertical=\u00bbmiddle\u00bb gutter_size=\u00bb3&#8243; overlay_alpha=\u00bb50&#8243; shift_x=\u00bb0&#8243; shift_y=\u00bb0&#8243; shift_y_down=\u00bb0&#8243; z_index=\u00bb0&#8243; medium_width=\u00bb0&#8243; mobile_width=\u00bb0&#8243; width=\u00bb1\/2&#8243; uncode_shortcode_id=\u00bb652607&#8243;][vc_custom_heading text_color=\u00bbcolor-xsdn\u00bb heading_semantic=\u00bbh1&#8243; text_size=\u00bbfontsize-942846&#8243; text_weight=\u00bb400&#8243; text_transform=\u00bbuppercase\u00bb text_height=\u00bbfontheight-667169&#8243; uncode_shortcode_id=\u00bb815107&#8243; text_color_type=\u00bbuncode-palette\u00bb]Preguntas <span style=\"font-weight: 700 !important;\">frecuentes<\/span>[\/vc_custom_heading][vc_button size=\u00bbbtn-lg\u00bb radius=\u00bbbtn-circle\u00bb hover_fx=\u00bboutlined\u00bb border_width=\u00bb1&#8243; icon_position=\u00bbright\u00bb uncode_shortcode_id=\u00bb140637&#8243; button_color_type=\u00bbuncode-solid\u00bb icon=\u00bbfa fa-arrow-right2&#8243; link=\u00bburl:%2Fes%2Fcontact-an-exogen-rep%2F\u00bb button_color_solid=\u00bbrgba(0,0,0,0.01)\u00bb el_id=\u00bbbutton-transparent\u00bb]P\u00f3ngase en contacto con un representante de EXOGEN[\/vc_button][\/vc_column][vc_column width=\u00bb1\/2&#8243;][\/vc_column][\/vc_row][vc_row row_height_percent=\u00bb0&#8243; overlay_alpha=\u00bb50&#8243; gutter_size=\u00bb4&#8243; column_width_percent=\u00bb100&#8243; shift_y=\u00bb0&#8243; z_index=\u00bb0&#8243; uncode_shortcode_id=\u00bb900682&#8243;][vc_column width=\u00bb8\/12&#8243;][vc_custom_heading text_color=\u00bbcolor-107303&#8243; heading_semantic=\u00bbh3&#8243; text_font=\u00bbfont-559666&#8243; text_size=\u00bbfontsize-950476&#8243; text_weight=\u00bb700&#8243; text_height=\u00bbfontheight-143712&#8243; uncode_shortcode_id=\u00bb131508&#8243; text_color_type=\u00bbuncode-palette\u00bb]Indicaciones de uso[\/vc_custom_heading][vc_accordion sign=\u00bbplus\u00bb el_class=\u00bbfaq-wrapper\u00bb][vc_accordion_tab gutter_size=\u00bb2&#8243; column_padding=\u00bb2&#8243; title=\u00bb\u00bfPara qu\u00e9 est\u00e1 aprobado EXOGEN?\u00bb tab_id=\u00bb1633691501-1-161633700183818&#8243;][vc_column_text uncode_shortcode_id=\u00bb158335&#8243;]EXOGEN est\u00e1 indicado para el tratamiento no invasivo de defectos \u00f3seos (excepto los de las v\u00e9rtebras y\u00a0el cr\u00e1neo), lo que incluye el tratamiento de retrasos de consolidaci\u00f3n, seudoartrosis*, fracturas por sobrecarga y\u00a0artrodesis. EXOGEN tambi\u00e9n est\u00e1 indicado para acelerar el tiempo de consolidaci\u00f3n de las fracturas recientes, las reparaciones posteriores a\u00a0una osteotom\u00eda, las reparaciones en procedimientos de transporte \u00f3seo y\u00a0las reparaciones en procedimientos de osteog\u00e9nesis de elongaci\u00f3n.[\/vc_column_text][\/vc_accordion_tab][vc_accordion_tab gutter_size=\u00bb2&#8243; column_padding=\u00bb2&#8243; title=\u00bb\u00bfTiene EXOGEN alguna contraindicaci\u00f3n?\u00bb tab_id=\u00bb1633691501-2-571633700183818&#8243;][vc_column_text uncode_shortcode_id=\u00bb130181&#8243;]EXOGEN no tiene contraindicaciones conocidas.[\/vc_column_text][\/vc_accordion_tab][\/vc_accordion][vc_empty_space empty_h=\u00bb2&#8243;][vc_custom_heading text_color=\u00bbcolor-107303&#8243; heading_semantic=\u00bbh3&#8243; text_font=\u00bbfont-559666&#8243; text_size=\u00bbfontsize-950476&#8243; text_weight=\u00bb700&#8243; text_height=\u00bbfontheight-143712&#8243; uncode_shortcode_id=\u00bb335151&#8243; text_color_type=\u00bbuncode-palette\u00bb]Tratamiento de fracturas[\/vc_custom_heading][vc_accordion sign=\u00bbplus\u00bb el_class=\u00bbfaq-wrapper\u00bb active_tab=\u00bb#\u00bb][vc_accordion_tab gutter_size=\u00bb2&#8243; column_padding=\u00bb2&#8243; title=\u00bb\u00bfEXOGEN puede tratar la fractura completa?\u00bb tab_id=\u00bb1633694628-1-931633700183818&#8243;][vc_column_text uncode_shortcode_id=\u00bb101476&#8243;]S\u00ed, el efecto biol\u00f3gico del haz de ultrasonido rodea toda la fractura mediante ondas rotacionales.<sup><a href=\"https:\/\/www.exogen.com\/es\/references\/\">61<\/a><\/sup>[\/vc_column_text][\/vc_accordion_tab][vc_accordion_tab gutter_size=\u00bb2&#8243; column_padding=\u00bb2&#8243; title=\u00bb\u00bfEs efectivo el tratamiento con EXOGEN en fracturas profundas, como las de f\u00e9mur?\u00bb tab_id=\u00bb1633694628-2-401633700183818&#8243;][vc_column_text uncode_shortcode_id=\u00bb146364&#8243;]En una evaluaci\u00f3n cl\u00ednica, EXOGEN ha tenido una tasa de \u00e9xito del 84,3% al tratar fracturas de no consolidaci\u00f3n del f\u00e9mur, lo que indica que EXOGEN es una opci\u00f3n excelente para pacientes con fracturas profundas<sup><a href=\"https:\/\/www.exogen.com\/es\/references\/\">31<\/a><\/sup> Se recomienda utilizar la orientaci\u00f3n para determinar la ubicaci\u00f3n de la fractura.<sup><a href=\"https:\/\/www.exogen.com\/es\/references\/\">62<\/a><\/sup>[\/vc_column_text][\/vc_accordion_tab][vc_accordion_tab gutter_size=\u00bb2&#8243; column_padding=\u00bb2&#8243; title=\u00bb\u00bfCu\u00e1l es la efectividad de EXOGEN penetrando en tejido blando?\u00bb tab_id=\u00bb1633695962047-2-61633700183818&#8243;][vc_column_text uncode_shortcode_id=\u00bb694868&#8243;]Las ondas de ultrasonido de EXOGEN pueden penetrar a\u00a0trav\u00e9s de la piel y\u00a0el tejido blando hasta una profundidad de penetraci\u00f3n efectiva de ~254 mm.<sup><a href=\"https:\/\/www.exogen.com\/es\/references\/\">61<\/a><\/sup>[\/vc_column_text][\/vc_accordion_tab][vc_accordion_tab gutter_size=\u00bb2&#8243; column_padding=\u00bb2&#8243; title=\u00bb\u00bfPueden usar EXOGEN los pacientes con marcapasos cardiacos u otros dispositivos activos implantables?\u00bb tab_id=\u00bb1633695978326-3-91633700183818&#8243;][vc_column_text uncode_shortcode_id=\u00bb612924&#8243;]Los dispositivos implantables activos, como marcapasos cardiacos, pueden verse afectados negativamente por la exposici\u00f3n cercana al dispositivo EXOGEN. Un cardi\u00f3logo o\u00a0m\u00e9dico debe hacer una evaluaci\u00f3n de los pacientes u otras personas que se encuentren muy cerca durante el tratamiento antes de utilizar el dispositivo EXOGEN.[\/vc_column_text][\/vc_accordion_tab][vc_accordion_tab gutter_size=\u00bb2&#8243; column_padding=\u00bb2&#8243; title=\u00bb\u00bfQu\u00e9 tengo que hacer para preparar a mi paciente para los tratamientos con EXOGEN?\u00bb tab_id=\u00bb1633695996230-4-101633700183818&#8243;][vc_column_text uncode_shortcode_id=\u00bb253538&#8243;]Marque la ubicaci\u00f3n de la fractura en el paciente. El transductor EXOGEN debe estar en contacto directo con la piel, as\u00ed que si su paciente necesita una escayola o\u00a0la lleva actualmente, necesitar\u00e1 construir un puerto de transductor o\u00a0crear una ventana. Nuestros especialistas formados de EXOGEN le ayudar\u00e1n a\u00a0colocar correctamente el puerto de transductor para la escayola y\u00a0usarlo con metales para fracturas de no consolidaci\u00f3n. Para obtener m\u00e1s informaci\u00f3n, descargue las\u00a0<a href=\"https:\/\/www.exogen.com\/es\/physician-resources\/\">T\u00e9cnicas de aplicaci\u00f3n con escayola de EXOGEN<\/a>\u00a0o p\u00f3ngase en contacto con el\u00a0<a href=\"https:\/\/www.exogen.com\/es\/contact-an-exogen-rep\/\">servicio de atenci\u00f3n al cliente de Bioventus<\/a>.[\/vc_column_text][\/vc_accordion_tab][\/vc_accordion][vc_empty_space empty_h=\u00bb2&#8243;][vc_custom_heading text_color=\u00bbcolor-107303&#8243; heading_semantic=\u00bbh3&#8243; text_font=\u00bbfont-559666&#8243; text_size=\u00bbfontsize-950476&#8243; text_weight=\u00bb700&#8243; text_height=\u00bbfontheight-143712&#8243; uncode_shortcode_id=\u00bb845543&#8243; text_color_type=\u00bbuncode-palette\u00bb]Dispositivo EXOGEN y\u00a0cobertura[\/vc_custom_heading][vc_accordion sign=\u00bbplus\u00bb el_class=\u00bbfaq-wrapper\u00bb active_tab=\u00bb#\u00bb][vc_accordion_tab gutter_size=\u00bb2&#8243; column_padding=\u00bb2&#8243; title=\u00bb\u00bfQu\u00e9 incluye la unidad EXOGEN?\u00bb tab_id=\u00bb1633696683-1-311633700183818&#8243;][vc_column_text uncode_shortcode_id=\u00bb683046&#8243;]La unidad EXOGEN se compone de la unidad operativa principal y\u00a0el cable adjunto con la cabeza del transductor. Los pacientes reciben tambi\u00e9n una cinta de aplicaci\u00f3n, gel de acoplamiento y\u00a0un cargador de bater\u00edas.[\/vc_column_text][\/vc_accordion_tab][vc_accordion_tab gutter_size=\u00bb2&#8243; column_padding=\u00bb2&#8243; title=\u00bb\u00bfCubren los hospitales y\/o seguros EXOGEN?\u00bb tab_id=\u00bb1633696683-2-971633700183818&#8243;][vc_column_text uncode_shortcode_id=\u00bb213112&#8243;]Muchos seguros cubren el dispositivo EXOGEN. Para obtener m\u00e1s informaci\u00f3n, p\u00f3ngase en contacto con su representante local de EXOGEN o\u00a0con el\u00a0<a href=\"https:\/\/www.exogen.com\/us\/physician\/contact\/\">servicio de atenci\u00f3n al cliente de Bioventus<\/a>.[\/vc_column_text][\/vc_accordion_tab][\/vc_accordion][\/vc_column][vc_column width=\u00bb4\/12&#8243;][vc_single_image media=\u00bb127&#8243; media_width_percent=\u00bb100&#8243; uncode_shortcode_id=\u00bb155189&#8243;][vc_row_inner row_inner_height_percent=\u00bb0&#8243; overlay_alpha=\u00bb50&#8243; gutter_size=\u00bb3&#8243; shift_y=\u00bb0&#8243; z_index=\u00bb0&#8243; uncode_shortcode_id=\u00bb174241&#8243; css=\u00bb.vc_custom_1633693982448{margin-top: 0px !important;}\u00bb limit_content=\u00bb\u00bb][vc_column_inner column_width_percent=\u00bb100&#8243; gutter_size=\u00bb3&#8243; back_color=\u00bbcolor-763025&#8243; overlay_alpha=\u00bb50&#8243; shift_x=\u00bb0&#8243; shift_y=\u00bb0&#8243; shift_y_down=\u00bb0&#8243; z_index=\u00bb0&#8243; medium_width=\u00bb0&#8243; mobile_width=\u00bb0&#8243; width=\u00bb1\/1&#8243; uncode_shortcode_id=\u00bb121928&#8243; back_color_type=\u00bbuncode-palette\u00bb][vc_custom_heading text_color=\u00bbcolor-nhtu\u00bb heading_semantic=\u00bbh4&#8243; text_font=\u00bbfont-559666&#8243; text_size=\u00bbfontsize-467755&#8243; text_weight=\u00bb700&#8243; text_height=\u00bbfontheight-143712&#8243; uncode_shortcode_id=\u00bb248255&#8243; text_color_type=\u00bbuncode-palette\u00bb]\u00bfNo encuentra la respuesta a\u00a0su pregunta?[\/vc_custom_heading][vc_column_text uncode_shortcode_id=\u00bb133570&#8243; css=\u00bb.vc_custom_1639562952966{margin-top: 0px !important;margin-bottom: 0px !important;padding-top: 0px !important;padding-bottom: 0px !important;}\u00bb]P\u00f3ngase en contacto con nosotros[\/vc_column_text][vc_button button_color=\u00bbcolor-207599&#8243; size=\u00bbbtn-sm\u00bb radius=\u00bbbtn-circle\u00bb hover_fx=\u00bbfull-colored\u00bb border_width=\u00bb0&#8243; icon_position=\u00bbright\u00bb uncode_shortcode_id=\u00bb674544&#8243; button_color_type=\u00bbuncode-palette\u00bb icon=\u00bbfa fa-arrow-right2&#8243; link=\u00bburl:%2Fes%2Fcontact-us%2F\u00bb]P\u00f3ngase en contacto con nosotros[\/vc_button][\/vc_column_inner][\/vc_row_inner][\/vc_column][\/vc_row][vc_row row_height_percent=\u00bb0&#8243; overlay_alpha=\u00bb50&#8243; gutter_size=\u00bb3&#8243; column_width_percent=\u00bb100&#8243; border_color=\u00bbcolor-gyho\u00bb border_style=\u00bbsolid\u00bb shift_y=\u00bb0&#8243; z_index=\u00bb0&#8243; uncode_shortcode_id=\u00bb193465&#8243; css=\u00bb.vc_custom_1633696557289{margin-top: 40px !important;margin-bottom: 0px !important;border-top-width: 1px !important;}\u00bb el_id=\u00bbdescription_text\u00bb border_color_type=\u00bbuncode-palette\u00bb][vc_column width=\u00bb1\/1&#8243;][vc_column_text uncode_shortcode_id=\u00bb154889&#8243;]<strong style=\"margin-bottom: 15px;\">Resumen de las indicaciones de uso<br \/>\n<\/strong><\/p>\n<p>EXOGEN est\u00e1 indicado para el tratamiento no invasivo de defectos \u00f3seos (excepto los de las v\u00e9rtebras y\u00a0el cr\u00e1neo), lo que incluye el tratamiento de retrasos de consolidaci\u00f3n, seudoartrosis*, fracturas por sobrecarga y\u00a0artrodesis. EXOGEN tambi\u00e9n est\u00e1 indicado para acelerar el tiempo de consolidaci\u00f3n de las fracturas recientes, las reparaciones posteriores a\u00a0una osteotom\u00eda, las reparaciones en procedimientos de transporte \u00f3seo y\u00a0las reparaciones en procedimientos de osteog\u00e9nesis de elongaci\u00f3n.<\/p>\n<p>El dispositivo EXOGEN no tiene contraindicaciones conocidas. No se ha evaluado la seguridad y\u00a0la eficacia del producto en personas que carecen de madurez \u00f3sea, mujeres embarazadas o\u00a0madres lactantes, pacientes con n\u00f3dulos sinoauriculares, pacientes con fracturas causadas por c\u00e1ncer de hueso ni pacientes con mala circulaci\u00f3n sangu\u00ednea o\u00a0trastornos de coagulaci\u00f3n. Es posible que algunos pacientes sean sensibles al gel para ultrasonidos.<\/p>\n<p>Puede encontrar toda la informaci\u00f3n sobre la prescripci\u00f3n en el etiquetado del producto, en <a href=\"https:\/\/www.exogen.com\/\">EXOGEN.com<\/a>o\u00a0llamando al servicio de atenci\u00f3n al cliente de Bioventus. <a href=\"tel:1-800-836-4080\"><strong>1-800-836-4080<\/strong><\/a>.<\/p>\n<p>*Se considera que la seudoartrosis es permanente cuando el sitio de la fractura no muestra signos visibles y\u00a0progresivos de consolidaci\u00f3n.[\/vc_column_text][\/vc_column][\/vc_row]<\/p>\n<\/div>","protected":false},"excerpt":{"rendered":"<p>[vc_row row_height_percent=\u00bb0&#8243; back_image=\u00bb11367&#8243; back_repeat=\u00bbno-repeat\u00bb back_position=\u00bbcenter center\u00bb overlay_alpha=\u00bb50&#8243; gutter_size=\u00bb3&#8243; column_width_percent=\u00bb100&#8243; shift_y=\u00bb0&#8243; z_index=\u00bb0&#8243; content_parallax=\u00bb0&#8243; uncode_shortcode_id=\u00bb191826&#8243; row_height_pixel=\u00bb460&#8243; back_size=\u00bbcover\u00bb el_class=\u00bbinner-banner\u00bb css=\u00bb.vc_custom_1755868867171{margin-top: 88px !important;margin-bottom: 44px [&hellip;]<\/p>\n","protected":false},"author":1,"featured_media":0,"parent":0,"menu_order":0,"comment_status":"closed","ping_status":"closed","template":"","meta":{"_acf_changed":false,"_five9_enable_chat":"","footnotes":""},"class_list":["post-3482","page","type-page","status-publish","hentry","page_category-hcp-es"],"acf":[],"yoast_head":"<!-- This site is optimized with the Yoast SEO plugin v27.4 - https:\/\/yoast.com\/product\/yoast-seo-wordpress\/ -->\n<title>Frequently Asked Questions | EXOGEN Ultrasound Bone Healing System<\/title>\n<meta name=\"robots\" content=\"index, follow, max-snippet:-1, max-image-preview:large, max-video-preview:-1\" \/>\n<link rel=\"canonical\" href=\"https:\/\/www.exogen.com\/es\/frequently-asked-questions\/\" \/>\n<meta property=\"og:locale\" content=\"es_ES\" \/>\n<meta property=\"og:type\" content=\"article\" \/>\n<meta property=\"og:title\" content=\"Frequently Asked Questions | EXOGEN Ultrasound Bone Healing System\" \/>\n<meta property=\"og:description\" content=\"[vc_row row_height_percent=\u00bb0&#8243; back_image=\u00bb11367&#8243; back_repeat=\u00bbno-repeat\u00bb back_position=\u00bbcenter center\u00bb overlay_alpha=\u00bb50&#8243; gutter_size=\u00bb3&#8243; column_width_percent=\u00bb100&#8243; shift_y=\u00bb0&#8243; z_index=\u00bb0&#8243; content_parallax=\u00bb0&#8243; uncode_shortcode_id=\u00bb191826&#8243; row_height_pixel=\u00bb460&#8243; back_size=\u00bbcover\u00bb el_class=\u00bbinner-banner\u00bb css=\u00bb.vc_custom_1755868867171{margin-top: 88px !important;margin-bottom: 44px [&hellip;]\" \/>\n<meta property=\"og:url\" content=\"https:\/\/www.exogen.com\/es\/frequently-asked-questions\/\" \/>\n<meta property=\"og:site_name\" content=\"EXOGEN Ultrasound Bone Healing System\" \/>\n<meta property=\"article:publisher\" content=\"https:\/\/www.facebook.com\/exogenbonehealing\/\" \/>\n<meta property=\"article:modified_time\" content=\"2025-08-22T13:21:11+00:00\" \/>\n<meta name=\"twitter:card\" content=\"summary_large_image\" \/>\n<meta name=\"twitter:label1\" content=\"Tiempo de lectura\" \/>\n\t<meta name=\"twitter:data1\" content=\"4 minutos\" \/>\n<script type=\"application\/ld+json\" class=\"yoast-schema-graph\">{\"@context\":\"https:\\\/\\\/schema.org\",\"@graph\":[{\"@type\":\"WebPage\",\"@id\":\"https:\\\/\\\/www.exogen.com\\\/es\\\/frequently-asked-questions\\\/\",\"url\":\"https:\\\/\\\/www.exogen.com\\\/es\\\/frequently-asked-questions\\\/\",\"name\":\"Frequently Asked Questions | EXOGEN Ultrasound Bone Healing System\",\"isPartOf\":{\"@id\":\"https:\\\/\\\/www.exogen.com\\\/es\\\/#website\"},\"datePublished\":\"2021-10-08T13:34:35+00:00\",\"dateModified\":\"2025-08-22T13:21:11+00:00\",\"breadcrumb\":{\"@id\":\"https:\\\/\\\/www.exogen.com\\\/es\\\/frequently-asked-questions\\\/#breadcrumb\"},\"inLanguage\":\"es\",\"potentialAction\":[{\"@type\":\"ReadAction\",\"target\":[\"https:\\\/\\\/www.exogen.com\\\/es\\\/frequently-asked-questions\\\/\"]}]},{\"@type\":\"BreadcrumbList\",\"@id\":\"https:\\\/\\\/www.exogen.com\\\/es\\\/frequently-asked-questions\\\/#breadcrumb\",\"itemListElement\":[{\"@type\":\"ListItem\",\"position\":1,\"name\":\"Home\",\"item\":\"https:\\\/\\\/www.exogen.com\\\/es\\\/\"},{\"@type\":\"ListItem\",\"position\":2,\"name\":\"Frequently Asked Questions\"}]},{\"@type\":\"WebSite\",\"@id\":\"https:\\\/\\\/www.exogen.com\\\/es\\\/#website\",\"url\":\"https:\\\/\\\/www.exogen.com\\\/es\\\/\",\"name\":\"EXOGEN Ultrasound Bone Healing System\",\"description\":\"Ultrasound Bone Healing System\",\"publisher\":{\"@id\":\"https:\\\/\\\/www.exogen.com\\\/es\\\/#organization\"},\"potentialAction\":[{\"@type\":\"SearchAction\",\"target\":{\"@type\":\"EntryPoint\",\"urlTemplate\":\"https:\\\/\\\/www.exogen.com\\\/es\\\/?s={search_term_string}\"},\"query-input\":{\"@type\":\"PropertyValueSpecification\",\"valueRequired\":true,\"valueName\":\"search_term_string\"}}],\"inLanguage\":\"es\"},{\"@type\":\"Organization\",\"@id\":\"https:\\\/\\\/www.exogen.com\\\/es\\\/#organization\",\"name\":\"EXOGEN\",\"url\":\"https:\\\/\\\/www.exogen.com\\\/es\\\/\",\"logo\":{\"@type\":\"ImageObject\",\"inLanguage\":\"es\",\"@id\":\"https:\\\/\\\/www.exogen.com\\\/es\\\/#\\\/schema\\\/logo\\\/image\\\/\",\"url\":\"https:\\\/\\\/www.exogen.com\\\/wp-content\\\/uploads\\\/2021\\\/10\\\/purple-logo.png\",\"contentUrl\":\"https:\\\/\\\/www.exogen.com\\\/wp-content\\\/uploads\\\/2021\\\/10\\\/purple-logo.png\",\"width\":264,\"height\":100,\"caption\":\"EXOGEN\"},\"image\":{\"@id\":\"https:\\\/\\\/www.exogen.com\\\/es\\\/#\\\/schema\\\/logo\\\/image\\\/\"},\"sameAs\":[\"https:\\\/\\\/www.facebook.com\\\/exogenbonehealing\\\/\",\"https:\\\/\\\/www.instagram.com\\\/exogenbonehealing\\\/\",\"https:\\\/\\\/www.youtube.com\\\/channel\\\/UCP5jnVTUjZZKlr_b-mxr49w\"]}]}<\/script>\n<!-- \/ Yoast SEO plugin. -->","yoast_head_json":{"title":"Frequently Asked Questions | EXOGEN Ultrasound Bone Healing System","robots":{"index":"index","follow":"follow","max-snippet":"max-snippet:-1","max-image-preview":"max-image-preview:large","max-video-preview":"max-video-preview:-1"},"canonical":"https:\/\/www.exogen.com\/es\/frequently-asked-questions\/","og_locale":"es_ES","og_type":"article","og_title":"Frequently Asked Questions | EXOGEN Ultrasound Bone Healing System","og_description":"[vc_row row_height_percent=\u00bb0&#8243; back_image=\u00bb11367&#8243; back_repeat=\u00bbno-repeat\u00bb back_position=\u00bbcenter center\u00bb overlay_alpha=\u00bb50&#8243; gutter_size=\u00bb3&#8243; column_width_percent=\u00bb100&#8243; shift_y=\u00bb0&#8243; z_index=\u00bb0&#8243; content_parallax=\u00bb0&#8243; uncode_shortcode_id=\u00bb191826&#8243; row_height_pixel=\u00bb460&#8243; back_size=\u00bbcover\u00bb el_class=\u00bbinner-banner\u00bb css=\u00bb.vc_custom_1755868867171{margin-top: 88px !important;margin-bottom: 44px [&hellip;]","og_url":"https:\/\/www.exogen.com\/es\/frequently-asked-questions\/","og_site_name":"EXOGEN Ultrasound Bone Healing System","article_publisher":"https:\/\/www.facebook.com\/exogenbonehealing\/","article_modified_time":"2025-08-22T13:21:11+00:00","twitter_card":"summary_large_image","twitter_misc":{"Tiempo de lectura":"4 minutos"},"schema":{"@context":"https:\/\/schema.org","@graph":[{"@type":"WebPage","@id":"https:\/\/www.exogen.com\/es\/frequently-asked-questions\/","url":"https:\/\/www.exogen.com\/es\/frequently-asked-questions\/","name":"Frequently Asked Questions | EXOGEN Ultrasound Bone Healing System","isPartOf":{"@id":"https:\/\/www.exogen.com\/es\/#website"},"datePublished":"2021-10-08T13:34:35+00:00","dateModified":"2025-08-22T13:21:11+00:00","breadcrumb":{"@id":"https:\/\/www.exogen.com\/es\/frequently-asked-questions\/#breadcrumb"},"inLanguage":"es","potentialAction":[{"@type":"ReadAction","target":["https:\/\/www.exogen.com\/es\/frequently-asked-questions\/"]}]},{"@type":"BreadcrumbList","@id":"https:\/\/www.exogen.com\/es\/frequently-asked-questions\/#breadcrumb","itemListElement":[{"@type":"ListItem","position":1,"name":"Home","item":"https:\/\/www.exogen.com\/es\/"},{"@type":"ListItem","position":2,"name":"Frequently Asked Questions"}]},{"@type":"WebSite","@id":"https:\/\/www.exogen.com\/es\/#website","url":"https:\/\/www.exogen.com\/es\/","name":"EXOGEN Ultrasound Bone Healing System","description":"Ultrasound Bone Healing System","publisher":{"@id":"https:\/\/www.exogen.com\/es\/#organization"},"potentialAction":[{"@type":"SearchAction","target":{"@type":"EntryPoint","urlTemplate":"https:\/\/www.exogen.com\/es\/?s={search_term_string}"},"query-input":{"@type":"PropertyValueSpecification","valueRequired":true,"valueName":"search_term_string"}}],"inLanguage":"es"},{"@type":"Organization","@id":"https:\/\/www.exogen.com\/es\/#organization","name":"EXOGEN","url":"https:\/\/www.exogen.com\/es\/","logo":{"@type":"ImageObject","inLanguage":"es","@id":"https:\/\/www.exogen.com\/es\/#\/schema\/logo\/image\/","url":"https:\/\/www.exogen.com\/wp-content\/uploads\/2021\/10\/purple-logo.png","contentUrl":"https:\/\/www.exogen.com\/wp-content\/uploads\/2021\/10\/purple-logo.png","width":264,"height":100,"caption":"EXOGEN"},"image":{"@id":"https:\/\/www.exogen.com\/es\/#\/schema\/logo\/image\/"},"sameAs":["https:\/\/www.facebook.com\/exogenbonehealing\/","https:\/\/www.instagram.com\/exogenbonehealing\/","https:\/\/www.youtube.com\/channel\/UCP5jnVTUjZZKlr_b-mxr49w"]}]}},"_links":{"self":[{"href":"https:\/\/www.exogen.com\/es\/wp-json\/wp\/v2\/pages\/3482","targetHints":{"allow":["GET"]}}],"collection":[{"href":"https:\/\/www.exogen.com\/es\/wp-json\/wp\/v2\/pages"}],"about":[{"href":"https:\/\/www.exogen.com\/es\/wp-json\/wp\/v2\/types\/page"}],"author":[{"embeddable":true,"href":"https:\/\/www.exogen.com\/es\/wp-json\/wp\/v2\/users\/1"}],"replies":[{"embeddable":true,"href":"https:\/\/www.exogen.com\/es\/wp-json\/wp\/v2\/comments?post=3482"}],"version-history":[{"count":0,"href":"https:\/\/www.exogen.com\/es\/wp-json\/wp\/v2\/pages\/3482\/revisions"}],"wp:attachment":[{"href":"https:\/\/www.exogen.com\/es\/wp-json\/wp\/v2\/media?parent=3482"}],"curies":[{"name":"wp","href":"https:\/\/api.w.org\/{rel}","templated":true}]}}