{"id":3490,"date":"2021-10-08T12:45:26","date_gmt":"2021-10-08T12:45:26","guid":{"rendered":"https:\/\/exogen.com\/does-a-broken-bone-hurt-when-healing\/"},"modified":"2025-07-31T12:24:19","modified_gmt":"2025-07-31T12:24:19","slug":"does-a-broken-bone-hurt-when-healing","status":"publish","type":"page","link":"https:\/\/www.exogen.com\/es\/does-a-broken-bone-hurt-when-healing\/","title":{"rendered":"\u00bfUn hueso roto duele cuando se est\u00e1 curando?"},"content":{"rendered":"<div class=\"wpb-content-wrapper\"><p>[vc_row row_height_percent=\u00bb0&#8243; overlay_alpha=\u00bb50&#8243; gutter_size=\u00bb3&#8243; column_width_percent=\u00bb100&#8243; shift_y=\u00bb0&#8243; z_index=\u00bb0&#8243; uncode_shortcode_id=\u00bb141354&#8243; row_height_pixel=\u00bb145&#8243; back_color_type=\u00bbuncode-gradient\u00bb back_color_gradient=\u00bb{\u00abcss\u00ab:\u00abbackground: linear-gradient(to bottom , rgb(211, 211, 211) , rgb(243, 240, 244) 34%);\u00ab,\u00absliders\u00ab:`{`{\u00abcolor\u00ab:\u00abrgb(211, 211, 211)\u00ab,\u00abposition\u00ab:0},{\u00abcolor\u00ab:\u00abrgb(243, 240, 244)\u00ab,\u00abposition\u00ab:34}`}`,\u00abtype\u00ab:\u00ablinear\u00ab,\u00abdirection\u00ab:\u00abtop\u00ab}\u00bb css=\u00bb.vc_custom_1633698520117{margin-top: 80px !important;margin-bottom: 60px !important;}\u00bb][vc_column column_width_percent=\u00bb100&#8243; position_vertical=\u00bbmiddle\u00bb gutter_size=\u00bb3&#8243; overlay_alpha=\u00bb50&#8243; shift_x=\u00bb0&#8243; shift_y=\u00bb0&#8243; shift_y_down=\u00bb0&#8243; z_index=\u00bb0&#8243; medium_width=\u00bb0&#8243; mobile_width=\u00bb0&#8243; width=\u00bb1\/1&#8243; uncode_shortcode_id=\u00bb697530&#8243;][vc_column_text text_color=\u00bbcolor-107303&#8243; uncode_shortcode_id=\u00bb172208&#8243; text_color_type=\u00bbuncode-palette\u00bb css=\u00bb.vc_custom_1753964150943{margin-top: 0px !important;margin-bottom: -30px !important;padding-top: 0px !important;padding-bottom: 0px !important;}\u00bb el_class=\u00bbtop-link\u00bb]<a href=\"\/es\/faqs\/\"><i class=\"fa fa-angle-left\"><\/i> Atr\u00e1s<\/a>[\/vc_column_text][vc_custom_heading auto_text=\u00bbyes\u00bb text_color=\u00bbcolor-121277&#8243; heading_semantic=\u00bbh1&#8243; text_font=\u00bbfont-559666&#8243; text_size=\u00bbfontsize-242148&#8243; text_transform=\u00bbuppercase\u00bb text_height=\u00bbfontheight-133340&#8243; uncode_shortcode_id=\u00bb160749&#8243; text_color_type=\u00bbuncode-palette\u00bb]This is a custom heading element.[\/vc_custom_heading][\/vc_column][\/vc_row][vc_row row_height_percent=\u00bb0&#8243; overlay_alpha=\u00bb50&#8243; gutter_size=\u00bb3&#8243; column_width_percent=\u00bb100&#8243; shift_y=\u00bb0&#8243; z_index=\u00bb0&#8243; uncode_shortcode_id=\u00bb169022&#8243; css=\u00bb.vc_custom_1633699476839{margin-bottom: 40px !important;}\u00bb][vc_column width=\u00bb1\/1&#8243;][vc_column_text uncode_shortcode_id=\u00bb118838&#8243; css=\u00bb.vc_custom_1753964591437{margin-top: 0px !important;}\u00bb el_class=\u00bbfaq-page-content\u00bb]El dolor es la respuesta natural del cuerpo cuando se rompe un hueso. Inmediatamente despu\u00e9s de lesionarse, normalmente aparece un dolor intenso o\u00a0punzante debido tanto a\u00a0la fractura como a\u00a0otras lesiones del cuerpo cerca del lugar de la fractura. Por desgracia, el dolor no para aqu\u00ed. Tambi\u00e9n puede sentir dolor durante el proceso de consolidaci\u00f3n de la fractura.<sup><a href=\"https:\/\/www.exogen.com\/es\/references\/\">44<\/a><\/sup><\/p>\n<p><strong>Las etapas del dolor durante el proceso de consolidaci\u00f3n de una fractura<\/strong><\/p>\n<p>En general, hay tres etapas de dolor despu\u00e9s de una fractura \u00f3sea. Estas se denominan dolor agudo, dolor subagudo y\u00a0dolor cr\u00f3nico. El dolor agudo normalmente aparece inmediatamente despu\u00e9s de lesionarse. Despu\u00e9s de una o\u00a0dos semanas, el dolor m\u00e1s intenso suele desaparecer. Lo que pasa a\u00a0continuaci\u00f3n es que el hueso roto y\u00a0el tejido blando que lo rodea empiezan a\u00a0curarse. Esto tarda un par de semanas, y\u00a0el dolor que puede sentir durante esta etapa se denomina dolor subagudo. La \u00faltima etapa del dolor es el dolor cr\u00f3nico. Este tipo de dolor contin\u00faa mucho tiempo despu\u00e9s de curarse la fractura y\u00a0los tejidos blandos.<sup><a href=\"https:\/\/www.exogen.com\/es\/references\/\">43<\/a><\/sup><\/p>\n<p>Todas las fracturas causan todos o\u00a0algunos de estos tipos de dolor.<\/p>\n<p><strong>Dolor agudo inmediatamente despu\u00e9s de la lesi\u00f3n<\/strong><\/p>\n<p>Inmediatamente despu\u00e9s de sufrir una fractura, sentir\u00e1 un dolor agudo. Durante esta etapa, suelen recetarse medicamentos para reducir el dolor m\u00e1s intenso. El dolor agudo disminuir\u00e1 con el tiempo.<sup><a href=\"https:\/\/www.exogen.com\/es\/references\/\">43<\/a><\/sup><\/p>\n<p>Despu\u00e9s de romperse un hueso, es posible que necesite cirug\u00eda para que el m\u00e9dico pueda realinear el hueso roto, que necesite una escayola u otro dispositivo para mantener inm\u00f3vil el hueso roto, o\u00a0que necesite alg\u00fan otro tratamiento m\u00e9dico. No importa el m\u00e9todo que se utilice para tratar el hueso roto, lo importante es realinear los extremos del hueso e\u00a0inmovilizar la fractura durante varias semanas para que el hueso se pueda fijar y\u00a0curar correctamente.<sup><a href=\"https:\/\/www.exogen.com\/es\/references\/\">43<\/a><\/sup><\/p>\n<p>Para que esta etapa del proceso de curaci\u00f3n sea lo menos problem\u00e1tica posible, es muy importante seguir las instrucciones del m\u00e9dico que le trata, especialmente en cuanto al reposo y a evitar movimientos innecesarios para que el hueso roto pueda curarse correctamente.<sup><a href=\"https:\/\/www.exogen.com\/es\/references\/\">43<\/a><\/sup><\/p>\n<p><strong>Dolor subagudo mientras el hueso se est\u00e1 curando<\/strong><\/p>\n<p>Despu\u00e9s de una o\u00a0dos semanas, el dolor m\u00e1s intenso habr\u00e1 desaparecido. Lo que pasa a\u00a0continuaci\u00f3n es que el hueso roto y\u00a0el tejido blando que lo rodea empiezan a\u00a0curarse. Esto tarda un par de semanas y\u00a0se denomina dolor subagudo.<sup><a href=\"https:\/\/www.exogen.com\/es\/references\/\">43<\/a><\/sup><\/p>\n<p>El dolor subagudo lo causa principalmente la falta de movimiento que era necesaria para ayudar a\u00a0consolidar el hueso. La inactividad puede haber endurecido el tejido blando que rodea la lesi\u00f3n y\u00a0debilitado los m\u00fasculos. Adem\u00e1s de esto, es posible que se hayan desarrollado cicatrices e\u00a0inflamaci\u00f3n en el tejido blando mientras se curaba la fractura. Esto tambi\u00e9n puede producir dolor y\u00a0dificultar el movimiento.<sup><a href=\"https:\/\/www.exogen.com\/es\/references\/\">43<\/a><\/sup><\/p>\n<p>En esta etapa de la recuperaci\u00f3n a\u00a0menudo se recomienda la fisioterapia. Los fisioterapeutas le pueden ayudar a\u00a0reducir la rigidez mostr\u00e1ndole ejercicios que tambi\u00e9n fortalecen los m\u00fasculos debilitados y\u00a0mejoran el rango de movimiento. Esto ayudar\u00e1 a\u00a0reducir el dolor y\u00a0mejorar la funci\u00f3n del cuerpo afectada por la lesi\u00f3n.<sup><a href=\"https:\/\/www.exogen.com\/es\/references\/\">43<\/a><\/sup><\/p>\n<p><strong>Dolor cr\u00f3nico despu\u00e9s de finalizar la consolidaci\u00f3n<\/strong><\/p>\n<p>Cuando sufre una fractura, esta finalmente se curar\u00e1 y recuperar\u00e1 hasta un punto en el que ya no sienta dolor. Desafortunadamente, esto no le ocurre a todo el mundo. Algunas personas pueden seguir sintiendo dolor mucho tiempo despu\u00e9s de que la fractura y los tejidos blandos hayan terminado de curarse. Esto es lo que denominamos dolor cr\u00f3nico.<sup><a href=\"https:\/\/www.exogen.com\/es\/references\/\">43<\/a><\/sup><\/p>\n<p>El dolor cr\u00f3nico puede estar causado por da\u00f1os en los nervios, desarrollo de tejido cicatricial, agravamiento de una artritis subyacente u otras causas. Por suerte, este tipo de dolor suele poder tratarse. El tipo de tratamiento depende de la lesi\u00f3n inicial y de la causa del dolor cr\u00f3nico.<sup><a href=\"https:\/\/www.exogen.com\/es\/references\/\">43<\/a><\/sup><\/p>\n<p>Los tratamientos que m\u00e1s se usan para el dolor cr\u00f3nico son:<sup><a href=\"https:\/\/www.exogen.com\/es\/references\/\">43<\/a><\/sup><\/p>\n<ul>\n<li>Fisioterapia<\/li>\n<li>Ejercicio<\/li>\n<li>Medicaci\u00f3n<\/li>\n<\/ul>\n<p>No est\u00e1 garantizado que estos tratamientos solucionen el dolor, pero pueden ayudar a\u00a0controlar y\u00a0reducir el dolor cr\u00f3nico. La mayor\u00eda de las personas son capaces de controlar su dolor cr\u00f3nico para seguir con sus actividades diarias y\u00a0disfrutar de una mejor calidad de vida.<\/p>\n<p>No obstante, en una peque\u00f1a parte de las personas que sienten dolor cr\u00f3nico persistente el dolor puede ser un s\u00edntoma de que el hueso roto no se est\u00e1 curando correctamente. Otros s\u00edntomas pueden incluir sensibilidad en el hueso, hinchaz\u00f3n y\u00a0un dolor intenso que se siente profundamente dentro del hueso.<sup><a href=\"https:\/\/www.exogen.com\/es\/references\/\">45<\/a><\/sup><\/p>\n<p>La mayor\u00eda de huesos rotos se curar\u00e1n si se han alineado e inmovilizado correctamente. No obstante, para poder curarse, los huesos rotos necesitan un riego sangu\u00edneo adecuado en el lugar de la fractura. Cualquier situaci\u00f3n que pueda impedir el flujo de sangre al lugar de la fractura puede retardar la consolidaci\u00f3n \u00f3sea o impedir que el hueso se cure.<sup><a href=\"https:\/\/www.exogen.com\/es\/references\/\">45<\/a><\/sup>[\/vc_column_text][vc_custom_heading text_color=\u00bbcolor-nhtu\u00bb heading_semantic=\u00bbh4&#8243; text_font=\u00bbfont-126816&#8243; text_size=\u00bbh4&#8243; text_weight=\u00bb700&#8243; text_height=\u00bbfontheight-143712&#8243; uncode_shortcode_id=\u00bb146146&#8243; text_color_type=\u00bbuncode-palette\u00bb]Si su hueso roto no se cura de manera oportuna, EXOGEN puede ser adecuado para usted[\/vc_custom_heading][vc_column_text uncode_shortcode_id=\u00bb120519&#8243; css=\u00bb.vc_custom_1753964632824{margin-top: 0px !important;}\u00bb]Una forma demostrada para acelerar el proceso de consolidaci\u00f3n \u00f3sea es mediante la estimulaci\u00f3n diaria con ultrasonido del tejido del hueso roto. EXOGEN es un dispositivo que aplica ondas de ultrasonido de bajo nivel al hueso roto. Se ha demostrado que esta estimulaci\u00f3n ayuda a\u00a0acelerar los procesos relacionados con la consolidaci\u00f3n \u00f3sea.<sup>*<a href=\"https:\/\/www.exogen.com\/es\/references\/\">37,38<\/a><\/sup><\/p>\n<p><a href=\"https:\/\/www.exogen.com\/es\/how-it-works\/\">Lea m\u00e1s informaci\u00f3n aqu\u00ed sobre c\u00f3mo funciona el estimulador \u00f3seo EXOGEN, y\u00a0averig\u00fce si es adecuado para usted.<\/a>[\/vc_column_text][vc_column_text text_lead=\u00bbsmall\u00bb uncode_shortcode_id=\u00bb701023&#8243;]*Se desconoce la relevancia cl\u00ednica de estos hallazgos in vivo.[\/vc_column_text][\/vc_column][\/vc_row][vc_row row_height_percent=\u00bb0&#8243; overlay_alpha=\u00bb50&#8243; gutter_size=\u00bb3&#8243; column_width_percent=\u00bb100&#8243; border_color=\u00bbcolor-gyho\u00bb border_style=\u00bbsolid\u00bb shift_y=\u00bb0&#8243; z_index=\u00bb0&#8243; uncode_shortcode_id=\u00bb193465&#8243; css=\u00bb.vc_custom_1633696557289{margin-top: 40px !important;margin-bottom: 0px !important;border-top-width: 1px !important;}\u00bb el_id=\u00bbdescription_text\u00bb border_color_type=\u00bbuncode-palette\u00bb][vc_column width=\u00bb1\/1&#8243;][vc_column_text uncode_shortcode_id=\u00bb167284&#8243;]<strong>Summary of Indications for Use<\/strong><br \/>\nThe EXOGEN Ultrasound Bone Healing System is indicated for the non-invasive treatment of established nonunions* excluding skull and vertebra. The EXOGEN device has also been reported as effective as an adjunctive non-invasive treatment of established nonunions in patients:<\/p>\n<ul>\n<li>With internal or external fracture fixation hardware present. EXOGEN cannot penetrate metal and therefore should not be applied directly over hardware.<\/li>\n<li>Undergoing treatment for infection at the fracture site. EXOGEN is not intended to treat the infection.<\/li>\n<li>Believed to have diminished bone quality. EXOGEN is not intended to treat diminished bone quality.<\/li>\n<\/ul>\n<p>In addition, EXOGEN is indicated for accelerating the time to a healed fracture for fresh, closed, posteriorly displaced distal radius fractures and fresh, closed or Grade I open tibial diaphysis fractures in skeletally mature individuals when these fractures are orthopedically managed by closed reduction and cast immobilization.<\/p>\n<p>There are no known contraindications for the EXOGEN device. Safety and effectiveness have not been established for individuals lacking skeletal maturity, pregnant or nursing women, patients with cardiac pacemakers, on fractures due to bone cancer, or on patients with poor blood circulation or clotting problems. Some patients may be sensitive to the ultrasound gel.<\/p>\n<p>*A nonunion is considered to be established when the fracture site shows no visibly progressive signs of healing.<\/p>\n<p>Full prescribing information can be found in product labelling, at <a href=\"https:\/\/www.exogen.com\/\">EXOGEN.com<\/a>, or by calling Customer Service at <a href=\"tel:1-800-836-4080\"><strong>1-800-836-4080<\/strong><\/a>.[\/vc_column_text][\/vc_column][\/vc_row]<\/p>\n<\/div>","protected":false},"excerpt":{"rendered":"<p>[vc_row row_height_percent=\u00bb0&#8243; overlay_alpha=\u00bb50&#8243; gutter_size=\u00bb3&#8243; column_width_percent=\u00bb100&#8243; shift_y=\u00bb0&#8243; z_index=\u00bb0&#8243; uncode_shortcode_id=\u00bb141354&#8243; row_height_pixel=\u00bb145&#8243; back_color_type=\u00bbuncode-gradient\u00bb back_color_gradient=\u00bb{\u00abcss\u00ab:\u00abbackground: linear-gradient(to bottom , rgb(211, 211, 211) , rgb(243, 240, [&hellip;]<\/p>\n","protected":false},"author":1,"featured_media":0,"parent":0,"menu_order":0,"comment_status":"closed","ping_status":"closed","template":"","meta":{"_acf_changed":false,"_five9_enable_chat":"","footnotes":""},"class_list":["post-3490","page","type-page","status-publish","hentry"],"acf":[],"yoast_head":"<!-- This site is optimized with the Yoast SEO plugin v27.5 - https:\/\/yoast.com\/product\/yoast-seo-wordpress\/ -->\n<title>\u00bfUn hueso roto duele cuando se est\u00e1 curando? | EXOGEN Ultrasound Bone Healing System<\/title>\n<meta name=\"robots\" content=\"index, follow, max-snippet:-1, max-image-preview:large, max-video-preview:-1\" \/>\n<link rel=\"canonical\" href=\"https:\/\/www.exogen.com\/es\/does-a-broken-bone-hurt-when-healing\/\" \/>\n<meta property=\"og:locale\" content=\"es_ES\" \/>\n<meta property=\"og:type\" content=\"article\" \/>\n<meta property=\"og:title\" content=\"\u00bfUn hueso roto duele cuando se est\u00e1 curando? | EXOGEN Ultrasound Bone Healing System\" \/>\n<meta property=\"og:description\" content=\"[vc_row row_height_percent=\u00bb0&#8243; overlay_alpha=\u00bb50&#8243; gutter_size=\u00bb3&#8243; column_width_percent=\u00bb100&#8243; shift_y=\u00bb0&#8243; z_index=\u00bb0&#8243; uncode_shortcode_id=\u00bb141354&#8243; row_height_pixel=\u00bb145&#8243; back_color_type=\u00bbuncode-gradient\u00bb back_color_gradient=\u00bb{\u00abcss\u00ab:\u00abbackground: linear-gradient(to bottom , rgb(211, 211, 211) , rgb(243, 240, [&hellip;]\" \/>\n<meta property=\"og:url\" content=\"https:\/\/www.exogen.com\/es\/does-a-broken-bone-hurt-when-healing\/\" \/>\n<meta property=\"og:site_name\" content=\"EXOGEN Ultrasound Bone Healing System\" \/>\n<meta property=\"article:publisher\" content=\"https:\/\/www.facebook.com\/exogenbonehealing\/\" \/>\n<meta property=\"article:modified_time\" content=\"2025-07-31T12:24:19+00:00\" \/>\n<meta name=\"twitter:card\" content=\"summary_large_image\" \/>\n<meta name=\"twitter:label1\" content=\"Tiempo de lectura\" \/>\n\t<meta name=\"twitter:data1\" content=\"6 minutos\" \/>\n<script type=\"application\/ld+json\" class=\"yoast-schema-graph\">{\"@context\":\"https:\\\/\\\/schema.org\",\"@graph\":[{\"@type\":\"WebPage\",\"@id\":\"https:\\\/\\\/www.exogen.com\\\/es\\\/does-a-broken-bone-hurt-when-healing\\\/\",\"url\":\"https:\\\/\\\/www.exogen.com\\\/es\\\/does-a-broken-bone-hurt-when-healing\\\/\",\"name\":\"\u00bfUn hueso roto duele cuando se est\u00e1 curando? | EXOGEN Ultrasound Bone Healing System\",\"isPartOf\":{\"@id\":\"https:\\\/\\\/www.exogen.com\\\/es\\\/#website\"},\"datePublished\":\"2021-10-08T12:45:26+00:00\",\"dateModified\":\"2025-07-31T12:24:19+00:00\",\"breadcrumb\":{\"@id\":\"https:\\\/\\\/www.exogen.com\\\/es\\\/does-a-broken-bone-hurt-when-healing\\\/#breadcrumb\"},\"inLanguage\":\"es\",\"potentialAction\":[{\"@type\":\"ReadAction\",\"target\":[\"https:\\\/\\\/www.exogen.com\\\/es\\\/does-a-broken-bone-hurt-when-healing\\\/\"]}]},{\"@type\":\"BreadcrumbList\",\"@id\":\"https:\\\/\\\/www.exogen.com\\\/es\\\/does-a-broken-bone-hurt-when-healing\\\/#breadcrumb\",\"itemListElement\":[{\"@type\":\"ListItem\",\"position\":1,\"name\":\"Home\",\"item\":\"https:\\\/\\\/www.exogen.com\\\/es\\\/\"},{\"@type\":\"ListItem\",\"position\":2,\"name\":\"\u00bfUn hueso roto duele cuando se est\u00e1 curando?\"}]},{\"@type\":\"WebSite\",\"@id\":\"https:\\\/\\\/www.exogen.com\\\/es\\\/#website\",\"url\":\"https:\\\/\\\/www.exogen.com\\\/es\\\/\",\"name\":\"EXOGEN Ultrasound Bone Healing System\",\"description\":\"Ultrasound Bone Healing System\",\"publisher\":{\"@id\":\"https:\\\/\\\/www.exogen.com\\\/es\\\/#organization\"},\"potentialAction\":[{\"@type\":\"SearchAction\",\"target\":{\"@type\":\"EntryPoint\",\"urlTemplate\":\"https:\\\/\\\/www.exogen.com\\\/es\\\/?s={search_term_string}\"},\"query-input\":{\"@type\":\"PropertyValueSpecification\",\"valueRequired\":true,\"valueName\":\"search_term_string\"}}],\"inLanguage\":\"es\"},{\"@type\":\"Organization\",\"@id\":\"https:\\\/\\\/www.exogen.com\\\/es\\\/#organization\",\"name\":\"EXOGEN\",\"url\":\"https:\\\/\\\/www.exogen.com\\\/es\\\/\",\"logo\":{\"@type\":\"ImageObject\",\"inLanguage\":\"es\",\"@id\":\"https:\\\/\\\/www.exogen.com\\\/es\\\/#\\\/schema\\\/logo\\\/image\\\/\",\"url\":\"https:\\\/\\\/www.exogen.com\\\/wp-content\\\/uploads\\\/2021\\\/10\\\/purple-logo.png\",\"contentUrl\":\"https:\\\/\\\/www.exogen.com\\\/wp-content\\\/uploads\\\/2021\\\/10\\\/purple-logo.png\",\"width\":264,\"height\":100,\"caption\":\"EXOGEN\"},\"image\":{\"@id\":\"https:\\\/\\\/www.exogen.com\\\/es\\\/#\\\/schema\\\/logo\\\/image\\\/\"},\"sameAs\":[\"https:\\\/\\\/www.facebook.com\\\/exogenbonehealing\\\/\",\"https:\\\/\\\/www.instagram.com\\\/exogenbonehealing\\\/\",\"https:\\\/\\\/www.youtube.com\\\/channel\\\/UCP5jnVTUjZZKlr_b-mxr49w\"]}]}<\/script>\n<!-- \/ Yoast SEO plugin. -->","yoast_head_json":{"title":"\u00bfUn hueso roto duele cuando se est\u00e1 curando? | EXOGEN Ultrasound Bone Healing System","robots":{"index":"index","follow":"follow","max-snippet":"max-snippet:-1","max-image-preview":"max-image-preview:large","max-video-preview":"max-video-preview:-1"},"canonical":"https:\/\/www.exogen.com\/es\/does-a-broken-bone-hurt-when-healing\/","og_locale":"es_ES","og_type":"article","og_title":"\u00bfUn hueso roto duele cuando se est\u00e1 curando? | EXOGEN Ultrasound Bone Healing System","og_description":"[vc_row row_height_percent=\u00bb0&#8243; overlay_alpha=\u00bb50&#8243; gutter_size=\u00bb3&#8243; column_width_percent=\u00bb100&#8243; shift_y=\u00bb0&#8243; z_index=\u00bb0&#8243; uncode_shortcode_id=\u00bb141354&#8243; row_height_pixel=\u00bb145&#8243; back_color_type=\u00bbuncode-gradient\u00bb back_color_gradient=\u00bb{\u00abcss\u00ab:\u00abbackground: linear-gradient(to bottom , rgb(211, 211, 211) , rgb(243, 240, [&hellip;]","og_url":"https:\/\/www.exogen.com\/es\/does-a-broken-bone-hurt-when-healing\/","og_site_name":"EXOGEN Ultrasound Bone Healing System","article_publisher":"https:\/\/www.facebook.com\/exogenbonehealing\/","article_modified_time":"2025-07-31T12:24:19+00:00","twitter_card":"summary_large_image","twitter_misc":{"Tiempo de lectura":"6 minutos"},"schema":{"@context":"https:\/\/schema.org","@graph":[{"@type":"WebPage","@id":"https:\/\/www.exogen.com\/es\/does-a-broken-bone-hurt-when-healing\/","url":"https:\/\/www.exogen.com\/es\/does-a-broken-bone-hurt-when-healing\/","name":"\u00bfUn hueso roto duele cuando se est\u00e1 curando? | EXOGEN Ultrasound Bone Healing System","isPartOf":{"@id":"https:\/\/www.exogen.com\/es\/#website"},"datePublished":"2021-10-08T12:45:26+00:00","dateModified":"2025-07-31T12:24:19+00:00","breadcrumb":{"@id":"https:\/\/www.exogen.com\/es\/does-a-broken-bone-hurt-when-healing\/#breadcrumb"},"inLanguage":"es","potentialAction":[{"@type":"ReadAction","target":["https:\/\/www.exogen.com\/es\/does-a-broken-bone-hurt-when-healing\/"]}]},{"@type":"BreadcrumbList","@id":"https:\/\/www.exogen.com\/es\/does-a-broken-bone-hurt-when-healing\/#breadcrumb","itemListElement":[{"@type":"ListItem","position":1,"name":"Home","item":"https:\/\/www.exogen.com\/es\/"},{"@type":"ListItem","position":2,"name":"\u00bfUn hueso roto duele cuando se est\u00e1 curando?"}]},{"@type":"WebSite","@id":"https:\/\/www.exogen.com\/es\/#website","url":"https:\/\/www.exogen.com\/es\/","name":"EXOGEN Ultrasound Bone Healing System","description":"Ultrasound Bone Healing System","publisher":{"@id":"https:\/\/www.exogen.com\/es\/#organization"},"potentialAction":[{"@type":"SearchAction","target":{"@type":"EntryPoint","urlTemplate":"https:\/\/www.exogen.com\/es\/?s={search_term_string}"},"query-input":{"@type":"PropertyValueSpecification","valueRequired":true,"valueName":"search_term_string"}}],"inLanguage":"es"},{"@type":"Organization","@id":"https:\/\/www.exogen.com\/es\/#organization","name":"EXOGEN","url":"https:\/\/www.exogen.com\/es\/","logo":{"@type":"ImageObject","inLanguage":"es","@id":"https:\/\/www.exogen.com\/es\/#\/schema\/logo\/image\/","url":"https:\/\/www.exogen.com\/wp-content\/uploads\/2021\/10\/purple-logo.png","contentUrl":"https:\/\/www.exogen.com\/wp-content\/uploads\/2021\/10\/purple-logo.png","width":264,"height":100,"caption":"EXOGEN"},"image":{"@id":"https:\/\/www.exogen.com\/es\/#\/schema\/logo\/image\/"},"sameAs":["https:\/\/www.facebook.com\/exogenbonehealing\/","https:\/\/www.instagram.com\/exogenbonehealing\/","https:\/\/www.youtube.com\/channel\/UCP5jnVTUjZZKlr_b-mxr49w"]}]}},"_links":{"self":[{"href":"https:\/\/www.exogen.com\/es\/wp-json\/wp\/v2\/pages\/3490","targetHints":{"allow":["GET"]}}],"collection":[{"href":"https:\/\/www.exogen.com\/es\/wp-json\/wp\/v2\/pages"}],"about":[{"href":"https:\/\/www.exogen.com\/es\/wp-json\/wp\/v2\/types\/page"}],"author":[{"embeddable":true,"href":"https:\/\/www.exogen.com\/es\/wp-json\/wp\/v2\/users\/1"}],"replies":[{"embeddable":true,"href":"https:\/\/www.exogen.com\/es\/wp-json\/wp\/v2\/comments?post=3490"}],"version-history":[{"count":0,"href":"https:\/\/www.exogen.com\/es\/wp-json\/wp\/v2\/pages\/3490\/revisions"}],"wp:attachment":[{"href":"https:\/\/www.exogen.com\/es\/wp-json\/wp\/v2\/media?parent=3490"}],"curies":[{"name":"wp","href":"https:\/\/api.w.org\/{rel}","templated":true}]}}