{"id":1931,"date":"2021-10-25T13:32:42","date_gmt":"2021-10-25T13:32:42","guid":{"rendered":"https:\/\/exogen.com\/are-there-ways-to-speed-up-bone-healing\/"},"modified":"2025-08-08T12:17:28","modified_gmt":"2025-08-08T12:17:28","slug":"are-there-ways-to-speed-up-bone-healing","status":"publish","type":"page","link":"https:\/\/www.exogen.com\/fi\/are-there-ways-to-speed-up-bone-healing\/","title":{"rendered":"Voiko luun parantumista nopeuttaa?"},"content":{"rendered":"<div class=\"wpb-content-wrapper\"><p>[vc_row row_height_percent=&#8221;0&#8243; overlay_alpha=&#8221;50&#8243; gutter_size=&#8221;3&#8243; column_width_percent=&#8221;100&#8243; shift_y=&#8221;0&#8243; z_index=&#8221;0&#8243; uncode_shortcode_id=&#8221;141354&#8243; row_height_pixel=&#8221;145&#8243; back_color_type=&#8221;uncode-gradient&#8221; back_color_gradient=&#8221;{&#8221;css&#8221;:&#8221;background: linear-gradient(to bottom , rgb(211, 211, 211) , rgb(243, 240, 244) 34%);&#8221;,&#8221;sliders&#8221;:`{`{&#8221;color&#8221;:&#8221;rgb(211, 211, 211)&#8221;,&#8221;position&#8221;:0},{&#8221;color&#8221;:&#8221;rgb(243, 240, 244)&#8221;,&#8221;position&#8221;:34}`}`,&#8221;type&#8221;:&#8221;linear&#8221;,&#8221;direction&#8221;:&#8221;top&#8221;}&#8221; css=&#8221;.vc_custom_1633698520117{margin-top: 80px !important;margin-bottom: 60px !important;}&#8221;][vc_column column_width_percent=&#8221;100&#8243; position_vertical=&#8221;middle&#8221; gutter_size=&#8221;3&#8243; overlay_alpha=&#8221;50&#8243; shift_x=&#8221;0&#8243; shift_y=&#8221;0&#8243; shift_y_down=&#8221;0&#8243; z_index=&#8221;0&#8243; medium_width=&#8221;0&#8243; mobile_width=&#8221;0&#8243; width=&#8221;1\/1&#8243; uncode_shortcode_id=&#8221;697530&#8243;][vc_column_text text_color=&#8221;color-107303&#8243; uncode_shortcode_id=&#8221;181159&#8243; text_color_type=&#8221;uncode-palette&#8221; css=&#8221;.vc_custom_1754654869203{margin-top: 0px !important;margin-bottom: -30px !important;padding-top: 0px !important;padding-bottom: 0px !important;}&#8221; el_class=&#8221;top-link&#8221;]<a href=\"https:\/\/www.exogen.com\/fi\/faqs\/\"><i class=\"fa fa-angle-left\"><\/i> Takaisin<\/a>[\/vc_column_text][vc_custom_heading text_color=&#8221;color-121277&#8243; heading_semantic=&#8221;h1&#8243; text_font=&#8221;font-559666&#8243; text_size=&#8221;fontsize-242148&#8243; text_transform=&#8221;uppercase&#8221; text_height=&#8221;fontheight-133340&#8243; uncode_shortcode_id=&#8221;210525&#8243; text_color_type=&#8221;uncode-palette&#8221;]VOIKO LUUN PARANTUMISTA NOPEUTTAA?[\/vc_custom_heading][\/vc_column][\/vc_row][vc_row row_height_percent=&#8221;0&#8243; overlay_alpha=&#8221;50&#8243; gutter_size=&#8221;3&#8243; column_width_percent=&#8221;100&#8243; shift_y=&#8221;0&#8243; z_index=&#8221;0&#8243; uncode_shortcode_id=&#8221;169022&#8243; css=&#8221;.vc_custom_1633699476839{margin-bottom: 40px !important;}&#8221;][vc_column width=&#8221;1\/1&#8243;][vc_column_text uncode_shortcode_id=&#8221;114335&#8243; css=&#8221;.vc_custom_1754654945500{margin-bottom: 15px !important;}&#8221;]Luun parantumista voi nopeuttaa lukuisilla eri tavoilla. Tutustutaanpa nyt muutamiin keinoihin, joilla luun parantumista voi nopeuttaa.[\/vc_column_text][vc_column_text uncode_shortcode_id=&#8221;111491&#8243; css=&#8221;.vc_custom_1754655415186{margin-top: 0px !important;}&#8221; el_class=&#8221;faq-page-content&#8221;]<strong>Harrasta liikuntaa, \u00e4l\u00e4 tupakoi<\/strong><\/p>\n<p>Kun l\u00e4\u00e4k\u00e4ri on antanut sinulle luvan varata painoa murtuneelle alueelle tai raajalle, voit aloittaa liikunnan. Liikunta parantaa verenkiertoa vahingoittuneelle alueelle. Sen lis\u00e4ksi liikunta auttaa kasvattamaan vammaa ymp\u00e4r\u00f6iv\u00e4n alueen lihaksistoa. Noudata aina l\u00e4\u00e4k\u00e4rin lepoa ja fyysist\u00e4 liikett\u00e4 koskevia ohjeita, jotta parantuminen sujuisi ongelmitta.<sup><a href=\"https:\/\/www.exogen.com\/fi\/references\/\">47<\/a><\/sup><\/p>\n<p>Tupakointi parantumisprosessin aikana voi hidastaa luun parantumista.<sup><a href=\"https:\/\/www.exogen.com\/fi\/references\/\">10,47<\/a><\/sup><\/p>\n<p><strong>Ammattilaistason hoitomenetelm\u00e4t luun parantumisen nopeuttamiseen<\/strong><br \/>\nFysioterapiaa suositellaan yleens\u00e4 viimeisess\u00e4 kuntoutusvaiheessa, jossa pyrit\u00e4\u00e4n t\u00e4ydelliseen toipumiseen.<\/p>\n<p><strong>Fysioterapia<\/strong><br \/>\nFysioterapia auttaa monin tavoin, mutta sen t\u00e4rkeimm\u00e4t hy\u00f6dyt ovat seuraavat:<sup><a href=\"https:\/\/www.exogen.com\/fi\/references\/\">47<\/a><\/sup><\/p>\n<ul>\n<li>j\u00e4ykkyyden v\u00e4hent\u00e4minen<\/li>\n<li>heikentyneiden lihasten vahvistaminen<\/li>\n<li>liikeratojen laajeneminen<\/li>\n<li>kivun lievent\u00e4minen<\/li>\n<li>sen kehon alueen liikkuvuuden parantaminen, jossa murtuma oli<\/li>\n<\/ul>\n<p>Kaikki n\u00e4m\u00e4 hy\u00f6dyt voidaan saavuttaa tekem\u00e4ll\u00e4 harjoituksia fysioterapeutin ohjauksessa.<\/p>\n<p><strong>EXOGENin kaltaiset luustimulaattorit<br \/>\n<\/strong>Jotkut murtumat parantuvat tuskastuttavan hitaasti ilman apukeinoja. Ultra\u00e4\u00e4neen perustuva luiden EXOGEN-hoitoj\u00e4rjestelm\u00e4 on yksi vaihtoehto, joka auttaa nopeuttamaan luun parantumista. J\u00e4rjestelm\u00e4 k\u00e4ytt\u00e4\u00e4 turvallisia, matalatehoisia ultra\u00e4\u00e4niaaltoja tehostamaan kehon luontaista luutumisprosessia.<br \/>\nKliinisiss\u00e4 kokeissa EXOGENin ultra\u00e4\u00e4neen perustuva luiden hoitoj\u00e4rjestelm\u00e4 nopeutti tiettyjen luunmurtumien parantumista 38\u00a0prosentilla ja tehosti luutumattomien murtumien parantumista 86\u00a0prosentilla.<sup><a href=\"https:\/\/www.exogen.com\/fi\/references\/\">*1-3<\/a><\/sup><\/p>\n<p>P\u00e4ivitt\u00e4iset hoidot EXOGENilla tehostavat kehon luontaista luutumista seuraavilla kolmella tavalla:<sup>\u2020<\/sup><\/p>\n<p><strong>1. Stimulaatio<sup><a href=\"https:\/\/www.exogen.com\/fi\/references\/\">36<\/a><\/sup><\/strong><br \/>\nEXOGEN l\u00e4hett\u00e4\u00e4 ultra\u00e4\u00e4niaaltoja ihon l\u00e4pi, jolloin syntyv\u00e4 liike stimuloi kehon soluja.<\/p>\n<p><strong>2. Aktivaatio<sup><a href=\"https:\/\/www.exogen.com\/fi\/references\/\">37<\/a><\/sup><\/strong><br \/>\nEEXOGENin ultra\u00e4\u00e4niaallot aktivoivat kehon soluja.<\/p>\n<p><strong>3. Voimistava s\u00e4\u00e4tely<sup><a href=\"https:\/\/www.exogen.com\/fi\/references\/\">38<\/a><\/sup><\/strong><br \/>\nEXOGENin ultra\u00e4\u00e4niaallot lis\u00e4\u00e4v\u00e4t voimistavaa s\u00e4\u00e4tely\u00e4, mik\u00e4 lis\u00e4\u00e4 murtuman parantumisen k\u00e4ynnist\u00e4vien tekij\u00f6iden m\u00e4\u00e4r\u00e4\u00e4.[\/vc_column_text][vc_column_text uncode_shortcode_id=&#8221;208044&#8243; css=&#8221;.vc_custom_1754655438952{margin-top: 20px !important;}&#8221;]<a href=\"https:\/\/www.exogen.com\/fi\/is-exogen-right-for-me\/\">Lue lis\u00e4\u00e4 siit\u00e4, miten EXOGENin luustimulaattori toimii ja selvit\u00e4, sopiiko se sinulle!<\/a>[\/vc_column_text][\/vc_column][\/vc_row][vc_row row_height_percent=&#8221;0&#8243; overlay_alpha=&#8221;50&#8243; gutter_size=&#8221;3&#8243; column_width_percent=&#8221;100&#8243; border_color=&#8221;color-gyho&#8221; border_style=&#8221;solid&#8221; shift_y=&#8221;0&#8243; z_index=&#8221;0&#8243; uncode_shortcode_id=&#8221;167871&#8243; css=&#8221;.vc_custom_1641941260801{margin-top: 40px !important;margin-bottom: 0px !important;border-top-width: 1px !important;}&#8221; border_color_type=&#8221;uncode-palette&#8221;][vc_column width=&#8221;1\/1&#8243;][vc_column_text text_lead=&#8221;small&#8221; uncode_shortcode_id=&#8221;825761&#8243; css=&#8221;.vc_custom_1641941285315{margin-top: 20px !important;}&#8221;]*Kokeissa ei havaittu merkitt\u00e4vi\u00e4 komplikaatioita tai haittavaikutuksia<\/p>\n<p><sup>\u2020<\/sup>In vitro -teho ei v\u00e4ltt\u00e4m\u00e4tt\u00e4 kerro tehosta ihmisill\u00e4.[\/vc_column_text][\/vc_column][\/vc_row]<\/p>\n<\/div>","protected":false},"excerpt":{"rendered":"<p>[vc_row row_height_percent=&#8221;0&#8243; overlay_alpha=&#8221;50&#8243; gutter_size=&#8221;3&#8243; column_width_percent=&#8221;100&#8243; shift_y=&#8221;0&#8243; z_index=&#8221;0&#8243; uncode_shortcode_id=&#8221;141354&#8243; row_height_pixel=&#8221;145&#8243; back_color_type=&#8221;uncode-gradient&#8221; back_color_gradient=&#8221;{&#8221;css&#8221;:&#8221;background: linear-gradient(to bottom , rgb(211, 211, 211) , rgb(243, 240, [&hellip;]<\/p>\n","protected":false},"author":1,"featured_media":0,"parent":0,"menu_order":0,"comment_status":"closed","ping_status":"closed","template":"","meta":{"_acf_changed":false,"_five9_enable_chat":"","footnotes":""},"class_list":["post-1931","page","type-page","status-publish","hentry"],"acf":[],"yoast_head":"<!-- This site is optimized with the Yoast SEO plugin v27.3 - https:\/\/yoast.com\/product\/yoast-seo-wordpress\/ -->\n<title>Voiko luun parantumista nopeuttaa? | EXOGEN Ultrasound Bone Healing System<\/title>\n<meta name=\"robots\" content=\"index, follow, max-snippet:-1, max-image-preview:large, max-video-preview:-1\" \/>\n<link rel=\"canonical\" href=\"https:\/\/www.exogen.com\/fi\/are-there-ways-to-speed-up-bone-healing\/\" \/>\n<meta property=\"og:locale\" content=\"fi_FI\" \/>\n<meta property=\"og:type\" content=\"article\" \/>\n<meta property=\"og:title\" content=\"Voiko luun parantumista nopeuttaa? | EXOGEN Ultrasound Bone Healing System\" \/>\n<meta property=\"og:description\" content=\"[vc_row row_height_percent=&#8221;0&#8243; overlay_alpha=&#8221;50&#8243; gutter_size=&#8221;3&#8243; column_width_percent=&#8221;100&#8243; shift_y=&#8221;0&#8243; z_index=&#8221;0&#8243; uncode_shortcode_id=&#8221;141354&#8243; row_height_pixel=&#8221;145&#8243; back_color_type=&#8221;uncode-gradient&#8221; back_color_gradient=&#8221;{&#8221;css&#8221;:&#8221;background: linear-gradient(to bottom , rgb(211, 211, 211) , rgb(243, 240, [&hellip;]\" \/>\n<meta property=\"og:url\" content=\"https:\/\/www.exogen.com\/fi\/are-there-ways-to-speed-up-bone-healing\/\" \/>\n<meta property=\"og:site_name\" content=\"EXOGEN Ultrasound Bone Healing System\" \/>\n<meta property=\"article:publisher\" content=\"https:\/\/www.facebook.com\/exogenbonehealing\/\" \/>\n<meta property=\"article:modified_time\" content=\"2025-08-08T12:17:28+00:00\" \/>\n<meta name=\"twitter:card\" content=\"summary_large_image\" \/>\n<meta name=\"twitter:label1\" content=\"Arvioitu lukuaika\" \/>\n\t<meta name=\"twitter:data1\" content=\"2 minuuttia\" \/>\n<script type=\"application\/ld+json\" class=\"yoast-schema-graph\">{\"@context\":\"https:\\\/\\\/schema.org\",\"@graph\":[{\"@type\":\"WebPage\",\"@id\":\"https:\\\/\\\/www.exogen.com\\\/fi\\\/are-there-ways-to-speed-up-bone-healing\\\/\",\"url\":\"https:\\\/\\\/www.exogen.com\\\/fi\\\/are-there-ways-to-speed-up-bone-healing\\\/\",\"name\":\"Voiko luun parantumista nopeuttaa? | EXOGEN Ultrasound Bone Healing System\",\"isPartOf\":{\"@id\":\"https:\\\/\\\/www.exogen.com\\\/fi\\\/#website\"},\"datePublished\":\"2021-10-25T13:32:42+00:00\",\"dateModified\":\"2025-08-08T12:17:28+00:00\",\"breadcrumb\":{\"@id\":\"https:\\\/\\\/www.exogen.com\\\/fi\\\/are-there-ways-to-speed-up-bone-healing\\\/#breadcrumb\"},\"inLanguage\":\"fi\",\"potentialAction\":[{\"@type\":\"ReadAction\",\"target\":[\"https:\\\/\\\/www.exogen.com\\\/fi\\\/are-there-ways-to-speed-up-bone-healing\\\/\"]}]},{\"@type\":\"BreadcrumbList\",\"@id\":\"https:\\\/\\\/www.exogen.com\\\/fi\\\/are-there-ways-to-speed-up-bone-healing\\\/#breadcrumb\",\"itemListElement\":[{\"@type\":\"ListItem\",\"position\":1,\"name\":\"Home\",\"item\":\"https:\\\/\\\/www.exogen.com\\\/fi\\\/\"},{\"@type\":\"ListItem\",\"position\":2,\"name\":\"Voiko luun parantumista nopeuttaa?\"}]},{\"@type\":\"WebSite\",\"@id\":\"https:\\\/\\\/www.exogen.com\\\/fi\\\/#website\",\"url\":\"https:\\\/\\\/www.exogen.com\\\/fi\\\/\",\"name\":\"EXOGEN Ultrasound Bone Healing System\",\"description\":\"Ultrasound Bone Healing System\",\"publisher\":{\"@id\":\"https:\\\/\\\/www.exogen.com\\\/fi\\\/#organization\"},\"potentialAction\":[{\"@type\":\"SearchAction\",\"target\":{\"@type\":\"EntryPoint\",\"urlTemplate\":\"https:\\\/\\\/www.exogen.com\\\/fi\\\/?s={search_term_string}\"},\"query-input\":{\"@type\":\"PropertyValueSpecification\",\"valueRequired\":true,\"valueName\":\"search_term_string\"}}],\"inLanguage\":\"fi\"},{\"@type\":\"Organization\",\"@id\":\"https:\\\/\\\/www.exogen.com\\\/fi\\\/#organization\",\"name\":\"EXOGEN\",\"url\":\"https:\\\/\\\/www.exogen.com\\\/fi\\\/\",\"logo\":{\"@type\":\"ImageObject\",\"inLanguage\":\"fi\",\"@id\":\"https:\\\/\\\/www.exogen.com\\\/fi\\\/#\\\/schema\\\/logo\\\/image\\\/\",\"url\":\"https:\\\/\\\/www.exogen.com\\\/wp-content\\\/uploads\\\/2021\\\/10\\\/purple-logo.png\",\"contentUrl\":\"https:\\\/\\\/www.exogen.com\\\/wp-content\\\/uploads\\\/2021\\\/10\\\/purple-logo.png\",\"width\":264,\"height\":100,\"caption\":\"EXOGEN\"},\"image\":{\"@id\":\"https:\\\/\\\/www.exogen.com\\\/fi\\\/#\\\/schema\\\/logo\\\/image\\\/\"},\"sameAs\":[\"https:\\\/\\\/www.facebook.com\\\/exogenbonehealing\\\/\",\"https:\\\/\\\/www.instagram.com\\\/exogenbonehealing\\\/\",\"https:\\\/\\\/www.youtube.com\\\/channel\\\/UCP5jnVTUjZZKlr_b-mxr49w\"]}]}<\/script>\n<!-- \/ Yoast SEO plugin. -->","yoast_head_json":{"title":"Voiko luun parantumista nopeuttaa? | EXOGEN Ultrasound Bone Healing System","robots":{"index":"index","follow":"follow","max-snippet":"max-snippet:-1","max-image-preview":"max-image-preview:large","max-video-preview":"max-video-preview:-1"},"canonical":"https:\/\/www.exogen.com\/fi\/are-there-ways-to-speed-up-bone-healing\/","og_locale":"fi_FI","og_type":"article","og_title":"Voiko luun parantumista nopeuttaa? | EXOGEN Ultrasound Bone Healing System","og_description":"[vc_row row_height_percent=&#8221;0&#8243; overlay_alpha=&#8221;50&#8243; gutter_size=&#8221;3&#8243; column_width_percent=&#8221;100&#8243; shift_y=&#8221;0&#8243; z_index=&#8221;0&#8243; uncode_shortcode_id=&#8221;141354&#8243; row_height_pixel=&#8221;145&#8243; back_color_type=&#8221;uncode-gradient&#8221; back_color_gradient=&#8221;{&#8221;css&#8221;:&#8221;background: linear-gradient(to bottom , rgb(211, 211, 211) , rgb(243, 240, [&hellip;]","og_url":"https:\/\/www.exogen.com\/fi\/are-there-ways-to-speed-up-bone-healing\/","og_site_name":"EXOGEN Ultrasound Bone Healing System","article_publisher":"https:\/\/www.facebook.com\/exogenbonehealing\/","article_modified_time":"2025-08-08T12:17:28+00:00","twitter_card":"summary_large_image","twitter_misc":{"Arvioitu lukuaika":"2 minuuttia"},"schema":{"@context":"https:\/\/schema.org","@graph":[{"@type":"WebPage","@id":"https:\/\/www.exogen.com\/fi\/are-there-ways-to-speed-up-bone-healing\/","url":"https:\/\/www.exogen.com\/fi\/are-there-ways-to-speed-up-bone-healing\/","name":"Voiko luun parantumista nopeuttaa? | EXOGEN Ultrasound Bone Healing System","isPartOf":{"@id":"https:\/\/www.exogen.com\/fi\/#website"},"datePublished":"2021-10-25T13:32:42+00:00","dateModified":"2025-08-08T12:17:28+00:00","breadcrumb":{"@id":"https:\/\/www.exogen.com\/fi\/are-there-ways-to-speed-up-bone-healing\/#breadcrumb"},"inLanguage":"fi","potentialAction":[{"@type":"ReadAction","target":["https:\/\/www.exogen.com\/fi\/are-there-ways-to-speed-up-bone-healing\/"]}]},{"@type":"BreadcrumbList","@id":"https:\/\/www.exogen.com\/fi\/are-there-ways-to-speed-up-bone-healing\/#breadcrumb","itemListElement":[{"@type":"ListItem","position":1,"name":"Home","item":"https:\/\/www.exogen.com\/fi\/"},{"@type":"ListItem","position":2,"name":"Voiko luun parantumista nopeuttaa?"}]},{"@type":"WebSite","@id":"https:\/\/www.exogen.com\/fi\/#website","url":"https:\/\/www.exogen.com\/fi\/","name":"EXOGEN Ultrasound Bone Healing System","description":"Ultrasound Bone Healing System","publisher":{"@id":"https:\/\/www.exogen.com\/fi\/#organization"},"potentialAction":[{"@type":"SearchAction","target":{"@type":"EntryPoint","urlTemplate":"https:\/\/www.exogen.com\/fi\/?s={search_term_string}"},"query-input":{"@type":"PropertyValueSpecification","valueRequired":true,"valueName":"search_term_string"}}],"inLanguage":"fi"},{"@type":"Organization","@id":"https:\/\/www.exogen.com\/fi\/#organization","name":"EXOGEN","url":"https:\/\/www.exogen.com\/fi\/","logo":{"@type":"ImageObject","inLanguage":"fi","@id":"https:\/\/www.exogen.com\/fi\/#\/schema\/logo\/image\/","url":"https:\/\/www.exogen.com\/wp-content\/uploads\/2021\/10\/purple-logo.png","contentUrl":"https:\/\/www.exogen.com\/wp-content\/uploads\/2021\/10\/purple-logo.png","width":264,"height":100,"caption":"EXOGEN"},"image":{"@id":"https:\/\/www.exogen.com\/fi\/#\/schema\/logo\/image\/"},"sameAs":["https:\/\/www.facebook.com\/exogenbonehealing\/","https:\/\/www.instagram.com\/exogenbonehealing\/","https:\/\/www.youtube.com\/channel\/UCP5jnVTUjZZKlr_b-mxr49w"]}]}},"_links":{"self":[{"href":"https:\/\/www.exogen.com\/fi\/wp-json\/wp\/v2\/pages\/1931","targetHints":{"allow":["GET"]}}],"collection":[{"href":"https:\/\/www.exogen.com\/fi\/wp-json\/wp\/v2\/pages"}],"about":[{"href":"https:\/\/www.exogen.com\/fi\/wp-json\/wp\/v2\/types\/page"}],"author":[{"embeddable":true,"href":"https:\/\/www.exogen.com\/fi\/wp-json\/wp\/v2\/users\/1"}],"replies":[{"embeddable":true,"href":"https:\/\/www.exogen.com\/fi\/wp-json\/wp\/v2\/comments?post=1931"}],"version-history":[{"count":0,"href":"https:\/\/www.exogen.com\/fi\/wp-json\/wp\/v2\/pages\/1931\/revisions"}],"wp:attachment":[{"href":"https:\/\/www.exogen.com\/fi\/wp-json\/wp\/v2\/media?parent=1931"}],"curies":[{"name":"wp","href":"https:\/\/api.w.org\/{rel}","templated":true}]}}