{"id":3470,"date":"2021-10-08T13:47:51","date_gmt":"2021-10-08T13:47:51","guid":{"rendered":"https:\/\/exogen.com\/faqs\/"},"modified":"2025-08-22T11:44:55","modified_gmt":"2025-08-22T11:44:55","slug":"faqs","status":"publish","type":"page","link":"https:\/\/www.exogen.com\/fi\/faqs\/","title":{"rendered":"FAQs"},"content":{"rendered":"<div class=\"wpb-content-wrapper\"><p>[vc_row row_height_percent=&#8221;0&#8243; back_image=&#8221;11232&#8243; back_repeat=&#8221;no-repeat&#8221; back_position=&#8221;center center&#8221; overlay_alpha=&#8221;50&#8243; gutter_size=&#8221;3&#8243; column_width_percent=&#8221;100&#8243; shift_y=&#8221;0&#8243; z_index=&#8221;0&#8243; content_parallax=&#8221;0&#8243; uncode_shortcode_id=&#8221;150586&#8243; row_height_pixel=&#8221;460&#8243; back_size=&#8221;cover&#8221; el_class=&#8221;inner-banner&#8221; css=&#8221;.vc_custom_1755863092322{margin-top: 88px !important;margin-bottom: 44px !important;}&#8221;][vc_column column_width_percent=&#8221;100&#8243; position_vertical=&#8221;middle&#8221; gutter_size=&#8221;3&#8243; overlay_alpha=&#8221;50&#8243; shift_x=&#8221;0&#8243; shift_y=&#8221;0&#8243; shift_y_down=&#8221;0&#8243; z_index=&#8221;0&#8243; medium_width=&#8221;0&#8243; mobile_width=&#8221;0&#8243; width=&#8221;1\/2&#8243; uncode_shortcode_id=&#8221;652607&#8243;][vc_custom_heading text_color=&#8221;color-xsdn&#8221; heading_semantic=&#8221;h1&#8243; text_size=&#8221;fontsize-942846&#8243; text_weight=&#8221;400&#8243; text_transform=&#8221;uppercase&#8221; text_height=&#8221;fontheight-667169&#8243; uncode_shortcode_id=&#8221;745578&#8243; text_color_type=&#8221;uncode-palette&#8221;]Usein kysytyt <span style=\"font-weight: 700 !important;\">kysymykset<\/span>[\/vc_custom_heading][vc_button size=&#8221;btn-lg&#8221; radius=&#8221;btn-circle&#8221; hover_fx=&#8221;outlined&#8221; border_width=&#8221;1&#8243; icon_position=&#8221;right&#8221; uncode_shortcode_id=&#8221;489206&#8243; button_color_type=&#8221;uncode-solid&#8221; icon=&#8221;fa fa-arrow-right2&#8243; link=&#8221;url:%2Ffi%2Fhow-to-get-exogen%2F&#8221; button_color_solid=&#8221;rgba(0,0,0,0.01)&#8221; el_id=&#8221;button-transparent&#8221;]Hanki EXOGEN heti[\/vc_button][\/vc_column][vc_column width=&#8221;1\/2&#8243;][\/vc_column][\/vc_row][vc_row row_height_percent=&#8221;0&#8243; overlay_alpha=&#8221;50&#8243; gutter_size=&#8221;4&#8243; column_width_percent=&#8221;100&#8243; shift_y=&#8221;0&#8243; z_index=&#8221;0&#8243; uncode_shortcode_id=&#8221;900682&#8243;][vc_column width=&#8221;8\/12&#8243;][vc_custom_heading text_color=&#8221;color-107303&#8243; heading_semantic=&#8221;h3&#8243; text_font=&#8221;font-559666&#8243; text_size=&#8221;fontsize-950476&#8243; text_weight=&#8221;700&#8243; text_height=&#8221;fontheight-143712&#8243; uncode_shortcode_id=&#8221;151822&#8243; text_color_type=&#8221;uncode-palette&#8221;]Murtuman parantuminen[\/vc_custom_heading][vc_accordion sign=&#8221;plus&#8221; el_class=&#8221;faq-wrapper&#8221;][vc_accordion_tab gutter_size=&#8221;2&#8243; column_padding=&#8221;2&#8243; title=&#8221;Mik\u00e4 on murtuma?&#8221; tab_id=&#8221;1633691501-1-1616337001838181633700902267&#8243;][vc_column_text uncode_shortcode_id=&#8221;622416&#8243;]L\u00e4\u00e4ketieteellisesti murtuma tarkoittaa murtunutta luuta. Puhuttiinpa sitten murtuneesta, katkenneesta tai poikki menneest\u00e4 luusta, kaikissa n\u00e4ist\u00e4 tilanteista tarkoitetaan niin pahoin vahingoittunutta luuta, ett\u00e4 luu ei ole en\u00e4\u00e4 ehj\u00e4.<sup><a href=\"\/fi\/references\/\">42<\/a><\/sup>[\/vc_column_text][\/vc_accordion_tab][vc_accordion_tab gutter_size=&#8221;2&#8243; column_padding=&#8221;2&#8243; title=&#8221;Sattuuko murtuneen luun parantuminen?&#8221; tab_id=&#8221;1633691501-2-5716337001838181633700902267&#8243;][vc_column_text uncode_shortcode_id=&#8221;128482&#8243;]Sattuu. Useimmat k\u00e4rsiv\u00e4t kivusta luun murtuessa. Kipu on kehon luontainen reaktio luun murtumiseen.<sup><a href=\"\/fi\/references\/\">43<\/a><\/sup><br \/>\nYleens\u00e4 luunmurtuman j\u00e4lkeen koetaan kolme eri kipuvaihetta. Ne ovat \u00e4killinen (akuutti) kipu, puoli\u00e4killinen (subakuutti) kipu ja krooninen kipu.<sup><a href=\"\/fi\/references\/\">43<\/a><\/sup><br \/>\nMuut mahdolliset kivuliaat oireet riippuvat luun murtumakohdasta ja vaurion laajuudesta, ja niihin kuuluvat muun muassa mustelmat, j\u00e4ykkyys, turvotus ja lihasheikkous.<sup><a href=\"\/fi\/references\/\">44<\/a><\/sup><br \/>\nHaluatko tiet\u00e4\u00e4 lis\u00e4\u00e4? <a href=\"\/fi\/does-a-broken-bone-hurt-when-healing\/\">Lue koko artikkeli luunmurtumaan liittyvist\u00e4 kivuista napsauttamalla t\u00e4st\u00e4.<\/a>[\/vc_column_text][\/vc_accordion_tab][vc_accordion_tab gutter_size=&#8221;2&#8243; column_padding=&#8221;2&#8243; title=&#8221;Voiko luun parantumista nopeuttaa?&#8221; tab_id=&#8221;1633693522943-2-916337001838181633700902267&#8243;][vc_column_text uncode_shortcode_id=&#8221;159988&#8243;]Vaikka murtuneiden luiden parantumisaika ei olekaan samanlainen kaikilla, luiden parantuminen merkitt\u00e4viss\u00e4 m\u00e4\u00e4rin kest\u00e4\u00e4 kolmesta kuukaudesta kuuteen.<sup><a href=\"\/fi\/references\/\">46<\/a><\/sup><\/p>\n<p>Jos n\u00e4in pitk\u00e4 lepoaika on sinusta liikaa, luun parantumista voi nopeuttaa lukuisilla eri ammattilaistason hoidoilla. Mahdollisia keinoja luun parantumisen nopeuttamiseen ovat muun muassa harjoitukset, fysioterapia sek\u00e4 EXOGEN-luustimulaattori.<sup><a href=\"\/fi\/references\/\">1,2,43<\/a><\/sup><\/p>\n<p><a href=\"\/fi\/are-there-ways-to-speed-up-bone-healing\/\">Lue koko artikkeli luun parantumisen nopeuttamisesta napsauttamalla t\u00e4st\u00e4.<\/a>[\/vc_column_text][\/vc_accordion_tab][\/vc_accordion][vc_empty_space empty_h=&#8221;2&#8243;][vc_custom_heading text_color=&#8221;color-107303&#8243; heading_semantic=&#8221;h3&#8243; text_font=&#8221;font-559666&#8243; text_size=&#8221;fontsize-950476&#8243; text_weight=&#8221;700&#8243; text_height=&#8221;fontheight-143712&#8243; uncode_shortcode_id=&#8221;104158&#8243; text_color_type=&#8221;uncode-palette&#8221;]EXOGENin k\u00e4ytt\u00f6 murtuman hoitoon[\/vc_custom_heading][vc_accordion sign=&#8221;plus&#8221; el_class=&#8221;faq-wrapper&#8221; active_tab=&#8221;#&#8221;][vc_accordion_tab gutter_size=&#8221;2&#8243; column_padding=&#8221;2&#8243; title=&#8221;Mik\u00e4 luustimulaattori on?&#8221; tab_id=&#8221;1633694628-1-9316337001838181633700902267&#8243;][vc_column_text uncode_shortcode_id=&#8221;105462&#8243;]Luustimulaattorit ovat laitteita, jotka edist\u00e4v\u00e4t luun parantumista tiettyihin akuutteihin murtumiin ja luutumattomiin murtumiin kohdistettavien energiakenttien avulla.<sup><a href=\"\/fi\/references\/\">48<\/a><\/sup><\/p>\n<p><a href=\"\/fi\/what-is-a-bone-stimulator\/\">Lue koko artikkeli luustimulaattoreista napsauttamalla t\u00e4st\u00e4.<\/a>[\/vc_column_text][\/vc_accordion_tab][vc_accordion_tab gutter_size=&#8221;2&#8243; column_padding=&#8221;2&#8243; title=&#8221;Sattuuko EXOGEN-hoito?&#8221; tab_id=&#8221;1633695962047-2-616337001838181633700902267&#8243;][vc_column_text uncode_shortcode_id=&#8221;189305&#8243;]Useimmat potilaat eiv\u00e4t tunne mit\u00e4\u00e4n hoitokohdassa.[\/vc_column_text][\/vc_accordion_tab][vc_accordion_tab gutter_size=&#8221;2&#8243; column_padding=&#8221;2&#8243; title=&#8221;Mit\u00e4 jos hoitokerta j\u00e4\u00e4 v\u00e4list\u00e4?&#8221; tab_id=&#8221;1633695978326-3-916337001838181633700902267&#8243;][vc_column_text uncode_shortcode_id=&#8221;210450&#8243;]Yrit\u00e4 jatkaa hoitoaikataulun mukaisesti mahdollisimman pian. Jotta hoitokerrat olisivat yhdenmukaisia, tutustu laitteesi hoitoseurantakalenteriin ja etsi sellainen aika p\u00e4iv\u00e4st\u00e4, jolloin voit k\u00e4ytt\u00e4\u00e4 EXOGENia joka p\u00e4iv\u00e4. Voit my\u00f6s ladata ilmaisen EXOGEN CONNECTS -sovelluksen (<a href=\"https:\/\/apps.apple.com\/us\/app\/exogen-connects-us-version\/id887605150\" target=\"_blank\" rel=\"noopener\">Applen App Store<\/a>, <a href=\"https:\/\/play.google.com\/store\/apps\/details?id=com.exogenus.app\" target=\"_blank\" rel=\"noopener\">Google Play<\/a>), joka muistuttaa sinua hoidoista.[\/vc_column_text][\/vc_accordion_tab][vc_accordion_tab gutter_size=&#8221;2&#8243; column_padding=&#8221;2&#8243; title=&#8221;Onko EXOGENin k\u00e4yt\u00f6lle vasta-aiheita?&#8221; tab_id=&#8221;1633695996230-4-1016337001838181633700902267&#8243;][vc_column_text uncode_shortcode_id=&#8221;617595&#8243;]EXOGEN-laitteen k\u00e4yt\u00f6lle ei ole tiedossa olevia vasta-aiheita. EXOGEN-laitteen pakkausselosteessa on varotoimenpiteit\u00e4 ja varoituksia k\u00e4sittelev\u00e4 osio, jossa on kerrottu erikseen niist\u00e4 tilanteista, joissa EXOGENin turvallisuutta ja tehokkuutta ei ole pystytty todistamaan. T\u00e4llaisia ovat esimerkiksi potilaskohtaiset tilanteet, joissa potilas k\u00e4ytt\u00e4\u00e4 tiettyj\u00e4 l\u00e4\u00e4kkeit\u00e4 tai h\u00e4nell\u00e4 on muita terveysongelmia murtuman lis\u00e4ksi.[\/vc_column_text][\/vc_accordion_tab][vc_accordion_tab gutter_size=&#8221;2&#8243; column_padding=&#8221;2&#8243; title=&#8221;Kuinka kauan joudun k\u00e4ytt\u00e4m\u00e4\u00e4n EXOGENia?&#8221; tab_id=&#8221;1633701182350-5-10&#8243;][vc_column_text uncode_shortcode_id=&#8221;138963&#8243;]Eri murtumat parantuvat eri tahdilla. L\u00e4\u00e4k\u00e4risi m\u00e4\u00e4ritt\u00e4\u00e4 tarvittavan hoidon keston seurantak\u00e4ynneill\u00e4.[\/vc_column_text][\/vc_accordion_tab][\/vc_accordion][vc_empty_space empty_h=&#8221;2&#8243;][vc_custom_heading text_color=&#8221;color-107303&#8243; heading_semantic=&#8221;h3&#8243; text_font=&#8221;font-559666&#8243; text_size=&#8221;fontsize-950476&#8243; text_weight=&#8221;700&#8243; text_height=&#8221;fontheight-143712&#8243; uncode_shortcode_id=&#8221;623504&#8243; text_color_type=&#8221;uncode-palette&#8221;]Asiakaspalvelu[\/vc_custom_heading][vc_accordion sign=&#8221;plus&#8221; el_class=&#8221;faq-wrapper&#8221; active_tab=&#8221;#&#8221;][vc_accordion_tab gutter_size=&#8221;2&#8243; column_padding=&#8221;2&#8243; title=&#8221;Mit\u00e4 jos ultra\u00e4\u00e4nigeeli loppuu?&#8221; tab_id=&#8221;1633696683-1-3116337001838181633700902267&#8243;][vc_column_text uncode_shortcode_id=&#8221;436162&#8243;]EXOGEN-laitteen mukana toimitetun ultra\u00e4\u00e4nigeelin tilalla voi k\u00e4ytt\u00e4\u00e4 mineraali\u00f6ljy\u00e4. Vaseliini ei sovellu korvaavaksi aineeksi. Voit my\u00f6s pyyt\u00e4\u00e4 lis\u00e4\u00e4 ultra\u00e4\u00e4nigeeli\u00e4 soittamalla Bioventus-asiakaspalveluun numerossa <a href=\"tel:020 793 1090\">020 793 1090<\/a>.[\/vc_column_text][\/vc_accordion_tab][vc_accordion_tab gutter_size=&#8221;2&#8243; column_padding=&#8221;2&#8243; title=&#8221;Mist\u00e4 saan apua EXOGENia koskevissa kysymyksiss\u00e4?&#8221; tab_id=&#8221;1633696683-2-9716337001838181633700902267&#8243;][vc_column_text uncode_shortcode_id=&#8221;135996&#8243;]Soita Bioventus-asiakaspalveluun numerossa <a href=\"tel:020 793 1090\">020 793 1090<\/a>.[\/vc_column_text][\/vc_accordion_tab][\/vc_accordion][\/vc_column][vc_column width=&#8221;4\/12&#8243;][vc_single_image media=&#8221;127&#8243; media_width_percent=&#8221;100&#8243; uncode_shortcode_id=&#8221;155189&#8243;][vc_row_inner row_inner_height_percent=&#8221;0&#8243; overlay_alpha=&#8221;50&#8243; gutter_size=&#8221;3&#8243; shift_y=&#8221;0&#8243; z_index=&#8221;0&#8243; uncode_shortcode_id=&#8221;174241&#8243; css=&#8221;.vc_custom_1633693982448{margin-top: 0px !important;}&#8221; limit_content=&#8221;&#8221;][vc_column_inner column_width_percent=&#8221;100&#8243; gutter_size=&#8221;3&#8243; back_color=&#8221;color-763025&#8243; overlay_alpha=&#8221;50&#8243; shift_x=&#8221;0&#8243; shift_y=&#8221;0&#8243; shift_y_down=&#8221;0&#8243; z_index=&#8221;0&#8243; medium_width=&#8221;0&#8243; mobile_width=&#8221;0&#8243; width=&#8221;1\/1&#8243; uncode_shortcode_id=&#8221;253682&#8243; back_color_type=&#8221;uncode-palette&#8221;][vc_custom_heading text_color=&#8221;color-nhtu&#8221; heading_semantic=&#8221;h4&#8243; text_font=&#8221;font-559666&#8243; text_size=&#8221;h4&#8243; text_weight=&#8221;700&#8243; text_height=&#8221;fontheight-143712&#8243; uncode_shortcode_id=&#8221;682298&#8243; text_color_type=&#8221;uncode-palette&#8221;]Can\u2019t find an answer to your question?[\/vc_custom_heading][vc_column_text uncode_shortcode_id=&#8221;130590&#8243; css=&#8221;.vc_custom_1633693871358{margin-top: 0px !important;margin-bottom: 0px !important;padding-top: 0px !important;padding-bottom: 0px !important;}&#8221;]Contact us directly to speak to a representative.[\/vc_column_text][vc_button button_color=&#8221;color-207599&#8243; size=&#8221;btn-sm&#8221; radius=&#8221;btn-circle&#8221; hover_fx=&#8221;full-colored&#8221; border_width=&#8221;0&#8243; icon_position=&#8221;right&#8221; uncode_shortcode_id=&#8221;162203&#8243; button_color_type=&#8221;uncode-palette&#8221; icon=&#8221;fa fa-arrow-right2&#8243; link=&#8221;url:%2Ffi%2Fcontact-us%2F&#8221;]Contact Us Now[\/vc_button][\/vc_column_inner][\/vc_row_inner][\/vc_column][\/vc_row][vc_row row_height_percent=&#8221;0&#8243; overlay_alpha=&#8221;50&#8243; gutter_size=&#8221;3&#8243; column_width_percent=&#8221;100&#8243; border_color=&#8221;color-gyho&#8221; border_style=&#8221;solid&#8221; shift_y=&#8221;0&#8243; z_index=&#8221;0&#8243; uncode_shortcode_id=&#8221;193465&#8243; css=&#8221;.vc_custom_1633696557289{margin-top: 40px !important;margin-bottom: 0px !important;border-top-width: 1px !important;}&#8221; el_id=&#8221;description_text&#8221; border_color_type=&#8221;uncode-palette&#8221;][vc_column width=&#8221;1\/1&#8243;][vc_column_text uncode_shortcode_id=&#8221;201223&#8243;]<strong style=\"margin-bottom: 15px;\">Summary of Indications for Use<\/strong><\/p>\n<p>The EXOGEN Ultrasound Bone Healing System is indicated for the non-invasive treatment of established nonunions* excluding skull and vertebra. The EXOGEN device has also been reported as effective as an adjunctive non-invasive treatment of established nonunions in patients:<\/p>\n<ul>\n<li>With internal or external fracture fixation hardware present. EXOGEN cannot penetrate metal and therefore should not be applied directly over hardware.<\/li>\n<li>Undergoing treatment for infection at the fracture site. EXOGEN is not intended to treat the infection.<\/li>\n<li>Believed to have diminished bone quality. EXOGEN is not intended to treat diminished bone quality.<\/li>\n<\/ul>\n<p>In addition, EXOGEN is indicated for accelerating the time to a healed fracture for fresh, closed, posteriorly displaced distal radius fractures and fresh, closed or Grade I open tibial diaphysis fractures in skeletally mature individuals when these fractures are orthopedically managed by closed reduction and cast immobilization.<\/p>\n<p>There are no known contraindications for the EXOGEN device. Safety and effectiveness have not been established for individuals lacking skeletal maturity, pregnant or nursing women, patients with cardiac pacemakers, on fractures due to bone cancer, or on patients with poor blood circulation or clotting problems. Some patients may be sensitive to the ultrasound gel.<\/p>\n<p>*A nonunion is considered to be established when the fracture site shows no visibly progressive signs of healing.<\/p>\n<p>Full prescribing information can be found in product labelling, at <a href=\"https:\/\/www.exogen.com\/\">EXOGEN.com<\/a>, or by calling Customer Service at <a href=\"tel:1-800-836-4080\"><strong>1-800-836-4080<\/strong><\/a>.[\/vc_column_text][\/vc_column][\/vc_row]<\/p>\n<\/div>","protected":false},"excerpt":{"rendered":"<p>[vc_row row_height_percent=&#8221;0&#8243; back_image=&#8221;11232&#8243; back_repeat=&#8221;no-repeat&#8221; back_position=&#8221;center center&#8221; overlay_alpha=&#8221;50&#8243; gutter_size=&#8221;3&#8243; column_width_percent=&#8221;100&#8243; shift_y=&#8221;0&#8243; z_index=&#8221;0&#8243; content_parallax=&#8221;0&#8243; uncode_shortcode_id=&#8221;150586&#8243; row_height_pixel=&#8221;460&#8243; back_size=&#8221;cover&#8221; el_class=&#8221;inner-banner&#8221; css=&#8221;.vc_custom_1755863092322{margin-top: 88px !important;margin-bottom: 44px [&hellip;]<\/p>\n","protected":false},"author":1,"featured_media":0,"parent":0,"menu_order":0,"comment_status":"closed","ping_status":"closed","template":"","meta":{"_acf_changed":false,"_five9_enable_chat":"","footnotes":""},"class_list":["post-3470","page","type-page","status-publish","hentry"],"acf":[],"yoast_head":"<!-- This site is optimized with the Yoast SEO plugin v27.6 - https:\/\/yoast.com\/product\/yoast-seo-wordpress\/ -->\n<title>Usein kysytyt kysymykset | EXOGEN Ultrasound Bone Healing System<\/title>\n<meta name=\"robots\" content=\"index, follow, max-snippet:-1, max-image-preview:large, max-video-preview:-1\" \/>\n<link rel=\"canonical\" href=\"https:\/\/www.exogen.com\/fi\/faqs\/\" \/>\n<meta property=\"og:locale\" content=\"fi_FI\" \/>\n<meta property=\"og:type\" content=\"article\" \/>\n<meta property=\"og:title\" content=\"Usein kysytyt kysymykset | EXOGEN Ultrasound Bone Healing System\" \/>\n<meta property=\"og:description\" content=\"[vc_row row_height_percent=&#8221;0&#8243; back_image=&#8221;11232&#8243; back_repeat=&#8221;no-repeat&#8221; back_position=&#8221;center center&#8221; overlay_alpha=&#8221;50&#8243; gutter_size=&#8221;3&#8243; column_width_percent=&#8221;100&#8243; shift_y=&#8221;0&#8243; z_index=&#8221;0&#8243; content_parallax=&#8221;0&#8243; uncode_shortcode_id=&#8221;150586&#8243; row_height_pixel=&#8221;460&#8243; back_size=&#8221;cover&#8221; el_class=&#8221;inner-banner&#8221; css=&#8221;.vc_custom_1755863092322{margin-top: 88px !important;margin-bottom: 44px [&hellip;]\" \/>\n<meta property=\"og:url\" content=\"https:\/\/www.exogen.com\/fi\/faqs\/\" \/>\n<meta property=\"og:site_name\" content=\"EXOGEN Ultrasound Bone Healing System\" \/>\n<meta property=\"article:publisher\" content=\"https:\/\/www.facebook.com\/exogenbonehealing\/\" \/>\n<meta property=\"article:modified_time\" content=\"2025-08-22T11:44:55+00:00\" \/>\n<meta name=\"twitter:card\" content=\"summary_large_image\" \/>\n<meta name=\"twitter:label1\" content=\"Arvioitu lukuaika\" \/>\n\t<meta name=\"twitter:data1\" content=\"4 minuuttia\" \/>\n<script type=\"application\/ld+json\" class=\"yoast-schema-graph\">{\"@context\":\"https:\\\/\\\/schema.org\",\"@graph\":[{\"@type\":\"WebPage\",\"@id\":\"https:\\\/\\\/www.exogen.com\\\/fi\\\/faqs\\\/\",\"url\":\"https:\\\/\\\/www.exogen.com\\\/fi\\\/faqs\\\/\",\"name\":\"Usein kysytyt kysymykset | EXOGEN Ultrasound Bone Healing System\",\"isPartOf\":{\"@id\":\"https:\\\/\\\/www.exogen.com\\\/fi\\\/#website\"},\"datePublished\":\"2021-10-08T13:47:51+00:00\",\"dateModified\":\"2025-08-22T11:44:55+00:00\",\"breadcrumb\":{\"@id\":\"https:\\\/\\\/www.exogen.com\\\/fi\\\/faqs\\\/#breadcrumb\"},\"inLanguage\":\"fi\",\"potentialAction\":[{\"@type\":\"ReadAction\",\"target\":[\"https:\\\/\\\/www.exogen.com\\\/fi\\\/faqs\\\/\"]}]},{\"@type\":\"BreadcrumbList\",\"@id\":\"https:\\\/\\\/www.exogen.com\\\/fi\\\/faqs\\\/#breadcrumb\",\"itemListElement\":[{\"@type\":\"ListItem\",\"position\":1,\"name\":\"Home\",\"item\":\"https:\\\/\\\/www.exogen.com\\\/fi\\\/\"},{\"@type\":\"ListItem\",\"position\":2,\"name\":\"FAQs\"}]},{\"@type\":\"WebSite\",\"@id\":\"https:\\\/\\\/www.exogen.com\\\/fi\\\/#website\",\"url\":\"https:\\\/\\\/www.exogen.com\\\/fi\\\/\",\"name\":\"EXOGEN Ultrasound Bone Healing System\",\"description\":\"Ultrasound Bone Healing System\",\"publisher\":{\"@id\":\"https:\\\/\\\/www.exogen.com\\\/fi\\\/#organization\"},\"potentialAction\":[{\"@type\":\"SearchAction\",\"target\":{\"@type\":\"EntryPoint\",\"urlTemplate\":\"https:\\\/\\\/www.exogen.com\\\/fi\\\/?s={search_term_string}\"},\"query-input\":{\"@type\":\"PropertyValueSpecification\",\"valueRequired\":true,\"valueName\":\"search_term_string\"}}],\"inLanguage\":\"fi\"},{\"@type\":\"Organization\",\"@id\":\"https:\\\/\\\/www.exogen.com\\\/fi\\\/#organization\",\"name\":\"EXOGEN\",\"url\":\"https:\\\/\\\/www.exogen.com\\\/fi\\\/\",\"logo\":{\"@type\":\"ImageObject\",\"inLanguage\":\"fi\",\"@id\":\"https:\\\/\\\/www.exogen.com\\\/fi\\\/#\\\/schema\\\/logo\\\/image\\\/\",\"url\":\"https:\\\/\\\/www.exogen.com\\\/wp-content\\\/uploads\\\/2021\\\/10\\\/purple-logo.png\",\"contentUrl\":\"https:\\\/\\\/www.exogen.com\\\/wp-content\\\/uploads\\\/2021\\\/10\\\/purple-logo.png\",\"width\":264,\"height\":100,\"caption\":\"EXOGEN\"},\"image\":{\"@id\":\"https:\\\/\\\/www.exogen.com\\\/fi\\\/#\\\/schema\\\/logo\\\/image\\\/\"},\"sameAs\":[\"https:\\\/\\\/www.facebook.com\\\/exogenbonehealing\\\/\",\"https:\\\/\\\/www.instagram.com\\\/exogenbonehealing\\\/\",\"https:\\\/\\\/www.youtube.com\\\/channel\\\/UCP5jnVTUjZZKlr_b-mxr49w\"]}]}<\/script>\n<!-- \/ Yoast SEO plugin. -->","yoast_head_json":{"title":"Usein kysytyt kysymykset | EXOGEN Ultrasound Bone Healing System","robots":{"index":"index","follow":"follow","max-snippet":"max-snippet:-1","max-image-preview":"max-image-preview:large","max-video-preview":"max-video-preview:-1"},"canonical":"https:\/\/www.exogen.com\/fi\/faqs\/","og_locale":"fi_FI","og_type":"article","og_title":"Usein kysytyt kysymykset | EXOGEN Ultrasound Bone Healing System","og_description":"[vc_row row_height_percent=&#8221;0&#8243; back_image=&#8221;11232&#8243; back_repeat=&#8221;no-repeat&#8221; back_position=&#8221;center center&#8221; overlay_alpha=&#8221;50&#8243; gutter_size=&#8221;3&#8243; column_width_percent=&#8221;100&#8243; shift_y=&#8221;0&#8243; z_index=&#8221;0&#8243; content_parallax=&#8221;0&#8243; uncode_shortcode_id=&#8221;150586&#8243; row_height_pixel=&#8221;460&#8243; back_size=&#8221;cover&#8221; el_class=&#8221;inner-banner&#8221; css=&#8221;.vc_custom_1755863092322{margin-top: 88px !important;margin-bottom: 44px [&hellip;]","og_url":"https:\/\/www.exogen.com\/fi\/faqs\/","og_site_name":"EXOGEN Ultrasound Bone Healing System","article_publisher":"https:\/\/www.facebook.com\/exogenbonehealing\/","article_modified_time":"2025-08-22T11:44:55+00:00","twitter_card":"summary_large_image","twitter_misc":{"Arvioitu lukuaika":"4 minuuttia"},"schema":{"@context":"https:\/\/schema.org","@graph":[{"@type":"WebPage","@id":"https:\/\/www.exogen.com\/fi\/faqs\/","url":"https:\/\/www.exogen.com\/fi\/faqs\/","name":"Usein kysytyt kysymykset | EXOGEN Ultrasound Bone Healing System","isPartOf":{"@id":"https:\/\/www.exogen.com\/fi\/#website"},"datePublished":"2021-10-08T13:47:51+00:00","dateModified":"2025-08-22T11:44:55+00:00","breadcrumb":{"@id":"https:\/\/www.exogen.com\/fi\/faqs\/#breadcrumb"},"inLanguage":"fi","potentialAction":[{"@type":"ReadAction","target":["https:\/\/www.exogen.com\/fi\/faqs\/"]}]},{"@type":"BreadcrumbList","@id":"https:\/\/www.exogen.com\/fi\/faqs\/#breadcrumb","itemListElement":[{"@type":"ListItem","position":1,"name":"Home","item":"https:\/\/www.exogen.com\/fi\/"},{"@type":"ListItem","position":2,"name":"FAQs"}]},{"@type":"WebSite","@id":"https:\/\/www.exogen.com\/fi\/#website","url":"https:\/\/www.exogen.com\/fi\/","name":"EXOGEN Ultrasound Bone Healing System","description":"Ultrasound Bone Healing System","publisher":{"@id":"https:\/\/www.exogen.com\/fi\/#organization"},"potentialAction":[{"@type":"SearchAction","target":{"@type":"EntryPoint","urlTemplate":"https:\/\/www.exogen.com\/fi\/?s={search_term_string}"},"query-input":{"@type":"PropertyValueSpecification","valueRequired":true,"valueName":"search_term_string"}}],"inLanguage":"fi"},{"@type":"Organization","@id":"https:\/\/www.exogen.com\/fi\/#organization","name":"EXOGEN","url":"https:\/\/www.exogen.com\/fi\/","logo":{"@type":"ImageObject","inLanguage":"fi","@id":"https:\/\/www.exogen.com\/fi\/#\/schema\/logo\/image\/","url":"https:\/\/www.exogen.com\/wp-content\/uploads\/2021\/10\/purple-logo.png","contentUrl":"https:\/\/www.exogen.com\/wp-content\/uploads\/2021\/10\/purple-logo.png","width":264,"height":100,"caption":"EXOGEN"},"image":{"@id":"https:\/\/www.exogen.com\/fi\/#\/schema\/logo\/image\/"},"sameAs":["https:\/\/www.facebook.com\/exogenbonehealing\/","https:\/\/www.instagram.com\/exogenbonehealing\/","https:\/\/www.youtube.com\/channel\/UCP5jnVTUjZZKlr_b-mxr49w"]}]}},"_links":{"self":[{"href":"https:\/\/www.exogen.com\/fi\/wp-json\/wp\/v2\/pages\/3470","targetHints":{"allow":["GET"]}}],"collection":[{"href":"https:\/\/www.exogen.com\/fi\/wp-json\/wp\/v2\/pages"}],"about":[{"href":"https:\/\/www.exogen.com\/fi\/wp-json\/wp\/v2\/types\/page"}],"author":[{"embeddable":true,"href":"https:\/\/www.exogen.com\/fi\/wp-json\/wp\/v2\/users\/1"}],"replies":[{"embeddable":true,"href":"https:\/\/www.exogen.com\/fi\/wp-json\/wp\/v2\/comments?post=3470"}],"version-history":[{"count":0,"href":"https:\/\/www.exogen.com\/fi\/wp-json\/wp\/v2\/pages\/3470\/revisions"}],"wp:attachment":[{"href":"https:\/\/www.exogen.com\/fi\/wp-json\/wp\/v2\/media?parent=3470"}],"curies":[{"name":"wp","href":"https:\/\/api.w.org\/{rel}","templated":true}]}}