{"id":3478,"date":"2021-10-08T13:34:35","date_gmt":"2021-10-08T13:34:35","guid":{"rendered":"https:\/\/exogen.com\/frequently-asked-questions\/"},"modified":"2025-08-22T13:19:07","modified_gmt":"2025-08-22T13:19:07","slug":"frequently-asked-questions","status":"publish","type":"page","link":"https:\/\/www.exogen.com\/fi\/frequently-asked-questions\/","title":{"rendered":"Frequently Asked Questions"},"content":{"rendered":"<div class=\"wpb-content-wrapper\"><p>[vc_row row_height_percent=&#8221;0&#8243; back_image=&#8221;11359&#8243; back_repeat=&#8221;no-repeat&#8221; back_position=&#8221;center center&#8221; overlay_alpha=&#8221;50&#8243; gutter_size=&#8221;3&#8243; column_width_percent=&#8221;100&#8243; shift_y=&#8221;0&#8243; z_index=&#8221;0&#8243; content_parallax=&#8221;0&#8243; uncode_shortcode_id=&#8221;182919&#8243; row_height_pixel=&#8221;460&#8243; back_size=&#8221;cover&#8221; el_class=&#8221;inner-banner&#8221; css=&#8221;.vc_custom_1755868742332{margin-top: 88px !important;margin-bottom: 44px !important;}&#8221;][vc_column column_width_percent=&#8221;100&#8243; position_vertical=&#8221;middle&#8221; gutter_size=&#8221;3&#8243; overlay_alpha=&#8221;50&#8243; shift_x=&#8221;0&#8243; shift_y=&#8221;0&#8243; shift_y_down=&#8221;0&#8243; z_index=&#8221;0&#8243; medium_width=&#8221;0&#8243; mobile_width=&#8221;0&#8243; width=&#8221;1\/2&#8243; uncode_shortcode_id=&#8221;652607&#8243;][vc_custom_heading text_color=&#8221;color-xsdn&#8221; heading_semantic=&#8221;h1&#8243; text_size=&#8221;fontsize-942846&#8243; text_weight=&#8221;400&#8243; text_transform=&#8221;uppercase&#8221; text_height=&#8221;fontheight-667169&#8243; uncode_shortcode_id=&#8221;106315&#8243; text_color_type=&#8221;uncode-palette&#8221;]Usein kysytyt <span style=\"font-weight: 700 !important;\">kysymykset<\/span>[\/vc_custom_heading][vc_button size=&#8221;btn-lg&#8221; radius=&#8221;btn-circle&#8221; hover_fx=&#8221;outlined&#8221; border_width=&#8221;1&#8243; icon_position=&#8221;right&#8221; uncode_shortcode_id=&#8221;185554&#8243; button_color_type=&#8221;uncode-solid&#8221; icon=&#8221;fa fa-arrow-right2&#8243; link=&#8221;url:%2Ffi%2Fcontact-an-exogen-rep%2F&#8221; button_color_solid=&#8221;rgba(0,0,0,0.01)&#8221; el_id=&#8221;button-transparent&#8221;]Ota yhteytt\u00e4 EXOGEN-edustajaan[\/vc_button][\/vc_column][vc_column width=&#8221;1\/2&#8243;][\/vc_column][\/vc_row][vc_row row_height_percent=&#8221;0&#8243; overlay_alpha=&#8221;50&#8243; gutter_size=&#8221;4&#8243; column_width_percent=&#8221;100&#8243; shift_y=&#8221;0&#8243; z_index=&#8221;0&#8243; uncode_shortcode_id=&#8221;900682&#8243;][vc_column width=&#8221;8\/12&#8243;][vc_custom_heading text_color=&#8221;color-107303&#8243; heading_semantic=&#8221;h3&#8243; text_font=&#8221;font-559666&#8243; text_size=&#8221;fontsize-950476&#8243; text_weight=&#8221;700&#8243; text_height=&#8221;fontheight-143712&#8243; uncode_shortcode_id=&#8221;612010&#8243; text_color_type=&#8221;uncode-palette&#8221;]K\u00e4ytt\u00f6aiheet[\/vc_custom_heading][vc_accordion sign=&#8221;plus&#8221; el_class=&#8221;faq-wrapper&#8221;][vc_accordion_tab gutter_size=&#8221;2&#8243; column_padding=&#8221;2&#8243; title=&#8221;Mihin tarkoituksiin EXOGEN on hyv\u00e4ksytty?&#8221; tab_id=&#8221;1633691501-1-161633700183818&#8243;][vc_column_text uncode_shortcode_id=&#8221;276361&#8243;]EXOGEN on tarkoitettu ei-invasiiviseen luuvaurioiden hoitoon (poislukien selk\u00e4ranka ja kallo), mukaan lukien viiv\u00e4styneen luutumisen, luutumattomuuden,* rasitusmurtumien ja nivelliitosten hoito. EXOGEN\u00a0on my\u00f6s tarkoitettu tuoreen murtuman luutumisen nopeuttamiseen, osteotomian j\u00e4lkeiseen hoitoon, luunsiirron j\u00e4lkeiseen hoitoon ja kun luun muodostumisessa on h\u00e4iritsevi\u00e4 tekij\u00f6it\u00e4.[\/vc_column_text][\/vc_accordion_tab][vc_accordion_tab gutter_size=&#8221;2&#8243; column_padding=&#8221;2&#8243; title=&#8221;Onko EXOGENin k\u00e4yt\u00f6lle vasta-aiheita?&#8221; tab_id=&#8221;1633691501-2-571633700183818&#8243;][vc_column_text uncode_shortcode_id=&#8221;194598&#8243;]EXOGEN-laitteen k\u00e4yt\u00f6lle ei ole tiedossa olevia vasta-aiheita.[\/vc_column_text][\/vc_accordion_tab][\/vc_accordion][vc_empty_space empty_h=&#8221;2&#8243;][vc_custom_heading text_color=&#8221;color-107303&#8243; heading_semantic=&#8221;h3&#8243; text_font=&#8221;font-559666&#8243; text_size=&#8221;fontsize-950476&#8243; text_weight=&#8221;700&#8243; text_height=&#8221;fontheight-143712&#8243; uncode_shortcode_id=&#8221;148679&#8243; text_color_type=&#8221;uncode-palette&#8221;]Murtuman hoito[\/vc_custom_heading][vc_accordion sign=&#8221;plus&#8221; el_class=&#8221;faq-wrapper&#8221; active_tab=&#8221;#&#8221;][vc_accordion_tab gutter_size=&#8221;2&#8243; column_padding=&#8221;2&#8243; title=&#8221;Pystyyk\u00f6 EXOGEN-laitteella hoitamaan koko murtuman?&#8221; tab_id=&#8221;1633694628-1-931633700183818&#8243;][vc_column_text uncode_shortcode_id=&#8221;690248&#8243;]Kyll\u00e4. Ultra\u00e4\u00e4nis\u00e4teen biologinen vaikutus ulottuu koko murtumaan leikkausaaltoina.<sup><a href=\"https:\/\/www.exogen.com\/fi\/references\/\">61<\/a><\/sup>[\/vc_column_text][\/vc_accordion_tab][vc_accordion_tab gutter_size=&#8221;2&#8243; column_padding=&#8221;2&#8243; title=&#8221;Onko EXOGEN-hoito tehokasta syviss\u00e4 murtumissa, kuten reisiluussa?&#8221; tab_id=&#8221;1633694628-2-401633700183818&#8243;][vc_column_text uncode_shortcode_id=&#8221;131261&#8243;]Kliinisess\u00e4 arvioinnissa EXOGENin onnistumisprosentti reisiluun luutumattomien murtumien hoidossa oli 84,3\u00a0%, mik\u00e4 viittaisi siihen, ett\u00e4 EXOGEN on erinomainen vaihtoehto syvist\u00e4 murtumista k\u00e4rsiville potilaille.<sup><a href=\"https:\/\/www.exogen.com\/fi\/references\/\">31<\/a><\/sup> Murtuman sijainnin tunnistamiseen suositellaan kohdistamista.<sup><a href=\"https:\/\/www.exogen.com\/fi\/references\/\">62<\/a><\/sup>[\/vc_column_text][\/vc_accordion_tab][vc_accordion_tab gutter_size=&#8221;2&#8243; column_padding=&#8221;2&#8243; title=&#8221;Kuinka tehokkaasti EXOGEN l\u00e4p\u00e4isee pehmytkudoksen?&#8221; tab_id=&#8221;1633695962047-2-61633700183818&#8243;][vc_column_text uncode_shortcode_id=&#8221;571012&#8243;]EXOGEN-ultra\u00e4\u00e4niaallot voivat l\u00e4p\u00e4ist\u00e4 ihon ja pehmytkudoksen tehokkaan tunkeutumissyvyyden ollessa noin 254\u00a0mm.<sup><a href=\"https:\/\/www.exogen.com\/fi\/references\/\">61<\/a><\/sup>[\/vc_column_text][\/vc_accordion_tab][vc_accordion_tab gutter_size=&#8221;2&#8243; column_padding=&#8221;2&#8243; title=&#8221;Voivatko syd\u00e4mentahdistimia tai muita aktiivisia implantoituja laitteita k\u00e4ytt\u00e4v\u00e4t potilaat k\u00e4ytt\u00e4\u00e4 EXOGENia?&#8221; tab_id=&#8221;1633695978326-3-91633700183818&#8243;][vc_column_text uncode_shortcode_id=&#8221;142769&#8243;]EXOGEN-laite voi aiheuttaa h\u00e4iri\u00f6it\u00e4 syd\u00e4mentahdistinten kaltaisissa aktiivisissa implantoiduissa laitteissa. Kardiologin tai l\u00e4\u00e4k\u00e4rin on arvioitava potilaiden tai muiden hoidon aikana l\u00e4hist\u00f6ll\u00e4 olevien henkil\u00f6iden turvallisuus ennen EXOGEN-laitteen k\u00e4ytt\u00f6\u00e4.[\/vc_column_text][\/vc_accordion_tab][vc_accordion_tab gutter_size=&#8221;2&#8243; column_padding=&#8221;2&#8243; title=&#8221;Miten valmistelen potilaani EXOGEN-hoitoihin?&#8221; tab_id=&#8221;1633695996230-4-101633700183818&#8243;][vc_column_text uncode_shortcode_id=&#8221;309912&#8243;]Merkitse potilaasi murtumakohta ihoon. EXOGEN-muuntimen on oltava v\u00e4litt\u00f6m\u00e4ss\u00e4 ihokontaktissa, joten jos potilaasi tarvitsee kipsi\u00e4 tai h\u00e4nell\u00e4 on jo kipsi, kipsiin on teht\u00e4v\u00e4 aukko tai ikkuna muunninta varten. Koulutetut EXOGEN-asiantuntijamme auttavat sinua sijoittamaan muuntimen aukon oikein kipsauksen yhteydess\u00e4 sek\u00e4 k\u00e4yt\u00f6ss\u00e4 metallien kanssa luutumattomien murtumien hoidossa. Jos haluat lis\u00e4\u00e4 tietoa, lataa\u00a0<a href=\"https:\/\/www.exogen.com\/fi\/physician-resources\/\">EXOGENin tekniikat k\u00e4ytt\u00f6\u00f6n kipsauksen yhteydess\u00e4<\/a>\u00a0tai ota yhteytt\u00e4\u00a0<a href=\"https:\/\/www.exogen.com\/fi\/contact-an-exogen-rep\/\">Bioventus-asiakaspalveluun<\/a>.[\/vc_column_text][\/vc_accordion_tab][\/vc_accordion][vc_empty_space empty_h=&#8221;2&#8243;][vc_custom_heading text_color=&#8221;color-107303&#8243; heading_semantic=&#8221;h3&#8243; text_font=&#8221;font-559666&#8243; text_size=&#8221;fontsize-950476&#8243; text_weight=&#8221;700&#8243; text_height=&#8221;fontheight-143712&#8243; uncode_shortcode_id=&#8221;187225&#8243; text_color_type=&#8221;uncode-palette&#8221;]EXOGEN-laite ja korvattavuus[\/vc_custom_heading][vc_accordion sign=&#8221;plus&#8221; el_class=&#8221;faq-wrapper&#8221; active_tab=&#8221;#&#8221;][vc_accordion_tab gutter_size=&#8221;2&#8243; column_padding=&#8221;2&#8243; title=&#8221;Mit\u00e4 EXOGEN-yksikk\u00f6\u00f6n sis\u00e4ltyy?&#8221; tab_id=&#8221;1633696683-1-311633700183818&#8243;][vc_column_text uncode_shortcode_id=&#8221;161681&#8243;]EXOGEN-yksik\u00f6ss\u00e4 on p\u00e4\u00e4k\u00e4ytt\u00f6yksikk\u00f6 sek\u00e4 siihen kiinnitetty johto, jossa on muunninp\u00e4\u00e4. Potilaat saavat lis\u00e4ksi kiinnityshihnan, ultra\u00e4\u00e4nigeeli\u00e4 ja akkulaturin.[\/vc_column_text][\/vc_accordion_tab][vc_accordion_tab gutter_size=&#8221;2&#8243; column_padding=&#8221;2&#8243; title=&#8221;Korvaavatko sairaalat ja\/tai vakuutusyhti\u00f6t EXOGENin?&#8221; tab_id=&#8221;1633696683-2-971633700183818&#8243;][vc_column_text uncode_shortcode_id=&#8221;581047&#8243;]Monet vakuutusyhti\u00f6t korvaavat EXOGEN-laitteen k\u00e4yt\u00f6n. Jos haluat lis\u00e4\u00e4 tietoja, ota yhteytt\u00e4 paikalliseen EXOGEN-edustajaasi tai\u00a0<a href=\"https:\/\/www.exogen.com\/us\/physician\/contact\/\">Bioventus-asiakaspalveluun<\/a>.[\/vc_column_text][\/vc_accordion_tab][\/vc_accordion][\/vc_column][vc_column width=&#8221;4\/12&#8243;][vc_single_image media=&#8221;127&#8243; media_width_percent=&#8221;100&#8243; uncode_shortcode_id=&#8221;155189&#8243;][vc_row_inner row_inner_height_percent=&#8221;0&#8243; overlay_alpha=&#8221;50&#8243; gutter_size=&#8221;3&#8243; shift_y=&#8221;0&#8243; z_index=&#8221;0&#8243; uncode_shortcode_id=&#8221;174241&#8243; css=&#8221;.vc_custom_1633693982448{margin-top: 0px !important;}&#8221; limit_content=&#8221;&#8221;][vc_column_inner column_width_percent=&#8221;100&#8243; gutter_size=&#8221;3&#8243; back_color=&#8221;color-763025&#8243; overlay_alpha=&#8221;50&#8243; shift_x=&#8221;0&#8243; shift_y=&#8221;0&#8243; shift_y_down=&#8221;0&#8243; z_index=&#8221;0&#8243; medium_width=&#8221;0&#8243; mobile_width=&#8221;0&#8243; width=&#8221;1\/1&#8243; uncode_shortcode_id=&#8221;121928&#8243; back_color_type=&#8221;uncode-palette&#8221;][vc_custom_heading text_color=&#8221;color-nhtu&#8221; heading_semantic=&#8221;h4&#8243; text_font=&#8221;font-559666&#8243; text_size=&#8221;fontsize-467755&#8243; text_weight=&#8221;700&#8243; text_height=&#8221;fontheight-143712&#8243; uncode_shortcode_id=&#8221;137222&#8243; text_color_type=&#8221;uncode-palette&#8221;]Etk\u00f6 l\u00f6yt\u00e4nyt vastausta kysymykseesi?[\/vc_custom_heading][vc_column_text uncode_shortcode_id=&#8221;193935&#8243; css=&#8221;.vc_custom_1639550770129{margin-top: 0px !important;margin-bottom: 0px !important;padding-top: 0px !important;padding-bottom: 0px !important;}&#8221;]Ota meihin yhteytt\u00e4[\/vc_column_text][vc_button button_color=&#8221;color-207599&#8243; size=&#8221;btn-sm&#8221; radius=&#8221;btn-circle&#8221; hover_fx=&#8221;full-colored&#8221; border_width=&#8221;0&#8243; icon_position=&#8221;right&#8221; uncode_shortcode_id=&#8221;980845&#8243; button_color_type=&#8221;uncode-palette&#8221; icon=&#8221;fa fa-arrow-right2&#8243; link=&#8221;url:%2Ffi%2Fcontact-us%2F&#8221;]Ota meihin yhteytt\u00e4[\/vc_button][\/vc_column_inner][\/vc_row_inner][\/vc_column][\/vc_row][vc_row row_height_percent=&#8221;0&#8243; overlay_alpha=&#8221;50&#8243; gutter_size=&#8221;3&#8243; column_width_percent=&#8221;100&#8243; border_color=&#8221;color-gyho&#8221; border_style=&#8221;solid&#8221; shift_y=&#8221;0&#8243; z_index=&#8221;0&#8243; uncode_shortcode_id=&#8221;193465&#8243; css=&#8221;.vc_custom_1633696557289{margin-top: 40px !important;margin-bottom: 0px !important;border-top-width: 1px !important;}&#8221; el_id=&#8221;description_text&#8221; border_color_type=&#8221;uncode-palette&#8221;][vc_column width=&#8221;1\/1&#8243;][vc_column_text uncode_shortcode_id=&#8221;681776&#8243;]<strong style=\"margin-bottom: 15px;\">K\u00e4ytt\u00f6aiheiden yhteenveto<br \/>\n<\/strong><\/p>\n<p>EXOGEN on tarkoitettu ei-invasiiviseen luuvaurioiden hoitoon (poislukien selk\u00e4ranka ja kallo), mukaan lukien viiv\u00e4styneen luutumisen, luutumattomuuden*, rasitusmurtumien ja nivelliitosten hoito. EXOGEN on my\u00f6s tarkoitettu tuoreen murtuman luutumisen nopeuttamiseen, osteotomian j\u00e4lkeiseen hoitoon, luunsiirron j\u00e4lkeiseen hoitoon ja kun luun muodostumisessa on h\u00e4iritsevi\u00e4 tekij\u00f6it\u00e4.<\/p>\n<p>EXOGEN-laitteelle ei ole tiedossa olevia kontraindikaatioita. Turvallisuutta ja tehokkuutta ei ole vahvistettu henkil\u00f6ille, joiden luusto ei ole t\u00e4ysin kehittynyt, raskaana oleville tai imett\u00e4ville naisille, potilaille, joilla on syd\u00e4ntahdistimia, luusy\u00f6v\u00e4st\u00e4 johtuville murtumille tai potilaille, joiden verenkierto on heikkoa tai joilla on hyytymisongelmia. Jotkut potilaat saattavat olla herkki\u00e4 ultra\u00e4\u00e4nigeelille.<\/p>\n<p>T\u00e4ydelliset hoitom\u00e4\u00e4r\u00e4ystiedot ovat saatavana tuotemerkinn\u00f6iss\u00e4, sivustolta <a href=\"https:\/\/www.exogen.com\/\">EXOGEN.com<\/a>,tai ottamalla yhteytt\u00e4 Bioventus-asiakaspalveluun. <a href=\"tel:1-800-836-4080\"><strong>1-800-836-4080<\/strong><\/a>.<\/p>\n<p>*Luun ei katsota luutuneen kun murtumakohdassa ei n\u00e4y selkeit\u00e4 merkkej\u00e4 paranemisen edistymisest\u00e4.[\/vc_column_text][\/vc_column][\/vc_row]<\/p>\n<\/div>","protected":false},"excerpt":{"rendered":"<p>[vc_row row_height_percent=&#8221;0&#8243; back_image=&#8221;11359&#8243; back_repeat=&#8221;no-repeat&#8221; back_position=&#8221;center center&#8221; overlay_alpha=&#8221;50&#8243; gutter_size=&#8221;3&#8243; column_width_percent=&#8221;100&#8243; shift_y=&#8221;0&#8243; z_index=&#8221;0&#8243; content_parallax=&#8221;0&#8243; uncode_shortcode_id=&#8221;182919&#8243; row_height_pixel=&#8221;460&#8243; back_size=&#8221;cover&#8221; el_class=&#8221;inner-banner&#8221; css=&#8221;.vc_custom_1755868742332{margin-top: 88px !important;margin-bottom: 44px [&hellip;]<\/p>\n","protected":false},"author":1,"featured_media":0,"parent":0,"menu_order":0,"comment_status":"closed","ping_status":"closed","template":"","meta":{"_acf_changed":false,"_five9_enable_chat":"","footnotes":""},"class_list":["post-3478","page","type-page","status-publish","hentry","page_category-hcp-fi"],"acf":[],"yoast_head":"<!-- This site is optimized with the Yoast SEO plugin v27.5 - https:\/\/yoast.com\/product\/yoast-seo-wordpress\/ -->\n<title>Ammattilaisille - Usein kysytyt kysymykset | EXOGEN Ultrasound Bone Healing System<\/title>\n<meta name=\"robots\" content=\"index, follow, max-snippet:-1, max-image-preview:large, max-video-preview:-1\" \/>\n<link rel=\"canonical\" href=\"https:\/\/www.exogen.com\/fi\/frequently-asked-questions\/\" \/>\n<meta property=\"og:locale\" content=\"fi_FI\" \/>\n<meta property=\"og:type\" content=\"article\" \/>\n<meta property=\"og:title\" content=\"Ammattilaisille - Usein kysytyt kysymykset | EXOGEN Ultrasound Bone Healing System\" \/>\n<meta property=\"og:description\" content=\"[vc_row row_height_percent=&#8221;0&#8243; back_image=&#8221;11359&#8243; back_repeat=&#8221;no-repeat&#8221; back_position=&#8221;center center&#8221; overlay_alpha=&#8221;50&#8243; gutter_size=&#8221;3&#8243; column_width_percent=&#8221;100&#8243; shift_y=&#8221;0&#8243; z_index=&#8221;0&#8243; content_parallax=&#8221;0&#8243; uncode_shortcode_id=&#8221;182919&#8243; row_height_pixel=&#8221;460&#8243; back_size=&#8221;cover&#8221; el_class=&#8221;inner-banner&#8221; css=&#8221;.vc_custom_1755868742332{margin-top: 88px !important;margin-bottom: 44px [&hellip;]\" \/>\n<meta property=\"og:url\" content=\"https:\/\/www.exogen.com\/fi\/frequently-asked-questions\/\" \/>\n<meta property=\"og:site_name\" content=\"EXOGEN Ultrasound Bone Healing System\" \/>\n<meta property=\"article:publisher\" content=\"https:\/\/www.facebook.com\/exogenbonehealing\/\" \/>\n<meta property=\"article:modified_time\" content=\"2025-08-22T13:19:07+00:00\" \/>\n<meta name=\"twitter:card\" content=\"summary_large_image\" \/>\n<meta name=\"twitter:label1\" content=\"Arvioitu lukuaika\" \/>\n\t<meta name=\"twitter:data1\" content=\"3 minuuttia\" \/>\n<script type=\"application\/ld+json\" class=\"yoast-schema-graph\">{\"@context\":\"https:\\\/\\\/schema.org\",\"@graph\":[{\"@type\":\"WebPage\",\"@id\":\"https:\\\/\\\/www.exogen.com\\\/fi\\\/frequently-asked-questions\\\/\",\"url\":\"https:\\\/\\\/www.exogen.com\\\/fi\\\/frequently-asked-questions\\\/\",\"name\":\"Ammattilaisille - Usein kysytyt kysymykset | EXOGEN Ultrasound Bone Healing System\",\"isPartOf\":{\"@id\":\"https:\\\/\\\/www.exogen.com\\\/fi\\\/#website\"},\"datePublished\":\"2021-10-08T13:34:35+00:00\",\"dateModified\":\"2025-08-22T13:19:07+00:00\",\"breadcrumb\":{\"@id\":\"https:\\\/\\\/www.exogen.com\\\/fi\\\/frequently-asked-questions\\\/#breadcrumb\"},\"inLanguage\":\"fi\",\"potentialAction\":[{\"@type\":\"ReadAction\",\"target\":[\"https:\\\/\\\/www.exogen.com\\\/fi\\\/frequently-asked-questions\\\/\"]}]},{\"@type\":\"BreadcrumbList\",\"@id\":\"https:\\\/\\\/www.exogen.com\\\/fi\\\/frequently-asked-questions\\\/#breadcrumb\",\"itemListElement\":[{\"@type\":\"ListItem\",\"position\":1,\"name\":\"Home\",\"item\":\"https:\\\/\\\/www.exogen.com\\\/fi\\\/\"},{\"@type\":\"ListItem\",\"position\":2,\"name\":\"Frequently Asked Questions\"}]},{\"@type\":\"WebSite\",\"@id\":\"https:\\\/\\\/www.exogen.com\\\/fi\\\/#website\",\"url\":\"https:\\\/\\\/www.exogen.com\\\/fi\\\/\",\"name\":\"EXOGEN Ultrasound Bone Healing System\",\"description\":\"Ultrasound Bone Healing System\",\"publisher\":{\"@id\":\"https:\\\/\\\/www.exogen.com\\\/fi\\\/#organization\"},\"potentialAction\":[{\"@type\":\"SearchAction\",\"target\":{\"@type\":\"EntryPoint\",\"urlTemplate\":\"https:\\\/\\\/www.exogen.com\\\/fi\\\/?s={search_term_string}\"},\"query-input\":{\"@type\":\"PropertyValueSpecification\",\"valueRequired\":true,\"valueName\":\"search_term_string\"}}],\"inLanguage\":\"fi\"},{\"@type\":\"Organization\",\"@id\":\"https:\\\/\\\/www.exogen.com\\\/fi\\\/#organization\",\"name\":\"EXOGEN\",\"url\":\"https:\\\/\\\/www.exogen.com\\\/fi\\\/\",\"logo\":{\"@type\":\"ImageObject\",\"inLanguage\":\"fi\",\"@id\":\"https:\\\/\\\/www.exogen.com\\\/fi\\\/#\\\/schema\\\/logo\\\/image\\\/\",\"url\":\"https:\\\/\\\/www.exogen.com\\\/wp-content\\\/uploads\\\/2021\\\/10\\\/purple-logo.png\",\"contentUrl\":\"https:\\\/\\\/www.exogen.com\\\/wp-content\\\/uploads\\\/2021\\\/10\\\/purple-logo.png\",\"width\":264,\"height\":100,\"caption\":\"EXOGEN\"},\"image\":{\"@id\":\"https:\\\/\\\/www.exogen.com\\\/fi\\\/#\\\/schema\\\/logo\\\/image\\\/\"},\"sameAs\":[\"https:\\\/\\\/www.facebook.com\\\/exogenbonehealing\\\/\",\"https:\\\/\\\/www.instagram.com\\\/exogenbonehealing\\\/\",\"https:\\\/\\\/www.youtube.com\\\/channel\\\/UCP5jnVTUjZZKlr_b-mxr49w\"]}]}<\/script>\n<!-- \/ Yoast SEO plugin. -->","yoast_head_json":{"title":"Ammattilaisille - Usein kysytyt kysymykset | EXOGEN Ultrasound Bone Healing System","robots":{"index":"index","follow":"follow","max-snippet":"max-snippet:-1","max-image-preview":"max-image-preview:large","max-video-preview":"max-video-preview:-1"},"canonical":"https:\/\/www.exogen.com\/fi\/frequently-asked-questions\/","og_locale":"fi_FI","og_type":"article","og_title":"Ammattilaisille - Usein kysytyt kysymykset | EXOGEN Ultrasound Bone Healing System","og_description":"[vc_row row_height_percent=&#8221;0&#8243; back_image=&#8221;11359&#8243; back_repeat=&#8221;no-repeat&#8221; back_position=&#8221;center center&#8221; overlay_alpha=&#8221;50&#8243; gutter_size=&#8221;3&#8243; column_width_percent=&#8221;100&#8243; shift_y=&#8221;0&#8243; z_index=&#8221;0&#8243; content_parallax=&#8221;0&#8243; uncode_shortcode_id=&#8221;182919&#8243; row_height_pixel=&#8221;460&#8243; back_size=&#8221;cover&#8221; el_class=&#8221;inner-banner&#8221; css=&#8221;.vc_custom_1755868742332{margin-top: 88px !important;margin-bottom: 44px [&hellip;]","og_url":"https:\/\/www.exogen.com\/fi\/frequently-asked-questions\/","og_site_name":"EXOGEN Ultrasound Bone Healing System","article_publisher":"https:\/\/www.facebook.com\/exogenbonehealing\/","article_modified_time":"2025-08-22T13:19:07+00:00","twitter_card":"summary_large_image","twitter_misc":{"Arvioitu lukuaika":"3 minuuttia"},"schema":{"@context":"https:\/\/schema.org","@graph":[{"@type":"WebPage","@id":"https:\/\/www.exogen.com\/fi\/frequently-asked-questions\/","url":"https:\/\/www.exogen.com\/fi\/frequently-asked-questions\/","name":"Ammattilaisille - Usein kysytyt kysymykset | EXOGEN Ultrasound Bone Healing System","isPartOf":{"@id":"https:\/\/www.exogen.com\/fi\/#website"},"datePublished":"2021-10-08T13:34:35+00:00","dateModified":"2025-08-22T13:19:07+00:00","breadcrumb":{"@id":"https:\/\/www.exogen.com\/fi\/frequently-asked-questions\/#breadcrumb"},"inLanguage":"fi","potentialAction":[{"@type":"ReadAction","target":["https:\/\/www.exogen.com\/fi\/frequently-asked-questions\/"]}]},{"@type":"BreadcrumbList","@id":"https:\/\/www.exogen.com\/fi\/frequently-asked-questions\/#breadcrumb","itemListElement":[{"@type":"ListItem","position":1,"name":"Home","item":"https:\/\/www.exogen.com\/fi\/"},{"@type":"ListItem","position":2,"name":"Frequently Asked Questions"}]},{"@type":"WebSite","@id":"https:\/\/www.exogen.com\/fi\/#website","url":"https:\/\/www.exogen.com\/fi\/","name":"EXOGEN Ultrasound Bone Healing System","description":"Ultrasound Bone Healing System","publisher":{"@id":"https:\/\/www.exogen.com\/fi\/#organization"},"potentialAction":[{"@type":"SearchAction","target":{"@type":"EntryPoint","urlTemplate":"https:\/\/www.exogen.com\/fi\/?s={search_term_string}"},"query-input":{"@type":"PropertyValueSpecification","valueRequired":true,"valueName":"search_term_string"}}],"inLanguage":"fi"},{"@type":"Organization","@id":"https:\/\/www.exogen.com\/fi\/#organization","name":"EXOGEN","url":"https:\/\/www.exogen.com\/fi\/","logo":{"@type":"ImageObject","inLanguage":"fi","@id":"https:\/\/www.exogen.com\/fi\/#\/schema\/logo\/image\/","url":"https:\/\/www.exogen.com\/wp-content\/uploads\/2021\/10\/purple-logo.png","contentUrl":"https:\/\/www.exogen.com\/wp-content\/uploads\/2021\/10\/purple-logo.png","width":264,"height":100,"caption":"EXOGEN"},"image":{"@id":"https:\/\/www.exogen.com\/fi\/#\/schema\/logo\/image\/"},"sameAs":["https:\/\/www.facebook.com\/exogenbonehealing\/","https:\/\/www.instagram.com\/exogenbonehealing\/","https:\/\/www.youtube.com\/channel\/UCP5jnVTUjZZKlr_b-mxr49w"]}]}},"_links":{"self":[{"href":"https:\/\/www.exogen.com\/fi\/wp-json\/wp\/v2\/pages\/3478","targetHints":{"allow":["GET"]}}],"collection":[{"href":"https:\/\/www.exogen.com\/fi\/wp-json\/wp\/v2\/pages"}],"about":[{"href":"https:\/\/www.exogen.com\/fi\/wp-json\/wp\/v2\/types\/page"}],"author":[{"embeddable":true,"href":"https:\/\/www.exogen.com\/fi\/wp-json\/wp\/v2\/users\/1"}],"replies":[{"embeddable":true,"href":"https:\/\/www.exogen.com\/fi\/wp-json\/wp\/v2\/comments?post=3478"}],"version-history":[{"count":0,"href":"https:\/\/www.exogen.com\/fi\/wp-json\/wp\/v2\/pages\/3478\/revisions"}],"wp:attachment":[{"href":"https:\/\/www.exogen.com\/fi\/wp-json\/wp\/v2\/media?parent=3478"}],"curies":[{"name":"wp","href":"https:\/\/api.w.org\/{rel}","templated":true}]}}