{"id":800,"date":"2021-10-25T13:48:22","date_gmt":"2021-10-25T13:48:22","guid":{"rendered":"https:\/\/exogen.com\/what-is-a-bone-stimulator\/"},"modified":"2025-08-08T10:03:51","modified_gmt":"2025-08-08T10:03:51","slug":"what-is-a-bone-stimulator","status":"publish","type":"page","link":"https:\/\/www.exogen.com\/fr\/what-is-a-bone-stimulator\/","title":{"rendered":"Qu\\&rsquo;est-ce qu\\&rsquo;un stimulateur osseux ?"},"content":{"rendered":"<div class=\"wpb-content-wrapper\"><p>[vc_row row_height_percent=\u00a0\u00bb0&Prime; overlay_alpha=\u00a0\u00bb50&Prime; gutter_size=\u00a0\u00bb3&Prime; column_width_percent=\u00a0\u00bb100&Prime; shift_y=\u00a0\u00bb0&Prime; z_index=\u00a0\u00bb0&Prime; uncode_shortcode_id=\u00a0\u00bb141354&Prime; row_height_pixel=\u00a0\u00bb145&Prime; back_color_type=\u00a0\u00bbuncode-gradient\u00a0\u00bb back_color_gradient=\u00a0\u00bb{\u00ab\u00a0css\u00ab\u00a0:\u00ab\u00a0background: linear-gradient(to bottom , rgb(211, 211, 211) , rgb(243, 240, 244) 34%);\u00ab\u00a0,\u00ab\u00a0sliders\u00ab\u00a0:`{`{\u00ab\u00a0color\u00ab\u00a0:\u00ab\u00a0rgb(211, 211, 211)\u00ab\u00a0,\u00ab\u00a0position\u00ab\u00a0:0},{\u00ab\u00a0color\u00ab\u00a0:\u00ab\u00a0rgb(243, 240, 244)\u00ab\u00a0,\u00ab\u00a0position\u00ab\u00a0:34}`}`,\u00ab\u00a0type\u00ab\u00a0:\u00ab\u00a0linear\u00ab\u00a0,\u00ab\u00a0direction\u00ab\u00a0:\u00ab\u00a0top\u00ab\u00a0}\u00a0\u00bb css=\u00a0\u00bb.vc_custom_1633698520117{margin-top: 80px !important;margin-bottom: 60px !important;}\u00a0\u00bb][vc_column column_width_percent=\u00a0\u00bb100&Prime; position_vertical=\u00a0\u00bbmiddle\u00a0\u00bb gutter_size=\u00a0\u00bb3&Prime; overlay_alpha=\u00a0\u00bb50&Prime; shift_x=\u00a0\u00bb0&Prime; shift_y=\u00a0\u00bb0&Prime; shift_y_down=\u00a0\u00bb0&Prime; z_index=\u00a0\u00bb0&Prime; medium_width=\u00a0\u00bb0&Prime; mobile_width=\u00a0\u00bb0&Prime; width=\u00a0\u00bb1\/1&Prime; uncode_shortcode_id=\u00a0\u00bb697530&Prime;][vc_column_text text_color=\u00a0\u00bbcolor-107303&Prime; uncode_shortcode_id=\u00a0\u00bb302078&Prime; text_color_type=\u00a0\u00bbuncode-palette\u00a0\u00bb css=\u00a0\u00bb.vc_custom_1754646717365{margin-top: 0px !important;margin-bottom: -30px !important;padding-top: 0px !important;padding-bottom: 0px !important;}\u00a0\u00bb el_class=\u00a0\u00bbtop-link\u00a0\u00bb]<a href=\"https:\/\/www.exogen.com\/fr\/faqs\/\"><i class=\"fa fa-angle-left\"><\/i> RETOUR<\/a>[\/vc_column_text][vc_custom_heading text_color=\u00a0\u00bbcolor-121277&Prime; heading_semantic=\u00a0\u00bbh1&Prime; text_font=\u00a0\u00bbfont-559666&Prime; text_size=\u00a0\u00bbfontsize-242148&Prime; text_transform=\u00a0\u00bbuppercase\u00a0\u00bb text_height=\u00a0\u00bbfontheight-133340&Prime; uncode_shortcode_id=\u00a0\u00bb415908&Prime; text_color_type=\u00a0\u00bbuncode-palette\u00a0\u00bb]QU\u2019EST-CE QU\u2019UN STIMULATEUR OSSEUX?[\/vc_custom_heading][\/vc_column][\/vc_row][vc_row row_height_percent=\u00a0\u00bb0&Prime; overlay_alpha=\u00a0\u00bb50&Prime; gutter_size=\u00a0\u00bb3&Prime; column_width_percent=\u00a0\u00bb100&Prime; shift_y=\u00a0\u00bb0&Prime; z_index=\u00a0\u00bb0&Prime; uncode_shortcode_id=\u00a0\u00bb169022&Prime; css=\u00a0\u00bb.vc_custom_1633699476839{margin-bottom: 40px !important;}\u00a0\u00bb][vc_column width=\u00a0\u00bb1\/1&Prime;][vc_column_text uncode_shortcode_id=\u00a0\u00bb127556&Prime; css=\u00a0\u00bb.vc_custom_1754647247022{margin-top: 0px !important;}\u00a0\u00bb el_class=\u00a0\u00bbfaq-page-content\u00a0\u00bb]Les stimulateurs osseux sont des dispositifs qui favorisent la gu\u00e9rison osseuse par l\u2019entremise de champs d\u2019\u00e9nergie dirig\u00e9s sur le site des fractures aigu\u00ebs indiqu\u00e9es et des fractures non consolid\u00e9es<sup><a href=\"https:\/\/www.exogen.com\/fr\/references\/\">48<\/a><\/sup><\/p>\n<p>L\u2019os humain est un tissu vivant et a donc la capacit\u00e9 de se gu\u00e9rir lui-m\u00eame lorsqu\u2019il est bless\u00e9 ou cass\u00e9. Plusieurs r\u00e9actions mol\u00e9culaires complexes se produisent pendant le processus de consolidation osseuse<sup><a href=\"https:\/\/www.exogen.com\/fr\/references\/\">48<\/a><\/sup><\/p>\n<p>Les stimulateurs osseux favorisent la consolidation osseuse en stimulant cet aspect du processus naturel de consolidation osseuse<sup><a href=\"https:\/\/www.exogen.com\/fr\/references\/\">48<\/a><\/sup>. L\u2019\u00e9nergie de ces dispositifs am\u00e9liore le processus de consolidation osseuse en d\u00e9clenchant la cascade de r\u00e9actions mol\u00e9culaires complexes qui se produisent pendant le processus de consolidation osseuse<sup><a href=\"https:\/\/www.exogen.com\/fr\/references\/\">48<\/a><\/sup><\/p>\n<p>Il existe plusieurs types de technologies utilis\u00e9es par les stimulateurs osseux pour g\u00e9n\u00e9rer l\u2019\u00e9nergie qu\u2019ils appliquent \u00e0 un os fractur\u00e9. Ces diff\u00e9rentes technologies comprennent le courant continu, le couplage capacitif, les champs \u00e9lectromagn\u00e9tiques puls\u00e9s et les ultrasons puls\u00e9s de faible intensit\u00e9<sup><a href=\"https:\/\/www.exogen.com\/fr\/references\/\">49<\/a><\/sup> Les stimulateurs osseux les plus couramment utilis\u00e9s sont les stimulateurs \u00e9lectriques et les stimulateurs par ultrasons<sup><a href=\"https:\/\/www.exogen.com\/fr\/references\/\">49<\/a><\/sup><\/p>\n<p>Les stimulateurs osseux se d\u00e9clinent sous diff\u00e9rentes formes et diff\u00e9rentes tailles. Un petit bloc-piles est la source d\u2019\u00e9nergie de la plupart des stimulateurs osseux. Les stimulateurs osseux sont habituellement fix\u00e9s au site de la fracture et port\u00e9s pendant une p\u00e9riode pr\u00e9cise chaque jour, variant de quelques minutes \u00e0 plusieurs heures<sup><a href=\"https:\/\/www.exogen.com\/fr\/references\/\">48<\/a><\/sup>.<\/p>\n<p><strong>Fractures non consolid\u00e9es<\/strong><br \/>\nLes stimulateurs osseux sont utilis\u00e9s pour faciliter la consolidation des fractures aigu\u00ebs ou r\u00e9centes, ainsi que des fractures non consolid\u00e9es<sup><a href=\"https:\/\/www.exogen.com\/fr\/references\/\">48<\/a><\/sup> Ces types de fractures peuvent \u00eatre le r\u00e9sultat d\u2019une complication, comme une infection au point de la l\u00e9sion ou une diminution du d\u00e9bit sanguin vers le site du tissu osseux. Les personnes qui souffrent de diab\u00e8te ou qui fument peuvent avoir une diminution du d\u00e9bit sanguin vers l\u2019os fractur\u00e9<sup><a href=\"https:\/\/www.exogen.com\/fr\/references\/\">8,10,45<\/a><\/sup> D\u2019autres causes d\u2019une fracture non consolid\u00e9e peuvent \u00eatre un mauvais alignement des extr\u00e9mit\u00e9s fractur\u00e9es de l\u2019os ou une immobilisation inad\u00e9quate pendant le processus de gu\u00e9rison<sup><a href=\"https:\/\/www.exogen.com\/fr\/references\/\">45<\/a><\/sup>.<\/p>\n<p><strong>Efficacit\u00e9 de la stimulation osseuse par ultrasons<\/strong><br \/>\nLa recherche pr\u00e9clinique sur la stimulation osseuse \u00e0 ultrasons chez les animaux de laboratoire a r\u00e9v\u00e9l\u00e9 que le dispositif \u00e0 ultrasons puls\u00e9s de faible intensit\u00e9 am\u00e9liore un certain nombre de r\u00e9actions mol\u00e9culaires intervenant dans la gu\u00e9rison des os*.<sup>\u2020<a href=\"https:\/\/www.exogen.com\/fr\/references\/\">37,38,50,51<\/a><\/sup> La recherche clinique chez les patients ayant subi une fracture osseuse a permis de renforcer l\u2019efficacit\u00e9 de la stimulation osseuse par ultrasons. Le temps de consolidation de certaines fractures r\u00e9centes a \u00e9t\u00e9 acc\u00e9l\u00e9r\u00e9 de 38 % et 86 % des fractures non consolid\u00e9es \u00e9tablies ont \u00e9t\u00e9 gu\u00e9ries avec la stimulation osseuse par ultrasons<sup><a href=\"https:\/\/www.exogen.com\/fr\/references\/\">1-3<\/a><\/sup>.<\/p>\n<p><strong>Syst\u00e8me de consolidation osseuse par ultrasons EXOGEN<\/strong><br \/>\nEXOGEN fournit une stimulation osseuse par ultrasons puls\u00e9s. Ce dispositif permet d\u2019obtenir des ultrasons de faible intensit\u00e9 et s\u00e9curitaires qui d\u00e9clenchent le processus naturel de consolidation osseuse. Le traitement quotidien par EXOGEN facilite la consolidation osseuse naturelle en trois actions :<\/p>\n<p><strong>1. Stimulation*<sup><a href=\"https:\/\/www.exogen.com\/fr\/references\/\">36<\/a><\/sup><\/strong><br \/>\nEXOGEN \u00e9met des ultrasons \u00e0 travers la peau, cr\u00e9ant des mouvements qui stimulent les cellules de votre corps.<\/p>\n<p><strong>2. Activation*<sup><a href=\"https:\/\/www.exogen.com\/fr\/references\/\">37<\/a><\/sup><\/strong><br \/>\nLes ultrasons d\u2019EXOGEN activent les cellules de votre corps.<\/p>\n<p><strong>3. R\u00e9gulation positive*<sup><a href=\"https:\/\/www.exogen.com\/fr\/references\/\">38<\/a><\/sup><\/strong><br \/>\nLa r\u00e9gulation positive est renforc\u00e9e par les ultrasons d\u2019EXOGEN qui augmentent les facteurs permettant d\u2019amorcer la consolidation osseuse.[\/vc_column_text][vc_column_text uncode_shortcode_id=\u00a0\u00bb911797&Prime; css=\u00a0\u00bb.vc_custom_1754647421032{margin-top: 20px !important;}\u00a0\u00bb]<a href=\"https:\/\/www.exogen.com\/fr\/is-exogen-right-for-me\/\">Apprenez-en plus sur le fonctionnement du stimulateur osseux EXOGEN ici et d\u00e9couvrez s\u2019il vous convient!<\/a><\/p>\n<p>&nbsp;<\/p>\n<p><small>* La signification clinique de ces r\u00e9sultats est inconnue.<br \/>\n<sup>\u2020<\/sup>Veuillez consulter les renseignements posologiques complets \u00e0 l\u2019adresse www.exogen.com ou en appelant le Service \u00e0 la client\u00e8le de Bioventus.<\/small>[\/vc_column_text][\/vc_column][\/vc_row][vc_row row_height_percent=\u00a0\u00bb0&Prime; overlay_alpha=\u00a0\u00bb50&Prime; gutter_size=\u00a0\u00bb3&Prime; column_width_percent=\u00a0\u00bb100&Prime; border_color=\u00a0\u00bbcolor-gyho\u00a0\u00bb border_style=\u00a0\u00bbsolid\u00a0\u00bb shift_y=\u00a0\u00bb0&Prime; z_index=\u00a0\u00bb0&Prime; uncode_shortcode_id=\u00a0\u00bb193465&Prime; css=\u00a0\u00bb.vc_custom_1633696557289{margin-top: 40px !important;margin-bottom: 0px !important;border-top-width: 1px !important;}\u00a0\u00bb el_id=\u00a0\u00bbdescription_text\u00a0\u00bb border_color_type=\u00a0\u00bbuncode-palette\u00a0\u00bb][vc_column width=\u00a0\u00bb1\/1&Prime;][vc_column_text uncode_shortcode_id=\u00a0\u00bb176828&Prime;]<strong style=\"margin-bottom: 15px;\">Summary of Indications for Use<\/strong><\/p>\n<p>The EXOGEN Ultrasound Bone Healing System is indicated for the non-invasive treatment of established nonunions* excluding skull and vertebra. The EXOGEN device has also been reported as effective as an adjunctive non-invasive treatment of established nonunions in patients:<\/p>\n<ul>\n<li>With internal or external fracture fixation hardware present. EXOGEN cannot penetrate metal and therefore should not be applied directly over hardware.<\/li>\n<li>Undergoing treatment for infection at the fracture site. EXOGEN is not intended to treat the infection.<\/li>\n<li>Believed to have diminished bone quality. EXOGEN is not intended to treat diminished bone quality.<\/li>\n<\/ul>\n<p>In addition, EXOGEN is indicated for accelerating the time to a healed fracture for fresh, closed, posteriorly displaced distal radius fractures and fresh, closed or Grade I open tibial diaphysis fractures in skeletally mature individuals when these fractures are orthopedically managed by closed reduction and cast immobilization.<\/p>\n<p>There are no known contraindications for the EXOGEN device. Safety and effectiveness have not been established for individuals lacking skeletal maturity, pregnant or nursing women, patients with cardiac pacemakers, on fractures due to bone cancer, or on patients with poor blood circulation or clotting problems. Some patients may be sensitive to the ultrasound gel.<\/p>\n<p>*A nonunion is considered to be established when the fracture site shows no visibly progressive signs of healing.<\/p>\n<p>Full prescribing information can be found in product labelling, at <a href=\"https:\/\/www.exogen.com\/\">EXOGEN.com<\/a>, or by calling Customer Service at <a href=\"tel:1-800-836-4080\"><strong>1-800-836-4080<\/strong><\/a>.[\/vc_column_text][\/vc_column][\/vc_row]<\/p>\n<\/div>","protected":false},"excerpt":{"rendered":"<p>[vc_row row_height_percent=\u00a0\u00bb0&Prime; overlay_alpha=\u00a0\u00bb50&Prime; gutter_size=\u00a0\u00bb3&Prime; column_width_percent=\u00a0\u00bb100&Prime; shift_y=\u00a0\u00bb0&Prime; z_index=\u00a0\u00bb0&Prime; uncode_shortcode_id=\u00a0\u00bb141354&Prime; row_height_pixel=\u00a0\u00bb145&Prime; back_color_type=\u00a0\u00bbuncode-gradient\u00a0\u00bb back_color_gradient=\u00a0\u00bb{\u00ab\u00a0css\u00ab\u00a0:\u00ab\u00a0background: linear-gradient(to bottom , rgb(211, 211, 211) , rgb(243, 240, [&hellip;]<\/p>\n","protected":false},"author":1,"featured_media":0,"parent":0,"menu_order":0,"comment_status":"closed","ping_status":"closed","template":"","meta":{"_acf_changed":false,"_five9_enable_chat":"","footnotes":""},"class_list":["post-800","page","type-page","status-publish","hentry"],"acf":[],"yoast_head":"<!-- This site is optimized with the Yoast SEO plugin v27.3 - https:\/\/yoast.com\/product\/yoast-seo-wordpress\/ -->\n<title>Qu&#039;est-ce qu&#039;un stimulateur osseux? - Le Syst\u00e8me de Consolidation Osseuse Par Ultrasons EXOGEN<\/title>\n<meta name=\"robots\" content=\"index, follow, max-snippet:-1, max-image-preview:large, max-video-preview:-1\" \/>\n<link rel=\"canonical\" href=\"https:\/\/www.exogen.com\/fr\/what-is-a-bone-stimulator\/\" \/>\n<meta property=\"og:locale\" content=\"fr_CA\" \/>\n<meta property=\"og:type\" content=\"article\" \/>\n<meta property=\"og:title\" content=\"Qu&#039;est-ce qu&#039;un stimulateur osseux? - Le Syst\u00e8me de Consolidation Osseuse Par Ultrasons EXOGEN\" \/>\n<meta property=\"og:description\" content=\"[vc_row row_height_percent=\u00a0\u00bb0&Prime; overlay_alpha=\u00a0\u00bb50&Prime; gutter_size=\u00a0\u00bb3&Prime; column_width_percent=\u00a0\u00bb100&Prime; shift_y=\u00a0\u00bb0&Prime; z_index=\u00a0\u00bb0&Prime; uncode_shortcode_id=\u00a0\u00bb141354&Prime; row_height_pixel=\u00a0\u00bb145&Prime; back_color_type=\u00a0\u00bbuncode-gradient\u00a0\u00bb back_color_gradient=\u00a0\u00bb{\u00ab\u00a0css\u00ab\u00a0:\u00ab\u00a0background: linear-gradient(to bottom , rgb(211, 211, 211) , rgb(243, 240, [&hellip;]\" \/>\n<meta property=\"og:url\" content=\"https:\/\/www.exogen.com\/fr\/what-is-a-bone-stimulator\/\" \/>\n<meta property=\"og:site_name\" content=\"EXOGEN Ultrasound Bone Healing System\" \/>\n<meta property=\"article:publisher\" content=\"https:\/\/www.facebook.com\/exogenbonehealing\/\" \/>\n<meta property=\"article:modified_time\" content=\"2025-08-08T10:03:51+00:00\" \/>\n<meta name=\"twitter:card\" content=\"summary_large_image\" \/>\n<meta name=\"twitter:label1\" content=\"Estimation du temps de lecture\" \/>\n\t<meta name=\"twitter:data1\" content=\"5 minutes\" \/>\n<script type=\"application\/ld+json\" class=\"yoast-schema-graph\">{\"@context\":\"https:\\\/\\\/schema.org\",\"@graph\":[{\"@type\":\"WebPage\",\"@id\":\"https:\\\/\\\/www.exogen.com\\\/fr\\\/what-is-a-bone-stimulator\\\/\",\"url\":\"https:\\\/\\\/www.exogen.com\\\/fr\\\/what-is-a-bone-stimulator\\\/\",\"name\":\"Qu'est-ce qu'un stimulateur osseux? - Le Syst\u00e8me de Consolidation Osseuse Par Ultrasons EXOGEN\",\"isPartOf\":{\"@id\":\"https:\\\/\\\/www.exogen.com\\\/fr\\\/#website\"},\"datePublished\":\"2021-10-25T13:48:22+00:00\",\"dateModified\":\"2025-08-08T10:03:51+00:00\",\"breadcrumb\":{\"@id\":\"https:\\\/\\\/www.exogen.com\\\/fr\\\/what-is-a-bone-stimulator\\\/#breadcrumb\"},\"inLanguage\":\"fr-CA\",\"potentialAction\":[{\"@type\":\"ReadAction\",\"target\":[\"https:\\\/\\\/www.exogen.com\\\/fr\\\/what-is-a-bone-stimulator\\\/\"]}]},{\"@type\":\"BreadcrumbList\",\"@id\":\"https:\\\/\\\/www.exogen.com\\\/fr\\\/what-is-a-bone-stimulator\\\/#breadcrumb\",\"itemListElement\":[{\"@type\":\"ListItem\",\"position\":1,\"name\":\"Home\",\"item\":\"https:\\\/\\\/www.exogen.com\\\/fr\\\/\"},{\"@type\":\"ListItem\",\"position\":2,\"name\":\"Qu\\\\&#8217;est-ce qu\\\\&#8217;un stimulateur osseux ?\"}]},{\"@type\":\"WebSite\",\"@id\":\"https:\\\/\\\/www.exogen.com\\\/fr\\\/#website\",\"url\":\"https:\\\/\\\/www.exogen.com\\\/fr\\\/\",\"name\":\"EXOGEN Ultrasound Bone Healing System\",\"description\":\"Ultrasound Bone Healing System\",\"publisher\":{\"@id\":\"https:\\\/\\\/www.exogen.com\\\/fr\\\/#organization\"},\"potentialAction\":[{\"@type\":\"SearchAction\",\"target\":{\"@type\":\"EntryPoint\",\"urlTemplate\":\"https:\\\/\\\/www.exogen.com\\\/fr\\\/?s={search_term_string}\"},\"query-input\":{\"@type\":\"PropertyValueSpecification\",\"valueRequired\":true,\"valueName\":\"search_term_string\"}}],\"inLanguage\":\"fr-CA\"},{\"@type\":\"Organization\",\"@id\":\"https:\\\/\\\/www.exogen.com\\\/fr\\\/#organization\",\"name\":\"EXOGEN\",\"url\":\"https:\\\/\\\/www.exogen.com\\\/fr\\\/\",\"logo\":{\"@type\":\"ImageObject\",\"inLanguage\":\"fr-CA\",\"@id\":\"https:\\\/\\\/www.exogen.com\\\/fr\\\/#\\\/schema\\\/logo\\\/image\\\/\",\"url\":\"https:\\\/\\\/www.exogen.com\\\/wp-content\\\/uploads\\\/2021\\\/10\\\/purple-logo.png\",\"contentUrl\":\"https:\\\/\\\/www.exogen.com\\\/wp-content\\\/uploads\\\/2021\\\/10\\\/purple-logo.png\",\"width\":264,\"height\":100,\"caption\":\"EXOGEN\"},\"image\":{\"@id\":\"https:\\\/\\\/www.exogen.com\\\/fr\\\/#\\\/schema\\\/logo\\\/image\\\/\"},\"sameAs\":[\"https:\\\/\\\/www.facebook.com\\\/exogenbonehealing\\\/\",\"https:\\\/\\\/www.instagram.com\\\/exogenbonehealing\\\/\",\"https:\\\/\\\/www.youtube.com\\\/channel\\\/UCP5jnVTUjZZKlr_b-mxr49w\"]}]}<\/script>\n<!-- \/ Yoast SEO plugin. -->","yoast_head_json":{"title":"Qu'est-ce qu'un stimulateur osseux? - Le Syst\u00e8me de Consolidation Osseuse Par Ultrasons EXOGEN","robots":{"index":"index","follow":"follow","max-snippet":"max-snippet:-1","max-image-preview":"max-image-preview:large","max-video-preview":"max-video-preview:-1"},"canonical":"https:\/\/www.exogen.com\/fr\/what-is-a-bone-stimulator\/","og_locale":"fr_CA","og_type":"article","og_title":"Qu'est-ce qu'un stimulateur osseux? - Le Syst\u00e8me de Consolidation Osseuse Par Ultrasons EXOGEN","og_description":"[vc_row row_height_percent=\u00a0\u00bb0&Prime; overlay_alpha=\u00a0\u00bb50&Prime; gutter_size=\u00a0\u00bb3&Prime; column_width_percent=\u00a0\u00bb100&Prime; shift_y=\u00a0\u00bb0&Prime; z_index=\u00a0\u00bb0&Prime; uncode_shortcode_id=\u00a0\u00bb141354&Prime; row_height_pixel=\u00a0\u00bb145&Prime; back_color_type=\u00a0\u00bbuncode-gradient\u00a0\u00bb back_color_gradient=\u00a0\u00bb{\u00ab\u00a0css\u00ab\u00a0:\u00ab\u00a0background: linear-gradient(to bottom , rgb(211, 211, 211) , rgb(243, 240, [&hellip;]","og_url":"https:\/\/www.exogen.com\/fr\/what-is-a-bone-stimulator\/","og_site_name":"EXOGEN Ultrasound Bone Healing System","article_publisher":"https:\/\/www.facebook.com\/exogenbonehealing\/","article_modified_time":"2025-08-08T10:03:51+00:00","twitter_card":"summary_large_image","twitter_misc":{"Estimation du temps de lecture":"5 minutes"},"schema":{"@context":"https:\/\/schema.org","@graph":[{"@type":"WebPage","@id":"https:\/\/www.exogen.com\/fr\/what-is-a-bone-stimulator\/","url":"https:\/\/www.exogen.com\/fr\/what-is-a-bone-stimulator\/","name":"Qu'est-ce qu'un stimulateur osseux? - Le Syst\u00e8me de Consolidation Osseuse Par Ultrasons EXOGEN","isPartOf":{"@id":"https:\/\/www.exogen.com\/fr\/#website"},"datePublished":"2021-10-25T13:48:22+00:00","dateModified":"2025-08-08T10:03:51+00:00","breadcrumb":{"@id":"https:\/\/www.exogen.com\/fr\/what-is-a-bone-stimulator\/#breadcrumb"},"inLanguage":"fr-CA","potentialAction":[{"@type":"ReadAction","target":["https:\/\/www.exogen.com\/fr\/what-is-a-bone-stimulator\/"]}]},{"@type":"BreadcrumbList","@id":"https:\/\/www.exogen.com\/fr\/what-is-a-bone-stimulator\/#breadcrumb","itemListElement":[{"@type":"ListItem","position":1,"name":"Home","item":"https:\/\/www.exogen.com\/fr\/"},{"@type":"ListItem","position":2,"name":"Qu\\&#8217;est-ce qu\\&#8217;un stimulateur osseux ?"}]},{"@type":"WebSite","@id":"https:\/\/www.exogen.com\/fr\/#website","url":"https:\/\/www.exogen.com\/fr\/","name":"EXOGEN Ultrasound Bone Healing System","description":"Ultrasound Bone Healing System","publisher":{"@id":"https:\/\/www.exogen.com\/fr\/#organization"},"potentialAction":[{"@type":"SearchAction","target":{"@type":"EntryPoint","urlTemplate":"https:\/\/www.exogen.com\/fr\/?s={search_term_string}"},"query-input":{"@type":"PropertyValueSpecification","valueRequired":true,"valueName":"search_term_string"}}],"inLanguage":"fr-CA"},{"@type":"Organization","@id":"https:\/\/www.exogen.com\/fr\/#organization","name":"EXOGEN","url":"https:\/\/www.exogen.com\/fr\/","logo":{"@type":"ImageObject","inLanguage":"fr-CA","@id":"https:\/\/www.exogen.com\/fr\/#\/schema\/logo\/image\/","url":"https:\/\/www.exogen.com\/wp-content\/uploads\/2021\/10\/purple-logo.png","contentUrl":"https:\/\/www.exogen.com\/wp-content\/uploads\/2021\/10\/purple-logo.png","width":264,"height":100,"caption":"EXOGEN"},"image":{"@id":"https:\/\/www.exogen.com\/fr\/#\/schema\/logo\/image\/"},"sameAs":["https:\/\/www.facebook.com\/exogenbonehealing\/","https:\/\/www.instagram.com\/exogenbonehealing\/","https:\/\/www.youtube.com\/channel\/UCP5jnVTUjZZKlr_b-mxr49w"]}]}},"_links":{"self":[{"href":"https:\/\/www.exogen.com\/fr\/wp-json\/wp\/v2\/pages\/800","targetHints":{"allow":["GET"]}}],"collection":[{"href":"https:\/\/www.exogen.com\/fr\/wp-json\/wp\/v2\/pages"}],"about":[{"href":"https:\/\/www.exogen.com\/fr\/wp-json\/wp\/v2\/types\/page"}],"author":[{"embeddable":true,"href":"https:\/\/www.exogen.com\/fr\/wp-json\/wp\/v2\/users\/1"}],"replies":[{"embeddable":true,"href":"https:\/\/www.exogen.com\/fr\/wp-json\/wp\/v2\/comments?post=800"}],"version-history":[{"count":0,"href":"https:\/\/www.exogen.com\/fr\/wp-json\/wp\/v2\/pages\/800\/revisions"}],"wp:attachment":[{"href":"https:\/\/www.exogen.com\/fr\/wp-json\/wp\/v2\/media?parent=800"}],"curies":[{"name":"wp","href":"https:\/\/api.w.org\/{rel}","templated":true}]}}