{"id":957,"date":"2021-10-08T13:47:51","date_gmt":"2021-10-08T13:47:51","guid":{"rendered":"https:\/\/exogen.com\/faqs\/"},"modified":"2025-08-22T11:42:43","modified_gmt":"2025-08-22T11:42:43","slug":"faqs","status":"publish","type":"page","link":"https:\/\/www.exogen.com\/fr\/faqs\/","title":{"rendered":"FAQs"},"content":{"rendered":"<div class=\"wpb-content-wrapper\"><p>[vc_row row_height_percent=\u00a0\u00bb0&Prime; back_image=\u00a0\u00bb11233&Prime; back_repeat=\u00a0\u00bbno-repeat\u00a0\u00bb back_position=\u00a0\u00bbcenter center\u00a0\u00bb overlay_alpha=\u00a0\u00bb50&Prime; gutter_size=\u00a0\u00bb3&Prime; column_width_percent=\u00a0\u00bb100&Prime; shift_y=\u00a0\u00bb0&Prime; z_index=\u00a0\u00bb0&Prime; content_parallax=\u00a0\u00bb0&Prime; uncode_shortcode_id=\u00a0\u00bb716823&Prime; row_height_pixel=\u00a0\u00bb460&Prime; back_size=\u00a0\u00bbcover\u00a0\u00bb el_class=\u00a0\u00bbinner-banner\u00a0\u00bb css=\u00a0\u00bb.vc_custom_1755862959858{margin-top: 88px !important;margin-bottom: 44px !important;}\u00a0\u00bb][vc_column column_width_percent=\u00a0\u00bb100&Prime; position_vertical=\u00a0\u00bbmiddle\u00a0\u00bb gutter_size=\u00a0\u00bb3&Prime; overlay_alpha=\u00a0\u00bb50&Prime; shift_x=\u00a0\u00bb0&Prime; shift_y=\u00a0\u00bb0&Prime; shift_y_down=\u00a0\u00bb0&Prime; z_index=\u00a0\u00bb0&Prime; medium_width=\u00a0\u00bb0&Prime; mobile_width=\u00a0\u00bb0&Prime; width=\u00a0\u00bb1\/2&Prime; uncode_shortcode_id=\u00a0\u00bb652607&Prime;][vc_custom_heading text_color=\u00a0\u00bbcolor-xsdn\u00a0\u00bb heading_semantic=\u00a0\u00bbh1&Prime; text_size=\u00a0\u00bbfontsize-942846&Prime; text_weight=\u00a0\u00bb400&Prime; text_transform=\u00a0\u00bbuppercase\u00a0\u00bb text_height=\u00a0\u00bbfontheight-667169&Prime; uncode_shortcode_id=\u00a0\u00bb159957&Prime; text_color_type=\u00a0\u00bbuncode-palette\u00a0\u00bb]Foire aux <span style=\"font-weight: 700 !important;\">questions<\/span>[\/vc_custom_heading][vc_button size=\u00a0\u00bbbtn-lg\u00a0\u00bb radius=\u00a0\u00bbbtn-circle\u00a0\u00bb hover_fx=\u00a0\u00bboutlined\u00a0\u00bb border_width=\u00a0\u00bb1&Prime; icon_position=\u00a0\u00bbright\u00a0\u00bb uncode_shortcode_id=\u00a0\u00bb482623&Prime; button_color_type=\u00a0\u00bbuncode-solid\u00a0\u00bb icon=\u00a0\u00bbfa fa-arrow-right2&Prime; link=\u00a0\u00bburl:%2Ffr%2Fhow-to-get-exogen%2F\u00a0\u00bb button_color_solid=\u00a0\u00bbrgba(0,0,0,0.01)\u00a0\u00bb el_id=\u00a0\u00bbbutton-transparent\u00a0\u00bb]Obtenez EXOGEN d\u00e8s maintenant[\/vc_button][\/vc_column][vc_column width=\u00a0\u00bb1\/2&Prime;][\/vc_column][\/vc_row][vc_row row_height_percent=\u00a0\u00bb0&Prime; overlay_alpha=\u00a0\u00bb50&Prime; gutter_size=\u00a0\u00bb4&Prime; column_width_percent=\u00a0\u00bb100&Prime; shift_y=\u00a0\u00bb0&Prime; z_index=\u00a0\u00bb0&Prime; uncode_shortcode_id=\u00a0\u00bb900682&Prime;][vc_column width=\u00a0\u00bb8\/12&Prime;][vc_custom_heading text_color=\u00a0\u00bbcolor-107303&Prime; heading_semantic=\u00a0\u00bbh3&Prime; text_font=\u00a0\u00bbfont-559666&Prime; text_size=\u00a0\u00bbfontsize-950476&Prime; text_weight=\u00a0\u00bb700&Prime; text_height=\u00a0\u00bbfontheight-143712&Prime; uncode_shortcode_id=\u00a0\u00bb102519&Prime; text_color_type=\u00a0\u00bbuncode-palette\u00a0\u00bb]Consolidation des fractures[\/vc_custom_heading][vc_accordion sign=\u00a0\u00bbplus\u00a0\u00bb gutter_simple=\u00a0\u00bb0&Prime; el_class=\u00a0\u00bbfaq-wrapper\u00a0\u00bb uncode_shortcode_id=\u00a0\u00bb223256&Prime;][vc_accordion_tab gutter_size=\u00a0\u00bb2&Prime; column_padding=\u00a0\u00bb2&Prime; title=\u00a0\u00bbQu\u2019est-ce qu\u2019une fracture?\u00a0\u00bb tab_id=\u00a0\u00bb1633691501-1-1616337001838181633700902267&Prime;][vc_column_text uncode_shortcode_id=\u00a0\u00bb182898&Prime;]D\u2019un point de vue m\u00e9dical, une fracture est un os cass\u00e9. Os fractur\u00e9, os cass\u00e9, os fissur\u00e9, tous ont une signification similaire : un os qui a \u00e9t\u00e9 endommag\u00e9 de telle mani\u00e8re qu\u2019il n\u2019est plus intact<sup><a href=\"https:\/\/exogennewmap.wpengine.com\/fr\/references\/\">42<\/a><\/sup>[\/vc_column_text][\/vc_accordion_tab][vc_accordion_tab gutter_size=\u00a0\u00bb2&Prime; column_padding=\u00a0\u00bb2&Prime; title=\u00a0\u00bbUn os cass\u00e9 est-il douloureux lors de la gu\u00e9rison?\u00a0\u00bb tab_id=\u00a0\u00bb1633691501-2-5716337001838181633700902267&Prime;][vc_column_text uncode_shortcode_id=\u00a0\u00bb662092&Prime;]Oui, la plupart des patients ressentent de la douleur lorsqu\u2019ils se fracturent un os. La douleur est la r\u00e9ponse naturelle de votre corps lors d\u2019une fracture osseuse<sup><a href=\"\/fr\/references\/\">43<\/a><\/sup><br \/>\nEn g\u00e9n\u00e9ral, il y a trois stades de douleur \u00e0 la suite d\u2019une fracture osseuse. On les appelle \u00ab douleur aigu\u00eb \u00bb, \u00ab douleur subaigu\u00eb \u00bb et \u00ab douleur chronique \u00bb<sup><a href=\"\/fr\/references\/\">43<\/a><\/sup><br \/>\nD\u2019autres sympt\u00f4mes douloureux peuvent appara\u00eetre, en fonction de l\u2019os fractur\u00e9 et de l\u2019importance du traumatisme, notamment des ecchymoses, des raideurs, des gonflements et des faiblesses<sup><a href=\"\/fr\/references\/\">44<\/a><\/sup><br \/>\nVous voulez en savoir plus?<br \/>\n<a href=\"\/fr\/does-a-broken-bone-hurt-when-healing\/\">Cliquez ici pour lire un article complet sur la douleur osseuse<\/a>[\/vc_column_text][\/vc_accordion_tab][vc_accordion_tab gutter_size=\u00a0\u00bb2&Prime; column_padding=\u00a0\u00bb2&Prime; title=\u00a0\u00bbExiste-t-il des moyens d\u2019acc\u00e9l\u00e9rer la consolidation osseuse?\u00a0\u00bb tab_id=\u00a0\u00bb1633693522943-2-916337001838181633700902267&Prime;][vc_column_text uncode_shortcode_id=\u00a0\u00bb129731&Prime;]Bien que le temps de gu\u00e9rison d\u2019un os fractur\u00e9 ne soit pas le m\u00eame pour tout le monde, les os peuvent prendre de trois \u00e0 six mois pour gu\u00e9rir de mani\u00e8re significative<sup><a href=\"\/fr\/references\/\">46<\/a><\/sup>.<br \/>\nSi ce temps de repos est trop long \u00e0 vos yeux, plusieurs rem\u00e8des professionnels peuvent acc\u00e9l\u00e9rer le processus de consolidation osseuse. Les rem\u00e8des possibles pour acc\u00e9l\u00e9rer le processus de consolidation osseuse comprennent les exercices, la physioth\u00e9rapie et le stimulateur osseux EXOGEN<sup><a href=\"\/fr\/references\/\">1,2,43<\/a><\/sup><\/p>\n<p><a href=\"\/fr\/are-there-ways-to-speed-up-bone-healing\/\">Cliquez ici pour lire un article complet sur la fa\u00e7on d\u2019acc\u00e9l\u00e9rer la consolidation osseuse.<\/a>[\/vc_column_text][\/vc_accordion_tab][\/vc_accordion][vc_empty_space empty_h=\u00a0\u00bb2&Prime;][vc_custom_heading text_color=\u00a0\u00bbcolor-107303&Prime; heading_semantic=\u00a0\u00bbh3&Prime; text_font=\u00a0\u00bbfont-559666&Prime; text_size=\u00a0\u00bbfontsize-950476&Prime; text_weight=\u00a0\u00bb700&Prime; text_height=\u00a0\u00bbfontheight-143712&Prime; uncode_shortcode_id=\u00a0\u00bb149650&Prime; text_color_type=\u00a0\u00bbuncode-palette\u00a0\u00bb]Utilisation d&rsquo;EXOGEN pour traiter ma fracture[\/vc_custom_heading][vc_accordion sign=\u00a0\u00bbplus\u00a0\u00bb el_class=\u00a0\u00bbfaq-wrapper\u00a0\u00bb active_tab=\u00a0\u00bb#\u00a0\u00bb][vc_accordion_tab gutter_size=\u00a0\u00bb2&Prime; column_padding=\u00a0\u00bb2&Prime; title=\u00a0\u00bbQu\u2019est-ce qu\u2019un stimulateur osseux?\u00a0\u00bb tab_id=\u00a0\u00bb1633694628-1-9316337001838181633700902267&Prime;][vc_column_text uncode_shortcode_id=\u00a0\u00bb234329&Prime;]Les stimulateurs osseux sont des dispositifs qui favorisent la gu\u00e9rison osseuse par l\u2019entremise de champs d\u2019\u00e9nergie dirig\u00e9s sur le site des fractures aigu\u00ebs indiqu\u00e9es et des fractures non consolid\u00e9es<sup><a href=\"\/fr\/references\/\">48<\/a><\/sup><\/p>\n<p><a href=\"\/fr\/what-is-a-bone-stimulator\/\">Cliquez ici pour lire un article complet sur les stimulateurs osseux.<\/a>[\/vc_column_text][\/vc_accordion_tab][vc_accordion_tab gutter_size=\u00a0\u00bb2&Prime; column_padding=\u00a0\u00bb2&Prime; title=\u00a0\u00bbLe traitement avec EXOGEN est-il douloureux?\u00a0\u00bb tab_id=\u00a0\u00bb1633695962047-2-616337001838181633700902267&Prime;][vc_column_text uncode_shortcode_id=\u00a0\u00bb813804&Prime;]La plupart des patients ne ressentent rien au site de traitement.[\/vc_column_text][\/vc_accordion_tab][vc_accordion_tab gutter_size=\u00a0\u00bb2&Prime; column_padding=\u00a0\u00bb2&Prime; title=\u00a0\u00bbQue se passe-t-il si je manque un traitement?\u00a0\u00bb tab_id=\u00a0\u00bb1633695978326-3-916337001838181633700902267&Prime;][vc_column_text uncode_shortcode_id=\u00a0\u00bb164915&Prime;]Essayez de reprendre votre programme de traitement le plus rapidement possible. Pour maintenir la r\u00e9gularit\u00e9 de votre traitement EXOGEN, v\u00e9rifiez le calendrier de suivi sur votre appareil mobile et identifiez le meilleur moment de la journ\u00e9e pour l\u2019administration du traitement. Vous pouvez \u00e9galement t\u00e9l\u00e9charger EXOGEN CONNECTS (boutiques <a href=\"https:\/\/apps.apple.com\/us\/app\/exogen-connects-us-version\/id887605150\" target=\"_blank\" rel=\"noopener\">Apple App Store<\/a>, <a href=\"https:\/\/play.google.com\/store\/apps\/details?id=com.exogenus.app\" target=\"_blank\" rel=\"noopener\">Google Play<\/a>), une application de rappel de traitement gratuite.[\/vc_column_text][\/vc_accordion_tab][vc_accordion_tab gutter_size=\u00a0\u00bb2&Prime; column_padding=\u00a0\u00bb2&Prime; title=\u00a0\u00bbY a-t-il des contre-indications associ\u00e9es \u00e0 EXOGEN?\u00a0\u00bb tab_id=\u00a0\u00bb1633695996230-4-1016337001838181633700902267&Prime;][vc_column_text uncode_shortcode_id=\u00a0\u00bb158511&Prime;]Il n\u2019existe pas de contre-indications connues associ\u00e9es au dispositif EXOGEN. La notice d\u2019information d\u2019EXOGEN comporte un chapitre sur les pr\u00e9cautions et les avertissements qui souligne les situations dans lesquelles l\u2019innocuit\u00e9 et l\u2019efficacit\u00e9 d\u2019EXOGEN n\u2019ont pas \u00e9t\u00e9 d\u00e9termin\u00e9es, telles que les circonstances particuli\u00e8res de patients impliquant certains types de m\u00e9dicaments ou probl\u00e8mes m\u00e9dicaux autres que des fractures.[\/vc_column_text][\/vc_accordion_tab][vc_accordion_tab gutter_size=\u00a0\u00bb2&Prime; column_padding=\u00a0\u00bb2&Prime; title=\u00a0\u00bbPendant combien de temps vais-je devoir utiliser EXOGEN ?\u00a0\u00bb tab_id=\u00a0\u00bb1633701182350-5-10&Prime;][vc_column_text uncode_shortcode_id=\u00a0\u00bb141218&Prime;]Les diff\u00e9rentes fractures gu\u00e9rissent \u00e0 des rythmes diff\u00e9rents. Votre m\u00e9decin d\u00e9terminera la dur\u00e9e n\u00e9cessaire de votre traitement lors des rendez-vous de suivi.[\/vc_column_text][\/vc_accordion_tab][\/vc_accordion][vc_empty_space empty_h=\u00a0\u00bb2&Prime;][vc_custom_heading text_color=\u00a0\u00bbcolor-107303&Prime; heading_semantic=\u00a0\u00bbh3&Prime; text_font=\u00a0\u00bbfont-559666&Prime; text_size=\u00a0\u00bbfontsize-950476&Prime; text_weight=\u00a0\u00bb700&Prime; text_height=\u00a0\u00bbfontheight-143712&Prime; uncode_shortcode_id=\u00a0\u00bb908993&Prime; text_color_type=\u00a0\u00bbuncode-palette\u00a0\u00bb]Service \u00e0 la client\u00e8le[\/vc_custom_heading][vc_accordion sign=\u00a0\u00bbplus\u00a0\u00bb el_class=\u00a0\u00bbfaq-wrapper\u00a0\u00bb active_tab=\u00a0\u00bb#\u00a0\u00bb][vc_accordion_tab gutter_size=\u00a0\u00bb2&Prime; column_padding=\u00a0\u00bb2&Prime; title=\u00a0\u00bbQue faire si je viens \u00e0 manquer de gel de couplage?\u00a0\u00bb tab_id=\u00a0\u00bb1633696683-1-3116337001838181633700902267&Prime;][vc_column_text uncode_shortcode_id=\u00a0\u00bb384651&Prime;]On peut utiliser de l\u2019huile min\u00e9rale comme substitut au gel de couplage qui est livr\u00e9 avec l\u2019appareil EXOGEN. En revanche, la gel\u00e9e de p\u00e9trole n\u2019est pas un substitut acceptable. Vous pouvez \u00e9galement demander davantage de gel de couplage en communiquant avec le Service \u00e0 la client\u00e8le de Bioventus au <a href=\"tel:1-855-771-0606\">1-855-771-0606<\/a>.[\/vc_column_text][\/vc_accordion_tab][vc_accordion_tab gutter_size=\u00a0\u00bb2&Prime; column_padding=\u00a0\u00bb2&Prime; title=\u00a0\u00bbO\u00f9 puis-je obtenir de l\u2019aide concernant EXOGEN?\u00a0\u00bb tab_id=\u00a0\u00bb1633696683-2-9716337001838181633700902267&Prime;][vc_column_text uncode_shortcode_id=\u00a0\u00bb151000&Prime;]VVeuillez communiquer avec le Service \u00e0 la client\u00e8le de Bioventus au <a href=\"tel:1-855-771-0606\">1-855-771-0606<\/a>.[\/vc_column_text][\/vc_accordion_tab][\/vc_accordion][\/vc_column][vc_column width=\u00a0\u00bb4\/12&Prime;][vc_single_image media=\u00a0\u00bb127&Prime; media_width_percent=\u00a0\u00bb100&Prime; uncode_shortcode_id=\u00a0\u00bb155189&Prime;][vc_row_inner row_inner_height_percent=\u00a0\u00bb0&Prime; overlay_alpha=\u00a0\u00bb50&Prime; gutter_size=\u00a0\u00bb3&Prime; shift_y=\u00a0\u00bb0&Prime; z_index=\u00a0\u00bb0&Prime; uncode_shortcode_id=\u00a0\u00bb174241&Prime; css=\u00a0\u00bb.vc_custom_1633693982448{margin-top: 0px !important;}\u00a0\u00bb limit_content=\u00a0\u00bb\u00a0\u00bb][vc_column_inner column_width_percent=\u00a0\u00bb100&Prime; gutter_size=\u00a0\u00bb3&Prime; back_color=\u00a0\u00bbcolor-763025&Prime; overlay_alpha=\u00a0\u00bb50&Prime; shift_x=\u00a0\u00bb0&Prime; shift_y=\u00a0\u00bb0&Prime; shift_y_down=\u00a0\u00bb0&Prime; z_index=\u00a0\u00bb0&Prime; medium_width=\u00a0\u00bb0&Prime; mobile_width=\u00a0\u00bb0&Prime; width=\u00a0\u00bb1\/1&Prime; uncode_shortcode_id=\u00a0\u00bb253682&Prime; back_color_type=\u00a0\u00bbuncode-palette\u00a0\u00bb][vc_custom_heading text_color=\u00a0\u00bbcolor-nhtu\u00a0\u00bb heading_semantic=\u00a0\u00bbh4&Prime; text_font=\u00a0\u00bbfont-559666&Prime; text_size=\u00a0\u00bbh4&Prime; text_weight=\u00a0\u00bb700&Prime; text_height=\u00a0\u00bbfontheight-143712&Prime; uncode_shortcode_id=\u00a0\u00bb423943&Prime; text_color_type=\u00a0\u00bbuncode-palette\u00a0\u00bb]Vous ne trouvez pas de r\u00e9ponse \u00e0 votre question ?[\/vc_custom_heading][vc_column_text uncode_shortcode_id=\u00a0\u00bb116313&Prime; css=\u00a0\u00bb.vc_custom_1639809592241{margin-top: 0px !important;margin-bottom: 0px !important;padding-top: 0px !important;padding-bottom: 0px !important;}\u00a0\u00bb]Contactez-nous[\/vc_column_text][vc_button button_color=\u00a0\u00bbcolor-207599&Prime; size=\u00a0\u00bbbtn-sm\u00a0\u00bb radius=\u00a0\u00bbbtn-circle\u00a0\u00bb hover_fx=\u00a0\u00bbfull-colored\u00a0\u00bb border_width=\u00a0\u00bb0&Prime; icon_position=\u00a0\u00bbright\u00a0\u00bb uncode_shortcode_id=\u00a0\u00bb164493&Prime; button_color_type=\u00a0\u00bbuncode-palette\u00a0\u00bb icon=\u00a0\u00bbfa fa-arrow-right2&Prime; link=\u00a0\u00bburl:%2Ffr%2Fcontact-us%2F\u00a0\u00bb]Contactez-nous[\/vc_button][\/vc_column_inner][\/vc_row_inner][\/vc_column][\/vc_row][vc_row row_height_percent=\u00a0\u00bb0&Prime; overlay_alpha=\u00a0\u00bb50&Prime; gutter_size=\u00a0\u00bb3&Prime; column_width_percent=\u00a0\u00bb100&Prime; border_color=\u00a0\u00bbcolor-gyho\u00a0\u00bb border_style=\u00a0\u00bbsolid\u00a0\u00bb shift_y=\u00a0\u00bb0&Prime; z_index=\u00a0\u00bb0&Prime; uncode_shortcode_id=\u00a0\u00bb193465&Prime; css=\u00a0\u00bb.vc_custom_1633696557289{margin-top: 40px !important;margin-bottom: 0px !important;border-top-width: 1px !important;}\u00a0\u00bb el_id=\u00a0\u00bbdescription_text\u00a0\u00bb border_color_type=\u00a0\u00bbuncode-palette\u00a0\u00bb][vc_column width=\u00a0\u00bb1\/1&Prime;][vc_column_text uncode_shortcode_id=\u00a0\u00bb201223&Prime;]<strong style=\"margin-bottom: 15px;\">Summary of Indications for Use<\/strong><\/p>\n<p>The EXOGEN Ultrasound Bone Healing System is indicated for the non-invasive treatment of established nonunions* excluding skull and vertebra. The EXOGEN device has also been reported as effective as an adjunctive non-invasive treatment of established nonunions in patients:<\/p>\n<ul>\n<li>With internal or external fracture fixation hardware present. EXOGEN cannot penetrate metal and therefore should not be applied directly over hardware.<\/li>\n<li>Undergoing treatment for infection at the fracture site. EXOGEN is not intended to treat the infection.<\/li>\n<li>Believed to have diminished bone quality. EXOGEN is not intended to treat diminished bone quality.<\/li>\n<\/ul>\n<p>In addition, EXOGEN is indicated for accelerating the time to a healed fracture for fresh, closed, posteriorly displaced distal radius fractures and fresh, closed or Grade I open tibial diaphysis fractures in skeletally mature individuals when these fractures are orthopedically managed by closed reduction and cast immobilization.<\/p>\n<p>There are no known contraindications for the EXOGEN device. Safety and effectiveness have not been established for individuals lacking skeletal maturity, pregnant or nursing women, patients with cardiac pacemakers, on fractures due to bone cancer, or on patients with poor blood circulation or clotting problems. Some patients may be sensitive to the ultrasound gel.<\/p>\n<p>*A nonunion is considered to be established when the fracture site shows no visibly progressive signs of healing.<\/p>\n<p>Full prescribing information can be found in product labelling, at <a href=\"https:\/\/www.exogen.com\/\">EXOGEN.com<\/a>, or by calling Customer Service at <a href=\"tel:1-800-836-4080\"><strong>1-800-836-4080<\/strong><\/a>.[\/vc_column_text][\/vc_column][\/vc_row]<\/p>\n<\/div>","protected":false},"excerpt":{"rendered":"<p>[vc_row row_height_percent=\u00a0\u00bb0&Prime; back_image=\u00a0\u00bb11233&Prime; back_repeat=\u00a0\u00bbno-repeat\u00a0\u00bb back_position=\u00a0\u00bbcenter center\u00a0\u00bb overlay_alpha=\u00a0\u00bb50&Prime; gutter_size=\u00a0\u00bb3&Prime; column_width_percent=\u00a0\u00bb100&Prime; shift_y=\u00a0\u00bb0&Prime; z_index=\u00a0\u00bb0&Prime; content_parallax=\u00a0\u00bb0&Prime; uncode_shortcode_id=\u00a0\u00bb716823&Prime; row_height_pixel=\u00a0\u00bb460&Prime; back_size=\u00a0\u00bbcover\u00a0\u00bb el_class=\u00a0\u00bbinner-banner\u00a0\u00bb css=\u00a0\u00bb.vc_custom_1755862959858{margin-top: 88px !important;margin-bottom: 44px [&hellip;]<\/p>\n","protected":false},"author":1,"featured_media":0,"parent":0,"menu_order":0,"comment_status":"closed","ping_status":"closed","template":"","meta":{"_acf_changed":false,"_five9_enable_chat":"","footnotes":""},"class_list":["post-957","page","type-page","status-publish","hentry"],"acf":[],"yoast_head":"<!-- This site is optimized with the Yoast SEO plugin v27.3 - https:\/\/yoast.com\/product\/yoast-seo-wordpress\/ -->\n<title>Questions Fr\u00e9quemment Pos\u00e9es - Le Syst\u00e8me de Consolidation Osseuse Par Ultrasons EXOGEN<\/title>\n<meta name=\"robots\" content=\"index, follow, max-snippet:-1, max-image-preview:large, max-video-preview:-1\" \/>\n<link rel=\"canonical\" href=\"https:\/\/www.exogen.com\/fr\/faqs\/\" \/>\n<meta property=\"og:locale\" content=\"fr_CA\" \/>\n<meta property=\"og:type\" content=\"article\" \/>\n<meta property=\"og:title\" content=\"Questions Fr\u00e9quemment Pos\u00e9es - Le Syst\u00e8me de Consolidation Osseuse Par Ultrasons EXOGEN\" \/>\n<meta property=\"og:description\" content=\"[vc_row row_height_percent=\u00a0\u00bb0&Prime; back_image=\u00a0\u00bb11233&Prime; back_repeat=\u00a0\u00bbno-repeat\u00a0\u00bb back_position=\u00a0\u00bbcenter center\u00a0\u00bb overlay_alpha=\u00a0\u00bb50&Prime; gutter_size=\u00a0\u00bb3&Prime; column_width_percent=\u00a0\u00bb100&Prime; shift_y=\u00a0\u00bb0&Prime; z_index=\u00a0\u00bb0&Prime; content_parallax=\u00a0\u00bb0&Prime; uncode_shortcode_id=\u00a0\u00bb716823&Prime; row_height_pixel=\u00a0\u00bb460&Prime; back_size=\u00a0\u00bbcover\u00a0\u00bb el_class=\u00a0\u00bbinner-banner\u00a0\u00bb css=\u00a0\u00bb.vc_custom_1755862959858{margin-top: 88px !important;margin-bottom: 44px [&hellip;]\" \/>\n<meta property=\"og:url\" content=\"https:\/\/www.exogen.com\/fr\/faqs\/\" \/>\n<meta property=\"og:site_name\" content=\"EXOGEN Ultrasound Bone Healing System\" \/>\n<meta property=\"article:publisher\" content=\"https:\/\/www.facebook.com\/exogenbonehealing\/\" \/>\n<meta property=\"article:modified_time\" content=\"2025-08-22T11:42:43+00:00\" \/>\n<meta name=\"twitter:card\" content=\"summary_large_image\" \/>\n<meta name=\"twitter:label1\" content=\"Estimation du temps de lecture\" \/>\n\t<meta name=\"twitter:data1\" content=\"5 minutes\" \/>\n<script type=\"application\/ld+json\" class=\"yoast-schema-graph\">{\"@context\":\"https:\\\/\\\/schema.org\",\"@graph\":[{\"@type\":\"WebPage\",\"@id\":\"https:\\\/\\\/www.exogen.com\\\/fr\\\/faqs\\\/\",\"url\":\"https:\\\/\\\/www.exogen.com\\\/fr\\\/faqs\\\/\",\"name\":\"Questions Fr\u00e9quemment Pos\u00e9es - Le Syst\u00e8me de Consolidation Osseuse Par Ultrasons EXOGEN\",\"isPartOf\":{\"@id\":\"https:\\\/\\\/www.exogen.com\\\/fr\\\/#website\"},\"datePublished\":\"2021-10-08T13:47:51+00:00\",\"dateModified\":\"2025-08-22T11:42:43+00:00\",\"breadcrumb\":{\"@id\":\"https:\\\/\\\/www.exogen.com\\\/fr\\\/faqs\\\/#breadcrumb\"},\"inLanguage\":\"fr-CA\",\"potentialAction\":[{\"@type\":\"ReadAction\",\"target\":[\"https:\\\/\\\/www.exogen.com\\\/fr\\\/faqs\\\/\"]}]},{\"@type\":\"BreadcrumbList\",\"@id\":\"https:\\\/\\\/www.exogen.com\\\/fr\\\/faqs\\\/#breadcrumb\",\"itemListElement\":[{\"@type\":\"ListItem\",\"position\":1,\"name\":\"Home\",\"item\":\"https:\\\/\\\/www.exogen.com\\\/fr\\\/\"},{\"@type\":\"ListItem\",\"position\":2,\"name\":\"FAQs\"}]},{\"@type\":\"WebSite\",\"@id\":\"https:\\\/\\\/www.exogen.com\\\/fr\\\/#website\",\"url\":\"https:\\\/\\\/www.exogen.com\\\/fr\\\/\",\"name\":\"EXOGEN Ultrasound Bone Healing System\",\"description\":\"Ultrasound Bone Healing System\",\"publisher\":{\"@id\":\"https:\\\/\\\/www.exogen.com\\\/fr\\\/#organization\"},\"potentialAction\":[{\"@type\":\"SearchAction\",\"target\":{\"@type\":\"EntryPoint\",\"urlTemplate\":\"https:\\\/\\\/www.exogen.com\\\/fr\\\/?s={search_term_string}\"},\"query-input\":{\"@type\":\"PropertyValueSpecification\",\"valueRequired\":true,\"valueName\":\"search_term_string\"}}],\"inLanguage\":\"fr-CA\"},{\"@type\":\"Organization\",\"@id\":\"https:\\\/\\\/www.exogen.com\\\/fr\\\/#organization\",\"name\":\"EXOGEN\",\"url\":\"https:\\\/\\\/www.exogen.com\\\/fr\\\/\",\"logo\":{\"@type\":\"ImageObject\",\"inLanguage\":\"fr-CA\",\"@id\":\"https:\\\/\\\/www.exogen.com\\\/fr\\\/#\\\/schema\\\/logo\\\/image\\\/\",\"url\":\"https:\\\/\\\/www.exogen.com\\\/wp-content\\\/uploads\\\/2021\\\/10\\\/purple-logo.png\",\"contentUrl\":\"https:\\\/\\\/www.exogen.com\\\/wp-content\\\/uploads\\\/2021\\\/10\\\/purple-logo.png\",\"width\":264,\"height\":100,\"caption\":\"EXOGEN\"},\"image\":{\"@id\":\"https:\\\/\\\/www.exogen.com\\\/fr\\\/#\\\/schema\\\/logo\\\/image\\\/\"},\"sameAs\":[\"https:\\\/\\\/www.facebook.com\\\/exogenbonehealing\\\/\",\"https:\\\/\\\/www.instagram.com\\\/exogenbonehealing\\\/\",\"https:\\\/\\\/www.youtube.com\\\/channel\\\/UCP5jnVTUjZZKlr_b-mxr49w\"]}]}<\/script>\n<!-- \/ Yoast SEO plugin. -->","yoast_head_json":{"title":"Questions Fr\u00e9quemment Pos\u00e9es - Le Syst\u00e8me de Consolidation Osseuse Par Ultrasons EXOGEN","robots":{"index":"index","follow":"follow","max-snippet":"max-snippet:-1","max-image-preview":"max-image-preview:large","max-video-preview":"max-video-preview:-1"},"canonical":"https:\/\/www.exogen.com\/fr\/faqs\/","og_locale":"fr_CA","og_type":"article","og_title":"Questions Fr\u00e9quemment Pos\u00e9es - Le Syst\u00e8me de Consolidation Osseuse Par Ultrasons EXOGEN","og_description":"[vc_row row_height_percent=\u00a0\u00bb0&Prime; back_image=\u00a0\u00bb11233&Prime; back_repeat=\u00a0\u00bbno-repeat\u00a0\u00bb back_position=\u00a0\u00bbcenter center\u00a0\u00bb overlay_alpha=\u00a0\u00bb50&Prime; gutter_size=\u00a0\u00bb3&Prime; column_width_percent=\u00a0\u00bb100&Prime; shift_y=\u00a0\u00bb0&Prime; z_index=\u00a0\u00bb0&Prime; content_parallax=\u00a0\u00bb0&Prime; uncode_shortcode_id=\u00a0\u00bb716823&Prime; row_height_pixel=\u00a0\u00bb460&Prime; back_size=\u00a0\u00bbcover\u00a0\u00bb el_class=\u00a0\u00bbinner-banner\u00a0\u00bb css=\u00a0\u00bb.vc_custom_1755862959858{margin-top: 88px !important;margin-bottom: 44px [&hellip;]","og_url":"https:\/\/www.exogen.com\/fr\/faqs\/","og_site_name":"EXOGEN Ultrasound Bone Healing System","article_publisher":"https:\/\/www.facebook.com\/exogenbonehealing\/","article_modified_time":"2025-08-22T11:42:43+00:00","twitter_card":"summary_large_image","twitter_misc":{"Estimation du temps de lecture":"5 minutes"},"schema":{"@context":"https:\/\/schema.org","@graph":[{"@type":"WebPage","@id":"https:\/\/www.exogen.com\/fr\/faqs\/","url":"https:\/\/www.exogen.com\/fr\/faqs\/","name":"Questions Fr\u00e9quemment Pos\u00e9es - Le Syst\u00e8me de Consolidation Osseuse Par Ultrasons EXOGEN","isPartOf":{"@id":"https:\/\/www.exogen.com\/fr\/#website"},"datePublished":"2021-10-08T13:47:51+00:00","dateModified":"2025-08-22T11:42:43+00:00","breadcrumb":{"@id":"https:\/\/www.exogen.com\/fr\/faqs\/#breadcrumb"},"inLanguage":"fr-CA","potentialAction":[{"@type":"ReadAction","target":["https:\/\/www.exogen.com\/fr\/faqs\/"]}]},{"@type":"BreadcrumbList","@id":"https:\/\/www.exogen.com\/fr\/faqs\/#breadcrumb","itemListElement":[{"@type":"ListItem","position":1,"name":"Home","item":"https:\/\/www.exogen.com\/fr\/"},{"@type":"ListItem","position":2,"name":"FAQs"}]},{"@type":"WebSite","@id":"https:\/\/www.exogen.com\/fr\/#website","url":"https:\/\/www.exogen.com\/fr\/","name":"EXOGEN Ultrasound Bone Healing System","description":"Ultrasound Bone Healing System","publisher":{"@id":"https:\/\/www.exogen.com\/fr\/#organization"},"potentialAction":[{"@type":"SearchAction","target":{"@type":"EntryPoint","urlTemplate":"https:\/\/www.exogen.com\/fr\/?s={search_term_string}"},"query-input":{"@type":"PropertyValueSpecification","valueRequired":true,"valueName":"search_term_string"}}],"inLanguage":"fr-CA"},{"@type":"Organization","@id":"https:\/\/www.exogen.com\/fr\/#organization","name":"EXOGEN","url":"https:\/\/www.exogen.com\/fr\/","logo":{"@type":"ImageObject","inLanguage":"fr-CA","@id":"https:\/\/www.exogen.com\/fr\/#\/schema\/logo\/image\/","url":"https:\/\/www.exogen.com\/wp-content\/uploads\/2021\/10\/purple-logo.png","contentUrl":"https:\/\/www.exogen.com\/wp-content\/uploads\/2021\/10\/purple-logo.png","width":264,"height":100,"caption":"EXOGEN"},"image":{"@id":"https:\/\/www.exogen.com\/fr\/#\/schema\/logo\/image\/"},"sameAs":["https:\/\/www.facebook.com\/exogenbonehealing\/","https:\/\/www.instagram.com\/exogenbonehealing\/","https:\/\/www.youtube.com\/channel\/UCP5jnVTUjZZKlr_b-mxr49w"]}]}},"_links":{"self":[{"href":"https:\/\/www.exogen.com\/fr\/wp-json\/wp\/v2\/pages\/957","targetHints":{"allow":["GET"]}}],"collection":[{"href":"https:\/\/www.exogen.com\/fr\/wp-json\/wp\/v2\/pages"}],"about":[{"href":"https:\/\/www.exogen.com\/fr\/wp-json\/wp\/v2\/types\/page"}],"author":[{"embeddable":true,"href":"https:\/\/www.exogen.com\/fr\/wp-json\/wp\/v2\/users\/1"}],"replies":[{"embeddable":true,"href":"https:\/\/www.exogen.com\/fr\/wp-json\/wp\/v2\/comments?post=957"}],"version-history":[{"count":0,"href":"https:\/\/www.exogen.com\/fr\/wp-json\/wp\/v2\/pages\/957\/revisions"}],"wp:attachment":[{"href":"https:\/\/www.exogen.com\/fr\/wp-json\/wp\/v2\/media?parent=957"}],"curies":[{"name":"wp","href":"https:\/\/api.w.org\/{rel}","templated":true}]}}