{"id":2634,"date":"2021-10-13T14:16:01","date_gmt":"2021-10-13T14:16:01","guid":{"rendered":"https:\/\/exogen.com\/terms-of-use\/"},"modified":"2025-08-12T09:39:06","modified_gmt":"2025-08-12T09:39:06","slug":"terms-of-use","status":"publish","type":"page","link":"https:\/\/www.exogen.com\/nl\/terms-of-use\/","title":{"rendered":"Gebruiksvoorwaarden"},"content":{"rendered":"<div class=\"wpb-content-wrapper\"><p>[vc_row row_height_percent=&#8221;0&#8243; overlay_alpha=&#8221;50&#8243; gutter_size=&#8221;3&#8243; column_width_percent=&#8221;100&#8243; shift_y=&#8221;0&#8243; z_index=&#8221;0&#8243; uncode_shortcode_id=&#8221;112756&#8243; row_height_pixel=&#8221;145&#8243; back_color_type=&#8221;uncode-gradient&#8221; back_color_gradient=&#8221;{&#8220;css&#8220;:&#8220;background: linear-gradient(to bottom , rgb(211, 211, 211) , rgb(243, 240, 244) 34%);&#8220;,&#8220;sliders&#8220;:`{`{&#8220;color&#8220;:&#8220;rgb(211, 211, 211)&#8220;,&#8220;position&#8220;:0},{&#8220;color&#8220;:&#8220;rgb(243, 240, 244)&#8220;,&#8220;position&#8220;:34}`}`,&#8220;type&#8220;:&#8220;linear&#8220;,&#8220;direction&#8220;:&#8220;top&#8220;}&#8221; css=&#8221;.vc_custom_1634125203557{margin-top: 80px !important;margin-bottom: 0px !important;}&#8221;][vc_column column_width_percent=&#8221;100&#8243; position_vertical=&#8221;middle&#8221; gutter_size=&#8221;3&#8243; overlay_alpha=&#8221;50&#8243; shift_x=&#8221;0&#8243; shift_y=&#8221;0&#8243; shift_y_down=&#8221;0&#8243; z_index=&#8221;0&#8243; medium_width=&#8221;0&#8243; mobile_width=&#8221;0&#8243; width=&#8221;1\/1&#8243; uncode_shortcode_id=&#8221;697530&#8243;][vc_custom_heading auto_text=&#8221;yes&#8221; text_color=&#8221;color-121277&#8243; heading_semantic=&#8221;h1&#8243; text_font=&#8221;font-559666&#8243; text_size=&#8221;fontsize-242148&#8243; text_transform=&#8221;uppercase&#8221; text_height=&#8221;fontheight-133340&#8243; uncode_shortcode_id=&#8221;149333&#8243; text_color_type=&#8221;uncode-palette&#8221;]This is a custom heading element.[\/vc_custom_heading][\/vc_column][\/vc_row][vc_row row_height_percent=&#8221;0&#8243; overlay_alpha=&#8221;50&#8243; gutter_size=&#8221;3&#8243; column_width_percent=&#8221;100&#8243; shift_y=&#8221;0&#8243; z_index=&#8221;0&#8243; uncode_shortcode_id=&#8221;605836&#8243; css=&#8221;.vc_custom_1634133113099{padding-top: 50px !important;padding-bottom: 50px !important;}&#8221;][vc_column width=&#8221;1\/1&#8243;][vc_custom_heading text_color=&#8221;color-nhtu&#8221; heading_semantic=&#8221;h5&#8243; text_size=&#8221;h5&#8243; uncode_shortcode_id=&#8221;184518&#8243; text_color_type=&#8221;uncode-palette&#8221;]Lees deze voorwaarden zorgvuldig door voordat u\u00a0deze website gebruikt.[\/vc_custom_heading][vc_column_text uncode_shortcode_id=&#8221;211089&#8243;]<strong>Akkoord met de gebruiksvoorwaarden als vereiste voor het gebruik van de website<\/strong><\/p>\n<p>Welkom op de website van Bioventus LLC. (hierna &#8220;Bioventus&#8221;)\u00a0<a href=\"https:\/\/www.exogen.com\/\">exogen.com<\/a> (de &#8220;Website&#8221;). Door de Website te openen en te gebruiken, gaat u ermee akkoord gebonden te zijn aan de volgende\u00a0<a href=\"https:\/\/www.exogen.com\/nl\/terms-of-use\/\">Gebruiksvoorwaarden<\/a>, met inbegrip van, maar niet beperkt tot, de afwijzing van alle garanties, zowel expliciet als impliciet, de afwijzing van alle aansprakelijkheid, en het\u00a0<a href=\"https:\/\/www.exogen.com\/nl\/privacy-policy\/\">Privacybeleid<\/a>. Als u niet akkoord gaat met de\u00a0<a href=\"https:\/\/www.exogen.com\/nl\/terms-of-use\/\">Gebruiksvoorwaarden<\/a>, dan mag u de Website niet gebruiken.[\/vc_column_text][vc_column_text uncode_shortcode_id=&#8221;146524&#8243;]<strong>Omvang<\/strong><br \/>\nDe\u00a0<a href=\"https:\/\/www.exogen.com\/nl\/terms-of-use\/\">Gebruiksvoorwaarden<\/a>\u00a0die in deze overeenkomst zijn uiteengezet, zijn alleen van toepassing op uw gebruik van deze Website. Bioventus beheert andere websites die vallen onder hun eigen gebruiksvoorwaarden zoals gespecificeerd op die websites.<\/p>\n<p><strong>Gezondheidsinformatie<\/strong><br \/>\nDe informatie op deze Website wordt uitsluitend ter informatie verstrekt. De informatie op deze Website is uitsluitend bedoeld om pati\u00ebnten en familieleden te helpen bepaalde gezondheidsproblemen en behandelingsopties beter te begrijpen. De inhoud is op geen enkele manier bedoeld als vervanging voor professioneel medisch advies en mag niet worden ge\u00efnterpreteerd als aanbevelingen voor behandeling. Alleen een arts die de gelegenheid heeft gehad om persoonlijk met de pati\u00ebnt te communiceren, met toegang tot het dossier van de pati\u00ebnt en de mogelijkheid om de juiste follow-up uit te voeren, kan aanbevelingen voor behandelingen geven. Vraag altijd advies aan uw arts of een andere gekwalificeerde zorgverlener als u\u00a0vragen hebt over een medische aandoening. De inhoud van de Website is niet bedoeld om op te vertrouwen voor medische diagnoses of behandeling. Negeer nooit medisch advies en stel het inwinnen van medisch advies nooit uit vanwege iets dat u\u00a0op deze website leest.<\/p>\n<p><strong>Het recht om de\u00a0<a href=\"https:\/\/www.exogen.com\/nl\/terms-of-use\/\">Gebruiksvoorwaarden<\/a> te wijzigen<\/strong><br \/>\nBioventus behoudt zich het recht voor om deze\u00a0<a href=\"https:\/\/www.exogen.com\/nl\/terms-of-use\/\">Voorwaarden<\/a>\u00a0te allen tijde, naar eigen goeddunken, met of zonder kennisgeving te wijzigen. Alle wijzigingen aan deze\u00a0<a href=\"https:\/\/www.exogen.com\/nl\/terms-of-use\/\">Voorwaarden<\/a>\u00a0worden onmiddellijk van kracht na het publiceren van de wijzigingen op de Website. U stemt ermee in deze webpagina elke keer dat u\u00a0de Website bezoekt te controleren om op de hoogte te blijven van eventuele wijzigingen. Door toegang te blijven verkrijgen tot de Website, gaat u\u00a0ermee akkoord gebonden te zijn aan deze wijzigingen in de\u00a0<a href=\"https:\/\/www.exogen.com\/nl\/terms-of-use\/\">Gebruiksvoorwaarden<\/a>.<\/p>\n<p><strong>Alleen van toepassing op online activiteiten<\/strong><br \/>\nU erkent en stemt ermee in dat, tenzij Bioventus specifiek anders bepaalt, deze\u00a0<a href=\"https:\/\/www.exogen.com\/nl\/terms-of-use\/\">Gebruiksvoorwaarden<\/a>\u00a0alleen van toepassing zijn op deze Website en de online activiteiten van Bioventus via de Website, en niet van toepassing zijn op de offline activiteiten van Bioventus.<\/p>\n<p><strong>Geschiktheid van de gebruiker<\/strong><br \/>\nDe Website en de bijbehorende diensten zijn alleen beschikbaar voor personen en entiteiten die wettelijk bindende contracten kunnen sluiten onder de toepasselijke wetgeving. Zonder het voorgaande te beperken, zijn de Website en de bijbehorende diensten niet beschikbaar voor personen jonger dan dertien (13) jaar. Als u\u00a0niet voldoet aan de in deze paragraaf uiteengezette voorwaarden, mag u\u00a0de Website niet gebruiken.<\/p>\n<p>Bioventus verklaart niet dat de materialen op de Website geschikt of beschikbaar zijn voor gebruik in andere landen. Bovendien kunnen productindicaties voor gebruik per land verschillen.<\/p>\n<p><strong>Het recht op be\u00ebindiging van toegang<\/strong><br \/>\nBioventus kan naar eigen goeddunken en met of zonder reden uw toegang tot en gebruik van de Website be\u00ebindigen. Bioventus kan zijn rechten op grond van deze paragraaf op elk moment uitoefenen zonder voorafgaande kennisgeving en zonder aansprakelijkheid jegens u\u00a0of een derde partij.<\/p>\n<p><strong>Melding van auteursrecht<\/strong><br \/>\nAlle inhoud op de Website, met inbegrip van, maar niet beperkt, tot alle tekst, afbeeldingen, logo&#8217;s, foto&#8217;s, video&#8217;s, muziek en geluiden, is eigendom van Bioventus (\u00a9 2021 Bioventus LLC. Alle rechten voorbehouden.) of wordt gebruikt met toestemming en is beschermd tot zover de Amerikaanse en internationale auteursrechtwetten dit toestaan. De Website en de inhoud ervan mogen alleen worden gebruikt zoals door Bioventus op de Website is toegestaan. U mag inhoud alleen downloaden voor persoonlijk gebruik voor niet-commerci\u00eble doeleinden. Alle andere reproducties en toepassingen, met inbegrip van reproductie voor commerci\u00eble doeleinden of niet-persoonlijk gebruik, wijziging, distributie, transmissie, herpublicatie; weergave of uitvoering van de inhoud is ten strengste verboden zonder de uitdrukkelijke, voorafgaande, schriftelijke toestemming van Bioventus. U mag de Website niet framen of linken zonder de uitdrukkelijke, voorafgaande schriftelijke toestemming van Bioventus. Schendingen van de auteursrechten van Bioventus kunnen leiden tot ernstige civiel- en strafrechtelijke straffen.<\/p>\n<p><strong>Handelsmerkverklaring<\/strong><br \/>\nHandelsmerken die op de Website worden weergegeven, met inbegrip van, maar niet beperkt tot, BIOVENTUS en EXOGEN, zijn eigendom van hun respectievelijke eigenaren en mogen niet worden gereproduceerd zonder de uitdrukkelijke schriftelijke toestemming van hun eigenaren. Het ontwerp en de lay-out van de Website zijn beschermd als handelsimago en mogen niet geheel of gedeeltelijk worden gekopieerd of nagebootst. Schendingen van de handelsmerkrechten van Bioventus kunnen leiden tot ernstige civiel- en strafrechtelijke straffen.<\/p>\n<p><strong>Gegevens die u\u00a0aan Bioventus verstrekt<\/strong><br \/>\nAls u\u00a0idee\u00ebn, suggesties, notities, tekeningen, afbeeldingen, concepten of andere informatie (gezamenlijk &#8216;Idee\u00ebn&#8217;) aan Bioventus verstrekt, geeft u\u00a0die Idee\u00ebn, en al uw rechten daarop, gratis aan Bioventus. Dergelijke Idee\u00ebn worden als niet-vertrouwelijk beschouwd en Bioventus heeft geen enkele verplichting met betrekking tot dergelijke Idee\u00ebn en is vrij om de Idee\u00ebn te reproduceren, te gebruiken, openbaar te maken en zonder beperking aan anderen te verspreiden, zonder uw toestemming of enige vergoeding aan u\u00a0of iemand anders. Het staat Bioventus vrij om alle knowhow of technieken van dergelijke Idee\u00ebn te gebruiken voor welk doel dan ook, met inbegrip van, maar niet beperkt tot, het ontwikkelen, vervaardigen en op de markt brengen van producten waarin dergelijke informatie is verwerkt.<\/p>\n<p><strong>Afwijzing van garanties; beperking van de aansprakelijkheid<\/strong><br \/>\nDoor deze website te bezoeken, gaat u\u00a0ermee akkoord dat het gebruik van de website op eigen risico is. De Website kan technische onnauwkeurigheden of typografische fouten bevatten. Bioventus geeft geen garantie voor de juistheid van de informatie of voorstellingen die op de Website worden weergegeven. DEZE WEBSITE WORDT DOOR BIOVENTUS GELEVERD &#8216;ALS ZODANIG&#8217; EN &#8216;VOOR ZOVER BESCHIKBAAR&#8217;. BIOVENTUS GEEFT GEEN ENKELE GARANTIE, EXPLICIET OF IMPLICIET, MET BETREKKING TOT DE WERKING OF INHOUD VAN DEZE WEBSITE OF DE INFORMATIE, MATERIALEN OF PRODUCTEN OP DEZE WEBSITE. VOOR ZOVER TOEGESTAAN DOOR TOEPASSELIJK RECHT, WIJST BIOVENTUS ALLE GARANTIES, EXPLICIET OF IMPLICIET, AF, MET INBEGRIP VAN, MAAR NIET BEPERKT, IMPLICIETE GARANTIES VAN VERKOOPBAARHEID, GESCHIKTHEID VOOR EEN BEPAALD DOEL EN NIET-INBREUK.<\/p>\n<p>BIOVENTUS IS NIET AANSPRAKELIJK VOOR ENIGE SCHADE DIE VOORTVLOEIT UIT HET GEBRUIK VAN DE WEBSITE, MET INBEGRIP VAN, MAAR NIET BEPERKT TOT, DIRECTE, INDIRECTE, INCIDENTELE EN GEVOLGSCHADE EN SCHADEVERGOEDINGEN. GEEN MONDELING ADVIES OF SCHRIFTELIJKE INFORMATIE GEGEVEN DOOR BIOVENTUS ZAL EEN GARANTIE CRE\u00cbREN, NOCH KUNT U VERTROUWEN OP DERGELIJKE INFORMATIE OF DERGELIJK ADVIES.<\/p>\n<p><strong>Afwijzing van verantwoordelijkheid voor materiaal dat op &#8216;gekoppelde&#8217; websites wordt geplaatst<\/strong><br \/>\nEr kunnen koppelingen op de Website staan waarmee u\u00a0de Website kunt verlaten en andere websites kunt bezoeken. Dienovereenkomstig is en kan Bioventus niet aansprakelijk of verantwoordelijk worden gehouden voor de inhoud, diensten, foto&#8217;s, afbeeldingen, producten of verklaringen van gekoppelde websites. Bioventus kan en zal niet garanderen, vertegenwoordigen of garant staan dat de inhoud van die gekoppelde websites nauwkeurig, legaal of onschadelijk is, of dat die websites geen virussen bevatten of anderszins geen nadelige invloed zullen hebben op uw computer. Bioventus biedt koppelingen naar deze andere websites uitsluitend voor uw gemak. Het opnemen van een koppeling door Bioventus betekent niet dat Bioventus is aangesloten bij de gekoppelde website of dat Bioventus deze sponsort, onderschrijft of goedkeurt.<\/p>\n<p><strong>Vrijwaring<\/strong><br \/>\nAls voorwaarde voor uw gebruik van de Website, verklaart en garandeert u\u00a0aan Bioventus dat u\u00a0de Website niet zult gebruiken voor onwettige doeleinden of op manieren die verboden zijn door deze\u00a0<a href=\"https:\/\/www.exogen.com\/nl\/terms-of-use\/\">Gebruiksvoorwaarden<\/a>\u00a0of die de Website zouden kunnen beschadigen of uitschakelen, en u stemt ermee in om Bioventus, haar functionarissen, agenten en werknemers schadeloos te stellen en te vrijwaren van enig(e) verlies, aansprakelijkheid, schade, kosten of interferentie met het gebruik en genot van de Website door een andere partij, of onkosten, inclusief redelijke advocaatkosten, die het gevolg zijn van acties, rechtszaken of vorderingen van een derde partij die voortvloeien uit of verband houden met uw gebruik van de Website. Uitgaven, inclusief redelijke advocaatkosten, voortvloeiend uit acties, rechtszaken of claims van derden die voortvloeien uit of verband houden met uw gebruik van de Website.<\/p>\n<p><strong>Privacybeleid<\/strong><br \/>\nIn overeenstemming met de voorwaarden van het Privacybeleid van de Website respecteert Bioventus de privacy van zijn gebruikers. <a href=\"https:\/\/www.exogen.com\/nl\/privacy-policy\/\">Klik hier<\/a> om het Privacybeleid van de Website te bekijken.<\/p>\n<p><strong>Toepasselijk recht<\/strong><br \/>\nBioventus heeft kantoren in Durham, North Carolina. Elk geschil dat voortvloeit uit of verband houdt met deze\u00a0<a href=\"https:\/\/www.exogen.com\/nl\/terms-of-use\/\">Gebruiksvoorwaarden<\/a>\u00a0is onderworpen aan de wetten van de staat North Carolina, zonder uitvoering te geven aan enigerlei richtlijn inzake strijdige wetgeving. U stemt er hierbij onherroepelijk en onvoorwaardelijk mee in om u\u00a0te onderwerpen aan de exclusieve jurisdictie van de staat en federale rechtbanken in Durham County, North Carolina voor elk geschil dat voortvloeit uit of verband houdt met deze\u00a0<a href=\"https:\/\/www.exogen.com\/nl\/terms-of-use\/\">Gebruiksvoorwaarden<\/a>.<\/p>\n<p><strong>Scheidbaarheid<\/strong><br \/>\nDe bepalingen van deze\u00a0Gebruiksvoorwaarden\u00a0zijn scheidbaar en de nietigheid of onafdwingbaarheid van een bepaling heeft geen invloed op de geldigheid en afdwingbaarheid van de andere bepalingen.<\/p>\n<p><strong>Fusie<\/strong><br \/>\nDeze\u00a0<a href=\"https:\/\/www.exogen.com\/nl\/terms-of-use\/\">Gebruiksvoorwaarden<\/a>, samen met het\u00a0<a href=\"https:\/\/www.exogen.com\/nl\/privacy-policy\/\">Privacybeleid<\/a>\u00a0en elk ander beleid waarnaar hierin wordt verwezen en die hierbij door verwijzing zijn opgenomen, vertegenwoordigen de volledige overeenkomst tussen de partijen met betrekking tot het onderwerp van deze overeenkomst en vervangen alle eerdere verklaringen of overeenkomsten tussen de partijen, hetzij schriftelijk of mondeling.<\/p>\n<p><strong>Revisiedatum<\/strong><br \/>\nDeze\u00a0<a href=\"https:\/\/www.exogen.com\/nl\/terms-of-use\/\">Gebruiksvoorwaarden<\/a>\u00a0zijn voor het laatst herzien op 5 augustus 2021.[\/vc_column_text][\/vc_column][\/vc_row][vc_row row_height_percent=&#8221;0&#8243; overlay_alpha=&#8221;50&#8243; gutter_size=&#8221;3&#8243; column_width_percent=&#8221;100&#8243; border_color=&#8221;color-gyho&#8221; border_style=&#8221;solid&#8221; shift_y=&#8221;0&#8243; z_index=&#8221;0&#8243; uncode_shortcode_id=&#8221;206930&#8243; css=&#8221;.vc_custom_1633839934035{margin-top: 40px !important;margin-bottom: 0px !important;border-top-width: 1px !important;}&#8221; el_id=&#8221;description_text&#8221; border_color_type=&#8221;uncode-palette&#8221;][vc_column width=&#8221;1\/1&#8243;][vc_column_text uncode_shortcode_id=&#8221;843293&#8243;]<strong style=\"margin-bottom: 15px;\">Summary of Indications for Use<\/strong><br \/>\nThe EXOGEN Ultrasound Bone Healing System is indicated for the non-invasive treatment of established nonunions* excluding skull and vertebra. The EXOGEN device has also been reported as effective as an adjunctive non-invasive treatment of established nonunions in patients:<\/p>\n<ul>\n<li>With internal or external fracture fixation hardware present. EXOGEN cannot penetrate metal and therefore should not be applied directly over hardware.<\/li>\n<li>Undergoing treatment for infection at the fracture site. EXOGEN is not intended to treat the infection.<\/li>\n<li>Believed to have diminished bone quality. EXOGEN is not intended to treat diminished bone quality.<\/li>\n<\/ul>\n<p>In addition, EXOGEN is indicated for accelerating the time to a healed fracture for fresh, closed, posteriorly displaced distal radius fractures and fresh, closed or Grade I open tibial diaphysis fractures in skeletally mature individuals when these fractures are orthopedically managed by closed reduction and cast immobilization.<\/p>\n<p>There are no known contraindications for the EXOGEN device. Safety and effectiveness have not been established for individuals lacking skeletal maturity, pregnant or nursing women, patients with cardiac pacemakers, on fractures due to bone cancer, or on patients with poor blood circulation or clotting problems. Some patients may be sensitive to the ultrasound gel.<\/p>\n<p>*A nonunion is considered to be established when the fracture site shows no visibly progressive signs of healing.<\/p>\n<p>Full prescribing information can be found in product labelling, at <a href=\"https:\/\/www.exogen.com\/\">EXOGEN.com<\/a>, or by calling Customer Service at <a href=\"tel:1-800-836-4080\"><strong>1-800-836-4080<\/strong><\/a>.[\/vc_column_text][\/vc_column][\/vc_row]<\/p>\n<\/div>","protected":false},"excerpt":{"rendered":"<p>[vc_row row_height_percent=&#8221;0&#8243; overlay_alpha=&#8221;50&#8243; gutter_size=&#8221;3&#8243; column_width_percent=&#8221;100&#8243; shift_y=&#8221;0&#8243; z_index=&#8221;0&#8243; uncode_shortcode_id=&#8221;112756&#8243; row_height_pixel=&#8221;145&#8243; back_color_type=&#8221;uncode-gradient&#8221; back_color_gradient=&#8221;{&#8220;css&#8220;:&#8220;background: linear-gradient(to bottom , rgb(211, 211, 211) , rgb(243, 240, [&hellip;]<\/p>\n","protected":false},"author":1,"featured_media":0,"parent":0,"menu_order":0,"comment_status":"closed","ping_status":"open","template":"","meta":{"_acf_changed":false,"_five9_enable_chat":"","footnotes":""},"class_list":["post-2634","page","type-page","status-publish","hentry"],"acf":[],"yoast_head":"<!-- This site is optimized with the Yoast SEO plugin v27.3 - https:\/\/yoast.com\/product\/yoast-seo-wordpress\/ -->\n<title>Gebruiksvoorwaarden | EXOGEN Ultrasound Bone Healing System<\/title>\n<meta name=\"robots\" content=\"index, follow, max-snippet:-1, max-image-preview:large, max-video-preview:-1\" \/>\n<link rel=\"canonical\" href=\"https:\/\/www.exogen.com\/nl\/terms-of-use\/\" \/>\n<meta property=\"og:locale\" content=\"nl_NL\" \/>\n<meta property=\"og:type\" content=\"article\" \/>\n<meta property=\"og:title\" content=\"Gebruiksvoorwaarden | EXOGEN Ultrasound Bone Healing System\" \/>\n<meta property=\"og:description\" content=\"[vc_row row_height_percent=&#8221;0&#8243; overlay_alpha=&#8221;50&#8243; gutter_size=&#8221;3&#8243; column_width_percent=&#8221;100&#8243; shift_y=&#8221;0&#8243; z_index=&#8221;0&#8243; uncode_shortcode_id=&#8221;112756&#8243; row_height_pixel=&#8221;145&#8243; back_color_type=&#8221;uncode-gradient&#8221; back_color_gradient=&#8221;{&#8220;css&#8220;:&#8220;background: linear-gradient(to bottom , rgb(211, 211, 211) , rgb(243, 240, [&hellip;]\" \/>\n<meta property=\"og:url\" content=\"https:\/\/www.exogen.com\/nl\/terms-of-use\/\" \/>\n<meta property=\"og:site_name\" content=\"EXOGEN Ultrasound Bone Healing System\" \/>\n<meta property=\"article:publisher\" content=\"https:\/\/www.facebook.com\/exogenbonehealing\/\" \/>\n<meta property=\"article:modified_time\" content=\"2025-08-12T09:39:06+00:00\" \/>\n<meta name=\"twitter:card\" content=\"summary_large_image\" \/>\n<meta name=\"twitter:label1\" content=\"Geschatte leestijd\" \/>\n\t<meta name=\"twitter:data1\" content=\"9 minuten\" \/>\n<script type=\"application\/ld+json\" class=\"yoast-schema-graph\">{\"@context\":\"https:\\\/\\\/schema.org\",\"@graph\":[{\"@type\":\"WebPage\",\"@id\":\"https:\\\/\\\/www.exogen.com\\\/nl\\\/terms-of-use\\\/\",\"url\":\"https:\\\/\\\/www.exogen.com\\\/nl\\\/terms-of-use\\\/\",\"name\":\"Gebruiksvoorwaarden | EXOGEN Ultrasound Bone Healing System\",\"isPartOf\":{\"@id\":\"https:\\\/\\\/www.exogen.com\\\/nl\\\/#website\"},\"datePublished\":\"2021-10-13T14:16:01+00:00\",\"dateModified\":\"2025-08-12T09:39:06+00:00\",\"breadcrumb\":{\"@id\":\"https:\\\/\\\/www.exogen.com\\\/nl\\\/terms-of-use\\\/#breadcrumb\"},\"inLanguage\":\"nl-NL\",\"potentialAction\":[{\"@type\":\"ReadAction\",\"target\":[\"https:\\\/\\\/www.exogen.com\\\/nl\\\/terms-of-use\\\/\"]}]},{\"@type\":\"BreadcrumbList\",\"@id\":\"https:\\\/\\\/www.exogen.com\\\/nl\\\/terms-of-use\\\/#breadcrumb\",\"itemListElement\":[{\"@type\":\"ListItem\",\"position\":1,\"name\":\"Home\",\"item\":\"https:\\\/\\\/www.exogen.com\\\/nl\\\/\"},{\"@type\":\"ListItem\",\"position\":2,\"name\":\"Gebruiksvoorwaarden\"}]},{\"@type\":\"WebSite\",\"@id\":\"https:\\\/\\\/www.exogen.com\\\/nl\\\/#website\",\"url\":\"https:\\\/\\\/www.exogen.com\\\/nl\\\/\",\"name\":\"EXOGEN Ultrasound Bone Healing System\",\"description\":\"Ultrasound Bone Healing System\",\"publisher\":{\"@id\":\"https:\\\/\\\/www.exogen.com\\\/nl\\\/#organization\"},\"potentialAction\":[{\"@type\":\"SearchAction\",\"target\":{\"@type\":\"EntryPoint\",\"urlTemplate\":\"https:\\\/\\\/www.exogen.com\\\/nl\\\/?s={search_term_string}\"},\"query-input\":{\"@type\":\"PropertyValueSpecification\",\"valueRequired\":true,\"valueName\":\"search_term_string\"}}],\"inLanguage\":\"nl-NL\"},{\"@type\":\"Organization\",\"@id\":\"https:\\\/\\\/www.exogen.com\\\/nl\\\/#organization\",\"name\":\"EXOGEN\",\"url\":\"https:\\\/\\\/www.exogen.com\\\/nl\\\/\",\"logo\":{\"@type\":\"ImageObject\",\"inLanguage\":\"nl-NL\",\"@id\":\"https:\\\/\\\/www.exogen.com\\\/nl\\\/#\\\/schema\\\/logo\\\/image\\\/\",\"url\":\"https:\\\/\\\/www.exogen.com\\\/wp-content\\\/uploads\\\/2021\\\/10\\\/purple-logo.png\",\"contentUrl\":\"https:\\\/\\\/www.exogen.com\\\/wp-content\\\/uploads\\\/2021\\\/10\\\/purple-logo.png\",\"width\":264,\"height\":100,\"caption\":\"EXOGEN\"},\"image\":{\"@id\":\"https:\\\/\\\/www.exogen.com\\\/nl\\\/#\\\/schema\\\/logo\\\/image\\\/\"},\"sameAs\":[\"https:\\\/\\\/www.facebook.com\\\/exogenbonehealing\\\/\",\"https:\\\/\\\/www.instagram.com\\\/exogenbonehealing\\\/\",\"https:\\\/\\\/www.youtube.com\\\/channel\\\/UCP5jnVTUjZZKlr_b-mxr49w\"]}]}<\/script>\n<!-- \/ Yoast SEO plugin. -->","yoast_head_json":{"title":"Gebruiksvoorwaarden | EXOGEN Ultrasound Bone Healing System","robots":{"index":"index","follow":"follow","max-snippet":"max-snippet:-1","max-image-preview":"max-image-preview:large","max-video-preview":"max-video-preview:-1"},"canonical":"https:\/\/www.exogen.com\/nl\/terms-of-use\/","og_locale":"nl_NL","og_type":"article","og_title":"Gebruiksvoorwaarden | EXOGEN Ultrasound Bone Healing System","og_description":"[vc_row row_height_percent=&#8221;0&#8243; overlay_alpha=&#8221;50&#8243; gutter_size=&#8221;3&#8243; column_width_percent=&#8221;100&#8243; shift_y=&#8221;0&#8243; z_index=&#8221;0&#8243; uncode_shortcode_id=&#8221;112756&#8243; row_height_pixel=&#8221;145&#8243; back_color_type=&#8221;uncode-gradient&#8221; back_color_gradient=&#8221;{&#8220;css&#8220;:&#8220;background: linear-gradient(to bottom , rgb(211, 211, 211) , rgb(243, 240, [&hellip;]","og_url":"https:\/\/www.exogen.com\/nl\/terms-of-use\/","og_site_name":"EXOGEN Ultrasound Bone Healing System","article_publisher":"https:\/\/www.facebook.com\/exogenbonehealing\/","article_modified_time":"2025-08-12T09:39:06+00:00","twitter_card":"summary_large_image","twitter_misc":{"Geschatte leestijd":"9 minuten"},"schema":{"@context":"https:\/\/schema.org","@graph":[{"@type":"WebPage","@id":"https:\/\/www.exogen.com\/nl\/terms-of-use\/","url":"https:\/\/www.exogen.com\/nl\/terms-of-use\/","name":"Gebruiksvoorwaarden | EXOGEN Ultrasound Bone Healing System","isPartOf":{"@id":"https:\/\/www.exogen.com\/nl\/#website"},"datePublished":"2021-10-13T14:16:01+00:00","dateModified":"2025-08-12T09:39:06+00:00","breadcrumb":{"@id":"https:\/\/www.exogen.com\/nl\/terms-of-use\/#breadcrumb"},"inLanguage":"nl-NL","potentialAction":[{"@type":"ReadAction","target":["https:\/\/www.exogen.com\/nl\/terms-of-use\/"]}]},{"@type":"BreadcrumbList","@id":"https:\/\/www.exogen.com\/nl\/terms-of-use\/#breadcrumb","itemListElement":[{"@type":"ListItem","position":1,"name":"Home","item":"https:\/\/www.exogen.com\/nl\/"},{"@type":"ListItem","position":2,"name":"Gebruiksvoorwaarden"}]},{"@type":"WebSite","@id":"https:\/\/www.exogen.com\/nl\/#website","url":"https:\/\/www.exogen.com\/nl\/","name":"EXOGEN Ultrasound Bone Healing System","description":"Ultrasound Bone Healing System","publisher":{"@id":"https:\/\/www.exogen.com\/nl\/#organization"},"potentialAction":[{"@type":"SearchAction","target":{"@type":"EntryPoint","urlTemplate":"https:\/\/www.exogen.com\/nl\/?s={search_term_string}"},"query-input":{"@type":"PropertyValueSpecification","valueRequired":true,"valueName":"search_term_string"}}],"inLanguage":"nl-NL"},{"@type":"Organization","@id":"https:\/\/www.exogen.com\/nl\/#organization","name":"EXOGEN","url":"https:\/\/www.exogen.com\/nl\/","logo":{"@type":"ImageObject","inLanguage":"nl-NL","@id":"https:\/\/www.exogen.com\/nl\/#\/schema\/logo\/image\/","url":"https:\/\/www.exogen.com\/wp-content\/uploads\/2021\/10\/purple-logo.png","contentUrl":"https:\/\/www.exogen.com\/wp-content\/uploads\/2021\/10\/purple-logo.png","width":264,"height":100,"caption":"EXOGEN"},"image":{"@id":"https:\/\/www.exogen.com\/nl\/#\/schema\/logo\/image\/"},"sameAs":["https:\/\/www.facebook.com\/exogenbonehealing\/","https:\/\/www.instagram.com\/exogenbonehealing\/","https:\/\/www.youtube.com\/channel\/UCP5jnVTUjZZKlr_b-mxr49w"]}]}},"_links":{"self":[{"href":"https:\/\/www.exogen.com\/nl\/wp-json\/wp\/v2\/pages\/2634","targetHints":{"allow":["GET"]}}],"collection":[{"href":"https:\/\/www.exogen.com\/nl\/wp-json\/wp\/v2\/pages"}],"about":[{"href":"https:\/\/www.exogen.com\/nl\/wp-json\/wp\/v2\/types\/page"}],"author":[{"embeddable":true,"href":"https:\/\/www.exogen.com\/nl\/wp-json\/wp\/v2\/users\/1"}],"replies":[{"embeddable":true,"href":"https:\/\/www.exogen.com\/nl\/wp-json\/wp\/v2\/comments?post=2634"}],"version-history":[{"count":0,"href":"https:\/\/www.exogen.com\/nl\/wp-json\/wp\/v2\/pages\/2634\/revisions"}],"wp:attachment":[{"href":"https:\/\/www.exogen.com\/nl\/wp-json\/wp\/v2\/media?parent=2634"}],"curies":[{"name":"wp","href":"https:\/\/api.w.org\/{rel}","templated":true}]}}