{"id":3477,"date":"2021-10-08T13:34:35","date_gmt":"2021-10-08T13:34:35","guid":{"rendered":"https:\/\/exogen.com\/frequently-asked-questions\/"},"modified":"2025-08-22T13:17:06","modified_gmt":"2025-08-22T13:17:06","slug":"frequently-asked-questions","status":"publish","type":"page","link":"https:\/\/www.exogen.com\/nl\/frequently-asked-questions\/","title":{"rendered":"Frequently Asked Questions"},"content":{"rendered":"<div class=\"wpb-content-wrapper\"><p>[vc_row row_height_percent=&#8221;0&#8243; back_image=&#8221;11356&#8243; back_repeat=&#8221;no-repeat&#8221; back_position=&#8221;center center&#8221; overlay_alpha=&#8221;50&#8243; gutter_size=&#8221;3&#8243; column_width_percent=&#8221;100&#8243; shift_y=&#8221;0&#8243; z_index=&#8221;0&#8243; content_parallax=&#8221;0&#8243; uncode_shortcode_id=&#8221;416420&#8243; row_height_pixel=&#8221;460&#8243; back_size=&#8221;cover&#8221; el_class=&#8221;inner-banner&#8221; css=&#8221;.vc_custom_1755868621300{margin-top: 88px !important;margin-bottom: 44px !important;}&#8221;][vc_column column_width_percent=&#8221;100&#8243; position_vertical=&#8221;middle&#8221; gutter_size=&#8221;3&#8243; overlay_alpha=&#8221;50&#8243; shift_x=&#8221;0&#8243; shift_y=&#8221;0&#8243; shift_y_down=&#8221;0&#8243; z_index=&#8221;0&#8243; medium_width=&#8221;0&#8243; mobile_width=&#8221;0&#8243; width=&#8221;1\/2&#8243; uncode_shortcode_id=&#8221;652607&#8243;][vc_custom_heading text_color=&#8221;color-xsdn&#8221; heading_semantic=&#8221;h1&#8243; text_size=&#8221;fontsize-942846&#8243; text_weight=&#8221;400&#8243; text_transform=&#8221;uppercase&#8221; text_height=&#8221;fontheight-667169&#8243; uncode_shortcode_id=&#8221;101887&#8243; text_color_type=&#8221;uncode-palette&#8221;]Veelgestelde <span style=\"font-weight: 700 !important;\">vragen<\/span>[\/vc_custom_heading][vc_button size=&#8221;btn-lg&#8221; radius=&#8221;btn-circle&#8221; hover_fx=&#8221;outlined&#8221; border_width=&#8221;1&#8243; icon_position=&#8221;right&#8221; uncode_shortcode_id=&#8221;425082&#8243; button_color_type=&#8221;uncode-solid&#8221; icon=&#8221;fa fa-arrow-right2&#8243; link=&#8221;url:%2Fnl%2Fcontact-an-exogen-rep%2F&#8221; button_color_solid=&#8221;rgba(0,0,0,0.01)&#8221; el_id=&#8221;button-transparent&#8221;]Contact opnemen met een EXOGEN-vertegenwoordiger[\/vc_button][\/vc_column][vc_column width=&#8221;1\/2&#8243;][\/vc_column][\/vc_row][vc_row row_height_percent=&#8221;0&#8243; overlay_alpha=&#8221;50&#8243; gutter_size=&#8221;4&#8243; column_width_percent=&#8221;100&#8243; shift_y=&#8221;0&#8243; z_index=&#8221;0&#8243; uncode_shortcode_id=&#8221;900682&#8243;][vc_column width=&#8221;8\/12&#8243;][vc_custom_heading text_color=&#8221;color-107303&#8243; heading_semantic=&#8221;h3&#8243; text_font=&#8221;font-559666&#8243; text_size=&#8221;fontsize-950476&#8243; text_weight=&#8221;700&#8243; text_height=&#8221;fontheight-143712&#8243; uncode_shortcode_id=&#8221;177499&#8243; text_color_type=&#8221;uncode-palette&#8221;]Indicaties voor gebruik[\/vc_custom_heading][vc_accordion sign=&#8221;plus&#8221; el_class=&#8221;faq-wrapper&#8221;][vc_accordion_tab gutter_size=&#8221;2&#8243; column_padding=&#8221;2&#8243; title=&#8221;Waarvoor is EXOGEN goedgekeurd?&#8221; tab_id=&#8221;1633691501-1-161633700183818&#8243;][vc_column_text uncode_shortcode_id=&#8221;200454&#8243;]EXOGEN is ge\u00efndiceerd voor niet-invasieve behandeling van botdefecten (met uitzondering van de vertebrae en schedel), dit omvat de behandeling van delayed union fracturen, non-union-fracturen,* stressfracturen en arthrodese. EXOGEN is ook ge\u00efndiceerd voor de verkorting van de genezingsduur van verse fracturen, de versnelling van reparaties na osteotomie, reparaties bij bottransportprocedures en reparaties bij distractieosteogeneseprocedures.[\/vc_column_text][\/vc_accordion_tab][vc_accordion_tab gutter_size=&#8221;2&#8243; column_padding=&#8221;2&#8243; title=&#8221;Zijn er contra-indicaties bekend voor EXOGEN?&#8221; tab_id=&#8221;1633691501-2-571633700183818&#8243;][vc_column_text uncode_shortcode_id=&#8221;191529&#8243;]Er zijn geen contra-indicaties bekend voor EXOGEN.[\/vc_column_text][\/vc_accordion_tab][\/vc_accordion][vc_empty_space empty_h=&#8221;2&#8243;][vc_custom_heading text_color=&#8221;color-107303&#8243; heading_semantic=&#8221;h3&#8243; text_font=&#8221;font-559666&#8243; text_size=&#8221;fontsize-950476&#8243; text_weight=&#8221;700&#8243; text_height=&#8221;fontheight-143712&#8243; uncode_shortcode_id=&#8221;197901&#8243; text_color_type=&#8221;uncode-palette&#8221;]Breukbehandeling[\/vc_custom_heading][vc_accordion sign=&#8221;plus&#8221; el_class=&#8221;faq-wrapper&#8221; active_tab=&#8221;#&#8221;][vc_accordion_tab gutter_size=&#8221;2&#8243; column_padding=&#8221;2&#8243; title=&#8221;Kan EXOGEN de gehele breuk behandelen?&#8221; tab_id=&#8221;1633694628-1-931633700183818&#8243;][vc_column_text uncode_shortcode_id=&#8221;174399&#8243;]Ja, het biologische effect van de ultrasone straal gaat door middel van elastische S-golven om de gehele breuk heen.<sup><a href=\"https:\/\/www.exogen.com\/nl\/references\/\">61<\/a><\/sup>[\/vc_column_text][\/vc_accordion_tab][vc_accordion_tab gutter_size=&#8221;2&#8243; column_padding=&#8221;2&#8243; title=&#8221;Is een behandeling met EXOGEN effectief bij diepe breuken zoals in het dijbeen?&#8221; tab_id=&#8221;1633694628-2-401633700183818&#8243;][vc_column_text uncode_shortcode_id=&#8221;947293&#8243;]In een klinische evaluatie had EXOGEN een succespercentage van 84,3% bij de behandeling van non-union-breuken van het dijbeen, hetgeen suggereert dat EXOGEN een uitstekende keuze is voor pati\u00ebnten met diepe breuken.<sup><a href=\"https:\/\/www.exogen.com\/nl\/references\/\">31<\/a><\/sup> Het wordt aanbevolen om targeting te gebruiken om de locatie van de breuk te identificeren.<sup><a href=\"https:\/\/www.exogen.com\/nl\/references\/\">62<\/a><\/sup>[\/vc_column_text][\/vc_accordion_tab][vc_accordion_tab gutter_size=&#8221;2&#8243; column_padding=&#8221;2&#8243; title=&#8221;Hoe effectief dringt EXOGEN door in zacht weefsel?&#8221; tab_id=&#8221;1633695962047-2-61633700183818&#8243;][vc_column_text uncode_shortcode_id=&#8221;148251&#8243;]De EXOGEN ultrasone golven kunnen door de huid en zacht weefsel dringen voor een effectieve penetratiediepte van ~254 mm.<sup><a href=\"https:\/\/www.exogen.com\/nl\/references\/\">61<\/a><\/sup>[\/vc_column_text][\/vc_accordion_tab][vc_accordion_tab gutter_size=&#8221;2&#8243; column_padding=&#8221;2&#8243; title=&#8221;Kunnen pati\u00ebnten met pacemakers of andere actieve, implanteerbare hulpmiddelen EXOGEN gebruiken?&#8221; tab_id=&#8221;1633695978326-3-91633700183818&#8243;][vc_column_text uncode_shortcode_id=&#8221;892984&#8243;]Actieve, implanteerbare hulpmiddelen, zoals pacemakers, kunnen nadelig worden be\u00efnvloed door blootstelling van dichtbij aan het EXOGEN-hulpmiddel. Pati\u00ebnten of andere mensen die zich tijdens de behandeling in de buurt bevinden, moeten door een cardioloog of arts worden beoordeeld voordat het EXOGEN-hulpmiddel wordt gebruikt.[\/vc_column_text][\/vc_accordion_tab][vc_accordion_tab gutter_size=&#8221;2&#8243; column_padding=&#8221;2&#8243; title=&#8221;Wat moet ik doen om mijn pati\u00ebnt voor te bereiden op behandelingen met EXOGEN?&#8221; tab_id=&#8221;1633695996230-4-101633700183818&#8243;][vc_column_text uncode_shortcode_id=&#8221;539057&#8243;]Markeer de fractuurlocatie bij uw pati\u00ebnt. De EXOGEN-transducer moet in direct contact staan met de huid, dus als uw pati\u00ebnt gips nodig heeft of momenteel heeft, moet u\u00a0een transducerpoort inbouwen of een venster maken. Onze getrainde EXOGEN-specialisten zullen u\u00a0helpen met de juiste plaatsing van de transducerpoort bij gips en gebruik met metalen voor non-union-breuken. Download <a href=\"https:\/\/www.exogen.com\/nl\/physician-resources\/\">Gipstoepassingstechnieken voor EXOGEN<\/a> of neem contact op met de\u00a0<a href=\"https:\/\/www.exogen.com\/nl\/contact-an-exogen-rep\/\">klantenservice van Bioventus<\/a>\u00a0voor meer informatie.[\/vc_column_text][\/vc_accordion_tab][\/vc_accordion][vc_empty_space empty_h=&#8221;2&#8243;][vc_custom_heading text_color=&#8221;color-107303&#8243; heading_semantic=&#8221;h3&#8243; text_font=&#8221;font-559666&#8243; text_size=&#8221;fontsize-950476&#8243; text_weight=&#8221;700&#8243; text_height=&#8221;fontheight-143712&#8243; uncode_shortcode_id=&#8221;107863&#8243; text_color_type=&#8221;uncode-palette&#8221;]Het EXOGEN-hulpmiddel en dekking[\/vc_custom_heading][vc_accordion sign=&#8221;plus&#8221; el_class=&#8221;faq-wrapper&#8221; active_tab=&#8221;#&#8221;][vc_accordion_tab gutter_size=&#8221;2&#8243; column_padding=&#8221;2&#8243; title=&#8221;Waaruit bestaat de EXOGEN-eenheid?&#8221; tab_id=&#8221;1633696683-1-311633700183818&#8243;][vc_column_text uncode_shortcode_id=&#8221;653856&#8243;]De EXOGEN-eenheid bestaat uit de hoofdbedieningseenheid en de aangesloten kabel met transducerkop. Pati\u00ebnten ontvangen ook een applicatorband, verbindingsgel en batterijlader.[\/vc_column_text][\/vc_accordion_tab][vc_accordion_tab gutter_size=&#8221;2&#8243; column_padding=&#8221;2&#8243; title=&#8221;Wordt EXOGEN gedekt door ziekenhuizen en\/of verzekeraars?&#8221; tab_id=&#8221;1633696683-2-971633700183818&#8243;][vc_column_text uncode_shortcode_id=&#8221;133513&#8243;]Veel verzekeraars dekken het EXOGEN-hulpmiddel. Neem voor meer informatie contact op met uw plaatselijke EXOGEN-vertegenwoordiger of de\u00a0<a href=\"https:\/\/www.exogen.com\/us\/physician\/contact\/\">klantenservice van Bioventus<\/a>.[\/vc_column_text][\/vc_accordion_tab][\/vc_accordion][\/vc_column][vc_column width=&#8221;4\/12&#8243;][vc_single_image media=&#8221;127&#8243; media_width_percent=&#8221;100&#8243; uncode_shortcode_id=&#8221;155189&#8243;][vc_row_inner row_inner_height_percent=&#8221;0&#8243; overlay_alpha=&#8221;50&#8243; gutter_size=&#8221;3&#8243; shift_y=&#8221;0&#8243; z_index=&#8221;0&#8243; uncode_shortcode_id=&#8221;174241&#8243; css=&#8221;.vc_custom_1633693982448{margin-top: 0px !important;}&#8221; limit_content=&#8221;&#8221;][vc_column_inner column_width_percent=&#8221;100&#8243; gutter_size=&#8221;3&#8243; back_color=&#8221;color-763025&#8243; overlay_alpha=&#8221;50&#8243; shift_x=&#8221;0&#8243; shift_y=&#8221;0&#8243; shift_y_down=&#8221;0&#8243; z_index=&#8221;0&#8243; medium_width=&#8221;0&#8243; mobile_width=&#8221;0&#8243; width=&#8221;1\/1&#8243; uncode_shortcode_id=&#8221;121928&#8243; back_color_type=&#8221;uncode-palette&#8221;][vc_custom_heading text_color=&#8221;color-nhtu&#8221; heading_semantic=&#8221;h4&#8243; text_font=&#8221;font-559666&#8243; text_size=&#8221;fontsize-467755&#8243; text_weight=&#8221;700&#8243; text_height=&#8221;fontheight-143712&#8243; uncode_shortcode_id=&#8221;134523&#8243; text_color_type=&#8221;uncode-palette&#8221;]Kunt u\u00a0het antwoord op uw vraag niet vinden?[\/vc_custom_heading][vc_column_text uncode_shortcode_id=&#8221;201558&#8243; css=&#8221;.vc_custom_1639548898960{margin-top: 0px !important;margin-bottom: 0px !important;padding-top: 0px !important;padding-bottom: 0px !important;}&#8221;]Contact[\/vc_column_text][vc_button button_color=&#8221;color-207599&#8243; size=&#8221;btn-sm&#8221; radius=&#8221;btn-circle&#8221; hover_fx=&#8221;full-colored&#8221; border_width=&#8221;0&#8243; icon_position=&#8221;right&#8221; uncode_shortcode_id=&#8221;107575&#8243; button_color_type=&#8221;uncode-palette&#8221; icon=&#8221;fa fa-arrow-right2&#8243; link=&#8221;url:%2Fnl%2Fcontact-us%2F&#8221;]Contact[\/vc_button][\/vc_column_inner][\/vc_row_inner][\/vc_column][\/vc_row][vc_row row_height_percent=&#8221;0&#8243; overlay_alpha=&#8221;50&#8243; gutter_size=&#8221;3&#8243; column_width_percent=&#8221;100&#8243; border_color=&#8221;color-gyho&#8221; border_style=&#8221;solid&#8221; shift_y=&#8221;0&#8243; z_index=&#8221;0&#8243; uncode_shortcode_id=&#8221;193465&#8243; css=&#8221;.vc_custom_1633696557289{margin-top: 40px !important;margin-bottom: 0px !important;border-top-width: 1px !important;}&#8221; el_id=&#8221;description_text&#8221; border_color_type=&#8221;uncode-palette&#8221;][vc_column width=&#8221;1\/1&#8243;][vc_column_text uncode_shortcode_id=&#8221;157693&#8243;]<strong style=\"margin-bottom: 15px;\">Samenvatting van de indicaties voor gebruik<br \/>\n<\/strong><\/p>\n<p>EXOGEN is ge\u00efndiceerd voor niet-invasieve behandeling van botdefecten (met uitzondering van de vertebrae en schedel), dit omvat de behandeling van delayed union fracturen, non-union-fracturen,* stressfracturen en arthrodese. EXOGEN is ook ge\u00efndiceerd voor de verkorting van de genezingsduur van verse fracturen, de versnelling van\u00a0reparaties na osteotomie, reparaties bij bottransportprocedures en reparaties bij distractieosteogeneseprocedures.<\/p>\n<p>Er zijn geen contra-indicaties bekend voor het EXOGEN-hulpmiddel. De veiligheid en werkzaamheid is niet vastgesteld bij personen waarvan het skelet niet volgroeid is, zwangere vrouwen, vrouwen die borstvoeding geven, pati\u00ebnten met pacemakers, voor fracturen als gevolg van botkanker of bij pati\u00ebnten met een slechte bloedcirculatie of stollingsproblemen. Sommige pati\u00ebnten kunnen overgevoelig zijn voor de ultrasoon-gel.<\/p>\n<p>De volledige voorschriftinformatie is te vinden op het etiket van het product, op <a href=\"https:\/\/www.exogen.com\/\">EXOGEN.com<\/a>, of door te bellen naar de klantenservice van Bioventus. <a href=\"tel:1-800-836-4080\"><strong>1-800-836-4080<\/strong><\/a>.<\/p>\n<p>*Er is sprake van een non-union-fractuur als op de locatie van de fractuur geen enkele progressieve tekenen van heling zichtbaar zijn.[\/vc_column_text][\/vc_column][\/vc_row]<\/p>\n<\/div>","protected":false},"excerpt":{"rendered":"<p>[vc_row row_height_percent=&#8221;0&#8243; back_image=&#8221;11356&#8243; back_repeat=&#8221;no-repeat&#8221; back_position=&#8221;center center&#8221; overlay_alpha=&#8221;50&#8243; gutter_size=&#8221;3&#8243; column_width_percent=&#8221;100&#8243; shift_y=&#8221;0&#8243; z_index=&#8221;0&#8243; content_parallax=&#8221;0&#8243; uncode_shortcode_id=&#8221;416420&#8243; row_height_pixel=&#8221;460&#8243; back_size=&#8221;cover&#8221; el_class=&#8221;inner-banner&#8221; css=&#8221;.vc_custom_1755868621300{margin-top: 88px !important;margin-bottom: 44px [&hellip;]<\/p>\n","protected":false},"author":1,"featured_media":0,"parent":0,"menu_order":0,"comment_status":"closed","ping_status":"closed","template":"","meta":{"_acf_changed":false,"_five9_enable_chat":"","footnotes":""},"class_list":["post-3477","page","type-page","status-publish","hentry","page_category-hcp-nl"],"acf":[],"yoast_head":"<!-- This site is optimized with the Yoast SEO plugin v27.4 - https:\/\/yoast.com\/product\/yoast-seo-wordpress\/ -->\n<title>Voor zorgverleners - Veelgestelde vragen - EXOGEN Ultrasoon Botgenezingssysteem<\/title>\n<meta name=\"robots\" content=\"index, follow, max-snippet:-1, max-image-preview:large, max-video-preview:-1\" \/>\n<link rel=\"canonical\" href=\"https:\/\/www.exogen.com\/nl\/frequently-asked-questions\/\" \/>\n<meta property=\"og:locale\" content=\"nl_NL\" \/>\n<meta property=\"og:type\" content=\"article\" \/>\n<meta property=\"og:title\" content=\"Voor zorgverleners - Veelgestelde vragen - EXOGEN Ultrasoon Botgenezingssysteem\" \/>\n<meta property=\"og:description\" content=\"[vc_row row_height_percent=&#8221;0&#8243; back_image=&#8221;11356&#8243; back_repeat=&#8221;no-repeat&#8221; back_position=&#8221;center center&#8221; overlay_alpha=&#8221;50&#8243; gutter_size=&#8221;3&#8243; column_width_percent=&#8221;100&#8243; shift_y=&#8221;0&#8243; z_index=&#8221;0&#8243; content_parallax=&#8221;0&#8243; uncode_shortcode_id=&#8221;416420&#8243; row_height_pixel=&#8221;460&#8243; back_size=&#8221;cover&#8221; el_class=&#8221;inner-banner&#8221; css=&#8221;.vc_custom_1755868621300{margin-top: 88px !important;margin-bottom: 44px [&hellip;]\" \/>\n<meta property=\"og:url\" content=\"https:\/\/www.exogen.com\/nl\/frequently-asked-questions\/\" \/>\n<meta property=\"og:site_name\" content=\"EXOGEN Ultrasound Bone Healing System\" \/>\n<meta property=\"article:publisher\" content=\"https:\/\/www.facebook.com\/exogenbonehealing\/\" \/>\n<meta property=\"article:modified_time\" content=\"2025-08-22T13:17:06+00:00\" \/>\n<meta name=\"twitter:card\" content=\"summary_large_image\" \/>\n<meta name=\"twitter:label1\" content=\"Geschatte leestijd\" \/>\n\t<meta name=\"twitter:data1\" content=\"4 minuten\" \/>\n<script type=\"application\/ld+json\" class=\"yoast-schema-graph\">{\"@context\":\"https:\\\/\\\/schema.org\",\"@graph\":[{\"@type\":\"WebPage\",\"@id\":\"https:\\\/\\\/www.exogen.com\\\/nl\\\/frequently-asked-questions\\\/\",\"url\":\"https:\\\/\\\/www.exogen.com\\\/nl\\\/frequently-asked-questions\\\/\",\"name\":\"Voor zorgverleners - Veelgestelde vragen - EXOGEN Ultrasoon Botgenezingssysteem\",\"isPartOf\":{\"@id\":\"https:\\\/\\\/www.exogen.com\\\/nl\\\/#website\"},\"datePublished\":\"2021-10-08T13:34:35+00:00\",\"dateModified\":\"2025-08-22T13:17:06+00:00\",\"breadcrumb\":{\"@id\":\"https:\\\/\\\/www.exogen.com\\\/nl\\\/frequently-asked-questions\\\/#breadcrumb\"},\"inLanguage\":\"nl-NL\",\"potentialAction\":[{\"@type\":\"ReadAction\",\"target\":[\"https:\\\/\\\/www.exogen.com\\\/nl\\\/frequently-asked-questions\\\/\"]}]},{\"@type\":\"BreadcrumbList\",\"@id\":\"https:\\\/\\\/www.exogen.com\\\/nl\\\/frequently-asked-questions\\\/#breadcrumb\",\"itemListElement\":[{\"@type\":\"ListItem\",\"position\":1,\"name\":\"Home\",\"item\":\"https:\\\/\\\/www.exogen.com\\\/nl\\\/\"},{\"@type\":\"ListItem\",\"position\":2,\"name\":\"Frequently Asked Questions\"}]},{\"@type\":\"WebSite\",\"@id\":\"https:\\\/\\\/www.exogen.com\\\/nl\\\/#website\",\"url\":\"https:\\\/\\\/www.exogen.com\\\/nl\\\/\",\"name\":\"EXOGEN Ultrasound Bone Healing System\",\"description\":\"Ultrasound Bone Healing System\",\"publisher\":{\"@id\":\"https:\\\/\\\/www.exogen.com\\\/nl\\\/#organization\"},\"potentialAction\":[{\"@type\":\"SearchAction\",\"target\":{\"@type\":\"EntryPoint\",\"urlTemplate\":\"https:\\\/\\\/www.exogen.com\\\/nl\\\/?s={search_term_string}\"},\"query-input\":{\"@type\":\"PropertyValueSpecification\",\"valueRequired\":true,\"valueName\":\"search_term_string\"}}],\"inLanguage\":\"nl-NL\"},{\"@type\":\"Organization\",\"@id\":\"https:\\\/\\\/www.exogen.com\\\/nl\\\/#organization\",\"name\":\"EXOGEN\",\"url\":\"https:\\\/\\\/www.exogen.com\\\/nl\\\/\",\"logo\":{\"@type\":\"ImageObject\",\"inLanguage\":\"nl-NL\",\"@id\":\"https:\\\/\\\/www.exogen.com\\\/nl\\\/#\\\/schema\\\/logo\\\/image\\\/\",\"url\":\"https:\\\/\\\/www.exogen.com\\\/wp-content\\\/uploads\\\/2021\\\/10\\\/purple-logo.png\",\"contentUrl\":\"https:\\\/\\\/www.exogen.com\\\/wp-content\\\/uploads\\\/2021\\\/10\\\/purple-logo.png\",\"width\":264,\"height\":100,\"caption\":\"EXOGEN\"},\"image\":{\"@id\":\"https:\\\/\\\/www.exogen.com\\\/nl\\\/#\\\/schema\\\/logo\\\/image\\\/\"},\"sameAs\":[\"https:\\\/\\\/www.facebook.com\\\/exogenbonehealing\\\/\",\"https:\\\/\\\/www.instagram.com\\\/exogenbonehealing\\\/\",\"https:\\\/\\\/www.youtube.com\\\/channel\\\/UCP5jnVTUjZZKlr_b-mxr49w\"]}]}<\/script>\n<!-- \/ Yoast SEO plugin. -->","yoast_head_json":{"title":"Voor zorgverleners - Veelgestelde vragen - EXOGEN Ultrasoon Botgenezingssysteem","robots":{"index":"index","follow":"follow","max-snippet":"max-snippet:-1","max-image-preview":"max-image-preview:large","max-video-preview":"max-video-preview:-1"},"canonical":"https:\/\/www.exogen.com\/nl\/frequently-asked-questions\/","og_locale":"nl_NL","og_type":"article","og_title":"Voor zorgverleners - Veelgestelde vragen - EXOGEN Ultrasoon Botgenezingssysteem","og_description":"[vc_row row_height_percent=&#8221;0&#8243; back_image=&#8221;11356&#8243; back_repeat=&#8221;no-repeat&#8221; back_position=&#8221;center center&#8221; overlay_alpha=&#8221;50&#8243; gutter_size=&#8221;3&#8243; column_width_percent=&#8221;100&#8243; shift_y=&#8221;0&#8243; z_index=&#8221;0&#8243; content_parallax=&#8221;0&#8243; uncode_shortcode_id=&#8221;416420&#8243; row_height_pixel=&#8221;460&#8243; back_size=&#8221;cover&#8221; el_class=&#8221;inner-banner&#8221; css=&#8221;.vc_custom_1755868621300{margin-top: 88px !important;margin-bottom: 44px [&hellip;]","og_url":"https:\/\/www.exogen.com\/nl\/frequently-asked-questions\/","og_site_name":"EXOGEN Ultrasound Bone Healing System","article_publisher":"https:\/\/www.facebook.com\/exogenbonehealing\/","article_modified_time":"2025-08-22T13:17:06+00:00","twitter_card":"summary_large_image","twitter_misc":{"Geschatte leestijd":"4 minuten"},"schema":{"@context":"https:\/\/schema.org","@graph":[{"@type":"WebPage","@id":"https:\/\/www.exogen.com\/nl\/frequently-asked-questions\/","url":"https:\/\/www.exogen.com\/nl\/frequently-asked-questions\/","name":"Voor zorgverleners - Veelgestelde vragen - EXOGEN Ultrasoon Botgenezingssysteem","isPartOf":{"@id":"https:\/\/www.exogen.com\/nl\/#website"},"datePublished":"2021-10-08T13:34:35+00:00","dateModified":"2025-08-22T13:17:06+00:00","breadcrumb":{"@id":"https:\/\/www.exogen.com\/nl\/frequently-asked-questions\/#breadcrumb"},"inLanguage":"nl-NL","potentialAction":[{"@type":"ReadAction","target":["https:\/\/www.exogen.com\/nl\/frequently-asked-questions\/"]}]},{"@type":"BreadcrumbList","@id":"https:\/\/www.exogen.com\/nl\/frequently-asked-questions\/#breadcrumb","itemListElement":[{"@type":"ListItem","position":1,"name":"Home","item":"https:\/\/www.exogen.com\/nl\/"},{"@type":"ListItem","position":2,"name":"Frequently Asked Questions"}]},{"@type":"WebSite","@id":"https:\/\/www.exogen.com\/nl\/#website","url":"https:\/\/www.exogen.com\/nl\/","name":"EXOGEN Ultrasound Bone Healing System","description":"Ultrasound Bone Healing System","publisher":{"@id":"https:\/\/www.exogen.com\/nl\/#organization"},"potentialAction":[{"@type":"SearchAction","target":{"@type":"EntryPoint","urlTemplate":"https:\/\/www.exogen.com\/nl\/?s={search_term_string}"},"query-input":{"@type":"PropertyValueSpecification","valueRequired":true,"valueName":"search_term_string"}}],"inLanguage":"nl-NL"},{"@type":"Organization","@id":"https:\/\/www.exogen.com\/nl\/#organization","name":"EXOGEN","url":"https:\/\/www.exogen.com\/nl\/","logo":{"@type":"ImageObject","inLanguage":"nl-NL","@id":"https:\/\/www.exogen.com\/nl\/#\/schema\/logo\/image\/","url":"https:\/\/www.exogen.com\/wp-content\/uploads\/2021\/10\/purple-logo.png","contentUrl":"https:\/\/www.exogen.com\/wp-content\/uploads\/2021\/10\/purple-logo.png","width":264,"height":100,"caption":"EXOGEN"},"image":{"@id":"https:\/\/www.exogen.com\/nl\/#\/schema\/logo\/image\/"},"sameAs":["https:\/\/www.facebook.com\/exogenbonehealing\/","https:\/\/www.instagram.com\/exogenbonehealing\/","https:\/\/www.youtube.com\/channel\/UCP5jnVTUjZZKlr_b-mxr49w"]}]}},"_links":{"self":[{"href":"https:\/\/www.exogen.com\/nl\/wp-json\/wp\/v2\/pages\/3477","targetHints":{"allow":["GET"]}}],"collection":[{"href":"https:\/\/www.exogen.com\/nl\/wp-json\/wp\/v2\/pages"}],"about":[{"href":"https:\/\/www.exogen.com\/nl\/wp-json\/wp\/v2\/types\/page"}],"author":[{"embeddable":true,"href":"https:\/\/www.exogen.com\/nl\/wp-json\/wp\/v2\/users\/1"}],"replies":[{"embeddable":true,"href":"https:\/\/www.exogen.com\/nl\/wp-json\/wp\/v2\/comments?post=3477"}],"version-history":[{"count":0,"href":"https:\/\/www.exogen.com\/nl\/wp-json\/wp\/v2\/pages\/3477\/revisions"}],"wp:attachment":[{"href":"https:\/\/www.exogen.com\/nl\/wp-json\/wp\/v2\/media?parent=3477"}],"curies":[{"name":"wp","href":"https:\/\/api.w.org\/{rel}","templated":true}]}}