{"id":1918,"date":"2021-10-25T13:48:22","date_gmt":"2021-10-25T13:48:22","guid":{"rendered":"https:\/\/exogen.com\/what-is-a-bone-stimulator\/"},"modified":"2025-08-07T11:21:58","modified_gmt":"2025-08-07T11:21:58","slug":"what-is-a-bone-stimulator","status":"publish","type":"page","link":"https:\/\/www.exogen.com\/pl\/what-is-a-bone-stimulator\/","title":{"rendered":"Co to jest stymulator zrostu ko\u015bci?"},"content":{"rendered":"<div class=\"wpb-content-wrapper\"><p>[vc_row row_height_percent=&#8221;0&#8243; overlay_alpha=&#8221;50&#8243; gutter_size=&#8221;3&#8243; column_width_percent=&#8221;100&#8243; shift_y=&#8221;0&#8243; z_index=&#8221;0&#8243; uncode_shortcode_id=&#8221;141354&#8243; row_height_pixel=&#8221;145&#8243; back_color_type=&#8221;uncode-gradient&#8221; back_color_gradient=&#8221;{&#8222;css&#8222;:&#8222;background: linear-gradient(to bottom , rgb(211, 211, 211) , rgb(243, 240, 244) 34%);&#8222;,&#8222;sliders&#8222;:`{`{&#8222;color&#8222;:&#8222;rgb(211, 211, 211)&#8222;,&#8222;position&#8222;:0},{&#8222;color&#8222;:&#8222;rgb(243, 240, 244)&#8222;,&#8222;position&#8222;:34}`}`,&#8222;type&#8222;:&#8222;linear&#8222;,&#8222;direction&#8222;:&#8222;top&#8222;}&#8221; css=&#8221;.vc_custom_1633698520117{margin-top: 80px !important;margin-bottom: 60px !important;}&#8221;][vc_column column_width_percent=&#8221;100&#8243; position_vertical=&#8221;middle&#8221; gutter_size=&#8221;3&#8243; overlay_alpha=&#8221;50&#8243; shift_x=&#8221;0&#8243; shift_y=&#8221;0&#8243; shift_y_down=&#8221;0&#8243; z_index=&#8221;0&#8243; medium_width=&#8221;0&#8243; mobile_width=&#8221;0&#8243; width=&#8221;1\/1&#8243; uncode_shortcode_id=&#8221;697530&#8243;][vc_column_text text_color=&#8221;color-107303&#8243; uncode_shortcode_id=&#8221;141052&#8243; text_color_type=&#8221;uncode-palette&#8221; css=&#8221;.vc_custom_1754565261304{margin-top: 0px !important;margin-bottom: -30px !important;padding-top: 0px !important;padding-bottom: 0px !important;}&#8221; el_class=&#8221;top-link&#8221;]<a href=\"https:\/\/www.exogen.com\/\/pl\/faqs\/\"><i class=\"fa fa-angle-left\"><\/i> Wstecz<\/a>[\/vc_column_text][vc_custom_heading text_color=&#8221;color-121277&#8243; heading_semantic=&#8221;h1&#8243; text_font=&#8221;font-559666&#8243; text_size=&#8221;fontsize-242148&#8243; text_transform=&#8221;uppercase&#8221; text_height=&#8221;fontheight-133340&#8243; uncode_shortcode_id=&#8221;863357&#8243; text_color_type=&#8221;uncode-palette&#8221;]CO T JEST STYMULATOR ZROSTU KO\u015aCI?[\/vc_custom_heading][\/vc_column][\/vc_row][vc_row row_height_percent=&#8221;0&#8243; overlay_alpha=&#8221;50&#8243; gutter_size=&#8221;3&#8243; column_width_percent=&#8221;100&#8243; shift_y=&#8221;0&#8243; z_index=&#8221;0&#8243; uncode_shortcode_id=&#8221;169022&#8243; css=&#8221;.vc_custom_1633699476839{margin-bottom: 40px !important;}&#8221;][vc_column width=&#8221;1\/1&#8243;][vc_column_text uncode_shortcode_id=&#8221;366923&#8243; css=&#8221;.vc_custom_1754565688133{margin-top: 0px !important;}&#8221; el_class=&#8221;faq-page-content&#8221;]Stymulatory zrostu ko\u015bci to urz\u0105dzenia, kt\u00f3re wspomagaj\u0105 gojenie tkanki kostnej wed\u0142ug wskaza\u0144 za pomoc\u0105 p\u00f3l energetycznych kierowanych do miejsc, w kt\u00f3rych wyst\u0119puj\u0105 ostre z\u0142amania i brak zrostu po z\u0142amaniu<sup><a href=\"https:\/\/www.exogen.com\/pl\/references\/\">48<\/a><\/sup><\/p>\n<p>Ludzka ko\u015b\u0107 to \u017cywa tkanka, w zwi\u0105zku z czym ma zdolno\u015b\u0107 do samodzielnego gojenia, gdy zostanie uszkodzona lub z\u0142amana. Podczas procesu gojenia tkanki kostnej dochodzi do wielu z\u0142o\u017conych reakcji na poziomie cz\u0105steczkowym<sup><a href=\"https:\/\/www.exogen.com\/pl\/references\/\">48<\/a><\/sup><\/p>\n<p>Stymulatory zrostu ko\u015bci wspomagaj\u0105 gojenie poprzez stymulowanie tego aspektu naturalnego procesu gojenia tkanki kostnej<sup><a href=\"https:\/\/www.exogen.com\/pl\/references\/\">48<\/a><\/sup> Energia z tych urz\u0105dze\u0144 stanowi wsparcie dla procesu gojenia tkanki kostnej poprzez wywo\u0142anie sekwencji z\u0142o\u017conych reakcji na poziomie cz\u0105steczkowym, kt\u00f3re wyst\u0119puj\u0105 podczas procesu gojenia tkanki kostnej<sup><a href=\"https:\/\/www.exogen.com\/pl\/references\/\">48<\/a><\/sup><\/p>\n<p>Istnieje kilka r\u00f3\u017cnych technologii, kt\u00f3re s\u0105 wykorzystywane przez stymulatory zrostu ko\u015bci, aby generowa\u0107 energi\u0119 przekazywan\u0105 do z\u0142amanej ko\u015bci. Te r\u00f3\u017cne technologie obejmuj\u0105 pr\u0105d sta\u0142y, sprz\u0119\u017cenie pojemno\u015bciowe, impulsowe pola elektromagnetyczne oraz impulsowe fale ultrad\u017awi\u0119kowe o niskim nat\u0119\u017ceniu49. Najcz\u0119\u015bciej stosowane stymulatory zrostu ko\u015bci to stymulatory elektryczne i stymulatory ultrad\u017awi\u0119kowe<sup><a href=\"https:\/\/www.exogen.com\/pl\/references\/\">49<\/a><\/sup><\/p>\n<p>Stymulatory zrostu ko\u015bci s\u0105 dost\u0119pne w r\u00f3\u017cnych rozmiarach i kszta\u0142tach. W przypadku wi\u0119kszo\u015bci stymulator\u00f3w zrostu ko\u015bci \u017ar\u00f3d\u0142o energii stanowi niewielki akumulator. Stymulatory zrostu ko\u015bci s\u0105 zazwyczaj mocowane w miejscu z\u0142amania i noszone ka\u017cdego dnia przez pacjent\u00f3w przez okre\u015blony czas, np. okre\u015blon\u0105 liczb\u0119 minut lub godzin<sup><a href=\"https:\/\/www.exogen.com\/pl\/references\/\">48<\/a><\/sup><\/p>\n<p><strong>Z\u0142amania z\u00a0brakiem zrostu<\/strong><br \/>\nStymulatory zrostu ko\u015bci s\u0105 stosowane w celu wspomagania leczenia ostrych lub \u015bwie\u017cych z\u0142ama\u0144, a tak\u017ce braku zrostu po z\u0142amaniu<sup><a href=\"https:\/\/www.exogen.com\/pl\/references\/\">44<\/a><\/sup> Tego typu z\u0142amania mog\u0105 by\u0107 rezultatem powik\u0142a\u0144, takich jak zaka\u017cenie w miejscu urazu lub zak\u0142\u00f3cony przep\u0142yw krwi do obszaru tkanki kostnej. Osoby, kt\u00f3re choruj\u0105 na cukrzyc\u0119 lub pal\u0105 papierosy, mog\u0105 mie\u0107 zak\u0142\u00f3cony przep\u0142yw krwi do z\u0142amanej ko\u015bci<sup><a href=\"https:\/\/www.exogen.com\/pl\/references\/\">8,10,45<\/a><\/sup> . Inne przyczyny braku zrostu ko\u015bci po z\u0142amaniu mog\u0105 obejmowa\u0107 nieprawid\u0142owe nastawienie z\u0142amanych ko\u0144c\u00f3w ko\u015bci lub niewystarczaj\u0105ce unieruchomienie podczas procesu gojenia<sup><a href=\"https:\/\/www.exogen.com\/pl\/references\/\">45<\/a><\/sup><\/p>\n<p><strong>Skuteczno\u015b\u0107 stymulacji zrostu ko\u015bci za pomoc\u0105 ultrad\u017awi\u0119k\u00f3w<\/strong><br \/>\nWst\u0119pne badania kliniczne przeprowadzone na zwierz\u0119tach laboratoryjnych wykaza\u0142y, \u017ce urz\u0105dzenie generuj\u0105ce pulsacyjne ultrad\u017awi\u0119ki o niskim nat\u0119\u017ceniu wspomaga szereg reakcji na poziomie cz\u0105steczkowym, zachodz\u0105cych w ramach procesu gojenia tkanki kostnej*<sup>\u2020<a href=\"https:\/\/www.exogen.com\/pl\/references\/\">37,38,50,51<\/a><\/sup> Badanie kliniczne przeprowadzone u pacjent\u00f3w ze z\u0142amaniem ko\u015bci dostarczy\u0142o dalszych dowod\u00f3w potwierdzaj\u0105cych skuteczno\u015b\u0107 stymulacji zrostu ko\u015bci za pomoc\u0105 ultrad\u017awi\u0119k\u00f3w. Czas gojenia niekt\u00f3rych \u015bwie\u017cych z\u0142ama\u0144 uleg\u0142 skr\u00f3ceniu o 38%, a wska\u017anik gojenia przypadk\u00f3w braku zrostu wyni\u00f3s\u0142 86%<sup><a href=\"https:\/\/www.exogen.com\/pl\/references\/\">1-3<\/a><\/sup>.<\/p>\n<p><strong>Urz\u0105dzenie EXOGEN wspomagaj\u0105ce leczenie z\u0142ama\u0144 za pomoc\u0105 ultrad\u017awi\u0119k\u00f3w<\/strong><br \/>\nUrz\u0105dzenie EXOGEN zapewnia stymulacj\u0119 zrostu ko\u015bci za pomoc\u0105 pulsacyjnych ultrad\u017awi\u0119k\u00f3w. Urz\u0105dzenie wykorzystuje bezpieczne fale ultrad\u017awi\u0119kowe o niskim nat\u0119\u017ceniu, kt\u00f3re wspomagaj\u0105 naturalny proces gojenia tkanki kostnej. Codzienna terapia z wykorzystaniem urz\u0105dzenia EXOGEN wspiera naturalny proces gojenia tkanki kostnej, dzia\u0142aj\u0105c na trzy sposoby:<\/p>\n<p><strong>1. Stymulacja*<sup><a href=\"https:\/\/www.exogen.com\/pl\/references\/\">36<\/a><\/sup><\/strong><br \/>\nUrz\u0105dzenie EXOGEN przesy\u0142a fale ultrad\u017awi\u0119kowe przez sk\u00f3r\u0119, powoduj\u0105c ruch stymuluj\u0105cy kom\u00f3rki cia\u0142a.<\/p>\n<p><strong>2. Aktywacja*<sup><a href=\"https:\/\/www.exogen.com\/pl\/references\/\">37<\/a><\/sup><\/strong><br \/>\nFale ultrad\u017awi\u0119kowe generowane przez urz\u0105dzenie EXOGEN aktywuj\u0105 kom\u00f3rki w ciele pacjenta.<\/p>\n<p><strong>3. Zwi\u0119kszona ekspresja*<sup><a href=\"https:\/\/www.exogen.com\/pl\/references\/\">38<\/a><\/sup><\/strong><br \/>\nFale ultrad\u017awi\u0119kowe generowane przez urz\u0105dzenie EXOGEN sprzyjaj\u0105 zwi\u0119kszonej ekspresji czynnik\u00f3w przyspieszaj\u0105cych leczenie z\u0142amania.[\/vc_column_text][vc_column_text uncode_shortcode_id=&#8221;158011&#8243; css=&#8221;.vc_custom_1754565715817{margin-top: 20px !important;}&#8221;]<a href=\"https:\/\/www.exogen.com\/pl\/is-exogen-right-for-me\/\">Aby zapozna\u0107 si\u0119 z\u00a0informacjami na temat dzia\u0142ania stymulatora zrostu ko\u015bci EXOGEN i\u00a0dowiedzie\u0107 si\u0119, czy\u00a0spe\u0142ni on Twoje potrzeby, kliknij tutaj.<\/a><\/p>\n<p><small>* Znaczenie kliniczne tych ustale\u0144 jest nieznane.<br \/>\n<sup>\u2020<\/sup>Pe\u0142ne informacje dotycz\u0105ce przepisywania mo\u017cna znale\u017a\u0107 na stronie internetowej www.exogen.com. Mo\u017cna je r\u00f3wnie\u017c uzyska\u0107, kontaktuj\u0105c si\u0119 telefonicznie z dzia\u0142em obs\u0142ugi klienta firmy Bioventus.<\/small>[\/vc_column_text][\/vc_column][\/vc_row][vc_row row_height_percent=&#8221;0&#8243; overlay_alpha=&#8221;50&#8243; gutter_size=&#8221;3&#8243; column_width_percent=&#8221;100&#8243; border_color=&#8221;color-gyho&#8221; border_style=&#8221;solid&#8221; shift_y=&#8221;0&#8243; z_index=&#8221;0&#8243; uncode_shortcode_id=&#8221;193465&#8243; css=&#8221;.vc_custom_1633696557289{margin-top: 40px !important;margin-bottom: 0px !important;border-top-width: 1px !important;}&#8221; el_id=&#8221;description_text&#8221; border_color_type=&#8221;uncode-palette&#8221;][vc_column width=&#8221;1\/1&#8243;][vc_column_text uncode_shortcode_id=&#8221;176828&#8243;]<strong style=\"margin-bottom: 15px;\">Summary of Indications for Use<\/strong><\/p>\n<p>The EXOGEN Ultrasound Bone Healing System is indicated for the non-invasive treatment of established nonunions* excluding skull and vertebra. The EXOGEN device has also been reported as effective as an adjunctive non-invasive treatment of established nonunions in patients:<\/p>\n<ul>\n<li>With internal or external fracture fixation hardware present. EXOGEN cannot penetrate metal and therefore should not be applied directly over hardware.<\/li>\n<li>Undergoing treatment for infection at the fracture site. EXOGEN is not intended to treat the infection.<\/li>\n<li>Believed to have diminished bone quality. EXOGEN is not intended to treat diminished bone quality.<\/li>\n<\/ul>\n<p>In addition, EXOGEN is indicated for accelerating the time to a healed fracture for fresh, closed, posteriorly displaced distal radius fractures and fresh, closed or Grade I open tibial diaphysis fractures in skeletally mature individuals when these fractures are orthopedically managed by closed reduction and cast immobilization.<\/p>\n<p>There are no known contraindications for the EXOGEN device. Safety and effectiveness have not been established for individuals lacking skeletal maturity, pregnant or nursing women, patients with cardiac pacemakers, on fractures due to bone cancer, or on patients with poor blood circulation or clotting problems. Some patients may be sensitive to the ultrasound gel.<\/p>\n<p>*A nonunion is considered to be established when the fracture site shows no visibly progressive signs of healing.<\/p>\n<p>Full prescribing information can be found in product labelling, at <a href=\"https:\/\/www.exogen.com\/\">EXOGEN.com<\/a>, or by calling Customer Service at <a href=\"tel:1-800-836-4080\"><strong>1-800-836-4080<\/strong><\/a>.[\/vc_column_text][\/vc_column][\/vc_row]<\/p>\n<\/div>","protected":false},"excerpt":{"rendered":"<p>[vc_row row_height_percent=&#8221;0&#8243; overlay_alpha=&#8221;50&#8243; gutter_size=&#8221;3&#8243; column_width_percent=&#8221;100&#8243; shift_y=&#8221;0&#8243; z_index=&#8221;0&#8243; uncode_shortcode_id=&#8221;141354&#8243; row_height_pixel=&#8221;145&#8243; back_color_type=&#8221;uncode-gradient&#8221; back_color_gradient=&#8221;{&#8222;css&#8222;:&#8222;background: linear-gradient(to bottom , rgb(211, 211, 211) , rgb(243, 240, [&hellip;]<\/p>\n","protected":false},"author":1,"featured_media":0,"parent":0,"menu_order":0,"comment_status":"closed","ping_status":"closed","template":"","meta":{"_acf_changed":false,"_five9_enable_chat":"","footnotes":""},"class_list":["post-1918","page","type-page","status-publish","hentry"],"acf":[],"yoast_head":"<!-- This site is optimized with the Yoast SEO plugin v27.3 - https:\/\/yoast.com\/product\/yoast-seo-wordpress\/ -->\n<title>Co to jest stymulator zrostu ko\u015bci? | EXOGEN Ultrad\u017awi\u0119kowy System Gojenia Ko\u015bci<\/title>\n<meta name=\"robots\" content=\"index, follow, max-snippet:-1, max-image-preview:large, max-video-preview:-1\" \/>\n<link rel=\"canonical\" href=\"https:\/\/www.exogen.com\/pl\/what-is-a-bone-stimulator\/\" \/>\n<meta property=\"og:locale\" content=\"pl_PL\" \/>\n<meta property=\"og:type\" content=\"article\" \/>\n<meta property=\"og:title\" content=\"Co to jest stymulator zrostu ko\u015bci? | EXOGEN Ultrad\u017awi\u0119kowy System Gojenia Ko\u015bci\" \/>\n<meta property=\"og:description\" content=\"[vc_row row_height_percent=&#8221;0&#8243; overlay_alpha=&#8221;50&#8243; gutter_size=&#8221;3&#8243; column_width_percent=&#8221;100&#8243; shift_y=&#8221;0&#8243; z_index=&#8221;0&#8243; uncode_shortcode_id=&#8221;141354&#8243; row_height_pixel=&#8221;145&#8243; back_color_type=&#8221;uncode-gradient&#8221; back_color_gradient=&#8221;{&#8222;css&#8222;:&#8222;background: linear-gradient(to bottom , rgb(211, 211, 211) , rgb(243, 240, [&hellip;]\" \/>\n<meta property=\"og:url\" content=\"https:\/\/www.exogen.com\/pl\/what-is-a-bone-stimulator\/\" \/>\n<meta property=\"og:site_name\" content=\"EXOGEN Ultrasound Bone Healing System\" \/>\n<meta property=\"article:publisher\" content=\"https:\/\/www.facebook.com\/exogenbonehealing\/\" \/>\n<meta property=\"article:modified_time\" content=\"2025-08-07T11:21:58+00:00\" \/>\n<meta name=\"twitter:card\" content=\"summary_large_image\" \/>\n<meta name=\"twitter:label1\" content=\"Szacowany czas czytania\" \/>\n\t<meta name=\"twitter:data1\" content=\"4 minuty\" \/>\n<script type=\"application\/ld+json\" class=\"yoast-schema-graph\">{\"@context\":\"https:\\\/\\\/schema.org\",\"@graph\":[{\"@type\":\"WebPage\",\"@id\":\"https:\\\/\\\/www.exogen.com\\\/pl\\\/what-is-a-bone-stimulator\\\/\",\"url\":\"https:\\\/\\\/www.exogen.com\\\/pl\\\/what-is-a-bone-stimulator\\\/\",\"name\":\"Co to jest stymulator zrostu ko\u015bci? | EXOGEN Ultrad\u017awi\u0119kowy System Gojenia Ko\u015bci\",\"isPartOf\":{\"@id\":\"https:\\\/\\\/www.exogen.com\\\/pl\\\/#website\"},\"datePublished\":\"2021-10-25T13:48:22+00:00\",\"dateModified\":\"2025-08-07T11:21:58+00:00\",\"breadcrumb\":{\"@id\":\"https:\\\/\\\/www.exogen.com\\\/pl\\\/what-is-a-bone-stimulator\\\/#breadcrumb\"},\"inLanguage\":\"pl-PL\",\"potentialAction\":[{\"@type\":\"ReadAction\",\"target\":[\"https:\\\/\\\/www.exogen.com\\\/pl\\\/what-is-a-bone-stimulator\\\/\"]}]},{\"@type\":\"BreadcrumbList\",\"@id\":\"https:\\\/\\\/www.exogen.com\\\/pl\\\/what-is-a-bone-stimulator\\\/#breadcrumb\",\"itemListElement\":[{\"@type\":\"ListItem\",\"position\":1,\"name\":\"Home\",\"item\":\"https:\\\/\\\/www.exogen.com\\\/pl\\\/\"},{\"@type\":\"ListItem\",\"position\":2,\"name\":\"Co to jest stymulator zrostu ko\u015bci?\"}]},{\"@type\":\"WebSite\",\"@id\":\"https:\\\/\\\/www.exogen.com\\\/pl\\\/#website\",\"url\":\"https:\\\/\\\/www.exogen.com\\\/pl\\\/\",\"name\":\"EXOGEN Ultrasound Bone Healing System\",\"description\":\"Ultrasound Bone Healing System\",\"publisher\":{\"@id\":\"https:\\\/\\\/www.exogen.com\\\/pl\\\/#organization\"},\"potentialAction\":[{\"@type\":\"SearchAction\",\"target\":{\"@type\":\"EntryPoint\",\"urlTemplate\":\"https:\\\/\\\/www.exogen.com\\\/pl\\\/?s={search_term_string}\"},\"query-input\":{\"@type\":\"PropertyValueSpecification\",\"valueRequired\":true,\"valueName\":\"search_term_string\"}}],\"inLanguage\":\"pl-PL\"},{\"@type\":\"Organization\",\"@id\":\"https:\\\/\\\/www.exogen.com\\\/pl\\\/#organization\",\"name\":\"EXOGEN\",\"url\":\"https:\\\/\\\/www.exogen.com\\\/pl\\\/\",\"logo\":{\"@type\":\"ImageObject\",\"inLanguage\":\"pl-PL\",\"@id\":\"https:\\\/\\\/www.exogen.com\\\/pl\\\/#\\\/schema\\\/logo\\\/image\\\/\",\"url\":\"https:\\\/\\\/www.exogen.com\\\/wp-content\\\/uploads\\\/2021\\\/10\\\/purple-logo.png\",\"contentUrl\":\"https:\\\/\\\/www.exogen.com\\\/wp-content\\\/uploads\\\/2021\\\/10\\\/purple-logo.png\",\"width\":264,\"height\":100,\"caption\":\"EXOGEN\"},\"image\":{\"@id\":\"https:\\\/\\\/www.exogen.com\\\/pl\\\/#\\\/schema\\\/logo\\\/image\\\/\"},\"sameAs\":[\"https:\\\/\\\/www.facebook.com\\\/exogenbonehealing\\\/\",\"https:\\\/\\\/www.instagram.com\\\/exogenbonehealing\\\/\",\"https:\\\/\\\/www.youtube.com\\\/channel\\\/UCP5jnVTUjZZKlr_b-mxr49w\"]}]}<\/script>\n<!-- \/ Yoast SEO plugin. -->","yoast_head_json":{"title":"Co to jest stymulator zrostu ko\u015bci? | EXOGEN Ultrad\u017awi\u0119kowy System Gojenia Ko\u015bci","robots":{"index":"index","follow":"follow","max-snippet":"max-snippet:-1","max-image-preview":"max-image-preview:large","max-video-preview":"max-video-preview:-1"},"canonical":"https:\/\/www.exogen.com\/pl\/what-is-a-bone-stimulator\/","og_locale":"pl_PL","og_type":"article","og_title":"Co to jest stymulator zrostu ko\u015bci? | EXOGEN Ultrad\u017awi\u0119kowy System Gojenia Ko\u015bci","og_description":"[vc_row row_height_percent=&#8221;0&#8243; overlay_alpha=&#8221;50&#8243; gutter_size=&#8221;3&#8243; column_width_percent=&#8221;100&#8243; shift_y=&#8221;0&#8243; z_index=&#8221;0&#8243; uncode_shortcode_id=&#8221;141354&#8243; row_height_pixel=&#8221;145&#8243; back_color_type=&#8221;uncode-gradient&#8221; back_color_gradient=&#8221;{&#8222;css&#8222;:&#8222;background: linear-gradient(to bottom , rgb(211, 211, 211) , rgb(243, 240, [&hellip;]","og_url":"https:\/\/www.exogen.com\/pl\/what-is-a-bone-stimulator\/","og_site_name":"EXOGEN Ultrasound Bone Healing System","article_publisher":"https:\/\/www.facebook.com\/exogenbonehealing\/","article_modified_time":"2025-08-07T11:21:58+00:00","twitter_card":"summary_large_image","twitter_misc":{"Szacowany czas czytania":"4 minuty"},"schema":{"@context":"https:\/\/schema.org","@graph":[{"@type":"WebPage","@id":"https:\/\/www.exogen.com\/pl\/what-is-a-bone-stimulator\/","url":"https:\/\/www.exogen.com\/pl\/what-is-a-bone-stimulator\/","name":"Co to jest stymulator zrostu ko\u015bci? | EXOGEN Ultrad\u017awi\u0119kowy System Gojenia Ko\u015bci","isPartOf":{"@id":"https:\/\/www.exogen.com\/pl\/#website"},"datePublished":"2021-10-25T13:48:22+00:00","dateModified":"2025-08-07T11:21:58+00:00","breadcrumb":{"@id":"https:\/\/www.exogen.com\/pl\/what-is-a-bone-stimulator\/#breadcrumb"},"inLanguage":"pl-PL","potentialAction":[{"@type":"ReadAction","target":["https:\/\/www.exogen.com\/pl\/what-is-a-bone-stimulator\/"]}]},{"@type":"BreadcrumbList","@id":"https:\/\/www.exogen.com\/pl\/what-is-a-bone-stimulator\/#breadcrumb","itemListElement":[{"@type":"ListItem","position":1,"name":"Home","item":"https:\/\/www.exogen.com\/pl\/"},{"@type":"ListItem","position":2,"name":"Co to jest stymulator zrostu ko\u015bci?"}]},{"@type":"WebSite","@id":"https:\/\/www.exogen.com\/pl\/#website","url":"https:\/\/www.exogen.com\/pl\/","name":"EXOGEN Ultrasound Bone Healing System","description":"Ultrasound Bone Healing System","publisher":{"@id":"https:\/\/www.exogen.com\/pl\/#organization"},"potentialAction":[{"@type":"SearchAction","target":{"@type":"EntryPoint","urlTemplate":"https:\/\/www.exogen.com\/pl\/?s={search_term_string}"},"query-input":{"@type":"PropertyValueSpecification","valueRequired":true,"valueName":"search_term_string"}}],"inLanguage":"pl-PL"},{"@type":"Organization","@id":"https:\/\/www.exogen.com\/pl\/#organization","name":"EXOGEN","url":"https:\/\/www.exogen.com\/pl\/","logo":{"@type":"ImageObject","inLanguage":"pl-PL","@id":"https:\/\/www.exogen.com\/pl\/#\/schema\/logo\/image\/","url":"https:\/\/www.exogen.com\/wp-content\/uploads\/2021\/10\/purple-logo.png","contentUrl":"https:\/\/www.exogen.com\/wp-content\/uploads\/2021\/10\/purple-logo.png","width":264,"height":100,"caption":"EXOGEN"},"image":{"@id":"https:\/\/www.exogen.com\/pl\/#\/schema\/logo\/image\/"},"sameAs":["https:\/\/www.facebook.com\/exogenbonehealing\/","https:\/\/www.instagram.com\/exogenbonehealing\/","https:\/\/www.youtube.com\/channel\/UCP5jnVTUjZZKlr_b-mxr49w"]}]}},"_links":{"self":[{"href":"https:\/\/www.exogen.com\/pl\/wp-json\/wp\/v2\/pages\/1918","targetHints":{"allow":["GET"]}}],"collection":[{"href":"https:\/\/www.exogen.com\/pl\/wp-json\/wp\/v2\/pages"}],"about":[{"href":"https:\/\/www.exogen.com\/pl\/wp-json\/wp\/v2\/types\/page"}],"author":[{"embeddable":true,"href":"https:\/\/www.exogen.com\/pl\/wp-json\/wp\/v2\/users\/1"}],"replies":[{"embeddable":true,"href":"https:\/\/www.exogen.com\/pl\/wp-json\/wp\/v2\/comments?post=1918"}],"version-history":[{"count":0,"href":"https:\/\/www.exogen.com\/pl\/wp-json\/wp\/v2\/pages\/1918\/revisions"}],"wp:attachment":[{"href":"https:\/\/www.exogen.com\/pl\/wp-json\/wp\/v2\/media?parent=1918"}],"curies":[{"name":"wp","href":"https:\/\/api.w.org\/{rel}","templated":true}]}}