{"id":3473,"date":"2021-10-08T13:47:51","date_gmt":"2021-10-08T13:47:51","guid":{"rendered":"https:\/\/exogen.com\/faqs\/"},"modified":"2025-08-22T11:46:11","modified_gmt":"2025-08-22T11:46:11","slug":"faqs","status":"publish","type":"page","link":"https:\/\/www.exogen.com\/pl\/faqs\/","title":{"rendered":"FAQs"},"content":{"rendered":"<div class=\"wpb-content-wrapper\"><p>[vc_row row_height_percent=&#8221;0&#8243; back_image=&#8221;11239&#8243; back_repeat=&#8221;no-repeat&#8221; back_position=&#8221;center center&#8221; overlay_alpha=&#8221;50&#8243; gutter_size=&#8221;3&#8243; column_width_percent=&#8221;100&#8243; shift_y=&#8221;0&#8243; z_index=&#8221;0&#8243; content_parallax=&#8221;0&#8243; uncode_shortcode_id=&#8221;836078&#8243; row_height_pixel=&#8221;460&#8243; back_size=&#8221;cover&#8221; el_class=&#8221;inner-banner&#8221; css=&#8221;.vc_custom_1755863165900{margin-top: 88px !important;margin-bottom: 44px !important;}&#8221;][vc_column column_width_percent=&#8221;100&#8243; position_vertical=&#8221;middle&#8221; gutter_size=&#8221;3&#8243; overlay_alpha=&#8221;50&#8243; shift_x=&#8221;0&#8243; shift_y=&#8221;0&#8243; shift_y_down=&#8221;0&#8243; z_index=&#8221;0&#8243; medium_width=&#8221;0&#8243; mobile_width=&#8221;0&#8243; width=&#8221;1\/2&#8243; uncode_shortcode_id=&#8221;652607&#8243;][vc_custom_heading text_color=&#8221;color-xsdn&#8221; heading_semantic=&#8221;h1&#8243; text_size=&#8221;fontsize-942846&#8243; text_weight=&#8221;400&#8243; text_transform=&#8221;uppercase&#8221; text_height=&#8221;fontheight-667169&#8243; uncode_shortcode_id=&#8221;208910&#8243; text_color_type=&#8221;uncode-palette&#8221;]Cz\u0119sto zadawane <span style=\"font-weight: 700 !important;\">pytania<\/span>[\/vc_custom_heading][vc_button size=&#8221;btn-lg&#8221; radius=&#8221;btn-circle&#8221; hover_fx=&#8221;outlined&#8221; border_width=&#8221;1&#8243; icon_position=&#8221;right&#8221; uncode_shortcode_id=&#8221;356631&#8243; button_color_type=&#8221;uncode-solid&#8221; icon=&#8221;fa fa-arrow-right2&#8243; link=&#8221;url:%2Fpl%2Fhow-to-get-exogen%2F&#8221; button_color_solid=&#8221;rgba(0,0,0,0.01)&#8221; el_id=&#8221;button-transparent&#8221;]Kup urz\u0105dzenie EXOGEN ju\u017c teraz[\/vc_button][\/vc_column][vc_column width=&#8221;1\/2&#8243;][\/vc_column][\/vc_row][vc_row row_height_percent=&#8221;0&#8243; overlay_alpha=&#8221;50&#8243; gutter_size=&#8221;4&#8243; column_width_percent=&#8221;100&#8243; shift_y=&#8221;0&#8243; z_index=&#8221;0&#8243; uncode_shortcode_id=&#8221;900682&#8243;][vc_column width=&#8221;8\/12&#8243;][vc_custom_heading text_color=&#8221;color-107303&#8243; heading_semantic=&#8221;h3&#8243; text_font=&#8221;font-559666&#8243; text_size=&#8221;fontsize-950476&#8243; text_weight=&#8221;700&#8243; text_height=&#8221;fontheight-143712&#8243; uncode_shortcode_id=&#8221;103805&#8243; text_color_type=&#8221;uncode-palette&#8221;]Gojenie z\u0142amania[\/vc_custom_heading][vc_accordion sign=&#8221;plus&#8221; el_class=&#8221;faq-wrapper&#8221;][vc_accordion_tab gutter_size=&#8221;2&#8243; column_padding=&#8221;2&#8243; title=&#8221;Co to jest z\u0142amanie?&#8221; tab_id=&#8221;1633691501-1-1616337001838181633700902267&#8243;][vc_column_text uncode_shortcode_id=&#8221;120100&#8243;]Z medycznego punktu widzenia z\u0142amanie to naruszenie ci\u0105g\u0142o\u015bci ko\u015bci. Z\u0142amana ko\u015b\u0107, uszkodzona ko\u015b\u0107, p\u0119kni\u0119ta ko\u015b\u0107 \u2014 wszystkie te okre\u015blenia maj\u0105 podobne znaczenie i dotycz\u0105 ko\u015bci, kt\u00f3ra zosta\u0142a uszkodzona i naruszona<sup><a href=\"\/pl\/references\/\">42<\/a><\/sup>[\/vc_column_text][\/vc_accordion_tab][vc_accordion_tab gutter_size=&#8221;2&#8243; column_padding=&#8221;2&#8243; title=&#8221;Czy z\u0142amana ko\u015b\u0107 boli podczas gojenia?&#8221; tab_id=&#8221;1633691501-2-5716337001838181633700902267&#8243;][vc_column_text uncode_shortcode_id=&#8221;130423&#8243;]Tak, wi\u0119kszo\u015b\u0107 os\u00f3b odczuwa b\u00f3l w\u00a0przypadku z\u0142amania ko\u015bci. B\u00f3l jest naturaln\u0105 reakcj\u0105 organizmu na z\u0142amanie ko\u015bci.<sup><a href=\"\/pl\/references\/\">43<\/a><\/sup><br \/>\nPo wyst\u0105pieniu z\u0142amania ko\u015bci wyr\u00f3\u017cnia si\u0119 trzy fazy b\u00f3lu. S\u0105 one okre\u015blane jako b\u00f3l ostry, podostry i przewlek\u0142y<sup><a href=\"\/pl\/references\/\">43<\/a><\/sup><br \/>\nInne bolesne objawy, kt\u00f3re mog\u0105 si\u0119 pojawi\u0107, zale\u017c\u0105 cz\u0119\u015bciowo od tego, kt\u00f3ra ko\u015b\u0107 uleg\u0142a z\u0142amaniu i jaka jest rozleg\u0142o\u015b\u0107 urazu, obejmuj\u0105 zasinienie, sztywno\u015b\u0107, obrz\u0119k i os\u0142abienie<sup><a href=\"\/pl\/references\/\">44<\/a><\/sup><br \/>\nChcesz dowiedzie\u0107 si\u0119 wi\u0119cej? <a href=\"\/pl\/does-a-broken-bone-hurt-when-healing\/\">Kliknij tutaj, aby przeczyta\u0107 pe\u0142n\u0105 wersj\u0119 artyku\u0142u na temat b\u00f3lu powodowanego przez z\u0142amanie ko\u015bci.<\/a>[\/vc_column_text][\/vc_accordion_tab][vc_accordion_tab gutter_size=&#8221;2&#8243; column_padding=&#8221;2&#8243; title=&#8221;Czy istniej\u0105 sposoby na przyspieszenie gojenia tkanki kostnej?&#8221; tab_id=&#8221;1633693522943-2-916337001838181633700902267&#8243;][vc_column_text uncode_shortcode_id=&#8221;136975&#8243;]Cho\u0107 czas gojenia z\u0142amanej ko\u015bci r\u00f3\u017cni si\u0119 u poszczeg\u00f3lnych os\u00f3b, osi\u0105gni\u0119cie znacz\u0105cego stopnia wygojenia mo\u017ce zaj\u0105\u0107 od trzech do sze\u015bciu miesi\u0119cy<sup><a href=\"\/pl\/references\/\">46<\/a><\/sup><\/p>\n<p>Je\u015bli taki okres ograniczenia aktywno\u015bci jest dla danej osoby zbyt d\u0142ugi, istnieje kilka profesjonalnych sposob\u00f3w na przyspieszenie procesu gojenia tkanki kostnej. Potencjalne sposoby leczenia, kt\u00f3re przyspieszaj\u0105 proces gojenia tkanki kostnej, obejmuj\u0105 \u0107wiczenia, fizjoterapi\u0119 i stosowanie stymulatora zrostu ko\u015bci EXOGEN<sup><a href=\"\/pl\/references\/\">1,2,43<\/a><\/sup><\/p>\n<p><a href=\"\/pl\/are-there-ways-to-speed-up-bone-healing\/\">Kliknij tutaj, aby przeczyta\u0107 pe\u0142n\u0105 wersj\u0119 artyku\u0142u na temat sposob\u00f3w przyspieszenia gojenia tkanki kostnej.<\/a>[\/vc_column_text][\/vc_accordion_tab][\/vc_accordion][vc_empty_space empty_h=&#8221;2&#8243;][vc_custom_heading text_color=&#8221;color-107303&#8243; heading_semantic=&#8221;h3&#8243; text_font=&#8221;font-559666&#8243; text_size=&#8221;fontsize-950476&#8243; text_weight=&#8221;700&#8243; text_height=&#8221;fontheight-143712&#8243; uncode_shortcode_id=&#8221;185116&#8243; text_color_type=&#8221;uncode-palette&#8221;]Stosowanie urz\u0105dzenia EXOGEN do leczenia z\u0142amania[\/vc_custom_heading][vc_accordion sign=&#8221;plus&#8221; el_class=&#8221;faq-wrapper&#8221; active_tab=&#8221;#&#8221;][vc_accordion_tab gutter_size=&#8221;2&#8243; column_padding=&#8221;2&#8243; title=&#8221;Co to jest stymulator zrostu ko\u015bci?&#8221; tab_id=&#8221;1633694628-1-9316337001838181633700902267&#8243;][vc_column_text uncode_shortcode_id=&#8221;301393&#8243;]Stymulatory zrostu ko\u015bci to urz\u0105dzenia, kt\u00f3re wspomagaj\u0105 gojenie tkanki kostnej wed\u0142ug wskaza\u0144 za pomoc\u0105 p\u00f3l energetycznych kierowanych do miejsc, w kt\u00f3rych wyst\u0119puj\u0105 ostre z\u0142amania i brak zrostu po z\u0142amaniu<sup><a href=\"\/pl\/references\/\">48<\/a><\/sup><\/p>\n<p><a href=\"\/pl\/what-is-a-bone-stimulator\/\">Kliknij tutaj, aby przeczyta\u0107 pe\u0142n\u0105 wersj\u0119 artyku\u0142u na temat stymulator\u00f3w zrostu ko\u015bci.<\/a>[\/vc_column_text][\/vc_accordion_tab][vc_accordion_tab gutter_size=&#8221;2&#8243; column_padding=&#8221;2&#8243; title=&#8221;Czy leczenie przy u\u017cyciu urz\u0105dzenia EXOGEN jest bolesne?&#8221; tab_id=&#8221;1633695962047-2-616337001838181633700902267&#8243;][vc_column_text uncode_shortcode_id=&#8221;201206&#8243;]Wi\u0119kszo\u015b\u0107 pacjent\u00f3w nie odczuwa \u017cadnych dolegliwo\u015bci w miejscu poddawanym leczeniu.[\/vc_column_text][\/vc_accordion_tab][vc_accordion_tab gutter_size=&#8221;2&#8243; column_padding=&#8221;2&#8243; title=&#8221;Co zrobi\u0107, je\u015bli pomin\u0119 sesj\u0119 terapeutyczn\u0105?&#8221; tab_id=&#8221;1633695978326-3-916337001838181633700902267&#8243;][vc_column_text uncode_shortcode_id=&#8221;926605&#8243;]Nale\u017cy postara\u0107 si\u0119 jak najszybciej wr\u00f3ci\u0107 do harmonogramu sesji. Aby przestrzega\u0107 tego harmonogramu, nale\u017cy ustali\u0107 na podstawie kalendarza \u015bledzenia terapii w urz\u0105dzeniu EXOGEN dogodn\u0105 por\u0119 stosowania urz\u0105dzenia ka\u017cdego dnia. Mo\u017cna te\u017c pobra\u0107 bezp\u0142atn\u0105 aplikacj\u0119 do wysy\u0142ania przypomnie\u0144 o terapii \u2014 EXOGEN CONNECTS (ze sklepu<a href=\"https:\/\/apps.apple.com\/us\/app\/exogen-connects-us-version\/id887605150\" target=\"_blank\" rel=\"noopener\"> Apple App Store<\/a>, lub <a href=\"https:\/\/play.google.com\/store\/apps\/details?id=com.exogenus.app\" target=\"_blank\" rel=\"noopener\">Google Play<\/a> )[\/vc_column_text][\/vc_accordion_tab][vc_accordion_tab gutter_size=&#8221;2&#8243; column_padding=&#8221;2&#8243; title=&#8221;Czy istniej\u0105 przeciwwskazania do stosowania urz\u0105dzenia EXOGEN?&#8221; tab_id=&#8221;1633695996230-4-1016337001838181633700902267&#8243;][vc_column_text uncode_shortcode_id=&#8221;744380&#8243;]Nie s\u0105 znane \u017cadne przeciwwskazania do stosowania urz\u0105dzenia EXOGEN. W ulotce informacyjnej urz\u0105dzenia EXOGEN, w cz\u0119\u015bci \u015arodki ostro\u017cno\u015bci i ostrze\u017cenia, opisano sytuacje, w kt\u00f3rych nie ustalono bezpiecze\u0144stwa i skuteczno\u015bci urz\u0105dzenia EXOGEN, takie jak np. przyjmowanie konkretnych rodzaj\u00f3w lek\u00f3w lub problemy medyczne inne ni\u017c z\u0142amania.[\/vc_column_text][\/vc_accordion_tab][vc_accordion_tab gutter_size=&#8221;2&#8243; column_padding=&#8221;2&#8243; title=&#8221;Jak d\u0142ugo nale\u017cy korzysta\u0107 z aparatu EXOGEN?&#8221; tab_id=&#8221;1633701182350-5-10&#8243;][vc_column_text uncode_shortcode_id=&#8221;141290&#8243;]R\u00f3\u017cne z\u0142amania goj\u0105 si\u0119 w\u00a0r\u00f3\u017cnym czasie. Lekarz ustali niezb\u0119dn\u0105 d\u0142ugo\u015b\u0107 leczenia podczas wizyt kontrolnych.[\/vc_column_text][\/vc_accordion_tab][\/vc_accordion][vc_empty_space empty_h=&#8221;2&#8243;][vc_custom_heading text_color=&#8221;color-107303&#8243; heading_semantic=&#8221;h3&#8243; text_font=&#8221;font-559666&#8243; text_size=&#8221;fontsize-950476&#8243; text_weight=&#8221;700&#8243; text_height=&#8221;fontheight-143712&#8243; uncode_shortcode_id=&#8221;118343&#8243; text_color_type=&#8221;uncode-palette&#8221;]Centrum serwisowe[\/vc_custom_heading][vc_accordion sign=&#8221;plus&#8221; el_class=&#8221;faq-wrapper&#8221; active_tab=&#8221;#&#8221;][vc_accordion_tab gutter_size=&#8221;2&#8243; column_padding=&#8221;2&#8243; title=&#8221;Co si\u0119 stanie, je\u015bli sko\u0144czy mi si\u0119 \u017cel przewodz\u0105cy?&#8221; tab_id=&#8221;1633696683-1-3116337001838181633700902267&#8243;][vc_column_text uncode_shortcode_id=&#8221;209486&#8243;]Zamiast \u017celu przewodz\u0105cego dostarczanego z urz\u0105dzeniem EXOGEN mo\u017cna u\u017cy\u0107 oleju mineralnego. Natomiast wazelina nie jest odpowiednim zamiennikiem. Mo\u017cna te\u017c zam\u00f3wi\u0107 \u017cel przewodz\u0105cy, dzwoni\u0105c do dzia\u0142u obs\u0142ugi klienta firmy Bioventus pod numer <a href=\"tel:+48 22 364 44 74\">+48 22 364 44 74<\/a>.[\/vc_column_text][\/vc_accordion_tab][vc_accordion_tab gutter_size=&#8221;2&#8243; column_padding=&#8221;2&#8243; title=&#8221;Gdzie mog\u0119 uzyska\u0107 odpowiedzi na pytania dotycz\u0105ce urz\u0105dzenia EXOGEN?&#8221; tab_id=&#8221;1633696683-2-9716337001838181633700902267&#8243;][vc_column_text uncode_shortcode_id=&#8221;205672&#8243;]Prosimy o kontakt telefoniczny z dzia\u0142em obs\u0142ugi klienta firmy Bioventus pod numerem telefonu <a href=\"tel:+48 22 364 44 74\">+48 22 364 44 74<\/a>.[\/vc_column_text][\/vc_accordion_tab][\/vc_accordion][\/vc_column][vc_column width=&#8221;4\/12&#8243;][vc_single_image media=&#8221;127&#8243; media_width_percent=&#8221;100&#8243; uncode_shortcode_id=&#8221;155189&#8243;][vc_row_inner row_inner_height_percent=&#8221;0&#8243; overlay_alpha=&#8221;50&#8243; gutter_size=&#8221;3&#8243; shift_y=&#8221;0&#8243; z_index=&#8221;0&#8243; uncode_shortcode_id=&#8221;174241&#8243; css=&#8221;.vc_custom_1633693982448{margin-top: 0px !important;}&#8221; limit_content=&#8221;&#8221;][vc_column_inner column_width_percent=&#8221;100&#8243; gutter_size=&#8221;3&#8243; back_color=&#8221;color-763025&#8243; overlay_alpha=&#8221;50&#8243; shift_x=&#8221;0&#8243; shift_y=&#8221;0&#8243; shift_y_down=&#8221;0&#8243; z_index=&#8221;0&#8243; medium_width=&#8221;0&#8243; mobile_width=&#8221;0&#8243; width=&#8221;1\/1&#8243; uncode_shortcode_id=&#8221;253682&#8243; back_color_type=&#8221;uncode-palette&#8221;][vc_custom_heading text_color=&#8221;color-nhtu&#8221; heading_semantic=&#8221;h4&#8243; text_font=&#8221;font-559666&#8243; text_size=&#8221;h4&#8243; text_weight=&#8221;700&#8243; text_height=&#8221;fontheight-143712&#8243; uncode_shortcode_id=&#8221;170492&#8243; text_color_type=&#8221;uncode-palette&#8221;]Nie mo\u017cesz znale\u017a\u0107 odpowiedzi na swoje pytanie?[\/vc_custom_heading][vc_column_text uncode_shortcode_id=&#8221;158297&#8243; css=&#8221;.vc_custom_1645471922410{margin-top: 0px !important;margin-bottom: 0px !important;padding-top: 0px !important;padding-bottom: 0px !important;}&#8221;]Skontaktuj si\u0119 z nami[\/vc_column_text][vc_button button_color=&#8221;color-207599&#8243; size=&#8221;btn-sm&#8221; radius=&#8221;btn-circle&#8221; hover_fx=&#8221;full-colored&#8221; border_width=&#8221;0&#8243; icon_position=&#8221;right&#8221; uncode_shortcode_id=&#8221;566975&#8243; button_color_type=&#8221;uncode-palette&#8221; icon=&#8221;fa fa-arrow-right2&#8243; link=&#8221;url:%2Fpl%2Fcontact-us%2F&#8221;]Skontaktuj si\u0119 z nami[\/vc_button][\/vc_column_inner][\/vc_row_inner][\/vc_column][\/vc_row][vc_row row_height_percent=&#8221;0&#8243; overlay_alpha=&#8221;50&#8243; gutter_size=&#8221;3&#8243; column_width_percent=&#8221;100&#8243; border_color=&#8221;color-gyho&#8221; border_style=&#8221;solid&#8221; shift_y=&#8221;0&#8243; z_index=&#8221;0&#8243; uncode_shortcode_id=&#8221;193465&#8243; css=&#8221;.vc_custom_1633696557289{margin-top: 40px !important;margin-bottom: 0px !important;border-top-width: 1px !important;}&#8221; el_id=&#8221;description_text&#8221; border_color_type=&#8221;uncode-palette&#8221;][vc_column width=&#8221;1\/1&#8243;][vc_column_text uncode_shortcode_id=&#8221;201223&#8243;]<strong style=\"margin-bottom: 15px;\">Summary of Indications for Use<\/strong><\/p>\n<p>The EXOGEN Ultrasound Bone Healing System is indicated for the non-invasive treatment of established nonunions* excluding skull and vertebra. The EXOGEN device has also been reported as effective as an adjunctive non-invasive treatment of established nonunions in patients:<\/p>\n<ul>\n<li>With internal or external fracture fixation hardware present. EXOGEN cannot penetrate metal and therefore should not be applied directly over hardware.<\/li>\n<li>Undergoing treatment for infection at the fracture site. EXOGEN is not intended to treat the infection.<\/li>\n<li>Believed to have diminished bone quality. EXOGEN is not intended to treat diminished bone quality.<\/li>\n<\/ul>\n<p>In addition, EXOGEN is indicated for accelerating the time to a healed fracture for fresh, closed, posteriorly displaced distal radius fractures and fresh, closed or Grade I open tibial diaphysis fractures in skeletally mature individuals when these fractures are orthopedically managed by closed reduction and cast immobilization.<\/p>\n<p>There are no known contraindications for the EXOGEN device. Safety and effectiveness have not been established for individuals lacking skeletal maturity, pregnant or nursing women, patients with cardiac pacemakers, on fractures due to bone cancer, or on patients with poor blood circulation or clotting problems. Some patients may be sensitive to the ultrasound gel.<\/p>\n<p>*A nonunion is considered to be established when the fracture site shows no visibly progressive signs of healing.<\/p>\n<p>Full prescribing information can be found in product labelling, at <a href=\"https:\/\/www.exogen.com\/\">EXOGEN.com<\/a>, or by calling Customer Service at <a href=\"tel:1-800-836-4080\"><strong>1-800-836-4080<\/strong><\/a>.[\/vc_column_text][\/vc_column][\/vc_row]<\/p>\n<\/div>","protected":false},"excerpt":{"rendered":"<p>[vc_row row_height_percent=&#8221;0&#8243; back_image=&#8221;11239&#8243; back_repeat=&#8221;no-repeat&#8221; back_position=&#8221;center center&#8221; overlay_alpha=&#8221;50&#8243; gutter_size=&#8221;3&#8243; column_width_percent=&#8221;100&#8243; shift_y=&#8221;0&#8243; z_index=&#8221;0&#8243; content_parallax=&#8221;0&#8243; uncode_shortcode_id=&#8221;836078&#8243; row_height_pixel=&#8221;460&#8243; back_size=&#8221;cover&#8221; el_class=&#8221;inner-banner&#8221; css=&#8221;.vc_custom_1755863165900{margin-top: 88px !important;margin-bottom: 44px [&hellip;]<\/p>\n","protected":false},"author":1,"featured_media":0,"parent":0,"menu_order":0,"comment_status":"closed","ping_status":"closed","template":"","meta":{"_acf_changed":false,"_five9_enable_chat":"","footnotes":""},"class_list":["post-3473","page","type-page","status-publish","hentry"],"acf":[],"yoast_head":"<!-- This site is optimized with the Yoast SEO plugin v27.3 - https:\/\/yoast.com\/product\/yoast-seo-wordpress\/ -->\n<title>Cz\u0119sto zadawane pytania - EXOGEN Ultrad\u017awi\u0119kowy System Gojenia Ko\u015bci<\/title>\n<meta name=\"robots\" content=\"index, follow, max-snippet:-1, max-image-preview:large, max-video-preview:-1\" \/>\n<link rel=\"canonical\" href=\"https:\/\/www.exogen.com\/pl\/faqs\/\" \/>\n<meta property=\"og:locale\" content=\"pl_PL\" \/>\n<meta property=\"og:type\" content=\"article\" \/>\n<meta property=\"og:title\" content=\"Cz\u0119sto zadawane pytania - EXOGEN Ultrad\u017awi\u0119kowy System Gojenia Ko\u015bci\" \/>\n<meta property=\"og:description\" content=\"[vc_row row_height_percent=&#8221;0&#8243; back_image=&#8221;11239&#8243; back_repeat=&#8221;no-repeat&#8221; back_position=&#8221;center center&#8221; overlay_alpha=&#8221;50&#8243; gutter_size=&#8221;3&#8243; column_width_percent=&#8221;100&#8243; shift_y=&#8221;0&#8243; z_index=&#8221;0&#8243; content_parallax=&#8221;0&#8243; uncode_shortcode_id=&#8221;836078&#8243; row_height_pixel=&#8221;460&#8243; back_size=&#8221;cover&#8221; el_class=&#8221;inner-banner&#8221; css=&#8221;.vc_custom_1755863165900{margin-top: 88px !important;margin-bottom: 44px [&hellip;]\" \/>\n<meta property=\"og:url\" content=\"https:\/\/www.exogen.com\/pl\/faqs\/\" \/>\n<meta property=\"og:site_name\" content=\"EXOGEN Ultrasound Bone Healing System\" \/>\n<meta property=\"article:publisher\" content=\"https:\/\/www.facebook.com\/exogenbonehealing\/\" \/>\n<meta property=\"article:modified_time\" content=\"2025-08-22T11:46:11+00:00\" \/>\n<meta name=\"twitter:card\" content=\"summary_large_image\" \/>\n<meta name=\"twitter:label1\" content=\"Szacowany czas czytania\" \/>\n\t<meta name=\"twitter:data1\" content=\"5 minut\" \/>\n<script type=\"application\/ld+json\" class=\"yoast-schema-graph\">{\"@context\":\"https:\\\/\\\/schema.org\",\"@graph\":[{\"@type\":\"WebPage\",\"@id\":\"https:\\\/\\\/www.exogen.com\\\/pl\\\/faqs\\\/\",\"url\":\"https:\\\/\\\/www.exogen.com\\\/pl\\\/faqs\\\/\",\"name\":\"Cz\u0119sto zadawane pytania - EXOGEN Ultrad\u017awi\u0119kowy System Gojenia Ko\u015bci\",\"isPartOf\":{\"@id\":\"https:\\\/\\\/www.exogen.com\\\/pl\\\/#website\"},\"datePublished\":\"2021-10-08T13:47:51+00:00\",\"dateModified\":\"2025-08-22T11:46:11+00:00\",\"breadcrumb\":{\"@id\":\"https:\\\/\\\/www.exogen.com\\\/pl\\\/faqs\\\/#breadcrumb\"},\"inLanguage\":\"pl-PL\",\"potentialAction\":[{\"@type\":\"ReadAction\",\"target\":[\"https:\\\/\\\/www.exogen.com\\\/pl\\\/faqs\\\/\"]}]},{\"@type\":\"BreadcrumbList\",\"@id\":\"https:\\\/\\\/www.exogen.com\\\/pl\\\/faqs\\\/#breadcrumb\",\"itemListElement\":[{\"@type\":\"ListItem\",\"position\":1,\"name\":\"Home\",\"item\":\"https:\\\/\\\/www.exogen.com\\\/pl\\\/\"},{\"@type\":\"ListItem\",\"position\":2,\"name\":\"FAQs\"}]},{\"@type\":\"WebSite\",\"@id\":\"https:\\\/\\\/www.exogen.com\\\/pl\\\/#website\",\"url\":\"https:\\\/\\\/www.exogen.com\\\/pl\\\/\",\"name\":\"EXOGEN Ultrasound Bone Healing System\",\"description\":\"Ultrasound Bone Healing System\",\"publisher\":{\"@id\":\"https:\\\/\\\/www.exogen.com\\\/pl\\\/#organization\"},\"potentialAction\":[{\"@type\":\"SearchAction\",\"target\":{\"@type\":\"EntryPoint\",\"urlTemplate\":\"https:\\\/\\\/www.exogen.com\\\/pl\\\/?s={search_term_string}\"},\"query-input\":{\"@type\":\"PropertyValueSpecification\",\"valueRequired\":true,\"valueName\":\"search_term_string\"}}],\"inLanguage\":\"pl-PL\"},{\"@type\":\"Organization\",\"@id\":\"https:\\\/\\\/www.exogen.com\\\/pl\\\/#organization\",\"name\":\"EXOGEN\",\"url\":\"https:\\\/\\\/www.exogen.com\\\/pl\\\/\",\"logo\":{\"@type\":\"ImageObject\",\"inLanguage\":\"pl-PL\",\"@id\":\"https:\\\/\\\/www.exogen.com\\\/pl\\\/#\\\/schema\\\/logo\\\/image\\\/\",\"url\":\"https:\\\/\\\/www.exogen.com\\\/wp-content\\\/uploads\\\/2021\\\/10\\\/purple-logo.png\",\"contentUrl\":\"https:\\\/\\\/www.exogen.com\\\/wp-content\\\/uploads\\\/2021\\\/10\\\/purple-logo.png\",\"width\":264,\"height\":100,\"caption\":\"EXOGEN\"},\"image\":{\"@id\":\"https:\\\/\\\/www.exogen.com\\\/pl\\\/#\\\/schema\\\/logo\\\/image\\\/\"},\"sameAs\":[\"https:\\\/\\\/www.facebook.com\\\/exogenbonehealing\\\/\",\"https:\\\/\\\/www.instagram.com\\\/exogenbonehealing\\\/\",\"https:\\\/\\\/www.youtube.com\\\/channel\\\/UCP5jnVTUjZZKlr_b-mxr49w\"]}]}<\/script>\n<!-- \/ Yoast SEO plugin. -->","yoast_head_json":{"title":"Cz\u0119sto zadawane pytania - EXOGEN Ultrad\u017awi\u0119kowy System Gojenia Ko\u015bci","robots":{"index":"index","follow":"follow","max-snippet":"max-snippet:-1","max-image-preview":"max-image-preview:large","max-video-preview":"max-video-preview:-1"},"canonical":"https:\/\/www.exogen.com\/pl\/faqs\/","og_locale":"pl_PL","og_type":"article","og_title":"Cz\u0119sto zadawane pytania - EXOGEN Ultrad\u017awi\u0119kowy System Gojenia Ko\u015bci","og_description":"[vc_row row_height_percent=&#8221;0&#8243; back_image=&#8221;11239&#8243; back_repeat=&#8221;no-repeat&#8221; back_position=&#8221;center center&#8221; overlay_alpha=&#8221;50&#8243; gutter_size=&#8221;3&#8243; column_width_percent=&#8221;100&#8243; shift_y=&#8221;0&#8243; z_index=&#8221;0&#8243; content_parallax=&#8221;0&#8243; uncode_shortcode_id=&#8221;836078&#8243; row_height_pixel=&#8221;460&#8243; back_size=&#8221;cover&#8221; el_class=&#8221;inner-banner&#8221; css=&#8221;.vc_custom_1755863165900{margin-top: 88px !important;margin-bottom: 44px [&hellip;]","og_url":"https:\/\/www.exogen.com\/pl\/faqs\/","og_site_name":"EXOGEN Ultrasound Bone Healing System","article_publisher":"https:\/\/www.facebook.com\/exogenbonehealing\/","article_modified_time":"2025-08-22T11:46:11+00:00","twitter_card":"summary_large_image","twitter_misc":{"Szacowany czas czytania":"5 minut"},"schema":{"@context":"https:\/\/schema.org","@graph":[{"@type":"WebPage","@id":"https:\/\/www.exogen.com\/pl\/faqs\/","url":"https:\/\/www.exogen.com\/pl\/faqs\/","name":"Cz\u0119sto zadawane pytania - EXOGEN Ultrad\u017awi\u0119kowy System Gojenia Ko\u015bci","isPartOf":{"@id":"https:\/\/www.exogen.com\/pl\/#website"},"datePublished":"2021-10-08T13:47:51+00:00","dateModified":"2025-08-22T11:46:11+00:00","breadcrumb":{"@id":"https:\/\/www.exogen.com\/pl\/faqs\/#breadcrumb"},"inLanguage":"pl-PL","potentialAction":[{"@type":"ReadAction","target":["https:\/\/www.exogen.com\/pl\/faqs\/"]}]},{"@type":"BreadcrumbList","@id":"https:\/\/www.exogen.com\/pl\/faqs\/#breadcrumb","itemListElement":[{"@type":"ListItem","position":1,"name":"Home","item":"https:\/\/www.exogen.com\/pl\/"},{"@type":"ListItem","position":2,"name":"FAQs"}]},{"@type":"WebSite","@id":"https:\/\/www.exogen.com\/pl\/#website","url":"https:\/\/www.exogen.com\/pl\/","name":"EXOGEN Ultrasound Bone Healing System","description":"Ultrasound Bone Healing System","publisher":{"@id":"https:\/\/www.exogen.com\/pl\/#organization"},"potentialAction":[{"@type":"SearchAction","target":{"@type":"EntryPoint","urlTemplate":"https:\/\/www.exogen.com\/pl\/?s={search_term_string}"},"query-input":{"@type":"PropertyValueSpecification","valueRequired":true,"valueName":"search_term_string"}}],"inLanguage":"pl-PL"},{"@type":"Organization","@id":"https:\/\/www.exogen.com\/pl\/#organization","name":"EXOGEN","url":"https:\/\/www.exogen.com\/pl\/","logo":{"@type":"ImageObject","inLanguage":"pl-PL","@id":"https:\/\/www.exogen.com\/pl\/#\/schema\/logo\/image\/","url":"https:\/\/www.exogen.com\/wp-content\/uploads\/2021\/10\/purple-logo.png","contentUrl":"https:\/\/www.exogen.com\/wp-content\/uploads\/2021\/10\/purple-logo.png","width":264,"height":100,"caption":"EXOGEN"},"image":{"@id":"https:\/\/www.exogen.com\/pl\/#\/schema\/logo\/image\/"},"sameAs":["https:\/\/www.facebook.com\/exogenbonehealing\/","https:\/\/www.instagram.com\/exogenbonehealing\/","https:\/\/www.youtube.com\/channel\/UCP5jnVTUjZZKlr_b-mxr49w"]}]}},"_links":{"self":[{"href":"https:\/\/www.exogen.com\/pl\/wp-json\/wp\/v2\/pages\/3473","targetHints":{"allow":["GET"]}}],"collection":[{"href":"https:\/\/www.exogen.com\/pl\/wp-json\/wp\/v2\/pages"}],"about":[{"href":"https:\/\/www.exogen.com\/pl\/wp-json\/wp\/v2\/types\/page"}],"author":[{"embeddable":true,"href":"https:\/\/www.exogen.com\/pl\/wp-json\/wp\/v2\/users\/1"}],"replies":[{"embeddable":true,"href":"https:\/\/www.exogen.com\/pl\/wp-json\/wp\/v2\/comments?post=3473"}],"version-history":[{"count":0,"href":"https:\/\/www.exogen.com\/pl\/wp-json\/wp\/v2\/pages\/3473\/revisions"}],"wp:attachment":[{"href":"https:\/\/www.exogen.com\/pl\/wp-json\/wp\/v2\/media?parent=3473"}],"curies":[{"name":"wp","href":"https:\/\/api.w.org\/{rel}","templated":true}]}}