{"id":3481,"date":"2021-10-08T13:34:35","date_gmt":"2021-10-08T13:34:35","guid":{"rendered":"https:\/\/exogen.com\/frequently-asked-questions\/"},"modified":"2025-08-22T13:20:35","modified_gmt":"2025-08-22T13:20:35","slug":"frequently-asked-questions","status":"publish","type":"page","link":"https:\/\/www.exogen.com\/pl\/frequently-asked-questions\/","title":{"rendered":"Frequently Asked Questions"},"content":{"rendered":"<div class=\"wpb-content-wrapper\"><p>[vc_row row_height_percent=&#8221;0&#8243; back_image=&#8221;11366&#8243; back_repeat=&#8221;no-repeat&#8221; back_position=&#8221;center center&#8221; overlay_alpha=&#8221;50&#8243; gutter_size=&#8221;3&#8243; column_width_percent=&#8221;100&#8243; shift_y=&#8221;0&#8243; z_index=&#8221;0&#8243; content_parallax=&#8221;0&#8243; uncode_shortcode_id=&#8221;123519&#8243; row_height_pixel=&#8221;460&#8243; back_size=&#8221;cover&#8221; el_class=&#8221;inner-banner&#8221; css=&#8221;.vc_custom_1755868831762{margin-top: 88px !important;margin-bottom: 44px !important;}&#8221;][vc_column column_width_percent=&#8221;100&#8243; position_vertical=&#8221;middle&#8221; gutter_size=&#8221;3&#8243; overlay_alpha=&#8221;50&#8243; shift_x=&#8221;0&#8243; shift_y=&#8221;0&#8243; shift_y_down=&#8221;0&#8243; z_index=&#8221;0&#8243; medium_width=&#8221;0&#8243; mobile_width=&#8221;0&#8243; width=&#8221;1\/2&#8243; uncode_shortcode_id=&#8221;652607&#8243;][vc_custom_heading text_color=&#8221;color-xsdn&#8221; heading_semantic=&#8221;h1&#8243; text_size=&#8221;fontsize-942846&#8243; text_weight=&#8221;400&#8243; text_transform=&#8221;uppercase&#8221; text_height=&#8221;fontheight-667169&#8243; uncode_shortcode_id=&#8221;469753&#8243; text_color_type=&#8221;uncode-palette&#8221;]Cz\u0119sto zadawane <span style=\"font-weight: 700 !important;\">pytania<\/span>[\/vc_custom_heading][vc_button size=&#8221;btn-lg&#8221; radius=&#8221;btn-circle&#8221; hover_fx=&#8221;outlined&#8221; border_width=&#8221;1&#8243; icon_position=&#8221;right&#8221; uncode_shortcode_id=&#8221;158799&#8243; button_color_type=&#8221;uncode-solid&#8221; icon=&#8221;fa fa-arrow-right2&#8243; link=&#8221;url:%2Fpl%2Fcontact-an-exogen-rep%2F&#8221; button_color_solid=&#8221;rgba(0,0,0,0.01)&#8221; el_id=&#8221;button-transparent&#8221;]Skontaktuj si\u0119 z\u00a0przedstawicielem ds. aparatu EXOGEN[\/vc_button][\/vc_column][vc_column width=&#8221;1\/2&#8243;][\/vc_column][\/vc_row][vc_row row_height_percent=&#8221;0&#8243; overlay_alpha=&#8221;50&#8243; gutter_size=&#8221;4&#8243; column_width_percent=&#8221;100&#8243; shift_y=&#8221;0&#8243; z_index=&#8221;0&#8243; uncode_shortcode_id=&#8221;900682&#8243;][vc_column width=&#8221;8\/12&#8243;][vc_custom_heading text_color=&#8221;color-107303&#8243; heading_semantic=&#8221;h3&#8243; text_font=&#8221;font-559666&#8243; text_size=&#8221;fontsize-950476&#8243; text_weight=&#8221;700&#8243; text_height=&#8221;fontheight-143712&#8243; uncode_shortcode_id=&#8221;114963&#8243; text_color_type=&#8221;uncode-palette&#8221;]Wskazania dotycz\u0105ce stosowania[\/vc_custom_heading][vc_accordion sign=&#8221;plus&#8221; el_class=&#8221;faq-wrapper&#8221;][vc_accordion_tab gutter_size=&#8221;2&#8243; column_padding=&#8221;2&#8243; title=&#8221;Do jakich cel\u00f3w dozwolone jest stosowanie aparatu EXOGEN?&#8221; tab_id=&#8221;1633691501-1-161633700183818&#8243;][vc_column_text uncode_shortcode_id=&#8221;178243&#8243;]Aparat EXOGEN przeznaczony jest do nieinwazyjnego leczenia wszystkich defekt\u00f3w (ubytk\u00f3w) kostnych (z wy\u0142\u0105czeniem obszaru kr\u0119g\u00f3w oraz czaszki) obejmuj\u0105cego leczenie op\u00f3\u017anionego zrastania ko\u015bci, braku zrostu,* z\u0142ama\u0144 przeci\u0105\u017ceniowych oraz zespolenia staw\u00f3w. Aparat EXOGEN wskazany jest r\u00f3wnie\u017c do przyspieszania procesu gojenia \u015bwie\u017cych z\u0142ama\u0144, naprawy po zabiegach osteotomii, naprawy po zabiegach transportu fragmentu kostnego i\u00a0naprawy w\u00a0zabiegach osteogenezy dystrakcyjnej.[\/vc_column_text][\/vc_accordion_tab][vc_accordion_tab gutter_size=&#8221;2&#8243; column_padding=&#8221;2&#8243; title=&#8221;Czy istniej\u0105 przeciwwskazania do stosowania aparatu EXOGEN?&#8221; tab_id=&#8221;1633691501-2-571633700183818&#8243;][vc_column_text uncode_shortcode_id=&#8221;202494&#8243;]Nie s\u0105 znane \u017cadne przeciwwskazania do stosowania aparatu EXOGEN.[\/vc_column_text][\/vc_accordion_tab][\/vc_accordion][vc_empty_space empty_h=&#8221;2&#8243;][vc_custom_heading text_color=&#8221;color-107303&#8243; heading_semantic=&#8221;h3&#8243; text_font=&#8221;font-559666&#8243; text_size=&#8221;fontsize-950476&#8243; text_weight=&#8221;700&#8243; text_height=&#8221;fontheight-143712&#8243; uncode_shortcode_id=&#8221;290844&#8243; text_color_type=&#8221;uncode-palette&#8221;]Leczenie z\u0142amania[\/vc_custom_heading][vc_accordion sign=&#8221;plus&#8221; el_class=&#8221;faq-wrapper&#8221; active_tab=&#8221;#&#8221;][vc_accordion_tab gutter_size=&#8221;2&#8243; column_padding=&#8221;2&#8243; title=&#8221;Czy aparat EXOGEN jest w stanie wyleczy\u0107 ca\u0142e z\u0142amanie?&#8221; tab_id=&#8221;1633694628-1-931633700183818&#8243;][vc_column_text uncode_shortcode_id=&#8221;210805&#8243;]Tak, wi\u0105zka ultrad\u017awi\u0119k\u00f3w wywo\u0142uje efekt biologiczny rozprzestrzeniaj\u0105cy si\u0119 wok\u00f3\u0142 ca\u0142ego z\u0142amania poprzez przesy\u0142anie \u015bcinaj\u0105cych fal.<sup><a href=\"https:\/\/www.exogen.com\/pl\/references\/\">61<\/a><\/sup>[\/vc_column_text][\/vc_accordion_tab][vc_accordion_tab gutter_size=&#8221;2&#8243; column_padding=&#8221;2&#8243; title=&#8221;Czy leczenie z u\u017cyciem aparatu EXOGEN jest skuteczne w przypadku z\u0142ama\u0144 g\u0142\u0119bokich, np. ko\u015bci udowej?&#8221; tab_id=&#8221;1633694628-2-401633700183818&#8243;][vc_column_text uncode_shortcode_id=&#8221;124645&#8243;]W\u00a0ocenie klinicznej aparatu EXOGEN wska\u017anik pomy\u015blnego gojenia w\u00a0przypadku braku zrostu ko\u015bci udowej wyni\u00f3s\u0142 84,3%, co sugeruje, \u017ce stanowi on doskona\u0142e rozwi\u0105zanie dla pacjent\u00f3w z\u00a0g\u0142\u0119bokimi z\u0142amaniami.<sup><a href=\"https:\/\/www.exogen.com\/pl\/references\/\">31<\/a><\/sup> Zaleca si\u0119 skorzystanie z\u00a0funkcji pozycjonowania, aby okre\u015bli\u0107 miejsce z\u0142amania.<sup><a href=\"https:\/\/www.exogen.com\/pl\/references\/\">62<\/a><\/sup>[\/vc_column_text][\/vc_accordion_tab][vc_accordion_tab gutter_size=&#8221;2&#8243; column_padding=&#8221;2&#8243; title=&#8221;Jaka jest skuteczno\u015b\u0107 penetracji tkanek mi\u0119kkich przez aparat EXOGEN?&#8221; tab_id=&#8221;1633695962047-2-61633700183818&#8243;][vc_column_text uncode_shortcode_id=&#8221;132022&#8243;]Fale ultrad\u017awi\u0119kowe aparatu EXOGEN mog\u0105 przenika\u0107 przez sk\u00f3r\u0119 i\u00a0tkank\u0119 mi\u0119kk\u0105, si\u0119gaj\u0105c na g\u0142\u0119boko\u015b\u0107 wynosz\u0105c\u0105 ok. 254 mm.<sup><a href=\"https:\/\/www.exogen.com\/pl\/references\/\">61<\/a><\/sup>[\/vc_column_text][\/vc_accordion_tab][vc_accordion_tab gutter_size=&#8221;2&#8243; column_padding=&#8221;2&#8243; title=&#8221;Czy pacjenci z rozrusznikami serca lub innymi aktywnymi urz\u0105dzeniami wszczepianymi mog\u0105 u\u017cywa\u0107 aparatu EXOGEN?&#8221; tab_id=&#8221;1633695978326-3-91633700183818&#8243;][vc_column_text uncode_shortcode_id=&#8221;422674&#8243;]Bliski kontakt z\u00a0aparatem EXOGEN mo\u017ce zak\u0142\u00f3ca\u0107 dzia\u0142anie urz\u0105dze\u0144 wszczepianych, takich jak rozrusznik serca. Pacjenci lub inne osoby b\u0119d\u0105ce w\u00a0pobli\u017cu podczas terapii powinny zasi\u0119gn\u0105\u0107 porady lekarza prowadz\u0105cego lub kardiologa przed u\u017cyciem aparatu EXOGEN.[\/vc_column_text][\/vc_accordion_tab][vc_accordion_tab gutter_size=&#8221;2&#8243; column_padding=&#8221;2&#8243; title=&#8221;Co nale\u017cy zrobi\u0107, aby przygotowa\u0107 pacjenta do leczenia przy u\u017cyciu aparatu EXOGEN?&#8221; tab_id=&#8221;1633695996230-4-101633700183818&#8243;][vc_column_text uncode_shortcode_id=&#8221;512945&#8243;]Nale\u017cy zaznaczy\u0107 miejsce z\u0142amania na ciele pacjenta. Przetwornik aparatu powinien mie\u0107 bezpo\u015bredni kontakt ze sk\u00f3r\u0105, wi\u0119c je\u015bli pacjent wymaga za\u0142o\u017cenia gipsu lub ma za\u0142o\u017cony gips, nale\u017cy w\u00a0nim za\u0142o\u017cy\u0107 port na przetwornik lub utworzy\u0107 okienko. Przeszkolony specjalista ds. aparatu EXOGEN pomo\u017ce prawid\u0142owo za\u0142o\u017cy\u0107 port przetwornika w\u00a0gipsie oraz obja\u015bni, jak u\u017cywa\u0107 aparatu do leczenia braku zrostu po z\u0142amaniu, gdy s\u0105 za\u0142o\u017cone metalowe elementy stabilizuj\u0105ce. Aby uzyska\u0107 wi\u0119cej informacji, nale\u017cy pobra\u0107 dokument\u00a0<a href=\"https:\/\/www.exogen.com\/pl\/physician-resources\/\">Techniki stosowania aparatu EXOGEN w\u00a0przypadku opatrunku gipsowego<\/a>\u00a0lub skontaktowa\u0107 si\u0119 z\u00a0<a href=\"https:\/\/www.exogen.com\/pl\/contact-an-exogen-rep\/\">dzia\u0142em obs\u0142ugi klienta firmy Bioventus<\/a>.[\/vc_column_text][\/vc_accordion_tab][\/vc_accordion][vc_empty_space empty_h=&#8221;2&#8243;][vc_custom_heading text_color=&#8221;color-107303&#8243; heading_semantic=&#8221;h3&#8243; text_font=&#8221;font-559666&#8243; text_size=&#8221;fontsize-950476&#8243; text_weight=&#8221;700&#8243; text_height=&#8221;fontheight-143712&#8243; uncode_shortcode_id=&#8221;440222&#8243; text_color_type=&#8221;uncode-palette&#8221;]Aparat EXOGEN i\u00a0mo\u017cliwo\u015b\u0107 refundacji[\/vc_custom_heading][vc_accordion sign=&#8221;plus&#8221; el_class=&#8221;faq-wrapper&#8221; active_tab=&#8221;#&#8221;][vc_accordion_tab gutter_size=&#8221;2&#8243; column_padding=&#8221;2&#8243; title=&#8221;Z czego sk\u0142ada si\u0119 aparat EXOGEN?&#8221; tab_id=&#8221;1633696683-1-311633700183818&#8243;][vc_column_text uncode_shortcode_id=&#8221;254276&#8243;]Aparat EXOGEN sk\u0142ada si\u0119 z\u00a0g\u0142\u00f3wnej jednostki operacyjnej i\u00a0do\u0142\u0105czonego przewodu z\u00a0g\u0142owic\u0105 przetwornika. Pacjenci otrzymuj\u0105 tak\u017ce pasek do zak\u0142adania aparatu, \u017cel przewodz\u0105cy i\u00a0\u0142adowark\u0119 akumulator\u00f3w.[\/vc_column_text][\/vc_accordion_tab][vc_accordion_tab gutter_size=&#8221;2&#8243; column_padding=&#8221;2&#8243; title=&#8221;Czy aparat EXOGEN jest obj\u0119ty refundacj\u0105 szpitaln\u0105 i\/lub ubezpieczeniem zdrowotnym?&#8221; tab_id=&#8221;1633696683-2-971633700183818&#8243;][vc_column_text uncode_shortcode_id=&#8221;364434&#8243;]Wielu ubezpieczycieli pokrywa koszty zwi\u0105zane ze stosowaniem aparatu EXOGEN. Aby uzyska\u0107 wi\u0119cej informacji, nale\u017cy skontaktowa\u0107 si\u0119 z\u00a0lokalnym przedstawicielem ds. aparatu EXOGEN lub z\u00a0<a href=\"https:\/\/www.exogen.com\/us\/physician\/contact\/\">dzia\u0142em obs\u0142ugi klienta firmy Bioventus<\/a>.[\/vc_column_text][\/vc_accordion_tab][\/vc_accordion][\/vc_column][vc_column width=&#8221;4\/12&#8243;][vc_single_image media=&#8221;127&#8243; media_width_percent=&#8221;100&#8243; uncode_shortcode_id=&#8221;155189&#8243;][vc_row_inner row_inner_height_percent=&#8221;0&#8243; overlay_alpha=&#8221;50&#8243; gutter_size=&#8221;3&#8243; shift_y=&#8221;0&#8243; z_index=&#8221;0&#8243; uncode_shortcode_id=&#8221;174241&#8243; css=&#8221;.vc_custom_1633693982448{margin-top: 0px !important;}&#8221; limit_content=&#8221;&#8221;][vc_column_inner column_width_percent=&#8221;100&#8243; gutter_size=&#8221;3&#8243; back_color=&#8221;color-763025&#8243; overlay_alpha=&#8221;50&#8243; shift_x=&#8221;0&#8243; shift_y=&#8221;0&#8243; shift_y_down=&#8221;0&#8243; z_index=&#8221;0&#8243; medium_width=&#8221;0&#8243; mobile_width=&#8221;0&#8243; width=&#8221;1\/1&#8243; uncode_shortcode_id=&#8221;121928&#8243; back_color_type=&#8221;uncode-palette&#8221;][vc_custom_heading text_color=&#8221;color-nhtu&#8221; heading_semantic=&#8221;h4&#8243; text_font=&#8221;font-559666&#8243; text_size=&#8221;fontsize-467755&#8243; text_weight=&#8221;700&#8243; text_height=&#8221;fontheight-143712&#8243; uncode_shortcode_id=&#8221;180565&#8243; text_color_type=&#8221;uncode-palette&#8221;]Nie mo\u017cesz znale\u017a\u0107 odpowiedzi na swoje pytanie?[\/vc_custom_heading][vc_column_text uncode_shortcode_id=&#8221;747948&#8243; css=&#8221;.vc_custom_1639560710004{margin-top: 0px !important;margin-bottom: 0px !important;padding-top: 0px !important;padding-bottom: 0px !important;}&#8221;]Skontaktuj si\u0119 z\u00a0nami[\/vc_column_text][vc_button button_color=&#8221;color-207599&#8243; size=&#8221;btn-sm&#8221; radius=&#8221;btn-circle&#8221; hover_fx=&#8221;full-colored&#8221; border_width=&#8221;0&#8243; icon_position=&#8221;right&#8221; uncode_shortcode_id=&#8221;873489&#8243; button_color_type=&#8221;uncode-palette&#8221; icon=&#8221;fa fa-arrow-right2&#8243; link=&#8221;url:%2Fpl%2Fcontact-us%2F&#8221;]Skontaktuj si\u0119 z\u00a0nami[\/vc_button][\/vc_column_inner][\/vc_row_inner][\/vc_column][\/vc_row][vc_row row_height_percent=&#8221;0&#8243; overlay_alpha=&#8221;50&#8243; gutter_size=&#8221;3&#8243; column_width_percent=&#8221;100&#8243; border_color=&#8221;color-gyho&#8221; border_style=&#8221;solid&#8221; shift_y=&#8221;0&#8243; z_index=&#8221;0&#8243; uncode_shortcode_id=&#8221;193465&#8243; css=&#8221;.vc_custom_1633696557289{margin-top: 40px !important;margin-bottom: 0px !important;border-top-width: 1px !important;}&#8221; el_id=&#8221;description_text&#8221; border_color_type=&#8221;uncode-palette&#8221;][vc_column width=&#8221;1\/1&#8243;][vc_column_text uncode_shortcode_id=&#8221;847680&#8243;]<strong style=\"margin-bottom: 15px;\">Streszczenie wskaza\u0144 u\u017cycia<br \/>\n<\/strong><\/p>\n<p>Aparat EXOGEN przeznaczon jest do nieinwazyjnego leczenia wszystkich defekt\u00f3w (ubytk\u00f3w) kostnych (z\u00a0wy\u0142\u0105czeniem obszaru kr\u0119g\u00f3w oraz czaszki) obejmuj\u0105cego leczenie op\u00f3\u017anionego zrastania ko\u015bci, braku zrostu,* z\u0142ama\u0144 przeci\u0105\u017ceniowych oraz zespolenia staw\u00f3w. Aparat EXGEN wskazany jest r\u00f3wnie\u017c do przyspieszania procesu gojenia \u015bwie\u017cych z\u0142ama\u0144, naprawy po zabiegach osteotomii, naprawy po zabiegach transportu fragmentu kostnego i\u00a0naprawy w\u00a0zabiegach osteogenezy dystrakcyjnej.<\/p>\n<p>Nie istniej\u0105 znane przeciwwskazania dotycz\u0105ce stosowania aparatu EXOGEN. Nie ustalono bezpiecze\u0144stwa i\u00a0skuteczno\u015bci stosowania tego aparatu u\u00a0os\u00f3b o niedojrza\u0142ym uk\u0142adzie kostnym, kobiet w\u00a0ci\u0105\u017cy i\u00a0karmi\u0105cych piersi\u0105, pacjent\u00f3w ze stymulatorami serca, w\u00a0przypadku z\u0142ama\u0144 spowodowanych nowotworem ko\u015bci ani u\u00a0pacjent\u00f3w z\u00a0niewydolno\u015bci\u0105 kr\u0105\u017cenia lub zaburzeniami krzepliwo\u015bci krwi. Niekt\u00f3rzy pacjenci mog\u0105 by\u0107 uczuleni na \u017cel do ultrasonografii.<\/p>\n<p>Pe\u0142ne informacje dotycz\u0105ce przepisywania produktu znajduj\u0105 si\u0119 na etykiecie produktu, na stronie <a href=\"https:\/\/www.exogen.com\/\">EXOGEN.com<\/a>, lub w\u00a0dziale obs\u0142ugi klienta firmy Bioventus <a href=\"tel:1-800-836-4080\"><strong>1-800-836-4080<\/strong><\/a>.<\/p>\n<p>*Za brak zrostu uznaje si\u0119 sytuacj\u0119, gdy miejsce z\u0142amania nie wykazuje widocznych oznak post\u0119pu procesu gojenia.[\/vc_column_text][\/vc_column][\/vc_row]<\/p>\n<\/div>","protected":false},"excerpt":{"rendered":"<p>[vc_row row_height_percent=&#8221;0&#8243; back_image=&#8221;11366&#8243; back_repeat=&#8221;no-repeat&#8221; back_position=&#8221;center center&#8221; overlay_alpha=&#8221;50&#8243; gutter_size=&#8221;3&#8243; column_width_percent=&#8221;100&#8243; shift_y=&#8221;0&#8243; z_index=&#8221;0&#8243; content_parallax=&#8221;0&#8243; uncode_shortcode_id=&#8221;123519&#8243; row_height_pixel=&#8221;460&#8243; back_size=&#8221;cover&#8221; el_class=&#8221;inner-banner&#8221; css=&#8221;.vc_custom_1755868831762{margin-top: 88px !important;margin-bottom: 44px [&hellip;]<\/p>\n","protected":false},"author":1,"featured_media":0,"parent":0,"menu_order":0,"comment_status":"closed","ping_status":"closed","template":"","meta":{"_acf_changed":false,"_five9_enable_chat":"","footnotes":""},"class_list":["post-3481","page","type-page","status-publish","hentry","page_category-hcp-pl"],"acf":[],"yoast_head":"<!-- This site is optimized with the Yoast SEO plugin v27.5 - https:\/\/yoast.com\/product\/yoast-seo-wordpress\/ -->\n<title>Dla dostawc\u00f3w - Cz\u0119sto zadawane pytania - EXOGEN Ultrad\u017awi\u0119kowy System Gojenia Ko\u015bci<\/title>\n<meta name=\"robots\" content=\"index, follow, max-snippet:-1, max-image-preview:large, max-video-preview:-1\" \/>\n<link rel=\"canonical\" href=\"https:\/\/www.exogen.com\/pl\/frequently-asked-questions\/\" \/>\n<meta property=\"og:locale\" content=\"pl_PL\" \/>\n<meta property=\"og:type\" content=\"article\" \/>\n<meta property=\"og:title\" content=\"Dla dostawc\u00f3w - Cz\u0119sto zadawane pytania - EXOGEN Ultrad\u017awi\u0119kowy System Gojenia Ko\u015bci\" \/>\n<meta property=\"og:description\" content=\"[vc_row row_height_percent=&#8221;0&#8243; back_image=&#8221;11366&#8243; back_repeat=&#8221;no-repeat&#8221; back_position=&#8221;center center&#8221; overlay_alpha=&#8221;50&#8243; gutter_size=&#8221;3&#8243; column_width_percent=&#8221;100&#8243; shift_y=&#8221;0&#8243; z_index=&#8221;0&#8243; content_parallax=&#8221;0&#8243; uncode_shortcode_id=&#8221;123519&#8243; row_height_pixel=&#8221;460&#8243; back_size=&#8221;cover&#8221; el_class=&#8221;inner-banner&#8221; css=&#8221;.vc_custom_1755868831762{margin-top: 88px !important;margin-bottom: 44px [&hellip;]\" \/>\n<meta property=\"og:url\" content=\"https:\/\/www.exogen.com\/pl\/frequently-asked-questions\/\" \/>\n<meta property=\"og:site_name\" content=\"EXOGEN Ultrasound Bone Healing System\" \/>\n<meta property=\"article:publisher\" content=\"https:\/\/www.facebook.com\/exogenbonehealing\/\" \/>\n<meta property=\"article:modified_time\" content=\"2025-08-22T13:20:35+00:00\" \/>\n<meta name=\"twitter:card\" content=\"summary_large_image\" \/>\n<meta name=\"twitter:label1\" content=\"Szacowany czas czytania\" \/>\n\t<meta name=\"twitter:data1\" content=\"4 minuty\" \/>\n<script type=\"application\/ld+json\" class=\"yoast-schema-graph\">{\"@context\":\"https:\\\/\\\/schema.org\",\"@graph\":[{\"@type\":\"WebPage\",\"@id\":\"https:\\\/\\\/www.exogen.com\\\/pl\\\/frequently-asked-questions\\\/\",\"url\":\"https:\\\/\\\/www.exogen.com\\\/pl\\\/frequently-asked-questions\\\/\",\"name\":\"Dla dostawc\u00f3w - Cz\u0119sto zadawane pytania - EXOGEN Ultrad\u017awi\u0119kowy System Gojenia Ko\u015bci\",\"isPartOf\":{\"@id\":\"https:\\\/\\\/www.exogen.com\\\/pl\\\/#website\"},\"datePublished\":\"2021-10-08T13:34:35+00:00\",\"dateModified\":\"2025-08-22T13:20:35+00:00\",\"breadcrumb\":{\"@id\":\"https:\\\/\\\/www.exogen.com\\\/pl\\\/frequently-asked-questions\\\/#breadcrumb\"},\"inLanguage\":\"pl-PL\",\"potentialAction\":[{\"@type\":\"ReadAction\",\"target\":[\"https:\\\/\\\/www.exogen.com\\\/pl\\\/frequently-asked-questions\\\/\"]}]},{\"@type\":\"BreadcrumbList\",\"@id\":\"https:\\\/\\\/www.exogen.com\\\/pl\\\/frequently-asked-questions\\\/#breadcrumb\",\"itemListElement\":[{\"@type\":\"ListItem\",\"position\":1,\"name\":\"Home\",\"item\":\"https:\\\/\\\/www.exogen.com\\\/pl\\\/\"},{\"@type\":\"ListItem\",\"position\":2,\"name\":\"Frequently Asked Questions\"}]},{\"@type\":\"WebSite\",\"@id\":\"https:\\\/\\\/www.exogen.com\\\/pl\\\/#website\",\"url\":\"https:\\\/\\\/www.exogen.com\\\/pl\\\/\",\"name\":\"EXOGEN Ultrasound Bone Healing System\",\"description\":\"Ultrasound Bone Healing System\",\"publisher\":{\"@id\":\"https:\\\/\\\/www.exogen.com\\\/pl\\\/#organization\"},\"potentialAction\":[{\"@type\":\"SearchAction\",\"target\":{\"@type\":\"EntryPoint\",\"urlTemplate\":\"https:\\\/\\\/www.exogen.com\\\/pl\\\/?s={search_term_string}\"},\"query-input\":{\"@type\":\"PropertyValueSpecification\",\"valueRequired\":true,\"valueName\":\"search_term_string\"}}],\"inLanguage\":\"pl-PL\"},{\"@type\":\"Organization\",\"@id\":\"https:\\\/\\\/www.exogen.com\\\/pl\\\/#organization\",\"name\":\"EXOGEN\",\"url\":\"https:\\\/\\\/www.exogen.com\\\/pl\\\/\",\"logo\":{\"@type\":\"ImageObject\",\"inLanguage\":\"pl-PL\",\"@id\":\"https:\\\/\\\/www.exogen.com\\\/pl\\\/#\\\/schema\\\/logo\\\/image\\\/\",\"url\":\"https:\\\/\\\/www.exogen.com\\\/wp-content\\\/uploads\\\/2021\\\/10\\\/purple-logo.png\",\"contentUrl\":\"https:\\\/\\\/www.exogen.com\\\/wp-content\\\/uploads\\\/2021\\\/10\\\/purple-logo.png\",\"width\":264,\"height\":100,\"caption\":\"EXOGEN\"},\"image\":{\"@id\":\"https:\\\/\\\/www.exogen.com\\\/pl\\\/#\\\/schema\\\/logo\\\/image\\\/\"},\"sameAs\":[\"https:\\\/\\\/www.facebook.com\\\/exogenbonehealing\\\/\",\"https:\\\/\\\/www.instagram.com\\\/exogenbonehealing\\\/\",\"https:\\\/\\\/www.youtube.com\\\/channel\\\/UCP5jnVTUjZZKlr_b-mxr49w\"]}]}<\/script>\n<!-- \/ Yoast SEO plugin. -->","yoast_head_json":{"title":"Dla dostawc\u00f3w - Cz\u0119sto zadawane pytania - EXOGEN Ultrad\u017awi\u0119kowy System Gojenia Ko\u015bci","robots":{"index":"index","follow":"follow","max-snippet":"max-snippet:-1","max-image-preview":"max-image-preview:large","max-video-preview":"max-video-preview:-1"},"canonical":"https:\/\/www.exogen.com\/pl\/frequently-asked-questions\/","og_locale":"pl_PL","og_type":"article","og_title":"Dla dostawc\u00f3w - Cz\u0119sto zadawane pytania - EXOGEN Ultrad\u017awi\u0119kowy System Gojenia Ko\u015bci","og_description":"[vc_row row_height_percent=&#8221;0&#8243; back_image=&#8221;11366&#8243; back_repeat=&#8221;no-repeat&#8221; back_position=&#8221;center center&#8221; overlay_alpha=&#8221;50&#8243; gutter_size=&#8221;3&#8243; column_width_percent=&#8221;100&#8243; shift_y=&#8221;0&#8243; z_index=&#8221;0&#8243; content_parallax=&#8221;0&#8243; uncode_shortcode_id=&#8221;123519&#8243; row_height_pixel=&#8221;460&#8243; back_size=&#8221;cover&#8221; el_class=&#8221;inner-banner&#8221; css=&#8221;.vc_custom_1755868831762{margin-top: 88px !important;margin-bottom: 44px [&hellip;]","og_url":"https:\/\/www.exogen.com\/pl\/frequently-asked-questions\/","og_site_name":"EXOGEN Ultrasound Bone Healing System","article_publisher":"https:\/\/www.facebook.com\/exogenbonehealing\/","article_modified_time":"2025-08-22T13:20:35+00:00","twitter_card":"summary_large_image","twitter_misc":{"Szacowany czas czytania":"4 minuty"},"schema":{"@context":"https:\/\/schema.org","@graph":[{"@type":"WebPage","@id":"https:\/\/www.exogen.com\/pl\/frequently-asked-questions\/","url":"https:\/\/www.exogen.com\/pl\/frequently-asked-questions\/","name":"Dla dostawc\u00f3w - Cz\u0119sto zadawane pytania - EXOGEN Ultrad\u017awi\u0119kowy System Gojenia Ko\u015bci","isPartOf":{"@id":"https:\/\/www.exogen.com\/pl\/#website"},"datePublished":"2021-10-08T13:34:35+00:00","dateModified":"2025-08-22T13:20:35+00:00","breadcrumb":{"@id":"https:\/\/www.exogen.com\/pl\/frequently-asked-questions\/#breadcrumb"},"inLanguage":"pl-PL","potentialAction":[{"@type":"ReadAction","target":["https:\/\/www.exogen.com\/pl\/frequently-asked-questions\/"]}]},{"@type":"BreadcrumbList","@id":"https:\/\/www.exogen.com\/pl\/frequently-asked-questions\/#breadcrumb","itemListElement":[{"@type":"ListItem","position":1,"name":"Home","item":"https:\/\/www.exogen.com\/pl\/"},{"@type":"ListItem","position":2,"name":"Frequently Asked Questions"}]},{"@type":"WebSite","@id":"https:\/\/www.exogen.com\/pl\/#website","url":"https:\/\/www.exogen.com\/pl\/","name":"EXOGEN Ultrasound Bone Healing System","description":"Ultrasound Bone Healing System","publisher":{"@id":"https:\/\/www.exogen.com\/pl\/#organization"},"potentialAction":[{"@type":"SearchAction","target":{"@type":"EntryPoint","urlTemplate":"https:\/\/www.exogen.com\/pl\/?s={search_term_string}"},"query-input":{"@type":"PropertyValueSpecification","valueRequired":true,"valueName":"search_term_string"}}],"inLanguage":"pl-PL"},{"@type":"Organization","@id":"https:\/\/www.exogen.com\/pl\/#organization","name":"EXOGEN","url":"https:\/\/www.exogen.com\/pl\/","logo":{"@type":"ImageObject","inLanguage":"pl-PL","@id":"https:\/\/www.exogen.com\/pl\/#\/schema\/logo\/image\/","url":"https:\/\/www.exogen.com\/wp-content\/uploads\/2021\/10\/purple-logo.png","contentUrl":"https:\/\/www.exogen.com\/wp-content\/uploads\/2021\/10\/purple-logo.png","width":264,"height":100,"caption":"EXOGEN"},"image":{"@id":"https:\/\/www.exogen.com\/pl\/#\/schema\/logo\/image\/"},"sameAs":["https:\/\/www.facebook.com\/exogenbonehealing\/","https:\/\/www.instagram.com\/exogenbonehealing\/","https:\/\/www.youtube.com\/channel\/UCP5jnVTUjZZKlr_b-mxr49w"]}]}},"_links":{"self":[{"href":"https:\/\/www.exogen.com\/pl\/wp-json\/wp\/v2\/pages\/3481","targetHints":{"allow":["GET"]}}],"collection":[{"href":"https:\/\/www.exogen.com\/pl\/wp-json\/wp\/v2\/pages"}],"about":[{"href":"https:\/\/www.exogen.com\/pl\/wp-json\/wp\/v2\/types\/page"}],"author":[{"embeddable":true,"href":"https:\/\/www.exogen.com\/pl\/wp-json\/wp\/v2\/users\/1"}],"replies":[{"embeddable":true,"href":"https:\/\/www.exogen.com\/pl\/wp-json\/wp\/v2\/comments?post=3481"}],"version-history":[{"count":0,"href":"https:\/\/www.exogen.com\/pl\/wp-json\/wp\/v2\/pages\/3481\/revisions"}],"wp:attachment":[{"href":"https:\/\/www.exogen.com\/pl\/wp-json\/wp\/v2\/media?parent=3481"}],"curies":[{"name":"wp","href":"https:\/\/api.w.org\/{rel}","templated":true}]}}