{"id":3489,"date":"2021-10-08T12:45:26","date_gmt":"2021-10-08T12:45:26","guid":{"rendered":"https:\/\/exogen.com\/does-a-broken-bone-hurt-when-healing\/"},"modified":"2025-08-07T11:01:54","modified_gmt":"2025-08-07T11:01:54","slug":"does-a-broken-bone-hurt-when-healing","status":"publish","type":"page","link":"https:\/\/www.exogen.com\/pl\/does-a-broken-bone-hurt-when-healing\/","title":{"rendered":"Czy z\u0142amana ko\u015b\u0107 boli podczas gojenia?"},"content":{"rendered":"<div class=\"wpb-content-wrapper\"><p>[vc_row row_height_percent=&#8221;0&#8243; overlay_alpha=&#8221;50&#8243; gutter_size=&#8221;3&#8243; column_width_percent=&#8221;100&#8243; shift_y=&#8221;0&#8243; z_index=&#8221;0&#8243; uncode_shortcode_id=&#8221;141354&#8243; row_height_pixel=&#8221;145&#8243; back_color_type=&#8221;uncode-gradient&#8221; back_color_gradient=&#8221;{&#8222;css&#8222;:&#8222;background: linear-gradient(to bottom , rgb(211, 211, 211) , rgb(243, 240, 244) 34%);&#8222;,&#8222;sliders&#8222;:`{`{&#8222;color&#8222;:&#8222;rgb(211, 211, 211)&#8222;,&#8222;position&#8222;:0},{&#8222;color&#8222;:&#8222;rgb(243, 240, 244)&#8222;,&#8222;position&#8222;:34}`}`,&#8222;type&#8222;:&#8222;linear&#8222;,&#8222;direction&#8222;:&#8222;top&#8222;}&#8221; css=&#8221;.vc_custom_1633698520117{margin-top: 80px !important;margin-bottom: 60px !important;}&#8221;][vc_column column_width_percent=&#8221;100&#8243; position_vertical=&#8221;middle&#8221; gutter_size=&#8221;3&#8243; overlay_alpha=&#8221;50&#8243; shift_x=&#8221;0&#8243; shift_y=&#8221;0&#8243; shift_y_down=&#8221;0&#8243; z_index=&#8221;0&#8243; medium_width=&#8221;0&#8243; mobile_width=&#8221;0&#8243; width=&#8221;1\/1&#8243; uncode_shortcode_id=&#8221;697530&#8243;][vc_column_text text_color=&#8221;color-107303&#8243; uncode_shortcode_id=&#8221;216250&#8243; text_color_type=&#8221;uncode-palette&#8221; css=&#8221;.vc_custom_1754563925321{margin-top: 0px !important;margin-bottom: -30px !important;padding-top: 0px !important;padding-bottom: 0px !important;}&#8221; el_class=&#8221;top-link&#8221;]<a href=\"\/pl\/faqs\/\"><i class=\"fa fa-angle-left\"><\/i> Wstecz<\/a>[\/vc_column_text][vc_custom_heading auto_text=&#8221;yes&#8221; text_color=&#8221;color-121277&#8243; heading_semantic=&#8221;h1&#8243; text_font=&#8221;font-559666&#8243; text_size=&#8221;fontsize-242148&#8243; text_transform=&#8221;uppercase&#8221; text_height=&#8221;fontheight-133340&#8243; uncode_shortcode_id=&#8221;160749&#8243; text_color_type=&#8221;uncode-palette&#8221;]This is a custom heading element.[\/vc_custom_heading][\/vc_column][\/vc_row][vc_row row_height_percent=&#8221;0&#8243; overlay_alpha=&#8221;50&#8243; gutter_size=&#8221;3&#8243; column_width_percent=&#8221;100&#8243; shift_y=&#8221;0&#8243; z_index=&#8221;0&#8243; uncode_shortcode_id=&#8221;169022&#8243; css=&#8221;.vc_custom_1633699476839{margin-bottom: 40px !important;}&#8221;][vc_column width=&#8221;1\/1&#8243;][vc_column_text uncode_shortcode_id=&#8221;143273&#8243; css=&#8221;.vc_custom_1754564444373{margin-top: 0px !important;}&#8221; el_class=&#8221;faq-page-content&#8221;]B\u00f3l stanowi naturaln\u0105 reakcj\u0119 organizmu na z\u0142amanie jednej z\u00a0ko\u015bci. Natychmiast po odniesieniu obra\u017ce\u0144 odczuwalny jest intensywny i\u00a0ostry b\u00f3l spowodowany przez z\u0142amanie i\u00a0inne obra\u017cenia cia\u0142a wyst\u0119puj\u0105ce w\u00a0pobli\u017cu miejsca z\u0142amania. Niemniej jednak to nie koniec b\u00f3lu. B\u00f3l mo\u017ce r\u00f3wnie\u017c wyst\u0119powa\u0107 podczas procesu gojenia z\u0142amania.<sup><a href=\"https:\/\/www.exogen.com\/pl\/references\/\">44<\/a><\/sup><\/p>\n<p><strong>Fazy b\u00f3lu podczas procesu gojenia z\u0142amania<\/strong><\/p>\n<p>Po wyst\u0105pieniu z\u0142amania ko\u015bci wyr\u00f3\u017cnia si\u0119 trzy fazy b\u00f3lu. S\u0105 one okre\u015blane jako b\u00f3l ostry, podostry i przewlek\u0142y. Ostry b\u00f3l zazwyczaj wyst\u0119puje natychmiast po odniesieniu obra\u017ce\u0144. Po up\u0142ywie tygodnia lub dw\u00f3ch najgorszy rodzaj b\u00f3lu zwykle ust\u0119puje. Nast\u0119pnie z\u0142amana ko\u015b\u0107 i otaczaj\u0105ce j\u0105 tkanki mi\u0119kkie zaczynaj\u0105 si\u0119 goi\u0107. Proces ten trwa kilka tygodni, a b\u00f3l, kt\u00f3rego mo\u017cna do\u015bwiadczy\u0107 w tej fazie, nazywany jest b\u00f3lem podostrym. Ostatni\u0105 faz\u0105 b\u00f3lu jest b\u00f3l przewlek\u0142y. Ten typ b\u00f3lu wyst\u0119puje nawet po d\u0142ugim czasie od wyleczenia z\u0142amania i tkanek mi\u0119kkich<sup><a href=\"https:\/\/www.exogen.com\/pl\/references\/\">43<\/a><\/sup><\/p>\n<p>Ka\u017cde z\u0142amanie powoduje wyst\u0105pienie albo wszystkich rodzaj\u00f3w b\u00f3lu, albo niekt\u00f3rych z nich.<\/p>\n<p><strong>Ostry b\u00f3l natychmiast po odniesieniu obra\u017ce\u0144<\/strong><\/p>\n<p>Natychmiast po z\u0142amaniu wyst\u0119puje ostry b\u00f3l. W tej fazie lekarz zazwyczaj przepisuje leki, aby z\u0142agodzi\u0107 najgorszy rodzaj b\u00f3lu. Ostry b\u00f3l \u0142agodnieje wraz z up\u0142ywem czasu<sup><a href=\"https:\/\/www.exogen.com\/pl\/references\/\">43<\/a><\/sup><\/p>\n<p>Po z\u0142amaniu konieczna mo\u017ce by\u0107 operacja, aby lekarz m\u00f3g\u0142 ponownie nastawi\u0107 z\u0142aman\u0105 ko\u015b\u0107, za\u0142o\u017cenie gipsu lub innego wyrobu, kt\u00f3ry umo\u017cliwi unieruchomienie z\u0142amanej ko\u015bci, lub zastosowanie innego rodzaju leczenia. Niezale\u017cnie od zastosowanej metody leczenia z\u0142amanej ko\u015bci, kluczow\u0105 rol\u0119 odgrywa ponowne nastawienie ko\u0144c\u00f3w ko\u015bci i\u00a0unieruchomienie z\u0142amania na kilka tygodni, aby umo\u017cliwi\u0107 prawid\u0142owe osadzenie i\u00a0gojenie ko\u015bci.<sup><a href=\"https:\/\/www.exogen.com\/pl\/references\/\">43<\/a><\/sup><\/p>\n<p>Aby upewni\u0107 si\u0119, \u017ce ta faza leczenia b\u0119dzie przebiega\u0142a mo\u017cliwie jak najp\u0142ynniej, nale\u017cy post\u0119powa\u0107 zgodnie z zaleceniami lekarza prowadz\u0105cego leczenie, zw\u0142aszcza w przypadku kwestii odpoczynku i unikania zb\u0119dnego ruchu w celu zagwarantowania prawid\u0142owego zrostu ko\u015bci<sup><a href=\"https:\/\/www.exogen.com\/pl\/references\/\">43<\/a><\/sup><\/p>\n<p><strong>Podostry b\u00f3l podczas gojenia ko\u015bci<\/strong><\/p>\n<p>Po up\u0142ywie tygodnia lub dw\u00f3ch najgorszy rodzaj b\u00f3lu ust\u0119puje. W\u00f3wczas z\u0142amana ko\u015b\u0107 i otaczaj\u0105ce j\u0105 tkanki mi\u0119kkie zaczynaj\u0105 si\u0119 goi\u0107. Proces ten zajmuje kilka tygodni, a towarzysz\u0105cy mu b\u00f3l jest nazywany b\u00f3lem podostrym<sup><a href=\"https:\/\/www.exogen.com\/pl\/references\/\">43<\/a><\/sup><\/p>\n<p>B\u00f3l podostry jest g\u0142\u00f3wnie spowodowany brakiem ruchu wspomagaj\u0105cego zrost ko\u015bci. Brak aktywno\u015bci mo\u017ce doprowadzi\u0107 do usztywnienia tkanek mi\u0119kkich wok\u00f3\u0142 miejsca z\u0142amania i os\u0142abienia mi\u0119\u015bni. Opr\u00f3cz tego podczas zrastania si\u0119 z\u0142amanej ko\u015bci mo\u017ce doj\u015b\u0107 do wyst\u0105pienia bliznowacenia i stanu zapalnego w tkankach mi\u0119kkich. Mo\u017ce to r\u00f3wnie\u017c powodowa\u0107 b\u00f3l oraz utrudnia\u0107 ruch<sup><a href=\"https:\/\/www.exogen.com\/pl\/references\/\">43<\/a><\/sup><\/p>\n<p>Na tym etapie rekonwalescencji zaleca si\u0119 fizjoterapi\u0119. Fizjoterapeuci mog\u0105 pom\u00f3c w zmniejszeniu sztywno\u015bci poprzez dob\u00f3r \u0107wicze\u0144, kt\u00f3re wzmacniaj\u0105 r\u00f3wnie\u017c os\u0142abione mi\u0119\u015bnie i poprawiaj\u0105 zakres ruchu. Pomo\u017ce to w ograniczeniu b\u00f3lu i polepszeniu funkcjonowania cia\u0142a pacjenta, kt\u00f3ry odni\u00f3s\u0142 obra\u017cenia<sup><a href=\"https:\/\/www.exogen.com\/pl\/references\/\">43<\/a><\/sup><\/p>\n<p><strong>Przewlek\u0142y b\u00f3l po zako\u0144czeniu gojenia ko\u015bci<\/strong><\/p>\n<p>Wraz z up\u0142ywem czasu z\u0142amana ko\u015b\u0107 zagoi si\u0119 na tyle, \u017ce b\u00f3l nie b\u0119dzie odczuwalny. Niemniej jednak nie dzieje si\u0119 tak w przypadku ka\u017cdego pacjenta. Niekt\u00f3re osoby mog\u0105 do\u015bwiadcza\u0107 b\u00f3lu po d\u0142ugim czasie od wyleczenia z\u0142amania i zagojenia si\u0119 tkanek mi\u0119kkich. Ten stan nazywamy b\u00f3lem przewlek\u0142ym<sup><a href=\"https:\/\/www.exogen.com\/pl\/references\/\">43<\/a><\/sup><\/p>\n<p>Przewlek\u0142y b\u00f3l mo\u017ce by\u0107 spowodowany przez uszkodzenie nerw\u00f3w, powstanie tkanki bliznowatej, ukryte zapalenie staw\u00f3w lub inne przyczyny. Na szcz\u0119\u015bcie ten typ b\u00f3lu cz\u0119sto podlega leczeniu. Rodzaj leczenia zale\u017cy od pocz\u0105tkowego urazu i przyczyny przewlek\u0142ego b\u00f3lu<sup><a href=\"https:\/\/www.exogen.com\/pl\/references\/\">43<\/a><\/sup><\/p>\n<p>Najcz\u0119\u015bciej stosowane metody leczenia przewlek\u0142ego b\u00f3lu to:<sup><a href=\"https:\/\/www.exogen.com\/pl\/references\/\">43<\/a><\/sup><\/p>\n<ul>\n<li>Fizjoterapia<\/li>\n<li>\u0106wiczenia<\/li>\n<li>Przyjmowanie lek\u00f3w<\/li>\n<\/ul>\n<p>Te metody leczenia nie gwarantuj\u0105 u\u015bmierzenia b\u00f3lu, lecz mog\u0105 pom\u00f3c w kontrolowaniu i obni\u017ceniu nasilenia b\u00f3lu przewlek\u0142ego. Wi\u0119kszo\u015b\u0107 os\u00f3b jest w stanie kontrolowa\u0107 przewlek\u0142y b\u00f3l w taki spos\u00f3b, aby wykonywa\u0107 codzienne czynno\u015bci i cieszy\u0107 si\u0119 lepsz\u0105 jako\u015bci\u0105 \u017cycia.<\/p>\n<p>Niemniej jednak istnieje niewielki odsetek os\u00f3b, kt\u00f3re do\u015bwiadczaj\u0105 sta\u0142ego, przewlek\u0142ego b\u00f3lu, co mo\u017ce \u015bwiadczy\u0107 o\u00a0nieprawid\u0142owym zro\u015bcie z\u0142amanej ko\u015bci. Inne objawy mog\u0105 obejmowa\u0107 tkliwo\u015b\u0107 ko\u015bci, obrz\u0119k i\u00a0ci\u0105g\u0142y b\u00f3l odczuwalny g\u0142\u0119boko w\u00a0ko\u015bci.<sup><a href=\"https:\/\/www.exogen.com\/pl\/references\/\">45<\/a><\/sup><\/p>\n<p>Wi\u0119kszo\u015b\u0107 z\u0142amanych ko\u015bci zrasta si\u0119 prawid\u0142owo, je\u015bli zosta\u0142y one nastawione i unieruchomione w odpowiedni spos\u00f3b. Niemniej jednak w ramach leczenia z\u0142amane ko\u015bci wymagaj\u0105 odpowiedniego przep\u0142ywu krwi do miejsca z\u0142amania. Wszelkie czynniki, kt\u00f3re mog\u0105 zak\u0142\u00f3ca\u0107 przep\u0142yw krwi do miejsca z\u0142amania, mog\u0105 spowodowa\u0107 op\u00f3\u017anienie zrostu ko\u015bci lub zahamowa\u0107 gojenie ko\u015bci<sup><a href=\"https:\/\/www.exogen.com\/pl\/references\/\">45<\/a><\/sup>[\/vc_column_text][vc_custom_heading text_color=&#8221;color-nhtu&#8221; heading_semantic=&#8221;h4&#8243; text_font=&#8221;font-126816&#8243; text_size=&#8221;h4&#8243; text_weight=&#8221;700&#8243; text_height=&#8221;fontheight-143712&#8243; uncode_shortcode_id=&#8221;655420&#8243; text_color_type=&#8221;uncode-palette&#8221;]Je\u015bli z\u0142amana ko\u015b\u0107 nie zrasta si\u0119 w okre\u015blonym przedziale czasowym, urz\u0105dzenie EXOGEN mo\u017ce stanowi\u0107 dla Ciebie odpowiednie rozwi\u0105zanie[\/vc_custom_heading][vc_column_text uncode_shortcode_id=&#8221;147088&#8243; css=&#8221;.vc_custom_1754564503613{margin-top: 0px !important;}&#8221;]Jednym ze sprawdzonych sposob\u00f3w na przyspieszenie procesu gojenia ko\u015bci jest codzienna stymulacja uszkodzonej tkanki kostnej za pomoc\u0105 fal ultrad\u017awi\u0119kowych. Aparat EXOGEN to urz\u0105dzenie, kt\u00f3re dostarcza do z\u0142amanej ko\u015bci fale ultrad\u017awi\u0119kowe o niskim nat\u0119\u017ceniu. Udowodniono, \u017ce stymulacja ta pomaga w przyspieszeniu proces\u00f3w zachodz\u0105cych w ramach gojenia tkanki kostnej<sup>*<a href=\"https:\/\/www.exogen.com\/pl\/references\/\">37,38<\/a><\/sup><\/p>\n<p><a href=\"https:\/\/www.exogen.com\/pl\/how-it-works\/\">Aby zapozna\u0107 si\u0119 z\u00a0informacjami na temat dzia\u0142ania stymulatora zrostu ko\u015bci EXOGEN i\u00a0dowiedzie\u0107 si\u0119, czy spe\u0142ni on Twoje potrzeby, kliknij tutaj.<\/a>[\/vc_column_text][vc_column_text text_lead=&#8221;small&#8221; uncode_shortcode_id=&#8221;110285&#8243;]* Znaczenie kliniczne wynik\u00f3w bada\u0144 in vivo jest nieznane.[\/vc_column_text][\/vc_column][\/vc_row][vc_row row_height_percent=&#8221;0&#8243; overlay_alpha=&#8221;50&#8243; gutter_size=&#8221;3&#8243; column_width_percent=&#8221;100&#8243; border_color=&#8221;color-gyho&#8221; border_style=&#8221;solid&#8221; shift_y=&#8221;0&#8243; z_index=&#8221;0&#8243; uncode_shortcode_id=&#8221;193465&#8243; css=&#8221;.vc_custom_1633696557289{margin-top: 40px !important;margin-bottom: 0px !important;border-top-width: 1px !important;}&#8221; el_id=&#8221;description_text&#8221; border_color_type=&#8221;uncode-palette&#8221;][vc_column width=&#8221;1\/1&#8243;][vc_column_text uncode_shortcode_id=&#8221;167284&#8243;]<strong>Summary of Indications for Use<\/strong><br \/>\nThe EXOGEN Ultrasound Bone Healing System is indicated for the non-invasive treatment of established nonunions* excluding skull and vertebra. The EXOGEN device has also been reported as effective as an adjunctive non-invasive treatment of established nonunions in patients:<\/p>\n<ul>\n<li>With internal or external fracture fixation hardware present. EXOGEN cannot penetrate metal and therefore should not be applied directly over hardware.<\/li>\n<li>Undergoing treatment for infection at the fracture site. EXOGEN is not intended to treat the infection.<\/li>\n<li>Believed to have diminished bone quality. EXOGEN is not intended to treat diminished bone quality.<\/li>\n<\/ul>\n<p>In addition, EXOGEN is indicated for accelerating the time to a healed fracture for fresh, closed, posteriorly displaced distal radius fractures and fresh, closed or Grade I open tibial diaphysis fractures in skeletally mature individuals when these fractures are orthopedically managed by closed reduction and cast immobilization.<\/p>\n<p>There are no known contraindications for the EXOGEN device. Safety and effectiveness have not been established for individuals lacking skeletal maturity, pregnant or nursing women, patients with cardiac pacemakers, on fractures due to bone cancer, or on patients with poor blood circulation or clotting problems. Some patients may be sensitive to the ultrasound gel.<\/p>\n<p>*A nonunion is considered to be established when the fracture site shows no visibly progressive signs of healing.<\/p>\n<p>Full prescribing information can be found in product labelling, at <a href=\"https:\/\/www.exogen.com\/\">EXOGEN.com<\/a>, or by calling Customer Service at <a href=\"tel:1-800-836-4080\"><strong>1-800-836-4080<\/strong><\/a>.[\/vc_column_text][\/vc_column][\/vc_row]<\/p>\n<\/div>","protected":false},"excerpt":{"rendered":"<p>[vc_row row_height_percent=&#8221;0&#8243; overlay_alpha=&#8221;50&#8243; gutter_size=&#8221;3&#8243; column_width_percent=&#8221;100&#8243; shift_y=&#8221;0&#8243; z_index=&#8221;0&#8243; uncode_shortcode_id=&#8221;141354&#8243; row_height_pixel=&#8221;145&#8243; back_color_type=&#8221;uncode-gradient&#8221; back_color_gradient=&#8221;{&#8222;css&#8222;:&#8222;background: linear-gradient(to bottom , rgb(211, 211, 211) , rgb(243, 240, [&hellip;]<\/p>\n","protected":false},"author":1,"featured_media":0,"parent":0,"menu_order":0,"comment_status":"closed","ping_status":"closed","template":"","meta":{"_acf_changed":false,"_five9_enable_chat":"","footnotes":""},"class_list":["post-3489","page","type-page","status-publish","hentry"],"acf":[],"yoast_head":"<!-- This site is optimized with the Yoast SEO plugin v27.3 - https:\/\/yoast.com\/product\/yoast-seo-wordpress\/ -->\n<title>Czy z\u0142amana ko\u015b\u0107 boli podczas gojenia? | EXOGEN Ultrasound Bone Healing System<\/title>\n<meta name=\"robots\" content=\"index, follow, max-snippet:-1, max-image-preview:large, max-video-preview:-1\" \/>\n<link rel=\"canonical\" href=\"https:\/\/www.exogen.com\/pl\/does-a-broken-bone-hurt-when-healing\/\" \/>\n<meta property=\"og:locale\" content=\"pl_PL\" \/>\n<meta property=\"og:type\" content=\"article\" \/>\n<meta property=\"og:title\" content=\"Czy z\u0142amana ko\u015b\u0107 boli podczas gojenia? | EXOGEN Ultrasound Bone Healing System\" \/>\n<meta property=\"og:description\" content=\"[vc_row row_height_percent=&#8221;0&#8243; overlay_alpha=&#8221;50&#8243; gutter_size=&#8221;3&#8243; column_width_percent=&#8221;100&#8243; shift_y=&#8221;0&#8243; z_index=&#8221;0&#8243; uncode_shortcode_id=&#8221;141354&#8243; row_height_pixel=&#8221;145&#8243; back_color_type=&#8221;uncode-gradient&#8221; back_color_gradient=&#8221;{&#8222;css&#8222;:&#8222;background: linear-gradient(to bottom , rgb(211, 211, 211) , rgb(243, 240, [&hellip;]\" \/>\n<meta property=\"og:url\" content=\"https:\/\/www.exogen.com\/pl\/does-a-broken-bone-hurt-when-healing\/\" \/>\n<meta property=\"og:site_name\" content=\"EXOGEN Ultrasound Bone Healing System\" \/>\n<meta property=\"article:publisher\" content=\"https:\/\/www.facebook.com\/exogenbonehealing\/\" \/>\n<meta property=\"article:modified_time\" content=\"2025-08-07T11:01:54+00:00\" \/>\n<meta name=\"twitter:card\" content=\"summary_large_image\" \/>\n<meta name=\"twitter:label1\" content=\"Szacowany czas czytania\" \/>\n\t<meta name=\"twitter:data1\" content=\"5 minut\" \/>\n<script type=\"application\/ld+json\" class=\"yoast-schema-graph\">{\"@context\":\"https:\\\/\\\/schema.org\",\"@graph\":[{\"@type\":\"WebPage\",\"@id\":\"https:\\\/\\\/www.exogen.com\\\/pl\\\/does-a-broken-bone-hurt-when-healing\\\/\",\"url\":\"https:\\\/\\\/www.exogen.com\\\/pl\\\/does-a-broken-bone-hurt-when-healing\\\/\",\"name\":\"Czy z\u0142amana ko\u015b\u0107 boli podczas gojenia? | EXOGEN Ultrasound Bone Healing System\",\"isPartOf\":{\"@id\":\"https:\\\/\\\/www.exogen.com\\\/pl\\\/#website\"},\"datePublished\":\"2021-10-08T12:45:26+00:00\",\"dateModified\":\"2025-08-07T11:01:54+00:00\",\"breadcrumb\":{\"@id\":\"https:\\\/\\\/www.exogen.com\\\/pl\\\/does-a-broken-bone-hurt-when-healing\\\/#breadcrumb\"},\"inLanguage\":\"pl-PL\",\"potentialAction\":[{\"@type\":\"ReadAction\",\"target\":[\"https:\\\/\\\/www.exogen.com\\\/pl\\\/does-a-broken-bone-hurt-when-healing\\\/\"]}]},{\"@type\":\"BreadcrumbList\",\"@id\":\"https:\\\/\\\/www.exogen.com\\\/pl\\\/does-a-broken-bone-hurt-when-healing\\\/#breadcrumb\",\"itemListElement\":[{\"@type\":\"ListItem\",\"position\":1,\"name\":\"Home\",\"item\":\"https:\\\/\\\/www.exogen.com\\\/pl\\\/\"},{\"@type\":\"ListItem\",\"position\":2,\"name\":\"Czy z\u0142amana ko\u015b\u0107 boli podczas gojenia?\"}]},{\"@type\":\"WebSite\",\"@id\":\"https:\\\/\\\/www.exogen.com\\\/pl\\\/#website\",\"url\":\"https:\\\/\\\/www.exogen.com\\\/pl\\\/\",\"name\":\"EXOGEN Ultrasound Bone Healing System\",\"description\":\"Ultrasound Bone Healing System\",\"publisher\":{\"@id\":\"https:\\\/\\\/www.exogen.com\\\/pl\\\/#organization\"},\"potentialAction\":[{\"@type\":\"SearchAction\",\"target\":{\"@type\":\"EntryPoint\",\"urlTemplate\":\"https:\\\/\\\/www.exogen.com\\\/pl\\\/?s={search_term_string}\"},\"query-input\":{\"@type\":\"PropertyValueSpecification\",\"valueRequired\":true,\"valueName\":\"search_term_string\"}}],\"inLanguage\":\"pl-PL\"},{\"@type\":\"Organization\",\"@id\":\"https:\\\/\\\/www.exogen.com\\\/pl\\\/#organization\",\"name\":\"EXOGEN\",\"url\":\"https:\\\/\\\/www.exogen.com\\\/pl\\\/\",\"logo\":{\"@type\":\"ImageObject\",\"inLanguage\":\"pl-PL\",\"@id\":\"https:\\\/\\\/www.exogen.com\\\/pl\\\/#\\\/schema\\\/logo\\\/image\\\/\",\"url\":\"https:\\\/\\\/www.exogen.com\\\/wp-content\\\/uploads\\\/2021\\\/10\\\/purple-logo.png\",\"contentUrl\":\"https:\\\/\\\/www.exogen.com\\\/wp-content\\\/uploads\\\/2021\\\/10\\\/purple-logo.png\",\"width\":264,\"height\":100,\"caption\":\"EXOGEN\"},\"image\":{\"@id\":\"https:\\\/\\\/www.exogen.com\\\/pl\\\/#\\\/schema\\\/logo\\\/image\\\/\"},\"sameAs\":[\"https:\\\/\\\/www.facebook.com\\\/exogenbonehealing\\\/\",\"https:\\\/\\\/www.instagram.com\\\/exogenbonehealing\\\/\",\"https:\\\/\\\/www.youtube.com\\\/channel\\\/UCP5jnVTUjZZKlr_b-mxr49w\"]}]}<\/script>\n<!-- \/ Yoast SEO plugin. -->","yoast_head_json":{"title":"Czy z\u0142amana ko\u015b\u0107 boli podczas gojenia? | EXOGEN Ultrasound Bone Healing System","robots":{"index":"index","follow":"follow","max-snippet":"max-snippet:-1","max-image-preview":"max-image-preview:large","max-video-preview":"max-video-preview:-1"},"canonical":"https:\/\/www.exogen.com\/pl\/does-a-broken-bone-hurt-when-healing\/","og_locale":"pl_PL","og_type":"article","og_title":"Czy z\u0142amana ko\u015b\u0107 boli podczas gojenia? | EXOGEN Ultrasound Bone Healing System","og_description":"[vc_row row_height_percent=&#8221;0&#8243; overlay_alpha=&#8221;50&#8243; gutter_size=&#8221;3&#8243; column_width_percent=&#8221;100&#8243; shift_y=&#8221;0&#8243; z_index=&#8221;0&#8243; uncode_shortcode_id=&#8221;141354&#8243; row_height_pixel=&#8221;145&#8243; back_color_type=&#8221;uncode-gradient&#8221; back_color_gradient=&#8221;{&#8222;css&#8222;:&#8222;background: linear-gradient(to bottom , rgb(211, 211, 211) , rgb(243, 240, [&hellip;]","og_url":"https:\/\/www.exogen.com\/pl\/does-a-broken-bone-hurt-when-healing\/","og_site_name":"EXOGEN Ultrasound Bone Healing System","article_publisher":"https:\/\/www.facebook.com\/exogenbonehealing\/","article_modified_time":"2025-08-07T11:01:54+00:00","twitter_card":"summary_large_image","twitter_misc":{"Szacowany czas czytania":"5 minut"},"schema":{"@context":"https:\/\/schema.org","@graph":[{"@type":"WebPage","@id":"https:\/\/www.exogen.com\/pl\/does-a-broken-bone-hurt-when-healing\/","url":"https:\/\/www.exogen.com\/pl\/does-a-broken-bone-hurt-when-healing\/","name":"Czy z\u0142amana ko\u015b\u0107 boli podczas gojenia? | EXOGEN Ultrasound Bone Healing System","isPartOf":{"@id":"https:\/\/www.exogen.com\/pl\/#website"},"datePublished":"2021-10-08T12:45:26+00:00","dateModified":"2025-08-07T11:01:54+00:00","breadcrumb":{"@id":"https:\/\/www.exogen.com\/pl\/does-a-broken-bone-hurt-when-healing\/#breadcrumb"},"inLanguage":"pl-PL","potentialAction":[{"@type":"ReadAction","target":["https:\/\/www.exogen.com\/pl\/does-a-broken-bone-hurt-when-healing\/"]}]},{"@type":"BreadcrumbList","@id":"https:\/\/www.exogen.com\/pl\/does-a-broken-bone-hurt-when-healing\/#breadcrumb","itemListElement":[{"@type":"ListItem","position":1,"name":"Home","item":"https:\/\/www.exogen.com\/pl\/"},{"@type":"ListItem","position":2,"name":"Czy z\u0142amana ko\u015b\u0107 boli podczas gojenia?"}]},{"@type":"WebSite","@id":"https:\/\/www.exogen.com\/pl\/#website","url":"https:\/\/www.exogen.com\/pl\/","name":"EXOGEN Ultrasound Bone Healing System","description":"Ultrasound Bone Healing System","publisher":{"@id":"https:\/\/www.exogen.com\/pl\/#organization"},"potentialAction":[{"@type":"SearchAction","target":{"@type":"EntryPoint","urlTemplate":"https:\/\/www.exogen.com\/pl\/?s={search_term_string}"},"query-input":{"@type":"PropertyValueSpecification","valueRequired":true,"valueName":"search_term_string"}}],"inLanguage":"pl-PL"},{"@type":"Organization","@id":"https:\/\/www.exogen.com\/pl\/#organization","name":"EXOGEN","url":"https:\/\/www.exogen.com\/pl\/","logo":{"@type":"ImageObject","inLanguage":"pl-PL","@id":"https:\/\/www.exogen.com\/pl\/#\/schema\/logo\/image\/","url":"https:\/\/www.exogen.com\/wp-content\/uploads\/2021\/10\/purple-logo.png","contentUrl":"https:\/\/www.exogen.com\/wp-content\/uploads\/2021\/10\/purple-logo.png","width":264,"height":100,"caption":"EXOGEN"},"image":{"@id":"https:\/\/www.exogen.com\/pl\/#\/schema\/logo\/image\/"},"sameAs":["https:\/\/www.facebook.com\/exogenbonehealing\/","https:\/\/www.instagram.com\/exogenbonehealing\/","https:\/\/www.youtube.com\/channel\/UCP5jnVTUjZZKlr_b-mxr49w"]}]}},"_links":{"self":[{"href":"https:\/\/www.exogen.com\/pl\/wp-json\/wp\/v2\/pages\/3489","targetHints":{"allow":["GET"]}}],"collection":[{"href":"https:\/\/www.exogen.com\/pl\/wp-json\/wp\/v2\/pages"}],"about":[{"href":"https:\/\/www.exogen.com\/pl\/wp-json\/wp\/v2\/types\/page"}],"author":[{"embeddable":true,"href":"https:\/\/www.exogen.com\/pl\/wp-json\/wp\/v2\/users\/1"}],"replies":[{"embeddable":true,"href":"https:\/\/www.exogen.com\/pl\/wp-json\/wp\/v2\/comments?post=3489"}],"version-history":[{"count":0,"href":"https:\/\/www.exogen.com\/pl\/wp-json\/wp\/v2\/pages\/3489\/revisions"}],"wp:attachment":[{"href":"https:\/\/www.exogen.com\/pl\/wp-json\/wp\/v2\/media?parent=3489"}],"curies":[{"name":"wp","href":"https:\/\/api.w.org\/{rel}","templated":true}]}}