{"id":1920,"date":"2021-10-25T13:48:22","date_gmt":"2021-10-25T13:48:22","guid":{"rendered":"https:\/\/exogen.com\/what-is-a-bone-stimulator\/"},"modified":"2025-08-07T10:21:47","modified_gmt":"2025-08-07T10:21:47","slug":"what-is-a-bone-stimulator","status":"publish","type":"page","link":"https:\/\/www.exogen.com\/sv\/what-is-a-bone-stimulator\/","title":{"rendered":"Vad \u00e4r en benstimulator?"},"content":{"rendered":"<div class=\"wpb-content-wrapper\"><p>[vc_row row_height_percent=&#8221;0&#8243; overlay_alpha=&#8221;50&#8243; gutter_size=&#8221;3&#8243; column_width_percent=&#8221;100&#8243; shift_y=&#8221;0&#8243; z_index=&#8221;0&#8243; uncode_shortcode_id=&#8221;141354&#8243; row_height_pixel=&#8221;145&#8243; back_color_type=&#8221;uncode-gradient&#8221; back_color_gradient=&#8221;{&#8220;css&#8220;:&#8220;background: linear-gradient(to bottom , rgb(211, 211, 211) , rgb(243, 240, 244) 34%);&#8220;,&#8220;sliders&#8220;:`{`{&#8220;color&#8220;:&#8220;rgb(211, 211, 211)&#8220;,&#8220;position&#8220;:0},{&#8220;color&#8220;:&#8220;rgb(243, 240, 244)&#8220;,&#8220;position&#8220;:34}`}`,&#8220;type&#8220;:&#8220;linear&#8220;,&#8220;direction&#8220;:&#8220;top&#8220;}&#8221; css=&#8221;.vc_custom_1633698520117{margin-top: 80px !important;margin-bottom: 60px !important;}&#8221;][vc_column column_width_percent=&#8221;100&#8243; position_vertical=&#8221;middle&#8221; gutter_size=&#8221;3&#8243; overlay_alpha=&#8221;50&#8243; shift_x=&#8221;0&#8243; shift_y=&#8221;0&#8243; shift_y_down=&#8221;0&#8243; z_index=&#8221;0&#8243; medium_width=&#8221;0&#8243; mobile_width=&#8221;0&#8243; width=&#8221;1\/1&#8243; uncode_shortcode_id=&#8221;697530&#8243;][vc_column_text text_color=&#8221;color-107303&#8243; uncode_shortcode_id=&#8221;185994&#8243; text_color_type=&#8221;uncode-palette&#8221; css=&#8221;.vc_custom_1754561428143{margin-top: 0px !important;margin-bottom: -30px !important;padding-top: 0px !important;padding-bottom: 0px !important;}&#8221; el_class=&#8221;top-link&#8221;]<a href=\"https:\/\/exogennewmap.wpengine.com\/sv\/faqs\/\"><i class=\"fa fa-angle-left\"><\/i> Tillbaka<\/a>[\/vc_column_text][vc_custom_heading auto_text=&#8221;yes&#8221; text_color=&#8221;color-121277&#8243; heading_semantic=&#8221;h1&#8243; text_font=&#8221;font-559666&#8243; text_size=&#8221;fontsize-242148&#8243; text_transform=&#8221;uppercase&#8221; text_height=&#8221;fontheight-133340&#8243; uncode_shortcode_id=&#8221;311603&#8243; text_color_type=&#8221;uncode-palette&#8221;]This is a custom heading element.[\/vc_custom_heading][\/vc_column][\/vc_row][vc_row row_height_percent=&#8221;0&#8243; overlay_alpha=&#8221;50&#8243; gutter_size=&#8221;3&#8243; column_width_percent=&#8221;100&#8243; shift_y=&#8221;0&#8243; z_index=&#8221;0&#8243; uncode_shortcode_id=&#8221;169022&#8243; css=&#8221;.vc_custom_1633699476839{margin-bottom: 40px !important;}&#8221;][vc_column width=&#8221;1\/1&#8243;][vc_column_text uncode_shortcode_id=&#8221;962735&#8243; css=&#8221;.vc_custom_1754562052082{margin-top: 0px !important;}&#8221; el_class=&#8221;faq-page-content&#8221;]En benstimulator \u00e4r en apparat som fr\u00e4mjar benl\u00e4kning genom att rikta energif\u00e4lt mot indikerade akuta frakturer och utebliven frakturl\u00e4kning.<sup><a href=\"https:\/\/www.exogen.com\/sv\/references\/\">48<\/a><\/sup><\/p>\n<p>M\u00e4nniskans ben \u00e4r levande v\u00e4vnad som sj\u00e4lvl\u00e4ker vid skada eller brott. Det finns flera komplexa molekyl\u00e4ra reaktioner som sker under benl\u00e4kningsprocessen.<sup><a href=\"https:\/\/www.exogen.com\/sv\/references\/\">48<\/a><\/sup><\/p>\n<p>Benstimulatorer fr\u00e4mjar benl\u00e4kningen genom att stimulera den h\u00e4r aspekten av kroppens naturliga l\u00e4kningsf\u00f6rm\u00e5ga.<sup><a href=\"https:\/\/www.exogen.com\/sv\/references\/\">48<\/a><\/sup> Energin fr\u00e5n dessa apparater st\u00e4rker benl\u00e4kningen genom att utl\u00f6sa en kaskad av\u00a0komplexa molekyl\u00e4ra reaktioner som sker under benl\u00e4kningsprocessen.<sup><a href=\"https:\/\/www.exogen.com\/sv\/references\/\">48<\/a><\/sup><\/p>\n<p>Det finns flera tekniker som anv\u00e4nds av benstimulatorer f\u00f6r att generera den energi som de applicerar p\u00e5 benbrott. Bland dessa tekniker finns direktstr\u00f6m, kapacitiv koppling, pulserande elektromagnetiska f\u00e4lt och pulserande ultraljud med l\u00e5g intensitet.<sup><a href=\"https:\/\/www.exogen.com\/sv\/references\/\">49<\/a><\/sup> De benstimulatorer som anv\u00e4nds oftast \u00e4r av typen elektriska stimulatorer och ultraljudsstimulatorer.<sup><a href=\"https:\/\/www.exogen.com\/sv\/references\/\">49<\/a><\/sup><\/p>\n<p>Benstimulatorer finns i olika former och storlekar. I de flesta benstimulatorer anv\u00e4nds ett litet batteri som energik\u00e4lla. Benstimulatorer f\u00e4sts oftast vid frakturplatsen och b\u00e4rs en viss tid varje dag, allt fr\u00e5n n\u00e5gra minuter till flera timmar.<sup><a href=\"https:\/\/www.exogen.com\/sv\/references\/\">48<\/a><\/sup><\/p>\n<p><strong>Utebliven frakturl\u00e4kning<\/strong><br \/>\nBenstimulatorer anv\u00e4nds f\u00f6r att fr\u00e4mja l\u00e4kning av akuta eller f\u00e4rska frakturer samt vid utebliven frakturl\u00e4kning.<sup><a href=\"https:\/\/www.exogen.com\/sv\/references\/\">48<\/a><\/sup> De h\u00e4r frakturtyperna kan resultera fr\u00e5n en komplikation, till exempel en infektion vid platsen f\u00f6r skadan eller f\u00f6rs\u00e4mrat blodfl\u00f6de till benv\u00e4vnaden. Personer som har diabetes eller r\u00f6ker kan ha f\u00f6rs\u00e4mrat blodfl\u00f6de till det brutna benet.<sup><a href=\"https:\/\/www.exogen.com\/sv\/references\/\">8,10,45<\/a><\/sup> Andra orsaker till utebliven frakturl\u00e4kning kan vara felaktig inriktning av de brutna ben\u00e4ndarna eller otillr\u00e4cklig stabilisering under l\u00e4kningsprocessen.<sup><a href=\"https:\/\/www.exogen.com\/sv\/references\/\">45<\/a><\/sup><\/p>\n<p><strong>Effektiviteten f\u00f6r ultraljudsbaserad benstimulering<\/strong><br \/>\nF\u00f6rklinisk forskning med laboratoriedjur visar att enheten med pulserande ultraljud med l\u00e5g intensitet f\u00f6rb\u00e4ttrar ett antal molekyl\u00e4ra reaktioner som f\u00f6rekommer vid benl\u00e4kning.*\u2020<sup>\u2020<a href=\"https:\/\/www.exogen.com\/sv\/references\/\">37,38,50,51 <\/a><\/sup> Klinisk forskning hos patienter med benfrakturer ger ytterligare st\u00f6d f\u00f6r effektiviteten hos ultraljudsbaserad benstimulering. L\u00e4kningstiden f\u00f6r vissa nya frakturer minskades med 38\u00a0%, och 86\u00a0% av fastst\u00e4llda fall av utebliven frakturl\u00e4kning l\u00e4ktes med ultraljudsbaserad benstimulering.<sup><a href=\"https:\/\/www.exogen.com\/sv\/references\/\">1-3<\/a><\/sup><\/p>\n<p><strong>EXOGEN ultraljudssystem f\u00f6r benl\u00e4kning<\/strong><br \/>\nEXOGEN ger pulserande ultraljudsbaserad benstimulering. Enheten tillf\u00f6r s\u00e4kra ultraljudsv\u00e5gor med l\u00e5g intensitet som utl\u00f6ser den naturliga benl\u00e4kningen. Daglig behandling med EXOGEN st\u00f6der den naturliga benl\u00e4kningen med hj\u00e4lp av tre metoder:<\/p>\n<p><strong>1. Stimulering*<sup><a href=\"https:\/\/www.exogen.com\/sv\/references\/\">36<\/a><\/sup><\/strong><br \/>\nEXOGEN skickar ultraljudsv\u00e5gor genom huden, vilket ger upphov till r\u00f6relser som stimulerar kroppens celler.<\/p>\n<p><strong>2. Aktivering*<sup><a href=\"https:\/\/www.exogen.com\/sv\/references\/\">37<\/a><\/sup><\/strong><br \/>\nEXOGEN:s ultraljud aktiverar celler i kroppen.<\/p>\n<p><strong>3. Uppreglering*<sup><a href=\"https:\/\/www.exogen.com\/sv\/references\/\">38<\/a><\/sup><\/strong><br \/>\nUppregleringen \u00f6kas av EXOGEN:s ultraljudsv\u00e5gor. De \u00f6kar faktorer som hj\u00e4lper kroppen att b\u00f6rja l\u00e4ka frakturen.[\/vc_column_text][vc_column_text uncode_shortcode_id=&#8221;194119&#8243; css=&#8221;.vc_custom_1754562099114{margin-top: 20px !important;}&#8221;]<a href=\"https:\/\/www.exogen.com\/sv\/is-exogen-right-for-me\/\">L\u00e4s mer om hur EXOGEN:s benstimulator fungerar h\u00e4r och ta reda p\u00e5 om det \u00e4r r\u00e4tt val f\u00f6r dig!<\/a><\/p>\n<p><small>*Den kliniska signifikansen f\u00f6r dessa fynd \u00e4r ok\u00e4nd.<br \/>\n<sup>\u2020<\/sup>L\u00e4s den fulla f\u00f6rskrivningsinformationen p\u00e5 <a href=\"https:\/\/www.exogen.com\/\">www.exogen.com<\/a> eller ring Bioventus kundtj\u00e4nst.<\/small>[\/vc_column_text][\/vc_column][\/vc_row][vc_row row_height_percent=&#8221;0&#8243; overlay_alpha=&#8221;50&#8243; gutter_size=&#8221;3&#8243; column_width_percent=&#8221;100&#8243; border_color=&#8221;color-gyho&#8221; border_style=&#8221;solid&#8221; shift_y=&#8221;0&#8243; z_index=&#8221;0&#8243; uncode_shortcode_id=&#8221;193465&#8243; css=&#8221;.vc_custom_1633696557289{margin-top: 40px !important;margin-bottom: 0px !important;border-top-width: 1px !important;}&#8221; el_id=&#8221;description_text&#8221; border_color_type=&#8221;uncode-palette&#8221;][vc_column width=&#8221;1\/1&#8243;][vc_column_text uncode_shortcode_id=&#8221;176828&#8243;]<strong style=\"margin-bottom: 15px;\">Summary of Indications for Use<\/strong><\/p>\n<p>The EXOGEN Ultrasound Bone Healing System is indicated for the non-invasive treatment of established nonunions* excluding skull and vertebra. The EXOGEN device has also been reported as effective as an adjunctive non-invasive treatment of established nonunions in patients:<\/p>\n<ul>\n<li>With internal or external fracture fixation hardware present. EXOGEN cannot penetrate metal and therefore should not be applied directly over hardware.<\/li>\n<li>Undergoing treatment for infection at the fracture site. EXOGEN is not intended to treat the infection.<\/li>\n<li>Believed to have diminished bone quality. EXOGEN is not intended to treat diminished bone quality.<\/li>\n<\/ul>\n<p>In addition, EXOGEN is indicated for accelerating the time to a healed fracture for fresh, closed, posteriorly displaced distal radius fractures and fresh, closed or Grade I open tibial diaphysis fractures in skeletally mature individuals when these fractures are orthopedically managed by closed reduction and cast immobilization.<\/p>\n<p>There are no known contraindications for the EXOGEN device. Safety and effectiveness have not been established for individuals lacking skeletal maturity, pregnant or nursing women, patients with cardiac pacemakers, on fractures due to bone cancer, or on patients with poor blood circulation or clotting problems. Some patients may be sensitive to the ultrasound gel.<\/p>\n<p>*A nonunion is considered to be established when the fracture site shows no visibly progressive signs of healing.<\/p>\n<p>Full prescribing information can be found in product labelling, at <a href=\"https:\/\/www.exogen.com\/\">EXOGEN.com<\/a>, or by calling Customer Service at <a href=\"tel:1-800-836-4080\"><strong>1-800-836-4080<\/strong><\/a>.[\/vc_column_text][\/vc_column][\/vc_row]<\/p>\n<\/div>","protected":false},"excerpt":{"rendered":"<p>[vc_row row_height_percent=&#8221;0&#8243; overlay_alpha=&#8221;50&#8243; gutter_size=&#8221;3&#8243; column_width_percent=&#8221;100&#8243; shift_y=&#8221;0&#8243; z_index=&#8221;0&#8243; uncode_shortcode_id=&#8221;141354&#8243; row_height_pixel=&#8221;145&#8243; back_color_type=&#8221;uncode-gradient&#8221; back_color_gradient=&#8221;{&#8220;css&#8220;:&#8220;background: linear-gradient(to bottom , rgb(211, 211, 211) , rgb(243, 240, [&hellip;]<\/p>\n","protected":false},"author":1,"featured_media":0,"parent":0,"menu_order":0,"comment_status":"closed","ping_status":"closed","template":"","meta":{"_acf_changed":false,"_five9_enable_chat":"","footnotes":""},"class_list":["post-1920","page","type-page","status-publish","hentry"],"acf":[],"yoast_head":"<!-- This site is optimized with the Yoast SEO plugin v27.3 - https:\/\/yoast.com\/product\/yoast-seo-wordpress\/ -->\n<title>Vad \u00e4r en benstimulator? | EXOGEN Ultraljudssystem f\u00f6r Benl\u00e4kning<\/title>\n<meta name=\"robots\" content=\"index, follow, max-snippet:-1, max-image-preview:large, max-video-preview:-1\" \/>\n<link rel=\"canonical\" href=\"https:\/\/www.exogen.com\/sv\/what-is-a-bone-stimulator\/\" \/>\n<meta property=\"og:locale\" content=\"en_US\" \/>\n<meta property=\"og:type\" content=\"article\" \/>\n<meta property=\"og:title\" content=\"Vad \u00e4r en benstimulator? | EXOGEN Ultraljudssystem f\u00f6r Benl\u00e4kning\" \/>\n<meta property=\"og:description\" content=\"[vc_row row_height_percent=&#8221;0&#8243; overlay_alpha=&#8221;50&#8243; gutter_size=&#8221;3&#8243; column_width_percent=&#8221;100&#8243; shift_y=&#8221;0&#8243; z_index=&#8221;0&#8243; uncode_shortcode_id=&#8221;141354&#8243; row_height_pixel=&#8221;145&#8243; back_color_type=&#8221;uncode-gradient&#8221; back_color_gradient=&#8221;{&#8220;css&#8220;:&#8220;background: linear-gradient(to bottom , rgb(211, 211, 211) , rgb(243, 240, [&hellip;]\" \/>\n<meta property=\"og:url\" content=\"https:\/\/www.exogen.com\/sv\/what-is-a-bone-stimulator\/\" \/>\n<meta property=\"og:site_name\" content=\"EXOGEN Ultrasound Bone Healing System\" \/>\n<meta property=\"article:publisher\" content=\"https:\/\/www.facebook.com\/exogenbonehealing\/\" \/>\n<meta property=\"article:modified_time\" content=\"2025-08-07T10:21:47+00:00\" \/>\n<meta name=\"twitter:card\" content=\"summary_large_image\" \/>\n<meta name=\"twitter:label1\" content=\"Est. reading time\" \/>\n\t<meta name=\"twitter:data1\" content=\"4 minutes\" \/>\n<script type=\"application\/ld+json\" class=\"yoast-schema-graph\">{\"@context\":\"https:\\\/\\\/schema.org\",\"@graph\":[{\"@type\":\"WebPage\",\"@id\":\"https:\\\/\\\/www.exogen.com\\\/sv\\\/what-is-a-bone-stimulator\\\/\",\"url\":\"https:\\\/\\\/www.exogen.com\\\/sv\\\/what-is-a-bone-stimulator\\\/\",\"name\":\"Vad \u00e4r en benstimulator? | EXOGEN Ultraljudssystem f\u00f6r Benl\u00e4kning\",\"isPartOf\":{\"@id\":\"https:\\\/\\\/www.exogen.com\\\/sv\\\/#website\"},\"datePublished\":\"2021-10-25T13:48:22+00:00\",\"dateModified\":\"2025-08-07T10:21:47+00:00\",\"breadcrumb\":{\"@id\":\"https:\\\/\\\/www.exogen.com\\\/sv\\\/what-is-a-bone-stimulator\\\/#breadcrumb\"},\"inLanguage\":\"sv-SV\",\"potentialAction\":[{\"@type\":\"ReadAction\",\"target\":[\"https:\\\/\\\/www.exogen.com\\\/sv\\\/what-is-a-bone-stimulator\\\/\"]}]},{\"@type\":\"BreadcrumbList\",\"@id\":\"https:\\\/\\\/www.exogen.com\\\/sv\\\/what-is-a-bone-stimulator\\\/#breadcrumb\",\"itemListElement\":[{\"@type\":\"ListItem\",\"position\":1,\"name\":\"Home\",\"item\":\"https:\\\/\\\/www.exogen.com\\\/sv\\\/\"},{\"@type\":\"ListItem\",\"position\":2,\"name\":\"Vad \u00e4r en benstimulator?\"}]},{\"@type\":\"WebSite\",\"@id\":\"https:\\\/\\\/www.exogen.com\\\/sv\\\/#website\",\"url\":\"https:\\\/\\\/www.exogen.com\\\/sv\\\/\",\"name\":\"EXOGEN Ultrasound Bone Healing System\",\"description\":\"Ultrasound Bone Healing System\",\"publisher\":{\"@id\":\"https:\\\/\\\/www.exogen.com\\\/sv\\\/#organization\"},\"potentialAction\":[{\"@type\":\"SearchAction\",\"target\":{\"@type\":\"EntryPoint\",\"urlTemplate\":\"https:\\\/\\\/www.exogen.com\\\/sv\\\/?s={search_term_string}\"},\"query-input\":{\"@type\":\"PropertyValueSpecification\",\"valueRequired\":true,\"valueName\":\"search_term_string\"}}],\"inLanguage\":\"sv-SV\"},{\"@type\":\"Organization\",\"@id\":\"https:\\\/\\\/www.exogen.com\\\/sv\\\/#organization\",\"name\":\"EXOGEN\",\"url\":\"https:\\\/\\\/www.exogen.com\\\/sv\\\/\",\"logo\":{\"@type\":\"ImageObject\",\"inLanguage\":\"sv-SV\",\"@id\":\"https:\\\/\\\/www.exogen.com\\\/sv\\\/#\\\/schema\\\/logo\\\/image\\\/\",\"url\":\"https:\\\/\\\/www.exogen.com\\\/wp-content\\\/uploads\\\/2021\\\/10\\\/purple-logo.png\",\"contentUrl\":\"https:\\\/\\\/www.exogen.com\\\/wp-content\\\/uploads\\\/2021\\\/10\\\/purple-logo.png\",\"width\":264,\"height\":100,\"caption\":\"EXOGEN\"},\"image\":{\"@id\":\"https:\\\/\\\/www.exogen.com\\\/sv\\\/#\\\/schema\\\/logo\\\/image\\\/\"},\"sameAs\":[\"https:\\\/\\\/www.facebook.com\\\/exogenbonehealing\\\/\",\"https:\\\/\\\/www.instagram.com\\\/exogenbonehealing\\\/\",\"https:\\\/\\\/www.youtube.com\\\/channel\\\/UCP5jnVTUjZZKlr_b-mxr49w\"]}]}<\/script>\n<!-- \/ Yoast SEO plugin. -->","yoast_head_json":{"title":"Vad \u00e4r en benstimulator? | EXOGEN Ultraljudssystem f\u00f6r Benl\u00e4kning","robots":{"index":"index","follow":"follow","max-snippet":"max-snippet:-1","max-image-preview":"max-image-preview:large","max-video-preview":"max-video-preview:-1"},"canonical":"https:\/\/www.exogen.com\/sv\/what-is-a-bone-stimulator\/","og_locale":"en_US","og_type":"article","og_title":"Vad \u00e4r en benstimulator? | EXOGEN Ultraljudssystem f\u00f6r Benl\u00e4kning","og_description":"[vc_row row_height_percent=&#8221;0&#8243; overlay_alpha=&#8221;50&#8243; gutter_size=&#8221;3&#8243; column_width_percent=&#8221;100&#8243; shift_y=&#8221;0&#8243; z_index=&#8221;0&#8243; uncode_shortcode_id=&#8221;141354&#8243; row_height_pixel=&#8221;145&#8243; back_color_type=&#8221;uncode-gradient&#8221; back_color_gradient=&#8221;{&#8220;css&#8220;:&#8220;background: linear-gradient(to bottom , rgb(211, 211, 211) , rgb(243, 240, [&hellip;]","og_url":"https:\/\/www.exogen.com\/sv\/what-is-a-bone-stimulator\/","og_site_name":"EXOGEN Ultrasound Bone Healing System","article_publisher":"https:\/\/www.facebook.com\/exogenbonehealing\/","article_modified_time":"2025-08-07T10:21:47+00:00","twitter_card":"summary_large_image","twitter_misc":{"Est. reading time":"4 minutes"},"schema":{"@context":"https:\/\/schema.org","@graph":[{"@type":"WebPage","@id":"https:\/\/www.exogen.com\/sv\/what-is-a-bone-stimulator\/","url":"https:\/\/www.exogen.com\/sv\/what-is-a-bone-stimulator\/","name":"Vad \u00e4r en benstimulator? | EXOGEN Ultraljudssystem f\u00f6r Benl\u00e4kning","isPartOf":{"@id":"https:\/\/www.exogen.com\/sv\/#website"},"datePublished":"2021-10-25T13:48:22+00:00","dateModified":"2025-08-07T10:21:47+00:00","breadcrumb":{"@id":"https:\/\/www.exogen.com\/sv\/what-is-a-bone-stimulator\/#breadcrumb"},"inLanguage":"sv-SV","potentialAction":[{"@type":"ReadAction","target":["https:\/\/www.exogen.com\/sv\/what-is-a-bone-stimulator\/"]}]},{"@type":"BreadcrumbList","@id":"https:\/\/www.exogen.com\/sv\/what-is-a-bone-stimulator\/#breadcrumb","itemListElement":[{"@type":"ListItem","position":1,"name":"Home","item":"https:\/\/www.exogen.com\/sv\/"},{"@type":"ListItem","position":2,"name":"Vad \u00e4r en benstimulator?"}]},{"@type":"WebSite","@id":"https:\/\/www.exogen.com\/sv\/#website","url":"https:\/\/www.exogen.com\/sv\/","name":"EXOGEN Ultrasound Bone Healing System","description":"Ultrasound Bone Healing System","publisher":{"@id":"https:\/\/www.exogen.com\/sv\/#organization"},"potentialAction":[{"@type":"SearchAction","target":{"@type":"EntryPoint","urlTemplate":"https:\/\/www.exogen.com\/sv\/?s={search_term_string}"},"query-input":{"@type":"PropertyValueSpecification","valueRequired":true,"valueName":"search_term_string"}}],"inLanguage":"sv-SV"},{"@type":"Organization","@id":"https:\/\/www.exogen.com\/sv\/#organization","name":"EXOGEN","url":"https:\/\/www.exogen.com\/sv\/","logo":{"@type":"ImageObject","inLanguage":"sv-SV","@id":"https:\/\/www.exogen.com\/sv\/#\/schema\/logo\/image\/","url":"https:\/\/www.exogen.com\/wp-content\/uploads\/2021\/10\/purple-logo.png","contentUrl":"https:\/\/www.exogen.com\/wp-content\/uploads\/2021\/10\/purple-logo.png","width":264,"height":100,"caption":"EXOGEN"},"image":{"@id":"https:\/\/www.exogen.com\/sv\/#\/schema\/logo\/image\/"},"sameAs":["https:\/\/www.facebook.com\/exogenbonehealing\/","https:\/\/www.instagram.com\/exogenbonehealing\/","https:\/\/www.youtube.com\/channel\/UCP5jnVTUjZZKlr_b-mxr49w"]}]}},"_links":{"self":[{"href":"https:\/\/www.exogen.com\/sv\/wp-json\/wp\/v2\/pages\/1920","targetHints":{"allow":["GET"]}}],"collection":[{"href":"https:\/\/www.exogen.com\/sv\/wp-json\/wp\/v2\/pages"}],"about":[{"href":"https:\/\/www.exogen.com\/sv\/wp-json\/wp\/v2\/types\/page"}],"author":[{"embeddable":true,"href":"https:\/\/www.exogen.com\/sv\/wp-json\/wp\/v2\/users\/1"}],"replies":[{"embeddable":true,"href":"https:\/\/www.exogen.com\/sv\/wp-json\/wp\/v2\/comments?post=1920"}],"version-history":[{"count":0,"href":"https:\/\/www.exogen.com\/sv\/wp-json\/wp\/v2\/pages\/1920\/revisions"}],"wp:attachment":[{"href":"https:\/\/www.exogen.com\/sv\/wp-json\/wp\/v2\/media?parent=1920"}],"curies":[{"name":"wp","href":"https:\/\/api.w.org\/{rel}","templated":true}]}}