{"id":1952,"date":"2021-10-25T13:32:42","date_gmt":"2021-10-25T13:32:42","guid":{"rendered":"https:\/\/exogen.com\/are-there-ways-to-speed-up-bone-healing\/"},"modified":"2025-08-07T10:06:53","modified_gmt":"2025-08-07T10:06:53","slug":"are-there-ways-to-speed-up-bone-healing","status":"publish","type":"page","link":"https:\/\/www.exogen.com\/sv\/are-there-ways-to-speed-up-bone-healing\/","title":{"rendered":"G\u00e5r det att p\u00e5skynda benl\u00e4kningen?"},"content":{"rendered":"<div class=\"wpb-content-wrapper\"><p>[vc_row row_height_percent=&#8221;0&#8243; overlay_alpha=&#8221;50&#8243; gutter_size=&#8221;3&#8243; column_width_percent=&#8221;100&#8243; shift_y=&#8221;0&#8243; z_index=&#8221;0&#8243; uncode_shortcode_id=&#8221;141354&#8243; row_height_pixel=&#8221;145&#8243; back_color_type=&#8221;uncode-gradient&#8221; back_color_gradient=&#8221;{&#8220;css&#8220;:&#8220;background: linear-gradient(to bottom , rgb(211, 211, 211) , rgb(243, 240, 244) 34%);&#8220;,&#8220;sliders&#8220;:`{`{&#8220;color&#8220;:&#8220;rgb(211, 211, 211)&#8220;,&#8220;position&#8220;:0},{&#8220;color&#8220;:&#8220;rgb(243, 240, 244)&#8220;,&#8220;position&#8220;:34}`}`,&#8220;type&#8220;:&#8220;linear&#8220;,&#8220;direction&#8220;:&#8220;top&#8220;}&#8221; css=&#8221;.vc_custom_1633698520117{margin-top: 80px !important;margin-bottom: 60px !important;}&#8221;][vc_column column_width_percent=&#8221;100&#8243; position_vertical=&#8221;middle&#8221; gutter_size=&#8221;3&#8243; overlay_alpha=&#8221;50&#8243; shift_x=&#8221;0&#8243; shift_y=&#8221;0&#8243; shift_y_down=&#8221;0&#8243; z_index=&#8221;0&#8243; medium_width=&#8221;0&#8243; mobile_width=&#8221;0&#8243; width=&#8221;1\/1&#8243; uncode_shortcode_id=&#8221;697530&#8243;][vc_column_text text_color=&#8221;color-107303&#8243; uncode_shortcode_id=&#8221;140234&#8243; text_color_type=&#8221;uncode-palette&#8221; css=&#8221;.vc_custom_1754560906888{margin-top: 0px !important;margin-bottom: -30px !important;padding-top: 0px !important;padding-bottom: 0px !important;}&#8221; el_class=&#8221;top-link&#8221;]<a href=\"https:\/\/www.exogen.com\/sv\/faqs\/\"><i class=\"fa fa-angle-left\"><\/i> Tillbaka<\/a>[\/vc_column_text][vc_custom_heading text_color=&#8221;color-121277&#8243; heading_semantic=&#8221;h1&#8243; text_font=&#8221;font-559666&#8243; text_size=&#8221;fontsize-242148&#8243; text_transform=&#8221;uppercase&#8221; text_height=&#8221;fontheight-133340&#8243; uncode_shortcode_id=&#8221;198124&#8243; text_color_type=&#8221;uncode-palette&#8221;]G\u00c5R DET ATT P\u00c5SKYNDA BENL\u00c4KNING?[\/vc_custom_heading][\/vc_column][\/vc_row][vc_row row_height_percent=&#8221;0&#8243; overlay_alpha=&#8221;50&#8243; gutter_size=&#8221;3&#8243; column_width_percent=&#8221;100&#8243; shift_y=&#8221;0&#8243; z_index=&#8221;0&#8243; uncode_shortcode_id=&#8221;169022&#8243; css=&#8221;.vc_custom_1633699476839{margin-bottom: 40px !important;}&#8221;][vc_column width=&#8221;1\/1&#8243;][vc_column_text uncode_shortcode_id=&#8221;156453&#8243; css=&#8221;.vc_custom_1639991146200{margin-bottom: 15px !important;}&#8221;]Det finns flera s\u00e4tt att g\u00f6ra benl\u00e4kningen snabbare. H\u00e4r f\u00f6ljer en \u00f6versikt av behandlingar som kan p\u00e5skynda benl\u00e4kningen.[\/vc_column_text][vc_column_text uncode_shortcode_id=&#8221;674204&#8243; css=&#8221;.vc_custom_1754561211748{margin-top: 0px !important;}&#8221; el_class=&#8221;faq-page-content&#8221;]<strong>G\u00f6r \u00f6vningar och undvik att r\u00f6ka<\/strong><\/p>\n<p>N\u00e4r din l\u00e4kare har gett dig godk\u00e4nt att belasta det omr\u00e5de eller den kroppsdel som br\u00f6ts med din kroppsvikt \u00e4r du redo att utf\u00f6ra vissa \u00f6vningar. Tr\u00e4ning f\u00f6rb\u00e4ttrar blodfl\u00f6det till platsen f\u00f6r skadan. Dessutom bidrar tr\u00e4ning till att bygga upp musklerna runt skadan igen. F\u00f6lj alltid l\u00e4karens anvisningar g\u00e4llande vila och fysiska r\u00f6relser f\u00f6r att undvika problem med l\u00e4kningen.<sup><a href=\"https:\/\/www.exogen.com\/sv\/references\/\">47<\/a><\/sup><\/p>\n<p>Om du r\u00f6ker under l\u00e4kningsprocessen kan det g\u00f6ra benl\u00e4kningen l\u00e5ngsammare.<sup><a href=\"https:\/\/www.exogen.com\/sv\/references\/\">10,47<\/a><\/sup><\/p>\n<p><strong>Sjukv\u00e5rdsmetoder f\u00f6r att p\u00e5skynda benl\u00e4kning<\/strong><br \/>\nFysioterapi rekommenderas ofta under den sista \u00e5terh\u00e4mtningsfasen.<\/p>\n<p><strong>Fysioterapi<\/strong><br \/>\nFysioterapi hj\u00e4lper p\u00e5 m\u00e5nga s\u00e4tt. H\u00e4r \u00e4r de huvudsakliga f\u00f6rdelarna:<sup><a href=\"https:\/\/www.exogen.com\/sv\/references\/\">43<\/a><\/sup><\/p>\n<ul>\n<li>Minskar stelhet<\/li>\n<li>St\u00e4rker f\u00f6rsvagade muskler<\/li>\n<li>F\u00f6rb\u00e4ttrar r\u00f6relseomf\u00e5nget<\/li>\n<li>Minskar sm\u00e4rtan<\/li>\n<li>F\u00f6rb\u00e4ttrar funktionen i den drabbade kroppsdelen<\/li>\n<\/ul>\n<p>\u00d6vningar som du utf\u00f6r med en fysioterapeut kan ge alla dessa f\u00f6rdelar.<\/p>\n<p><strong>Benstimulatorer som EXOGEN<\/strong><br \/>\nVissa frakturer l\u00e4ker frustrerande l\u00e5ngsamt av sig sj\u00e4lva. EXOGEN ultraljudssystem f\u00f6r benl\u00e4kning \u00e4r ett alternativ som fr\u00e4mjar snabbare benl\u00e4kning. Systemet anv\u00e4nder s\u00e4kra ultraljudsv\u00e5gor med l\u00e5g intensitet f\u00f6r att f\u00f6rst\u00e4rka den naturliga benl\u00e4kningen.<br \/>\nI kliniska pr\u00f6vningar minskade EXOGEN:s ultraljudssystem f\u00f6r benl\u00e4kning l\u00e4kningstiden f\u00f6r vissa benfrakturer med 38\u00a0% och bidrog till benl\u00e4kning i 86\u00a0% fall av i \u00f6vrigt utebliven frakturl\u00e4kning.<sup><a href=\"https:\/\/www.exogen.com\/sv\/references\/\">*1-3<\/a><\/sup><\/p>\n<p>Daglig behandling med EXOGEN f\u00f6rb\u00e4ttrar den naturliga benl\u00e4kningen med hj\u00e4lp av tre metoder:<sup>\u2020<\/sup><\/p>\n<p><strong>1. Stimulering<sup><a href=\"https:\/\/www.exogen.com\/sv\/references\/\">36<\/a><\/sup><\/strong><br \/>\nEXOGEN skickar ultraljudsv\u00e5gor genom huden, vilket ger upphov till r\u00f6relser som stimulerar kroppens celler.<\/p>\n<p><strong>2. Aktivering<sup><a href=\"https:\/\/www.exogen.com\/sv\/references\/\">37<\/a><\/sup><\/strong><br \/>\nEXOGEN:s ultraljud aktiverar celler i kroppen.<\/p>\n<p><strong>3. Uppreglering<sup><a href=\"https:\/\/www.exogen.com\/sv\/references\/\">38<\/a><\/sup><\/strong><br \/>\nUppregleringen \u00f6kas av EXOGEN:s ultraljudsv\u00e5gor. De \u00f6kar faktorer som hj\u00e4lper kroppen att b\u00f6rja l\u00e4ka frakturen.[\/vc_column_text][vc_column_text uncode_shortcode_id=&#8221;470981&#8243; css=&#8221;.vc_custom_1639991550432{margin-top: 20px !important;}&#8221;]<a href=\"https:\/\/www.exogen.com\/sv\/is-exogen-right-for-me\/\">L\u00e4s mer om hur EXOGEN:s benstimulator fungerar h\u00e4r och ta reda p\u00e5 om det \u00e4r r\u00e4tt val f\u00f6r dig!<\/a>[\/vc_column_text][vc_column_text uncode_shortcode_id=&#8221;194065&#8243; css=&#8221;.vc_custom_1641278521913{margin-top: 20px !important;}&#8221;]<small><sup>*<\/sup>Inga allvarliga komplikationer eller biverkningar rapporterades under dessa pr\u00f6vningar<br \/>\n<sup>\u2020<\/sup>In vitro-prestanda motsvarar inte n\u00f6dv\u00e4ndigtvis prestanda hos m\u00e4nniskor.<\/small>[\/vc_column_text][\/vc_column][\/vc_row][vc_row row_height_percent=&#8221;0&#8243; overlay_alpha=&#8221;50&#8243; gutter_size=&#8221;3&#8243; column_width_percent=&#8221;100&#8243; border_color=&#8221;color-gyho&#8221; border_style=&#8221;solid&#8221; shift_y=&#8221;0&#8243; z_index=&#8221;0&#8243; uncode_shortcode_id=&#8221;193465&#8243; css=&#8221;.vc_custom_1633696557289{margin-top: 40px !important;margin-bottom: 0px !important;border-top-width: 1px !important;}&#8221; el_id=&#8221;description_text&#8221; border_color_type=&#8221;uncode-palette&#8221;][vc_column width=&#8221;1\/1&#8243;][vc_column_text uncode_shortcode_id=&#8221;158390&#8243; css=&#8221;.vc_custom_1638541449385{margin-top: 20px !important;}&#8221;]*No major complications or adverse effects were reported during these trials.<br \/>\n<sup>\u2020<\/sup>In vitro performance may not be indicative of performance in humans.[\/vc_column_text][vc_column_text uncode_shortcode_id=&#8221;176828&#8243;]<strong style=\"margin-bottom: 15px;\">Summary of Indications for Use<\/strong><\/p>\n<p>The EXOGEN Ultrasound Bone Healing System is indicated for the non-invasive treatment of established nonunions* excluding skull and vertebra. The EXOGEN device has also been reported as effective as an adjunctive non-invasive treatment of established nonunions in patients:<\/p>\n<ul>\n<li>With internal or external fracture fixation hardware present. EXOGEN cannot penetrate metal and therefore should not be applied directly over hardware.<\/li>\n<li>Undergoing treatment for infection at the fracture site. EXOGEN is not intended to treat the infection.<\/li>\n<li>Believed to have diminished bone quality. EXOGEN is not intended to treat diminished bone quality.<\/li>\n<\/ul>\n<p>In addition, EXOGEN is indicated for accelerating the time to a healed fracture for fresh, closed, posteriorly displaced distal radius fractures and fresh, closed or Grade I open tibial diaphysis fractures in skeletally mature individuals when these fractures are orthopedically managed by closed reduction and cast immobilization.<\/p>\n<p>There are no known contraindications for the EXOGEN device. Safety and effectiveness have not been established for individuals lacking skeletal maturity, pregnant or nursing women, patients with cardiac pacemakers, on fractures due to bone cancer, or on patients with poor blood circulation or clotting problems. Some patients may be sensitive to the ultrasound gel.<\/p>\n<p>*A nonunion is considered to be established when the fracture site shows no visibly progressive signs of healing.<\/p>\n<p>Full prescribing information can be found in product labelling, at <a href=\"https:\/\/www.exogen.com\/\">EXOGEN.com<\/a>, or by calling Customer Service at <a href=\"tel:1-800-836-4080\"><strong>1-800-836-4080<\/strong><\/a>.[\/vc_column_text][\/vc_column][\/vc_row]<\/p>\n<\/div>","protected":false},"excerpt":{"rendered":"<p>[vc_row row_height_percent=&#8221;0&#8243; overlay_alpha=&#8221;50&#8243; gutter_size=&#8221;3&#8243; column_width_percent=&#8221;100&#8243; shift_y=&#8221;0&#8243; z_index=&#8221;0&#8243; uncode_shortcode_id=&#8221;141354&#8243; row_height_pixel=&#8221;145&#8243; back_color_type=&#8221;uncode-gradient&#8221; back_color_gradient=&#8221;{&#8220;css&#8220;:&#8220;background: linear-gradient(to bottom , rgb(211, 211, 211) , rgb(243, 240, [&hellip;]<\/p>\n","protected":false},"author":1,"featured_media":0,"parent":0,"menu_order":0,"comment_status":"closed","ping_status":"closed","template":"","meta":{"_acf_changed":false,"_five9_enable_chat":"","footnotes":""},"class_list":["post-1952","page","type-page","status-publish","hentry"],"acf":[],"yoast_head":"<!-- This site is optimized with the Yoast SEO plugin v27.5 - https:\/\/yoast.com\/product\/yoast-seo-wordpress\/ -->\n<title>G\u00e5r det att p\u00e5skynda benl\u00e4kningen? | EXOGEN Ultrasound Bone Healing System<\/title>\n<meta name=\"robots\" content=\"index, follow, max-snippet:-1, max-image-preview:large, max-video-preview:-1\" \/>\n<link rel=\"canonical\" href=\"https:\/\/www.exogen.com\/sv\/are-there-ways-to-speed-up-bone-healing\/\" \/>\n<meta property=\"og:locale\" content=\"en_US\" \/>\n<meta property=\"og:type\" content=\"article\" \/>\n<meta property=\"og:title\" content=\"G\u00e5r det att p\u00e5skynda benl\u00e4kningen? | EXOGEN Ultrasound Bone Healing System\" \/>\n<meta property=\"og:description\" content=\"[vc_row row_height_percent=&#8221;0&#8243; overlay_alpha=&#8221;50&#8243; gutter_size=&#8221;3&#8243; column_width_percent=&#8221;100&#8243; shift_y=&#8221;0&#8243; z_index=&#8221;0&#8243; uncode_shortcode_id=&#8221;141354&#8243; row_height_pixel=&#8221;145&#8243; back_color_type=&#8221;uncode-gradient&#8221; back_color_gradient=&#8221;{&#8220;css&#8220;:&#8220;background: linear-gradient(to bottom , rgb(211, 211, 211) , rgb(243, 240, [&hellip;]\" \/>\n<meta property=\"og:url\" content=\"https:\/\/www.exogen.com\/sv\/are-there-ways-to-speed-up-bone-healing\/\" \/>\n<meta property=\"og:site_name\" content=\"EXOGEN Ultrasound Bone Healing System\" \/>\n<meta property=\"article:publisher\" content=\"https:\/\/www.facebook.com\/exogenbonehealing\/\" \/>\n<meta property=\"article:modified_time\" content=\"2025-08-07T10:06:53+00:00\" \/>\n<meta name=\"twitter:card\" content=\"summary_large_image\" \/>\n<meta name=\"twitter:label1\" content=\"Est. reading time\" \/>\n\t<meta name=\"twitter:data1\" content=\"4 minutes\" \/>\n<script type=\"application\/ld+json\" class=\"yoast-schema-graph\">{\"@context\":\"https:\\\/\\\/schema.org\",\"@graph\":[{\"@type\":\"WebPage\",\"@id\":\"https:\\\/\\\/www.exogen.com\\\/sv\\\/are-there-ways-to-speed-up-bone-healing\\\/\",\"url\":\"https:\\\/\\\/www.exogen.com\\\/sv\\\/are-there-ways-to-speed-up-bone-healing\\\/\",\"name\":\"G\u00e5r det att p\u00e5skynda benl\u00e4kningen? | EXOGEN Ultrasound Bone Healing System\",\"isPartOf\":{\"@id\":\"https:\\\/\\\/www.exogen.com\\\/sv\\\/#website\"},\"datePublished\":\"2021-10-25T13:32:42+00:00\",\"dateModified\":\"2025-08-07T10:06:53+00:00\",\"breadcrumb\":{\"@id\":\"https:\\\/\\\/www.exogen.com\\\/sv\\\/are-there-ways-to-speed-up-bone-healing\\\/#breadcrumb\"},\"inLanguage\":\"sv-SV\",\"potentialAction\":[{\"@type\":\"ReadAction\",\"target\":[\"https:\\\/\\\/www.exogen.com\\\/sv\\\/are-there-ways-to-speed-up-bone-healing\\\/\"]}]},{\"@type\":\"BreadcrumbList\",\"@id\":\"https:\\\/\\\/www.exogen.com\\\/sv\\\/are-there-ways-to-speed-up-bone-healing\\\/#breadcrumb\",\"itemListElement\":[{\"@type\":\"ListItem\",\"position\":1,\"name\":\"Home\",\"item\":\"https:\\\/\\\/www.exogen.com\\\/sv\\\/\"},{\"@type\":\"ListItem\",\"position\":2,\"name\":\"G\u00e5r det att p\u00e5skynda benl\u00e4kningen?\"}]},{\"@type\":\"WebSite\",\"@id\":\"https:\\\/\\\/www.exogen.com\\\/sv\\\/#website\",\"url\":\"https:\\\/\\\/www.exogen.com\\\/sv\\\/\",\"name\":\"EXOGEN Ultrasound Bone Healing System\",\"description\":\"Ultrasound Bone Healing System\",\"publisher\":{\"@id\":\"https:\\\/\\\/www.exogen.com\\\/sv\\\/#organization\"},\"potentialAction\":[{\"@type\":\"SearchAction\",\"target\":{\"@type\":\"EntryPoint\",\"urlTemplate\":\"https:\\\/\\\/www.exogen.com\\\/sv\\\/?s={search_term_string}\"},\"query-input\":{\"@type\":\"PropertyValueSpecification\",\"valueRequired\":true,\"valueName\":\"search_term_string\"}}],\"inLanguage\":\"sv-SV\"},{\"@type\":\"Organization\",\"@id\":\"https:\\\/\\\/www.exogen.com\\\/sv\\\/#organization\",\"name\":\"EXOGEN\",\"url\":\"https:\\\/\\\/www.exogen.com\\\/sv\\\/\",\"logo\":{\"@type\":\"ImageObject\",\"inLanguage\":\"sv-SV\",\"@id\":\"https:\\\/\\\/www.exogen.com\\\/sv\\\/#\\\/schema\\\/logo\\\/image\\\/\",\"url\":\"https:\\\/\\\/www.exogen.com\\\/wp-content\\\/uploads\\\/2021\\\/10\\\/purple-logo.png\",\"contentUrl\":\"https:\\\/\\\/www.exogen.com\\\/wp-content\\\/uploads\\\/2021\\\/10\\\/purple-logo.png\",\"width\":264,\"height\":100,\"caption\":\"EXOGEN\"},\"image\":{\"@id\":\"https:\\\/\\\/www.exogen.com\\\/sv\\\/#\\\/schema\\\/logo\\\/image\\\/\"},\"sameAs\":[\"https:\\\/\\\/www.facebook.com\\\/exogenbonehealing\\\/\",\"https:\\\/\\\/www.instagram.com\\\/exogenbonehealing\\\/\",\"https:\\\/\\\/www.youtube.com\\\/channel\\\/UCP5jnVTUjZZKlr_b-mxr49w\"]}]}<\/script>\n<!-- \/ Yoast SEO plugin. -->","yoast_head_json":{"title":"G\u00e5r det att p\u00e5skynda benl\u00e4kningen? | EXOGEN Ultrasound Bone Healing System","robots":{"index":"index","follow":"follow","max-snippet":"max-snippet:-1","max-image-preview":"max-image-preview:large","max-video-preview":"max-video-preview:-1"},"canonical":"https:\/\/www.exogen.com\/sv\/are-there-ways-to-speed-up-bone-healing\/","og_locale":"en_US","og_type":"article","og_title":"G\u00e5r det att p\u00e5skynda benl\u00e4kningen? | EXOGEN Ultrasound Bone Healing System","og_description":"[vc_row row_height_percent=&#8221;0&#8243; overlay_alpha=&#8221;50&#8243; gutter_size=&#8221;3&#8243; column_width_percent=&#8221;100&#8243; shift_y=&#8221;0&#8243; z_index=&#8221;0&#8243; uncode_shortcode_id=&#8221;141354&#8243; row_height_pixel=&#8221;145&#8243; back_color_type=&#8221;uncode-gradient&#8221; back_color_gradient=&#8221;{&#8220;css&#8220;:&#8220;background: linear-gradient(to bottom , rgb(211, 211, 211) , rgb(243, 240, [&hellip;]","og_url":"https:\/\/www.exogen.com\/sv\/are-there-ways-to-speed-up-bone-healing\/","og_site_name":"EXOGEN Ultrasound Bone Healing System","article_publisher":"https:\/\/www.facebook.com\/exogenbonehealing\/","article_modified_time":"2025-08-07T10:06:53+00:00","twitter_card":"summary_large_image","twitter_misc":{"Est. reading time":"4 minutes"},"schema":{"@context":"https:\/\/schema.org","@graph":[{"@type":"WebPage","@id":"https:\/\/www.exogen.com\/sv\/are-there-ways-to-speed-up-bone-healing\/","url":"https:\/\/www.exogen.com\/sv\/are-there-ways-to-speed-up-bone-healing\/","name":"G\u00e5r det att p\u00e5skynda benl\u00e4kningen? | EXOGEN Ultrasound Bone Healing System","isPartOf":{"@id":"https:\/\/www.exogen.com\/sv\/#website"},"datePublished":"2021-10-25T13:32:42+00:00","dateModified":"2025-08-07T10:06:53+00:00","breadcrumb":{"@id":"https:\/\/www.exogen.com\/sv\/are-there-ways-to-speed-up-bone-healing\/#breadcrumb"},"inLanguage":"sv-SV","potentialAction":[{"@type":"ReadAction","target":["https:\/\/www.exogen.com\/sv\/are-there-ways-to-speed-up-bone-healing\/"]}]},{"@type":"BreadcrumbList","@id":"https:\/\/www.exogen.com\/sv\/are-there-ways-to-speed-up-bone-healing\/#breadcrumb","itemListElement":[{"@type":"ListItem","position":1,"name":"Home","item":"https:\/\/www.exogen.com\/sv\/"},{"@type":"ListItem","position":2,"name":"G\u00e5r det att p\u00e5skynda benl\u00e4kningen?"}]},{"@type":"WebSite","@id":"https:\/\/www.exogen.com\/sv\/#website","url":"https:\/\/www.exogen.com\/sv\/","name":"EXOGEN Ultrasound Bone Healing System","description":"Ultrasound Bone Healing System","publisher":{"@id":"https:\/\/www.exogen.com\/sv\/#organization"},"potentialAction":[{"@type":"SearchAction","target":{"@type":"EntryPoint","urlTemplate":"https:\/\/www.exogen.com\/sv\/?s={search_term_string}"},"query-input":{"@type":"PropertyValueSpecification","valueRequired":true,"valueName":"search_term_string"}}],"inLanguage":"sv-SV"},{"@type":"Organization","@id":"https:\/\/www.exogen.com\/sv\/#organization","name":"EXOGEN","url":"https:\/\/www.exogen.com\/sv\/","logo":{"@type":"ImageObject","inLanguage":"sv-SV","@id":"https:\/\/www.exogen.com\/sv\/#\/schema\/logo\/image\/","url":"https:\/\/www.exogen.com\/wp-content\/uploads\/2021\/10\/purple-logo.png","contentUrl":"https:\/\/www.exogen.com\/wp-content\/uploads\/2021\/10\/purple-logo.png","width":264,"height":100,"caption":"EXOGEN"},"image":{"@id":"https:\/\/www.exogen.com\/sv\/#\/schema\/logo\/image\/"},"sameAs":["https:\/\/www.facebook.com\/exogenbonehealing\/","https:\/\/www.instagram.com\/exogenbonehealing\/","https:\/\/www.youtube.com\/channel\/UCP5jnVTUjZZKlr_b-mxr49w"]}]}},"_links":{"self":[{"href":"https:\/\/www.exogen.com\/sv\/wp-json\/wp\/v2\/pages\/1952","targetHints":{"allow":["GET"]}}],"collection":[{"href":"https:\/\/www.exogen.com\/sv\/wp-json\/wp\/v2\/pages"}],"about":[{"href":"https:\/\/www.exogen.com\/sv\/wp-json\/wp\/v2\/types\/page"}],"author":[{"embeddable":true,"href":"https:\/\/www.exogen.com\/sv\/wp-json\/wp\/v2\/users\/1"}],"replies":[{"embeddable":true,"href":"https:\/\/www.exogen.com\/sv\/wp-json\/wp\/v2\/comments?post=1952"}],"version-history":[{"count":0,"href":"https:\/\/www.exogen.com\/sv\/wp-json\/wp\/v2\/pages\/1952\/revisions"}],"wp:attachment":[{"href":"https:\/\/www.exogen.com\/sv\/wp-json\/wp\/v2\/media?parent=1952"}],"curies":[{"name":"wp","href":"https:\/\/api.w.org\/{rel}","templated":true}]}}