{"id":3475,"date":"2021-10-08T13:47:51","date_gmt":"2021-10-08T13:47:51","guid":{"rendered":"https:\/\/exogen.com\/faqs\/"},"modified":"2025-08-22T11:50:06","modified_gmt":"2025-08-22T11:50:06","slug":"faqs","status":"publish","type":"page","link":"https:\/\/www.exogen.com\/sv\/faqs\/","title":{"rendered":"FAQs"},"content":{"rendered":"<div class=\"wpb-content-wrapper\"><p>[vc_row row_height_percent=&#8221;0&#8243; back_image=&#8221;11241&#8243; back_repeat=&#8221;no-repeat&#8221; back_position=&#8221;center center&#8221; overlay_alpha=&#8221;50&#8243; gutter_size=&#8221;3&#8243; column_width_percent=&#8221;100&#8243; shift_y=&#8221;0&#8243; z_index=&#8221;0&#8243; content_parallax=&#8221;0&#8243; uncode_shortcode_id=&#8221;180442&#8243; row_height_pixel=&#8221;460&#8243; back_size=&#8221;cover&#8221; el_class=&#8221;inner-banner&#8221; css=&#8221;.vc_custom_1755863402650{margin-top: 88px !important;margin-bottom: 44px !important;}&#8221;][vc_column column_width_percent=&#8221;100&#8243; position_vertical=&#8221;middle&#8221; gutter_size=&#8221;3&#8243; overlay_alpha=&#8221;50&#8243; shift_x=&#8221;0&#8243; shift_y=&#8221;0&#8243; shift_y_down=&#8221;0&#8243; z_index=&#8221;0&#8243; medium_width=&#8221;0&#8243; mobile_width=&#8221;0&#8243; width=&#8221;1\/2&#8243; uncode_shortcode_id=&#8221;652607&#8243;][vc_custom_heading text_color=&#8221;color-xsdn&#8221; heading_semantic=&#8221;h1&#8243; text_size=&#8221;fontsize-942846&#8243; text_weight=&#8221;400&#8243; text_transform=&#8221;uppercase&#8221; text_height=&#8221;fontheight-667169&#8243; uncode_shortcode_id=&#8221;126456&#8243; text_color_type=&#8221;uncode-palette&#8221;]Vanliga fr\u00e5gor <span style=\"font-weight: 700 !important;\">och svar<\/span>[\/vc_custom_heading][vc_button size=&#8221;btn-lg&#8221; radius=&#8221;btn-circle&#8221; hover_fx=&#8221;outlined&#8221; border_width=&#8221;1&#8243; icon_position=&#8221;right&#8221; uncode_shortcode_id=&#8221;187502&#8243; button_color_type=&#8221;uncode-solid&#8221; icon=&#8221;fa fa-arrow-right2&#8243; link=&#8221;url:%2Fsv%2Fhow-to-get-exogen%2F&#8221; button_color_solid=&#8221;rgba(0,0,0,0.01)&#8221; el_id=&#8221;button-transparent&#8221;]Skaffa EXOGEN nu[\/vc_button][\/vc_column][vc_column width=&#8221;1\/2&#8243;][\/vc_column][\/vc_row][vc_row row_height_percent=&#8221;0&#8243; overlay_alpha=&#8221;50&#8243; gutter_size=&#8221;4&#8243; column_width_percent=&#8221;100&#8243; shift_y=&#8221;0&#8243; z_index=&#8221;0&#8243; uncode_shortcode_id=&#8221;900682&#8243;][vc_column width=&#8221;8\/12&#8243;][vc_custom_heading text_color=&#8221;color-107303&#8243; heading_semantic=&#8221;h3&#8243; text_font=&#8221;font-559666&#8243; text_size=&#8221;fontsize-950476&#8243; text_weight=&#8221;700&#8243; text_height=&#8221;fontheight-143712&#8243; uncode_shortcode_id=&#8221;103476&#8243; text_color_type=&#8221;uncode-palette&#8221;]Frakturl\u00e4kning[\/vc_custom_heading][vc_accordion sign=&#8221;plus&#8221; el_class=&#8221;faq-wrapper&#8221;][vc_accordion_tab gutter_size=&#8221;2&#8243; column_padding=&#8221;2&#8243; title=&#8221;Vad \u00e4r en fraktur?&#8221; tab_id=&#8221;1633691501-1-1616337001838181633700902267&#8243;][vc_column_text uncode_shortcode_id=&#8221;644925&#8243;]I medicinska sammanhang \u00e4r en fraktur ett brutet ben. Frakturerat ben och brutet ben syftar b\u00e5da p\u00e5 ett ben som har skadats p\u00e5 s\u00e5 s\u00e4tt att det inte l\u00e4ngre \u00e4r helt.<sup><a href=\"\/sv\/references\/\">42<\/a><\/sup>[\/vc_column_text][\/vc_accordion_tab][vc_accordion_tab gutter_size=&#8221;2&#8243; column_padding=&#8221;2&#8243; title=&#8221;Orsakar brutna ben sm\u00e4rta n\u00e4r de l\u00e4ker?&#8221; tab_id=&#8221;1633691501-2-5716337001838181633700902267&#8243;][vc_column_text uncode_shortcode_id=&#8221;110785&#8243;]Ja, de flesta personer k\u00e4nner sm\u00e4rta vid benbrott. Sm\u00e4rta \u00e4r kroppens naturliga svar n\u00e4r ett ben bryts.<sup><a href=\"\/sv\/references\/\">43<\/a><\/sup><br \/>\nGenerellt finns tre faser av sm\u00e4rta efter en benfraktur. Dessa kallas akut sm\u00e4rta, subakut sm\u00e4rta och kronisk sm\u00e4rta.<sup><a href=\"\/sv\/references\/\">43<\/a><\/sup><br \/>\nAndra sm\u00e4rtsamma symtom som kan f\u00f6rekomma \u00e4r bl\u00e5m\u00e4rken, stelhet, svullnad och svaghet, delvis beroende p\u00e5 vilket ben som brutits och hur komplicerad skadan \u00e4r.<sup><a href=\"\/sv\/references\/\">44<\/a><\/sup><br \/>\nVill du l\u00e4ra dig mer? <a href=\"\/sv\/does-a-broken-bone-hurt-when-healing\/\">Klicka h\u00e4r om du vill l\u00e4sa den fullst\u00e4ndiga artikeln om sm\u00e4rta vid benbrott.<\/a>[\/vc_column_text][\/vc_accordion_tab][vc_accordion_tab gutter_size=&#8221;2&#8243; column_padding=&#8221;2&#8243; title=&#8221;G\u00e5r det att p\u00e5skynda benl\u00e4kningen?&#8221; tab_id=&#8221;1633693522943-2-916337001838181633700902267&#8243;][vc_column_text uncode_shortcode_id=&#8221;146727&#8243;]L\u00e4kningstiden f\u00f6r brutna ben varierar f\u00f6r olika personer, men betydande l\u00e4kning kr\u00e4ver ofta tre till sex m\u00e5nader.<sup><a href=\"\/sv\/references\/\">46<\/a><\/sup><\/p>\n<p>Om det l\u00e5ter \u00f6verdrivet l\u00e4nge finns det flera behandlingar som g\u00f6r benl\u00e4kningen snabbare. Behandlingar som kan g\u00f6ra benl\u00e4kningen snabbare \u00e4r fysiska \u00f6vningar, fysioterapi och EXOGEN benstimulator.<sup><a href=\"\/sv\/references\/\">1,2,43<\/a><\/sup><\/p>\n<p><a href=\"\/sv\/are-there-ways-to-speed-up-bone-healing\/\">Klicka h\u00e4r om du vill l\u00e4sa den fullst\u00e4ndiga artikeln om att p\u00e5skynda benl\u00e4kning.<\/a>[\/vc_column_text][\/vc_accordion_tab][\/vc_accordion][vc_empty_space empty_h=&#8221;2&#8243;][vc_custom_heading text_color=&#8221;color-107303&#8243; heading_semantic=&#8221;h3&#8243; text_font=&#8221;font-559666&#8243; text_size=&#8221;fontsize-950476&#8243; text_weight=&#8221;700&#8243; text_height=&#8221;fontheight-143712&#8243; uncode_shortcode_id=&#8221;102981&#8243; text_color_type=&#8221;uncode-palette&#8221;]Anv\u00e4nda EXOGEN f\u00f6r att behandla min fraktur[\/vc_custom_heading][vc_accordion sign=&#8221;plus&#8221; el_class=&#8221;faq-wrapper&#8221; active_tab=&#8221;#&#8221;][vc_accordion_tab gutter_size=&#8221;2&#8243; column_padding=&#8221;2&#8243; title=&#8221;Vad \u00e4r en benstimulator?&#8221; tab_id=&#8221;1633694628-1-9316337001838181633700902267&#8243;][vc_column_text uncode_shortcode_id=&#8221;198603&#8243;]En benstimulator \u00e4r en apparat som fr\u00e4mjar benl\u00e4kning genom att rikta energif\u00e4lt mot indikerade akuta frakturer och utebliven frakturl\u00e4kning<sup><a href=\"\/sv\/references\/\">48<\/a><\/sup><\/p>\n<p><a href=\"\/sv\/what-is-a-bone-stimulator\/\">Klicka h\u00e4r om du vill l\u00e4sa den fullst\u00e4ndiga artikeln om benstimulatorer.<\/a>[\/vc_column_text][\/vc_accordion_tab][vc_accordion_tab gutter_size=&#8221;2&#8243; column_padding=&#8221;2&#8243; title=&#8221;\u00c4r behandling med EXOGEN sm\u00e4rtsam?&#8221; tab_id=&#8221;1633695962047-2-616337001838181633700902267&#8243;][vc_column_text uncode_shortcode_id=&#8221;113743&#8243;]De flesta patienterna k\u00e4nner inget alls i behandlingsomr\u00e5det.[\/vc_column_text][\/vc_accordion_tab][vc_accordion_tab gutter_size=&#8221;2&#8243; column_padding=&#8221;2&#8243; title=&#8221;Vad h\u00e4nder om jag missar en behandling?&#8221; tab_id=&#8221;1633695978326-3-916337001838181633700902267&#8243;][vc_column_text uncode_shortcode_id=&#8221;829455&#8243;]F\u00f6rs\u00f6k f\u00f6lja schemat igen s\u00e5 snart som m\u00f6jligt. Var konsekvent med behandlingarna genom att f\u00f6lja behandlingskalendern p\u00e5 enheten. Hitta en tid varje dag d\u00e5 det passar dig att anv\u00e4nda EXOGEN. Du kan \u00e4ven ladda ned EXOGEN CONNECTS, (<a href=\"https:\/\/apps.apple.com\/us\/app\/exogen-connects-us-version\/id887605150\" target=\"_blank\" rel=\"noopener\">Apple App Store<\/a>, <a href=\"https:\/\/play.google.com\/store\/apps\/details?id=com.exogenus.app\" target=\"_blank\" rel=\"noopener\">Google Play<\/a>) en kostnadsfri app som p\u00e5minner dig om behandlingar.[\/vc_column_text][\/vc_accordion_tab][vc_accordion_tab gutter_size=&#8221;2&#8243; column_padding=&#8221;2&#8243; title=&#8221;Finns det n\u00e5gra kontraindikationer f\u00f6r EXOGEN?&#8221; tab_id=&#8221;1633695996230-4-1016337001838181633700902267&#8243;][vc_column_text uncode_shortcode_id=&#8221;119605&#8243;]Det finns inga k\u00e4nda kontraindikationer f\u00f6r anv\u00e4ndning av EXOGEN-enheten. Bipacksedeln f\u00f6r EXOGEN inneh\u00e5ller ett avsnitt om f\u00f6rsiktighets\u00e5tg\u00e4rder och varningar. D\u00e4r beskrivs situationer d\u00e5 s\u00e4kerheten och effektiviteten f\u00f6r EXOGEN inte har fastst\u00e4llts, exempelvis specifika patientsituationer med vissa typer av l\u00e4kemedel eller andra medicinska problem \u00e4n frakturer.[\/vc_column_text][\/vc_accordion_tab][vc_accordion_tab gutter_size=&#8221;2&#8243; column_padding=&#8221;2&#8243; title=&#8221;Hur l\u00e4nge beh\u00f6ver jag anv\u00e4nda EXOGEN?&#8221; tab_id=&#8221;1633701182350-5-10&#8243;][vc_column_text uncode_shortcode_id=&#8221;126284&#8243;]Olika frakturer l\u00e4ker olika fort. Din l\u00e4kare avg\u00f6r hur l\u00e4nge din behandling ska p\u00e5g\u00e5 vid uppf\u00f6ljningstr\u00e4ffar.[\/vc_column_text][\/vc_accordion_tab][\/vc_accordion][vc_empty_space empty_h=&#8221;2&#8243;][vc_custom_heading text_color=&#8221;color-107303&#8243; heading_semantic=&#8221;h3&#8243; text_font=&#8221;font-559666&#8243; text_size=&#8221;fontsize-950476&#8243; text_weight=&#8221;700&#8243; text_height=&#8221;fontheight-143712&#8243; uncode_shortcode_id=&#8221;352802&#8243; text_color_type=&#8221;uncode-palette&#8221;]Kundtj\u00e4nst[\/vc_custom_heading][vc_accordion sign=&#8221;plus&#8221; el_class=&#8221;faq-wrapper&#8221; active_tab=&#8221;#&#8221;][vc_accordion_tab gutter_size=&#8221;2&#8243; column_padding=&#8221;2&#8243; title=&#8221;Vad g\u00f6r jag om jag f\u00e5r slut p\u00e5 kontaktgel?&#8221; tab_id=&#8221;1633696683-1-3116337001838181633700902267&#8243;][vc_column_text uncode_shortcode_id=&#8221;186678&#8243;]Det g\u00e5r att anv\u00e4nda mineralolja i st\u00e4llet f\u00f6r den kontaktgel som medf\u00f6ljer EXOGEN-enheten. Vaselin f\u00e5r dock inte anv\u00e4ndas. Du kan best\u00e4lla mer kontaktgel genom att ringa Bioventus kundtj\u00e4nst p\u00e5 <a href=\"tel:040-30 51 05\">040-30 51 05<\/a>.[\/vc_column_text][\/vc_accordion_tab][vc_accordion_tab gutter_size=&#8221;2&#8243; column_padding=&#8221;2&#8243; title=&#8221;Var hittar jag svar p\u00e5 fr\u00e5gor om EXOGEN?&#8221; tab_id=&#8221;1633696683-2-9716337001838181633700902267&#8243;][vc_column_text uncode_shortcode_id=&#8221;232161&#8243;]Ring Bioventus kundtj\u00e4nst p\u00e5 <a href=\"tel:040-30 51 05\">040-30 51 05<\/a>.[\/vc_column_text][\/vc_accordion_tab][\/vc_accordion][\/vc_column][vc_column width=&#8221;4\/12&#8243;][vc_single_image media=&#8221;127&#8243; media_width_percent=&#8221;100&#8243; uncode_shortcode_id=&#8221;155189&#8243;][vc_row_inner row_inner_height_percent=&#8221;0&#8243; overlay_alpha=&#8221;50&#8243; gutter_size=&#8221;3&#8243; shift_y=&#8221;0&#8243; z_index=&#8221;0&#8243; uncode_shortcode_id=&#8221;174241&#8243; css=&#8221;.vc_custom_1633693982448{margin-top: 0px !important;}&#8221; limit_content=&#8221;&#8221;][vc_column_inner column_width_percent=&#8221;100&#8243; gutter_size=&#8221;3&#8243; back_color=&#8221;color-763025&#8243; overlay_alpha=&#8221;50&#8243; shift_x=&#8221;0&#8243; shift_y=&#8221;0&#8243; shift_y_down=&#8221;0&#8243; z_index=&#8221;0&#8243; medium_width=&#8221;0&#8243; mobile_width=&#8221;0&#8243; width=&#8221;1\/1&#8243; uncode_shortcode_id=&#8221;253682&#8243; back_color_type=&#8221;uncode-palette&#8221;][vc_custom_heading text_color=&#8221;color-nhtu&#8221; heading_semantic=&#8221;h4&#8243; text_font=&#8221;font-559666&#8243; text_size=&#8221;h4&#8243; text_weight=&#8221;700&#8243; text_height=&#8221;fontheight-143712&#8243; uncode_shortcode_id=&#8221;682298&#8243; text_color_type=&#8221;uncode-palette&#8221;]Can\u2019t find an answer to your question?[\/vc_custom_heading][vc_column_text uncode_shortcode_id=&#8221;130590&#8243; css=&#8221;.vc_custom_1633693871358{margin-top: 0px !important;margin-bottom: 0px !important;padding-top: 0px !important;padding-bottom: 0px !important;}&#8221;]Contact us directly to speak to a representative.[\/vc_column_text][vc_button button_color=&#8221;color-207599&#8243; size=&#8221;btn-sm&#8221; radius=&#8221;btn-circle&#8221; hover_fx=&#8221;full-colored&#8221; border_width=&#8221;0&#8243; icon_position=&#8221;right&#8221; uncode_shortcode_id=&#8221;478845&#8243; button_color_type=&#8221;uncode-palette&#8221; icon=&#8221;fa fa-arrow-right2&#8243; link=&#8221;url:%2Fsv%2Fcontact-us%2F&#8221;]Contact Us Now[\/vc_button][\/vc_column_inner][\/vc_row_inner][\/vc_column][\/vc_row]<\/p>\n<\/div>","protected":false},"excerpt":{"rendered":"<p>[vc_row row_height_percent=&#8221;0&#8243; back_image=&#8221;11241&#8243; back_repeat=&#8221;no-repeat&#8221; back_position=&#8221;center center&#8221; overlay_alpha=&#8221;50&#8243; gutter_size=&#8221;3&#8243; column_width_percent=&#8221;100&#8243; shift_y=&#8221;0&#8243; z_index=&#8221;0&#8243; content_parallax=&#8221;0&#8243; uncode_shortcode_id=&#8221;180442&#8243; row_height_pixel=&#8221;460&#8243; back_size=&#8221;cover&#8221; el_class=&#8221;inner-banner&#8221; css=&#8221;.vc_custom_1755863402650{margin-top: 88px !important;margin-bottom: 44px [&hellip;]<\/p>\n","protected":false},"author":1,"featured_media":0,"parent":0,"menu_order":0,"comment_status":"closed","ping_status":"closed","template":"","meta":{"_acf_changed":false,"_five9_enable_chat":"","footnotes":""},"class_list":["post-3475","page","type-page","status-publish","hentry"],"acf":[],"yoast_head":"<!-- This site is optimized with the Yoast SEO plugin v27.3 - https:\/\/yoast.com\/product\/yoast-seo-wordpress\/ -->\n<title>Vanliga fr\u00e5gor och svar - EXOGEN Ultraljudssystem f\u00f6r Benl\u00e4kning<\/title>\n<meta name=\"robots\" content=\"index, follow, max-snippet:-1, max-image-preview:large, max-video-preview:-1\" \/>\n<link rel=\"canonical\" href=\"https:\/\/www.exogen.com\/sv\/faqs\/\" \/>\n<meta property=\"og:locale\" content=\"en_US\" \/>\n<meta property=\"og:type\" content=\"article\" \/>\n<meta property=\"og:title\" content=\"Vanliga fr\u00e5gor och svar - EXOGEN Ultraljudssystem f\u00f6r Benl\u00e4kning\" \/>\n<meta property=\"og:description\" content=\"[vc_row row_height_percent=&#8221;0&#8243; back_image=&#8221;11241&#8243; back_repeat=&#8221;no-repeat&#8221; back_position=&#8221;center center&#8221; overlay_alpha=&#8221;50&#8243; gutter_size=&#8221;3&#8243; column_width_percent=&#8221;100&#8243; shift_y=&#8221;0&#8243; z_index=&#8221;0&#8243; content_parallax=&#8221;0&#8243; uncode_shortcode_id=&#8221;180442&#8243; row_height_pixel=&#8221;460&#8243; back_size=&#8221;cover&#8221; el_class=&#8221;inner-banner&#8221; css=&#8221;.vc_custom_1755863402650{margin-top: 88px !important;margin-bottom: 44px [&hellip;]\" \/>\n<meta property=\"og:url\" content=\"https:\/\/www.exogen.com\/sv\/faqs\/\" \/>\n<meta property=\"og:site_name\" content=\"EXOGEN Ultrasound Bone Healing System\" \/>\n<meta property=\"article:publisher\" content=\"https:\/\/www.facebook.com\/exogenbonehealing\/\" \/>\n<meta property=\"article:modified_time\" content=\"2025-08-22T11:50:06+00:00\" \/>\n<meta name=\"twitter:card\" content=\"summary_large_image\" \/>\n<meta name=\"twitter:label1\" content=\"Est. reading time\" \/>\n\t<meta name=\"twitter:data1\" content=\"3 minutes\" \/>\n<script type=\"application\/ld+json\" class=\"yoast-schema-graph\">{\"@context\":\"https:\\\/\\\/schema.org\",\"@graph\":[{\"@type\":\"WebPage\",\"@id\":\"https:\\\/\\\/www.exogen.com\\\/sv\\\/faqs\\\/\",\"url\":\"https:\\\/\\\/www.exogen.com\\\/sv\\\/faqs\\\/\",\"name\":\"Vanliga fr\u00e5gor och svar - EXOGEN Ultraljudssystem f\u00f6r Benl\u00e4kning\",\"isPartOf\":{\"@id\":\"https:\\\/\\\/www.exogen.com\\\/sv\\\/#website\"},\"datePublished\":\"2021-10-08T13:47:51+00:00\",\"dateModified\":\"2025-08-22T11:50:06+00:00\",\"breadcrumb\":{\"@id\":\"https:\\\/\\\/www.exogen.com\\\/sv\\\/faqs\\\/#breadcrumb\"},\"inLanguage\":\"sv-SV\",\"potentialAction\":[{\"@type\":\"ReadAction\",\"target\":[\"https:\\\/\\\/www.exogen.com\\\/sv\\\/faqs\\\/\"]}]},{\"@type\":\"BreadcrumbList\",\"@id\":\"https:\\\/\\\/www.exogen.com\\\/sv\\\/faqs\\\/#breadcrumb\",\"itemListElement\":[{\"@type\":\"ListItem\",\"position\":1,\"name\":\"Home\",\"item\":\"https:\\\/\\\/www.exogen.com\\\/sv\\\/\"},{\"@type\":\"ListItem\",\"position\":2,\"name\":\"FAQs\"}]},{\"@type\":\"WebSite\",\"@id\":\"https:\\\/\\\/www.exogen.com\\\/sv\\\/#website\",\"url\":\"https:\\\/\\\/www.exogen.com\\\/sv\\\/\",\"name\":\"EXOGEN Ultrasound Bone Healing System\",\"description\":\"Ultrasound Bone Healing System\",\"publisher\":{\"@id\":\"https:\\\/\\\/www.exogen.com\\\/sv\\\/#organization\"},\"potentialAction\":[{\"@type\":\"SearchAction\",\"target\":{\"@type\":\"EntryPoint\",\"urlTemplate\":\"https:\\\/\\\/www.exogen.com\\\/sv\\\/?s={search_term_string}\"},\"query-input\":{\"@type\":\"PropertyValueSpecification\",\"valueRequired\":true,\"valueName\":\"search_term_string\"}}],\"inLanguage\":\"sv-SV\"},{\"@type\":\"Organization\",\"@id\":\"https:\\\/\\\/www.exogen.com\\\/sv\\\/#organization\",\"name\":\"EXOGEN\",\"url\":\"https:\\\/\\\/www.exogen.com\\\/sv\\\/\",\"logo\":{\"@type\":\"ImageObject\",\"inLanguage\":\"sv-SV\",\"@id\":\"https:\\\/\\\/www.exogen.com\\\/sv\\\/#\\\/schema\\\/logo\\\/image\\\/\",\"url\":\"https:\\\/\\\/www.exogen.com\\\/wp-content\\\/uploads\\\/2021\\\/10\\\/purple-logo.png\",\"contentUrl\":\"https:\\\/\\\/www.exogen.com\\\/wp-content\\\/uploads\\\/2021\\\/10\\\/purple-logo.png\",\"width\":264,\"height\":100,\"caption\":\"EXOGEN\"},\"image\":{\"@id\":\"https:\\\/\\\/www.exogen.com\\\/sv\\\/#\\\/schema\\\/logo\\\/image\\\/\"},\"sameAs\":[\"https:\\\/\\\/www.facebook.com\\\/exogenbonehealing\\\/\",\"https:\\\/\\\/www.instagram.com\\\/exogenbonehealing\\\/\",\"https:\\\/\\\/www.youtube.com\\\/channel\\\/UCP5jnVTUjZZKlr_b-mxr49w\"]}]}<\/script>\n<!-- \/ Yoast SEO plugin. -->","yoast_head_json":{"title":"Vanliga fr\u00e5gor och svar - EXOGEN Ultraljudssystem f\u00f6r Benl\u00e4kning","robots":{"index":"index","follow":"follow","max-snippet":"max-snippet:-1","max-image-preview":"max-image-preview:large","max-video-preview":"max-video-preview:-1"},"canonical":"https:\/\/www.exogen.com\/sv\/faqs\/","og_locale":"en_US","og_type":"article","og_title":"Vanliga fr\u00e5gor och svar - EXOGEN Ultraljudssystem f\u00f6r Benl\u00e4kning","og_description":"[vc_row row_height_percent=&#8221;0&#8243; back_image=&#8221;11241&#8243; back_repeat=&#8221;no-repeat&#8221; back_position=&#8221;center center&#8221; overlay_alpha=&#8221;50&#8243; gutter_size=&#8221;3&#8243; column_width_percent=&#8221;100&#8243; shift_y=&#8221;0&#8243; z_index=&#8221;0&#8243; content_parallax=&#8221;0&#8243; uncode_shortcode_id=&#8221;180442&#8243; row_height_pixel=&#8221;460&#8243; back_size=&#8221;cover&#8221; el_class=&#8221;inner-banner&#8221; css=&#8221;.vc_custom_1755863402650{margin-top: 88px !important;margin-bottom: 44px [&hellip;]","og_url":"https:\/\/www.exogen.com\/sv\/faqs\/","og_site_name":"EXOGEN Ultrasound Bone Healing System","article_publisher":"https:\/\/www.facebook.com\/exogenbonehealing\/","article_modified_time":"2025-08-22T11:50:06+00:00","twitter_card":"summary_large_image","twitter_misc":{"Est. reading time":"3 minutes"},"schema":{"@context":"https:\/\/schema.org","@graph":[{"@type":"WebPage","@id":"https:\/\/www.exogen.com\/sv\/faqs\/","url":"https:\/\/www.exogen.com\/sv\/faqs\/","name":"Vanliga fr\u00e5gor och svar - EXOGEN Ultraljudssystem f\u00f6r Benl\u00e4kning","isPartOf":{"@id":"https:\/\/www.exogen.com\/sv\/#website"},"datePublished":"2021-10-08T13:47:51+00:00","dateModified":"2025-08-22T11:50:06+00:00","breadcrumb":{"@id":"https:\/\/www.exogen.com\/sv\/faqs\/#breadcrumb"},"inLanguage":"sv-SV","potentialAction":[{"@type":"ReadAction","target":["https:\/\/www.exogen.com\/sv\/faqs\/"]}]},{"@type":"BreadcrumbList","@id":"https:\/\/www.exogen.com\/sv\/faqs\/#breadcrumb","itemListElement":[{"@type":"ListItem","position":1,"name":"Home","item":"https:\/\/www.exogen.com\/sv\/"},{"@type":"ListItem","position":2,"name":"FAQs"}]},{"@type":"WebSite","@id":"https:\/\/www.exogen.com\/sv\/#website","url":"https:\/\/www.exogen.com\/sv\/","name":"EXOGEN Ultrasound Bone Healing System","description":"Ultrasound Bone Healing System","publisher":{"@id":"https:\/\/www.exogen.com\/sv\/#organization"},"potentialAction":[{"@type":"SearchAction","target":{"@type":"EntryPoint","urlTemplate":"https:\/\/www.exogen.com\/sv\/?s={search_term_string}"},"query-input":{"@type":"PropertyValueSpecification","valueRequired":true,"valueName":"search_term_string"}}],"inLanguage":"sv-SV"},{"@type":"Organization","@id":"https:\/\/www.exogen.com\/sv\/#organization","name":"EXOGEN","url":"https:\/\/www.exogen.com\/sv\/","logo":{"@type":"ImageObject","inLanguage":"sv-SV","@id":"https:\/\/www.exogen.com\/sv\/#\/schema\/logo\/image\/","url":"https:\/\/www.exogen.com\/wp-content\/uploads\/2021\/10\/purple-logo.png","contentUrl":"https:\/\/www.exogen.com\/wp-content\/uploads\/2021\/10\/purple-logo.png","width":264,"height":100,"caption":"EXOGEN"},"image":{"@id":"https:\/\/www.exogen.com\/sv\/#\/schema\/logo\/image\/"},"sameAs":["https:\/\/www.facebook.com\/exogenbonehealing\/","https:\/\/www.instagram.com\/exogenbonehealing\/","https:\/\/www.youtube.com\/channel\/UCP5jnVTUjZZKlr_b-mxr49w"]}]}},"_links":{"self":[{"href":"https:\/\/www.exogen.com\/sv\/wp-json\/wp\/v2\/pages\/3475","targetHints":{"allow":["GET"]}}],"collection":[{"href":"https:\/\/www.exogen.com\/sv\/wp-json\/wp\/v2\/pages"}],"about":[{"href":"https:\/\/www.exogen.com\/sv\/wp-json\/wp\/v2\/types\/page"}],"author":[{"embeddable":true,"href":"https:\/\/www.exogen.com\/sv\/wp-json\/wp\/v2\/users\/1"}],"replies":[{"embeddable":true,"href":"https:\/\/www.exogen.com\/sv\/wp-json\/wp\/v2\/comments?post=3475"}],"version-history":[{"count":0,"href":"https:\/\/www.exogen.com\/sv\/wp-json\/wp\/v2\/pages\/3475\/revisions"}],"wp:attachment":[{"href":"https:\/\/www.exogen.com\/sv\/wp-json\/wp\/v2\/media?parent=3475"}],"curies":[{"name":"wp","href":"https:\/\/api.w.org\/{rel}","templated":true}]}}