{"id":3483,"date":"2021-10-08T13:34:35","date_gmt":"2021-10-08T13:34:35","guid":{"rendered":"https:\/\/exogen.com\/frequently-asked-questions\/"},"modified":"2025-08-22T13:22:03","modified_gmt":"2025-08-22T13:22:03","slug":"frequently-asked-questions","status":"publish","type":"page","link":"https:\/\/www.exogen.com\/sv\/frequently-asked-questions\/","title":{"rendered":"Frequently Asked Questions"},"content":{"rendered":"<div class=\"wpb-content-wrapper\"><p>[vc_row row_height_percent=&#8221;0&#8243; back_image=&#8221;11368&#8243; back_repeat=&#8221;no-repeat&#8221; back_position=&#8221;center center&#8221; overlay_alpha=&#8221;50&#8243; gutter_size=&#8221;3&#8243; column_width_percent=&#8221;100&#8243; shift_y=&#8221;0&#8243; z_index=&#8221;0&#8243; content_parallax=&#8221;0&#8243; uncode_shortcode_id=&#8221;938040&#8243; row_height_pixel=&#8221;460&#8243; back_size=&#8221;cover&#8221; el_class=&#8221;inner-banner&#8221; css=&#8221;.vc_custom_1755868919876{margin-top: 88px !important;margin-bottom: 44px !important;}&#8221;][vc_column column_width_percent=&#8221;100&#8243; position_vertical=&#8221;middle&#8221; gutter_size=&#8221;3&#8243; overlay_alpha=&#8221;50&#8243; shift_x=&#8221;0&#8243; shift_y=&#8221;0&#8243; shift_y_down=&#8221;0&#8243; z_index=&#8221;0&#8243; medium_width=&#8221;0&#8243; mobile_width=&#8221;0&#8243; width=&#8221;1\/2&#8243; uncode_shortcode_id=&#8221;652607&#8243;][vc_custom_heading text_color=&#8221;color-xsdn&#8221; heading_semantic=&#8221;h1&#8243; text_size=&#8221;fontsize-942846&#8243; text_weight=&#8221;400&#8243; text_transform=&#8221;uppercase&#8221; text_height=&#8221;fontheight-667169&#8243; uncode_shortcode_id=&#8221;452463&#8243; text_color_type=&#8221;uncode-palette&#8221;]Vanliga fr\u00e5gor <span style=\"font-weight: 700 !important;\">och svar<\/span>[\/vc_custom_heading][vc_button size=&#8221;btn-lg&#8221; radius=&#8221;btn-circle&#8221; hover_fx=&#8221;outlined&#8221; border_width=&#8221;1&#8243; icon_position=&#8221;right&#8221; uncode_shortcode_id=&#8221;860196&#8243; button_color_type=&#8221;uncode-solid&#8221; icon=&#8221;fa fa-arrow-right2&#8243; link=&#8221;url:%2Fsv%2Fcontact-an-exogen-rep%2F&#8221; button_color_solid=&#8221;rgba(0,0,0,0.01)&#8221; el_id=&#8221;button-transparent&#8221;]Kontakta en EXOGEN-representant[\/vc_button][\/vc_column][vc_column width=&#8221;1\/2&#8243;][\/vc_column][\/vc_row][vc_row row_height_percent=&#8221;0&#8243; overlay_alpha=&#8221;50&#8243; gutter_size=&#8221;4&#8243; column_width_percent=&#8221;100&#8243; shift_y=&#8221;0&#8243; z_index=&#8221;0&#8243; uncode_shortcode_id=&#8221;900682&#8243;][vc_column width=&#8221;8\/12&#8243;][vc_custom_heading text_color=&#8221;color-107303&#8243; heading_semantic=&#8221;h3&#8243; text_font=&#8221;font-559666&#8243; text_size=&#8221;fontsize-950476&#8243; text_weight=&#8221;700&#8243; text_height=&#8221;fontheight-143712&#8243; uncode_shortcode_id=&#8221;143389&#8243; text_color_type=&#8221;uncode-palette&#8221;]Indikationer[\/vc_custom_heading][vc_accordion sign=&#8221;plus&#8221; el_class=&#8221;faq-wrapper&#8221;][vc_accordion_tab gutter_size=&#8221;2&#8243; column_padding=&#8221;2&#8243; title=&#8221;Vad \u00e4r EXOGEN godk\u00e4nd f\u00f6r?&#8221; tab_id=&#8221;1633691501-1-161633700183818&#8243;][vc_column_text uncode_shortcode_id=&#8221;192680&#8243;]EXOGEN indiceras f\u00f6r icke-invasiv behandling av bendefekter (f\u00f6rutom ryggrad och skalle), som omfattar behandling av f\u00f6rsenad l\u00e4kning, utebliven frakturl\u00e4kning,* stressfrakturer och ledfusion. EXOGEN indiceras \u00e4ven f\u00f6r p\u00e5skyndning av l\u00e4kningstiden f\u00f6r f\u00e4rska frakturer, reparation efter osteotomi, reparation i bentransportingrepp och reparation i osteodistraktionsingrepp.[\/vc_column_text][\/vc_accordion_tab][vc_accordion_tab gutter_size=&#8221;2&#8243; column_padding=&#8221;2&#8243; title=&#8221;Finns det n\u00e5gra kontraindikationer f\u00f6r EXOGEN?&#8221; tab_id=&#8221;1633691501-2-571633700183818&#8243;][vc_column_text uncode_shortcode_id=&#8221;165899&#8243;]EXOGEN har inga k\u00e4nda kontraindikationer.[\/vc_column_text][\/vc_accordion_tab][\/vc_accordion][vc_empty_space empty_h=&#8221;2&#8243;][vc_custom_heading text_color=&#8221;color-107303&#8243; heading_semantic=&#8221;h3&#8243; text_font=&#8221;font-559666&#8243; text_size=&#8221;fontsize-950476&#8243; text_weight=&#8221;700&#8243; text_height=&#8221;fontheight-143712&#8243; uncode_shortcode_id=&#8221;359978&#8243; text_color_type=&#8221;uncode-palette&#8221;]Frakturbehandling[\/vc_custom_heading][vc_accordion sign=&#8221;plus&#8221; el_class=&#8221;faq-wrapper&#8221; active_tab=&#8221;#&#8221;][vc_accordion_tab gutter_size=&#8221;2&#8243; column_padding=&#8221;2&#8243; title=&#8221;Kan EXOGEN behandla hela frakturen?&#8221; tab_id=&#8221;1633694628-1-931633700183818&#8243;][vc_column_text uncode_shortcode_id=&#8221;155328&#8243;]Ja, den biologiska effekten av ultraljudsstr\u00e5len f\u00e4rdas runt hela frakturen via skjuvv\u00e5gor.<sup><a href=\"https:\/\/www.exogen.com\/sv\/references\/\">61<\/a><\/sup>[\/vc_column_text][\/vc_accordion_tab][vc_accordion_tab gutter_size=&#8221;2&#8243; column_padding=&#8221;2&#8243; title=&#8221;\u00c4r EXOGEN-behandling effektiv f\u00f6r djupa frakturer, till exempel i l\u00e5rbenet?&#8221; tab_id=&#8221;1633694628-2-401633700183818&#8243;][vc_column_text uncode_shortcode_id=&#8221;357281&#8243;]Vid en klinisk utv\u00e4rdering hade EXOGEN en effektivitetsgrad p\u00e5 84,3\u00a0% vid behandling av utebliven frakturl\u00e4kning i l\u00e5rben, vilket tyder p\u00e5 att EXOGEN \u00e4r ett utm\u00e4rkt val f\u00f6r patienter med djupa frakturer.<sup><a href=\"https:\/\/www.exogen.com\/sv\/references\/\">31<\/a><\/sup> Det f\u00f6resl\u00e5s att m\u00e5linriktning anv\u00e4nds f\u00f6r att identifiera frakturplatsen.<sup><a href=\"https:\/\/www.exogen.com\/sv\/references\/\">62<\/a><\/sup>[\/vc_column_text][\/vc_accordion_tab][vc_accordion_tab gutter_size=&#8221;2&#8243; column_padding=&#8221;2&#8243; title=&#8221;Hur effektivt tr\u00e4nger EXOGEN genom mjukv\u00e4vnad?&#8221; tab_id=&#8221;1633695962047-2-61633700183818&#8243;][vc_column_text uncode_shortcode_id=&#8221;567806&#8243;]Ultraljudsv\u00e5gor fr\u00e5n EXOGEN kan tr\u00e4nga genom hud och mjukv\u00e4vnad f\u00f6r ett effektivt genomtr\u00e4ngningsdjup p\u00e5 ~254\u00a0mm.<sup><a href=\"https:\/\/www.exogen.com\/sv\/references\/\">61<\/a><\/sup>[\/vc_column_text][\/vc_accordion_tab][vc_accordion_tab gutter_size=&#8221;2&#8243; column_padding=&#8221;2&#8243; title=&#8221;Kan patienter med pacemaker eller andra aktiva implanterbara enheter anv\u00e4nda EXOGEN?&#8221; tab_id=&#8221;1633695978326-3-91633700183818&#8243;][vc_column_text uncode_shortcode_id=&#8221;124352&#8243;]Aktiva, implanterbara enheter s\u00e5som pacemaker kan p\u00e5verkas negativt av n\u00e4ra exponering f\u00f6r EXOGEN-enheten. Patienter eller andra personer som befinner sig i n\u00e4rheten under behandling b\u00f6r utv\u00e4rderas av en kardiolog eller annan l\u00e4kare f\u00f6r anv\u00e4ndning av EXOGEN-enheten.[\/vc_column_text][\/vc_accordion_tab][vc_accordion_tab gutter_size=&#8221;2&#8243; column_padding=&#8221;2&#8243; title=&#8221;Vad beh\u00f6ver jag g\u00f6ra f\u00f6r att f\u00f6rbereda patienten f\u00f6r behandlingar med EXOGEN?&#8221; tab_id=&#8221;1633695996230-4-101633700183818&#8243;][vc_column_text uncode_shortcode_id=&#8221;598086&#8243;]Markera frakturplatsen p\u00e5 patienten. EXOGEN-givaren m\u00e5ste vara i direkt kontakt med huden. Om\u00a0patienten beh\u00f6ver eller f\u00f6r n\u00e4rvarande b\u00e4r gips beh\u00f6ver du d\u00e4rf\u00f6r implementera en givarport eller skapa en lucka. V\u00e5ra utbildade EXOGEN-specialister hj\u00e4lper dig med korrekt placering av givarporten f\u00f6r gips och anv\u00e4ndning med metaller f\u00f6r utebliven frakturl\u00e4kning. F\u00e5 mer information genom att ladda ned\u00a0<a href=\"https:\/\/www.exogen.com\/sv\/physician-resources\/\">EXOGEN:s tekniker f\u00f6r gipsapplicering<\/a>\u00a0eller kontakta\u00a0<a href=\"https:\/\/www.exogen.com\/sv\/contact-an-exogen-rep\/\">Bioventus kundtj\u00e4nst<\/a>.[\/vc_column_text][\/vc_accordion_tab][\/vc_accordion][vc_empty_space empty_h=&#8221;2&#8243;][vc_custom_heading text_color=&#8221;color-107303&#8243; heading_semantic=&#8221;h3&#8243; text_font=&#8221;font-559666&#8243; text_size=&#8221;fontsize-950476&#8243; text_weight=&#8221;700&#8243; text_height=&#8221;fontheight-143712&#8243; uncode_shortcode_id=&#8221;201474&#8243; text_color_type=&#8221;uncode-palette&#8221;]EXOGEN-enhet och t\u00e4ckning[\/vc_custom_heading][vc_accordion sign=&#8221;plus&#8221; el_class=&#8221;faq-wrapper&#8221; active_tab=&#8221;#&#8221;][vc_accordion_tab gutter_size=&#8221;2&#8243; column_padding=&#8221;2&#8243; title=&#8221;Vad inneh\u00e5ller EXOGEN-enheten?&#8221; tab_id=&#8221;1633696683-1-311633700183818&#8243;][vc_column_text uncode_shortcode_id=&#8221;157458&#8243;]EXOGEN-enheten best\u00e5r av basenheten och den anslutna kabeln med givarhuvudet. Patienter f\u00e5r \u00e4ven ett appliceringsband, kontaktgel och batteriladdare.[\/vc_column_text][\/vc_accordion_tab][vc_accordion_tab gutter_size=&#8221;2&#8243; column_padding=&#8221;2&#8243; title=&#8221;T\u00e4cker sjukhus eller f\u00f6rs\u00e4kringsgivare EXOGEN?&#8221; tab_id=&#8221;1633696683-2-971633700183818&#8243;][vc_column_text uncode_shortcode_id=&#8221;100233&#8243;]M\u00e5nga f\u00f6rs\u00e4kringsgivare t\u00e4cker EXOGEN-enheten. F\u00e5 mer information genom att kontakta en lokal EXOGEN-representant eller\u00a0<a href=\"https:\/\/www.exogen.com\/us\/physician\/contact\/\">Bioventus kundtj\u00e4nst<\/a>.[\/vc_column_text][\/vc_accordion_tab][\/vc_accordion][\/vc_column][vc_column width=&#8221;4\/12&#8243;][vc_single_image media=&#8221;127&#8243; media_width_percent=&#8221;100&#8243; uncode_shortcode_id=&#8221;155189&#8243;][vc_row_inner row_inner_height_percent=&#8221;0&#8243; overlay_alpha=&#8221;50&#8243; gutter_size=&#8221;3&#8243; shift_y=&#8221;0&#8243; z_index=&#8221;0&#8243; uncode_shortcode_id=&#8221;174241&#8243; css=&#8221;.vc_custom_1633693982448{margin-top: 0px !important;}&#8221; limit_content=&#8221;&#8221;][vc_column_inner column_width_percent=&#8221;100&#8243; gutter_size=&#8221;3&#8243; back_color=&#8221;color-763025&#8243; overlay_alpha=&#8221;50&#8243; shift_x=&#8221;0&#8243; shift_y=&#8221;0&#8243; shift_y_down=&#8221;0&#8243; z_index=&#8221;0&#8243; medium_width=&#8221;0&#8243; mobile_width=&#8221;0&#8243; width=&#8221;1\/1&#8243; uncode_shortcode_id=&#8221;121928&#8243; back_color_type=&#8221;uncode-palette&#8221;][vc_custom_heading text_color=&#8221;color-nhtu&#8221; heading_semantic=&#8221;h4&#8243; text_font=&#8221;font-559666&#8243; text_size=&#8221;fontsize-467755&#8243; text_weight=&#8221;700&#8243; text_height=&#8221;fontheight-143712&#8243; uncode_shortcode_id=&#8221;162115&#8243; text_color_type=&#8221;uncode-palette&#8221;]Hitta du inte svaret p\u00e5 din fr\u00e5ga?[\/vc_custom_heading][vc_column_text uncode_shortcode_id=&#8221;145921&#8243; css=&#8221;.vc_custom_1639565023270{margin-top: 0px !important;margin-bottom: 0px !important;padding-top: 0px !important;padding-bottom: 0px !important;}&#8221;]Kontakta oss[\/vc_column_text][vc_button button_color=&#8221;color-207599&#8243; size=&#8221;btn-sm&#8221; radius=&#8221;btn-circle&#8221; hover_fx=&#8221;full-colored&#8221; border_width=&#8221;0&#8243; icon_position=&#8221;right&#8221; uncode_shortcode_id=&#8221;137083&#8243; button_color_type=&#8221;uncode-palette&#8221; icon=&#8221;fa fa-arrow-right2&#8243; link=&#8221;url:%2Fsv%2Fcontact-us%2F&#8221;]Kontakta oss[\/vc_button][\/vc_column_inner][\/vc_row_inner][\/vc_column][\/vc_row][vc_row row_height_percent=&#8221;0&#8243; overlay_alpha=&#8221;50&#8243; gutter_size=&#8221;3&#8243; column_width_percent=&#8221;100&#8243; border_color=&#8221;color-gyho&#8221; border_style=&#8221;solid&#8221; shift_y=&#8221;0&#8243; z_index=&#8221;0&#8243; uncode_shortcode_id=&#8221;193465&#8243; css=&#8221;.vc_custom_1633696557289{margin-top: 40px !important;margin-bottom: 0px !important;border-top-width: 1px !important;}&#8221; el_id=&#8221;description_text&#8221; border_color_type=&#8221;uncode-palette&#8221;][vc_column width=&#8221;1\/1&#8243;][vc_column_text uncode_shortcode_id=&#8221;268668&#8243;]<strong style=\"margin-bottom: 15px;\">Summering av anv\u00e4ndningsomr\u00e5de<br \/>\n<\/strong><\/p>\n<p>EXOGEN indiceras f\u00f6r icke-invasiv behandling av bendefekter (f\u00f6rutom ryggrad och skalle), som omfattar behandling av f\u00f6rsenad l\u00e4kning, utebliven frakturl\u00e4kning,* stressfrakturer och ledfusion. EXOGEN indiceras \u00e4ven f\u00f6r p\u00e5skyndning av l\u00e4kningstiden f\u00f6r f\u00e4rska frakturer, reparation efter osteotomi, reparation i bentransportingrepp och reparation i osteodistraktionsingrepp.<\/p>\n<p>Det finns inga k\u00e4nda kontraindikationer f\u00f6r EXOGEN-anordningen. S\u00e4kerhet och effektivitet har inte fastst\u00e4llts f\u00f6r individer vars skelett \u00e4r omoget, gravida eller ammande kvinnor, patienter med hj\u00e4rtpacemaker, frakturer fr\u00e5n bencancer eller patienter med d\u00e5lig blodcirkulation eller koagulationsproblem. En del patienter kan vara k\u00e4nsliga f\u00f6r ultraljudsgelen.<\/p>\n<p>Fullst\u00e4ndig ordinationsinformation finns p\u00e5 produktm\u00e4rkningen och p\u00e5 <a href=\"https:\/\/www.exogen.com\/\">EXOGEN.com<\/a>, Du kan \u00e4ven ringa Bioventus kundtj\u00e4nst<a href=\"tel:1-800-836-4080\"><strong>1-800-836-4080<\/strong><\/a>.<\/p>\n<p>*En utebliven frakturl\u00e4kning anses etablerad n\u00e4r frakturst\u00e4llet inte visar n\u00e5gra synliga tecken p\u00e5 l\u00e4kning.[\/vc_column_text][\/vc_column][\/vc_row]<\/p>\n<\/div>","protected":false},"excerpt":{"rendered":"<p>[vc_row row_height_percent=&#8221;0&#8243; back_image=&#8221;11368&#8243; back_repeat=&#8221;no-repeat&#8221; back_position=&#8221;center center&#8221; overlay_alpha=&#8221;50&#8243; gutter_size=&#8221;3&#8243; column_width_percent=&#8221;100&#8243; shift_y=&#8221;0&#8243; z_index=&#8221;0&#8243; content_parallax=&#8221;0&#8243; uncode_shortcode_id=&#8221;938040&#8243; row_height_pixel=&#8221;460&#8243; back_size=&#8221;cover&#8221; el_class=&#8221;inner-banner&#8221; css=&#8221;.vc_custom_1755868919876{margin-top: 88px !important;margin-bottom: 44px [&hellip;]<\/p>\n","protected":false},"author":1,"featured_media":0,"parent":0,"menu_order":0,"comment_status":"closed","ping_status":"closed","template":"","meta":{"_acf_changed":false,"_five9_enable_chat":"","footnotes":""},"class_list":["post-3483","page","type-page","status-publish","hentry","page_category-hcp-sv"],"acf":[],"yoast_head":"<!-- This site is optimized with the Yoast SEO plugin v27.3 - https:\/\/yoast.com\/product\/yoast-seo-wordpress\/ -->\n<title>Frequently Asked Questions | EXOGEN Ultrasound Bone Healing System<\/title>\n<meta name=\"robots\" content=\"index, follow, max-snippet:-1, max-image-preview:large, max-video-preview:-1\" \/>\n<link rel=\"canonical\" href=\"https:\/\/www.exogen.com\/sv\/frequently-asked-questions\/\" \/>\n<meta property=\"og:locale\" content=\"en_US\" \/>\n<meta property=\"og:type\" content=\"article\" \/>\n<meta property=\"og:title\" content=\"Frequently Asked Questions | EXOGEN Ultrasound Bone Healing System\" \/>\n<meta property=\"og:description\" content=\"[vc_row row_height_percent=&#8221;0&#8243; back_image=&#8221;11368&#8243; back_repeat=&#8221;no-repeat&#8221; back_position=&#8221;center center&#8221; overlay_alpha=&#8221;50&#8243; gutter_size=&#8221;3&#8243; column_width_percent=&#8221;100&#8243; shift_y=&#8221;0&#8243; z_index=&#8221;0&#8243; content_parallax=&#8221;0&#8243; uncode_shortcode_id=&#8221;938040&#8243; row_height_pixel=&#8221;460&#8243; back_size=&#8221;cover&#8221; el_class=&#8221;inner-banner&#8221; css=&#8221;.vc_custom_1755868919876{margin-top: 88px !important;margin-bottom: 44px [&hellip;]\" \/>\n<meta property=\"og:url\" content=\"https:\/\/www.exogen.com\/sv\/frequently-asked-questions\/\" \/>\n<meta property=\"og:site_name\" content=\"EXOGEN Ultrasound Bone Healing System\" \/>\n<meta property=\"article:publisher\" content=\"https:\/\/www.facebook.com\/exogenbonehealing\/\" \/>\n<meta property=\"article:modified_time\" content=\"2025-08-22T13:22:03+00:00\" \/>\n<meta name=\"twitter:card\" content=\"summary_large_image\" \/>\n<meta name=\"twitter:label1\" content=\"Est. reading time\" \/>\n\t<meta name=\"twitter:data1\" content=\"3 minutes\" \/>\n<script type=\"application\/ld+json\" class=\"yoast-schema-graph\">{\"@context\":\"https:\\\/\\\/schema.org\",\"@graph\":[{\"@type\":\"WebPage\",\"@id\":\"https:\\\/\\\/www.exogen.com\\\/sv\\\/frequently-asked-questions\\\/\",\"url\":\"https:\\\/\\\/www.exogen.com\\\/sv\\\/frequently-asked-questions\\\/\",\"name\":\"Frequently Asked Questions | EXOGEN Ultrasound Bone Healing System\",\"isPartOf\":{\"@id\":\"https:\\\/\\\/www.exogen.com\\\/sv\\\/#website\"},\"datePublished\":\"2021-10-08T13:34:35+00:00\",\"dateModified\":\"2025-08-22T13:22:03+00:00\",\"breadcrumb\":{\"@id\":\"https:\\\/\\\/www.exogen.com\\\/sv\\\/frequently-asked-questions\\\/#breadcrumb\"},\"inLanguage\":\"sv-SV\",\"potentialAction\":[{\"@type\":\"ReadAction\",\"target\":[\"https:\\\/\\\/www.exogen.com\\\/sv\\\/frequently-asked-questions\\\/\"]}]},{\"@type\":\"BreadcrumbList\",\"@id\":\"https:\\\/\\\/www.exogen.com\\\/sv\\\/frequently-asked-questions\\\/#breadcrumb\",\"itemListElement\":[{\"@type\":\"ListItem\",\"position\":1,\"name\":\"Home\",\"item\":\"https:\\\/\\\/www.exogen.com\\\/sv\\\/\"},{\"@type\":\"ListItem\",\"position\":2,\"name\":\"Frequently Asked Questions\"}]},{\"@type\":\"WebSite\",\"@id\":\"https:\\\/\\\/www.exogen.com\\\/sv\\\/#website\",\"url\":\"https:\\\/\\\/www.exogen.com\\\/sv\\\/\",\"name\":\"EXOGEN Ultrasound Bone Healing System\",\"description\":\"Ultrasound Bone Healing System\",\"publisher\":{\"@id\":\"https:\\\/\\\/www.exogen.com\\\/sv\\\/#organization\"},\"potentialAction\":[{\"@type\":\"SearchAction\",\"target\":{\"@type\":\"EntryPoint\",\"urlTemplate\":\"https:\\\/\\\/www.exogen.com\\\/sv\\\/?s={search_term_string}\"},\"query-input\":{\"@type\":\"PropertyValueSpecification\",\"valueRequired\":true,\"valueName\":\"search_term_string\"}}],\"inLanguage\":\"sv-SV\"},{\"@type\":\"Organization\",\"@id\":\"https:\\\/\\\/www.exogen.com\\\/sv\\\/#organization\",\"name\":\"EXOGEN\",\"url\":\"https:\\\/\\\/www.exogen.com\\\/sv\\\/\",\"logo\":{\"@type\":\"ImageObject\",\"inLanguage\":\"sv-SV\",\"@id\":\"https:\\\/\\\/www.exogen.com\\\/sv\\\/#\\\/schema\\\/logo\\\/image\\\/\",\"url\":\"https:\\\/\\\/www.exogen.com\\\/wp-content\\\/uploads\\\/2021\\\/10\\\/purple-logo.png\",\"contentUrl\":\"https:\\\/\\\/www.exogen.com\\\/wp-content\\\/uploads\\\/2021\\\/10\\\/purple-logo.png\",\"width\":264,\"height\":100,\"caption\":\"EXOGEN\"},\"image\":{\"@id\":\"https:\\\/\\\/www.exogen.com\\\/sv\\\/#\\\/schema\\\/logo\\\/image\\\/\"},\"sameAs\":[\"https:\\\/\\\/www.facebook.com\\\/exogenbonehealing\\\/\",\"https:\\\/\\\/www.instagram.com\\\/exogenbonehealing\\\/\",\"https:\\\/\\\/www.youtube.com\\\/channel\\\/UCP5jnVTUjZZKlr_b-mxr49w\"]}]}<\/script>\n<!-- \/ Yoast SEO plugin. -->","yoast_head_json":{"title":"Frequently Asked Questions | EXOGEN Ultrasound Bone Healing System","robots":{"index":"index","follow":"follow","max-snippet":"max-snippet:-1","max-image-preview":"max-image-preview:large","max-video-preview":"max-video-preview:-1"},"canonical":"https:\/\/www.exogen.com\/sv\/frequently-asked-questions\/","og_locale":"en_US","og_type":"article","og_title":"Frequently Asked Questions | EXOGEN Ultrasound Bone Healing System","og_description":"[vc_row row_height_percent=&#8221;0&#8243; back_image=&#8221;11368&#8243; back_repeat=&#8221;no-repeat&#8221; back_position=&#8221;center center&#8221; overlay_alpha=&#8221;50&#8243; gutter_size=&#8221;3&#8243; column_width_percent=&#8221;100&#8243; shift_y=&#8221;0&#8243; z_index=&#8221;0&#8243; content_parallax=&#8221;0&#8243; uncode_shortcode_id=&#8221;938040&#8243; row_height_pixel=&#8221;460&#8243; back_size=&#8221;cover&#8221; el_class=&#8221;inner-banner&#8221; css=&#8221;.vc_custom_1755868919876{margin-top: 88px !important;margin-bottom: 44px [&hellip;]","og_url":"https:\/\/www.exogen.com\/sv\/frequently-asked-questions\/","og_site_name":"EXOGEN Ultrasound Bone Healing System","article_publisher":"https:\/\/www.facebook.com\/exogenbonehealing\/","article_modified_time":"2025-08-22T13:22:03+00:00","twitter_card":"summary_large_image","twitter_misc":{"Est. reading time":"3 minutes"},"schema":{"@context":"https:\/\/schema.org","@graph":[{"@type":"WebPage","@id":"https:\/\/www.exogen.com\/sv\/frequently-asked-questions\/","url":"https:\/\/www.exogen.com\/sv\/frequently-asked-questions\/","name":"Frequently Asked Questions | EXOGEN Ultrasound Bone Healing System","isPartOf":{"@id":"https:\/\/www.exogen.com\/sv\/#website"},"datePublished":"2021-10-08T13:34:35+00:00","dateModified":"2025-08-22T13:22:03+00:00","breadcrumb":{"@id":"https:\/\/www.exogen.com\/sv\/frequently-asked-questions\/#breadcrumb"},"inLanguage":"sv-SV","potentialAction":[{"@type":"ReadAction","target":["https:\/\/www.exogen.com\/sv\/frequently-asked-questions\/"]}]},{"@type":"BreadcrumbList","@id":"https:\/\/www.exogen.com\/sv\/frequently-asked-questions\/#breadcrumb","itemListElement":[{"@type":"ListItem","position":1,"name":"Home","item":"https:\/\/www.exogen.com\/sv\/"},{"@type":"ListItem","position":2,"name":"Frequently Asked Questions"}]},{"@type":"WebSite","@id":"https:\/\/www.exogen.com\/sv\/#website","url":"https:\/\/www.exogen.com\/sv\/","name":"EXOGEN Ultrasound Bone Healing System","description":"Ultrasound Bone Healing System","publisher":{"@id":"https:\/\/www.exogen.com\/sv\/#organization"},"potentialAction":[{"@type":"SearchAction","target":{"@type":"EntryPoint","urlTemplate":"https:\/\/www.exogen.com\/sv\/?s={search_term_string}"},"query-input":{"@type":"PropertyValueSpecification","valueRequired":true,"valueName":"search_term_string"}}],"inLanguage":"sv-SV"},{"@type":"Organization","@id":"https:\/\/www.exogen.com\/sv\/#organization","name":"EXOGEN","url":"https:\/\/www.exogen.com\/sv\/","logo":{"@type":"ImageObject","inLanguage":"sv-SV","@id":"https:\/\/www.exogen.com\/sv\/#\/schema\/logo\/image\/","url":"https:\/\/www.exogen.com\/wp-content\/uploads\/2021\/10\/purple-logo.png","contentUrl":"https:\/\/www.exogen.com\/wp-content\/uploads\/2021\/10\/purple-logo.png","width":264,"height":100,"caption":"EXOGEN"},"image":{"@id":"https:\/\/www.exogen.com\/sv\/#\/schema\/logo\/image\/"},"sameAs":["https:\/\/www.facebook.com\/exogenbonehealing\/","https:\/\/www.instagram.com\/exogenbonehealing\/","https:\/\/www.youtube.com\/channel\/UCP5jnVTUjZZKlr_b-mxr49w"]}]}},"_links":{"self":[{"href":"https:\/\/www.exogen.com\/sv\/wp-json\/wp\/v2\/pages\/3483","targetHints":{"allow":["GET"]}}],"collection":[{"href":"https:\/\/www.exogen.com\/sv\/wp-json\/wp\/v2\/pages"}],"about":[{"href":"https:\/\/www.exogen.com\/sv\/wp-json\/wp\/v2\/types\/page"}],"author":[{"embeddable":true,"href":"https:\/\/www.exogen.com\/sv\/wp-json\/wp\/v2\/users\/1"}],"replies":[{"embeddable":true,"href":"https:\/\/www.exogen.com\/sv\/wp-json\/wp\/v2\/comments?post=3483"}],"version-history":[{"count":0,"href":"https:\/\/www.exogen.com\/sv\/wp-json\/wp\/v2\/pages\/3483\/revisions"}],"wp:attachment":[{"href":"https:\/\/www.exogen.com\/sv\/wp-json\/wp\/v2\/media?parent=3483"}],"curies":[{"name":"wp","href":"https:\/\/api.w.org\/{rel}","templated":true}]}}