{"id":3491,"date":"2021-10-08T12:45:26","date_gmt":"2021-10-08T12:45:26","guid":{"rendered":"https:\/\/exogen.com\/does-a-broken-bone-hurt-when-healing\/"},"modified":"2025-08-07T10:00:47","modified_gmt":"2025-08-07T10:00:47","slug":"does-a-broken-bone-hurt-when-healing","status":"publish","type":"page","link":"https:\/\/www.exogen.com\/sv\/does-a-broken-bone-hurt-when-healing\/","title":{"rendered":"Orsakar brutna ben sm\u00e4rta n\u00e4r de l\u00e4ker?"},"content":{"rendered":"<div class=\"wpb-content-wrapper\"><p>[vc_row row_height_percent=&#8221;0&#8243; overlay_alpha=&#8221;50&#8243; gutter_size=&#8221;3&#8243; column_width_percent=&#8221;100&#8243; shift_y=&#8221;0&#8243; z_index=&#8221;0&#8243; uncode_shortcode_id=&#8221;141354&#8243; row_height_pixel=&#8221;145&#8243; back_color_type=&#8221;uncode-gradient&#8221; back_color_gradient=&#8221;{&#8220;css&#8220;:&#8220;background: linear-gradient(to bottom , rgb(211, 211, 211) , rgb(243, 240, 244) 34%);&#8220;,&#8220;sliders&#8220;:`{`{&#8220;color&#8220;:&#8220;rgb(211, 211, 211)&#8220;,&#8220;position&#8220;:0},{&#8220;color&#8220;:&#8220;rgb(243, 240, 244)&#8220;,&#8220;position&#8220;:34}`}`,&#8220;type&#8220;:&#8220;linear&#8220;,&#8220;direction&#8220;:&#8220;top&#8220;}&#8221; css=&#8221;.vc_custom_1633698520117{margin-top: 80px !important;margin-bottom: 60px !important;}&#8221;][vc_column column_width_percent=&#8221;100&#8243; position_vertical=&#8221;middle&#8221; gutter_size=&#8221;3&#8243; overlay_alpha=&#8221;50&#8243; shift_x=&#8221;0&#8243; shift_y=&#8221;0&#8243; shift_y_down=&#8221;0&#8243; z_index=&#8221;0&#8243; medium_width=&#8221;0&#8243; mobile_width=&#8221;0&#8243; width=&#8221;1\/1&#8243; uncode_shortcode_id=&#8221;697530&#8243;][vc_column_text text_color=&#8221;color-107303&#8243; uncode_shortcode_id=&#8221;184900&#8243; text_color_type=&#8221;uncode-palette&#8221; css=&#8221;.vc_custom_1754558171175{margin-top: 0px !important;margin-bottom: -30px !important;padding-top: 0px !important;padding-bottom: 0px !important;}&#8221; el_class=&#8221;top-link&#8221;]<a href=\"\/sv\/faqs\/\"><i class=\"fa fa-angle-left\"><\/i> Tillbaka<\/a>[\/vc_column_text][vc_custom_heading auto_text=&#8221;yes&#8221; text_color=&#8221;color-121277&#8243; heading_semantic=&#8221;h1&#8243; text_font=&#8221;font-559666&#8243; text_size=&#8221;fontsize-242148&#8243; text_transform=&#8221;uppercase&#8221; text_height=&#8221;fontheight-133340&#8243; uncode_shortcode_id=&#8221;160749&#8243; text_color_type=&#8221;uncode-palette&#8221;]This is a custom heading element.[\/vc_custom_heading][\/vc_column][\/vc_row][vc_row row_height_percent=&#8221;0&#8243; overlay_alpha=&#8221;50&#8243; gutter_size=&#8221;3&#8243; column_width_percent=&#8221;100&#8243; shift_y=&#8221;0&#8243; z_index=&#8221;0&#8243; uncode_shortcode_id=&#8221;169022&#8243; css=&#8221;.vc_custom_1633699476839{margin-bottom: 40px !important;}&#8221;][vc_column width=&#8221;1\/1&#8243;][vc_column_text uncode_shortcode_id=&#8221;311114&#8243; css=&#8221;.vc_custom_1754560795709{margin-top: 0px !important;}&#8221; el_class=&#8221;faq-page-content&#8221;]Sm\u00e4rta \u00e4r kroppens naturliga svar n\u00e4r ett ben bryts. Direkt efter skadan f\u00f6rekommer intensiv eller skarp sm\u00e4rta fr\u00e5n b\u00e5de frakturen och andra skador n\u00e4ra frakturplatsen. Tyv\u00e4rr sker sm\u00e4rta \u00e4ven senare under f\u00f6rloppet. Sm\u00e4rta kan uppst\u00e5 under l\u00e4kningen av frakturen.<sup><a href=\"https:\/\/www.exogen.com\/sv\/references\/\">44<\/a><\/sup><\/p>\n<p><strong>Sm\u00e4rtfaserna under frakturl\u00e4kning<\/strong><\/p>\n<p>Generellt finns tre faser av sm\u00e4rta efter en benfraktur. Dessa kallas akut sm\u00e4rta, subakut sm\u00e4rta och kronisk sm\u00e4rta. Akut sm\u00e4rta uppst\u00e5r omedelbart n\u00e4r skadan har skett. Efter en eller tv\u00e5 veckor \u00e4r den v\u00e4rsta sm\u00e4rtan oftast f\u00f6rbi. D\u00e4refter b\u00f6rjar det frakturerade benet och omgivande mjukv\u00e4vnad att l\u00e4ka. Detta tar n\u00e5gra veckor. Den sm\u00e4rta som d\u00e5 uppst\u00e5r kallas subakut sm\u00e4rta. Den sista sm\u00e4rtfasen \u00e4r kronisk sm\u00e4rta. Den h\u00e4r typen av sm\u00e4rta forts\u00e4tter l\u00e5ngt efter att frakturen och mjukv\u00e4vnad har l\u00e4kt.<sup><a href=\"https:\/\/www.exogen.com\/sv\/references\/\">43<\/a><\/sup><\/p>\n<p>Alla frakturer orsakar alla eller vissa av dessa sm\u00e4rttyper.<\/p>\n<p><strong>Akut sm\u00e4rta omedelbart efter skadan<\/strong><\/p>\n<p>N\u00e4r du precis har brutit ett ben k\u00e4nner du akut sm\u00e4rta. Under den h\u00e4r fasen f\u00f6rskrivs ofta l\u00e4kemedel i syfte att mildra den allvarligaste sm\u00e4rtan. Den akuta sm\u00e4rtan minskar \u00f6ver tid.<sup><a href=\"https:\/\/www.exogen.com\/sv\/references\/\">43<\/a><\/sup><\/p>\n<p>N\u00e4r du har brutit ett ben kan du beh\u00f6va en operation s\u00e5 att l\u00e4karen kan r\u00e4tta till benet. Du kan beh\u00f6va gips eller en annan anordning som g\u00f6r att det brutna benet h\u00e5lls fast. Annan behandling kan ocks\u00e5 kr\u00e4vas. Oavsett vilken metod som anv\u00e4nds f\u00f6r att behandla ditt brutna ben \u00e4r det viktiga att benets \u00e4ndar r\u00e4ttas till och att frakturen stabiliseras i flera veckor s\u00e5 att benet kan l\u00e4ka ordentligt.<sup><a href=\"https:\/\/www.exogen.com\/sv\/references\/\">43<\/a><\/sup><\/p>\n<p>F\u00f6r att den h\u00e4r l\u00e4kningsfasen ska bli lyckad \u00e4r det viktigt att du f\u00f6ljer den behandlande l\u00e4karens anvisningar, s\u00e4rskilt vad g\u00e4ller att vila och undvika on\u00f6diga r\u00f6relser s\u00e5 att benet l\u00e4ker korrekt.<sup><a href=\"https:\/\/www.exogen.com\/sv\/references\/\">43<\/a><\/sup><\/p>\n<p><strong>Subakut sm\u00e4rta medan benet l\u00e4ker<\/strong><\/p>\n<p>Efter en eller tv\u00e5 veckor \u00e4r den v\u00e4rsta sm\u00e4rtan f\u00f6rbi. D\u00e4refter b\u00f6rjar det frakturerade benet och omgivande mjukv\u00e4vnad att l\u00e4ka. Detta tar n\u00e5gra veckor och \u00e5tf\u00f6ljs av n\u00e5got som kallas subakut sm\u00e4rta.<sup><a href=\"https:\/\/www.exogen.com\/sv\/references\/\">43<\/a><\/sup><\/p>\n<p>Subakut sm\u00e4rta orsakas fr\u00e4mst av bristen p\u00e5 den r\u00f6relse som beh\u00f6vdes f\u00f6r att benet skulle l\u00e4ka. S\u00e5dan inaktivitet kan ha gjort att mjukv\u00e4vnaden runt skadan har stelnat och att musklerna har f\u00f6rsvagats. D\u00e4rut\u00f6ver kan \u00e4rrv\u00e4vnad och inflammation ha bildats runt mjukv\u00e4vnaden medan frakturen l\u00e4kte. Detta kan ocks\u00e5 orsaka sm\u00e4rta och f\u00f6rsv\u00e5ra r\u00f6relser.<sup><a href=\"https:\/\/www.exogen.com\/sv\/references\/\">43<\/a><\/sup><\/p>\n<p>Fysioterapi rekommenderas ofta under den h\u00e4r \u00e5terh\u00e4mtningsfasen. En fysioterapeut kan hj\u00e4lpa dig\u00a0att minska stelheten via \u00f6vningar som \u00e4ven st\u00e4rker f\u00f6rsvagade muskler och f\u00f6rb\u00e4ttrar r\u00f6relseomf\u00e5nget. Detta bidrar till att minska sm\u00e4rtan och f\u00f6rb\u00e4ttra funktionen p\u00e5 den plats som drabbades av skadan.<sup><a href=\"https:\/\/www.exogen.com\/sv\/references\/\">43<\/a><\/sup><\/p>\n<p><strong>Kronisk sm\u00e4rta efter att l\u00e4kningen \u00e4r klar<\/strong><\/p>\n<p>Benbrott l\u00e4ker s\u00e5 sm\u00e5ningom s\u00e5 att sm\u00e4rtan f\u00f6rsvinner. Tyv\u00e4rr g\u00e4ller detta inte f\u00f6r alla. Vissa personer forts\u00e4tter k\u00e4nna sm\u00e4rta l\u00e5ngt efter l\u00e4kningen av fraktur och mjukv\u00e4vnad. Detta \u00e4r vad som avses med kronisk sm\u00e4rta.<sup><a href=\"https:\/\/www.exogen.com\/sv\/references\/\">43<\/a><\/sup><\/p>\n<p>Kronisk sm\u00e4rta kan orsakas av nervskada, utveckling av \u00e4rrv\u00e4vnad, f\u00f6rv\u00e4rrad underliggande artrit eller andra faktorer. Som tur \u00e4r kan den h\u00e4r typen av sm\u00e4rta ofta behandlas. Vilken behandling som anv\u00e4nds beror p\u00e5 den inledande skadan och orsaken till kronisk sm\u00e4rta.<sup><a href=\"https:\/\/www.exogen.com\/sv\/references\/\">43<\/a><\/sup><\/p>\n<p>F\u00f6ljande \u00e4r de behandlingar som anv\u00e4nds oftast f\u00f6r kronisk sm\u00e4rta:<sup><a href=\"https:\/\/www.exogen.com\/sv\/references\/\">43<\/a><\/sup><\/p>\n<ul>\n<li>fysioterapi<\/li>\n<li>tr\u00e4ning<\/li>\n<li>l\u00e4kemedel<\/li>\n<\/ul>\n<p>Det \u00e4r inte s\u00e4kert att dessa behandlingar eliminerar sm\u00e4rtan, men de kan reducera kronisk sm\u00e4rta. De flesta personer kan kontrollera sin kroniska sm\u00e4rta och d\u00e4rmed fungera b\u00e4ttre i vardagen och f\u00e5 en h\u00f6gre livskvalitet.<\/p>\n<p>F\u00f6r en liten andel personer som drabbas av ih\u00e5llande kronisk sm\u00e4rta kan sm\u00e4rtan dock vara ett symtom p\u00e5 att det brutna benet inte l\u00e4ker ordentligt. Andra symtom kan vara \u00f6mhet i ben, svullnad och en dov sm\u00e4rta som k\u00e4nns djupt i benet.<sup><a href=\"https:\/\/www.exogen.com\/sv\/references\/\">45<\/a><\/sup><\/p>\n<p>De flesta brutna ben l\u00e4ker om de r\u00e4ttas till och stabiliseras korrekt. Brutna ben beh\u00f6ver dock god blodtillf\u00f6rsel vid skadeplatsen. Medicinska tillst\u00e5nd som minskar blodfl\u00f6det till frakturplatsen kan f\u00f6rdr\u00f6ja benl\u00e4kningen eller f\u00f6rhindra att benet l\u00e4ker.<sup><a href=\"https:\/\/www.exogen.com\/sv\/references\/\">45<\/a><\/sup>[\/vc_column_text][vc_custom_heading text_color=&#8221;color-nhtu&#8221; heading_semantic=&#8221;h4&#8243; text_font=&#8221;font-126816&#8243; text_size=&#8221;h4&#8243; text_weight=&#8221;700&#8243; text_height=&#8221;fontheight-143712&#8243; uncode_shortcode_id=&#8221;177776&#8243; text_color_type=&#8221;uncode-palette&#8221;]Om ditt brutna ben inte l\u00e4ker inom rimlig tid kan EXOGEN vara r\u00e4tt val f\u00f6r dig[\/vc_custom_heading][vc_column_text uncode_shortcode_id=&#8221;119271&#8243; css=&#8221;.vc_custom_1754560835464{margin-top: 0px !important;}&#8221;]Ett bepr\u00f6vat s\u00e4tt att p\u00e5skynda benl\u00e4kningen \u00e4r med daglig ultraljudsstimulering av den brutna benv\u00e4vnaden. EXOGEN \u00e4r en enhet som tillf\u00f6r det brutna benet en l\u00e5g niv\u00e5 av ultraljudsv\u00e5gor. Denna stimulering har visats p\u00e5skynda de processer som f\u00f6religger vid benl\u00e4kning.<sup>*<a href=\"https:\/\/www.exogen.com\/sv\/references\/\">37,38<\/a><\/sup><\/p>\n<p><a href=\"https:\/\/www.exogen.com\/sv\/how-it-works\/\">L\u00e4s mer om hur EXOGEN:s benstimulator fungerar h\u00e4r och ta reda p\u00e5 om det \u00e4r r\u00e4tt val f\u00f6r dig.<\/a>[\/vc_column_text][vc_column_text text_lead=&#8221;small&#8221; uncode_shortcode_id=&#8221;122875&#8243;]*Den kliniska signifikansen f\u00f6r dessa in vivo-fynd \u00e4r ok\u00e4nd.[\/vc_column_text][\/vc_column][\/vc_row][vc_row row_height_percent=&#8221;0&#8243; overlay_alpha=&#8221;50&#8243; gutter_size=&#8221;3&#8243; column_width_percent=&#8221;100&#8243; border_color=&#8221;color-gyho&#8221; border_style=&#8221;solid&#8221; shift_y=&#8221;0&#8243; z_index=&#8221;0&#8243; uncode_shortcode_id=&#8221;193465&#8243; css=&#8221;.vc_custom_1633696557289{margin-top: 40px !important;margin-bottom: 0px !important;border-top-width: 1px !important;}&#8221; el_id=&#8221;description_text&#8221; border_color_type=&#8221;uncode-palette&#8221;][vc_column width=&#8221;1\/1&#8243;][vc_column_text uncode_shortcode_id=&#8221;167284&#8243;]<strong>Summary of Indications for Use<\/strong><br \/>\nThe EXOGEN Ultrasound Bone Healing System is indicated for the non-invasive treatment of established nonunions* excluding skull and vertebra. The EXOGEN device has also been reported as effective as an adjunctive non-invasive treatment of established nonunions in patients:<\/p>\n<ul>\n<li>With internal or external fracture fixation hardware present. EXOGEN cannot penetrate metal and therefore should not be applied directly over hardware.<\/li>\n<li>Undergoing treatment for infection at the fracture site. EXOGEN is not intended to treat the infection.<\/li>\n<li>Believed to have diminished bone quality. EXOGEN is not intended to treat diminished bone quality.<\/li>\n<\/ul>\n<p>In addition, EXOGEN is indicated for accelerating the time to a healed fracture for fresh, closed, posteriorly displaced distal radius fractures and fresh, closed or Grade I open tibial diaphysis fractures in skeletally mature individuals when these fractures are orthopedically managed by closed reduction and cast immobilization.<\/p>\n<p>There are no known contraindications for the EXOGEN device. Safety and effectiveness have not been established for individuals lacking skeletal maturity, pregnant or nursing women, patients with cardiac pacemakers, on fractures due to bone cancer, or on patients with poor blood circulation or clotting problems. Some patients may be sensitive to the ultrasound gel.<\/p>\n<p>*A nonunion is considered to be established when the fracture site shows no visibly progressive signs of healing.<\/p>\n<p>Full prescribing information can be found in product labelling, at <a href=\"https:\/\/www.exogen.com\/\">EXOGEN.com<\/a>, or by calling Customer Service at <a href=\"tel:1-800-836-4080\"><strong>1-800-836-4080<\/strong><\/a>.[\/vc_column_text][\/vc_column][\/vc_row]<\/p>\n<\/div>","protected":false},"excerpt":{"rendered":"<p>[vc_row row_height_percent=&#8221;0&#8243; overlay_alpha=&#8221;50&#8243; gutter_size=&#8221;3&#8243; column_width_percent=&#8221;100&#8243; shift_y=&#8221;0&#8243; z_index=&#8221;0&#8243; uncode_shortcode_id=&#8221;141354&#8243; row_height_pixel=&#8221;145&#8243; back_color_type=&#8221;uncode-gradient&#8221; back_color_gradient=&#8221;{&#8220;css&#8220;:&#8220;background: linear-gradient(to bottom , rgb(211, 211, 211) , rgb(243, 240, [&hellip;]<\/p>\n","protected":false},"author":1,"featured_media":0,"parent":0,"menu_order":0,"comment_status":"closed","ping_status":"closed","template":"","meta":{"_acf_changed":false,"_five9_enable_chat":"","footnotes":""},"class_list":["post-3491","page","type-page","status-publish","hentry"],"acf":[],"yoast_head":"<!-- This site is optimized with the Yoast SEO plugin v27.4 - https:\/\/yoast.com\/product\/yoast-seo-wordpress\/ -->\n<title>Orsakar brutna ben sm\u00e4rta n\u00e4r de l\u00e4ker? | EXOGEN Ultrasound Bone Healing System<\/title>\n<meta name=\"robots\" content=\"index, follow, max-snippet:-1, max-image-preview:large, max-video-preview:-1\" \/>\n<link rel=\"canonical\" href=\"https:\/\/www.exogen.com\/sv\/does-a-broken-bone-hurt-when-healing\/\" \/>\n<meta property=\"og:locale\" content=\"en_US\" \/>\n<meta property=\"og:type\" content=\"article\" \/>\n<meta property=\"og:title\" content=\"Orsakar brutna ben sm\u00e4rta n\u00e4r de l\u00e4ker? | EXOGEN Ultrasound Bone Healing System\" \/>\n<meta property=\"og:description\" content=\"[vc_row row_height_percent=&#8221;0&#8243; overlay_alpha=&#8221;50&#8243; gutter_size=&#8221;3&#8243; column_width_percent=&#8221;100&#8243; shift_y=&#8221;0&#8243; z_index=&#8221;0&#8243; uncode_shortcode_id=&#8221;141354&#8243; row_height_pixel=&#8221;145&#8243; back_color_type=&#8221;uncode-gradient&#8221; back_color_gradient=&#8221;{&#8220;css&#8220;:&#8220;background: linear-gradient(to bottom , rgb(211, 211, 211) , rgb(243, 240, [&hellip;]\" \/>\n<meta property=\"og:url\" content=\"https:\/\/www.exogen.com\/sv\/does-a-broken-bone-hurt-when-healing\/\" \/>\n<meta property=\"og:site_name\" content=\"EXOGEN Ultrasound Bone Healing System\" \/>\n<meta property=\"article:publisher\" content=\"https:\/\/www.facebook.com\/exogenbonehealing\/\" \/>\n<meta property=\"article:modified_time\" content=\"2025-08-07T10:00:47+00:00\" \/>\n<meta name=\"twitter:card\" content=\"summary_large_image\" \/>\n<meta name=\"twitter:label1\" content=\"Est. reading time\" \/>\n\t<meta name=\"twitter:data1\" content=\"5 minutes\" \/>\n<script type=\"application\/ld+json\" class=\"yoast-schema-graph\">{\"@context\":\"https:\\\/\\\/schema.org\",\"@graph\":[{\"@type\":\"WebPage\",\"@id\":\"https:\\\/\\\/www.exogen.com\\\/sv\\\/does-a-broken-bone-hurt-when-healing\\\/\",\"url\":\"https:\\\/\\\/www.exogen.com\\\/sv\\\/does-a-broken-bone-hurt-when-healing\\\/\",\"name\":\"Orsakar brutna ben sm\u00e4rta n\u00e4r de l\u00e4ker? | EXOGEN Ultrasound Bone Healing System\",\"isPartOf\":{\"@id\":\"https:\\\/\\\/www.exogen.com\\\/sv\\\/#website\"},\"datePublished\":\"2021-10-08T12:45:26+00:00\",\"dateModified\":\"2025-08-07T10:00:47+00:00\",\"breadcrumb\":{\"@id\":\"https:\\\/\\\/www.exogen.com\\\/sv\\\/does-a-broken-bone-hurt-when-healing\\\/#breadcrumb\"},\"inLanguage\":\"sv-SV\",\"potentialAction\":[{\"@type\":\"ReadAction\",\"target\":[\"https:\\\/\\\/www.exogen.com\\\/sv\\\/does-a-broken-bone-hurt-when-healing\\\/\"]}]},{\"@type\":\"BreadcrumbList\",\"@id\":\"https:\\\/\\\/www.exogen.com\\\/sv\\\/does-a-broken-bone-hurt-when-healing\\\/#breadcrumb\",\"itemListElement\":[{\"@type\":\"ListItem\",\"position\":1,\"name\":\"Home\",\"item\":\"https:\\\/\\\/www.exogen.com\\\/sv\\\/\"},{\"@type\":\"ListItem\",\"position\":2,\"name\":\"Orsakar brutna ben sm\u00e4rta n\u00e4r de l\u00e4ker?\"}]},{\"@type\":\"WebSite\",\"@id\":\"https:\\\/\\\/www.exogen.com\\\/sv\\\/#website\",\"url\":\"https:\\\/\\\/www.exogen.com\\\/sv\\\/\",\"name\":\"EXOGEN Ultrasound Bone Healing System\",\"description\":\"Ultrasound Bone Healing System\",\"publisher\":{\"@id\":\"https:\\\/\\\/www.exogen.com\\\/sv\\\/#organization\"},\"potentialAction\":[{\"@type\":\"SearchAction\",\"target\":{\"@type\":\"EntryPoint\",\"urlTemplate\":\"https:\\\/\\\/www.exogen.com\\\/sv\\\/?s={search_term_string}\"},\"query-input\":{\"@type\":\"PropertyValueSpecification\",\"valueRequired\":true,\"valueName\":\"search_term_string\"}}],\"inLanguage\":\"sv-SV\"},{\"@type\":\"Organization\",\"@id\":\"https:\\\/\\\/www.exogen.com\\\/sv\\\/#organization\",\"name\":\"EXOGEN\",\"url\":\"https:\\\/\\\/www.exogen.com\\\/sv\\\/\",\"logo\":{\"@type\":\"ImageObject\",\"inLanguage\":\"sv-SV\",\"@id\":\"https:\\\/\\\/www.exogen.com\\\/sv\\\/#\\\/schema\\\/logo\\\/image\\\/\",\"url\":\"https:\\\/\\\/www.exogen.com\\\/wp-content\\\/uploads\\\/2021\\\/10\\\/purple-logo.png\",\"contentUrl\":\"https:\\\/\\\/www.exogen.com\\\/wp-content\\\/uploads\\\/2021\\\/10\\\/purple-logo.png\",\"width\":264,\"height\":100,\"caption\":\"EXOGEN\"},\"image\":{\"@id\":\"https:\\\/\\\/www.exogen.com\\\/sv\\\/#\\\/schema\\\/logo\\\/image\\\/\"},\"sameAs\":[\"https:\\\/\\\/www.facebook.com\\\/exogenbonehealing\\\/\",\"https:\\\/\\\/www.instagram.com\\\/exogenbonehealing\\\/\",\"https:\\\/\\\/www.youtube.com\\\/channel\\\/UCP5jnVTUjZZKlr_b-mxr49w\"]}]}<\/script>\n<!-- \/ Yoast SEO plugin. -->","yoast_head_json":{"title":"Orsakar brutna ben sm\u00e4rta n\u00e4r de l\u00e4ker? | EXOGEN Ultrasound Bone Healing System","robots":{"index":"index","follow":"follow","max-snippet":"max-snippet:-1","max-image-preview":"max-image-preview:large","max-video-preview":"max-video-preview:-1"},"canonical":"https:\/\/www.exogen.com\/sv\/does-a-broken-bone-hurt-when-healing\/","og_locale":"en_US","og_type":"article","og_title":"Orsakar brutna ben sm\u00e4rta n\u00e4r de l\u00e4ker? | EXOGEN Ultrasound Bone Healing System","og_description":"[vc_row row_height_percent=&#8221;0&#8243; overlay_alpha=&#8221;50&#8243; gutter_size=&#8221;3&#8243; column_width_percent=&#8221;100&#8243; shift_y=&#8221;0&#8243; z_index=&#8221;0&#8243; uncode_shortcode_id=&#8221;141354&#8243; row_height_pixel=&#8221;145&#8243; back_color_type=&#8221;uncode-gradient&#8221; back_color_gradient=&#8221;{&#8220;css&#8220;:&#8220;background: linear-gradient(to bottom , rgb(211, 211, 211) , rgb(243, 240, [&hellip;]","og_url":"https:\/\/www.exogen.com\/sv\/does-a-broken-bone-hurt-when-healing\/","og_site_name":"EXOGEN Ultrasound Bone Healing System","article_publisher":"https:\/\/www.facebook.com\/exogenbonehealing\/","article_modified_time":"2025-08-07T10:00:47+00:00","twitter_card":"summary_large_image","twitter_misc":{"Est. reading time":"5 minutes"},"schema":{"@context":"https:\/\/schema.org","@graph":[{"@type":"WebPage","@id":"https:\/\/www.exogen.com\/sv\/does-a-broken-bone-hurt-when-healing\/","url":"https:\/\/www.exogen.com\/sv\/does-a-broken-bone-hurt-when-healing\/","name":"Orsakar brutna ben sm\u00e4rta n\u00e4r de l\u00e4ker? | EXOGEN Ultrasound Bone Healing System","isPartOf":{"@id":"https:\/\/www.exogen.com\/sv\/#website"},"datePublished":"2021-10-08T12:45:26+00:00","dateModified":"2025-08-07T10:00:47+00:00","breadcrumb":{"@id":"https:\/\/www.exogen.com\/sv\/does-a-broken-bone-hurt-when-healing\/#breadcrumb"},"inLanguage":"sv-SV","potentialAction":[{"@type":"ReadAction","target":["https:\/\/www.exogen.com\/sv\/does-a-broken-bone-hurt-when-healing\/"]}]},{"@type":"BreadcrumbList","@id":"https:\/\/www.exogen.com\/sv\/does-a-broken-bone-hurt-when-healing\/#breadcrumb","itemListElement":[{"@type":"ListItem","position":1,"name":"Home","item":"https:\/\/www.exogen.com\/sv\/"},{"@type":"ListItem","position":2,"name":"Orsakar brutna ben sm\u00e4rta n\u00e4r de l\u00e4ker?"}]},{"@type":"WebSite","@id":"https:\/\/www.exogen.com\/sv\/#website","url":"https:\/\/www.exogen.com\/sv\/","name":"EXOGEN Ultrasound Bone Healing System","description":"Ultrasound Bone Healing System","publisher":{"@id":"https:\/\/www.exogen.com\/sv\/#organization"},"potentialAction":[{"@type":"SearchAction","target":{"@type":"EntryPoint","urlTemplate":"https:\/\/www.exogen.com\/sv\/?s={search_term_string}"},"query-input":{"@type":"PropertyValueSpecification","valueRequired":true,"valueName":"search_term_string"}}],"inLanguage":"sv-SV"},{"@type":"Organization","@id":"https:\/\/www.exogen.com\/sv\/#organization","name":"EXOGEN","url":"https:\/\/www.exogen.com\/sv\/","logo":{"@type":"ImageObject","inLanguage":"sv-SV","@id":"https:\/\/www.exogen.com\/sv\/#\/schema\/logo\/image\/","url":"https:\/\/www.exogen.com\/wp-content\/uploads\/2021\/10\/purple-logo.png","contentUrl":"https:\/\/www.exogen.com\/wp-content\/uploads\/2021\/10\/purple-logo.png","width":264,"height":100,"caption":"EXOGEN"},"image":{"@id":"https:\/\/www.exogen.com\/sv\/#\/schema\/logo\/image\/"},"sameAs":["https:\/\/www.facebook.com\/exogenbonehealing\/","https:\/\/www.instagram.com\/exogenbonehealing\/","https:\/\/www.youtube.com\/channel\/UCP5jnVTUjZZKlr_b-mxr49w"]}]}},"_links":{"self":[{"href":"https:\/\/www.exogen.com\/sv\/wp-json\/wp\/v2\/pages\/3491","targetHints":{"allow":["GET"]}}],"collection":[{"href":"https:\/\/www.exogen.com\/sv\/wp-json\/wp\/v2\/pages"}],"about":[{"href":"https:\/\/www.exogen.com\/sv\/wp-json\/wp\/v2\/types\/page"}],"author":[{"embeddable":true,"href":"https:\/\/www.exogen.com\/sv\/wp-json\/wp\/v2\/users\/1"}],"replies":[{"embeddable":true,"href":"https:\/\/www.exogen.com\/sv\/wp-json\/wp\/v2\/comments?post=3491"}],"version-history":[{"count":0,"href":"https:\/\/www.exogen.com\/sv\/wp-json\/wp\/v2\/pages\/3491\/revisions"}],"wp:attachment":[{"href":"https:\/\/www.exogen.com\/sv\/wp-json\/wp\/v2\/media?parent=3491"}],"curies":[{"name":"wp","href":"https:\/\/api.w.org\/{rel}","templated":true}]}}